{"id":46434,"date":"2025-09-15T16:59:51","date_gmt":"2025-09-15T13:59:51","guid":{"rendered":"https:\/\/miumjau.ee\/toode\/prospera-plus-ster-1-titaru-un-jera-pastete-395g\/"},"modified":"2026-01-07T21:22:05","modified_gmt":"2026-01-07T19:22:05","slug":"prospera-plus-ster-1-titaru-un-jera-pastete-395g","status":"publish","type":"product","link":"https:\/\/miumjau.ee\/lv\/produkts\/prospera-plus-ster-1-titaru-un-jera-pastete-395g\/","title":{"rendered":"Prospera Plus Ster. 1+ t\u012btaru un j\u0113ra past\u0113te, 395g"},"content":{"rendered":"","protected":false},"excerpt":{"rendered":"<p data-start=\"1056\" data-end=\"1169\">Pilnv\u0113rt\u012bga un sabalans\u0113ta mitr\u0101 bar\u012bba \u2013 past\u0113te ar t\u012btaru un j\u0113ra ga\u013cu steriliz\u0113tiem ka\u0137iem no 1 gada vecuma.<\/p>\n<ul data-start=\"1171\" data-end=\"1565\">\n<li data-start=\"1171\" data-end=\"1225\">\n<p data-start=\"1173\" data-end=\"1225\">Gar\u0161\u012bga past\u0113te ar augstu ga\u013cas un buljona saturu.<\/p>\n<\/li>\n<li data-start=\"1226\" data-end=\"1303\">\n<p data-start=\"1228\" data-end=\"1303\">Bar\u012bbas sast\u0101vs izstr\u0101d\u0101ts, lai atbalst\u012btu j\u016bsu ka\u0137a vesel\u012bbu un izskatu.<\/p>\n<\/li>\n<li data-start=\"1304\" data-end=\"1362\">\n<p data-start=\"1306\" data-end=\"1362\">Satur kvalitat\u012bvas un viegli sagremojamas uzturvielas.<\/p>\n<\/li>\n<li data-start=\"1363\" data-end=\"1448\">\n<p data-start=\"1365\" data-end=\"1448\">Satur taur\u012bnu \u2013 neaizvietojamu aminosk\u0101bi, kas svar\u012bga sirds vesel\u012bbai un redzei.<\/p>\n<\/li>\n<li data-start=\"1449\" data-end=\"1516\">\n<p data-start=\"1451\" data-end=\"1516\">Pal\u012bdz uzlabot ka\u017eoka st\u0101vokli, padarot to sp\u012bd\u012bgu un vesel\u012bgu.<\/p>\n<\/li>\n<li data-start=\"1517\" data-end=\"1565\">\n<p data-start=\"1519\" data-end=\"1565\">Bez sojas, graudaugiem un pievienota cukura.<\/p>\n<\/li>\n<\/ul>\n<p data-start=\"1567\" data-end=\"1663\"><strong data-start=\"1567\" data-end=\"1579\">Sast\u0101vs:<\/strong> t\u012btaru ga\u013ca 42%, buljons 43%, j\u0113ra ga\u013ca 14%, zivju e\u013c\u013ca 0,5%, miner\u0101lvielas 0,5%.<\/p>\n<p data-start=\"1665\" data-end=\"1756\"><strong data-start=\"1665\" data-end=\"1688\">Anal\u012btisk\u0101 sast\u0101va:<\/strong> olbaltums 7,5%, tauki 5%, pelni 2,5%, \u0161\u0137iedras 0,5%, mitrums 78%.<\/p>\n","protected":false},"featured_media":46419,"template":"","meta":[],"product_brand":[],"product_cat":[571],"product_tag":[],"class_list":{"0":"post-46434","1":"product","2":"type-product","3":"status-publish","4":"has-post-thumbnail","6":"product_cat-mitra-bariba","8":"first","9":"instock","10":"taxable","11":"shipping-taxable","12":"purchasable","13":"product-type-simple"},"yoast_head":"<!-- This site is optimized with the Yoast SEO plugin v27.4 - https:\/\/yoast.com\/product\/yoast-seo-wordpress\/ -->\n<title>Prospera Plus Ster. 1+ t\u012btaru un j\u0113ra past\u0113te, 395g - MiuMjau<\/title>\n<meta name=\"robots\" content=\"index, follow, max-snippet:-1, max-image-preview:large, max-video-preview:-1\" \/>\n<link rel=\"canonical\" href=\"https:\/\/miumjau.ee\/lv\/produkts\/prospera-plus-ster-1-titaru-un-jera-pastete-395g\/\" \/>\n<meta property=\"og:locale\" content=\"lv_LV\" \/>\n<meta property=\"og:type\" content=\"article\" \/>\n<meta property=\"og:title\" content=\"Prospera Plus Ster. 1+ t\u012btaru un j\u0113ra past\u0113te, 395g - MiuMjau\" \/>\n<meta property=\"og:description\" content=\"Pilnv\u0113rt\u012bga un sabalans\u0113ta mitr\u0101 bar\u012bba \u2013 past\u0113te ar t\u012btaru un j\u0113ra ga\u013cu steriliz\u0113tiem ka\u0137iem no 1 gada vecuma.     Gar\u0161\u012bga past\u0113te ar augstu ga\u013cas un buljona saturu.    Bar\u012bbas sast\u0101vs izstr\u0101d\u0101ts, lai atbalst\u012btu j\u016bsu ka\u0137a vesel\u012bbu un izskatu.    Satur kvalitat\u012bvas un viegli sagremojamas uzturvielas.    Satur taur\u012bnu \u2013 neaizvietojamu aminosk\u0101bi, kas svar\u012bga sirds vesel\u012bbai un redzei.    Pal\u012bdz uzlabot ka\u017eoka st\u0101vokli, padarot to sp\u012bd\u012bgu un vesel\u012bgu.    Bez sojas, graudaugiem un pievienota cukura.   Sast\u0101vs: t\u012btaru ga\u013ca 42%, buljons 43%, j\u0113ra ga\u013ca 14%, zivju e\u013c\u013ca 0,5%, miner\u0101lvielas 0,5%. Anal\u012btisk\u0101 sast\u0101va: olbaltums 7,5%, tauki 5%, pelni 2,5%, \u0161\u0137iedras 0,5%, mitrums 78%.\" \/>\n<meta property=\"og:url\" content=\"https:\/\/miumjau.ee\/lv\/produkts\/prospera-plus-ster-1-titaru-un-jera-pastete-395g\/\" \/>\n<meta property=\"og:site_name\" content=\"MiuMjau\" \/>\n<meta property=\"article:publisher\" content=\"https:\/\/www.facebook.com\/miumjaupood\/\" \/>\n<meta property=\"article:modified_time\" content=\"2026-01-07T19:22:05+00:00\" \/>\n<meta property=\"og:image\" content=\"https:\/\/miumjau.ee\/wp-content\/uploads\/2025\/09\/prospera-kassi-konserv-395g6.jpg\" \/>\n\t<meta property=\"og:image:width\" content=\"600\" \/>\n\t<meta property=\"og:image:height\" content=\"800\" \/>\n\t<meta property=\"og:image:type\" content=\"image\/jpeg\" \/>\n<meta name=\"twitter:card\" content=\"summary_large_image\" \/>\n<script type=\"application\/ld+json\" class=\"yoast-schema-graph\">{\"@context\":\"https:\\\/\\\/schema.org\",\"@graph\":[{\"@type\":\"WebPage\",\"@id\":\"https:\\\/\\\/miumjau.ee\\\/lv\\\/produkts\\\/prospera-plus-ster-1-titaru-un-jera-pastete-395g\\\/\",\"url\":\"https:\\\/\\\/miumjau.ee\\\/lv\\\/produkts\\\/prospera-plus-ster-1-titaru-un-jera-pastete-395g\\\/\",\"name\":\"Prospera Plus Ster. 1+ t\u012btaru un j\u0113ra past\u0113te, 395g - MiuMjau\",\"isPartOf\":{\"@id\":\"https:\\\/\\\/miumjau.ee\\\/#website\"},\"primaryImageOfPage\":{\"@id\":\"https:\\\/\\\/miumjau.ee\\\/lv\\\/produkts\\\/prospera-plus-ster-1-titaru-un-jera-pastete-395g\\\/#primaryimage\"},\"image\":{\"@id\":\"https:\\\/\\\/miumjau.ee\\\/lv\\\/produkts\\\/prospera-plus-ster-1-titaru-un-jera-pastete-395g\\\/#primaryimage\"},\"thumbnailUrl\":\"https:\\\/\\\/miumjau.ee\\\/wp-content\\\/uploads\\\/2025\\\/09\\\/prospera-kassi-konserv-395g6.jpg\",\"datePublished\":\"2025-09-15T13:59:51+00:00\",\"dateModified\":\"2026-01-07T19:22:05+00:00\",\"breadcrumb\":{\"@id\":\"https:\\\/\\\/miumjau.ee\\\/lv\\\/produkts\\\/prospera-plus-ster-1-titaru-un-jera-pastete-395g\\\/#breadcrumb\"},\"inLanguage\":\"lv-LV\",\"potentialAction\":[{\"@type\":\"ReadAction\",\"target\":[\"https:\\\/\\\/miumjau.ee\\\/lv\\\/produkts\\\/prospera-plus-ster-1-titaru-un-jera-pastete-395g\\\/\"]}]},{\"@type\":\"ImageObject\",\"inLanguage\":\"lv-LV\",\"@id\":\"https:\\\/\\\/miumjau.ee\\\/lv\\\/produkts\\\/prospera-plus-ster-1-titaru-un-jera-pastete-395g\\\/#primaryimage\",\"url\":\"https:\\\/\\\/miumjau.ee\\\/wp-content\\\/uploads\\\/2025\\\/09\\\/prospera-kassi-konserv-395g6.jpg\",\"contentUrl\":\"https:\\\/\\\/miumjau.ee\\\/wp-content\\\/uploads\\\/2025\\\/09\\\/prospera-kassi-konserv-395g6.jpg\",\"width\":600,\"height\":800},{\"@type\":\"BreadcrumbList\",\"@id\":\"https:\\\/\\\/miumjau.ee\\\/lv\\\/produkts\\\/prospera-plus-ster-1-titaru-un-jera-pastete-395g\\\/#breadcrumb\",\"itemListElement\":[{\"@type\":\"ListItem\",\"position\":1,\"name\":\"Home\",\"item\":\"https:\\\/\\\/miumjau.ee\\\/lv\\\/\"},{\"@type\":\"ListItem\",\"position\":2,\"name\":\"Veikals\",\"item\":\"https:\\\/\\\/miumjau.ee\\\/lv\\\/veikals\\\/\"},{\"@type\":\"ListItem\",\"position\":3,\"name\":\"Prospera Plus Ster. 1+ t\u012btaru un j\u0113ra past\u0113te, 395g\"}]},{\"@type\":\"WebSite\",\"@id\":\"https:\\\/\\\/miumjau.ee\\\/#website\",\"url\":\"https:\\\/\\\/miumjau.ee\\\/\",\"name\":\"MiuMjau\",\"description\":\"Kraapimispuud kassidele\",\"publisher\":{\"@id\":\"https:\\\/\\\/miumjau.ee\\\/#organization\"},\"potentialAction\":[{\"@type\":\"SearchAction\",\"target\":{\"@type\":\"EntryPoint\",\"urlTemplate\":\"https:\\\/\\\/miumjau.ee\\\/?s={search_term_string}\"},\"query-input\":{\"@type\":\"PropertyValueSpecification\",\"valueRequired\":true,\"valueName\":\"search_term_string\"}}],\"inLanguage\":\"lv-LV\"},{\"@type\":\"Organization\",\"@id\":\"https:\\\/\\\/miumjau.ee\\\/#organization\",\"name\":\"MiuMjau O\u00dc\",\"url\":\"https:\\\/\\\/miumjau.ee\\\/\",\"logo\":{\"@type\":\"ImageObject\",\"inLanguage\":\"lv-LV\",\"@id\":\"https:\\\/\\\/miumjau.ee\\\/#\\\/schema\\\/logo\\\/image\\\/\",\"url\":\"https:\\\/\\\/miumjau.ee\\\/wp-content\\\/uploads\\\/2022\\\/04\\\/MiuMjau-logo-kollane.png\",\"contentUrl\":\"https:\\\/\\\/miumjau.ee\\\/wp-content\\\/uploads\\\/2022\\\/04\\\/MiuMjau-logo-kollane.png\",\"width\":219,\"height\":100,\"caption\":\"MiuMjau O\u00dc\"},\"image\":{\"@id\":\"https:\\\/\\\/miumjau.ee\\\/#\\\/schema\\\/logo\\\/image\\\/\"},\"sameAs\":[\"https:\\\/\\\/www.facebook.com\\\/miumjaupood\\\/\"]}]}<\/script>\n<!-- \/ Yoast SEO plugin. -->","yoast_head_json":{"title":"Prospera Plus Ster. 1+ t\u012btaru un j\u0113ra past\u0113te, 395g - MiuMjau","robots":{"index":"index","follow":"follow","max-snippet":"max-snippet:-1","max-image-preview":"max-image-preview:large","max-video-preview":"max-video-preview:-1"},"canonical":"https:\/\/miumjau.ee\/lv\/produkts\/prospera-plus-ster-1-titaru-un-jera-pastete-395g\/","og_locale":"lv_LV","og_type":"article","og_title":"Prospera Plus Ster. 1+ t\u012btaru un j\u0113ra past\u0113te, 395g - MiuMjau","og_description":"Pilnv\u0113rt\u012bga un sabalans\u0113ta mitr\u0101 bar\u012bba \u2013 past\u0113te ar t\u012btaru un j\u0113ra ga\u013cu steriliz\u0113tiem ka\u0137iem no 1 gada vecuma.     Gar\u0161\u012bga past\u0113te ar augstu ga\u013cas un buljona saturu.    Bar\u012bbas sast\u0101vs izstr\u0101d\u0101ts, lai atbalst\u012btu j\u016bsu ka\u0137a vesel\u012bbu un izskatu.    Satur kvalitat\u012bvas un viegli sagremojamas uzturvielas.    Satur taur\u012bnu \u2013 neaizvietojamu aminosk\u0101bi, kas svar\u012bga sirds vesel\u012bbai un redzei.    Pal\u012bdz uzlabot ka\u017eoka st\u0101vokli, padarot to sp\u012bd\u012bgu un vesel\u012bgu.    Bez sojas, graudaugiem un pievienota cukura.   Sast\u0101vs: t\u012btaru ga\u013ca 42%, buljons 43%, j\u0113ra ga\u013ca 14%, zivju e\u013c\u013ca 0,5%, miner\u0101lvielas 0,5%. Anal\u012btisk\u0101 sast\u0101va: olbaltums 7,5%, tauki 5%, pelni 2,5%, \u0161\u0137iedras 0,5%, mitrums 78%.","og_url":"https:\/\/miumjau.ee\/lv\/produkts\/prospera-plus-ster-1-titaru-un-jera-pastete-395g\/","og_site_name":"MiuMjau","article_publisher":"https:\/\/www.facebook.com\/miumjaupood\/","article_modified_time":"2026-01-07T19:22:05+00:00","og_image":[{"width":600,"height":800,"url":"https:\/\/miumjau.ee\/wp-content\/uploads\/2025\/09\/prospera-kassi-konserv-395g6.jpg","type":"image\/jpeg"}],"twitter_card":"summary_large_image","schema":{"@context":"https:\/\/schema.org","@graph":[{"@type":"WebPage","@id":"https:\/\/miumjau.ee\/lv\/produkts\/prospera-plus-ster-1-titaru-un-jera-pastete-395g\/","url":"https:\/\/miumjau.ee\/lv\/produkts\/prospera-plus-ster-1-titaru-un-jera-pastete-395g\/","name":"Prospera Plus Ster. 1+ t\u012btaru un j\u0113ra past\u0113te, 395g - MiuMjau","isPartOf":{"@id":"https:\/\/miumjau.ee\/#website"},"primaryImageOfPage":{"@id":"https:\/\/miumjau.ee\/lv\/produkts\/prospera-plus-ster-1-titaru-un-jera-pastete-395g\/#primaryimage"},"image":{"@id":"https:\/\/miumjau.ee\/lv\/produkts\/prospera-plus-ster-1-titaru-un-jera-pastete-395g\/#primaryimage"},"thumbnailUrl":"https:\/\/miumjau.ee\/wp-content\/uploads\/2025\/09\/prospera-kassi-konserv-395g6.jpg","datePublished":"2025-09-15T13:59:51+00:00","dateModified":"2026-01-07T19:22:05+00:00","breadcrumb":{"@id":"https:\/\/miumjau.ee\/lv\/produkts\/prospera-plus-ster-1-titaru-un-jera-pastete-395g\/#breadcrumb"},"inLanguage":"lv-LV","potentialAction":[{"@type":"ReadAction","target":["https:\/\/miumjau.ee\/lv\/produkts\/prospera-plus-ster-1-titaru-un-jera-pastete-395g\/"]}]},{"@type":"ImageObject","inLanguage":"lv-LV","@id":"https:\/\/miumjau.ee\/lv\/produkts\/prospera-plus-ster-1-titaru-un-jera-pastete-395g\/#primaryimage","url":"https:\/\/miumjau.ee\/wp-content\/uploads\/2025\/09\/prospera-kassi-konserv-395g6.jpg","contentUrl":"https:\/\/miumjau.ee\/wp-content\/uploads\/2025\/09\/prospera-kassi-konserv-395g6.jpg","width":600,"height":800},{"@type":"BreadcrumbList","@id":"https:\/\/miumjau.ee\/lv\/produkts\/prospera-plus-ster-1-titaru-un-jera-pastete-395g\/#breadcrumb","itemListElement":[{"@type":"ListItem","position":1,"name":"Home","item":"https:\/\/miumjau.ee\/lv\/"},{"@type":"ListItem","position":2,"name":"Veikals","item":"https:\/\/miumjau.ee\/lv\/veikals\/"},{"@type":"ListItem","position":3,"name":"Prospera Plus Ster. 1+ t\u012btaru un j\u0113ra past\u0113te, 395g"}]},{"@type":"WebSite","@id":"https:\/\/miumjau.ee\/#website","url":"https:\/\/miumjau.ee\/","name":"MiuMjau","description":"Kraapimispuud kassidele","publisher":{"@id":"https:\/\/miumjau.ee\/#organization"},"potentialAction":[{"@type":"SearchAction","target":{"@type":"EntryPoint","urlTemplate":"https:\/\/miumjau.ee\/?s={search_term_string}"},"query-input":{"@type":"PropertyValueSpecification","valueRequired":true,"valueName":"search_term_string"}}],"inLanguage":"lv-LV"},{"@type":"Organization","@id":"https:\/\/miumjau.ee\/#organization","name":"MiuMjau O\u00dc","url":"https:\/\/miumjau.ee\/","logo":{"@type":"ImageObject","inLanguage":"lv-LV","@id":"https:\/\/miumjau.ee\/#\/schema\/logo\/image\/","url":"https:\/\/miumjau.ee\/wp-content\/uploads\/2022\/04\/MiuMjau-logo-kollane.png","contentUrl":"https:\/\/miumjau.ee\/wp-content\/uploads\/2022\/04\/MiuMjau-logo-kollane.png","width":219,"height":100,"caption":"MiuMjau O\u00dc"},"image":{"@id":"https:\/\/miumjau.ee\/#\/schema\/logo\/image\/"},"sameAs":["https:\/\/www.facebook.com\/miumjaupood\/"]}]}},"_links":{"self":[{"href":"https:\/\/miumjau.ee\/lv\/wp-json\/wp\/v2\/product\/46434","targetHints":{"allow":["GET"]}}],"collection":[{"href":"https:\/\/miumjau.ee\/lv\/wp-json\/wp\/v2\/product"}],"about":[{"href":"https:\/\/miumjau.ee\/lv\/wp-json\/wp\/v2\/types\/product"}],"wp:featuredmedia":[{"embeddable":true,"href":"https:\/\/miumjau.ee\/lv\/wp-json\/wp\/v2\/media\/46419"}],"wp:attachment":[{"href":"https:\/\/miumjau.ee\/lv\/wp-json\/wp\/v2\/media?parent=46434"}],"wp:term":[{"taxonomy":"product_brand","embeddable":true,"href":"https:\/\/miumjau.ee\/lv\/wp-json\/wp\/v2\/product_brand?post=46434"},{"taxonomy":"product_cat","embeddable":true,"href":"https:\/\/miumjau.ee\/lv\/wp-json\/wp\/v2\/product_cat?post=46434"},{"taxonomy":"product_tag","embeddable":true,"href":"https:\/\/miumjau.ee\/lv\/wp-json\/wp\/v2\/product_tag?post=46434"}],"curies":[{"name":"wp","href":"https:\/\/api.w.org\/{rel}","templated":true}]}}