{"id":46431,"date":"2025-09-15T16:59:23","date_gmt":"2025-09-15T13:59:23","guid":{"rendered":"https:\/\/miumjau.ee\/toode\/prospera-plus-1-vistas-un-liellopa-pastete-395g\/"},"modified":"2026-01-07T21:22:12","modified_gmt":"2026-01-07T19:22:12","slug":"prospera-plus-1-vistas-un-liellopa-pastete-395g","status":"publish","type":"product","link":"https:\/\/miumjau.ee\/lv\/produkts\/prospera-plus-1-vistas-un-liellopa-pastete-395g\/","title":{"rendered":"Prospera Plus 1+ vistas un liellopa past\u0113te, 395g"},"content":{"rendered":"","protected":false},"excerpt":{"rendered":"<p data-start=\"973\" data-end=\"1077\">Pilnv\u0113rt\u012bga un sabalans\u0113ta mitr\u0101 bar\u012bba ar vistu un liellopa ga\u013cu pieaugu\u0161iem ka\u0137iem no 1 gada vecuma.<\/p>\n<ul data-start=\"1079\" data-end=\"1439\">\n<li data-start=\"1079\" data-end=\"1184\">\n<p data-start=\"1081\" data-end=\"1184\">Gar\u0161\u012bga past\u0113te ar augstu ga\u013cas un buljona saturu, nodro\u0161ina j\u016bsu ka\u0137im nepiecie\u0161amo vesel\u012bgu uzturu.<\/p>\n<\/li>\n<li data-start=\"1185\" data-end=\"1270\">\n<p data-start=\"1187\" data-end=\"1270\">Satur taur\u012bnu \u2013 neaizvietojamu aminosk\u0101bi, kas svar\u012bga sirds vesel\u012bbai un redzei.<\/p>\n<\/li>\n<li data-start=\"1271\" data-end=\"1354\">\n<p data-start=\"1273\" data-end=\"1354\">Kvalitat\u012bvas un viegli sagremojamas uzturvielas pal\u012bdz uztur\u0113t ka\u017eoka st\u0101vokli.<\/p>\n<\/li>\n<li data-start=\"1355\" data-end=\"1390\">\n<p data-start=\"1357\" data-end=\"1390\">Stiprina imunit\u0101ti un musku\u013cus.<\/p>\n<\/li>\n<li data-start=\"1391\" data-end=\"1439\">\n<p data-start=\"1393\" data-end=\"1439\">Bez sojas, graudaugiem un pievienota cukura.<\/p>\n<\/li>\n<\/ul>\n<p data-start=\"1441\" data-end=\"1535\"><strong data-start=\"1441\" data-end=\"1453\">Sast\u0101vs:<\/strong> vista 46%, buljons 38,5%, liellopa ga\u013ca 14%, zivju e\u013c\u013ca 1%, miner\u0101lvielas 0,5%.<\/p>\n<p data-start=\"1537\" data-end=\"1626\"><strong data-start=\"1537\" data-end=\"1560\">Anal\u012btisk\u0101 sast\u0101va:<\/strong> olbaltums 9%, tauki 6%, pelni 0,5%, \u0161\u0137iedras 2,5%, mitrums 80%.<\/p>\n","protected":false},"featured_media":46421,"template":"","meta":[],"product_brand":[],"product_cat":[571],"product_tag":[],"class_list":{"0":"post-46431","1":"product","2":"type-product","3":"status-publish","4":"has-post-thumbnail","6":"product_cat-mitra-bariba","8":"first","9":"instock","10":"taxable","11":"shipping-taxable","12":"purchasable","13":"product-type-simple"},"yoast_head":"<!-- This site is optimized with the Yoast SEO plugin v27.4 - https:\/\/yoast.com\/product\/yoast-seo-wordpress\/ -->\n<title>Prospera Plus 1+ vistas un liellopa past\u0113te, 395g - MiuMjau<\/title>\n<meta name=\"robots\" content=\"index, follow, max-snippet:-1, max-image-preview:large, max-video-preview:-1\" \/>\n<link rel=\"canonical\" href=\"https:\/\/miumjau.ee\/lv\/produkts\/prospera-plus-1-vistas-un-liellopa-pastete-395g\/\" \/>\n<meta property=\"og:locale\" content=\"lv_LV\" \/>\n<meta property=\"og:type\" content=\"article\" \/>\n<meta property=\"og:title\" content=\"Prospera Plus 1+ vistas un liellopa past\u0113te, 395g - MiuMjau\" \/>\n<meta property=\"og:description\" content=\"Pilnv\u0113rt\u012bga un sabalans\u0113ta mitr\u0101 bar\u012bba ar vistu un liellopa ga\u013cu pieaugu\u0161iem ka\u0137iem no 1 gada vecuma.     Gar\u0161\u012bga past\u0113te ar augstu ga\u013cas un buljona saturu, nodro\u0161ina j\u016bsu ka\u0137im nepiecie\u0161amo vesel\u012bgu uzturu.    Satur taur\u012bnu \u2013 neaizvietojamu aminosk\u0101bi, kas svar\u012bga sirds vesel\u012bbai un redzei.    Kvalitat\u012bvas un viegli sagremojamas uzturvielas pal\u012bdz uztur\u0113t ka\u017eoka st\u0101vokli.    Stiprina imunit\u0101ti un musku\u013cus.    Bez sojas, graudaugiem un pievienota cukura.   Sast\u0101vs: vista 46%, buljons 38,5%, liellopa ga\u013ca 14%, zivju e\u013c\u013ca 1%, miner\u0101lvielas 0,5%. Anal\u012btisk\u0101 sast\u0101va: olbaltums 9%, tauki 6%, pelni 0,5%, \u0161\u0137iedras 2,5%, mitrums 80%.\" \/>\n<meta property=\"og:url\" content=\"https:\/\/miumjau.ee\/lv\/produkts\/prospera-plus-1-vistas-un-liellopa-pastete-395g\/\" \/>\n<meta property=\"og:site_name\" content=\"MiuMjau\" \/>\n<meta property=\"article:publisher\" content=\"https:\/\/www.facebook.com\/miumjaupood\/\" \/>\n<meta property=\"article:modified_time\" content=\"2026-01-07T19:22:12+00:00\" \/>\n<meta property=\"og:image\" content=\"https:\/\/miumjau.ee\/wp-content\/uploads\/2025\/09\/prospera-kassi-konserv-395g8.jpg\" \/>\n\t<meta property=\"og:image:width\" content=\"600\" \/>\n\t<meta property=\"og:image:height\" content=\"800\" \/>\n\t<meta property=\"og:image:type\" content=\"image\/jpeg\" \/>\n<meta name=\"twitter:card\" content=\"summary_large_image\" \/>\n<script type=\"application\/ld+json\" class=\"yoast-schema-graph\">{\"@context\":\"https:\\\/\\\/schema.org\",\"@graph\":[{\"@type\":\"WebPage\",\"@id\":\"https:\\\/\\\/miumjau.ee\\\/lv\\\/produkts\\\/prospera-plus-1-vistas-un-liellopa-pastete-395g\\\/\",\"url\":\"https:\\\/\\\/miumjau.ee\\\/lv\\\/produkts\\\/prospera-plus-1-vistas-un-liellopa-pastete-395g\\\/\",\"name\":\"Prospera Plus 1+ vistas un liellopa past\u0113te, 395g - MiuMjau\",\"isPartOf\":{\"@id\":\"https:\\\/\\\/miumjau.ee\\\/#website\"},\"primaryImageOfPage\":{\"@id\":\"https:\\\/\\\/miumjau.ee\\\/lv\\\/produkts\\\/prospera-plus-1-vistas-un-liellopa-pastete-395g\\\/#primaryimage\"},\"image\":{\"@id\":\"https:\\\/\\\/miumjau.ee\\\/lv\\\/produkts\\\/prospera-plus-1-vistas-un-liellopa-pastete-395g\\\/#primaryimage\"},\"thumbnailUrl\":\"https:\\\/\\\/miumjau.ee\\\/wp-content\\\/uploads\\\/2025\\\/09\\\/prospera-kassi-konserv-395g8.jpg\",\"datePublished\":\"2025-09-15T13:59:23+00:00\",\"dateModified\":\"2026-01-07T19:22:12+00:00\",\"breadcrumb\":{\"@id\":\"https:\\\/\\\/miumjau.ee\\\/lv\\\/produkts\\\/prospera-plus-1-vistas-un-liellopa-pastete-395g\\\/#breadcrumb\"},\"inLanguage\":\"lv-LV\",\"potentialAction\":[{\"@type\":\"ReadAction\",\"target\":[\"https:\\\/\\\/miumjau.ee\\\/lv\\\/produkts\\\/prospera-plus-1-vistas-un-liellopa-pastete-395g\\\/\"]}]},{\"@type\":\"ImageObject\",\"inLanguage\":\"lv-LV\",\"@id\":\"https:\\\/\\\/miumjau.ee\\\/lv\\\/produkts\\\/prospera-plus-1-vistas-un-liellopa-pastete-395g\\\/#primaryimage\",\"url\":\"https:\\\/\\\/miumjau.ee\\\/wp-content\\\/uploads\\\/2025\\\/09\\\/prospera-kassi-konserv-395g8.jpg\",\"contentUrl\":\"https:\\\/\\\/miumjau.ee\\\/wp-content\\\/uploads\\\/2025\\\/09\\\/prospera-kassi-konserv-395g8.jpg\",\"width\":600,\"height\":800},{\"@type\":\"BreadcrumbList\",\"@id\":\"https:\\\/\\\/miumjau.ee\\\/lv\\\/produkts\\\/prospera-plus-1-vistas-un-liellopa-pastete-395g\\\/#breadcrumb\",\"itemListElement\":[{\"@type\":\"ListItem\",\"position\":1,\"name\":\"Home\",\"item\":\"https:\\\/\\\/miumjau.ee\\\/lv\\\/\"},{\"@type\":\"ListItem\",\"position\":2,\"name\":\"Veikals\",\"item\":\"https:\\\/\\\/miumjau.ee\\\/lv\\\/veikals\\\/\"},{\"@type\":\"ListItem\",\"position\":3,\"name\":\"Prospera Plus 1+ vistas un liellopa past\u0113te, 395g\"}]},{\"@type\":\"WebSite\",\"@id\":\"https:\\\/\\\/miumjau.ee\\\/#website\",\"url\":\"https:\\\/\\\/miumjau.ee\\\/\",\"name\":\"MiuMjau\",\"description\":\"Kraapimispuud kassidele\",\"publisher\":{\"@id\":\"https:\\\/\\\/miumjau.ee\\\/#organization\"},\"potentialAction\":[{\"@type\":\"SearchAction\",\"target\":{\"@type\":\"EntryPoint\",\"urlTemplate\":\"https:\\\/\\\/miumjau.ee\\\/?s={search_term_string}\"},\"query-input\":{\"@type\":\"PropertyValueSpecification\",\"valueRequired\":true,\"valueName\":\"search_term_string\"}}],\"inLanguage\":\"lv-LV\"},{\"@type\":\"Organization\",\"@id\":\"https:\\\/\\\/miumjau.ee\\\/#organization\",\"name\":\"MiuMjau O\u00dc\",\"url\":\"https:\\\/\\\/miumjau.ee\\\/\",\"logo\":{\"@type\":\"ImageObject\",\"inLanguage\":\"lv-LV\",\"@id\":\"https:\\\/\\\/miumjau.ee\\\/#\\\/schema\\\/logo\\\/image\\\/\",\"url\":\"https:\\\/\\\/miumjau.ee\\\/wp-content\\\/uploads\\\/2022\\\/04\\\/MiuMjau-logo-kollane.png\",\"contentUrl\":\"https:\\\/\\\/miumjau.ee\\\/wp-content\\\/uploads\\\/2022\\\/04\\\/MiuMjau-logo-kollane.png\",\"width\":219,\"height\":100,\"caption\":\"MiuMjau O\u00dc\"},\"image\":{\"@id\":\"https:\\\/\\\/miumjau.ee\\\/#\\\/schema\\\/logo\\\/image\\\/\"},\"sameAs\":[\"https:\\\/\\\/www.facebook.com\\\/miumjaupood\\\/\"]}]}<\/script>\n<!-- \/ Yoast SEO plugin. -->","yoast_head_json":{"title":"Prospera Plus 1+ vistas un liellopa past\u0113te, 395g - MiuMjau","robots":{"index":"index","follow":"follow","max-snippet":"max-snippet:-1","max-image-preview":"max-image-preview:large","max-video-preview":"max-video-preview:-1"},"canonical":"https:\/\/miumjau.ee\/lv\/produkts\/prospera-plus-1-vistas-un-liellopa-pastete-395g\/","og_locale":"lv_LV","og_type":"article","og_title":"Prospera Plus 1+ vistas un liellopa past\u0113te, 395g - MiuMjau","og_description":"Pilnv\u0113rt\u012bga un sabalans\u0113ta mitr\u0101 bar\u012bba ar vistu un liellopa ga\u013cu pieaugu\u0161iem ka\u0137iem no 1 gada vecuma.     Gar\u0161\u012bga past\u0113te ar augstu ga\u013cas un buljona saturu, nodro\u0161ina j\u016bsu ka\u0137im nepiecie\u0161amo vesel\u012bgu uzturu.    Satur taur\u012bnu \u2013 neaizvietojamu aminosk\u0101bi, kas svar\u012bga sirds vesel\u012bbai un redzei.    Kvalitat\u012bvas un viegli sagremojamas uzturvielas pal\u012bdz uztur\u0113t ka\u017eoka st\u0101vokli.    Stiprina imunit\u0101ti un musku\u013cus.    Bez sojas, graudaugiem un pievienota cukura.   Sast\u0101vs: vista 46%, buljons 38,5%, liellopa ga\u013ca 14%, zivju e\u013c\u013ca 1%, miner\u0101lvielas 0,5%. Anal\u012btisk\u0101 sast\u0101va: olbaltums 9%, tauki 6%, pelni 0,5%, \u0161\u0137iedras 2,5%, mitrums 80%.","og_url":"https:\/\/miumjau.ee\/lv\/produkts\/prospera-plus-1-vistas-un-liellopa-pastete-395g\/","og_site_name":"MiuMjau","article_publisher":"https:\/\/www.facebook.com\/miumjaupood\/","article_modified_time":"2026-01-07T19:22:12+00:00","og_image":[{"width":600,"height":800,"url":"https:\/\/miumjau.ee\/wp-content\/uploads\/2025\/09\/prospera-kassi-konserv-395g8.jpg","type":"image\/jpeg"}],"twitter_card":"summary_large_image","schema":{"@context":"https:\/\/schema.org","@graph":[{"@type":"WebPage","@id":"https:\/\/miumjau.ee\/lv\/produkts\/prospera-plus-1-vistas-un-liellopa-pastete-395g\/","url":"https:\/\/miumjau.ee\/lv\/produkts\/prospera-plus-1-vistas-un-liellopa-pastete-395g\/","name":"Prospera Plus 1+ vistas un liellopa past\u0113te, 395g - MiuMjau","isPartOf":{"@id":"https:\/\/miumjau.ee\/#website"},"primaryImageOfPage":{"@id":"https:\/\/miumjau.ee\/lv\/produkts\/prospera-plus-1-vistas-un-liellopa-pastete-395g\/#primaryimage"},"image":{"@id":"https:\/\/miumjau.ee\/lv\/produkts\/prospera-plus-1-vistas-un-liellopa-pastete-395g\/#primaryimage"},"thumbnailUrl":"https:\/\/miumjau.ee\/wp-content\/uploads\/2025\/09\/prospera-kassi-konserv-395g8.jpg","datePublished":"2025-09-15T13:59:23+00:00","dateModified":"2026-01-07T19:22:12+00:00","breadcrumb":{"@id":"https:\/\/miumjau.ee\/lv\/produkts\/prospera-plus-1-vistas-un-liellopa-pastete-395g\/#breadcrumb"},"inLanguage":"lv-LV","potentialAction":[{"@type":"ReadAction","target":["https:\/\/miumjau.ee\/lv\/produkts\/prospera-plus-1-vistas-un-liellopa-pastete-395g\/"]}]},{"@type":"ImageObject","inLanguage":"lv-LV","@id":"https:\/\/miumjau.ee\/lv\/produkts\/prospera-plus-1-vistas-un-liellopa-pastete-395g\/#primaryimage","url":"https:\/\/miumjau.ee\/wp-content\/uploads\/2025\/09\/prospera-kassi-konserv-395g8.jpg","contentUrl":"https:\/\/miumjau.ee\/wp-content\/uploads\/2025\/09\/prospera-kassi-konserv-395g8.jpg","width":600,"height":800},{"@type":"BreadcrumbList","@id":"https:\/\/miumjau.ee\/lv\/produkts\/prospera-plus-1-vistas-un-liellopa-pastete-395g\/#breadcrumb","itemListElement":[{"@type":"ListItem","position":1,"name":"Home","item":"https:\/\/miumjau.ee\/lv\/"},{"@type":"ListItem","position":2,"name":"Veikals","item":"https:\/\/miumjau.ee\/lv\/veikals\/"},{"@type":"ListItem","position":3,"name":"Prospera Plus 1+ vistas un liellopa past\u0113te, 395g"}]},{"@type":"WebSite","@id":"https:\/\/miumjau.ee\/#website","url":"https:\/\/miumjau.ee\/","name":"MiuMjau","description":"Kraapimispuud kassidele","publisher":{"@id":"https:\/\/miumjau.ee\/#organization"},"potentialAction":[{"@type":"SearchAction","target":{"@type":"EntryPoint","urlTemplate":"https:\/\/miumjau.ee\/?s={search_term_string}"},"query-input":{"@type":"PropertyValueSpecification","valueRequired":true,"valueName":"search_term_string"}}],"inLanguage":"lv-LV"},{"@type":"Organization","@id":"https:\/\/miumjau.ee\/#organization","name":"MiuMjau O\u00dc","url":"https:\/\/miumjau.ee\/","logo":{"@type":"ImageObject","inLanguage":"lv-LV","@id":"https:\/\/miumjau.ee\/#\/schema\/logo\/image\/","url":"https:\/\/miumjau.ee\/wp-content\/uploads\/2022\/04\/MiuMjau-logo-kollane.png","contentUrl":"https:\/\/miumjau.ee\/wp-content\/uploads\/2022\/04\/MiuMjau-logo-kollane.png","width":219,"height":100,"caption":"MiuMjau O\u00dc"},"image":{"@id":"https:\/\/miumjau.ee\/#\/schema\/logo\/image\/"},"sameAs":["https:\/\/www.facebook.com\/miumjaupood\/"]}]}},"_links":{"self":[{"href":"https:\/\/miumjau.ee\/lv\/wp-json\/wp\/v2\/product\/46431","targetHints":{"allow":["GET"]}}],"collection":[{"href":"https:\/\/miumjau.ee\/lv\/wp-json\/wp\/v2\/product"}],"about":[{"href":"https:\/\/miumjau.ee\/lv\/wp-json\/wp\/v2\/types\/product"}],"wp:featuredmedia":[{"embeddable":true,"href":"https:\/\/miumjau.ee\/lv\/wp-json\/wp\/v2\/media\/46421"}],"wp:attachment":[{"href":"https:\/\/miumjau.ee\/lv\/wp-json\/wp\/v2\/media?parent=46431"}],"wp:term":[{"taxonomy":"product_brand","embeddable":true,"href":"https:\/\/miumjau.ee\/lv\/wp-json\/wp\/v2\/product_brand?post=46431"},{"taxonomy":"product_cat","embeddable":true,"href":"https:\/\/miumjau.ee\/lv\/wp-json\/wp\/v2\/product_cat?post=46431"},{"taxonomy":"product_tag","embeddable":true,"href":"https:\/\/miumjau.ee\/lv\/wp-json\/wp\/v2\/product_tag?post=46431"}],"curies":[{"name":"wp","href":"https:\/\/api.w.org\/{rel}","templated":true}]}}