{"id":46414,"date":"2025-09-16T09:54:45","date_gmt":"2025-09-16T06:54:45","guid":{"rendered":"https:\/\/miumjau.ee\/toode\/prospera-plus-assortii-sterilizetiem-kakiem-12x85g\/"},"modified":"2026-01-07T21:22:12","modified_gmt":"2026-01-07T19:22:12","slug":"prospera-plus-assortii-sterilizetiem-kakiem-12x85g","status":"publish","type":"product","link":"https:\/\/miumjau.ee\/lv\/produkts\/prospera-plus-assortii-sterilizetiem-kakiem-12x85g\/","title":{"rendered":"Prospera Plus assortii steriliz\u0113tiem ka\u0137iem, 12x85g"},"content":{"rendered":"","protected":false},"excerpt":{"rendered":"<p data-start=\"2732\" data-end=\"3022\">Pilnv\u0113rt\u012bga un sabalans\u0113ta konserv\u0113ta bar\u012bba steriliz\u0113tiem ka\u0137iem no 1 gada vecuma. Iepakojum\u0101 ir 3 iepakojumi ar la\u0161u un za\u013cajiem zirn\u012b\u0161iem m\u0113rces sast\u0101v\u0101, 3 iepakojumi ar liellopa ga\u013cu un \u0137irbi, 3 iepakojumi ar vistas kr\u016bti un burk\u0101niem, un 3 iepakojumi ar tunziv\u012bm un za\u013cajiem pupi\u0146\u0101m.<\/p>\n<ul data-start=\"3024\" data-end=\"3446\">\n<li data-start=\"3024\" data-end=\"3078\">\n<p data-start=\"3026\" data-end=\"3078\">Nodro\u0161ina j\u016bsu ka\u0137im nepiecie\u0161amo vesel\u012bgu uzturu.<\/p>\n<\/li>\n<li data-start=\"3079\" data-end=\"3165\">\n<p data-start=\"3081\" data-end=\"3165\">Satur taur\u012bnu \u2013 neaizvietojamu aminosk\u0101bi, svar\u012bgu ka\u0137a sirds un redzes vesel\u012bbai.<\/p>\n<\/li>\n<li data-start=\"3166\" data-end=\"3269\">\n<p data-start=\"3168\" data-end=\"3269\">Kvalitat\u012bvas un viegli sagremojamas uzturvielas pal\u012bdz uztur\u0113t musku\u013cu vesel\u012bbu un ka\u017eoka st\u0101vokli.<\/p>\n<\/li>\n<li data-start=\"3270\" data-end=\"3357\">\n<p data-start=\"3272\" data-end=\"3357\">Gar\u0161\u012bgi ga\u013cas un d\u0101rze\u0146u gabali\u0146i m\u0113rces sast\u0101v\u0101 patiks pat visizv\u0113l\u012bg\u0101kajam ka\u0137im.<\/p>\n<\/li>\n<li data-start=\"3358\" data-end=\"3397\">\n<p data-start=\"3360\" data-end=\"3397\">Atbalsta vesel\u012bgu zarnu mikrofloru.<\/p>\n<\/li>\n<li data-start=\"3398\" data-end=\"3446\">\n<p data-start=\"3400\" data-end=\"3446\">Bez sojas, graudaugiem un pievienota cukura.<\/p>\n<\/li>\n<\/ul>\n<p data-start=\"3448\" data-end=\"3466\"><strong data-start=\"3448\" data-end=\"3464\">Sast\u0101vda\u013cas:<\/strong><\/p>\n<p data-start=\"3468\" data-end=\"3882\"><strong data-start=\"3468\" data-end=\"3493\">Lasis un za\u013cie zir\u0146i:<\/strong> ga\u013ca un dz\u012bvnieku izcelsmes produkti (67,7% filejas*, no t\u0101m 28,7% vistas ga\u013ca, 27% c\u016bkga\u013ca, 9,7% c\u016bkga\u013ca, 6% liellopa ga\u013ca*), zivis un zivju produkti (20,3% la\u0161a filejas*), 1,7% miner\u0101lvielas, augu izcelsmes produkti (0,5% ciete, 0,8% \u0161\u0137iedrvielas, 0,4% sikur\u012bns), e\u013c\u013cas un tauki, d\u0101rze\u0146i (0,45% \u017e\u0101v\u0113ti za\u013cie zirn\u012b\u0161i, kas atbilst 4% zirn\u012b\u0161iem). *Fileja parasti veido 34,5% no produkta.<\/p>\n<p data-start=\"3884\" data-end=\"4256\"><strong data-start=\"3884\" data-end=\"3912\">Liellopa ga\u013ca un \u0137irbis:<\/strong> ga\u013ca un dz\u012bvnieku izcelsmes produkti (88% filejas*, no t\u0101m 40,6% liellopa ga\u013ca, 27% c\u016bkga\u013cas aknas, 14,4% vistas ga\u013ca, 6% liellopa ga\u013ca*), 1,7% miner\u0101lvielas, augu izcelsmes produkti (0,5% ciete, 0,8% \u0161\u0137iedrvielas, 0,4% sikur\u012bns), e\u013c\u013cas un tauki, d\u0101rze\u0146i (0,45% \u017e\u0101v\u0113ts \u0137irbis, kas atbilst 4% \u0137irbim). *Fileja parasti veido 34,5% no produkta.<\/p>\n<p data-start=\"4258\" data-end=\"4609\"><strong data-start=\"4258\" data-end=\"4279\">Vista un burk\u0101ni:<\/strong> ga\u013ca un dz\u012bvnieku izcelsmes produkti (88% filejas*, no t\u0101m 40,6% vistas, 27% c\u016bkga\u013ca, 14,4% c\u016bkga\u013ca, 6% liellopa ga\u013ca*), 1,7% miner\u0101lvielas, augu izcelsmes produkti (0,5% ciete, 0,8% \u0161\u0137iedrvielas, 0,4% sikur\u012bns), e\u013c\u013cas un tauki, d\u0101rze\u0146i (0,45% \u017e\u0101v\u0113ti burk\u0101ni, kas atbilst 4% burk\u0101niem). *Fileja parasti veido 34,5% no produkta.<\/p>\n<p data-start=\"4611\" data-end=\"5039\"><strong data-start=\"4611\" data-end=\"4641\">Tunzivis un za\u013c\u0101s pupi\u0146as:<\/strong> ga\u013ca un dz\u012bvnieku izcelsmes produkti (73,5% filejas*, no t\u0101m 27% c\u016bkga\u013cas aknas, 25% vistas ga\u013ca, 15,5% c\u016bkga\u013ca, 6% liellopa ga\u013ca*), zivis un zivju produkti (14,5% tunzivju filejas*), 1,7% miner\u0101lvielas, augu izcelsmes produkti (0,6% ciete, 0,8% \u0161\u0137iedrvielas, 0,4% sikur\u012bns), e\u013c\u013cas un tauki, d\u0101rze\u0146i (0,45% \u017e\u0101v\u0113tas za\u013c\u0101s pupi\u0146as, kas atbilst 4% pupi\u0146\u0101m). *Fileja parasti veido 34,5% no produkta.<\/p>\n<p data-start=\"5041\" data-end=\"5180\"><strong data-start=\"5041\" data-end=\"5064\">Anal\u012btisk\u0101 sast\u0101va:<\/strong> olbaltums 10%, tauki 3%, pelni 1,9%, \u0161\u0137iedras 1%, omega-3 tauksk\u0101bes 0,15%, omega-6 tauksk\u0101bes 0,8%, mitrums 82%.<\/p>\n","protected":false},"featured_media":46413,"template":"","meta":[],"product_brand":[],"product_cat":[571],"product_tag":[],"class_list":{"0":"post-46414","1":"product","2":"type-product","3":"status-publish","4":"has-post-thumbnail","6":"product_cat-mitra-bariba","8":"first","9":"instock","10":"sale","11":"taxable","12":"shipping-taxable","13":"purchasable","14":"product-type-simple"},"yoast_head":"<!-- This site is optimized with the Yoast SEO plugin v27.4 - https:\/\/yoast.com\/product\/yoast-seo-wordpress\/ -->\n<title>Prospera Plus assortii steriliz\u0113tiem ka\u0137iem, 12x85g - MiuMjau<\/title>\n<meta name=\"robots\" content=\"index, follow, max-snippet:-1, max-image-preview:large, max-video-preview:-1\" \/>\n<link rel=\"canonical\" href=\"https:\/\/miumjau.ee\/lv\/produkts\/prospera-plus-assortii-sterilizetiem-kakiem-12x85g\/\" \/>\n<meta property=\"og:locale\" content=\"lv_LV\" \/>\n<meta property=\"og:type\" content=\"article\" \/>\n<meta property=\"og:title\" content=\"Prospera Plus assortii steriliz\u0113tiem ka\u0137iem, 12x85g - MiuMjau\" \/>\n<meta property=\"og:description\" content=\"Pilnv\u0113rt\u012bga un sabalans\u0113ta konserv\u0113ta bar\u012bba steriliz\u0113tiem ka\u0137iem no 1 gada vecuma. Iepakojum\u0101 ir 3 iepakojumi ar la\u0161u un za\u013cajiem zirn\u012b\u0161iem m\u0113rces sast\u0101v\u0101, 3 iepakojumi ar liellopa ga\u013cu un \u0137irbi, 3 iepakojumi ar vistas kr\u016bti un burk\u0101niem, un 3 iepakojumi ar tunziv\u012bm un za\u013cajiem pupi\u0146\u0101m.     Nodro\u0161ina j\u016bsu ka\u0137im nepiecie\u0161amo vesel\u012bgu uzturu.    Satur taur\u012bnu \u2013 neaizvietojamu aminosk\u0101bi, svar\u012bgu ka\u0137a sirds un redzes vesel\u012bbai.    Kvalitat\u012bvas un viegli sagremojamas uzturvielas pal\u012bdz uztur\u0113t musku\u013cu vesel\u012bbu un ka\u017eoka st\u0101vokli.    Gar\u0161\u012bgi ga\u013cas un d\u0101rze\u0146u gabali\u0146i m\u0113rces sast\u0101v\u0101 patiks pat visizv\u0113l\u012bg\u0101kajam ka\u0137im.    Atbalsta vesel\u012bgu zarnu mikrofloru.    Bez sojas, graudaugiem un pievienota cukura.   Sast\u0101vda\u013cas: Lasis un za\u013cie zir\u0146i: ga\u013ca un dz\u012bvnieku izcelsmes produkti (67,7% filejas*, no t\u0101m 28,7% vistas ga\u013ca, 27% c\u016bkga\u013ca, 9,7% c\u016bkga\u013ca, 6% liellopa ga\u013ca*), zivis un zivju produkti (20,3% la\u0161a filejas*), 1,7% miner\u0101lvielas, augu izcelsmes produkti (0,5% ciete, 0,8% \u0161\u0137iedrvielas, 0,4% sikur\u012bns), e\u013c\u013cas un tauki, d\u0101rze\u0146i (0,45% \u017e\u0101v\u0113ti za\u013cie zirn\u012b\u0161i, kas atbilst 4% zirn\u012b\u0161iem). *Fileja parasti veido 34,5% no produkta. Liellopa ga\u013ca un \u0137irbis: ga\u013ca un dz\u012bvnieku izcelsmes produkti (88% filejas*, no t\u0101m 40,6% liellopa ga\u013ca, 27% c\u016bkga\u013cas aknas, 14,4% vistas ga\u013ca, 6% liellopa ga\u013ca*), 1,7% miner\u0101lvielas, augu izcelsmes produkti (0,5% ciete, 0,8% \u0161\u0137iedrvielas, 0,4% sikur\u012bns), e\u013c\u013cas un tauki, d\u0101rze\u0146i (0,45% \u017e\u0101v\u0113ts \u0137irbis, kas atbilst 4% \u0137irbim). *Fileja parasti veido 34,5% no produkta. Vista un burk\u0101ni: ga\u013ca un dz\u012bvnieku izcelsmes produkti (88% filejas*, no t\u0101m 40,6% vistas, 27% c\u016bkga\u013ca, 14,4% c\u016bkga\u013ca, 6% liellopa ga\u013ca*), 1,7% miner\u0101lvielas, augu izcelsmes produkti (0,5% ciete, 0,8% \u0161\u0137iedrvielas, 0,4% sikur\u012bns), e\u013c\u013cas un tauki, d\u0101rze\u0146i (0,45% \u017e\u0101v\u0113ti burk\u0101ni, kas atbilst 4% burk\u0101niem). *Fileja parasti veido 34,5% no produkta. Tunzivis un za\u013c\u0101s pupi\u0146as: ga\u013ca un dz\u012bvnieku izcelsmes produkti (73,5% filejas*, no t\u0101m 27% c\u016bkga\u013cas aknas, 25% vistas ga\u013ca, 15,5% c\u016bkga\u013ca, 6% liellopa ga\u013ca*), zivis un zivju produkti (14,5% tunzivju filejas*), 1,7% miner\u0101lvielas, augu izcelsmes produkti (0,6% ciete, 0,8% \u0161\u0137iedrvielas, 0,4% sikur\u012bns), e\u013c\u013cas un tauki, d\u0101rze\u0146i (0,45% \u017e\u0101v\u0113tas za\u013c\u0101s pupi\u0146as, kas atbilst 4% pupi\u0146\u0101m). *Fileja parasti veido 34,5% no produkta. Anal\u012btisk\u0101 sast\u0101va: olbaltums 10%, tauki 3%, pelni 1,9%, \u0161\u0137iedras 1%, omega-3 tauksk\u0101bes 0,15%, omega-6 tauksk\u0101bes 0,8%, mitrums 82%.\" \/>\n<meta property=\"og:url\" content=\"https:\/\/miumjau.ee\/lv\/produkts\/prospera-plus-assortii-sterilizetiem-kakiem-12x85g\/\" \/>\n<meta property=\"og:site_name\" content=\"MiuMjau\" \/>\n<meta property=\"article:publisher\" content=\"https:\/\/www.facebook.com\/miumjaupood\/\" \/>\n<meta property=\"article:modified_time\" content=\"2026-01-07T19:22:12+00:00\" \/>\n<meta property=\"og:image\" content=\"https:\/\/miumjau.ee\/wp-content\/uploads\/2025\/09\/prospera-plus-assortii-steriliseeritud.jpg\" \/>\n\t<meta property=\"og:image:width\" content=\"1200\" \/>\n\t<meta property=\"og:image:height\" content=\"1600\" \/>\n\t<meta property=\"og:image:type\" content=\"image\/jpeg\" \/>\n<meta name=\"twitter:card\" content=\"summary_large_image\" \/>\n<script type=\"application\/ld+json\" class=\"yoast-schema-graph\">{\"@context\":\"https:\\\/\\\/schema.org\",\"@graph\":[{\"@type\":\"WebPage\",\"@id\":\"https:\\\/\\\/miumjau.ee\\\/lv\\\/produkts\\\/prospera-plus-assortii-sterilizetiem-kakiem-12x85g\\\/\",\"url\":\"https:\\\/\\\/miumjau.ee\\\/lv\\\/produkts\\\/prospera-plus-assortii-sterilizetiem-kakiem-12x85g\\\/\",\"name\":\"Prospera Plus assortii steriliz\u0113tiem ka\u0137iem, 12x85g - MiuMjau\",\"isPartOf\":{\"@id\":\"https:\\\/\\\/miumjau.ee\\\/#website\"},\"primaryImageOfPage\":{\"@id\":\"https:\\\/\\\/miumjau.ee\\\/lv\\\/produkts\\\/prospera-plus-assortii-sterilizetiem-kakiem-12x85g\\\/#primaryimage\"},\"image\":{\"@id\":\"https:\\\/\\\/miumjau.ee\\\/lv\\\/produkts\\\/prospera-plus-assortii-sterilizetiem-kakiem-12x85g\\\/#primaryimage\"},\"thumbnailUrl\":\"https:\\\/\\\/miumjau.ee\\\/wp-content\\\/uploads\\\/2025\\\/09\\\/prospera-plus-assortii-steriliseeritud.jpg\",\"datePublished\":\"2025-09-16T06:54:45+00:00\",\"dateModified\":\"2026-01-07T19:22:12+00:00\",\"breadcrumb\":{\"@id\":\"https:\\\/\\\/miumjau.ee\\\/lv\\\/produkts\\\/prospera-plus-assortii-sterilizetiem-kakiem-12x85g\\\/#breadcrumb\"},\"inLanguage\":\"lv-LV\",\"potentialAction\":[{\"@type\":\"ReadAction\",\"target\":[\"https:\\\/\\\/miumjau.ee\\\/lv\\\/produkts\\\/prospera-plus-assortii-sterilizetiem-kakiem-12x85g\\\/\"]}]},{\"@type\":\"ImageObject\",\"inLanguage\":\"lv-LV\",\"@id\":\"https:\\\/\\\/miumjau.ee\\\/lv\\\/produkts\\\/prospera-plus-assortii-sterilizetiem-kakiem-12x85g\\\/#primaryimage\",\"url\":\"https:\\\/\\\/miumjau.ee\\\/wp-content\\\/uploads\\\/2025\\\/09\\\/prospera-plus-assortii-steriliseeritud.jpg\",\"contentUrl\":\"https:\\\/\\\/miumjau.ee\\\/wp-content\\\/uploads\\\/2025\\\/09\\\/prospera-plus-assortii-steriliseeritud.jpg\",\"width\":1200,\"height\":1600},{\"@type\":\"BreadcrumbList\",\"@id\":\"https:\\\/\\\/miumjau.ee\\\/lv\\\/produkts\\\/prospera-plus-assortii-sterilizetiem-kakiem-12x85g\\\/#breadcrumb\",\"itemListElement\":[{\"@type\":\"ListItem\",\"position\":1,\"name\":\"Home\",\"item\":\"https:\\\/\\\/miumjau.ee\\\/lv\\\/\"},{\"@type\":\"ListItem\",\"position\":2,\"name\":\"Veikals\",\"item\":\"https:\\\/\\\/miumjau.ee\\\/lv\\\/veikals\\\/\"},{\"@type\":\"ListItem\",\"position\":3,\"name\":\"Prospera Plus assortii steriliz\u0113tiem ka\u0137iem, 12x85g\"}]},{\"@type\":\"WebSite\",\"@id\":\"https:\\\/\\\/miumjau.ee\\\/#website\",\"url\":\"https:\\\/\\\/miumjau.ee\\\/\",\"name\":\"MiuMjau\",\"description\":\"Kraapimispuud kassidele\",\"publisher\":{\"@id\":\"https:\\\/\\\/miumjau.ee\\\/#organization\"},\"potentialAction\":[{\"@type\":\"SearchAction\",\"target\":{\"@type\":\"EntryPoint\",\"urlTemplate\":\"https:\\\/\\\/miumjau.ee\\\/?s={search_term_string}\"},\"query-input\":{\"@type\":\"PropertyValueSpecification\",\"valueRequired\":true,\"valueName\":\"search_term_string\"}}],\"inLanguage\":\"lv-LV\"},{\"@type\":\"Organization\",\"@id\":\"https:\\\/\\\/miumjau.ee\\\/#organization\",\"name\":\"MiuMjau O\u00dc\",\"url\":\"https:\\\/\\\/miumjau.ee\\\/\",\"logo\":{\"@type\":\"ImageObject\",\"inLanguage\":\"lv-LV\",\"@id\":\"https:\\\/\\\/miumjau.ee\\\/#\\\/schema\\\/logo\\\/image\\\/\",\"url\":\"https:\\\/\\\/miumjau.ee\\\/wp-content\\\/uploads\\\/2022\\\/04\\\/MiuMjau-logo-kollane.png\",\"contentUrl\":\"https:\\\/\\\/miumjau.ee\\\/wp-content\\\/uploads\\\/2022\\\/04\\\/MiuMjau-logo-kollane.png\",\"width\":219,\"height\":100,\"caption\":\"MiuMjau O\u00dc\"},\"image\":{\"@id\":\"https:\\\/\\\/miumjau.ee\\\/#\\\/schema\\\/logo\\\/image\\\/\"},\"sameAs\":[\"https:\\\/\\\/www.facebook.com\\\/miumjaupood\\\/\"]}]}<\/script>\n<!-- \/ Yoast SEO plugin. -->","yoast_head_json":{"title":"Prospera Plus assortii steriliz\u0113tiem ka\u0137iem, 12x85g - MiuMjau","robots":{"index":"index","follow":"follow","max-snippet":"max-snippet:-1","max-image-preview":"max-image-preview:large","max-video-preview":"max-video-preview:-1"},"canonical":"https:\/\/miumjau.ee\/lv\/produkts\/prospera-plus-assortii-sterilizetiem-kakiem-12x85g\/","og_locale":"lv_LV","og_type":"article","og_title":"Prospera Plus assortii steriliz\u0113tiem ka\u0137iem, 12x85g - MiuMjau","og_description":"Pilnv\u0113rt\u012bga un sabalans\u0113ta konserv\u0113ta bar\u012bba steriliz\u0113tiem ka\u0137iem no 1 gada vecuma. Iepakojum\u0101 ir 3 iepakojumi ar la\u0161u un za\u013cajiem zirn\u012b\u0161iem m\u0113rces sast\u0101v\u0101, 3 iepakojumi ar liellopa ga\u013cu un \u0137irbi, 3 iepakojumi ar vistas kr\u016bti un burk\u0101niem, un 3 iepakojumi ar tunziv\u012bm un za\u013cajiem pupi\u0146\u0101m.     Nodro\u0161ina j\u016bsu ka\u0137im nepiecie\u0161amo vesel\u012bgu uzturu.    Satur taur\u012bnu \u2013 neaizvietojamu aminosk\u0101bi, svar\u012bgu ka\u0137a sirds un redzes vesel\u012bbai.    Kvalitat\u012bvas un viegli sagremojamas uzturvielas pal\u012bdz uztur\u0113t musku\u013cu vesel\u012bbu un ka\u017eoka st\u0101vokli.    Gar\u0161\u012bgi ga\u013cas un d\u0101rze\u0146u gabali\u0146i m\u0113rces sast\u0101v\u0101 patiks pat visizv\u0113l\u012bg\u0101kajam ka\u0137im.    Atbalsta vesel\u012bgu zarnu mikrofloru.    Bez sojas, graudaugiem un pievienota cukura.   Sast\u0101vda\u013cas: Lasis un za\u013cie zir\u0146i: ga\u013ca un dz\u012bvnieku izcelsmes produkti (67,7% filejas*, no t\u0101m 28,7% vistas ga\u013ca, 27% c\u016bkga\u013ca, 9,7% c\u016bkga\u013ca, 6% liellopa ga\u013ca*), zivis un zivju produkti (20,3% la\u0161a filejas*), 1,7% miner\u0101lvielas, augu izcelsmes produkti (0,5% ciete, 0,8% \u0161\u0137iedrvielas, 0,4% sikur\u012bns), e\u013c\u013cas un tauki, d\u0101rze\u0146i (0,45% \u017e\u0101v\u0113ti za\u013cie zirn\u012b\u0161i, kas atbilst 4% zirn\u012b\u0161iem). *Fileja parasti veido 34,5% no produkta. Liellopa ga\u013ca un \u0137irbis: ga\u013ca un dz\u012bvnieku izcelsmes produkti (88% filejas*, no t\u0101m 40,6% liellopa ga\u013ca, 27% c\u016bkga\u013cas aknas, 14,4% vistas ga\u013ca, 6% liellopa ga\u013ca*), 1,7% miner\u0101lvielas, augu izcelsmes produkti (0,5% ciete, 0,8% \u0161\u0137iedrvielas, 0,4% sikur\u012bns), e\u013c\u013cas un tauki, d\u0101rze\u0146i (0,45% \u017e\u0101v\u0113ts \u0137irbis, kas atbilst 4% \u0137irbim). *Fileja parasti veido 34,5% no produkta. Vista un burk\u0101ni: ga\u013ca un dz\u012bvnieku izcelsmes produkti (88% filejas*, no t\u0101m 40,6% vistas, 27% c\u016bkga\u013ca, 14,4% c\u016bkga\u013ca, 6% liellopa ga\u013ca*), 1,7% miner\u0101lvielas, augu izcelsmes produkti (0,5% ciete, 0,8% \u0161\u0137iedrvielas, 0,4% sikur\u012bns), e\u013c\u013cas un tauki, d\u0101rze\u0146i (0,45% \u017e\u0101v\u0113ti burk\u0101ni, kas atbilst 4% burk\u0101niem). *Fileja parasti veido 34,5% no produkta. Tunzivis un za\u013c\u0101s pupi\u0146as: ga\u013ca un dz\u012bvnieku izcelsmes produkti (73,5% filejas*, no t\u0101m 27% c\u016bkga\u013cas aknas, 25% vistas ga\u013ca, 15,5% c\u016bkga\u013ca, 6% liellopa ga\u013ca*), zivis un zivju produkti (14,5% tunzivju filejas*), 1,7% miner\u0101lvielas, augu izcelsmes produkti (0,6% ciete, 0,8% \u0161\u0137iedrvielas, 0,4% sikur\u012bns), e\u013c\u013cas un tauki, d\u0101rze\u0146i (0,45% \u017e\u0101v\u0113tas za\u013c\u0101s pupi\u0146as, kas atbilst 4% pupi\u0146\u0101m). *Fileja parasti veido 34,5% no produkta. Anal\u012btisk\u0101 sast\u0101va: olbaltums 10%, tauki 3%, pelni 1,9%, \u0161\u0137iedras 1%, omega-3 tauksk\u0101bes 0,15%, omega-6 tauksk\u0101bes 0,8%, mitrums 82%.","og_url":"https:\/\/miumjau.ee\/lv\/produkts\/prospera-plus-assortii-sterilizetiem-kakiem-12x85g\/","og_site_name":"MiuMjau","article_publisher":"https:\/\/www.facebook.com\/miumjaupood\/","article_modified_time":"2026-01-07T19:22:12+00:00","og_image":[{"width":1200,"height":1600,"url":"https:\/\/miumjau.ee\/wp-content\/uploads\/2025\/09\/prospera-plus-assortii-steriliseeritud.jpg","type":"image\/jpeg"}],"twitter_card":"summary_large_image","schema":{"@context":"https:\/\/schema.org","@graph":[{"@type":"WebPage","@id":"https:\/\/miumjau.ee\/lv\/produkts\/prospera-plus-assortii-sterilizetiem-kakiem-12x85g\/","url":"https:\/\/miumjau.ee\/lv\/produkts\/prospera-plus-assortii-sterilizetiem-kakiem-12x85g\/","name":"Prospera Plus assortii steriliz\u0113tiem ka\u0137iem, 12x85g - MiuMjau","isPartOf":{"@id":"https:\/\/miumjau.ee\/#website"},"primaryImageOfPage":{"@id":"https:\/\/miumjau.ee\/lv\/produkts\/prospera-plus-assortii-sterilizetiem-kakiem-12x85g\/#primaryimage"},"image":{"@id":"https:\/\/miumjau.ee\/lv\/produkts\/prospera-plus-assortii-sterilizetiem-kakiem-12x85g\/#primaryimage"},"thumbnailUrl":"https:\/\/miumjau.ee\/wp-content\/uploads\/2025\/09\/prospera-plus-assortii-steriliseeritud.jpg","datePublished":"2025-09-16T06:54:45+00:00","dateModified":"2026-01-07T19:22:12+00:00","breadcrumb":{"@id":"https:\/\/miumjau.ee\/lv\/produkts\/prospera-plus-assortii-sterilizetiem-kakiem-12x85g\/#breadcrumb"},"inLanguage":"lv-LV","potentialAction":[{"@type":"ReadAction","target":["https:\/\/miumjau.ee\/lv\/produkts\/prospera-plus-assortii-sterilizetiem-kakiem-12x85g\/"]}]},{"@type":"ImageObject","inLanguage":"lv-LV","@id":"https:\/\/miumjau.ee\/lv\/produkts\/prospera-plus-assortii-sterilizetiem-kakiem-12x85g\/#primaryimage","url":"https:\/\/miumjau.ee\/wp-content\/uploads\/2025\/09\/prospera-plus-assortii-steriliseeritud.jpg","contentUrl":"https:\/\/miumjau.ee\/wp-content\/uploads\/2025\/09\/prospera-plus-assortii-steriliseeritud.jpg","width":1200,"height":1600},{"@type":"BreadcrumbList","@id":"https:\/\/miumjau.ee\/lv\/produkts\/prospera-plus-assortii-sterilizetiem-kakiem-12x85g\/#breadcrumb","itemListElement":[{"@type":"ListItem","position":1,"name":"Home","item":"https:\/\/miumjau.ee\/lv\/"},{"@type":"ListItem","position":2,"name":"Veikals","item":"https:\/\/miumjau.ee\/lv\/veikals\/"},{"@type":"ListItem","position":3,"name":"Prospera Plus assortii steriliz\u0113tiem ka\u0137iem, 12x85g"}]},{"@type":"WebSite","@id":"https:\/\/miumjau.ee\/#website","url":"https:\/\/miumjau.ee\/","name":"MiuMjau","description":"Kraapimispuud kassidele","publisher":{"@id":"https:\/\/miumjau.ee\/#organization"},"potentialAction":[{"@type":"SearchAction","target":{"@type":"EntryPoint","urlTemplate":"https:\/\/miumjau.ee\/?s={search_term_string}"},"query-input":{"@type":"PropertyValueSpecification","valueRequired":true,"valueName":"search_term_string"}}],"inLanguage":"lv-LV"},{"@type":"Organization","@id":"https:\/\/miumjau.ee\/#organization","name":"MiuMjau O\u00dc","url":"https:\/\/miumjau.ee\/","logo":{"@type":"ImageObject","inLanguage":"lv-LV","@id":"https:\/\/miumjau.ee\/#\/schema\/logo\/image\/","url":"https:\/\/miumjau.ee\/wp-content\/uploads\/2022\/04\/MiuMjau-logo-kollane.png","contentUrl":"https:\/\/miumjau.ee\/wp-content\/uploads\/2022\/04\/MiuMjau-logo-kollane.png","width":219,"height":100,"caption":"MiuMjau O\u00dc"},"image":{"@id":"https:\/\/miumjau.ee\/#\/schema\/logo\/image\/"},"sameAs":["https:\/\/www.facebook.com\/miumjaupood\/"]}]}},"_links":{"self":[{"href":"https:\/\/miumjau.ee\/lv\/wp-json\/wp\/v2\/product\/46414","targetHints":{"allow":["GET"]}}],"collection":[{"href":"https:\/\/miumjau.ee\/lv\/wp-json\/wp\/v2\/product"}],"about":[{"href":"https:\/\/miumjau.ee\/lv\/wp-json\/wp\/v2\/types\/product"}],"wp:featuredmedia":[{"embeddable":true,"href":"https:\/\/miumjau.ee\/lv\/wp-json\/wp\/v2\/media\/46413"}],"wp:attachment":[{"href":"https:\/\/miumjau.ee\/lv\/wp-json\/wp\/v2\/media?parent=46414"}],"wp:term":[{"taxonomy":"product_brand","embeddable":true,"href":"https:\/\/miumjau.ee\/lv\/wp-json\/wp\/v2\/product_brand?post=46414"},{"taxonomy":"product_cat","embeddable":true,"href":"https:\/\/miumjau.ee\/lv\/wp-json\/wp\/v2\/product_cat?post=46414"},{"taxonomy":"product_tag","embeddable":true,"href":"https:\/\/miumjau.ee\/lv\/wp-json\/wp\/v2\/product_tag?post=46414"}],"curies":[{"name":"wp","href":"https:\/\/api.w.org\/{rel}","templated":true}]}}