{"id":46406,"date":"2025-09-16T09:41:21","date_gmt":"2025-09-16T06:41:21","guid":{"rendered":"https:\/\/miumjau.ee\/toode\/prospera-plus-assortii-kakeniem-12x85g\/"},"modified":"2026-01-23T11:15:18","modified_gmt":"2026-01-23T09:15:18","slug":"prospera-plus-assortii-kakeniem-12x85g","status":"publish","type":"product","link":"https:\/\/miumjau.ee\/lv\/produkts\/prospera-plus-assortii-kakeniem-12x85g\/","title":{"rendered":"Prospera Plus assortii ka\u0137\u0113niem 12x85g"},"content":{"rendered":"","protected":false},"excerpt":{"rendered":"<p data-start=\"1896\" data-end=\"2084\">Pilnv\u0113rt\u012bga un sabalans\u0113ta konserv\u0113ta bar\u012bba ka\u0137\u0113niem vecum\u0101 no 4 ned\u0113\u013c\u0101m l\u012bdz 1 gadam. Iepakojum\u0101 ir 6 iepakojumi ar la\u0161u un burk\u0101nu m\u0113rci un 6 iepakojumi ar p\u012bli un za\u013cajiem zirn\u012b\u0161iem.<\/p>\n<ul data-start=\"2086\" data-end=\"2501\">\n<li data-start=\"2086\" data-end=\"2153\">\n<p data-start=\"2088\" data-end=\"2153\">Vesel\u012bga bar\u012bba, kas atbalsta j\u016bsu ka\u0137\u0113na aug\u0161anu un att\u012bst\u012bbu.<\/p>\n<\/li>\n<li data-start=\"2154\" data-end=\"2247\">\n<p data-start=\"2156\" data-end=\"2247\">Satur taur\u012bnu \u2013 neaizvietojamu aminosk\u0101bi, kas ir svar\u012bga ka\u0137a sirds un redzes vesel\u012bbai.<\/p>\n<\/li>\n<li data-start=\"2248\" data-end=\"2356\">\n<p data-start=\"2250\" data-end=\"2356\">Kvalitat\u012bvi un viegli sagremojami uzturvielas nodro\u0161ina pietiekami ener\u0123iju un atbalsta ka\u017eoka st\u0101vokli.<\/p>\n<\/li>\n<li data-start=\"2357\" data-end=\"2405\">\n<p data-start=\"2359\" data-end=\"2405\">Bez sojas, graudaugiem un pievienota cukura.<\/p>\n<\/li>\n<li data-start=\"2406\" data-end=\"2501\">\n<p data-start=\"2408\" data-end=\"2501\">Gar\u0161\u012bgi ga\u013cas un d\u0101rze\u0146u gabali\u0146i m\u0113rces sast\u0101v\u0101 patiks ar\u012b visizv\u0113l\u012bg\u0101kajam m\u0101jdz\u012bvniekam.<\/p>\n<\/li>\n<\/ul>\n<p data-start=\"2503\" data-end=\"2521\"><strong data-start=\"2503\" data-end=\"2519\">Sast\u0101vda\u013cas:<\/strong><\/p>\n<p data-start=\"2523\" data-end=\"2952\"><strong data-start=\"2523\" data-end=\"2549\">La\u0161a un burk\u0101nu m\u0113rce:<\/strong> ga\u013ca un dz\u012bvnieku izcelsmes produkti (67,7% filejas*, no t\u0101m 27% c\u016bkga\u013cas aknas, 25% vistas ga\u013ca, 9,7% c\u016bkga\u013ca, 6% liellopa ga\u013ca*), zivis un zivju produkti (20,3% la\u0161a filejas*), 1,5% miner\u0101lvielas, augu izcelsmes produkti (0,6% ciete, 0,6% \u0161\u0137iedrvielas, 0,4% sikur\u012bns), e\u013c\u013cas un tauki (0,5% la\u0161a e\u013c\u013ca), d\u0101rze\u0146i (0,45% \u017e\u0101v\u0113ti burk\u0101ni, kas atbilst 4% burk\u0101nu). *Fileja parasti veido 34,5% no produkta.<\/p>\n<p data-start=\"2954\" data-end=\"3369\"><strong data-start=\"2954\" data-end=\"2986\">P\u012bles un za\u013co zirn\u012b\u0161u m\u0113rce:<\/strong> ga\u013ca un dz\u012bvnieku izcelsmes produkti (88% filejas*, no t\u0101m 40,6% p\u012ble, 25% c\u016bkga\u013cas aknas, 10,4% vistas ga\u013ca, 6% c\u016bkga\u013ca, 6% liellopa ga\u013ca*), 1,5% miner\u0101lvielas, augu izcelsmes produkti (0,6% ciete, 0,5% \u0161\u0137iedrvielas, 0,4% sikur\u012bns), e\u013c\u013cas un tauki (0,5% la\u0161a e\u013c\u013ca), d\u0101rze\u0146i (0,45% \u017e\u0101v\u0113ti za\u013cie zirn\u012b\u0161i, kas atbilst 4% za\u013cajiem zirn\u012b\u0161iem). *Fileja parasti veido 34,5% no produkta.<\/p>\n<p data-start=\"3371\" data-end=\"3539\"><strong data-start=\"3371\" data-end=\"3394\">Anal\u012btisk\u0101 sast\u0101va:<\/strong> olbaltums 10%, tauki 5%, pelni 2%, \u0161\u0137iedras 0,3%, kalcijs 0,3%, fosfors 0,25%, omega-3 tauksk\u0101bes 0,15%, omega-6 tauksk\u0101bes 0,8%, mitrums 78%.<\/p>\n","protected":false},"featured_media":46405,"template":"","meta":[],"product_brand":[],"product_cat":[571],"product_tag":[],"class_list":{"0":"post-46406","1":"product","2":"type-product","3":"status-publish","4":"has-post-thumbnail","6":"product_cat-mitra-bariba","8":"first","9":"instock","10":"sale","11":"taxable","12":"shipping-taxable","13":"purchasable","14":"product-type-simple"},"yoast_head":"<!-- This site is optimized with the Yoast SEO plugin v27.4 - https:\/\/yoast.com\/product\/yoast-seo-wordpress\/ -->\n<title>Prospera Plus assortii ka\u0137\u0113niem 12x85g - MiuMjau<\/title>\n<meta name=\"robots\" content=\"index, follow, max-snippet:-1, max-image-preview:large, max-video-preview:-1\" \/>\n<link rel=\"canonical\" href=\"https:\/\/miumjau.ee\/lv\/produkts\/prospera-plus-assortii-kakeniem-12x85g\/\" \/>\n<meta property=\"og:locale\" content=\"lv_LV\" \/>\n<meta property=\"og:type\" content=\"article\" \/>\n<meta property=\"og:title\" content=\"Prospera Plus assortii ka\u0137\u0113niem 12x85g - MiuMjau\" \/>\n<meta property=\"og:description\" content=\"Pilnv\u0113rt\u012bga un sabalans\u0113ta konserv\u0113ta bar\u012bba ka\u0137\u0113niem vecum\u0101 no 4 ned\u0113\u013c\u0101m l\u012bdz 1 gadam. Iepakojum\u0101 ir 6 iepakojumi ar la\u0161u un burk\u0101nu m\u0113rci un 6 iepakojumi ar p\u012bli un za\u013cajiem zirn\u012b\u0161iem.     Vesel\u012bga bar\u012bba, kas atbalsta j\u016bsu ka\u0137\u0113na aug\u0161anu un att\u012bst\u012bbu.    Satur taur\u012bnu \u2013 neaizvietojamu aminosk\u0101bi, kas ir svar\u012bga ka\u0137a sirds un redzes vesel\u012bbai.    Kvalitat\u012bvi un viegli sagremojami uzturvielas nodro\u0161ina pietiekami ener\u0123iju un atbalsta ka\u017eoka st\u0101vokli.    Bez sojas, graudaugiem un pievienota cukura.    Gar\u0161\u012bgi ga\u013cas un d\u0101rze\u0146u gabali\u0146i m\u0113rces sast\u0101v\u0101 patiks ar\u012b visizv\u0113l\u012bg\u0101kajam m\u0101jdz\u012bvniekam.   Sast\u0101vda\u013cas: La\u0161a un burk\u0101nu m\u0113rce: ga\u013ca un dz\u012bvnieku izcelsmes produkti (67,7% filejas*, no t\u0101m 27% c\u016bkga\u013cas aknas, 25% vistas ga\u013ca, 9,7% c\u016bkga\u013ca, 6% liellopa ga\u013ca*), zivis un zivju produkti (20,3% la\u0161a filejas*), 1,5% miner\u0101lvielas, augu izcelsmes produkti (0,6% ciete, 0,6% \u0161\u0137iedrvielas, 0,4% sikur\u012bns), e\u013c\u013cas un tauki (0,5% la\u0161a e\u013c\u013ca), d\u0101rze\u0146i (0,45% \u017e\u0101v\u0113ti burk\u0101ni, kas atbilst 4% burk\u0101nu). *Fileja parasti veido 34,5% no produkta. P\u012bles un za\u013co zirn\u012b\u0161u m\u0113rce: ga\u013ca un dz\u012bvnieku izcelsmes produkti (88% filejas*, no t\u0101m 40,6% p\u012ble, 25% c\u016bkga\u013cas aknas, 10,4% vistas ga\u013ca, 6% c\u016bkga\u013ca, 6% liellopa ga\u013ca*), 1,5% miner\u0101lvielas, augu izcelsmes produkti (0,6% ciete, 0,5% \u0161\u0137iedrvielas, 0,4% sikur\u012bns), e\u013c\u013cas un tauki (0,5% la\u0161a e\u013c\u013ca), d\u0101rze\u0146i (0,45% \u017e\u0101v\u0113ti za\u013cie zirn\u012b\u0161i, kas atbilst 4% za\u013cajiem zirn\u012b\u0161iem). *Fileja parasti veido 34,5% no produkta. Anal\u012btisk\u0101 sast\u0101va: olbaltums 10%, tauki 5%, pelni 2%, \u0161\u0137iedras 0,3%, kalcijs 0,3%, fosfors 0,25%, omega-3 tauksk\u0101bes 0,15%, omega-6 tauksk\u0101bes 0,8%, mitrums 78%.\" \/>\n<meta property=\"og:url\" content=\"https:\/\/miumjau.ee\/lv\/produkts\/prospera-plus-assortii-kakeniem-12x85g\/\" \/>\n<meta property=\"og:site_name\" content=\"MiuMjau\" \/>\n<meta property=\"article:publisher\" content=\"https:\/\/www.facebook.com\/miumjaupood\/\" \/>\n<meta property=\"article:modified_time\" content=\"2026-01-23T09:15:18+00:00\" \/>\n<meta property=\"og:image\" content=\"https:\/\/miumjau.ee\/wp-content\/uploads\/2025\/09\/prospera-kassitoit-assortii1.jpg\" \/>\n\t<meta property=\"og:image:width\" content=\"600\" \/>\n\t<meta property=\"og:image:height\" content=\"800\" \/>\n\t<meta property=\"og:image:type\" content=\"image\/jpeg\" \/>\n<meta name=\"twitter:card\" content=\"summary_large_image\" \/>\n<script type=\"application\/ld+json\" class=\"yoast-schema-graph\">{\"@context\":\"https:\\\/\\\/schema.org\",\"@graph\":[{\"@type\":\"WebPage\",\"@id\":\"https:\\\/\\\/miumjau.ee\\\/lv\\\/produkts\\\/prospera-plus-assortii-kakeniem-12x85g\\\/\",\"url\":\"https:\\\/\\\/miumjau.ee\\\/lv\\\/produkts\\\/prospera-plus-assortii-kakeniem-12x85g\\\/\",\"name\":\"Prospera Plus assortii ka\u0137\u0113niem 12x85g - MiuMjau\",\"isPartOf\":{\"@id\":\"https:\\\/\\\/miumjau.ee\\\/#website\"},\"primaryImageOfPage\":{\"@id\":\"https:\\\/\\\/miumjau.ee\\\/lv\\\/produkts\\\/prospera-plus-assortii-kakeniem-12x85g\\\/#primaryimage\"},\"image\":{\"@id\":\"https:\\\/\\\/miumjau.ee\\\/lv\\\/produkts\\\/prospera-plus-assortii-kakeniem-12x85g\\\/#primaryimage\"},\"thumbnailUrl\":\"https:\\\/\\\/miumjau.ee\\\/wp-content\\\/uploads\\\/2025\\\/09\\\/prospera-kassitoit-assortii1.jpg\",\"datePublished\":\"2025-09-16T06:41:21+00:00\",\"dateModified\":\"2026-01-23T09:15:18+00:00\",\"breadcrumb\":{\"@id\":\"https:\\\/\\\/miumjau.ee\\\/lv\\\/produkts\\\/prospera-plus-assortii-kakeniem-12x85g\\\/#breadcrumb\"},\"inLanguage\":\"lv-LV\",\"potentialAction\":[{\"@type\":\"ReadAction\",\"target\":[\"https:\\\/\\\/miumjau.ee\\\/lv\\\/produkts\\\/prospera-plus-assortii-kakeniem-12x85g\\\/\"]}]},{\"@type\":\"ImageObject\",\"inLanguage\":\"lv-LV\",\"@id\":\"https:\\\/\\\/miumjau.ee\\\/lv\\\/produkts\\\/prospera-plus-assortii-kakeniem-12x85g\\\/#primaryimage\",\"url\":\"https:\\\/\\\/miumjau.ee\\\/wp-content\\\/uploads\\\/2025\\\/09\\\/prospera-kassitoit-assortii1.jpg\",\"contentUrl\":\"https:\\\/\\\/miumjau.ee\\\/wp-content\\\/uploads\\\/2025\\\/09\\\/prospera-kassitoit-assortii1.jpg\",\"width\":600,\"height\":800},{\"@type\":\"BreadcrumbList\",\"@id\":\"https:\\\/\\\/miumjau.ee\\\/lv\\\/produkts\\\/prospera-plus-assortii-kakeniem-12x85g\\\/#breadcrumb\",\"itemListElement\":[{\"@type\":\"ListItem\",\"position\":1,\"name\":\"Home\",\"item\":\"https:\\\/\\\/miumjau.ee\\\/lv\\\/\"},{\"@type\":\"ListItem\",\"position\":2,\"name\":\"Veikals\",\"item\":\"https:\\\/\\\/miumjau.ee\\\/lv\\\/veikals\\\/\"},{\"@type\":\"ListItem\",\"position\":3,\"name\":\"Prospera Plus assortii ka\u0137\u0113niem 12x85g\"}]},{\"@type\":\"WebSite\",\"@id\":\"https:\\\/\\\/miumjau.ee\\\/#website\",\"url\":\"https:\\\/\\\/miumjau.ee\\\/\",\"name\":\"MiuMjau\",\"description\":\"Kraapimispuud kassidele\",\"publisher\":{\"@id\":\"https:\\\/\\\/miumjau.ee\\\/#organization\"},\"potentialAction\":[{\"@type\":\"SearchAction\",\"target\":{\"@type\":\"EntryPoint\",\"urlTemplate\":\"https:\\\/\\\/miumjau.ee\\\/?s={search_term_string}\"},\"query-input\":{\"@type\":\"PropertyValueSpecification\",\"valueRequired\":true,\"valueName\":\"search_term_string\"}}],\"inLanguage\":\"lv-LV\"},{\"@type\":\"Organization\",\"@id\":\"https:\\\/\\\/miumjau.ee\\\/#organization\",\"name\":\"MiuMjau O\u00dc\",\"url\":\"https:\\\/\\\/miumjau.ee\\\/\",\"logo\":{\"@type\":\"ImageObject\",\"inLanguage\":\"lv-LV\",\"@id\":\"https:\\\/\\\/miumjau.ee\\\/#\\\/schema\\\/logo\\\/image\\\/\",\"url\":\"https:\\\/\\\/miumjau.ee\\\/wp-content\\\/uploads\\\/2022\\\/04\\\/MiuMjau-logo-kollane.png\",\"contentUrl\":\"https:\\\/\\\/miumjau.ee\\\/wp-content\\\/uploads\\\/2022\\\/04\\\/MiuMjau-logo-kollane.png\",\"width\":219,\"height\":100,\"caption\":\"MiuMjau O\u00dc\"},\"image\":{\"@id\":\"https:\\\/\\\/miumjau.ee\\\/#\\\/schema\\\/logo\\\/image\\\/\"},\"sameAs\":[\"https:\\\/\\\/www.facebook.com\\\/miumjaupood\\\/\"]}]}<\/script>\n<!-- \/ Yoast SEO plugin. -->","yoast_head_json":{"title":"Prospera Plus assortii ka\u0137\u0113niem 12x85g - MiuMjau","robots":{"index":"index","follow":"follow","max-snippet":"max-snippet:-1","max-image-preview":"max-image-preview:large","max-video-preview":"max-video-preview:-1"},"canonical":"https:\/\/miumjau.ee\/lv\/produkts\/prospera-plus-assortii-kakeniem-12x85g\/","og_locale":"lv_LV","og_type":"article","og_title":"Prospera Plus assortii ka\u0137\u0113niem 12x85g - MiuMjau","og_description":"Pilnv\u0113rt\u012bga un sabalans\u0113ta konserv\u0113ta bar\u012bba ka\u0137\u0113niem vecum\u0101 no 4 ned\u0113\u013c\u0101m l\u012bdz 1 gadam. Iepakojum\u0101 ir 6 iepakojumi ar la\u0161u un burk\u0101nu m\u0113rci un 6 iepakojumi ar p\u012bli un za\u013cajiem zirn\u012b\u0161iem.     Vesel\u012bga bar\u012bba, kas atbalsta j\u016bsu ka\u0137\u0113na aug\u0161anu un att\u012bst\u012bbu.    Satur taur\u012bnu \u2013 neaizvietojamu aminosk\u0101bi, kas ir svar\u012bga ka\u0137a sirds un redzes vesel\u012bbai.    Kvalitat\u012bvi un viegli sagremojami uzturvielas nodro\u0161ina pietiekami ener\u0123iju un atbalsta ka\u017eoka st\u0101vokli.    Bez sojas, graudaugiem un pievienota cukura.    Gar\u0161\u012bgi ga\u013cas un d\u0101rze\u0146u gabali\u0146i m\u0113rces sast\u0101v\u0101 patiks ar\u012b visizv\u0113l\u012bg\u0101kajam m\u0101jdz\u012bvniekam.   Sast\u0101vda\u013cas: La\u0161a un burk\u0101nu m\u0113rce: ga\u013ca un dz\u012bvnieku izcelsmes produkti (67,7% filejas*, no t\u0101m 27% c\u016bkga\u013cas aknas, 25% vistas ga\u013ca, 9,7% c\u016bkga\u013ca, 6% liellopa ga\u013ca*), zivis un zivju produkti (20,3% la\u0161a filejas*), 1,5% miner\u0101lvielas, augu izcelsmes produkti (0,6% ciete, 0,6% \u0161\u0137iedrvielas, 0,4% sikur\u012bns), e\u013c\u013cas un tauki (0,5% la\u0161a e\u013c\u013ca), d\u0101rze\u0146i (0,45% \u017e\u0101v\u0113ti burk\u0101ni, kas atbilst 4% burk\u0101nu). *Fileja parasti veido 34,5% no produkta. P\u012bles un za\u013co zirn\u012b\u0161u m\u0113rce: ga\u013ca un dz\u012bvnieku izcelsmes produkti (88% filejas*, no t\u0101m 40,6% p\u012ble, 25% c\u016bkga\u013cas aknas, 10,4% vistas ga\u013ca, 6% c\u016bkga\u013ca, 6% liellopa ga\u013ca*), 1,5% miner\u0101lvielas, augu izcelsmes produkti (0,6% ciete, 0,5% \u0161\u0137iedrvielas, 0,4% sikur\u012bns), e\u013c\u013cas un tauki (0,5% la\u0161a e\u013c\u013ca), d\u0101rze\u0146i (0,45% \u017e\u0101v\u0113ti za\u013cie zirn\u012b\u0161i, kas atbilst 4% za\u013cajiem zirn\u012b\u0161iem). *Fileja parasti veido 34,5% no produkta. Anal\u012btisk\u0101 sast\u0101va: olbaltums 10%, tauki 5%, pelni 2%, \u0161\u0137iedras 0,3%, kalcijs 0,3%, fosfors 0,25%, omega-3 tauksk\u0101bes 0,15%, omega-6 tauksk\u0101bes 0,8%, mitrums 78%.","og_url":"https:\/\/miumjau.ee\/lv\/produkts\/prospera-plus-assortii-kakeniem-12x85g\/","og_site_name":"MiuMjau","article_publisher":"https:\/\/www.facebook.com\/miumjaupood\/","article_modified_time":"2026-01-23T09:15:18+00:00","og_image":[{"width":600,"height":800,"url":"https:\/\/miumjau.ee\/wp-content\/uploads\/2025\/09\/prospera-kassitoit-assortii1.jpg","type":"image\/jpeg"}],"twitter_card":"summary_large_image","schema":{"@context":"https:\/\/schema.org","@graph":[{"@type":"WebPage","@id":"https:\/\/miumjau.ee\/lv\/produkts\/prospera-plus-assortii-kakeniem-12x85g\/","url":"https:\/\/miumjau.ee\/lv\/produkts\/prospera-plus-assortii-kakeniem-12x85g\/","name":"Prospera Plus assortii ka\u0137\u0113niem 12x85g - MiuMjau","isPartOf":{"@id":"https:\/\/miumjau.ee\/#website"},"primaryImageOfPage":{"@id":"https:\/\/miumjau.ee\/lv\/produkts\/prospera-plus-assortii-kakeniem-12x85g\/#primaryimage"},"image":{"@id":"https:\/\/miumjau.ee\/lv\/produkts\/prospera-plus-assortii-kakeniem-12x85g\/#primaryimage"},"thumbnailUrl":"https:\/\/miumjau.ee\/wp-content\/uploads\/2025\/09\/prospera-kassitoit-assortii1.jpg","datePublished":"2025-09-16T06:41:21+00:00","dateModified":"2026-01-23T09:15:18+00:00","breadcrumb":{"@id":"https:\/\/miumjau.ee\/lv\/produkts\/prospera-plus-assortii-kakeniem-12x85g\/#breadcrumb"},"inLanguage":"lv-LV","potentialAction":[{"@type":"ReadAction","target":["https:\/\/miumjau.ee\/lv\/produkts\/prospera-plus-assortii-kakeniem-12x85g\/"]}]},{"@type":"ImageObject","inLanguage":"lv-LV","@id":"https:\/\/miumjau.ee\/lv\/produkts\/prospera-plus-assortii-kakeniem-12x85g\/#primaryimage","url":"https:\/\/miumjau.ee\/wp-content\/uploads\/2025\/09\/prospera-kassitoit-assortii1.jpg","contentUrl":"https:\/\/miumjau.ee\/wp-content\/uploads\/2025\/09\/prospera-kassitoit-assortii1.jpg","width":600,"height":800},{"@type":"BreadcrumbList","@id":"https:\/\/miumjau.ee\/lv\/produkts\/prospera-plus-assortii-kakeniem-12x85g\/#breadcrumb","itemListElement":[{"@type":"ListItem","position":1,"name":"Home","item":"https:\/\/miumjau.ee\/lv\/"},{"@type":"ListItem","position":2,"name":"Veikals","item":"https:\/\/miumjau.ee\/lv\/veikals\/"},{"@type":"ListItem","position":3,"name":"Prospera Plus assortii ka\u0137\u0113niem 12x85g"}]},{"@type":"WebSite","@id":"https:\/\/miumjau.ee\/#website","url":"https:\/\/miumjau.ee\/","name":"MiuMjau","description":"Kraapimispuud kassidele","publisher":{"@id":"https:\/\/miumjau.ee\/#organization"},"potentialAction":[{"@type":"SearchAction","target":{"@type":"EntryPoint","urlTemplate":"https:\/\/miumjau.ee\/?s={search_term_string}"},"query-input":{"@type":"PropertyValueSpecification","valueRequired":true,"valueName":"search_term_string"}}],"inLanguage":"lv-LV"},{"@type":"Organization","@id":"https:\/\/miumjau.ee\/#organization","name":"MiuMjau O\u00dc","url":"https:\/\/miumjau.ee\/","logo":{"@type":"ImageObject","inLanguage":"lv-LV","@id":"https:\/\/miumjau.ee\/#\/schema\/logo\/image\/","url":"https:\/\/miumjau.ee\/wp-content\/uploads\/2022\/04\/MiuMjau-logo-kollane.png","contentUrl":"https:\/\/miumjau.ee\/wp-content\/uploads\/2022\/04\/MiuMjau-logo-kollane.png","width":219,"height":100,"caption":"MiuMjau O\u00dc"},"image":{"@id":"https:\/\/miumjau.ee\/#\/schema\/logo\/image\/"},"sameAs":["https:\/\/www.facebook.com\/miumjaupood\/"]}]}},"_links":{"self":[{"href":"https:\/\/miumjau.ee\/lv\/wp-json\/wp\/v2\/product\/46406","targetHints":{"allow":["GET"]}}],"collection":[{"href":"https:\/\/miumjau.ee\/lv\/wp-json\/wp\/v2\/product"}],"about":[{"href":"https:\/\/miumjau.ee\/lv\/wp-json\/wp\/v2\/types\/product"}],"wp:featuredmedia":[{"embeddable":true,"href":"https:\/\/miumjau.ee\/lv\/wp-json\/wp\/v2\/media\/46405"}],"wp:attachment":[{"href":"https:\/\/miumjau.ee\/lv\/wp-json\/wp\/v2\/media?parent=46406"}],"wp:term":[{"taxonomy":"product_brand","embeddable":true,"href":"https:\/\/miumjau.ee\/lv\/wp-json\/wp\/v2\/product_brand?post=46406"},{"taxonomy":"product_cat","embeddable":true,"href":"https:\/\/miumjau.ee\/lv\/wp-json\/wp\/v2\/product_cat?post=46406"},{"taxonomy":"product_tag","embeddable":true,"href":"https:\/\/miumjau.ee\/lv\/wp-json\/wp\/v2\/product_tag?post=46406"}],"curies":[{"name":"wp","href":"https:\/\/api.w.org\/{rel}","templated":true}]}}