{"id":46399,"date":"2025-09-16T13:31:29","date_gmt":"2025-09-16T10:31:29","guid":{"rendered":"https:\/\/miumjau.ee\/toode\/prospera-plus-adult-1-delicate-digestion-7-kg\/"},"modified":"2026-01-07T21:22:19","modified_gmt":"2026-01-07T19:22:19","slug":"prospera-plus-adult-1-delicate-digestion-7-kg","status":"publish","type":"product","link":"https:\/\/miumjau.ee\/lv\/produkts\/prospera-plus-adult-1-delicate-digestion-7-kg\/","title":{"rendered":"Prospera Plus Adult 1+ Delicate Digestion, 7 kg"},"content":{"rendered":"","protected":false},"excerpt":{"rendered":"<p data-start=\"153\" data-end=\"317\">Prospera Plus Adult 1+ Delicate Digestion ir superpremium saus\u0101 bar\u012bba pieaugu\u0161iem ka\u0137iem (vismaz 1 gada vecum\u0101), kas \u012bpa\u0161i izstr\u0101d\u0101ta ka\u0137iem ar jut\u012bgu gremo\u0161anu.<\/p>\n<ul data-start=\"319\" data-end=\"802\">\n<li data-start=\"319\" data-end=\"444\">\n<p data-start=\"321\" data-end=\"444\"><strong data-start=\"321\" data-end=\"341\">Jut\u012bga gremo\u0161ana<\/strong> \u2013 sast\u0101vs izv\u0113l\u0113ts t\u0101, lai samazin\u0101tu gremo\u0161anas trakta kairin\u0101jumu un atbalst\u012btu norm\u0101lu gremo\u0161anu.<\/p>\n<\/li>\n<li data-start=\"445\" data-end=\"550\">\n<p data-start=\"447\" data-end=\"550\"><strong data-start=\"447\" data-end=\"476\">Delik\u0101ta un gar\u0161\u012bga gar\u0161a<\/strong> \u2013 vistas un aknu saturs nodro\u0161ina gardu pieredzi ar\u012b izv\u0113l\u012bgiem ka\u0137iem.<\/p>\n<\/li>\n<li data-start=\"551\" data-end=\"663\">\n<p data-start=\"553\" data-end=\"663\"><strong data-start=\"553\" data-end=\"589\">Vesel\u012bgi sabalans\u0113ti uzturvielas<\/strong> \u2013 atbalsta zarnu mikrofloras l\u012bdzsvaru un uzlabo uzturvielu uzs\u016bk\u0161anos.<\/p>\n<\/li>\n<li data-start=\"664\" data-end=\"802\">\n<p data-start=\"666\" data-end=\"802\"><strong data-start=\"666\" data-end=\"702\">Papildus komponentu stiprin\u0101\u0161ana<\/strong> \u2013 taur\u012bns, kurkuma, rozmar\u012bns, dz\u0113rvenes. Pal\u012bdz \u0101das, ka\u017eoka vesel\u012bbai un visp\u0101r\u0113jai labsaj\u016btai.<\/p>\n<\/li>\n<\/ul>\n<p data-start=\"804\" data-end=\"1172\"><strong data-start=\"804\" data-end=\"820\">Sast\u0101vda\u013cas:<\/strong> vistas olbaltums (42%), kukur\u016bza (30%), putnu tauki (10%), hidroliz\u0113ta vistas akna (5%), r\u012bsi (5%), \u017e\u0101v\u0113ti bie\u0161u sakne\u0146i (4%), alus raugs (2%), la\u0161i e\u013c\u013ca (1,5%), zir\u0146u milti (0,459%), manan-oligosahar\u012bdi (0,011%), fruktooligosahar\u012bdi (0,009%), juka schidigera (0,006%), \u017e\u0101v\u0113ts rozmar\u012bns (0,005%), \u017e\u0101v\u0113ts kurkums (0,005%), \u017e\u0101v\u0113tas dz\u0113rvenes (0,005%).<\/p>\n<p data-start=\"1174\" data-end=\"1381\"><strong data-start=\"1174\" data-end=\"1202\">Anal\u012btisk\u0101s sast\u0101vda\u013cas:<\/strong> olbaltums 36,0%, tauki 16,0%, pelni 6,5%, \u0161\u0137iedras 2,8%, mitrums 9,0%, kalcijs 1,3%, fosfors 1,1%, n\u0101trijs 0,2%, magnijs 0,1%, omega-3 tauksk\u0101bes 0,2%, omega-6 tauksk\u0101bes 2,1%.<\/p>\n<p data-start=\"1383\" data-end=\"1647\"><strong data-start=\"1383\" data-end=\"1415\">Uztura bag\u0101tin\u0101t\u0101ji uz 1 kg:<\/strong> A vitam\u012bns 20000 SV, D\u2083 vitam\u012bns 700 SV, E vitam\u012bns 500 mg, C vitam\u012bns 200 mg, kol\u012bnsklor\u012bds 1600 mg, k\u0101lija jod\u012bds 2,2 mg, cinks 108 mg, mang\u0101ns 40 mg, vara 8 mg, dzelzs 34 mg, sel\u0113ns 0,13 mg, L-karnit\u012bns 45 mg, taur\u012bns 1800 mg.<\/p>\n<p data-start=\"1649\" data-end=\"1757\"><strong data-start=\"1649\" data-end=\"1688\">Tehnolo\u0123iskie bag\u0101tin\u0101t\u0101ji uz 1 kg:<\/strong> tokoferolu ekstrakti no augu e\u013c\u013c\u0101m 35 mg, askorb\u012blpalmit\u0101ts 25 mg.<\/p>\n<p data-start=\"1759\" data-end=\"1802\"><strong data-start=\"1759\" data-end=\"1787\">Metaboliz\u0113jam\u0101 ener\u0123ija:<\/strong> 3890 kcal\/kg<\/p>\n<p data-start=\"1804\" data-end=\"1855\"><strong data-start=\"1804\" data-end=\"1853\">S\u0101kotn\u0113jais baro\u0161anas ieteikums (dienas deva)<\/strong><\/p>\n<div class=\"_tableContainer_1rjym_1\">\n<div class=\"group _tableWrapper_1rjym_13 flex w-fit flex-col-reverse\" tabindex=\"-1\">\n<table class=\"w-fit min-w-(--thread-content-width)\" data-start=\"1857\" data-end=\"2058\">\n<thead data-start=\"1857\" data-end=\"1903\">\n<tr data-start=\"1857\" data-end=\"1903\">\n<th data-start=\"1857\" data-end=\"1884\" data-col-size=\"sm\">Ka\u0137a svars (pieaugu\u0161ais)<\/th>\n<th data-start=\"1884\" data-end=\"1903\" data-col-size=\"sm\">Dienas deva (g)<\/th>\n<\/tr>\n<\/thead>\n<tbody data-start=\"1952\" data-end=\"2058\">\n<tr data-start=\"1952\" data-end=\"1972\">\n<td data-start=\"1952\" data-end=\"1961\" data-col-size=\"sm\">2\u20133 kg<\/td>\n<td data-start=\"1961\" data-end=\"1972\" data-col-size=\"sm\">30\u201345 g<\/td>\n<\/tr>\n<tr data-start=\"1973\" data-end=\"1993\">\n<td data-start=\"1973\" data-end=\"1982\" data-col-size=\"sm\">3\u20135 kg<\/td>\n<td data-start=\"1982\" data-end=\"1993\" data-col-size=\"sm\">45\u201365 g<\/td>\n<\/tr>\n<tr data-start=\"1994\" data-end=\"2014\">\n<td data-start=\"1994\" data-end=\"2003\" data-col-size=\"sm\">5\u20137 kg<\/td>\n<td data-start=\"2003\" data-end=\"2014\" data-col-size=\"sm\">65\u201375 g<\/td>\n<\/tr>\n<tr data-start=\"2015\" data-end=\"2035\">\n<td data-start=\"2015\" data-end=\"2024\" data-col-size=\"sm\">7\u20139 kg<\/td>\n<td data-start=\"2024\" data-end=\"2035\" data-col-size=\"sm\">75\u201390 g<\/td>\n<\/tr>\n<tr data-start=\"2036\" data-end=\"2058\">\n<td data-start=\"2036\" data-end=\"2046\" data-col-size=\"sm\">9\u201312 kg<\/td>\n<td data-start=\"2046\" data-end=\"2058\" data-col-size=\"sm\">95\u2013115 g<\/td>\n<\/tr>\n<\/tbody>\n<\/table>\n<\/div>\n<\/div>\n","protected":false},"featured_media":46398,"template":"","meta":[],"product_brand":[],"product_cat":[569],"product_tag":[],"class_list":{"0":"post-46399","1":"product","2":"type-product","3":"status-publish","4":"has-post-thumbnail","6":"product_cat-sausa-bariba","8":"first","9":"instock","10":"sale","11":"taxable","12":"shipping-taxable","13":"purchasable","14":"product-type-simple"},"yoast_head":"<!-- This site is optimized with the Yoast SEO plugin v27.4 - https:\/\/yoast.com\/product\/yoast-seo-wordpress\/ -->\n<title>Prospera Plus Adult 1+ Delicate Digestion, 7 kg - MiuMjau<\/title>\n<meta name=\"robots\" content=\"index, follow, max-snippet:-1, max-image-preview:large, max-video-preview:-1\" \/>\n<link rel=\"canonical\" href=\"https:\/\/miumjau.ee\/lv\/produkts\/prospera-plus-adult-1-delicate-digestion-7-kg\/\" \/>\n<meta property=\"og:locale\" content=\"lv_LV\" \/>\n<meta property=\"og:type\" content=\"article\" \/>\n<meta property=\"og:title\" content=\"Prospera Plus Adult 1+ Delicate Digestion, 7 kg - MiuMjau\" \/>\n<meta property=\"og:description\" content=\"Prospera Plus Adult 1+ Delicate Digestion ir superpremium saus\u0101 bar\u012bba pieaugu\u0161iem ka\u0137iem (vismaz 1 gada vecum\u0101), kas \u012bpa\u0161i izstr\u0101d\u0101ta ka\u0137iem ar jut\u012bgu gremo\u0161anu.     Jut\u012bga gremo\u0161ana \u2013 sast\u0101vs izv\u0113l\u0113ts t\u0101, lai samazin\u0101tu gremo\u0161anas trakta kairin\u0101jumu un atbalst\u012btu norm\u0101lu gremo\u0161anu.    Delik\u0101ta un gar\u0161\u012bga gar\u0161a \u2013 vistas un aknu saturs nodro\u0161ina gardu pieredzi ar\u012b izv\u0113l\u012bgiem ka\u0137iem.    Vesel\u012bgi sabalans\u0113ti uzturvielas \u2013 atbalsta zarnu mikrofloras l\u012bdzsvaru un uzlabo uzturvielu uzs\u016bk\u0161anos.    Papildus komponentu stiprin\u0101\u0161ana \u2013 taur\u012bns, kurkuma, rozmar\u012bns, dz\u0113rvenes. Pal\u012bdz \u0101das, ka\u017eoka vesel\u012bbai un visp\u0101r\u0113jai labsaj\u016btai.   Sast\u0101vda\u013cas: vistas olbaltums (42%), kukur\u016bza (30%), putnu tauki (10%), hidroliz\u0113ta vistas akna (5%), r\u012bsi (5%), \u017e\u0101v\u0113ti bie\u0161u sakne\u0146i (4%), alus raugs (2%), la\u0161i e\u013c\u013ca (1,5%), zir\u0146u milti (0,459%), manan-oligosahar\u012bdi (0,011%), fruktooligosahar\u012bdi (0,009%), juka schidigera (0,006%), \u017e\u0101v\u0113ts rozmar\u012bns (0,005%), \u017e\u0101v\u0113ts kurkums (0,005%), \u017e\u0101v\u0113tas dz\u0113rvenes (0,005%). Anal\u012btisk\u0101s sast\u0101vda\u013cas: olbaltums 36,0%, tauki 16,0%, pelni 6,5%, \u0161\u0137iedras 2,8%, mitrums 9,0%, kalcijs 1,3%, fosfors 1,1%, n\u0101trijs 0,2%, magnijs 0,1%, omega-3 tauksk\u0101bes 0,2%, omega-6 tauksk\u0101bes 2,1%. Uztura bag\u0101tin\u0101t\u0101ji uz 1 kg: A vitam\u012bns 20000 SV, D\u2083 vitam\u012bns 700 SV, E vitam\u012bns 500 mg, C vitam\u012bns 200 mg, kol\u012bnsklor\u012bds 1600 mg, k\u0101lija jod\u012bds 2,2 mg, cinks 108 mg, mang\u0101ns 40 mg, vara 8 mg, dzelzs 34 mg, sel\u0113ns 0,13 mg, L-karnit\u012bns 45 mg, taur\u012bns 1800 mg. Tehnolo\u0123iskie bag\u0101tin\u0101t\u0101ji uz 1 kg: tokoferolu ekstrakti no augu e\u013c\u013c\u0101m 35 mg, askorb\u012blpalmit\u0101ts 25 mg. Metaboliz\u0113jam\u0101 ener\u0123ija: 3890 kcal\/kg S\u0101kotn\u0113jais baro\u0161anas ieteikums (dienas deva)       Ka\u0137a svars (pieaugu\u0161ais) Dienas deva (g)     2\u20133 kg 30\u201345 g   3\u20135 kg 45\u201365 g   5\u20137 kg 65\u201375 g   7\u20139 kg 75\u201390 g   9\u201312 kg 95\u2013115 g\" \/>\n<meta property=\"og:url\" content=\"https:\/\/miumjau.ee\/lv\/produkts\/prospera-plus-adult-1-delicate-digestion-7-kg\/\" \/>\n<meta property=\"og:site_name\" content=\"MiuMjau\" \/>\n<meta property=\"article:publisher\" content=\"https:\/\/www.facebook.com\/miumjaupood\/\" \/>\n<meta property=\"article:modified_time\" content=\"2026-01-07T19:22:19+00:00\" \/>\n<meta property=\"og:image\" content=\"https:\/\/miumjau.ee\/wp-content\/uploads\/2025\/09\/prospera-kassitoit-delicate-digestion4.jpg\" \/>\n\t<meta property=\"og:image:width\" content=\"600\" \/>\n\t<meta property=\"og:image:height\" content=\"800\" \/>\n\t<meta property=\"og:image:type\" content=\"image\/jpeg\" \/>\n<meta name=\"twitter:card\" content=\"summary_large_image\" \/>\n<script type=\"application\/ld+json\" class=\"yoast-schema-graph\">{\"@context\":\"https:\\\/\\\/schema.org\",\"@graph\":[{\"@type\":\"WebPage\",\"@id\":\"https:\\\/\\\/miumjau.ee\\\/lv\\\/produkts\\\/prospera-plus-adult-1-delicate-digestion-7-kg\\\/\",\"url\":\"https:\\\/\\\/miumjau.ee\\\/lv\\\/produkts\\\/prospera-plus-adult-1-delicate-digestion-7-kg\\\/\",\"name\":\"Prospera Plus Adult 1+ Delicate Digestion, 7 kg - MiuMjau\",\"isPartOf\":{\"@id\":\"https:\\\/\\\/miumjau.ee\\\/#website\"},\"primaryImageOfPage\":{\"@id\":\"https:\\\/\\\/miumjau.ee\\\/lv\\\/produkts\\\/prospera-plus-adult-1-delicate-digestion-7-kg\\\/#primaryimage\"},\"image\":{\"@id\":\"https:\\\/\\\/miumjau.ee\\\/lv\\\/produkts\\\/prospera-plus-adult-1-delicate-digestion-7-kg\\\/#primaryimage\"},\"thumbnailUrl\":\"https:\\\/\\\/miumjau.ee\\\/wp-content\\\/uploads\\\/2025\\\/09\\\/prospera-kassitoit-delicate-digestion4.jpg\",\"datePublished\":\"2025-09-16T10:31:29+00:00\",\"dateModified\":\"2026-01-07T19:22:19+00:00\",\"breadcrumb\":{\"@id\":\"https:\\\/\\\/miumjau.ee\\\/lv\\\/produkts\\\/prospera-plus-adult-1-delicate-digestion-7-kg\\\/#breadcrumb\"},\"inLanguage\":\"lv-LV\",\"potentialAction\":[{\"@type\":\"ReadAction\",\"target\":[\"https:\\\/\\\/miumjau.ee\\\/lv\\\/produkts\\\/prospera-plus-adult-1-delicate-digestion-7-kg\\\/\"]}]},{\"@type\":\"ImageObject\",\"inLanguage\":\"lv-LV\",\"@id\":\"https:\\\/\\\/miumjau.ee\\\/lv\\\/produkts\\\/prospera-plus-adult-1-delicate-digestion-7-kg\\\/#primaryimage\",\"url\":\"https:\\\/\\\/miumjau.ee\\\/wp-content\\\/uploads\\\/2025\\\/09\\\/prospera-kassitoit-delicate-digestion4.jpg\",\"contentUrl\":\"https:\\\/\\\/miumjau.ee\\\/wp-content\\\/uploads\\\/2025\\\/09\\\/prospera-kassitoit-delicate-digestion4.jpg\",\"width\":600,\"height\":800},{\"@type\":\"BreadcrumbList\",\"@id\":\"https:\\\/\\\/miumjau.ee\\\/lv\\\/produkts\\\/prospera-plus-adult-1-delicate-digestion-7-kg\\\/#breadcrumb\",\"itemListElement\":[{\"@type\":\"ListItem\",\"position\":1,\"name\":\"Home\",\"item\":\"https:\\\/\\\/miumjau.ee\\\/lv\\\/\"},{\"@type\":\"ListItem\",\"position\":2,\"name\":\"Veikals\",\"item\":\"https:\\\/\\\/miumjau.ee\\\/lv\\\/veikals\\\/\"},{\"@type\":\"ListItem\",\"position\":3,\"name\":\"Prospera Plus Adult 1+ Delicate Digestion, 7 kg\"}]},{\"@type\":\"WebSite\",\"@id\":\"https:\\\/\\\/miumjau.ee\\\/#website\",\"url\":\"https:\\\/\\\/miumjau.ee\\\/\",\"name\":\"MiuMjau\",\"description\":\"Kraapimispuud kassidele\",\"publisher\":{\"@id\":\"https:\\\/\\\/miumjau.ee\\\/#organization\"},\"potentialAction\":[{\"@type\":\"SearchAction\",\"target\":{\"@type\":\"EntryPoint\",\"urlTemplate\":\"https:\\\/\\\/miumjau.ee\\\/?s={search_term_string}\"},\"query-input\":{\"@type\":\"PropertyValueSpecification\",\"valueRequired\":true,\"valueName\":\"search_term_string\"}}],\"inLanguage\":\"lv-LV\"},{\"@type\":\"Organization\",\"@id\":\"https:\\\/\\\/miumjau.ee\\\/#organization\",\"name\":\"MiuMjau O\u00dc\",\"url\":\"https:\\\/\\\/miumjau.ee\\\/\",\"logo\":{\"@type\":\"ImageObject\",\"inLanguage\":\"lv-LV\",\"@id\":\"https:\\\/\\\/miumjau.ee\\\/#\\\/schema\\\/logo\\\/image\\\/\",\"url\":\"https:\\\/\\\/miumjau.ee\\\/wp-content\\\/uploads\\\/2022\\\/04\\\/MiuMjau-logo-kollane.png\",\"contentUrl\":\"https:\\\/\\\/miumjau.ee\\\/wp-content\\\/uploads\\\/2022\\\/04\\\/MiuMjau-logo-kollane.png\",\"width\":219,\"height\":100,\"caption\":\"MiuMjau O\u00dc\"},\"image\":{\"@id\":\"https:\\\/\\\/miumjau.ee\\\/#\\\/schema\\\/logo\\\/image\\\/\"},\"sameAs\":[\"https:\\\/\\\/www.facebook.com\\\/miumjaupood\\\/\"]}]}<\/script>\n<!-- \/ Yoast SEO plugin. -->","yoast_head_json":{"title":"Prospera Plus Adult 1+ Delicate Digestion, 7 kg - MiuMjau","robots":{"index":"index","follow":"follow","max-snippet":"max-snippet:-1","max-image-preview":"max-image-preview:large","max-video-preview":"max-video-preview:-1"},"canonical":"https:\/\/miumjau.ee\/lv\/produkts\/prospera-plus-adult-1-delicate-digestion-7-kg\/","og_locale":"lv_LV","og_type":"article","og_title":"Prospera Plus Adult 1+ Delicate Digestion, 7 kg - MiuMjau","og_description":"Prospera Plus Adult 1+ Delicate Digestion ir superpremium saus\u0101 bar\u012bba pieaugu\u0161iem ka\u0137iem (vismaz 1 gada vecum\u0101), kas \u012bpa\u0161i izstr\u0101d\u0101ta ka\u0137iem ar jut\u012bgu gremo\u0161anu.     Jut\u012bga gremo\u0161ana \u2013 sast\u0101vs izv\u0113l\u0113ts t\u0101, lai samazin\u0101tu gremo\u0161anas trakta kairin\u0101jumu un atbalst\u012btu norm\u0101lu gremo\u0161anu.    Delik\u0101ta un gar\u0161\u012bga gar\u0161a \u2013 vistas un aknu saturs nodro\u0161ina gardu pieredzi ar\u012b izv\u0113l\u012bgiem ka\u0137iem.    Vesel\u012bgi sabalans\u0113ti uzturvielas \u2013 atbalsta zarnu mikrofloras l\u012bdzsvaru un uzlabo uzturvielu uzs\u016bk\u0161anos.    Papildus komponentu stiprin\u0101\u0161ana \u2013 taur\u012bns, kurkuma, rozmar\u012bns, dz\u0113rvenes. Pal\u012bdz \u0101das, ka\u017eoka vesel\u012bbai un visp\u0101r\u0113jai labsaj\u016btai.   Sast\u0101vda\u013cas: vistas olbaltums (42%), kukur\u016bza (30%), putnu tauki (10%), hidroliz\u0113ta vistas akna (5%), r\u012bsi (5%), \u017e\u0101v\u0113ti bie\u0161u sakne\u0146i (4%), alus raugs (2%), la\u0161i e\u013c\u013ca (1,5%), zir\u0146u milti (0,459%), manan-oligosahar\u012bdi (0,011%), fruktooligosahar\u012bdi (0,009%), juka schidigera (0,006%), \u017e\u0101v\u0113ts rozmar\u012bns (0,005%), \u017e\u0101v\u0113ts kurkums (0,005%), \u017e\u0101v\u0113tas dz\u0113rvenes (0,005%). Anal\u012btisk\u0101s sast\u0101vda\u013cas: olbaltums 36,0%, tauki 16,0%, pelni 6,5%, \u0161\u0137iedras 2,8%, mitrums 9,0%, kalcijs 1,3%, fosfors 1,1%, n\u0101trijs 0,2%, magnijs 0,1%, omega-3 tauksk\u0101bes 0,2%, omega-6 tauksk\u0101bes 2,1%. Uztura bag\u0101tin\u0101t\u0101ji uz 1 kg: A vitam\u012bns 20000 SV, D\u2083 vitam\u012bns 700 SV, E vitam\u012bns 500 mg, C vitam\u012bns 200 mg, kol\u012bnsklor\u012bds 1600 mg, k\u0101lija jod\u012bds 2,2 mg, cinks 108 mg, mang\u0101ns 40 mg, vara 8 mg, dzelzs 34 mg, sel\u0113ns 0,13 mg, L-karnit\u012bns 45 mg, taur\u012bns 1800 mg. Tehnolo\u0123iskie bag\u0101tin\u0101t\u0101ji uz 1 kg: tokoferolu ekstrakti no augu e\u013c\u013c\u0101m 35 mg, askorb\u012blpalmit\u0101ts 25 mg. Metaboliz\u0113jam\u0101 ener\u0123ija: 3890 kcal\/kg S\u0101kotn\u0113jais baro\u0161anas ieteikums (dienas deva)       Ka\u0137a svars (pieaugu\u0161ais) Dienas deva (g)     2\u20133 kg 30\u201345 g   3\u20135 kg 45\u201365 g   5\u20137 kg 65\u201375 g   7\u20139 kg 75\u201390 g   9\u201312 kg 95\u2013115 g","og_url":"https:\/\/miumjau.ee\/lv\/produkts\/prospera-plus-adult-1-delicate-digestion-7-kg\/","og_site_name":"MiuMjau","article_publisher":"https:\/\/www.facebook.com\/miumjaupood\/","article_modified_time":"2026-01-07T19:22:19+00:00","og_image":[{"width":600,"height":800,"url":"https:\/\/miumjau.ee\/wp-content\/uploads\/2025\/09\/prospera-kassitoit-delicate-digestion4.jpg","type":"image\/jpeg"}],"twitter_card":"summary_large_image","schema":{"@context":"https:\/\/schema.org","@graph":[{"@type":"WebPage","@id":"https:\/\/miumjau.ee\/lv\/produkts\/prospera-plus-adult-1-delicate-digestion-7-kg\/","url":"https:\/\/miumjau.ee\/lv\/produkts\/prospera-plus-adult-1-delicate-digestion-7-kg\/","name":"Prospera Plus Adult 1+ Delicate Digestion, 7 kg - MiuMjau","isPartOf":{"@id":"https:\/\/miumjau.ee\/#website"},"primaryImageOfPage":{"@id":"https:\/\/miumjau.ee\/lv\/produkts\/prospera-plus-adult-1-delicate-digestion-7-kg\/#primaryimage"},"image":{"@id":"https:\/\/miumjau.ee\/lv\/produkts\/prospera-plus-adult-1-delicate-digestion-7-kg\/#primaryimage"},"thumbnailUrl":"https:\/\/miumjau.ee\/wp-content\/uploads\/2025\/09\/prospera-kassitoit-delicate-digestion4.jpg","datePublished":"2025-09-16T10:31:29+00:00","dateModified":"2026-01-07T19:22:19+00:00","breadcrumb":{"@id":"https:\/\/miumjau.ee\/lv\/produkts\/prospera-plus-adult-1-delicate-digestion-7-kg\/#breadcrumb"},"inLanguage":"lv-LV","potentialAction":[{"@type":"ReadAction","target":["https:\/\/miumjau.ee\/lv\/produkts\/prospera-plus-adult-1-delicate-digestion-7-kg\/"]}]},{"@type":"ImageObject","inLanguage":"lv-LV","@id":"https:\/\/miumjau.ee\/lv\/produkts\/prospera-plus-adult-1-delicate-digestion-7-kg\/#primaryimage","url":"https:\/\/miumjau.ee\/wp-content\/uploads\/2025\/09\/prospera-kassitoit-delicate-digestion4.jpg","contentUrl":"https:\/\/miumjau.ee\/wp-content\/uploads\/2025\/09\/prospera-kassitoit-delicate-digestion4.jpg","width":600,"height":800},{"@type":"BreadcrumbList","@id":"https:\/\/miumjau.ee\/lv\/produkts\/prospera-plus-adult-1-delicate-digestion-7-kg\/#breadcrumb","itemListElement":[{"@type":"ListItem","position":1,"name":"Home","item":"https:\/\/miumjau.ee\/lv\/"},{"@type":"ListItem","position":2,"name":"Veikals","item":"https:\/\/miumjau.ee\/lv\/veikals\/"},{"@type":"ListItem","position":3,"name":"Prospera Plus Adult 1+ Delicate Digestion, 7 kg"}]},{"@type":"WebSite","@id":"https:\/\/miumjau.ee\/#website","url":"https:\/\/miumjau.ee\/","name":"MiuMjau","description":"Kraapimispuud kassidele","publisher":{"@id":"https:\/\/miumjau.ee\/#organization"},"potentialAction":[{"@type":"SearchAction","target":{"@type":"EntryPoint","urlTemplate":"https:\/\/miumjau.ee\/?s={search_term_string}"},"query-input":{"@type":"PropertyValueSpecification","valueRequired":true,"valueName":"search_term_string"}}],"inLanguage":"lv-LV"},{"@type":"Organization","@id":"https:\/\/miumjau.ee\/#organization","name":"MiuMjau O\u00dc","url":"https:\/\/miumjau.ee\/","logo":{"@type":"ImageObject","inLanguage":"lv-LV","@id":"https:\/\/miumjau.ee\/#\/schema\/logo\/image\/","url":"https:\/\/miumjau.ee\/wp-content\/uploads\/2022\/04\/MiuMjau-logo-kollane.png","contentUrl":"https:\/\/miumjau.ee\/wp-content\/uploads\/2022\/04\/MiuMjau-logo-kollane.png","width":219,"height":100,"caption":"MiuMjau O\u00dc"},"image":{"@id":"https:\/\/miumjau.ee\/#\/schema\/logo\/image\/"},"sameAs":["https:\/\/www.facebook.com\/miumjaupood\/"]}]}},"_links":{"self":[{"href":"https:\/\/miumjau.ee\/lv\/wp-json\/wp\/v2\/product\/46399","targetHints":{"allow":["GET"]}}],"collection":[{"href":"https:\/\/miumjau.ee\/lv\/wp-json\/wp\/v2\/product"}],"about":[{"href":"https:\/\/miumjau.ee\/lv\/wp-json\/wp\/v2\/types\/product"}],"wp:featuredmedia":[{"embeddable":true,"href":"https:\/\/miumjau.ee\/lv\/wp-json\/wp\/v2\/media\/46398"}],"wp:attachment":[{"href":"https:\/\/miumjau.ee\/lv\/wp-json\/wp\/v2\/media?parent=46399"}],"wp:term":[{"taxonomy":"product_brand","embeddable":true,"href":"https:\/\/miumjau.ee\/lv\/wp-json\/wp\/v2\/product_brand?post=46399"},{"taxonomy":"product_cat","embeddable":true,"href":"https:\/\/miumjau.ee\/lv\/wp-json\/wp\/v2\/product_cat?post=46399"},{"taxonomy":"product_tag","embeddable":true,"href":"https:\/\/miumjau.ee\/lv\/wp-json\/wp\/v2\/product_tag?post=46399"}],"curies":[{"name":"wp","href":"https:\/\/api.w.org\/{rel}","templated":true}]}}