{"id":46390,"date":"2025-09-16T13:38:10","date_gmt":"2025-09-16T10:38:10","guid":{"rendered":"https:\/\/miumjau.ee\/toode\/prospera-plus-sterilized-1-chicken-urinary-2-kg\/"},"modified":"2026-01-07T21:22:19","modified_gmt":"2026-01-07T19:22:19","slug":"prospera-plus-sterilized-1-chicken-urinary-2-kg","status":"publish","type":"product","link":"https:\/\/miumjau.ee\/lv\/produkts\/prospera-plus-sterilized-1-chicken-urinary-2-kg\/","title":{"rendered":"Prospera Plus Sterilized 1+ Chicken Urinary, 2 kg"},"content":{"rendered":"","protected":false},"excerpt":{"rendered":"<p data-start=\"155\" data-end=\"243\">Pilnv\u0113rt\u012bga saus\u0101 bar\u012bba ar vistu steriliz\u0113tiem un kastr\u0113tiem ka\u0137iem no 1 gada vecuma.<\/p>\n<p data-start=\"245\" data-end=\"545\">Izveidota, lai uzlabotu ur\u012bnce\u013cu vesel\u012bbu un nov\u0113rstu ur\u012bnvielas akme\u0146u veido\u0161anos.<br data-start=\"328\" data-end=\"331\" \/>Omega tauksk\u0101bes no lasi e\u013c\u013cas pal\u012bdz uztur\u0113t vesel\u012bgu \u0101du un skaistu ka\u017eoku.<br data-start=\"408\" data-end=\"411\" \/>Satur prebiotisk\u0101s \u0161\u0137iedras, kas pal\u012bdz uztur\u0113t vesel\u012bgu zarnu mikrofloru.<br data-start=\"485\" data-end=\"488\" \/>Bag\u0101tin\u0101ts ar taur\u012bnu, kurkumu, rozmar\u012bnu un dz\u0113rven\u0113m.<\/p>\n<p data-start=\"547\" data-end=\"903\"><strong data-start=\"547\" data-end=\"563\">Sast\u0101vda\u013cas:<\/strong> vistas olbaltums (40%), kukur\u016bza (39%), putnu tauki (5%), r\u012bsi (5%), \u017e\u0101v\u0113ti bie\u0161u sakne\u0146i (3,5%), hidroliz\u0113ta vistas akna (3%), alus raugs (3%), lasi e\u013c\u013ca (1%), zir\u0146u milti (0,459%), manan-oligosahar\u012bdi (0,011%), fruktooligosahar\u012bdi (0,009%), juka (0,006%), \u017e\u0101v\u0113ts rozmar\u012bns (0,005%), \u017e\u0101v\u0113ts kurkums (0,005%), \u017e\u0101v\u0113tas dz\u0113rvenes (0,005%).<\/p>\n<p data-start=\"905\" data-end=\"1108\"><strong data-start=\"905\" data-end=\"928\">Anal\u012btisk\u0101 sast\u0101va:<\/strong> olbaltums 34,0%, tauki 12,0%, pelni 5,5%, \u0161\u0137iedras 2,5%, mitrums 9,0%, kalcijs 1,2%, fosfors 0,9%, n\u0101trijs 0,3%, magnijs 0,05%, omega-3 tauksk\u0101bes 0,1%, omega-6 tauksk\u0101bes 1,7%.<\/p>\n<p data-start=\"1110\" data-end=\"1266\"><strong data-start=\"1110\" data-end=\"1130\">S\u00f6\u00f6tmissoovitus:<\/strong><br data-start=\"1130\" data-end=\"1133\" \/><strong data-start=\"1133\" data-end=\"1170\">Dz\u012bvnieka svars (pieaugu\u0161ais, kg)<\/strong> 2\u20133 | 3\u20135 | 5\u20137 | 7\u20139 | 9\u201312<br data-start=\"1200\" data-end=\"1203\" \/><strong data-start=\"1203\" data-end=\"1222\">Dienas deva (g)<\/strong> 35\u201345 | 45\u201370 | 70\u201380 | 80\u2013100 | 100\u2013125<\/p>\n","protected":false},"featured_media":46344,"template":"","meta":[],"product_brand":[],"product_cat":[569],"product_tag":[],"class_list":{"0":"post-46390","1":"product","2":"type-product","3":"status-publish","4":"has-post-thumbnail","6":"product_cat-sausa-bariba","8":"first","9":"instock","10":"taxable","11":"shipping-taxable","12":"purchasable","13":"product-type-simple"},"yoast_head":"<!-- This site is optimized with the Yoast SEO plugin v27.4 - https:\/\/yoast.com\/product\/yoast-seo-wordpress\/ -->\n<title>Prospera Plus Sterilized 1+ Chicken Urinary, 2 kg - MiuMjau<\/title>\n<meta name=\"robots\" content=\"index, follow, max-snippet:-1, max-image-preview:large, max-video-preview:-1\" \/>\n<link rel=\"canonical\" href=\"https:\/\/miumjau.ee\/lv\/produkts\/prospera-plus-sterilized-1-chicken-urinary-2-kg\/\" \/>\n<meta property=\"og:locale\" content=\"lv_LV\" \/>\n<meta property=\"og:type\" content=\"article\" \/>\n<meta property=\"og:title\" content=\"Prospera Plus Sterilized 1+ Chicken Urinary, 2 kg - MiuMjau\" \/>\n<meta property=\"og:description\" content=\"Pilnv\u0113rt\u012bga saus\u0101 bar\u012bba ar vistu steriliz\u0113tiem un kastr\u0113tiem ka\u0137iem no 1 gada vecuma. Izveidota, lai uzlabotu ur\u012bnce\u013cu vesel\u012bbu un nov\u0113rstu ur\u012bnvielas akme\u0146u veido\u0161anos.Omega tauksk\u0101bes no lasi e\u013c\u013cas pal\u012bdz uztur\u0113t vesel\u012bgu \u0101du un skaistu ka\u017eoku.Satur prebiotisk\u0101s \u0161\u0137iedras, kas pal\u012bdz uztur\u0113t vesel\u012bgu zarnu mikrofloru.Bag\u0101tin\u0101ts ar taur\u012bnu, kurkumu, rozmar\u012bnu un dz\u0113rven\u0113m. Sast\u0101vda\u013cas: vistas olbaltums (40%), kukur\u016bza (39%), putnu tauki (5%), r\u012bsi (5%), \u017e\u0101v\u0113ti bie\u0161u sakne\u0146i (3,5%), hidroliz\u0113ta vistas akna (3%), alus raugs (3%), lasi e\u013c\u013ca (1%), zir\u0146u milti (0,459%), manan-oligosahar\u012bdi (0,011%), fruktooligosahar\u012bdi (0,009%), juka (0,006%), \u017e\u0101v\u0113ts rozmar\u012bns (0,005%), \u017e\u0101v\u0113ts kurkums (0,005%), \u017e\u0101v\u0113tas dz\u0113rvenes (0,005%). Anal\u012btisk\u0101 sast\u0101va: olbaltums 34,0%, tauki 12,0%, pelni 5,5%, \u0161\u0137iedras 2,5%, mitrums 9,0%, kalcijs 1,2%, fosfors 0,9%, n\u0101trijs 0,3%, magnijs 0,05%, omega-3 tauksk\u0101bes 0,1%, omega-6 tauksk\u0101bes 1,7%. S\u00f6\u00f6tmissoovitus:Dz\u012bvnieka svars (pieaugu\u0161ais, kg) 2\u20133 | 3\u20135 | 5\u20137 | 7\u20139 | 9\u201312Dienas deva (g) 35\u201345 | 45\u201370 | 70\u201380 | 80\u2013100 | 100\u2013125\" \/>\n<meta property=\"og:url\" content=\"https:\/\/miumjau.ee\/lv\/produkts\/prospera-plus-sterilized-1-chicken-urinary-2-kg\/\" \/>\n<meta property=\"og:site_name\" content=\"MiuMjau\" \/>\n<meta property=\"article:publisher\" content=\"https:\/\/www.facebook.com\/miumjaupood\/\" \/>\n<meta property=\"article:modified_time\" content=\"2026-01-07T19:22:19+00:00\" \/>\n<meta property=\"og:image\" content=\"https:\/\/miumjau.ee\/wp-content\/uploads\/2025\/09\/prospera-kuivtoit-kassile29.jpg\" \/>\n\t<meta property=\"og:image:width\" content=\"600\" \/>\n\t<meta property=\"og:image:height\" content=\"800\" \/>\n\t<meta property=\"og:image:type\" content=\"image\/jpeg\" \/>\n<meta name=\"twitter:card\" content=\"summary_large_image\" \/>\n<script type=\"application\/ld+json\" class=\"yoast-schema-graph\">{\"@context\":\"https:\\\/\\\/schema.org\",\"@graph\":[{\"@type\":\"WebPage\",\"@id\":\"https:\\\/\\\/miumjau.ee\\\/lv\\\/produkts\\\/prospera-plus-sterilized-1-chicken-urinary-2-kg\\\/\",\"url\":\"https:\\\/\\\/miumjau.ee\\\/lv\\\/produkts\\\/prospera-plus-sterilized-1-chicken-urinary-2-kg\\\/\",\"name\":\"Prospera Plus Sterilized 1+ Chicken Urinary, 2 kg - MiuMjau\",\"isPartOf\":{\"@id\":\"https:\\\/\\\/miumjau.ee\\\/#website\"},\"primaryImageOfPage\":{\"@id\":\"https:\\\/\\\/miumjau.ee\\\/lv\\\/produkts\\\/prospera-plus-sterilized-1-chicken-urinary-2-kg\\\/#primaryimage\"},\"image\":{\"@id\":\"https:\\\/\\\/miumjau.ee\\\/lv\\\/produkts\\\/prospera-plus-sterilized-1-chicken-urinary-2-kg\\\/#primaryimage\"},\"thumbnailUrl\":\"https:\\\/\\\/miumjau.ee\\\/wp-content\\\/uploads\\\/2025\\\/09\\\/prospera-kuivtoit-kassile29.jpg\",\"datePublished\":\"2025-09-16T10:38:10+00:00\",\"dateModified\":\"2026-01-07T19:22:19+00:00\",\"breadcrumb\":{\"@id\":\"https:\\\/\\\/miumjau.ee\\\/lv\\\/produkts\\\/prospera-plus-sterilized-1-chicken-urinary-2-kg\\\/#breadcrumb\"},\"inLanguage\":\"lv-LV\",\"potentialAction\":[{\"@type\":\"ReadAction\",\"target\":[\"https:\\\/\\\/miumjau.ee\\\/lv\\\/produkts\\\/prospera-plus-sterilized-1-chicken-urinary-2-kg\\\/\"]}]},{\"@type\":\"ImageObject\",\"inLanguage\":\"lv-LV\",\"@id\":\"https:\\\/\\\/miumjau.ee\\\/lv\\\/produkts\\\/prospera-plus-sterilized-1-chicken-urinary-2-kg\\\/#primaryimage\",\"url\":\"https:\\\/\\\/miumjau.ee\\\/wp-content\\\/uploads\\\/2025\\\/09\\\/prospera-kuivtoit-kassile29.jpg\",\"contentUrl\":\"https:\\\/\\\/miumjau.ee\\\/wp-content\\\/uploads\\\/2025\\\/09\\\/prospera-kuivtoit-kassile29.jpg\",\"width\":600,\"height\":800,\"caption\":\"Prospera kassitoit chicken urinary 2kg\"},{\"@type\":\"BreadcrumbList\",\"@id\":\"https:\\\/\\\/miumjau.ee\\\/lv\\\/produkts\\\/prospera-plus-sterilized-1-chicken-urinary-2-kg\\\/#breadcrumb\",\"itemListElement\":[{\"@type\":\"ListItem\",\"position\":1,\"name\":\"Home\",\"item\":\"https:\\\/\\\/miumjau.ee\\\/lv\\\/\"},{\"@type\":\"ListItem\",\"position\":2,\"name\":\"Veikals\",\"item\":\"https:\\\/\\\/miumjau.ee\\\/lv\\\/veikals\\\/\"},{\"@type\":\"ListItem\",\"position\":3,\"name\":\"Prospera Plus Sterilized 1+ Chicken Urinary, 2 kg\"}]},{\"@type\":\"WebSite\",\"@id\":\"https:\\\/\\\/miumjau.ee\\\/#website\",\"url\":\"https:\\\/\\\/miumjau.ee\\\/\",\"name\":\"MiuMjau\",\"description\":\"Kraapimispuud kassidele\",\"publisher\":{\"@id\":\"https:\\\/\\\/miumjau.ee\\\/#organization\"},\"potentialAction\":[{\"@type\":\"SearchAction\",\"target\":{\"@type\":\"EntryPoint\",\"urlTemplate\":\"https:\\\/\\\/miumjau.ee\\\/?s={search_term_string}\"},\"query-input\":{\"@type\":\"PropertyValueSpecification\",\"valueRequired\":true,\"valueName\":\"search_term_string\"}}],\"inLanguage\":\"lv-LV\"},{\"@type\":\"Organization\",\"@id\":\"https:\\\/\\\/miumjau.ee\\\/#organization\",\"name\":\"MiuMjau O\u00dc\",\"url\":\"https:\\\/\\\/miumjau.ee\\\/\",\"logo\":{\"@type\":\"ImageObject\",\"inLanguage\":\"lv-LV\",\"@id\":\"https:\\\/\\\/miumjau.ee\\\/#\\\/schema\\\/logo\\\/image\\\/\",\"url\":\"https:\\\/\\\/miumjau.ee\\\/wp-content\\\/uploads\\\/2022\\\/04\\\/MiuMjau-logo-kollane.png\",\"contentUrl\":\"https:\\\/\\\/miumjau.ee\\\/wp-content\\\/uploads\\\/2022\\\/04\\\/MiuMjau-logo-kollane.png\",\"width\":219,\"height\":100,\"caption\":\"MiuMjau O\u00dc\"},\"image\":{\"@id\":\"https:\\\/\\\/miumjau.ee\\\/#\\\/schema\\\/logo\\\/image\\\/\"},\"sameAs\":[\"https:\\\/\\\/www.facebook.com\\\/miumjaupood\\\/\"]}]}<\/script>\n<!-- \/ Yoast SEO plugin. -->","yoast_head_json":{"title":"Prospera Plus Sterilized 1+ Chicken Urinary, 2 kg - MiuMjau","robots":{"index":"index","follow":"follow","max-snippet":"max-snippet:-1","max-image-preview":"max-image-preview:large","max-video-preview":"max-video-preview:-1"},"canonical":"https:\/\/miumjau.ee\/lv\/produkts\/prospera-plus-sterilized-1-chicken-urinary-2-kg\/","og_locale":"lv_LV","og_type":"article","og_title":"Prospera Plus Sterilized 1+ Chicken Urinary, 2 kg - MiuMjau","og_description":"Pilnv\u0113rt\u012bga saus\u0101 bar\u012bba ar vistu steriliz\u0113tiem un kastr\u0113tiem ka\u0137iem no 1 gada vecuma. Izveidota, lai uzlabotu ur\u012bnce\u013cu vesel\u012bbu un nov\u0113rstu ur\u012bnvielas akme\u0146u veido\u0161anos.Omega tauksk\u0101bes no lasi e\u013c\u013cas pal\u012bdz uztur\u0113t vesel\u012bgu \u0101du un skaistu ka\u017eoku.Satur prebiotisk\u0101s \u0161\u0137iedras, kas pal\u012bdz uztur\u0113t vesel\u012bgu zarnu mikrofloru.Bag\u0101tin\u0101ts ar taur\u012bnu, kurkumu, rozmar\u012bnu un dz\u0113rven\u0113m. Sast\u0101vda\u013cas: vistas olbaltums (40%), kukur\u016bza (39%), putnu tauki (5%), r\u012bsi (5%), \u017e\u0101v\u0113ti bie\u0161u sakne\u0146i (3,5%), hidroliz\u0113ta vistas akna (3%), alus raugs (3%), lasi e\u013c\u013ca (1%), zir\u0146u milti (0,459%), manan-oligosahar\u012bdi (0,011%), fruktooligosahar\u012bdi (0,009%), juka (0,006%), \u017e\u0101v\u0113ts rozmar\u012bns (0,005%), \u017e\u0101v\u0113ts kurkums (0,005%), \u017e\u0101v\u0113tas dz\u0113rvenes (0,005%). Anal\u012btisk\u0101 sast\u0101va: olbaltums 34,0%, tauki 12,0%, pelni 5,5%, \u0161\u0137iedras 2,5%, mitrums 9,0%, kalcijs 1,2%, fosfors 0,9%, n\u0101trijs 0,3%, magnijs 0,05%, omega-3 tauksk\u0101bes 0,1%, omega-6 tauksk\u0101bes 1,7%. S\u00f6\u00f6tmissoovitus:Dz\u012bvnieka svars (pieaugu\u0161ais, kg) 2\u20133 | 3\u20135 | 5\u20137 | 7\u20139 | 9\u201312Dienas deva (g) 35\u201345 | 45\u201370 | 70\u201380 | 80\u2013100 | 100\u2013125","og_url":"https:\/\/miumjau.ee\/lv\/produkts\/prospera-plus-sterilized-1-chicken-urinary-2-kg\/","og_site_name":"MiuMjau","article_publisher":"https:\/\/www.facebook.com\/miumjaupood\/","article_modified_time":"2026-01-07T19:22:19+00:00","og_image":[{"width":600,"height":800,"url":"https:\/\/miumjau.ee\/wp-content\/uploads\/2025\/09\/prospera-kuivtoit-kassile29.jpg","type":"image\/jpeg"}],"twitter_card":"summary_large_image","schema":{"@context":"https:\/\/schema.org","@graph":[{"@type":"WebPage","@id":"https:\/\/miumjau.ee\/lv\/produkts\/prospera-plus-sterilized-1-chicken-urinary-2-kg\/","url":"https:\/\/miumjau.ee\/lv\/produkts\/prospera-plus-sterilized-1-chicken-urinary-2-kg\/","name":"Prospera Plus Sterilized 1+ Chicken Urinary, 2 kg - MiuMjau","isPartOf":{"@id":"https:\/\/miumjau.ee\/#website"},"primaryImageOfPage":{"@id":"https:\/\/miumjau.ee\/lv\/produkts\/prospera-plus-sterilized-1-chicken-urinary-2-kg\/#primaryimage"},"image":{"@id":"https:\/\/miumjau.ee\/lv\/produkts\/prospera-plus-sterilized-1-chicken-urinary-2-kg\/#primaryimage"},"thumbnailUrl":"https:\/\/miumjau.ee\/wp-content\/uploads\/2025\/09\/prospera-kuivtoit-kassile29.jpg","datePublished":"2025-09-16T10:38:10+00:00","dateModified":"2026-01-07T19:22:19+00:00","breadcrumb":{"@id":"https:\/\/miumjau.ee\/lv\/produkts\/prospera-plus-sterilized-1-chicken-urinary-2-kg\/#breadcrumb"},"inLanguage":"lv-LV","potentialAction":[{"@type":"ReadAction","target":["https:\/\/miumjau.ee\/lv\/produkts\/prospera-plus-sterilized-1-chicken-urinary-2-kg\/"]}]},{"@type":"ImageObject","inLanguage":"lv-LV","@id":"https:\/\/miumjau.ee\/lv\/produkts\/prospera-plus-sterilized-1-chicken-urinary-2-kg\/#primaryimage","url":"https:\/\/miumjau.ee\/wp-content\/uploads\/2025\/09\/prospera-kuivtoit-kassile29.jpg","contentUrl":"https:\/\/miumjau.ee\/wp-content\/uploads\/2025\/09\/prospera-kuivtoit-kassile29.jpg","width":600,"height":800,"caption":"Prospera kassitoit chicken urinary 2kg"},{"@type":"BreadcrumbList","@id":"https:\/\/miumjau.ee\/lv\/produkts\/prospera-plus-sterilized-1-chicken-urinary-2-kg\/#breadcrumb","itemListElement":[{"@type":"ListItem","position":1,"name":"Home","item":"https:\/\/miumjau.ee\/lv\/"},{"@type":"ListItem","position":2,"name":"Veikals","item":"https:\/\/miumjau.ee\/lv\/veikals\/"},{"@type":"ListItem","position":3,"name":"Prospera Plus Sterilized 1+ Chicken Urinary, 2 kg"}]},{"@type":"WebSite","@id":"https:\/\/miumjau.ee\/#website","url":"https:\/\/miumjau.ee\/","name":"MiuMjau","description":"Kraapimispuud kassidele","publisher":{"@id":"https:\/\/miumjau.ee\/#organization"},"potentialAction":[{"@type":"SearchAction","target":{"@type":"EntryPoint","urlTemplate":"https:\/\/miumjau.ee\/?s={search_term_string}"},"query-input":{"@type":"PropertyValueSpecification","valueRequired":true,"valueName":"search_term_string"}}],"inLanguage":"lv-LV"},{"@type":"Organization","@id":"https:\/\/miumjau.ee\/#organization","name":"MiuMjau O\u00dc","url":"https:\/\/miumjau.ee\/","logo":{"@type":"ImageObject","inLanguage":"lv-LV","@id":"https:\/\/miumjau.ee\/#\/schema\/logo\/image\/","url":"https:\/\/miumjau.ee\/wp-content\/uploads\/2022\/04\/MiuMjau-logo-kollane.png","contentUrl":"https:\/\/miumjau.ee\/wp-content\/uploads\/2022\/04\/MiuMjau-logo-kollane.png","width":219,"height":100,"caption":"MiuMjau O\u00dc"},"image":{"@id":"https:\/\/miumjau.ee\/#\/schema\/logo\/image\/"},"sameAs":["https:\/\/www.facebook.com\/miumjaupood\/"]}]}},"_links":{"self":[{"href":"https:\/\/miumjau.ee\/lv\/wp-json\/wp\/v2\/product\/46390","targetHints":{"allow":["GET"]}}],"collection":[{"href":"https:\/\/miumjau.ee\/lv\/wp-json\/wp\/v2\/product"}],"about":[{"href":"https:\/\/miumjau.ee\/lv\/wp-json\/wp\/v2\/types\/product"}],"wp:featuredmedia":[{"embeddable":true,"href":"https:\/\/miumjau.ee\/lv\/wp-json\/wp\/v2\/media\/46344"}],"wp:attachment":[{"href":"https:\/\/miumjau.ee\/lv\/wp-json\/wp\/v2\/media?parent=46390"}],"wp:term":[{"taxonomy":"product_brand","embeddable":true,"href":"https:\/\/miumjau.ee\/lv\/wp-json\/wp\/v2\/product_brand?post=46390"},{"taxonomy":"product_cat","embeddable":true,"href":"https:\/\/miumjau.ee\/lv\/wp-json\/wp\/v2\/product_cat?post=46390"},{"taxonomy":"product_tag","embeddable":true,"href":"https:\/\/miumjau.ee\/lv\/wp-json\/wp\/v2\/product_tag?post=46390"}],"curies":[{"name":"wp","href":"https:\/\/api.w.org\/{rel}","templated":true}]}}