{"id":46382,"date":"2025-09-16T13:12:56","date_gmt":"2025-09-16T10:12:56","guid":{"rendered":"https:\/\/miumjau.ee\/toode\/prospera-plus-kitten-chicken-healthy-development-0-4kg\/"},"modified":"2026-01-07T21:22:19","modified_gmt":"2026-01-07T19:22:19","slug":"prospera-plus-kitten-chicken-healthy-development-0-4kg","status":"publish","type":"product","link":"https:\/\/miumjau.ee\/lv\/produkts\/prospera-plus-kitten-chicken-healthy-development-0-4kg\/","title":{"rendered":"Prospera Plus Kitten Chicken Healthy Development, 0.4kg"},"content":{"rendered":"","protected":false},"excerpt":{"rendered":"<p data-start=\"160\" data-end=\"242\">Pilnv\u0113rt\u012bga saus\u0101 bar\u012bba ar vistu ka\u0137\u0113niem vecum\u0101 no 4 ned\u0113\u013c\u0101m l\u012bdz 12 m\u0113ne\u0161iem.<\/p>\n<p data-start=\"244\" data-end=\"661\">Nodro\u0161ina ka\u0137\u0113na vesel\u012bgu aug\u0161anu un att\u012bst\u012bbu.<br data-start=\"291\" data-end=\"294\" \/>Piem\u0113rots ar\u012b gr\u016bsn\u0101m un z\u012bd\u012bjo\u0161\u0101m ka\u0137en\u0113m.<br data-start=\"337\" data-end=\"340\" \/>Atbalsta vesel\u012bgu smadze\u0146u un redzes att\u012bst\u012bbu, pateicoties DHA un taur\u012bna saturam no lasi e\u013c\u013cas.<br data-start=\"437\" data-end=\"440\" \/>Veicina vesel\u012bgu zobu un kaulu aug\u0161anu, pateicoties sabalans\u0113tam miner\u0101lvielu sast\u0101vam.<br data-start=\"527\" data-end=\"530\" \/>Satur kvalitat\u012bvus olbaltumvielu avotus, kas pal\u012bdz musku\u013cu att\u012bst\u012bbai.<br data-start=\"601\" data-end=\"604\" \/>Bag\u0101tin\u0101ts ar taur\u012bnu, kurkumu, rozmar\u012bnu un dz\u0113rven\u0113m.<\/p>\n<p data-start=\"663\" data-end=\"1021\"><strong data-start=\"663\" data-end=\"679\">Sast\u0101vda\u013cas:<\/strong> vistas olbaltums (42%), kukur\u016bza (30%), putnu tauki (13%), r\u012bsi (5%), hidroliz\u0113ta vistas akna (3%), \u017e\u0101v\u0113ti bie\u0161u sakne\u0146i (3%), alus raugs (2%), lasi e\u013c\u013ca (1,5%), zir\u0146u milti (0,4565%), manan-oligosahar\u012bdi (0,012%), fruktooligosahar\u012bdi (0,01%), juka (0,0065%), \u017e\u0101v\u0113ts rozmar\u012bns (0,005%), \u017e\u0101v\u0113ts kurkums (0,005%), \u017e\u0101v\u0113tas dz\u0113rvenes (0,005%).<\/p>\n<p data-start=\"1023\" data-end=\"1225\"><strong data-start=\"1023\" data-end=\"1046\">Anal\u012btisk\u0101 sast\u0101va:<\/strong> olbaltums 36,0%, tauki 17,0%, pelni 6,0%, \u0161\u0137iedras 1,5%, mitrums 9,0%, kalcijs 1,4%, fosfors 1,1%, n\u0101trijs 0,2%, magnijs 0,1%, omega-3 tauksk\u0101bes 0,2%, omega-6 tauksk\u0101bes 2,2%.<\/p>\n<p data-start=\"1227\" data-end=\"1330\"><strong data-start=\"1227\" data-end=\"1264\">Dz\u012bvnieka svars (pieaugu\u0161ais, kg)<\/strong> 1\u20134 | 4\u20137 | 7\u201312<br data-start=\"1282\" data-end=\"1285\" \/><strong data-start=\"1285\" data-end=\"1304\">Dienas deva (g)<\/strong> 30\u201360 | 60\u201385 | 85\u2013110<\/p>\n","protected":false},"featured_media":46339,"template":"","meta":[],"product_brand":[],"product_cat":[569],"product_tag":[],"class_list":{"0":"post-46382","1":"product","2":"type-product","3":"status-publish","4":"has-post-thumbnail","6":"product_cat-sausa-bariba","8":"first","9":"instock","10":"sale","11":"taxable","12":"shipping-taxable","13":"purchasable","14":"product-type-simple"},"yoast_head":"<!-- This site is optimized with the Yoast SEO plugin v27.4 - https:\/\/yoast.com\/product\/yoast-seo-wordpress\/ -->\n<title>Prospera Plus Kitten Chicken Healthy Development, 0.4kg - MiuMjau<\/title>\n<meta name=\"robots\" content=\"index, follow, max-snippet:-1, max-image-preview:large, max-video-preview:-1\" \/>\n<link rel=\"canonical\" href=\"https:\/\/miumjau.ee\/lv\/produkts\/prospera-plus-kitten-chicken-healthy-development-0-4kg\/\" \/>\n<meta property=\"og:locale\" content=\"lv_LV\" \/>\n<meta property=\"og:type\" content=\"article\" \/>\n<meta property=\"og:title\" content=\"Prospera Plus Kitten Chicken Healthy Development, 0.4kg - MiuMjau\" \/>\n<meta property=\"og:description\" content=\"Pilnv\u0113rt\u012bga saus\u0101 bar\u012bba ar vistu ka\u0137\u0113niem vecum\u0101 no 4 ned\u0113\u013c\u0101m l\u012bdz 12 m\u0113ne\u0161iem. Nodro\u0161ina ka\u0137\u0113na vesel\u012bgu aug\u0161anu un att\u012bst\u012bbu.Piem\u0113rots ar\u012b gr\u016bsn\u0101m un z\u012bd\u012bjo\u0161\u0101m ka\u0137en\u0113m.Atbalsta vesel\u012bgu smadze\u0146u un redzes att\u012bst\u012bbu, pateicoties DHA un taur\u012bna saturam no lasi e\u013c\u013cas.Veicina vesel\u012bgu zobu un kaulu aug\u0161anu, pateicoties sabalans\u0113tam miner\u0101lvielu sast\u0101vam.Satur kvalitat\u012bvus olbaltumvielu avotus, kas pal\u012bdz musku\u013cu att\u012bst\u012bbai.Bag\u0101tin\u0101ts ar taur\u012bnu, kurkumu, rozmar\u012bnu un dz\u0113rven\u0113m. Sast\u0101vda\u013cas: vistas olbaltums (42%), kukur\u016bza (30%), putnu tauki (13%), r\u012bsi (5%), hidroliz\u0113ta vistas akna (3%), \u017e\u0101v\u0113ti bie\u0161u sakne\u0146i (3%), alus raugs (2%), lasi e\u013c\u013ca (1,5%), zir\u0146u milti (0,4565%), manan-oligosahar\u012bdi (0,012%), fruktooligosahar\u012bdi (0,01%), juka (0,0065%), \u017e\u0101v\u0113ts rozmar\u012bns (0,005%), \u017e\u0101v\u0113ts kurkums (0,005%), \u017e\u0101v\u0113tas dz\u0113rvenes (0,005%). Anal\u012btisk\u0101 sast\u0101va: olbaltums 36,0%, tauki 17,0%, pelni 6,0%, \u0161\u0137iedras 1,5%, mitrums 9,0%, kalcijs 1,4%, fosfors 1,1%, n\u0101trijs 0,2%, magnijs 0,1%, omega-3 tauksk\u0101bes 0,2%, omega-6 tauksk\u0101bes 2,2%. Dz\u012bvnieka svars (pieaugu\u0161ais, kg) 1\u20134 | 4\u20137 | 7\u201312Dienas deva (g) 30\u201360 | 60\u201385 | 85\u2013110\" \/>\n<meta property=\"og:url\" content=\"https:\/\/miumjau.ee\/lv\/produkts\/prospera-plus-kitten-chicken-healthy-development-0-4kg\/\" \/>\n<meta property=\"og:site_name\" content=\"MiuMjau\" \/>\n<meta property=\"article:publisher\" content=\"https:\/\/www.facebook.com\/miumjaupood\/\" \/>\n<meta property=\"article:modified_time\" content=\"2026-01-07T19:22:19+00:00\" \/>\n<meta property=\"og:image\" content=\"https:\/\/miumjau.ee\/wp-content\/uploads\/2025\/09\/prospera-kuivtoit-kassile24.jpg\" \/>\n\t<meta property=\"og:image:width\" content=\"600\" \/>\n\t<meta property=\"og:image:height\" content=\"800\" \/>\n\t<meta property=\"og:image:type\" content=\"image\/jpeg\" \/>\n<meta name=\"twitter:card\" content=\"summary_large_image\" \/>\n<script type=\"application\/ld+json\" class=\"yoast-schema-graph\">{\"@context\":\"https:\\\/\\\/schema.org\",\"@graph\":[{\"@type\":\"WebPage\",\"@id\":\"https:\\\/\\\/miumjau.ee\\\/lv\\\/produkts\\\/prospera-plus-kitten-chicken-healthy-development-0-4kg\\\/\",\"url\":\"https:\\\/\\\/miumjau.ee\\\/lv\\\/produkts\\\/prospera-plus-kitten-chicken-healthy-development-0-4kg\\\/\",\"name\":\"Prospera Plus Kitten Chicken Healthy Development, 0.4kg - MiuMjau\",\"isPartOf\":{\"@id\":\"https:\\\/\\\/miumjau.ee\\\/#website\"},\"primaryImageOfPage\":{\"@id\":\"https:\\\/\\\/miumjau.ee\\\/lv\\\/produkts\\\/prospera-plus-kitten-chicken-healthy-development-0-4kg\\\/#primaryimage\"},\"image\":{\"@id\":\"https:\\\/\\\/miumjau.ee\\\/lv\\\/produkts\\\/prospera-plus-kitten-chicken-healthy-development-0-4kg\\\/#primaryimage\"},\"thumbnailUrl\":\"https:\\\/\\\/miumjau.ee\\\/wp-content\\\/uploads\\\/2025\\\/09\\\/prospera-kuivtoit-kassile24.jpg\",\"datePublished\":\"2025-09-16T10:12:56+00:00\",\"dateModified\":\"2026-01-07T19:22:19+00:00\",\"breadcrumb\":{\"@id\":\"https:\\\/\\\/miumjau.ee\\\/lv\\\/produkts\\\/prospera-plus-kitten-chicken-healthy-development-0-4kg\\\/#breadcrumb\"},\"inLanguage\":\"lv-LV\",\"potentialAction\":[{\"@type\":\"ReadAction\",\"target\":[\"https:\\\/\\\/miumjau.ee\\\/lv\\\/produkts\\\/prospera-plus-kitten-chicken-healthy-development-0-4kg\\\/\"]}]},{\"@type\":\"ImageObject\",\"inLanguage\":\"lv-LV\",\"@id\":\"https:\\\/\\\/miumjau.ee\\\/lv\\\/produkts\\\/prospera-plus-kitten-chicken-healthy-development-0-4kg\\\/#primaryimage\",\"url\":\"https:\\\/\\\/miumjau.ee\\\/wp-content\\\/uploads\\\/2025\\\/09\\\/prospera-kuivtoit-kassile24.jpg\",\"contentUrl\":\"https:\\\/\\\/miumjau.ee\\\/wp-content\\\/uploads\\\/2025\\\/09\\\/prospera-kuivtoit-kassile24.jpg\",\"width\":600,\"height\":800,\"caption\":\"Prospera Plus Kitten Chicken Healthy Development, 0.4kg\"},{\"@type\":\"BreadcrumbList\",\"@id\":\"https:\\\/\\\/miumjau.ee\\\/lv\\\/produkts\\\/prospera-plus-kitten-chicken-healthy-development-0-4kg\\\/#breadcrumb\",\"itemListElement\":[{\"@type\":\"ListItem\",\"position\":1,\"name\":\"Home\",\"item\":\"https:\\\/\\\/miumjau.ee\\\/lv\\\/\"},{\"@type\":\"ListItem\",\"position\":2,\"name\":\"Veikals\",\"item\":\"https:\\\/\\\/miumjau.ee\\\/lv\\\/veikals\\\/\"},{\"@type\":\"ListItem\",\"position\":3,\"name\":\"Prospera Plus Kitten Chicken Healthy Development, 0.4kg\"}]},{\"@type\":\"WebSite\",\"@id\":\"https:\\\/\\\/miumjau.ee\\\/#website\",\"url\":\"https:\\\/\\\/miumjau.ee\\\/\",\"name\":\"MiuMjau\",\"description\":\"Kraapimispuud kassidele\",\"publisher\":{\"@id\":\"https:\\\/\\\/miumjau.ee\\\/#organization\"},\"potentialAction\":[{\"@type\":\"SearchAction\",\"target\":{\"@type\":\"EntryPoint\",\"urlTemplate\":\"https:\\\/\\\/miumjau.ee\\\/?s={search_term_string}\"},\"query-input\":{\"@type\":\"PropertyValueSpecification\",\"valueRequired\":true,\"valueName\":\"search_term_string\"}}],\"inLanguage\":\"lv-LV\"},{\"@type\":\"Organization\",\"@id\":\"https:\\\/\\\/miumjau.ee\\\/#organization\",\"name\":\"MiuMjau O\u00dc\",\"url\":\"https:\\\/\\\/miumjau.ee\\\/\",\"logo\":{\"@type\":\"ImageObject\",\"inLanguage\":\"lv-LV\",\"@id\":\"https:\\\/\\\/miumjau.ee\\\/#\\\/schema\\\/logo\\\/image\\\/\",\"url\":\"https:\\\/\\\/miumjau.ee\\\/wp-content\\\/uploads\\\/2022\\\/04\\\/MiuMjau-logo-kollane.png\",\"contentUrl\":\"https:\\\/\\\/miumjau.ee\\\/wp-content\\\/uploads\\\/2022\\\/04\\\/MiuMjau-logo-kollane.png\",\"width\":219,\"height\":100,\"caption\":\"MiuMjau O\u00dc\"},\"image\":{\"@id\":\"https:\\\/\\\/miumjau.ee\\\/#\\\/schema\\\/logo\\\/image\\\/\"},\"sameAs\":[\"https:\\\/\\\/www.facebook.com\\\/miumjaupood\\\/\"]}]}<\/script>\n<!-- \/ Yoast SEO plugin. -->","yoast_head_json":{"title":"Prospera Plus Kitten Chicken Healthy Development, 0.4kg - MiuMjau","robots":{"index":"index","follow":"follow","max-snippet":"max-snippet:-1","max-image-preview":"max-image-preview:large","max-video-preview":"max-video-preview:-1"},"canonical":"https:\/\/miumjau.ee\/lv\/produkts\/prospera-plus-kitten-chicken-healthy-development-0-4kg\/","og_locale":"lv_LV","og_type":"article","og_title":"Prospera Plus Kitten Chicken Healthy Development, 0.4kg - MiuMjau","og_description":"Pilnv\u0113rt\u012bga saus\u0101 bar\u012bba ar vistu ka\u0137\u0113niem vecum\u0101 no 4 ned\u0113\u013c\u0101m l\u012bdz 12 m\u0113ne\u0161iem. Nodro\u0161ina ka\u0137\u0113na vesel\u012bgu aug\u0161anu un att\u012bst\u012bbu.Piem\u0113rots ar\u012b gr\u016bsn\u0101m un z\u012bd\u012bjo\u0161\u0101m ka\u0137en\u0113m.Atbalsta vesel\u012bgu smadze\u0146u un redzes att\u012bst\u012bbu, pateicoties DHA un taur\u012bna saturam no lasi e\u013c\u013cas.Veicina vesel\u012bgu zobu un kaulu aug\u0161anu, pateicoties sabalans\u0113tam miner\u0101lvielu sast\u0101vam.Satur kvalitat\u012bvus olbaltumvielu avotus, kas pal\u012bdz musku\u013cu att\u012bst\u012bbai.Bag\u0101tin\u0101ts ar taur\u012bnu, kurkumu, rozmar\u012bnu un dz\u0113rven\u0113m. Sast\u0101vda\u013cas: vistas olbaltums (42%), kukur\u016bza (30%), putnu tauki (13%), r\u012bsi (5%), hidroliz\u0113ta vistas akna (3%), \u017e\u0101v\u0113ti bie\u0161u sakne\u0146i (3%), alus raugs (2%), lasi e\u013c\u013ca (1,5%), zir\u0146u milti (0,4565%), manan-oligosahar\u012bdi (0,012%), fruktooligosahar\u012bdi (0,01%), juka (0,0065%), \u017e\u0101v\u0113ts rozmar\u012bns (0,005%), \u017e\u0101v\u0113ts kurkums (0,005%), \u017e\u0101v\u0113tas dz\u0113rvenes (0,005%). Anal\u012btisk\u0101 sast\u0101va: olbaltums 36,0%, tauki 17,0%, pelni 6,0%, \u0161\u0137iedras 1,5%, mitrums 9,0%, kalcijs 1,4%, fosfors 1,1%, n\u0101trijs 0,2%, magnijs 0,1%, omega-3 tauksk\u0101bes 0,2%, omega-6 tauksk\u0101bes 2,2%. Dz\u012bvnieka svars (pieaugu\u0161ais, kg) 1\u20134 | 4\u20137 | 7\u201312Dienas deva (g) 30\u201360 | 60\u201385 | 85\u2013110","og_url":"https:\/\/miumjau.ee\/lv\/produkts\/prospera-plus-kitten-chicken-healthy-development-0-4kg\/","og_site_name":"MiuMjau","article_publisher":"https:\/\/www.facebook.com\/miumjaupood\/","article_modified_time":"2026-01-07T19:22:19+00:00","og_image":[{"width":600,"height":800,"url":"https:\/\/miumjau.ee\/wp-content\/uploads\/2025\/09\/prospera-kuivtoit-kassile24.jpg","type":"image\/jpeg"}],"twitter_card":"summary_large_image","schema":{"@context":"https:\/\/schema.org","@graph":[{"@type":"WebPage","@id":"https:\/\/miumjau.ee\/lv\/produkts\/prospera-plus-kitten-chicken-healthy-development-0-4kg\/","url":"https:\/\/miumjau.ee\/lv\/produkts\/prospera-plus-kitten-chicken-healthy-development-0-4kg\/","name":"Prospera Plus Kitten Chicken Healthy Development, 0.4kg - MiuMjau","isPartOf":{"@id":"https:\/\/miumjau.ee\/#website"},"primaryImageOfPage":{"@id":"https:\/\/miumjau.ee\/lv\/produkts\/prospera-plus-kitten-chicken-healthy-development-0-4kg\/#primaryimage"},"image":{"@id":"https:\/\/miumjau.ee\/lv\/produkts\/prospera-plus-kitten-chicken-healthy-development-0-4kg\/#primaryimage"},"thumbnailUrl":"https:\/\/miumjau.ee\/wp-content\/uploads\/2025\/09\/prospera-kuivtoit-kassile24.jpg","datePublished":"2025-09-16T10:12:56+00:00","dateModified":"2026-01-07T19:22:19+00:00","breadcrumb":{"@id":"https:\/\/miumjau.ee\/lv\/produkts\/prospera-plus-kitten-chicken-healthy-development-0-4kg\/#breadcrumb"},"inLanguage":"lv-LV","potentialAction":[{"@type":"ReadAction","target":["https:\/\/miumjau.ee\/lv\/produkts\/prospera-plus-kitten-chicken-healthy-development-0-4kg\/"]}]},{"@type":"ImageObject","inLanguage":"lv-LV","@id":"https:\/\/miumjau.ee\/lv\/produkts\/prospera-plus-kitten-chicken-healthy-development-0-4kg\/#primaryimage","url":"https:\/\/miumjau.ee\/wp-content\/uploads\/2025\/09\/prospera-kuivtoit-kassile24.jpg","contentUrl":"https:\/\/miumjau.ee\/wp-content\/uploads\/2025\/09\/prospera-kuivtoit-kassile24.jpg","width":600,"height":800,"caption":"Prospera Plus Kitten Chicken Healthy Development, 0.4kg"},{"@type":"BreadcrumbList","@id":"https:\/\/miumjau.ee\/lv\/produkts\/prospera-plus-kitten-chicken-healthy-development-0-4kg\/#breadcrumb","itemListElement":[{"@type":"ListItem","position":1,"name":"Home","item":"https:\/\/miumjau.ee\/lv\/"},{"@type":"ListItem","position":2,"name":"Veikals","item":"https:\/\/miumjau.ee\/lv\/veikals\/"},{"@type":"ListItem","position":3,"name":"Prospera Plus Kitten Chicken Healthy Development, 0.4kg"}]},{"@type":"WebSite","@id":"https:\/\/miumjau.ee\/#website","url":"https:\/\/miumjau.ee\/","name":"MiuMjau","description":"Kraapimispuud kassidele","publisher":{"@id":"https:\/\/miumjau.ee\/#organization"},"potentialAction":[{"@type":"SearchAction","target":{"@type":"EntryPoint","urlTemplate":"https:\/\/miumjau.ee\/?s={search_term_string}"},"query-input":{"@type":"PropertyValueSpecification","valueRequired":true,"valueName":"search_term_string"}}],"inLanguage":"lv-LV"},{"@type":"Organization","@id":"https:\/\/miumjau.ee\/#organization","name":"MiuMjau O\u00dc","url":"https:\/\/miumjau.ee\/","logo":{"@type":"ImageObject","inLanguage":"lv-LV","@id":"https:\/\/miumjau.ee\/#\/schema\/logo\/image\/","url":"https:\/\/miumjau.ee\/wp-content\/uploads\/2022\/04\/MiuMjau-logo-kollane.png","contentUrl":"https:\/\/miumjau.ee\/wp-content\/uploads\/2022\/04\/MiuMjau-logo-kollane.png","width":219,"height":100,"caption":"MiuMjau O\u00dc"},"image":{"@id":"https:\/\/miumjau.ee\/#\/schema\/logo\/image\/"},"sameAs":["https:\/\/www.facebook.com\/miumjaupood\/"]}]}},"_links":{"self":[{"href":"https:\/\/miumjau.ee\/lv\/wp-json\/wp\/v2\/product\/46382","targetHints":{"allow":["GET"]}}],"collection":[{"href":"https:\/\/miumjau.ee\/lv\/wp-json\/wp\/v2\/product"}],"about":[{"href":"https:\/\/miumjau.ee\/lv\/wp-json\/wp\/v2\/types\/product"}],"wp:featuredmedia":[{"embeddable":true,"href":"https:\/\/miumjau.ee\/lv\/wp-json\/wp\/v2\/media\/46339"}],"wp:attachment":[{"href":"https:\/\/miumjau.ee\/lv\/wp-json\/wp\/v2\/media?parent=46382"}],"wp:term":[{"taxonomy":"product_brand","embeddable":true,"href":"https:\/\/miumjau.ee\/lv\/wp-json\/wp\/v2\/product_brand?post=46382"},{"taxonomy":"product_cat","embeddable":true,"href":"https:\/\/miumjau.ee\/lv\/wp-json\/wp\/v2\/product_cat?post=46382"},{"taxonomy":"product_tag","embeddable":true,"href":"https:\/\/miumjau.ee\/lv\/wp-json\/wp\/v2\/product_tag?post=46382"}],"curies":[{"name":"wp","href":"https:\/\/api.w.org\/{rel}","templated":true}]}}