{"id":46370,"date":"2025-09-16T13:12:09","date_gmt":"2025-09-16T10:12:09","guid":{"rendered":"https:\/\/miumjau.ee\/toode\/prospera-plus-indoor-1-salmon-long-hair-0-4kg\/"},"modified":"2026-01-07T21:22:26","modified_gmt":"2026-01-07T19:22:26","slug":"prospera-plus-indoor-1-salmon-long-hair-0-4kg","status":"publish","type":"product","link":"https:\/\/miumjau.ee\/lv\/produkts\/prospera-plus-indoor-1-salmon-long-hair-0-4kg\/","title":{"rendered":"Prospera Plus Indoor 1+ Salmon Long Hair, 0.4kg"},"content":{"rendered":"","protected":false},"excerpt":{"rendered":"<p data-start=\"152\" data-end=\"223\">Pilnv\u0113rt\u012bga saus\u0101 bar\u012bba ar lasi pieaugu\u0161iem ka\u0137iem no 1 gada vecuma.<\/p>\n<p data-start=\"225\" data-end=\"560\">Piem\u0113rots istabas ka\u0137iem, \u012bpa\u0161i garspalvainiem ka\u0137iem.<br data-start=\"279\" data-end=\"282\" \/>Tauksk\u0101bes no lasi e\u013c\u013cas pal\u012bdz uztur\u0113t vesel\u012bgu \u0101du un skaistu ka\u017eoku.<br data-start=\"353\" data-end=\"356\" \/>Bag\u0101ts ar \u0161\u0137iedrviel\u0101m, kas pal\u012bdz dabiski likvid\u0113t bezo\u0101rus (nor\u012bt\u0101s spalvu kamoli\u0146us).<br data-start=\"444\" data-end=\"447\" \/>Satur MOS un FOS prebiotikas, kas atbalsta gremo\u0161anu.<br data-start=\"500\" data-end=\"503\" \/>Bag\u0101tin\u0101ts ar taur\u012bnu, kurkumu, rozmar\u012bnu un dz\u0113rven\u0113m.<\/p>\n<p data-start=\"562\" data-end=\"936\"><strong data-start=\"562\" data-end=\"578\">Sast\u0101vda\u013cas:<\/strong> lasi olbaltums (36%), kukur\u016bza (36%), putnu tauki (8%), r\u012bsi (5%), lignoceluloze (5%), hidroliz\u0113ta vistas akna (3%), \u017e\u0101v\u0113ti bie\u0161u sakne\u0146i (3%), alus raugs (2%), lasi e\u013c\u013ca (1,5%), zir\u0146u milti (0,459%), manan-oligosahar\u012bdi (0,011%), fruktooligosahar\u012bdi (0,009%), juka (0,006%), \u017e\u0101v\u0113ts rozmar\u012bns (0,005%), \u017e\u0101v\u0113ts kurkums (0,005%), \u017e\u0101v\u0113tas dz\u0113rvenes (0,005%).<\/p>\n<p data-start=\"938\" data-end=\"1141\"><strong data-start=\"938\" data-end=\"961\">Anal\u012btisk\u0101 sast\u0101va:<\/strong> olbaltums 34,0%, tauki 14,0%, pelni 5,5%, \u0161\u0137iedras 5,2%, mitrums 10,0%, kalcijs 1,2%, fosfors 0,8%, n\u0101trijs 0,2%, magnijs 0,1%, omega-3 tauksk\u0101bes 0,4%, omega-6 tauksk\u0101bes 1,9%.<\/p>\n<p data-start=\"1143\" data-end=\"1274\"><strong data-start=\"1143\" data-end=\"1180\">Dz\u012bvnieka svars (pieaugu\u0161ais, kg)<\/strong> 2\u20133 | 3\u20135 | 5\u20137 | 7\u20139 | 9\u201312<br data-start=\"1210\" data-end=\"1213\" \/><strong data-start=\"1213\" data-end=\"1232\">Dienas deva (g)<\/strong> 35\u201345 | 45\u201365 | 65\u201375 | 75\u201395 | 95\u2013130<\/p>\n","protected":false},"featured_media":46348,"template":"","meta":[],"product_brand":[],"product_cat":[569],"product_tag":[],"class_list":{"0":"post-46370","1":"product","2":"type-product","3":"status-publish","4":"has-post-thumbnail","6":"product_cat-sausa-bariba","8":"first","9":"instock","10":"sale","11":"taxable","12":"shipping-taxable","13":"purchasable","14":"product-type-simple"},"yoast_head":"<!-- This site is optimized with the Yoast SEO plugin v27.4 - https:\/\/yoast.com\/product\/yoast-seo-wordpress\/ -->\n<title>Prospera Plus Indoor 1+ Salmon Long Hair, 0.4kg - MiuMjau<\/title>\n<meta name=\"robots\" content=\"index, follow, max-snippet:-1, max-image-preview:large, max-video-preview:-1\" \/>\n<link rel=\"canonical\" href=\"https:\/\/miumjau.ee\/lv\/produkts\/prospera-plus-indoor-1-salmon-long-hair-0-4kg\/\" \/>\n<meta property=\"og:locale\" content=\"lv_LV\" \/>\n<meta property=\"og:type\" content=\"article\" \/>\n<meta property=\"og:title\" content=\"Prospera Plus Indoor 1+ Salmon Long Hair, 0.4kg - MiuMjau\" \/>\n<meta property=\"og:description\" content=\"Pilnv\u0113rt\u012bga saus\u0101 bar\u012bba ar lasi pieaugu\u0161iem ka\u0137iem no 1 gada vecuma. Piem\u0113rots istabas ka\u0137iem, \u012bpa\u0161i garspalvainiem ka\u0137iem.Tauksk\u0101bes no lasi e\u013c\u013cas pal\u012bdz uztur\u0113t vesel\u012bgu \u0101du un skaistu ka\u017eoku.Bag\u0101ts ar \u0161\u0137iedrviel\u0101m, kas pal\u012bdz dabiski likvid\u0113t bezo\u0101rus (nor\u012bt\u0101s spalvu kamoli\u0146us).Satur MOS un FOS prebiotikas, kas atbalsta gremo\u0161anu.Bag\u0101tin\u0101ts ar taur\u012bnu, kurkumu, rozmar\u012bnu un dz\u0113rven\u0113m. Sast\u0101vda\u013cas: lasi olbaltums (36%), kukur\u016bza (36%), putnu tauki (8%), r\u012bsi (5%), lignoceluloze (5%), hidroliz\u0113ta vistas akna (3%), \u017e\u0101v\u0113ti bie\u0161u sakne\u0146i (3%), alus raugs (2%), lasi e\u013c\u013ca (1,5%), zir\u0146u milti (0,459%), manan-oligosahar\u012bdi (0,011%), fruktooligosahar\u012bdi (0,009%), juka (0,006%), \u017e\u0101v\u0113ts rozmar\u012bns (0,005%), \u017e\u0101v\u0113ts kurkums (0,005%), \u017e\u0101v\u0113tas dz\u0113rvenes (0,005%). Anal\u012btisk\u0101 sast\u0101va: olbaltums 34,0%, tauki 14,0%, pelni 5,5%, \u0161\u0137iedras 5,2%, mitrums 10,0%, kalcijs 1,2%, fosfors 0,8%, n\u0101trijs 0,2%, magnijs 0,1%, omega-3 tauksk\u0101bes 0,4%, omega-6 tauksk\u0101bes 1,9%. Dz\u012bvnieka svars (pieaugu\u0161ais, kg) 2\u20133 | 3\u20135 | 5\u20137 | 7\u20139 | 9\u201312Dienas deva (g) 35\u201345 | 45\u201365 | 65\u201375 | 75\u201395 | 95\u2013130\" \/>\n<meta property=\"og:url\" content=\"https:\/\/miumjau.ee\/lv\/produkts\/prospera-plus-indoor-1-salmon-long-hair-0-4kg\/\" \/>\n<meta property=\"og:site_name\" content=\"MiuMjau\" \/>\n<meta property=\"article:publisher\" content=\"https:\/\/www.facebook.com\/miumjaupood\/\" \/>\n<meta property=\"article:modified_time\" content=\"2026-01-07T19:22:26+00:00\" \/>\n<meta property=\"og:image\" content=\"https:\/\/miumjau.ee\/wp-content\/uploads\/2025\/09\/prospera-kuivtoit-kassile33.jpg\" \/>\n\t<meta property=\"og:image:width\" content=\"600\" \/>\n\t<meta property=\"og:image:height\" content=\"800\" \/>\n\t<meta property=\"og:image:type\" content=\"image\/jpeg\" \/>\n<meta name=\"twitter:card\" content=\"summary_large_image\" \/>\n<script type=\"application\/ld+json\" class=\"yoast-schema-graph\">{\"@context\":\"https:\\\/\\\/schema.org\",\"@graph\":[{\"@type\":\"WebPage\",\"@id\":\"https:\\\/\\\/miumjau.ee\\\/lv\\\/produkts\\\/prospera-plus-indoor-1-salmon-long-hair-0-4kg\\\/\",\"url\":\"https:\\\/\\\/miumjau.ee\\\/lv\\\/produkts\\\/prospera-plus-indoor-1-salmon-long-hair-0-4kg\\\/\",\"name\":\"Prospera Plus Indoor 1+ Salmon Long Hair, 0.4kg - MiuMjau\",\"isPartOf\":{\"@id\":\"https:\\\/\\\/miumjau.ee\\\/#website\"},\"primaryImageOfPage\":{\"@id\":\"https:\\\/\\\/miumjau.ee\\\/lv\\\/produkts\\\/prospera-plus-indoor-1-salmon-long-hair-0-4kg\\\/#primaryimage\"},\"image\":{\"@id\":\"https:\\\/\\\/miumjau.ee\\\/lv\\\/produkts\\\/prospera-plus-indoor-1-salmon-long-hair-0-4kg\\\/#primaryimage\"},\"thumbnailUrl\":\"https:\\\/\\\/miumjau.ee\\\/wp-content\\\/uploads\\\/2025\\\/09\\\/prospera-kuivtoit-kassile33.jpg\",\"datePublished\":\"2025-09-16T10:12:09+00:00\",\"dateModified\":\"2026-01-07T19:22:26+00:00\",\"breadcrumb\":{\"@id\":\"https:\\\/\\\/miumjau.ee\\\/lv\\\/produkts\\\/prospera-plus-indoor-1-salmon-long-hair-0-4kg\\\/#breadcrumb\"},\"inLanguage\":\"lv-LV\",\"potentialAction\":[{\"@type\":\"ReadAction\",\"target\":[\"https:\\\/\\\/miumjau.ee\\\/lv\\\/produkts\\\/prospera-plus-indoor-1-salmon-long-hair-0-4kg\\\/\"]}]},{\"@type\":\"ImageObject\",\"inLanguage\":\"lv-LV\",\"@id\":\"https:\\\/\\\/miumjau.ee\\\/lv\\\/produkts\\\/prospera-plus-indoor-1-salmon-long-hair-0-4kg\\\/#primaryimage\",\"url\":\"https:\\\/\\\/miumjau.ee\\\/wp-content\\\/uploads\\\/2025\\\/09\\\/prospera-kuivtoit-kassile33.jpg\",\"contentUrl\":\"https:\\\/\\\/miumjau.ee\\\/wp-content\\\/uploads\\\/2025\\\/09\\\/prospera-kuivtoit-kassile33.jpg\",\"width\":600,\"height\":800,\"caption\":\"Prospera Plus Indoor 1+ Salmon Long Hair, 0.4kg\"},{\"@type\":\"BreadcrumbList\",\"@id\":\"https:\\\/\\\/miumjau.ee\\\/lv\\\/produkts\\\/prospera-plus-indoor-1-salmon-long-hair-0-4kg\\\/#breadcrumb\",\"itemListElement\":[{\"@type\":\"ListItem\",\"position\":1,\"name\":\"Home\",\"item\":\"https:\\\/\\\/miumjau.ee\\\/lv\\\/\"},{\"@type\":\"ListItem\",\"position\":2,\"name\":\"Veikals\",\"item\":\"https:\\\/\\\/miumjau.ee\\\/lv\\\/veikals\\\/\"},{\"@type\":\"ListItem\",\"position\":3,\"name\":\"Prospera Plus Indoor 1+ Salmon Long Hair, 0.4kg\"}]},{\"@type\":\"WebSite\",\"@id\":\"https:\\\/\\\/miumjau.ee\\\/#website\",\"url\":\"https:\\\/\\\/miumjau.ee\\\/\",\"name\":\"MiuMjau\",\"description\":\"Kraapimispuud kassidele\",\"publisher\":{\"@id\":\"https:\\\/\\\/miumjau.ee\\\/#organization\"},\"potentialAction\":[{\"@type\":\"SearchAction\",\"target\":{\"@type\":\"EntryPoint\",\"urlTemplate\":\"https:\\\/\\\/miumjau.ee\\\/?s={search_term_string}\"},\"query-input\":{\"@type\":\"PropertyValueSpecification\",\"valueRequired\":true,\"valueName\":\"search_term_string\"}}],\"inLanguage\":\"lv-LV\"},{\"@type\":\"Organization\",\"@id\":\"https:\\\/\\\/miumjau.ee\\\/#organization\",\"name\":\"MiuMjau O\u00dc\",\"url\":\"https:\\\/\\\/miumjau.ee\\\/\",\"logo\":{\"@type\":\"ImageObject\",\"inLanguage\":\"lv-LV\",\"@id\":\"https:\\\/\\\/miumjau.ee\\\/#\\\/schema\\\/logo\\\/image\\\/\",\"url\":\"https:\\\/\\\/miumjau.ee\\\/wp-content\\\/uploads\\\/2022\\\/04\\\/MiuMjau-logo-kollane.png\",\"contentUrl\":\"https:\\\/\\\/miumjau.ee\\\/wp-content\\\/uploads\\\/2022\\\/04\\\/MiuMjau-logo-kollane.png\",\"width\":219,\"height\":100,\"caption\":\"MiuMjau O\u00dc\"},\"image\":{\"@id\":\"https:\\\/\\\/miumjau.ee\\\/#\\\/schema\\\/logo\\\/image\\\/\"},\"sameAs\":[\"https:\\\/\\\/www.facebook.com\\\/miumjaupood\\\/\"]}]}<\/script>\n<!-- \/ Yoast SEO plugin. -->","yoast_head_json":{"title":"Prospera Plus Indoor 1+ Salmon Long Hair, 0.4kg - MiuMjau","robots":{"index":"index","follow":"follow","max-snippet":"max-snippet:-1","max-image-preview":"max-image-preview:large","max-video-preview":"max-video-preview:-1"},"canonical":"https:\/\/miumjau.ee\/lv\/produkts\/prospera-plus-indoor-1-salmon-long-hair-0-4kg\/","og_locale":"lv_LV","og_type":"article","og_title":"Prospera Plus Indoor 1+ Salmon Long Hair, 0.4kg - MiuMjau","og_description":"Pilnv\u0113rt\u012bga saus\u0101 bar\u012bba ar lasi pieaugu\u0161iem ka\u0137iem no 1 gada vecuma. Piem\u0113rots istabas ka\u0137iem, \u012bpa\u0161i garspalvainiem ka\u0137iem.Tauksk\u0101bes no lasi e\u013c\u013cas pal\u012bdz uztur\u0113t vesel\u012bgu \u0101du un skaistu ka\u017eoku.Bag\u0101ts ar \u0161\u0137iedrviel\u0101m, kas pal\u012bdz dabiski likvid\u0113t bezo\u0101rus (nor\u012bt\u0101s spalvu kamoli\u0146us).Satur MOS un FOS prebiotikas, kas atbalsta gremo\u0161anu.Bag\u0101tin\u0101ts ar taur\u012bnu, kurkumu, rozmar\u012bnu un dz\u0113rven\u0113m. Sast\u0101vda\u013cas: lasi olbaltums (36%), kukur\u016bza (36%), putnu tauki (8%), r\u012bsi (5%), lignoceluloze (5%), hidroliz\u0113ta vistas akna (3%), \u017e\u0101v\u0113ti bie\u0161u sakne\u0146i (3%), alus raugs (2%), lasi e\u013c\u013ca (1,5%), zir\u0146u milti (0,459%), manan-oligosahar\u012bdi (0,011%), fruktooligosahar\u012bdi (0,009%), juka (0,006%), \u017e\u0101v\u0113ts rozmar\u012bns (0,005%), \u017e\u0101v\u0113ts kurkums (0,005%), \u017e\u0101v\u0113tas dz\u0113rvenes (0,005%). Anal\u012btisk\u0101 sast\u0101va: olbaltums 34,0%, tauki 14,0%, pelni 5,5%, \u0161\u0137iedras 5,2%, mitrums 10,0%, kalcijs 1,2%, fosfors 0,8%, n\u0101trijs 0,2%, magnijs 0,1%, omega-3 tauksk\u0101bes 0,4%, omega-6 tauksk\u0101bes 1,9%. Dz\u012bvnieka svars (pieaugu\u0161ais, kg) 2\u20133 | 3\u20135 | 5\u20137 | 7\u20139 | 9\u201312Dienas deva (g) 35\u201345 | 45\u201365 | 65\u201375 | 75\u201395 | 95\u2013130","og_url":"https:\/\/miumjau.ee\/lv\/produkts\/prospera-plus-indoor-1-salmon-long-hair-0-4kg\/","og_site_name":"MiuMjau","article_publisher":"https:\/\/www.facebook.com\/miumjaupood\/","article_modified_time":"2026-01-07T19:22:26+00:00","og_image":[{"width":600,"height":800,"url":"https:\/\/miumjau.ee\/wp-content\/uploads\/2025\/09\/prospera-kuivtoit-kassile33.jpg","type":"image\/jpeg"}],"twitter_card":"summary_large_image","schema":{"@context":"https:\/\/schema.org","@graph":[{"@type":"WebPage","@id":"https:\/\/miumjau.ee\/lv\/produkts\/prospera-plus-indoor-1-salmon-long-hair-0-4kg\/","url":"https:\/\/miumjau.ee\/lv\/produkts\/prospera-plus-indoor-1-salmon-long-hair-0-4kg\/","name":"Prospera Plus Indoor 1+ Salmon Long Hair, 0.4kg - MiuMjau","isPartOf":{"@id":"https:\/\/miumjau.ee\/#website"},"primaryImageOfPage":{"@id":"https:\/\/miumjau.ee\/lv\/produkts\/prospera-plus-indoor-1-salmon-long-hair-0-4kg\/#primaryimage"},"image":{"@id":"https:\/\/miumjau.ee\/lv\/produkts\/prospera-plus-indoor-1-salmon-long-hair-0-4kg\/#primaryimage"},"thumbnailUrl":"https:\/\/miumjau.ee\/wp-content\/uploads\/2025\/09\/prospera-kuivtoit-kassile33.jpg","datePublished":"2025-09-16T10:12:09+00:00","dateModified":"2026-01-07T19:22:26+00:00","breadcrumb":{"@id":"https:\/\/miumjau.ee\/lv\/produkts\/prospera-plus-indoor-1-salmon-long-hair-0-4kg\/#breadcrumb"},"inLanguage":"lv-LV","potentialAction":[{"@type":"ReadAction","target":["https:\/\/miumjau.ee\/lv\/produkts\/prospera-plus-indoor-1-salmon-long-hair-0-4kg\/"]}]},{"@type":"ImageObject","inLanguage":"lv-LV","@id":"https:\/\/miumjau.ee\/lv\/produkts\/prospera-plus-indoor-1-salmon-long-hair-0-4kg\/#primaryimage","url":"https:\/\/miumjau.ee\/wp-content\/uploads\/2025\/09\/prospera-kuivtoit-kassile33.jpg","contentUrl":"https:\/\/miumjau.ee\/wp-content\/uploads\/2025\/09\/prospera-kuivtoit-kassile33.jpg","width":600,"height":800,"caption":"Prospera Plus Indoor 1+ Salmon Long Hair, 0.4kg"},{"@type":"BreadcrumbList","@id":"https:\/\/miumjau.ee\/lv\/produkts\/prospera-plus-indoor-1-salmon-long-hair-0-4kg\/#breadcrumb","itemListElement":[{"@type":"ListItem","position":1,"name":"Home","item":"https:\/\/miumjau.ee\/lv\/"},{"@type":"ListItem","position":2,"name":"Veikals","item":"https:\/\/miumjau.ee\/lv\/veikals\/"},{"@type":"ListItem","position":3,"name":"Prospera Plus Indoor 1+ Salmon Long Hair, 0.4kg"}]},{"@type":"WebSite","@id":"https:\/\/miumjau.ee\/#website","url":"https:\/\/miumjau.ee\/","name":"MiuMjau","description":"Kraapimispuud kassidele","publisher":{"@id":"https:\/\/miumjau.ee\/#organization"},"potentialAction":[{"@type":"SearchAction","target":{"@type":"EntryPoint","urlTemplate":"https:\/\/miumjau.ee\/?s={search_term_string}"},"query-input":{"@type":"PropertyValueSpecification","valueRequired":true,"valueName":"search_term_string"}}],"inLanguage":"lv-LV"},{"@type":"Organization","@id":"https:\/\/miumjau.ee\/#organization","name":"MiuMjau O\u00dc","url":"https:\/\/miumjau.ee\/","logo":{"@type":"ImageObject","inLanguage":"lv-LV","@id":"https:\/\/miumjau.ee\/#\/schema\/logo\/image\/","url":"https:\/\/miumjau.ee\/wp-content\/uploads\/2022\/04\/MiuMjau-logo-kollane.png","contentUrl":"https:\/\/miumjau.ee\/wp-content\/uploads\/2022\/04\/MiuMjau-logo-kollane.png","width":219,"height":100,"caption":"MiuMjau O\u00dc"},"image":{"@id":"https:\/\/miumjau.ee\/#\/schema\/logo\/image\/"},"sameAs":["https:\/\/www.facebook.com\/miumjaupood\/"]}]}},"_links":{"self":[{"href":"https:\/\/miumjau.ee\/lv\/wp-json\/wp\/v2\/product\/46370","targetHints":{"allow":["GET"]}}],"collection":[{"href":"https:\/\/miumjau.ee\/lv\/wp-json\/wp\/v2\/product"}],"about":[{"href":"https:\/\/miumjau.ee\/lv\/wp-json\/wp\/v2\/types\/product"}],"wp:featuredmedia":[{"embeddable":true,"href":"https:\/\/miumjau.ee\/lv\/wp-json\/wp\/v2\/media\/46348"}],"wp:attachment":[{"href":"https:\/\/miumjau.ee\/lv\/wp-json\/wp\/v2\/media?parent=46370"}],"wp:term":[{"taxonomy":"product_brand","embeddable":true,"href":"https:\/\/miumjau.ee\/lv\/wp-json\/wp\/v2\/product_brand?post=46370"},{"taxonomy":"product_cat","embeddable":true,"href":"https:\/\/miumjau.ee\/lv\/wp-json\/wp\/v2\/product_cat?post=46370"},{"taxonomy":"product_tag","embeddable":true,"href":"https:\/\/miumjau.ee\/lv\/wp-json\/wp\/v2\/product_tag?post=46370"}],"curies":[{"name":"wp","href":"https:\/\/api.w.org\/{rel}","templated":true}]}}