{"id":46225,"date":"2025-12-01T15:51:39","date_gmt":"2025-12-01T13:51:39","guid":{"rendered":"https:\/\/miumjau.ee\/?post_type=product&#038;p=46225"},"modified":"2026-01-07T21:22:34","modified_gmt":"2026-01-07T19:22:34","slug":"prospera-plus-ster-1-ar-liellopu-galu-un-kirbi-85-g-kopeeri","status":"publish","type":"product","link":"https:\/\/miumjau.ee\/lv\/produkts\/prospera-plus-ster-1-ar-liellopu-galu-un-kirbi-85-g-kopeeri\/","title":{"rendered":"Prospera Plus ster. 1+, ar liellopu ga\u013cu un \u0137irbi, 24x 85g"},"content":{"rendered":"","protected":false},"excerpt":{"rendered":"<p data-start=\"1442\" data-end=\"1573\">Pilnv\u0113rt\u012bga un sabalans\u0113ta konserv\u0113ta bar\u012bba liellopu ga\u013cas un \u0137irbju m\u0113rc\u0113 steriliz\u0113t\u0101m un nesteriliz\u0113t\u0101m ka\u0137iem no 1 gada vecuma.<\/p>\n<p data-start=\"1575\" data-end=\"1986\">Nodro\u0161ina j\u016bsu ka\u0137i ar nepiecie\u0161amu un vesel\u012bgu uzturu.<br data-start=\"1630\" data-end=\"1633\" \/>Satur taur\u012bnu \u2013 neaizvietojamu aminosk\u0101bi, kas ir svar\u012bga sirds un redzes vesel\u012bbai.<br data-start=\"1717\" data-end=\"1720\" \/>Kvalitat\u012bvas un viegli sagremojamas uzturvielas pal\u012bdz uztur\u0113t musku\u013cu vesel\u012bbu un ka\u017eoka st\u0101vokli.<br data-start=\"1819\" data-end=\"1822\" \/>Gar\u0161\u012bgi ga\u013cas un d\u0101rze\u0146u gabali\u0146i m\u0113rc\u0113 patiks pat visizv\u0113l\u012bg\u0101kajam m\u012blulim.<br data-start=\"1898\" data-end=\"1901\" \/>Pal\u012bdz uztur\u0113t vesel\u012bgu zarnu mikrofloru.<br data-start=\"1942\" data-end=\"1945\" \/>Bez sojas, graudiem un pievienota cukura.<\/p>\n<p data-start=\"1988\" data-end=\"2360\"><strong data-start=\"1988\" data-end=\"2000\">Sast\u0101vs:<\/strong> ga\u013ca un dz\u012bvnieku izcelsmes produkti (88% filejas*, no kuriem 40,6% liellopu ga\u013ca, 27% c\u016bkas aknas, 14,4% vistas ga\u013ca, 5% liellopu ga\u013ca*), 1,7% miner\u0101lvielas, augu izcelsmes produkti (0,5% ciete, 0,8% \u0161\u0137iedrvielas, 0,4% inul\u012bns no cigori\u0146iem), e\u013c\u013cas un tauki, d\u0101rze\u0146i (0,45% kalt\u0113ts \u0137irbis, kas atbilst 4% svaiga \u0137irbja). *Fileja parasti veido 34,5% produkta.<\/p>\n<p data-start=\"2362\" data-end=\"2560\"><strong data-start=\"2362\" data-end=\"2387\">Anal\u012btiskais sast\u0101vs:<\/strong> neapstr\u0101d\u0101tas olbaltumvielas 10%, neapstr\u0101d\u0101ti tauki 3%, neapstr\u0101d\u0101ti pelni 1,9%, neapstr\u0101d\u0101tas \u0161\u0137iedras 1%, omega-3 tauksk\u0101bes 0,15%, omega-6 tauksk\u0101bes 0,8%, mitrums 82%.<\/p>\n","protected":false},"featured_media":46266,"template":"","meta":[],"product_brand":[],"product_cat":[571],"product_tag":[],"class_list":{"0":"post-46225","1":"product","2":"type-product","3":"status-publish","4":"has-post-thumbnail","6":"product_cat-mitra-bariba","8":"first","9":"instock","10":"sale","11":"taxable","12":"shipping-taxable","13":"purchasable","14":"product-type-simple"},"yoast_head":"<!-- This site is optimized with the Yoast SEO plugin v27.4 - https:\/\/yoast.com\/product\/yoast-seo-wordpress\/ -->\n<title>Prospera Plus ster. 1+, ar liellopu ga\u013cu un \u0137irbi, 24x 85g - MiuMjau<\/title>\n<meta name=\"robots\" content=\"index, follow, max-snippet:-1, max-image-preview:large, max-video-preview:-1\" \/>\n<link rel=\"canonical\" href=\"https:\/\/miumjau.ee\/lv\/produkts\/prospera-plus-ster-1-ar-liellopu-galu-un-kirbi-85-g-kopeeri\/\" \/>\n<meta property=\"og:locale\" content=\"lv_LV\" \/>\n<meta property=\"og:type\" content=\"article\" \/>\n<meta property=\"og:title\" content=\"Prospera Plus ster. 1+, ar liellopu ga\u013cu un \u0137irbi, 24x 85g - MiuMjau\" \/>\n<meta property=\"og:description\" content=\"Pilnv\u0113rt\u012bga un sabalans\u0113ta konserv\u0113ta bar\u012bba liellopu ga\u013cas un \u0137irbju m\u0113rc\u0113 steriliz\u0113t\u0101m un nesteriliz\u0113t\u0101m ka\u0137iem no 1 gada vecuma. Nodro\u0161ina j\u016bsu ka\u0137i ar nepiecie\u0161amu un vesel\u012bgu uzturu.Satur taur\u012bnu \u2013 neaizvietojamu aminosk\u0101bi, kas ir svar\u012bga sirds un redzes vesel\u012bbai.Kvalitat\u012bvas un viegli sagremojamas uzturvielas pal\u012bdz uztur\u0113t musku\u013cu vesel\u012bbu un ka\u017eoka st\u0101vokli.Gar\u0161\u012bgi ga\u013cas un d\u0101rze\u0146u gabali\u0146i m\u0113rc\u0113 patiks pat visizv\u0113l\u012bg\u0101kajam m\u012blulim.Pal\u012bdz uztur\u0113t vesel\u012bgu zarnu mikrofloru.Bez sojas, graudiem un pievienota cukura. Sast\u0101vs: ga\u013ca un dz\u012bvnieku izcelsmes produkti (88% filejas*, no kuriem 40,6% liellopu ga\u013ca, 27% c\u016bkas aknas, 14,4% vistas ga\u013ca, 5% liellopu ga\u013ca*), 1,7% miner\u0101lvielas, augu izcelsmes produkti (0,5% ciete, 0,8% \u0161\u0137iedrvielas, 0,4% inul\u012bns no cigori\u0146iem), e\u013c\u013cas un tauki, d\u0101rze\u0146i (0,45% kalt\u0113ts \u0137irbis, kas atbilst 4% svaiga \u0137irbja). *Fileja parasti veido 34,5% produkta. Anal\u012btiskais sast\u0101vs: neapstr\u0101d\u0101tas olbaltumvielas 10%, neapstr\u0101d\u0101ti tauki 3%, neapstr\u0101d\u0101ti pelni 1,9%, neapstr\u0101d\u0101tas \u0161\u0137iedras 1%, omega-3 tauksk\u0101bes 0,15%, omega-6 tauksk\u0101bes 0,8%, mitrums 82%.\" \/>\n<meta property=\"og:url\" content=\"https:\/\/miumjau.ee\/lv\/produkts\/prospera-plus-ster-1-ar-liellopu-galu-un-kirbi-85-g-kopeeri\/\" \/>\n<meta property=\"og:site_name\" content=\"MiuMjau\" \/>\n<meta property=\"article:publisher\" content=\"https:\/\/www.facebook.com\/miumjaupood\/\" \/>\n<meta property=\"article:modified_time\" content=\"2026-01-07T19:22:34+00:00\" \/>\n<meta property=\"og:image\" content=\"https:\/\/miumjau.ee\/wp-content\/uploads\/2025\/12\/prospera-plus-kassitoit-multipakk18.png\" \/>\n\t<meta property=\"og:image:width\" content=\"600\" \/>\n\t<meta property=\"og:image:height\" content=\"800\" \/>\n\t<meta property=\"og:image:type\" content=\"image\/png\" \/>\n<meta name=\"twitter:card\" content=\"summary_large_image\" \/>\n<script type=\"application\/ld+json\" class=\"yoast-schema-graph\">{\"@context\":\"https:\\\/\\\/schema.org\",\"@graph\":[{\"@type\":\"WebPage\",\"@id\":\"https:\\\/\\\/miumjau.ee\\\/lv\\\/produkts\\\/prospera-plus-ster-1-ar-liellopu-galu-un-kirbi-85-g-kopeeri\\\/\",\"url\":\"https:\\\/\\\/miumjau.ee\\\/lv\\\/produkts\\\/prospera-plus-ster-1-ar-liellopu-galu-un-kirbi-85-g-kopeeri\\\/\",\"name\":\"Prospera Plus ster. 1+, ar liellopu ga\u013cu un \u0137irbi, 24x 85g - MiuMjau\",\"isPartOf\":{\"@id\":\"https:\\\/\\\/miumjau.ee\\\/#website\"},\"primaryImageOfPage\":{\"@id\":\"https:\\\/\\\/miumjau.ee\\\/lv\\\/produkts\\\/prospera-plus-ster-1-ar-liellopu-galu-un-kirbi-85-g-kopeeri\\\/#primaryimage\"},\"image\":{\"@id\":\"https:\\\/\\\/miumjau.ee\\\/lv\\\/produkts\\\/prospera-plus-ster-1-ar-liellopu-galu-un-kirbi-85-g-kopeeri\\\/#primaryimage\"},\"thumbnailUrl\":\"https:\\\/\\\/miumjau.ee\\\/wp-content\\\/uploads\\\/2025\\\/12\\\/prospera-plus-kassitoit-multipakk18.png\",\"datePublished\":\"2025-12-01T13:51:39+00:00\",\"dateModified\":\"2026-01-07T19:22:34+00:00\",\"breadcrumb\":{\"@id\":\"https:\\\/\\\/miumjau.ee\\\/lv\\\/produkts\\\/prospera-plus-ster-1-ar-liellopu-galu-un-kirbi-85-g-kopeeri\\\/#breadcrumb\"},\"inLanguage\":\"lv-LV\",\"potentialAction\":[{\"@type\":\"ReadAction\",\"target\":[\"https:\\\/\\\/miumjau.ee\\\/lv\\\/produkts\\\/prospera-plus-ster-1-ar-liellopu-galu-un-kirbi-85-g-kopeeri\\\/\"]}]},{\"@type\":\"ImageObject\",\"inLanguage\":\"lv-LV\",\"@id\":\"https:\\\/\\\/miumjau.ee\\\/lv\\\/produkts\\\/prospera-plus-ster-1-ar-liellopu-galu-un-kirbi-85-g-kopeeri\\\/#primaryimage\",\"url\":\"https:\\\/\\\/miumjau.ee\\\/wp-content\\\/uploads\\\/2025\\\/12\\\/prospera-plus-kassitoit-multipakk18.png\",\"contentUrl\":\"https:\\\/\\\/miumjau.ee\\\/wp-content\\\/uploads\\\/2025\\\/12\\\/prospera-plus-kassitoit-multipakk18.png\",\"width\":600,\"height\":800,\"caption\":\"Prospera Plus ster. 1+, veise ja k\u00f5rvitsaga, 24x85g\"},{\"@type\":\"BreadcrumbList\",\"@id\":\"https:\\\/\\\/miumjau.ee\\\/lv\\\/produkts\\\/prospera-plus-ster-1-ar-liellopu-galu-un-kirbi-85-g-kopeeri\\\/#breadcrumb\",\"itemListElement\":[{\"@type\":\"ListItem\",\"position\":1,\"name\":\"Home\",\"item\":\"https:\\\/\\\/miumjau.ee\\\/lv\\\/\"},{\"@type\":\"ListItem\",\"position\":2,\"name\":\"Veikals\",\"item\":\"https:\\\/\\\/miumjau.ee\\\/lv\\\/veikals\\\/\"},{\"@type\":\"ListItem\",\"position\":3,\"name\":\"Prospera Plus ster. 1+, ar liellopu ga\u013cu un \u0137irbi, 24x 85g\"}]},{\"@type\":\"WebSite\",\"@id\":\"https:\\\/\\\/miumjau.ee\\\/#website\",\"url\":\"https:\\\/\\\/miumjau.ee\\\/\",\"name\":\"MiuMjau\",\"description\":\"Kraapimispuud kassidele\",\"publisher\":{\"@id\":\"https:\\\/\\\/miumjau.ee\\\/#organization\"},\"potentialAction\":[{\"@type\":\"SearchAction\",\"target\":{\"@type\":\"EntryPoint\",\"urlTemplate\":\"https:\\\/\\\/miumjau.ee\\\/?s={search_term_string}\"},\"query-input\":{\"@type\":\"PropertyValueSpecification\",\"valueRequired\":true,\"valueName\":\"search_term_string\"}}],\"inLanguage\":\"lv-LV\"},{\"@type\":\"Organization\",\"@id\":\"https:\\\/\\\/miumjau.ee\\\/#organization\",\"name\":\"MiuMjau O\u00dc\",\"url\":\"https:\\\/\\\/miumjau.ee\\\/\",\"logo\":{\"@type\":\"ImageObject\",\"inLanguage\":\"lv-LV\",\"@id\":\"https:\\\/\\\/miumjau.ee\\\/#\\\/schema\\\/logo\\\/image\\\/\",\"url\":\"https:\\\/\\\/miumjau.ee\\\/wp-content\\\/uploads\\\/2022\\\/04\\\/MiuMjau-logo-kollane.png\",\"contentUrl\":\"https:\\\/\\\/miumjau.ee\\\/wp-content\\\/uploads\\\/2022\\\/04\\\/MiuMjau-logo-kollane.png\",\"width\":219,\"height\":100,\"caption\":\"MiuMjau O\u00dc\"},\"image\":{\"@id\":\"https:\\\/\\\/miumjau.ee\\\/#\\\/schema\\\/logo\\\/image\\\/\"},\"sameAs\":[\"https:\\\/\\\/www.facebook.com\\\/miumjaupood\\\/\"]}]}<\/script>\n<!-- \/ Yoast SEO plugin. -->","yoast_head_json":{"title":"Prospera Plus ster. 1+, ar liellopu ga\u013cu un \u0137irbi, 24x 85g - MiuMjau","robots":{"index":"index","follow":"follow","max-snippet":"max-snippet:-1","max-image-preview":"max-image-preview:large","max-video-preview":"max-video-preview:-1"},"canonical":"https:\/\/miumjau.ee\/lv\/produkts\/prospera-plus-ster-1-ar-liellopu-galu-un-kirbi-85-g-kopeeri\/","og_locale":"lv_LV","og_type":"article","og_title":"Prospera Plus ster. 1+, ar liellopu ga\u013cu un \u0137irbi, 24x 85g - MiuMjau","og_description":"Pilnv\u0113rt\u012bga un sabalans\u0113ta konserv\u0113ta bar\u012bba liellopu ga\u013cas un \u0137irbju m\u0113rc\u0113 steriliz\u0113t\u0101m un nesteriliz\u0113t\u0101m ka\u0137iem no 1 gada vecuma. Nodro\u0161ina j\u016bsu ka\u0137i ar nepiecie\u0161amu un vesel\u012bgu uzturu.Satur taur\u012bnu \u2013 neaizvietojamu aminosk\u0101bi, kas ir svar\u012bga sirds un redzes vesel\u012bbai.Kvalitat\u012bvas un viegli sagremojamas uzturvielas pal\u012bdz uztur\u0113t musku\u013cu vesel\u012bbu un ka\u017eoka st\u0101vokli.Gar\u0161\u012bgi ga\u013cas un d\u0101rze\u0146u gabali\u0146i m\u0113rc\u0113 patiks pat visizv\u0113l\u012bg\u0101kajam m\u012blulim.Pal\u012bdz uztur\u0113t vesel\u012bgu zarnu mikrofloru.Bez sojas, graudiem un pievienota cukura. Sast\u0101vs: ga\u013ca un dz\u012bvnieku izcelsmes produkti (88% filejas*, no kuriem 40,6% liellopu ga\u013ca, 27% c\u016bkas aknas, 14,4% vistas ga\u013ca, 5% liellopu ga\u013ca*), 1,7% miner\u0101lvielas, augu izcelsmes produkti (0,5% ciete, 0,8% \u0161\u0137iedrvielas, 0,4% inul\u012bns no cigori\u0146iem), e\u013c\u013cas un tauki, d\u0101rze\u0146i (0,45% kalt\u0113ts \u0137irbis, kas atbilst 4% svaiga \u0137irbja). *Fileja parasti veido 34,5% produkta. Anal\u012btiskais sast\u0101vs: neapstr\u0101d\u0101tas olbaltumvielas 10%, neapstr\u0101d\u0101ti tauki 3%, neapstr\u0101d\u0101ti pelni 1,9%, neapstr\u0101d\u0101tas \u0161\u0137iedras 1%, omega-3 tauksk\u0101bes 0,15%, omega-6 tauksk\u0101bes 0,8%, mitrums 82%.","og_url":"https:\/\/miumjau.ee\/lv\/produkts\/prospera-plus-ster-1-ar-liellopu-galu-un-kirbi-85-g-kopeeri\/","og_site_name":"MiuMjau","article_publisher":"https:\/\/www.facebook.com\/miumjaupood\/","article_modified_time":"2026-01-07T19:22:34+00:00","og_image":[{"width":600,"height":800,"url":"https:\/\/miumjau.ee\/wp-content\/uploads\/2025\/12\/prospera-plus-kassitoit-multipakk18.png","type":"image\/png"}],"twitter_card":"summary_large_image","schema":{"@context":"https:\/\/schema.org","@graph":[{"@type":"WebPage","@id":"https:\/\/miumjau.ee\/lv\/produkts\/prospera-plus-ster-1-ar-liellopu-galu-un-kirbi-85-g-kopeeri\/","url":"https:\/\/miumjau.ee\/lv\/produkts\/prospera-plus-ster-1-ar-liellopu-galu-un-kirbi-85-g-kopeeri\/","name":"Prospera Plus ster. 1+, ar liellopu ga\u013cu un \u0137irbi, 24x 85g - MiuMjau","isPartOf":{"@id":"https:\/\/miumjau.ee\/#website"},"primaryImageOfPage":{"@id":"https:\/\/miumjau.ee\/lv\/produkts\/prospera-plus-ster-1-ar-liellopu-galu-un-kirbi-85-g-kopeeri\/#primaryimage"},"image":{"@id":"https:\/\/miumjau.ee\/lv\/produkts\/prospera-plus-ster-1-ar-liellopu-galu-un-kirbi-85-g-kopeeri\/#primaryimage"},"thumbnailUrl":"https:\/\/miumjau.ee\/wp-content\/uploads\/2025\/12\/prospera-plus-kassitoit-multipakk18.png","datePublished":"2025-12-01T13:51:39+00:00","dateModified":"2026-01-07T19:22:34+00:00","breadcrumb":{"@id":"https:\/\/miumjau.ee\/lv\/produkts\/prospera-plus-ster-1-ar-liellopu-galu-un-kirbi-85-g-kopeeri\/#breadcrumb"},"inLanguage":"lv-LV","potentialAction":[{"@type":"ReadAction","target":["https:\/\/miumjau.ee\/lv\/produkts\/prospera-plus-ster-1-ar-liellopu-galu-un-kirbi-85-g-kopeeri\/"]}]},{"@type":"ImageObject","inLanguage":"lv-LV","@id":"https:\/\/miumjau.ee\/lv\/produkts\/prospera-plus-ster-1-ar-liellopu-galu-un-kirbi-85-g-kopeeri\/#primaryimage","url":"https:\/\/miumjau.ee\/wp-content\/uploads\/2025\/12\/prospera-plus-kassitoit-multipakk18.png","contentUrl":"https:\/\/miumjau.ee\/wp-content\/uploads\/2025\/12\/prospera-plus-kassitoit-multipakk18.png","width":600,"height":800,"caption":"Prospera Plus ster. 1+, veise ja k\u00f5rvitsaga, 24x85g"},{"@type":"BreadcrumbList","@id":"https:\/\/miumjau.ee\/lv\/produkts\/prospera-plus-ster-1-ar-liellopu-galu-un-kirbi-85-g-kopeeri\/#breadcrumb","itemListElement":[{"@type":"ListItem","position":1,"name":"Home","item":"https:\/\/miumjau.ee\/lv\/"},{"@type":"ListItem","position":2,"name":"Veikals","item":"https:\/\/miumjau.ee\/lv\/veikals\/"},{"@type":"ListItem","position":3,"name":"Prospera Plus ster. 1+, ar liellopu ga\u013cu un \u0137irbi, 24x 85g"}]},{"@type":"WebSite","@id":"https:\/\/miumjau.ee\/#website","url":"https:\/\/miumjau.ee\/","name":"MiuMjau","description":"Kraapimispuud kassidele","publisher":{"@id":"https:\/\/miumjau.ee\/#organization"},"potentialAction":[{"@type":"SearchAction","target":{"@type":"EntryPoint","urlTemplate":"https:\/\/miumjau.ee\/?s={search_term_string}"},"query-input":{"@type":"PropertyValueSpecification","valueRequired":true,"valueName":"search_term_string"}}],"inLanguage":"lv-LV"},{"@type":"Organization","@id":"https:\/\/miumjau.ee\/#organization","name":"MiuMjau O\u00dc","url":"https:\/\/miumjau.ee\/","logo":{"@type":"ImageObject","inLanguage":"lv-LV","@id":"https:\/\/miumjau.ee\/#\/schema\/logo\/image\/","url":"https:\/\/miumjau.ee\/wp-content\/uploads\/2022\/04\/MiuMjau-logo-kollane.png","contentUrl":"https:\/\/miumjau.ee\/wp-content\/uploads\/2022\/04\/MiuMjau-logo-kollane.png","width":219,"height":100,"caption":"MiuMjau O\u00dc"},"image":{"@id":"https:\/\/miumjau.ee\/#\/schema\/logo\/image\/"},"sameAs":["https:\/\/www.facebook.com\/miumjaupood\/"]}]}},"_links":{"self":[{"href":"https:\/\/miumjau.ee\/lv\/wp-json\/wp\/v2\/product\/46225","targetHints":{"allow":["GET"]}}],"collection":[{"href":"https:\/\/miumjau.ee\/lv\/wp-json\/wp\/v2\/product"}],"about":[{"href":"https:\/\/miumjau.ee\/lv\/wp-json\/wp\/v2\/types\/product"}],"wp:featuredmedia":[{"embeddable":true,"href":"https:\/\/miumjau.ee\/lv\/wp-json\/wp\/v2\/media\/46266"}],"wp:attachment":[{"href":"https:\/\/miumjau.ee\/lv\/wp-json\/wp\/v2\/media?parent=46225"}],"wp:term":[{"taxonomy":"product_brand","embeddable":true,"href":"https:\/\/miumjau.ee\/lv\/wp-json\/wp\/v2\/product_brand?post=46225"},{"taxonomy":"product_cat","embeddable":true,"href":"https:\/\/miumjau.ee\/lv\/wp-json\/wp\/v2\/product_cat?post=46225"},{"taxonomy":"product_tag","embeddable":true,"href":"https:\/\/miumjau.ee\/lv\/wp-json\/wp\/v2\/product_tag?post=46225"}],"curies":[{"name":"wp","href":"https:\/\/api.w.org\/{rel}","templated":true}]}}