{"id":46219,"date":"2025-12-01T15:51:37","date_gmt":"2025-12-01T13:51:37","guid":{"rendered":"https:\/\/miumjau.ee\/?post_type=product&#038;p=46219"},"modified":"2026-01-07T21:22:41","modified_gmt":"2026-01-07T19:22:41","slug":"prospera-plus-kitten-ar-pili-un-zalajam-pupinam-85-g-kopeeri","status":"publish","type":"product","link":"https:\/\/miumjau.ee\/lv\/produkts\/prospera-plus-kitten-ar-pili-un-zalajam-pupinam-85-g-kopeeri\/","title":{"rendered":"Prospera Plus Kitten, ar p\u012bli un za\u013caj\u0101m pupi\u0146\u0101m, 24x 85g"},"content":{"rendered":"","protected":false},"excerpt":{"rendered":"<p data-start=\"131\" data-end=\"245\">Pilnv\u0113rt\u012bga un sabalans\u0113ta konserv\u0113ta bar\u012bba ar p\u012bli un za\u013caj\u0101m pupi\u0146\u0101m ka\u0137\u0113niem vecum\u0101 no 4 ned\u0113\u013c\u0101m l\u012bdz 1 gadam.<\/p>\n<p data-start=\"247\" data-end=\"673\">Vesel\u012bgs uzturs, kas atbalsta j\u016bsu ka\u0137\u0113na aug\u0161anu un att\u012bst\u012bbu.<br data-start=\"310\" data-end=\"313\" \/>Satur taur\u012bnu \u2013 neaizvietojamu aminosk\u0101bi, kas ir svar\u012bga ka\u0137a sirds un redzes vesel\u012bbai.<br data-start=\"402\" data-end=\"405\" \/>Kvalitat\u012bvas un viegli sagremojamas uzturvielas pal\u012bdz nodro\u0161in\u0101t ka\u0137\u0113nam pietiekami daudz ener\u0123ijas un atbalsta t\u0101 ka\u017eoka st\u0101vokli.<br data-start=\"537\" data-end=\"540\" \/>Nesatur soju, graudus un pievienoto cukuru.<br data-start=\"583\" data-end=\"586\" \/>Gar\u0161\u012bgie ga\u013cas un d\u0101rze\u0146u gabali\u0146i m\u0113rc\u0113 patiks pat visizv\u0113l\u012bg\u0101kajiem m\u0101jdz\u012bvniekiem.<\/p>\n<p data-start=\"675\" data-end=\"1071\"><strong data-start=\"675\" data-end=\"687\">Sast\u0101vs:<\/strong> ga\u013ca un dz\u012bvnieku izcelsmes produkti (88% filejas*, no kuriem 40,6% p\u012ble, 25% c\u016bkas aknas, 10,4% vistas ga\u013ca, 6% c\u016bkas ga\u013ca, 6% liellopu ga\u013ca*), 1,5% miner\u0101lvielas, augu izcelsmes produkti (0,6% ciete, 0,5% \u0161\u0137iedrvielas, 0,4% cigori\u0146u inul\u012bns), e\u013c\u013cas un tauki (0,5% la\u0161a e\u013c\u013ca), d\u0101rze\u0146i (0,45% kalt\u0113tas za\u013c\u0101s pupi\u0146as, kas atbilst 4% za\u013co pupi\u0146u). *Fileja parasti veido 34,5% produkta.<\/p>\n<p data-start=\"1073\" data-end=\"1251\"><strong data-start=\"1073\" data-end=\"1098\">Anal\u012btiskais sast\u0101vs:<\/strong> kopprote\u012bns 10%, koptauki 5%, koppelni 2%, kop\u0161\u0137iedra 0,3%, kalcijs 0,3%, fosfors 0,25%, omega-3 tauksk\u0101bes 0,15%, omega-6 tauksk\u0101bes 0,8%, mitrums 78%.<\/p>\n","protected":false},"featured_media":46284,"template":"","meta":[],"product_brand":[],"product_cat":[571],"product_tag":[],"class_list":{"0":"post-46219","1":"product","2":"type-product","3":"status-publish","4":"has-post-thumbnail","6":"product_cat-mitra-bariba","8":"first","9":"instock","10":"sale","11":"taxable","12":"shipping-taxable","13":"purchasable","14":"product-type-simple"},"yoast_head":"<!-- This site is optimized with the Yoast SEO plugin v27.4 - https:\/\/yoast.com\/product\/yoast-seo-wordpress\/ -->\n<title>Prospera Plus Kitten, ar p\u012bli un za\u013caj\u0101m pupi\u0146\u0101m, 24x 85g - MiuMjau<\/title>\n<meta name=\"robots\" content=\"index, follow, max-snippet:-1, max-image-preview:large, max-video-preview:-1\" \/>\n<link rel=\"canonical\" href=\"https:\/\/miumjau.ee\/lv\/produkts\/prospera-plus-kitten-ar-pili-un-zalajam-pupinam-85-g-kopeeri\/\" \/>\n<meta property=\"og:locale\" content=\"lv_LV\" \/>\n<meta property=\"og:type\" content=\"article\" \/>\n<meta property=\"og:title\" content=\"Prospera Plus Kitten, ar p\u012bli un za\u013caj\u0101m pupi\u0146\u0101m, 24x 85g - MiuMjau\" \/>\n<meta property=\"og:description\" content=\"Pilnv\u0113rt\u012bga un sabalans\u0113ta konserv\u0113ta bar\u012bba ar p\u012bli un za\u013caj\u0101m pupi\u0146\u0101m ka\u0137\u0113niem vecum\u0101 no 4 ned\u0113\u013c\u0101m l\u012bdz 1 gadam. Vesel\u012bgs uzturs, kas atbalsta j\u016bsu ka\u0137\u0113na aug\u0161anu un att\u012bst\u012bbu.Satur taur\u012bnu \u2013 neaizvietojamu aminosk\u0101bi, kas ir svar\u012bga ka\u0137a sirds un redzes vesel\u012bbai.Kvalitat\u012bvas un viegli sagremojamas uzturvielas pal\u012bdz nodro\u0161in\u0101t ka\u0137\u0113nam pietiekami daudz ener\u0123ijas un atbalsta t\u0101 ka\u017eoka st\u0101vokli.Nesatur soju, graudus un pievienoto cukuru.Gar\u0161\u012bgie ga\u013cas un d\u0101rze\u0146u gabali\u0146i m\u0113rc\u0113 patiks pat visizv\u0113l\u012bg\u0101kajiem m\u0101jdz\u012bvniekiem. Sast\u0101vs: ga\u013ca un dz\u012bvnieku izcelsmes produkti (88% filejas*, no kuriem 40,6% p\u012ble, 25% c\u016bkas aknas, 10,4% vistas ga\u013ca, 6% c\u016bkas ga\u013ca, 6% liellopu ga\u013ca*), 1,5% miner\u0101lvielas, augu izcelsmes produkti (0,6% ciete, 0,5% \u0161\u0137iedrvielas, 0,4% cigori\u0146u inul\u012bns), e\u013c\u013cas un tauki (0,5% la\u0161a e\u013c\u013ca), d\u0101rze\u0146i (0,45% kalt\u0113tas za\u013c\u0101s pupi\u0146as, kas atbilst 4% za\u013co pupi\u0146u). *Fileja parasti veido 34,5% produkta. Anal\u012btiskais sast\u0101vs: kopprote\u012bns 10%, koptauki 5%, koppelni 2%, kop\u0161\u0137iedra 0,3%, kalcijs 0,3%, fosfors 0,25%, omega-3 tauksk\u0101bes 0,15%, omega-6 tauksk\u0101bes 0,8%, mitrums 78%.\" \/>\n<meta property=\"og:url\" content=\"https:\/\/miumjau.ee\/lv\/produkts\/prospera-plus-kitten-ar-pili-un-zalajam-pupinam-85-g-kopeeri\/\" \/>\n<meta property=\"og:site_name\" content=\"MiuMjau\" \/>\n<meta property=\"article:publisher\" content=\"https:\/\/www.facebook.com\/miumjaupood\/\" \/>\n<meta property=\"article:modified_time\" content=\"2026-01-07T19:22:41+00:00\" \/>\n<meta property=\"og:image\" content=\"https:\/\/miumjau.ee\/wp-content\/uploads\/2025\/12\/prospera-plus-kassitoit-multipakk11.png\" \/>\n\t<meta property=\"og:image:width\" content=\"600\" \/>\n\t<meta property=\"og:image:height\" content=\"800\" \/>\n\t<meta property=\"og:image:type\" content=\"image\/png\" \/>\n<meta name=\"twitter:card\" content=\"summary_large_image\" \/>\n<script type=\"application\/ld+json\" class=\"yoast-schema-graph\">{\"@context\":\"https:\\\/\\\/schema.org\",\"@graph\":[{\"@type\":\"WebPage\",\"@id\":\"https:\\\/\\\/miumjau.ee\\\/lv\\\/produkts\\\/prospera-plus-kitten-ar-pili-un-zalajam-pupinam-85-g-kopeeri\\\/\",\"url\":\"https:\\\/\\\/miumjau.ee\\\/lv\\\/produkts\\\/prospera-plus-kitten-ar-pili-un-zalajam-pupinam-85-g-kopeeri\\\/\",\"name\":\"Prospera Plus Kitten, ar p\u012bli un za\u013caj\u0101m pupi\u0146\u0101m, 24x 85g - MiuMjau\",\"isPartOf\":{\"@id\":\"https:\\\/\\\/miumjau.ee\\\/#website\"},\"primaryImageOfPage\":{\"@id\":\"https:\\\/\\\/miumjau.ee\\\/lv\\\/produkts\\\/prospera-plus-kitten-ar-pili-un-zalajam-pupinam-85-g-kopeeri\\\/#primaryimage\"},\"image\":{\"@id\":\"https:\\\/\\\/miumjau.ee\\\/lv\\\/produkts\\\/prospera-plus-kitten-ar-pili-un-zalajam-pupinam-85-g-kopeeri\\\/#primaryimage\"},\"thumbnailUrl\":\"https:\\\/\\\/miumjau.ee\\\/wp-content\\\/uploads\\\/2025\\\/12\\\/prospera-plus-kassitoit-multipakk11.png\",\"datePublished\":\"2025-12-01T13:51:37+00:00\",\"dateModified\":\"2026-01-07T19:22:41+00:00\",\"breadcrumb\":{\"@id\":\"https:\\\/\\\/miumjau.ee\\\/lv\\\/produkts\\\/prospera-plus-kitten-ar-pili-un-zalajam-pupinam-85-g-kopeeri\\\/#breadcrumb\"},\"inLanguage\":\"lv-LV\",\"potentialAction\":[{\"@type\":\"ReadAction\",\"target\":[\"https:\\\/\\\/miumjau.ee\\\/lv\\\/produkts\\\/prospera-plus-kitten-ar-pili-un-zalajam-pupinam-85-g-kopeeri\\\/\"]}]},{\"@type\":\"ImageObject\",\"inLanguage\":\"lv-LV\",\"@id\":\"https:\\\/\\\/miumjau.ee\\\/lv\\\/produkts\\\/prospera-plus-kitten-ar-pili-un-zalajam-pupinam-85-g-kopeeri\\\/#primaryimage\",\"url\":\"https:\\\/\\\/miumjau.ee\\\/wp-content\\\/uploads\\\/2025\\\/12\\\/prospera-plus-kassitoit-multipakk11.png\",\"contentUrl\":\"https:\\\/\\\/miumjau.ee\\\/wp-content\\\/uploads\\\/2025\\\/12\\\/prospera-plus-kassitoit-multipakk11.png\",\"width\":600,\"height\":800,\"caption\":\"Prospera Plus Kitten, pardi ja roheliste ubadega, 24x85g\"},{\"@type\":\"BreadcrumbList\",\"@id\":\"https:\\\/\\\/miumjau.ee\\\/lv\\\/produkts\\\/prospera-plus-kitten-ar-pili-un-zalajam-pupinam-85-g-kopeeri\\\/#breadcrumb\",\"itemListElement\":[{\"@type\":\"ListItem\",\"position\":1,\"name\":\"Home\",\"item\":\"https:\\\/\\\/miumjau.ee\\\/lv\\\/\"},{\"@type\":\"ListItem\",\"position\":2,\"name\":\"Veikals\",\"item\":\"https:\\\/\\\/miumjau.ee\\\/lv\\\/veikals\\\/\"},{\"@type\":\"ListItem\",\"position\":3,\"name\":\"Prospera Plus Kitten, ar p\u012bli un za\u013caj\u0101m pupi\u0146\u0101m, 24x 85g\"}]},{\"@type\":\"WebSite\",\"@id\":\"https:\\\/\\\/miumjau.ee\\\/#website\",\"url\":\"https:\\\/\\\/miumjau.ee\\\/\",\"name\":\"MiuMjau\",\"description\":\"Kraapimispuud kassidele\",\"publisher\":{\"@id\":\"https:\\\/\\\/miumjau.ee\\\/#organization\"},\"potentialAction\":[{\"@type\":\"SearchAction\",\"target\":{\"@type\":\"EntryPoint\",\"urlTemplate\":\"https:\\\/\\\/miumjau.ee\\\/?s={search_term_string}\"},\"query-input\":{\"@type\":\"PropertyValueSpecification\",\"valueRequired\":true,\"valueName\":\"search_term_string\"}}],\"inLanguage\":\"lv-LV\"},{\"@type\":\"Organization\",\"@id\":\"https:\\\/\\\/miumjau.ee\\\/#organization\",\"name\":\"MiuMjau O\u00dc\",\"url\":\"https:\\\/\\\/miumjau.ee\\\/\",\"logo\":{\"@type\":\"ImageObject\",\"inLanguage\":\"lv-LV\",\"@id\":\"https:\\\/\\\/miumjau.ee\\\/#\\\/schema\\\/logo\\\/image\\\/\",\"url\":\"https:\\\/\\\/miumjau.ee\\\/wp-content\\\/uploads\\\/2022\\\/04\\\/MiuMjau-logo-kollane.png\",\"contentUrl\":\"https:\\\/\\\/miumjau.ee\\\/wp-content\\\/uploads\\\/2022\\\/04\\\/MiuMjau-logo-kollane.png\",\"width\":219,\"height\":100,\"caption\":\"MiuMjau O\u00dc\"},\"image\":{\"@id\":\"https:\\\/\\\/miumjau.ee\\\/#\\\/schema\\\/logo\\\/image\\\/\"},\"sameAs\":[\"https:\\\/\\\/www.facebook.com\\\/miumjaupood\\\/\"]}]}<\/script>\n<!-- \/ Yoast SEO plugin. -->","yoast_head_json":{"title":"Prospera Plus Kitten, ar p\u012bli un za\u013caj\u0101m pupi\u0146\u0101m, 24x 85g - MiuMjau","robots":{"index":"index","follow":"follow","max-snippet":"max-snippet:-1","max-image-preview":"max-image-preview:large","max-video-preview":"max-video-preview:-1"},"canonical":"https:\/\/miumjau.ee\/lv\/produkts\/prospera-plus-kitten-ar-pili-un-zalajam-pupinam-85-g-kopeeri\/","og_locale":"lv_LV","og_type":"article","og_title":"Prospera Plus Kitten, ar p\u012bli un za\u013caj\u0101m pupi\u0146\u0101m, 24x 85g - MiuMjau","og_description":"Pilnv\u0113rt\u012bga un sabalans\u0113ta konserv\u0113ta bar\u012bba ar p\u012bli un za\u013caj\u0101m pupi\u0146\u0101m ka\u0137\u0113niem vecum\u0101 no 4 ned\u0113\u013c\u0101m l\u012bdz 1 gadam. Vesel\u012bgs uzturs, kas atbalsta j\u016bsu ka\u0137\u0113na aug\u0161anu un att\u012bst\u012bbu.Satur taur\u012bnu \u2013 neaizvietojamu aminosk\u0101bi, kas ir svar\u012bga ka\u0137a sirds un redzes vesel\u012bbai.Kvalitat\u012bvas un viegli sagremojamas uzturvielas pal\u012bdz nodro\u0161in\u0101t ka\u0137\u0113nam pietiekami daudz ener\u0123ijas un atbalsta t\u0101 ka\u017eoka st\u0101vokli.Nesatur soju, graudus un pievienoto cukuru.Gar\u0161\u012bgie ga\u013cas un d\u0101rze\u0146u gabali\u0146i m\u0113rc\u0113 patiks pat visizv\u0113l\u012bg\u0101kajiem m\u0101jdz\u012bvniekiem. Sast\u0101vs: ga\u013ca un dz\u012bvnieku izcelsmes produkti (88% filejas*, no kuriem 40,6% p\u012ble, 25% c\u016bkas aknas, 10,4% vistas ga\u013ca, 6% c\u016bkas ga\u013ca, 6% liellopu ga\u013ca*), 1,5% miner\u0101lvielas, augu izcelsmes produkti (0,6% ciete, 0,5% \u0161\u0137iedrvielas, 0,4% cigori\u0146u inul\u012bns), e\u013c\u013cas un tauki (0,5% la\u0161a e\u013c\u013ca), d\u0101rze\u0146i (0,45% kalt\u0113tas za\u013c\u0101s pupi\u0146as, kas atbilst 4% za\u013co pupi\u0146u). *Fileja parasti veido 34,5% produkta. Anal\u012btiskais sast\u0101vs: kopprote\u012bns 10%, koptauki 5%, koppelni 2%, kop\u0161\u0137iedra 0,3%, kalcijs 0,3%, fosfors 0,25%, omega-3 tauksk\u0101bes 0,15%, omega-6 tauksk\u0101bes 0,8%, mitrums 78%.","og_url":"https:\/\/miumjau.ee\/lv\/produkts\/prospera-plus-kitten-ar-pili-un-zalajam-pupinam-85-g-kopeeri\/","og_site_name":"MiuMjau","article_publisher":"https:\/\/www.facebook.com\/miumjaupood\/","article_modified_time":"2026-01-07T19:22:41+00:00","og_image":[{"width":600,"height":800,"url":"https:\/\/miumjau.ee\/wp-content\/uploads\/2025\/12\/prospera-plus-kassitoit-multipakk11.png","type":"image\/png"}],"twitter_card":"summary_large_image","schema":{"@context":"https:\/\/schema.org","@graph":[{"@type":"WebPage","@id":"https:\/\/miumjau.ee\/lv\/produkts\/prospera-plus-kitten-ar-pili-un-zalajam-pupinam-85-g-kopeeri\/","url":"https:\/\/miumjau.ee\/lv\/produkts\/prospera-plus-kitten-ar-pili-un-zalajam-pupinam-85-g-kopeeri\/","name":"Prospera Plus Kitten, ar p\u012bli un za\u013caj\u0101m pupi\u0146\u0101m, 24x 85g - MiuMjau","isPartOf":{"@id":"https:\/\/miumjau.ee\/#website"},"primaryImageOfPage":{"@id":"https:\/\/miumjau.ee\/lv\/produkts\/prospera-plus-kitten-ar-pili-un-zalajam-pupinam-85-g-kopeeri\/#primaryimage"},"image":{"@id":"https:\/\/miumjau.ee\/lv\/produkts\/prospera-plus-kitten-ar-pili-un-zalajam-pupinam-85-g-kopeeri\/#primaryimage"},"thumbnailUrl":"https:\/\/miumjau.ee\/wp-content\/uploads\/2025\/12\/prospera-plus-kassitoit-multipakk11.png","datePublished":"2025-12-01T13:51:37+00:00","dateModified":"2026-01-07T19:22:41+00:00","breadcrumb":{"@id":"https:\/\/miumjau.ee\/lv\/produkts\/prospera-plus-kitten-ar-pili-un-zalajam-pupinam-85-g-kopeeri\/#breadcrumb"},"inLanguage":"lv-LV","potentialAction":[{"@type":"ReadAction","target":["https:\/\/miumjau.ee\/lv\/produkts\/prospera-plus-kitten-ar-pili-un-zalajam-pupinam-85-g-kopeeri\/"]}]},{"@type":"ImageObject","inLanguage":"lv-LV","@id":"https:\/\/miumjau.ee\/lv\/produkts\/prospera-plus-kitten-ar-pili-un-zalajam-pupinam-85-g-kopeeri\/#primaryimage","url":"https:\/\/miumjau.ee\/wp-content\/uploads\/2025\/12\/prospera-plus-kassitoit-multipakk11.png","contentUrl":"https:\/\/miumjau.ee\/wp-content\/uploads\/2025\/12\/prospera-plus-kassitoit-multipakk11.png","width":600,"height":800,"caption":"Prospera Plus Kitten, pardi ja roheliste ubadega, 24x85g"},{"@type":"BreadcrumbList","@id":"https:\/\/miumjau.ee\/lv\/produkts\/prospera-plus-kitten-ar-pili-un-zalajam-pupinam-85-g-kopeeri\/#breadcrumb","itemListElement":[{"@type":"ListItem","position":1,"name":"Home","item":"https:\/\/miumjau.ee\/lv\/"},{"@type":"ListItem","position":2,"name":"Veikals","item":"https:\/\/miumjau.ee\/lv\/veikals\/"},{"@type":"ListItem","position":3,"name":"Prospera Plus Kitten, ar p\u012bli un za\u013caj\u0101m pupi\u0146\u0101m, 24x 85g"}]},{"@type":"WebSite","@id":"https:\/\/miumjau.ee\/#website","url":"https:\/\/miumjau.ee\/","name":"MiuMjau","description":"Kraapimispuud kassidele","publisher":{"@id":"https:\/\/miumjau.ee\/#organization"},"potentialAction":[{"@type":"SearchAction","target":{"@type":"EntryPoint","urlTemplate":"https:\/\/miumjau.ee\/?s={search_term_string}"},"query-input":{"@type":"PropertyValueSpecification","valueRequired":true,"valueName":"search_term_string"}}],"inLanguage":"lv-LV"},{"@type":"Organization","@id":"https:\/\/miumjau.ee\/#organization","name":"MiuMjau O\u00dc","url":"https:\/\/miumjau.ee\/","logo":{"@type":"ImageObject","inLanguage":"lv-LV","@id":"https:\/\/miumjau.ee\/#\/schema\/logo\/image\/","url":"https:\/\/miumjau.ee\/wp-content\/uploads\/2022\/04\/MiuMjau-logo-kollane.png","contentUrl":"https:\/\/miumjau.ee\/wp-content\/uploads\/2022\/04\/MiuMjau-logo-kollane.png","width":219,"height":100,"caption":"MiuMjau O\u00dc"},"image":{"@id":"https:\/\/miumjau.ee\/#\/schema\/logo\/image\/"},"sameAs":["https:\/\/www.facebook.com\/miumjaupood\/"]}]}},"_links":{"self":[{"href":"https:\/\/miumjau.ee\/lv\/wp-json\/wp\/v2\/product\/46219","targetHints":{"allow":["GET"]}}],"collection":[{"href":"https:\/\/miumjau.ee\/lv\/wp-json\/wp\/v2\/product"}],"about":[{"href":"https:\/\/miumjau.ee\/lv\/wp-json\/wp\/v2\/types\/product"}],"wp:featuredmedia":[{"embeddable":true,"href":"https:\/\/miumjau.ee\/lv\/wp-json\/wp\/v2\/media\/46284"}],"wp:attachment":[{"href":"https:\/\/miumjau.ee\/lv\/wp-json\/wp\/v2\/media?parent=46219"}],"wp:term":[{"taxonomy":"product_brand","embeddable":true,"href":"https:\/\/miumjau.ee\/lv\/wp-json\/wp\/v2\/product_brand?post=46219"},{"taxonomy":"product_cat","embeddable":true,"href":"https:\/\/miumjau.ee\/lv\/wp-json\/wp\/v2\/product_cat?post=46219"},{"taxonomy":"product_tag","embeddable":true,"href":"https:\/\/miumjau.ee\/lv\/wp-json\/wp\/v2\/product_tag?post=46219"}],"curies":[{"name":"wp","href":"https:\/\/api.w.org\/{rel}","templated":true}]}}