{"id":45983,"date":"2025-04-30T13:13:18","date_gmt":"2025-04-30T10:13:18","guid":{"rendered":"https:\/\/miumjau.ee\/toode\/ontario-pastete-suniem-liellops-un-garsaugi-800-g\/"},"modified":"2026-01-07T21:22:55","modified_gmt":"2026-01-07T19:22:55","slug":"ontario-pastete-suniem-liellops-un-garsaugi-800-g","status":"publish","type":"product","link":"https:\/\/miumjau.ee\/lv\/produkts\/ontario-pastete-suniem-liellops-un-garsaugi-800-g\/","title":{"rendered":"Ontario past\u0113te su\u0146iem \u2013 liellops un gar\u0161augi 800 g"},"content":{"rendered":"","protected":false},"excerpt":{"rendered":"<p data-start=\"2215\" data-end=\"2284\">Pilnv\u0113rt\u012bgs \u0113diens vis\u0101m pieaugu\u0161u su\u0146u \u0161\u0137irn\u0113m (no 1 gada vecuma).<\/p>\n<p data-start=\"2286\" data-end=\"2584\">Timi\u0101ns un rozmar\u012bns satur daudz fenolsk\u0101bju un flavono\u012bdu, kas paz\u012bstami ar antioksidantu, pretmikrobu un pretiekaisuma \u012bpa\u0161\u012bb\u0101m.<br data-start=\"2416\" data-end=\"2419\" \/>Satur vitam\u012bnus un miner\u0101lvielas, kas pal\u012bdz uztur\u0113t j\u016bsu suni lab\u0101 form\u0101. D3 vitam\u012bns atbalsta veselus kaulus un zobus, E vitam\u012bns im\u016bnsist\u0113mas norm\u0101lai darb\u012bbai.<\/p>\n<p data-start=\"2586\" data-end=\"2792\"><strong data-start=\"2586\" data-end=\"2598\">Sast\u0101vs:<\/strong> liellopa ga\u013ca 31 %, buljons 27,2 %, c\u016bkga\u013ca 19 %, vista 14 %, t\u012btara ga\u013ca 6 %, saulespu\u0137u e\u013c\u013ca 1,6 %, miner\u0101lvielas 0,7 %, inul\u012bns 0,4 %, timi\u0101ns 0,025 %, rozmar\u012bns 0,025 %, la\u0161a e\u013c\u013ca 0,025 %<\/p>\n<p data-start=\"2794\" data-end=\"2904\"><strong data-start=\"2794\" data-end=\"2822\">Anal\u012btisk\u0101s sast\u0101vda\u013cas:<\/strong> kopprote\u012bns 11 %, koptauki 6,5 %, pelni 2,5 %, \u0161\u0137iedrvielas 0,6 %, mitrums 77 %<\/p>\n<p data-start=\"2906\" data-end=\"3131\"><strong data-start=\"2906\" data-end=\"2932\">Bar\u012bbas piedevas 1 kg:<\/strong> D3 vitam\u012bns 160 SV, E vitam\u012bns 100 mg, cinks (cinka sulf\u0101ta monohidr\u0101ts) 10 mg, mang\u0101ns (mang\u0101na oks\u012bds) 2 mg, var\u0161 (vara sulf\u0101ta pentahidr\u0101ts) 1,2 mg, jods (kalcija jod\u0101ts) 0,2 mg, biot\u012bns 100 \u00b5g<\/p>\n","protected":false},"featured_media":45984,"template":"","meta":[],"product_brand":[],"product_cat":[577],"product_tag":[],"class_list":{"0":"post-45983","1":"product","2":"type-product","3":"status-publish","4":"has-post-thumbnail","6":"product_cat-mitra-bariba-suniem","8":"first","9":"instock","10":"taxable","11":"shipping-taxable","12":"purchasable","13":"product-type-simple"},"yoast_head":"<!-- This site is optimized with the Yoast SEO plugin v27.2 - https:\/\/yoast.com\/product\/yoast-seo-wordpress\/ -->\n<title>Ontario past\u0113te su\u0146iem \u2013 liellops un gar\u0161augi 800 g - MiuMjau<\/title>\n<meta name=\"robots\" content=\"index, follow, max-snippet:-1, max-image-preview:large, max-video-preview:-1\" \/>\n<link rel=\"canonical\" href=\"https:\/\/miumjau.ee\/lv\/produkts\/ontario-pastete-suniem-liellops-un-garsaugi-800-g\/\" \/>\n<meta property=\"og:locale\" content=\"lv_LV\" \/>\n<meta property=\"og:type\" content=\"article\" \/>\n<meta property=\"og:title\" content=\"Ontario past\u0113te su\u0146iem \u2013 liellops un gar\u0161augi 800 g - MiuMjau\" \/>\n<meta property=\"og:description\" content=\"Pilnv\u0113rt\u012bgs \u0113diens vis\u0101m pieaugu\u0161u su\u0146u \u0161\u0137irn\u0113m (no 1 gada vecuma). Timi\u0101ns un rozmar\u012bns satur daudz fenolsk\u0101bju un flavono\u012bdu, kas paz\u012bstami ar antioksidantu, pretmikrobu un pretiekaisuma \u012bpa\u0161\u012bb\u0101m.Satur vitam\u012bnus un miner\u0101lvielas, kas pal\u012bdz uztur\u0113t j\u016bsu suni lab\u0101 form\u0101. D3 vitam\u012bns atbalsta veselus kaulus un zobus, E vitam\u012bns im\u016bnsist\u0113mas norm\u0101lai darb\u012bbai. Sast\u0101vs: liellopa ga\u013ca 31 %, buljons 27,2 %, c\u016bkga\u013ca 19 %, vista 14 %, t\u012btara ga\u013ca 6 %, saulespu\u0137u e\u013c\u013ca 1,6 %, miner\u0101lvielas 0,7 %, inul\u012bns 0,4 %, timi\u0101ns 0,025 %, rozmar\u012bns 0,025 %, la\u0161a e\u013c\u013ca 0,025 % Anal\u012btisk\u0101s sast\u0101vda\u013cas: kopprote\u012bns 11 %, koptauki 6,5 %, pelni 2,5 %, \u0161\u0137iedrvielas 0,6 %, mitrums 77 % Bar\u012bbas piedevas 1 kg: D3 vitam\u012bns 160 SV, E vitam\u012bns 100 mg, cinks (cinka sulf\u0101ta monohidr\u0101ts) 10 mg, mang\u0101ns (mang\u0101na oks\u012bds) 2 mg, var\u0161 (vara sulf\u0101ta pentahidr\u0101ts) 1,2 mg, jods (kalcija jod\u0101ts) 0,2 mg, biot\u012bns 100 \u00b5g\" \/>\n<meta property=\"og:url\" content=\"https:\/\/miumjau.ee\/lv\/produkts\/ontario-pastete-suniem-liellops-un-garsaugi-800-g\/\" \/>\n<meta property=\"og:site_name\" content=\"MiuMjau\" \/>\n<meta property=\"article:publisher\" content=\"https:\/\/www.facebook.com\/miumjaupood\/\" \/>\n<meta property=\"article:modified_time\" content=\"2026-01-07T19:22:55+00:00\" \/>\n<meta property=\"og:image\" content=\"https:\/\/miumjau.ee\/wp-content\/uploads\/2025\/04\/ontario-veisepasteet-urtidega-Photoroom.webp\" \/>\n\t<meta property=\"og:image:width\" content=\"1200\" \/>\n\t<meta property=\"og:image:height\" content=\"1600\" \/>\n\t<meta property=\"og:image:type\" content=\"image\/webp\" \/>\n<meta name=\"twitter:card\" content=\"summary_large_image\" \/>\n<script type=\"application\/ld+json\" class=\"yoast-schema-graph\">{\"@context\":\"https:\/\/schema.org\",\"@graph\":[{\"@type\":\"WebPage\",\"@id\":\"https:\/\/miumjau.ee\/lv\/produkts\/ontario-pastete-suniem-liellops-un-garsaugi-800-g\/\",\"url\":\"https:\/\/miumjau.ee\/lv\/produkts\/ontario-pastete-suniem-liellops-un-garsaugi-800-g\/\",\"name\":\"Ontario past\u0113te su\u0146iem \u2013 liellops un gar\u0161augi 800 g - MiuMjau\",\"isPartOf\":{\"@id\":\"https:\/\/miumjau.ee\/#website\"},\"primaryImageOfPage\":{\"@id\":\"https:\/\/miumjau.ee\/lv\/produkts\/ontario-pastete-suniem-liellops-un-garsaugi-800-g\/#primaryimage\"},\"image\":{\"@id\":\"https:\/\/miumjau.ee\/lv\/produkts\/ontario-pastete-suniem-liellops-un-garsaugi-800-g\/#primaryimage\"},\"thumbnailUrl\":\"https:\/\/miumjau.ee\/wp-content\/uploads\/2025\/04\/ontario-veisepasteet-urtidega-Photoroom.webp\",\"datePublished\":\"2025-04-30T10:13:18+00:00\",\"dateModified\":\"2026-01-07T19:22:55+00:00\",\"breadcrumb\":{\"@id\":\"https:\/\/miumjau.ee\/lv\/produkts\/ontario-pastete-suniem-liellops-un-garsaugi-800-g\/#breadcrumb\"},\"inLanguage\":\"lv-LV\",\"potentialAction\":[{\"@type\":\"ReadAction\",\"target\":[\"https:\/\/miumjau.ee\/lv\/produkts\/ontario-pastete-suniem-liellops-un-garsaugi-800-g\/\"]}]},{\"@type\":\"ImageObject\",\"inLanguage\":\"lv-LV\",\"@id\":\"https:\/\/miumjau.ee\/lv\/produkts\/ontario-pastete-suniem-liellops-un-garsaugi-800-g\/#primaryimage\",\"url\":\"https:\/\/miumjau.ee\/wp-content\/uploads\/2025\/04\/ontario-veisepasteet-urtidega-Photoroom.webp\",\"contentUrl\":\"https:\/\/miumjau.ee\/wp-content\/uploads\/2025\/04\/ontario-veisepasteet-urtidega-Photoroom.webp\",\"width\":1200,\"height\":1600},{\"@type\":\"BreadcrumbList\",\"@id\":\"https:\/\/miumjau.ee\/lv\/produkts\/ontario-pastete-suniem-liellops-un-garsaugi-800-g\/#breadcrumb\",\"itemListElement\":[{\"@type\":\"ListItem\",\"position\":1,\"name\":\"Home\",\"item\":\"https:\/\/miumjau.ee\/lv\/\"},{\"@type\":\"ListItem\",\"position\":2,\"name\":\"Veikals\",\"item\":\"https:\/\/miumjau.ee\/lv\/veikals\/\"},{\"@type\":\"ListItem\",\"position\":3,\"name\":\"Ontario past\u0113te su\u0146iem \u2013 liellops un gar\u0161augi 800 g\"}]},{\"@type\":\"WebSite\",\"@id\":\"https:\/\/miumjau.ee\/#website\",\"url\":\"https:\/\/miumjau.ee\/\",\"name\":\"MiuMjau\",\"description\":\"Kraapimispuud kassidele\",\"publisher\":{\"@id\":\"https:\/\/miumjau.ee\/#organization\"},\"potentialAction\":[{\"@type\":\"SearchAction\",\"target\":{\"@type\":\"EntryPoint\",\"urlTemplate\":\"https:\/\/miumjau.ee\/?s={search_term_string}\"},\"query-input\":{\"@type\":\"PropertyValueSpecification\",\"valueRequired\":true,\"valueName\":\"search_term_string\"}}],\"inLanguage\":\"lv-LV\"},{\"@type\":\"Organization\",\"@id\":\"https:\/\/miumjau.ee\/#organization\",\"name\":\"MiuMjau O\u00dc\",\"url\":\"https:\/\/miumjau.ee\/\",\"logo\":{\"@type\":\"ImageObject\",\"inLanguage\":\"lv-LV\",\"@id\":\"https:\/\/miumjau.ee\/#\/schema\/logo\/image\/\",\"url\":\"https:\/\/miumjau.ee\/wp-content\/uploads\/2022\/04\/MiuMjau-logo-kollane.png\",\"contentUrl\":\"https:\/\/miumjau.ee\/wp-content\/uploads\/2022\/04\/MiuMjau-logo-kollane.png\",\"width\":219,\"height\":100,\"caption\":\"MiuMjau O\u00dc\"},\"image\":{\"@id\":\"https:\/\/miumjau.ee\/#\/schema\/logo\/image\/\"},\"sameAs\":[\"https:\/\/www.facebook.com\/miumjaupood\/\"]}]}<\/script>\n<!-- \/ Yoast SEO plugin. -->","yoast_head_json":{"title":"Ontario past\u0113te su\u0146iem \u2013 liellops un gar\u0161augi 800 g - MiuMjau","robots":{"index":"index","follow":"follow","max-snippet":"max-snippet:-1","max-image-preview":"max-image-preview:large","max-video-preview":"max-video-preview:-1"},"canonical":"https:\/\/miumjau.ee\/lv\/produkts\/ontario-pastete-suniem-liellops-un-garsaugi-800-g\/","og_locale":"lv_LV","og_type":"article","og_title":"Ontario past\u0113te su\u0146iem \u2013 liellops un gar\u0161augi 800 g - MiuMjau","og_description":"Pilnv\u0113rt\u012bgs \u0113diens vis\u0101m pieaugu\u0161u su\u0146u \u0161\u0137irn\u0113m (no 1 gada vecuma). Timi\u0101ns un rozmar\u012bns satur daudz fenolsk\u0101bju un flavono\u012bdu, kas paz\u012bstami ar antioksidantu, pretmikrobu un pretiekaisuma \u012bpa\u0161\u012bb\u0101m.Satur vitam\u012bnus un miner\u0101lvielas, kas pal\u012bdz uztur\u0113t j\u016bsu suni lab\u0101 form\u0101. D3 vitam\u012bns atbalsta veselus kaulus un zobus, E vitam\u012bns im\u016bnsist\u0113mas norm\u0101lai darb\u012bbai. Sast\u0101vs: liellopa ga\u013ca 31 %, buljons 27,2 %, c\u016bkga\u013ca 19 %, vista 14 %, t\u012btara ga\u013ca 6 %, saulespu\u0137u e\u013c\u013ca 1,6 %, miner\u0101lvielas 0,7 %, inul\u012bns 0,4 %, timi\u0101ns 0,025 %, rozmar\u012bns 0,025 %, la\u0161a e\u013c\u013ca 0,025 % Anal\u012btisk\u0101s sast\u0101vda\u013cas: kopprote\u012bns 11 %, koptauki 6,5 %, pelni 2,5 %, \u0161\u0137iedrvielas 0,6 %, mitrums 77 % Bar\u012bbas piedevas 1 kg: D3 vitam\u012bns 160 SV, E vitam\u012bns 100 mg, cinks (cinka sulf\u0101ta monohidr\u0101ts) 10 mg, mang\u0101ns (mang\u0101na oks\u012bds) 2 mg, var\u0161 (vara sulf\u0101ta pentahidr\u0101ts) 1,2 mg, jods (kalcija jod\u0101ts) 0,2 mg, biot\u012bns 100 \u00b5g","og_url":"https:\/\/miumjau.ee\/lv\/produkts\/ontario-pastete-suniem-liellops-un-garsaugi-800-g\/","og_site_name":"MiuMjau","article_publisher":"https:\/\/www.facebook.com\/miumjaupood\/","article_modified_time":"2026-01-07T19:22:55+00:00","og_image":[{"width":1200,"height":1600,"url":"https:\/\/miumjau.ee\/wp-content\/uploads\/2025\/04\/ontario-veisepasteet-urtidega-Photoroom.webp","type":"image\/webp"}],"twitter_card":"summary_large_image","schema":{"@context":"https:\/\/schema.org","@graph":[{"@type":"WebPage","@id":"https:\/\/miumjau.ee\/lv\/produkts\/ontario-pastete-suniem-liellops-un-garsaugi-800-g\/","url":"https:\/\/miumjau.ee\/lv\/produkts\/ontario-pastete-suniem-liellops-un-garsaugi-800-g\/","name":"Ontario past\u0113te su\u0146iem \u2013 liellops un gar\u0161augi 800 g - MiuMjau","isPartOf":{"@id":"https:\/\/miumjau.ee\/#website"},"primaryImageOfPage":{"@id":"https:\/\/miumjau.ee\/lv\/produkts\/ontario-pastete-suniem-liellops-un-garsaugi-800-g\/#primaryimage"},"image":{"@id":"https:\/\/miumjau.ee\/lv\/produkts\/ontario-pastete-suniem-liellops-un-garsaugi-800-g\/#primaryimage"},"thumbnailUrl":"https:\/\/miumjau.ee\/wp-content\/uploads\/2025\/04\/ontario-veisepasteet-urtidega-Photoroom.webp","datePublished":"2025-04-30T10:13:18+00:00","dateModified":"2026-01-07T19:22:55+00:00","breadcrumb":{"@id":"https:\/\/miumjau.ee\/lv\/produkts\/ontario-pastete-suniem-liellops-un-garsaugi-800-g\/#breadcrumb"},"inLanguage":"lv-LV","potentialAction":[{"@type":"ReadAction","target":["https:\/\/miumjau.ee\/lv\/produkts\/ontario-pastete-suniem-liellops-un-garsaugi-800-g\/"]}]},{"@type":"ImageObject","inLanguage":"lv-LV","@id":"https:\/\/miumjau.ee\/lv\/produkts\/ontario-pastete-suniem-liellops-un-garsaugi-800-g\/#primaryimage","url":"https:\/\/miumjau.ee\/wp-content\/uploads\/2025\/04\/ontario-veisepasteet-urtidega-Photoroom.webp","contentUrl":"https:\/\/miumjau.ee\/wp-content\/uploads\/2025\/04\/ontario-veisepasteet-urtidega-Photoroom.webp","width":1200,"height":1600},{"@type":"BreadcrumbList","@id":"https:\/\/miumjau.ee\/lv\/produkts\/ontario-pastete-suniem-liellops-un-garsaugi-800-g\/#breadcrumb","itemListElement":[{"@type":"ListItem","position":1,"name":"Home","item":"https:\/\/miumjau.ee\/lv\/"},{"@type":"ListItem","position":2,"name":"Veikals","item":"https:\/\/miumjau.ee\/lv\/veikals\/"},{"@type":"ListItem","position":3,"name":"Ontario past\u0113te su\u0146iem \u2013 liellops un gar\u0161augi 800 g"}]},{"@type":"WebSite","@id":"https:\/\/miumjau.ee\/#website","url":"https:\/\/miumjau.ee\/","name":"MiuMjau","description":"Kraapimispuud kassidele","publisher":{"@id":"https:\/\/miumjau.ee\/#organization"},"potentialAction":[{"@type":"SearchAction","target":{"@type":"EntryPoint","urlTemplate":"https:\/\/miumjau.ee\/?s={search_term_string}"},"query-input":{"@type":"PropertyValueSpecification","valueRequired":true,"valueName":"search_term_string"}}],"inLanguage":"lv-LV"},{"@type":"Organization","@id":"https:\/\/miumjau.ee\/#organization","name":"MiuMjau O\u00dc","url":"https:\/\/miumjau.ee\/","logo":{"@type":"ImageObject","inLanguage":"lv-LV","@id":"https:\/\/miumjau.ee\/#\/schema\/logo\/image\/","url":"https:\/\/miumjau.ee\/wp-content\/uploads\/2022\/04\/MiuMjau-logo-kollane.png","contentUrl":"https:\/\/miumjau.ee\/wp-content\/uploads\/2022\/04\/MiuMjau-logo-kollane.png","width":219,"height":100,"caption":"MiuMjau O\u00dc"},"image":{"@id":"https:\/\/miumjau.ee\/#\/schema\/logo\/image\/"},"sameAs":["https:\/\/www.facebook.com\/miumjaupood\/"]}]}},"_links":{"self":[{"href":"https:\/\/miumjau.ee\/lv\/wp-json\/wp\/v2\/product\/45983","targetHints":{"allow":["GET"]}}],"collection":[{"href":"https:\/\/miumjau.ee\/lv\/wp-json\/wp\/v2\/product"}],"about":[{"href":"https:\/\/miumjau.ee\/lv\/wp-json\/wp\/v2\/types\/product"}],"wp:featuredmedia":[{"embeddable":true,"href":"https:\/\/miumjau.ee\/lv\/wp-json\/wp\/v2\/media\/45984"}],"wp:attachment":[{"href":"https:\/\/miumjau.ee\/lv\/wp-json\/wp\/v2\/media?parent=45983"}],"wp:term":[{"taxonomy":"product_brand","embeddable":true,"href":"https:\/\/miumjau.ee\/lv\/wp-json\/wp\/v2\/product_brand?post=45983"},{"taxonomy":"product_cat","embeddable":true,"href":"https:\/\/miumjau.ee\/lv\/wp-json\/wp\/v2\/product_cat?post=45983"},{"taxonomy":"product_tag","embeddable":true,"href":"https:\/\/miumjau.ee\/lv\/wp-json\/wp\/v2\/product_tag?post=45983"}],"curies":[{"name":"wp","href":"https:\/\/api.w.org\/{rel}","templated":true}]}}