{"id":45969,"date":"2025-04-30T13:41:11","date_gmt":"2025-04-30T10:41:11","guid":{"rendered":"https:\/\/miumjau.ee\/toode\/ontario-pastete-kuceniem-vista-spirulina-un-lasa-ella-400-g\/"},"modified":"2026-01-07T21:22:55","modified_gmt":"2026-01-07T19:22:55","slug":"ontario-pastete-kuceniem-vista-spirulina-un-lasa-ella-400-g","status":"publish","type":"product","link":"https:\/\/miumjau.ee\/lv\/produkts\/ontario-pastete-kuceniem-vista-spirulina-un-lasa-ella-400-g\/","title":{"rendered":"Ontario past\u0113te kuc\u0113niem \u2013 vista, spirul\u012bna un la\u0161a e\u013c\u013ca 400 g"},"content":{"rendered":"","protected":false},"excerpt":{"rendered":"<p data-start=\"2405\" data-end=\"2490\">Pilnv\u0113rt\u012bgs \u0113diens vis\u0101m \u0161\u0137irn\u0113m kuc\u0113niem un jaunajiem su\u0146iem (no 2 m\u0113ne\u0161u vecuma).<\/p>\n<p data-start=\"2492\" data-end=\"2884\">Pievienota spirul\u012bna, kas ir antioksidantu avots, atbalsta dz\u012bvnieka dabisko aizsardz\u012bbu.<br data-start=\"2581\" data-end=\"2584\" \/>Ar la\u0161a e\u013c\u013cu, kas ir omega-3 un omega-6 tauksk\u0101bju avots, pal\u012bdz uztur\u0113t vesel\u012bgu \u0101du un sp\u012bd\u012bgu ka\u017eoku.<br data-start=\"2688\" data-end=\"2691\" \/>Satur vitam\u012bnus un miner\u0101lvielas, kas pal\u012bdz kuc\u0113nam saglab\u0101t labu formu. A vitam\u012bns atbalsta vesel\u012bgu redzi, D3 vitam\u012bns \u2013 veselus kaulus un zobus, E vitam\u012bns \u2013 im\u016bnsist\u0113mas norm\u0101lu darb\u012bbu.<\/p>\n<p data-start=\"2886\" data-end=\"3053\"><strong data-start=\"2886\" data-end=\"2898\">Sast\u0101vs:<\/strong> vista 30 %, c\u016bkga\u013ca 29 %, buljons 27,1 %, liellopu ga\u013ca 11 %, la\u0161a e\u013c\u013ca 1 %, saulespu\u0137u e\u013c\u013ca 0,7 %, miner\u0101lvielas 0,7 %, inul\u012bns 0,4 %, spirul\u012bna 0,05 %<\/p>\n<p data-start=\"3055\" data-end=\"3165\"><strong data-start=\"3055\" data-end=\"3083\">Anal\u012btisk\u0101s sast\u0101vda\u013cas:<\/strong> kopprote\u012bns 12 %, koptauki 6,5 %, pelni 2,5 %, \u0161\u0137iedrvielas 0,6 %, mitrums 77 %<\/p>\n<p data-start=\"3167\" data-end=\"3411\"><strong data-start=\"3167\" data-end=\"3193\">Bar\u012bbas piedevas 1 kg:<\/strong> A vitam\u012bns 2000 SV, D3 vitam\u012bns 150 SV, E vitam\u012bns 25 mg, cinks (cinka sulf\u0101ta monohidr\u0101ts) 10 mg, mang\u0101ns (mang\u0101na oks\u012bds) 2 mg, var\u0161 (vara sulf\u0101ta pentahidr\u0101ts) 1,8 mg, jods (kalcija jod\u0101ts) 0,1 mg, biot\u012bns 100 \u00b5g<\/p>\n","protected":false},"featured_media":45970,"template":"","meta":[],"product_brand":[],"product_cat":[577],"product_tag":[],"class_list":{"0":"post-45969","1":"product","2":"type-product","3":"status-publish","4":"has-post-thumbnail","6":"product_cat-mitra-bariba-suniem","8":"first","9":"instock","10":"taxable","11":"shipping-taxable","12":"purchasable","13":"product-type-simple"},"yoast_head":"<!-- This site is optimized with the Yoast SEO plugin v27.4 - https:\/\/yoast.com\/product\/yoast-seo-wordpress\/ -->\n<title>Ontario past\u0113te kuc\u0113niem \u2013 vista, spirul\u012bna un la\u0161a e\u013c\u013ca 400 g - MiuMjau<\/title>\n<meta name=\"robots\" content=\"index, follow, max-snippet:-1, max-image-preview:large, max-video-preview:-1\" \/>\n<link rel=\"canonical\" href=\"https:\/\/miumjau.ee\/lv\/produkts\/ontario-pastete-kuceniem-vista-spirulina-un-lasa-ella-400-g\/\" \/>\n<meta property=\"og:locale\" content=\"lv_LV\" \/>\n<meta property=\"og:type\" content=\"article\" \/>\n<meta property=\"og:title\" content=\"Ontario past\u0113te kuc\u0113niem \u2013 vista, spirul\u012bna un la\u0161a e\u013c\u013ca 400 g - MiuMjau\" \/>\n<meta property=\"og:description\" content=\"Pilnv\u0113rt\u012bgs \u0113diens vis\u0101m \u0161\u0137irn\u0113m kuc\u0113niem un jaunajiem su\u0146iem (no 2 m\u0113ne\u0161u vecuma). Pievienota spirul\u012bna, kas ir antioksidantu avots, atbalsta dz\u012bvnieka dabisko aizsardz\u012bbu.Ar la\u0161a e\u013c\u013cu, kas ir omega-3 un omega-6 tauksk\u0101bju avots, pal\u012bdz uztur\u0113t vesel\u012bgu \u0101du un sp\u012bd\u012bgu ka\u017eoku.Satur vitam\u012bnus un miner\u0101lvielas, kas pal\u012bdz kuc\u0113nam saglab\u0101t labu formu. A vitam\u012bns atbalsta vesel\u012bgu redzi, D3 vitam\u012bns \u2013 veselus kaulus un zobus, E vitam\u012bns \u2013 im\u016bnsist\u0113mas norm\u0101lu darb\u012bbu. Sast\u0101vs: vista 30 %, c\u016bkga\u013ca 29 %, buljons 27,1 %, liellopu ga\u013ca 11 %, la\u0161a e\u013c\u013ca 1 %, saulespu\u0137u e\u013c\u013ca 0,7 %, miner\u0101lvielas 0,7 %, inul\u012bns 0,4 %, spirul\u012bna 0,05 % Anal\u012btisk\u0101s sast\u0101vda\u013cas: kopprote\u012bns 12 %, koptauki 6,5 %, pelni 2,5 %, \u0161\u0137iedrvielas 0,6 %, mitrums 77 % Bar\u012bbas piedevas 1 kg: A vitam\u012bns 2000 SV, D3 vitam\u012bns 150 SV, E vitam\u012bns 25 mg, cinks (cinka sulf\u0101ta monohidr\u0101ts) 10 mg, mang\u0101ns (mang\u0101na oks\u012bds) 2 mg, var\u0161 (vara sulf\u0101ta pentahidr\u0101ts) 1,8 mg, jods (kalcija jod\u0101ts) 0,1 mg, biot\u012bns 100 \u00b5g\" \/>\n<meta property=\"og:url\" content=\"https:\/\/miumjau.ee\/lv\/produkts\/ontario-pastete-kuceniem-vista-spirulina-un-lasa-ella-400-g\/\" \/>\n<meta property=\"og:site_name\" content=\"MiuMjau\" \/>\n<meta property=\"article:publisher\" content=\"https:\/\/www.facebook.com\/miumjaupood\/\" \/>\n<meta property=\"article:modified_time\" content=\"2026-01-07T19:22:55+00:00\" \/>\n<meta property=\"og:image\" content=\"https:\/\/miumjau.ee\/wp-content\/uploads\/2025\/04\/ontario-pasteet-koertele-400g6.webp\" \/>\n\t<meta property=\"og:image:width\" content=\"1200\" \/>\n\t<meta property=\"og:image:height\" content=\"1600\" \/>\n\t<meta property=\"og:image:type\" content=\"image\/webp\" \/>\n<meta name=\"twitter:card\" content=\"summary_large_image\" \/>\n<script type=\"application\/ld+json\" class=\"yoast-schema-graph\">{\"@context\":\"https:\\\/\\\/schema.org\",\"@graph\":[{\"@type\":\"WebPage\",\"@id\":\"https:\\\/\\\/miumjau.ee\\\/lv\\\/produkts\\\/ontario-pastete-kuceniem-vista-spirulina-un-lasa-ella-400-g\\\/\",\"url\":\"https:\\\/\\\/miumjau.ee\\\/lv\\\/produkts\\\/ontario-pastete-kuceniem-vista-spirulina-un-lasa-ella-400-g\\\/\",\"name\":\"Ontario past\u0113te kuc\u0113niem \u2013 vista, spirul\u012bna un la\u0161a e\u013c\u013ca 400 g - MiuMjau\",\"isPartOf\":{\"@id\":\"https:\\\/\\\/miumjau.ee\\\/#website\"},\"primaryImageOfPage\":{\"@id\":\"https:\\\/\\\/miumjau.ee\\\/lv\\\/produkts\\\/ontario-pastete-kuceniem-vista-spirulina-un-lasa-ella-400-g\\\/#primaryimage\"},\"image\":{\"@id\":\"https:\\\/\\\/miumjau.ee\\\/lv\\\/produkts\\\/ontario-pastete-kuceniem-vista-spirulina-un-lasa-ella-400-g\\\/#primaryimage\"},\"thumbnailUrl\":\"https:\\\/\\\/miumjau.ee\\\/wp-content\\\/uploads\\\/2025\\\/04\\\/ontario-pasteet-koertele-400g6.webp\",\"datePublished\":\"2025-04-30T10:41:11+00:00\",\"dateModified\":\"2026-01-07T19:22:55+00:00\",\"breadcrumb\":{\"@id\":\"https:\\\/\\\/miumjau.ee\\\/lv\\\/produkts\\\/ontario-pastete-kuceniem-vista-spirulina-un-lasa-ella-400-g\\\/#breadcrumb\"},\"inLanguage\":\"lv-LV\",\"potentialAction\":[{\"@type\":\"ReadAction\",\"target\":[\"https:\\\/\\\/miumjau.ee\\\/lv\\\/produkts\\\/ontario-pastete-kuceniem-vista-spirulina-un-lasa-ella-400-g\\\/\"]}]},{\"@type\":\"ImageObject\",\"inLanguage\":\"lv-LV\",\"@id\":\"https:\\\/\\\/miumjau.ee\\\/lv\\\/produkts\\\/ontario-pastete-kuceniem-vista-spirulina-un-lasa-ella-400-g\\\/#primaryimage\",\"url\":\"https:\\\/\\\/miumjau.ee\\\/wp-content\\\/uploads\\\/2025\\\/04\\\/ontario-pasteet-koertele-400g6.webp\",\"contentUrl\":\"https:\\\/\\\/miumjau.ee\\\/wp-content\\\/uploads\\\/2025\\\/04\\\/ontario-pasteet-koertele-400g6.webp\",\"width\":1200,\"height\":1600},{\"@type\":\"BreadcrumbList\",\"@id\":\"https:\\\/\\\/miumjau.ee\\\/lv\\\/produkts\\\/ontario-pastete-kuceniem-vista-spirulina-un-lasa-ella-400-g\\\/#breadcrumb\",\"itemListElement\":[{\"@type\":\"ListItem\",\"position\":1,\"name\":\"Home\",\"item\":\"https:\\\/\\\/miumjau.ee\\\/lv\\\/\"},{\"@type\":\"ListItem\",\"position\":2,\"name\":\"Veikals\",\"item\":\"https:\\\/\\\/miumjau.ee\\\/lv\\\/veikals\\\/\"},{\"@type\":\"ListItem\",\"position\":3,\"name\":\"Ontario past\u0113te kuc\u0113niem \u2013 vista, spirul\u012bna un la\u0161a e\u013c\u013ca 400 g\"}]},{\"@type\":\"WebSite\",\"@id\":\"https:\\\/\\\/miumjau.ee\\\/#website\",\"url\":\"https:\\\/\\\/miumjau.ee\\\/\",\"name\":\"MiuMjau\",\"description\":\"Kraapimispuud kassidele\",\"publisher\":{\"@id\":\"https:\\\/\\\/miumjau.ee\\\/#organization\"},\"potentialAction\":[{\"@type\":\"SearchAction\",\"target\":{\"@type\":\"EntryPoint\",\"urlTemplate\":\"https:\\\/\\\/miumjau.ee\\\/?s={search_term_string}\"},\"query-input\":{\"@type\":\"PropertyValueSpecification\",\"valueRequired\":true,\"valueName\":\"search_term_string\"}}],\"inLanguage\":\"lv-LV\"},{\"@type\":\"Organization\",\"@id\":\"https:\\\/\\\/miumjau.ee\\\/#organization\",\"name\":\"MiuMjau O\u00dc\",\"url\":\"https:\\\/\\\/miumjau.ee\\\/\",\"logo\":{\"@type\":\"ImageObject\",\"inLanguage\":\"lv-LV\",\"@id\":\"https:\\\/\\\/miumjau.ee\\\/#\\\/schema\\\/logo\\\/image\\\/\",\"url\":\"https:\\\/\\\/miumjau.ee\\\/wp-content\\\/uploads\\\/2022\\\/04\\\/MiuMjau-logo-kollane.png\",\"contentUrl\":\"https:\\\/\\\/miumjau.ee\\\/wp-content\\\/uploads\\\/2022\\\/04\\\/MiuMjau-logo-kollane.png\",\"width\":219,\"height\":100,\"caption\":\"MiuMjau O\u00dc\"},\"image\":{\"@id\":\"https:\\\/\\\/miumjau.ee\\\/#\\\/schema\\\/logo\\\/image\\\/\"},\"sameAs\":[\"https:\\\/\\\/www.facebook.com\\\/miumjaupood\\\/\"]}]}<\/script>\n<!-- \/ Yoast SEO plugin. -->","yoast_head_json":{"title":"Ontario past\u0113te kuc\u0113niem \u2013 vista, spirul\u012bna un la\u0161a e\u013c\u013ca 400 g - MiuMjau","robots":{"index":"index","follow":"follow","max-snippet":"max-snippet:-1","max-image-preview":"max-image-preview:large","max-video-preview":"max-video-preview:-1"},"canonical":"https:\/\/miumjau.ee\/lv\/produkts\/ontario-pastete-kuceniem-vista-spirulina-un-lasa-ella-400-g\/","og_locale":"lv_LV","og_type":"article","og_title":"Ontario past\u0113te kuc\u0113niem \u2013 vista, spirul\u012bna un la\u0161a e\u013c\u013ca 400 g - MiuMjau","og_description":"Pilnv\u0113rt\u012bgs \u0113diens vis\u0101m \u0161\u0137irn\u0113m kuc\u0113niem un jaunajiem su\u0146iem (no 2 m\u0113ne\u0161u vecuma). Pievienota spirul\u012bna, kas ir antioksidantu avots, atbalsta dz\u012bvnieka dabisko aizsardz\u012bbu.Ar la\u0161a e\u013c\u013cu, kas ir omega-3 un omega-6 tauksk\u0101bju avots, pal\u012bdz uztur\u0113t vesel\u012bgu \u0101du un sp\u012bd\u012bgu ka\u017eoku.Satur vitam\u012bnus un miner\u0101lvielas, kas pal\u012bdz kuc\u0113nam saglab\u0101t labu formu. A vitam\u012bns atbalsta vesel\u012bgu redzi, D3 vitam\u012bns \u2013 veselus kaulus un zobus, E vitam\u012bns \u2013 im\u016bnsist\u0113mas norm\u0101lu darb\u012bbu. Sast\u0101vs: vista 30 %, c\u016bkga\u013ca 29 %, buljons 27,1 %, liellopu ga\u013ca 11 %, la\u0161a e\u013c\u013ca 1 %, saulespu\u0137u e\u013c\u013ca 0,7 %, miner\u0101lvielas 0,7 %, inul\u012bns 0,4 %, spirul\u012bna 0,05 % Anal\u012btisk\u0101s sast\u0101vda\u013cas: kopprote\u012bns 12 %, koptauki 6,5 %, pelni 2,5 %, \u0161\u0137iedrvielas 0,6 %, mitrums 77 % Bar\u012bbas piedevas 1 kg: A vitam\u012bns 2000 SV, D3 vitam\u012bns 150 SV, E vitam\u012bns 25 mg, cinks (cinka sulf\u0101ta monohidr\u0101ts) 10 mg, mang\u0101ns (mang\u0101na oks\u012bds) 2 mg, var\u0161 (vara sulf\u0101ta pentahidr\u0101ts) 1,8 mg, jods (kalcija jod\u0101ts) 0,1 mg, biot\u012bns 100 \u00b5g","og_url":"https:\/\/miumjau.ee\/lv\/produkts\/ontario-pastete-kuceniem-vista-spirulina-un-lasa-ella-400-g\/","og_site_name":"MiuMjau","article_publisher":"https:\/\/www.facebook.com\/miumjaupood\/","article_modified_time":"2026-01-07T19:22:55+00:00","og_image":[{"width":1200,"height":1600,"url":"https:\/\/miumjau.ee\/wp-content\/uploads\/2025\/04\/ontario-pasteet-koertele-400g6.webp","type":"image\/webp"}],"twitter_card":"summary_large_image","schema":{"@context":"https:\/\/schema.org","@graph":[{"@type":"WebPage","@id":"https:\/\/miumjau.ee\/lv\/produkts\/ontario-pastete-kuceniem-vista-spirulina-un-lasa-ella-400-g\/","url":"https:\/\/miumjau.ee\/lv\/produkts\/ontario-pastete-kuceniem-vista-spirulina-un-lasa-ella-400-g\/","name":"Ontario past\u0113te kuc\u0113niem \u2013 vista, spirul\u012bna un la\u0161a e\u013c\u013ca 400 g - MiuMjau","isPartOf":{"@id":"https:\/\/miumjau.ee\/#website"},"primaryImageOfPage":{"@id":"https:\/\/miumjau.ee\/lv\/produkts\/ontario-pastete-kuceniem-vista-spirulina-un-lasa-ella-400-g\/#primaryimage"},"image":{"@id":"https:\/\/miumjau.ee\/lv\/produkts\/ontario-pastete-kuceniem-vista-spirulina-un-lasa-ella-400-g\/#primaryimage"},"thumbnailUrl":"https:\/\/miumjau.ee\/wp-content\/uploads\/2025\/04\/ontario-pasteet-koertele-400g6.webp","datePublished":"2025-04-30T10:41:11+00:00","dateModified":"2026-01-07T19:22:55+00:00","breadcrumb":{"@id":"https:\/\/miumjau.ee\/lv\/produkts\/ontario-pastete-kuceniem-vista-spirulina-un-lasa-ella-400-g\/#breadcrumb"},"inLanguage":"lv-LV","potentialAction":[{"@type":"ReadAction","target":["https:\/\/miumjau.ee\/lv\/produkts\/ontario-pastete-kuceniem-vista-spirulina-un-lasa-ella-400-g\/"]}]},{"@type":"ImageObject","inLanguage":"lv-LV","@id":"https:\/\/miumjau.ee\/lv\/produkts\/ontario-pastete-kuceniem-vista-spirulina-un-lasa-ella-400-g\/#primaryimage","url":"https:\/\/miumjau.ee\/wp-content\/uploads\/2025\/04\/ontario-pasteet-koertele-400g6.webp","contentUrl":"https:\/\/miumjau.ee\/wp-content\/uploads\/2025\/04\/ontario-pasteet-koertele-400g6.webp","width":1200,"height":1600},{"@type":"BreadcrumbList","@id":"https:\/\/miumjau.ee\/lv\/produkts\/ontario-pastete-kuceniem-vista-spirulina-un-lasa-ella-400-g\/#breadcrumb","itemListElement":[{"@type":"ListItem","position":1,"name":"Home","item":"https:\/\/miumjau.ee\/lv\/"},{"@type":"ListItem","position":2,"name":"Veikals","item":"https:\/\/miumjau.ee\/lv\/veikals\/"},{"@type":"ListItem","position":3,"name":"Ontario past\u0113te kuc\u0113niem \u2013 vista, spirul\u012bna un la\u0161a e\u013c\u013ca 400 g"}]},{"@type":"WebSite","@id":"https:\/\/miumjau.ee\/#website","url":"https:\/\/miumjau.ee\/","name":"MiuMjau","description":"Kraapimispuud kassidele","publisher":{"@id":"https:\/\/miumjau.ee\/#organization"},"potentialAction":[{"@type":"SearchAction","target":{"@type":"EntryPoint","urlTemplate":"https:\/\/miumjau.ee\/?s={search_term_string}"},"query-input":{"@type":"PropertyValueSpecification","valueRequired":true,"valueName":"search_term_string"}}],"inLanguage":"lv-LV"},{"@type":"Organization","@id":"https:\/\/miumjau.ee\/#organization","name":"MiuMjau O\u00dc","url":"https:\/\/miumjau.ee\/","logo":{"@type":"ImageObject","inLanguage":"lv-LV","@id":"https:\/\/miumjau.ee\/#\/schema\/logo\/image\/","url":"https:\/\/miumjau.ee\/wp-content\/uploads\/2022\/04\/MiuMjau-logo-kollane.png","contentUrl":"https:\/\/miumjau.ee\/wp-content\/uploads\/2022\/04\/MiuMjau-logo-kollane.png","width":219,"height":100,"caption":"MiuMjau O\u00dc"},"image":{"@id":"https:\/\/miumjau.ee\/#\/schema\/logo\/image\/"},"sameAs":["https:\/\/www.facebook.com\/miumjaupood\/"]}]}},"_links":{"self":[{"href":"https:\/\/miumjau.ee\/lv\/wp-json\/wp\/v2\/product\/45969","targetHints":{"allow":["GET"]}}],"collection":[{"href":"https:\/\/miumjau.ee\/lv\/wp-json\/wp\/v2\/product"}],"about":[{"href":"https:\/\/miumjau.ee\/lv\/wp-json\/wp\/v2\/types\/product"}],"wp:featuredmedia":[{"embeddable":true,"href":"https:\/\/miumjau.ee\/lv\/wp-json\/wp\/v2\/media\/45970"}],"wp:attachment":[{"href":"https:\/\/miumjau.ee\/lv\/wp-json\/wp\/v2\/media?parent=45969"}],"wp:term":[{"taxonomy":"product_brand","embeddable":true,"href":"https:\/\/miumjau.ee\/lv\/wp-json\/wp\/v2\/product_brand?post=45969"},{"taxonomy":"product_cat","embeddable":true,"href":"https:\/\/miumjau.ee\/lv\/wp-json\/wp\/v2\/product_cat?post=45969"},{"taxonomy":"product_tag","embeddable":true,"href":"https:\/\/miumjau.ee\/lv\/wp-json\/wp\/v2\/product_tag?post=45969"}],"curies":[{"name":"wp","href":"https:\/\/api.w.org\/{rel}","templated":true}]}}