{"id":45901,"date":"2025-04-30T15:40:35","date_gmt":"2025-04-30T12:40:35","guid":{"rendered":"https:\/\/miumjau.ee\/toode\/ontario-maisins-suniem-vista-un-darzeni-buljona-300-g\/"},"modified":"2026-01-07T21:23:10","modified_gmt":"2026-01-07T19:23:10","slug":"ontario-maisins-suniem-vista-un-darzeni-buljona-300-g","status":"publish","type":"product","link":"https:\/\/miumjau.ee\/lv\/produkts\/ontario-maisins-suniem-vista-un-darzeni-buljona-300-g\/","title":{"rendered":"Ontario maisi\u0146\u0161 su\u0146iem \u2013 vista un d\u0101rze\u0146i buljon\u0101 300 g"},"content":{"rendered":"","protected":false},"excerpt":{"rendered":"<p data-start=\"2464\" data-end=\"2577\">Vista ar d\u0101rze\u0146iem buljon\u0101. BARF iedvesmots monoprote\u012bna pilnv\u0113rt\u012bgs \u0113diens visiem su\u0146iem (no 2 m\u0113ne\u0161u vecuma).<\/p>\n<p data-start=\"2579\" data-end=\"2934\">Smalki sakap\u0101ta vista arom\u0101tisk\u0101 buljon\u0101 ar liel\u0101kiem t\u012bra ga\u013cas gabali\u0146iem, kartupe\u013ciem, zir\u0146iem un burk\u0101niem.<br data-start=\"2690\" data-end=\"2693\" \/>Recepte satur m\u012bkstin\u0101tas vistas kaulus, kas ir svar\u012bgi fosfora un kalcija avoti.<br data-start=\"2774\" data-end=\"2777\" \/>Ga\u013ca ir piem\u0113rota cilv\u0113ku uzturam.<br data-start=\"2811\" data-end=\"2814\" \/>Maisi\u0146i ir karsti steriliz\u0113ti, nesatur konservantus.<br data-start=\"2866\" data-end=\"2869\" \/>Dabisks izskats un arom\u0101ts bez m\u0101ksl\u012bg\u0101m gar\u0161\u0101m vai kr\u0101sviel\u0101m.<\/p>\n<p data-start=\"2936\" data-end=\"3044\"><strong data-start=\"2936\" data-end=\"2948\">Sast\u0101vs:<\/strong> vista 62 %, buljons 18 %, m\u012bkstin\u0101ti vistas kauli 10 %, kartupe\u013ci 4 %, zir\u0146i 3 %, burk\u0101ni 3 %<\/p>\n<p data-start=\"3046\" data-end=\"3151\"><strong data-start=\"3046\" data-end=\"3074\">Anal\u012btisk\u0101s sast\u0101vda\u013cas:<\/strong> kopprote\u012bns 10 %, koptauki 11 %, \u0161\u0137iedrvielas 2 %, pelni 2 %, mitrums 83 %<\/p>\n<p data-start=\"3153\" data-end=\"3506\"><strong data-start=\"3153\" data-end=\"3179\">Baro\u0161anas instrukcija:<\/strong> Barojiet 1\u20132 reizes dien\u0101, ne vair\u0101k k\u0101 200 g uz 5 kg \u0137erme\u0146a svara. Uzglab\u0101jiet neva\u013c\u0101tus maisi\u0146us saus\u0101 viet\u0101 temperat\u016br\u0101 5\u201320 \u00b0C, prom no tie\u0161iem saules stariem. Pasniedziet istabas temperat\u016br\u0101. Izlietojiet uzreiz p\u0113c atv\u0113r\u0161anas. Nav paredz\u0113ts cilv\u0113ku uzturam. Vienm\u0113r nodro\u0161iniet su\u0146iem pieeju svaigam dzeramajam \u016bdenim.<\/p>\n","protected":false},"featured_media":45902,"template":"","meta":[],"product_brand":[],"product_cat":[577],"product_tag":[],"class_list":{"0":"post-45901","1":"product","2":"type-product","3":"status-publish","4":"has-post-thumbnail","6":"product_cat-mitra-bariba-suniem","8":"first","9":"instock","10":"taxable","11":"shipping-taxable","12":"purchasable","13":"product-type-simple"},"yoast_head":"<!-- This site is optimized with the Yoast SEO plugin v27.2 - https:\/\/yoast.com\/product\/yoast-seo-wordpress\/ -->\n<title>Ontario maisi\u0146\u0161 su\u0146iem \u2013 vista un d\u0101rze\u0146i buljon\u0101 300 g - MiuMjau<\/title>\n<meta name=\"robots\" content=\"index, follow, max-snippet:-1, max-image-preview:large, max-video-preview:-1\" \/>\n<link rel=\"canonical\" href=\"https:\/\/miumjau.ee\/lv\/produkts\/ontario-maisins-suniem-vista-un-darzeni-buljona-300-g\/\" \/>\n<meta property=\"og:locale\" content=\"lv_LV\" \/>\n<meta property=\"og:type\" content=\"article\" \/>\n<meta property=\"og:title\" content=\"Ontario maisi\u0146\u0161 su\u0146iem \u2013 vista un d\u0101rze\u0146i buljon\u0101 300 g - MiuMjau\" \/>\n<meta property=\"og:description\" content=\"Vista ar d\u0101rze\u0146iem buljon\u0101. BARF iedvesmots monoprote\u012bna pilnv\u0113rt\u012bgs \u0113diens visiem su\u0146iem (no 2 m\u0113ne\u0161u vecuma). Smalki sakap\u0101ta vista arom\u0101tisk\u0101 buljon\u0101 ar liel\u0101kiem t\u012bra ga\u013cas gabali\u0146iem, kartupe\u013ciem, zir\u0146iem un burk\u0101niem.Recepte satur m\u012bkstin\u0101tas vistas kaulus, kas ir svar\u012bgi fosfora un kalcija avoti.Ga\u013ca ir piem\u0113rota cilv\u0113ku uzturam.Maisi\u0146i ir karsti steriliz\u0113ti, nesatur konservantus.Dabisks izskats un arom\u0101ts bez m\u0101ksl\u012bg\u0101m gar\u0161\u0101m vai kr\u0101sviel\u0101m. Sast\u0101vs: vista 62 %, buljons 18 %, m\u012bkstin\u0101ti vistas kauli 10 %, kartupe\u013ci 4 %, zir\u0146i 3 %, burk\u0101ni 3 % Anal\u012btisk\u0101s sast\u0101vda\u013cas: kopprote\u012bns 10 %, koptauki 11 %, \u0161\u0137iedrvielas 2 %, pelni 2 %, mitrums 83 % Baro\u0161anas instrukcija: Barojiet 1\u20132 reizes dien\u0101, ne vair\u0101k k\u0101 200 g uz 5 kg \u0137erme\u0146a svara. Uzglab\u0101jiet neva\u013c\u0101tus maisi\u0146us saus\u0101 viet\u0101 temperat\u016br\u0101 5\u201320 \u00b0C, prom no tie\u0161iem saules stariem. Pasniedziet istabas temperat\u016br\u0101. Izlietojiet uzreiz p\u0113c atv\u0113r\u0161anas. Nav paredz\u0113ts cilv\u0113ku uzturam. Vienm\u0113r nodro\u0161iniet su\u0146iem pieeju svaigam dzeramajam \u016bdenim.\" \/>\n<meta property=\"og:url\" content=\"https:\/\/miumjau.ee\/lv\/produkts\/ontario-maisins-suniem-vista-un-darzeni-buljona-300-g\/\" \/>\n<meta property=\"og:site_name\" content=\"MiuMjau\" \/>\n<meta property=\"article:publisher\" content=\"https:\/\/www.facebook.com\/miumjaupood\/\" \/>\n<meta property=\"article:modified_time\" content=\"2026-01-07T19:23:10+00:00\" \/>\n<meta property=\"og:image\" content=\"https:\/\/miumjau.ee\/wp-content\/uploads\/2025\/04\/ontario-einekotike-koerale-300g7.webp\" \/>\n\t<meta property=\"og:image:width\" content=\"1200\" \/>\n\t<meta property=\"og:image:height\" content=\"1600\" \/>\n\t<meta property=\"og:image:type\" content=\"image\/webp\" \/>\n<meta name=\"twitter:card\" content=\"summary_large_image\" \/>\n<script type=\"application\/ld+json\" class=\"yoast-schema-graph\">{\"@context\":\"https:\/\/schema.org\",\"@graph\":[{\"@type\":\"WebPage\",\"@id\":\"https:\/\/miumjau.ee\/lv\/produkts\/ontario-maisins-suniem-vista-un-darzeni-buljona-300-g\/\",\"url\":\"https:\/\/miumjau.ee\/lv\/produkts\/ontario-maisins-suniem-vista-un-darzeni-buljona-300-g\/\",\"name\":\"Ontario maisi\u0146\u0161 su\u0146iem \u2013 vista un d\u0101rze\u0146i buljon\u0101 300 g - MiuMjau\",\"isPartOf\":{\"@id\":\"https:\/\/miumjau.ee\/#website\"},\"primaryImageOfPage\":{\"@id\":\"https:\/\/miumjau.ee\/lv\/produkts\/ontario-maisins-suniem-vista-un-darzeni-buljona-300-g\/#primaryimage\"},\"image\":{\"@id\":\"https:\/\/miumjau.ee\/lv\/produkts\/ontario-maisins-suniem-vista-un-darzeni-buljona-300-g\/#primaryimage\"},\"thumbnailUrl\":\"https:\/\/miumjau.ee\/wp-content\/uploads\/2025\/04\/ontario-einekotike-koerale-300g7.webp\",\"datePublished\":\"2025-04-30T12:40:35+00:00\",\"dateModified\":\"2026-01-07T19:23:10+00:00\",\"breadcrumb\":{\"@id\":\"https:\/\/miumjau.ee\/lv\/produkts\/ontario-maisins-suniem-vista-un-darzeni-buljona-300-g\/#breadcrumb\"},\"inLanguage\":\"lv-LV\",\"potentialAction\":[{\"@type\":\"ReadAction\",\"target\":[\"https:\/\/miumjau.ee\/lv\/produkts\/ontario-maisins-suniem-vista-un-darzeni-buljona-300-g\/\"]}]},{\"@type\":\"ImageObject\",\"inLanguage\":\"lv-LV\",\"@id\":\"https:\/\/miumjau.ee\/lv\/produkts\/ontario-maisins-suniem-vista-un-darzeni-buljona-300-g\/#primaryimage\",\"url\":\"https:\/\/miumjau.ee\/wp-content\/uploads\/2025\/04\/ontario-einekotike-koerale-300g7.webp\",\"contentUrl\":\"https:\/\/miumjau.ee\/wp-content\/uploads\/2025\/04\/ontario-einekotike-koerale-300g7.webp\",\"width\":1200,\"height\":1600},{\"@type\":\"BreadcrumbList\",\"@id\":\"https:\/\/miumjau.ee\/lv\/produkts\/ontario-maisins-suniem-vista-un-darzeni-buljona-300-g\/#breadcrumb\",\"itemListElement\":[{\"@type\":\"ListItem\",\"position\":1,\"name\":\"Home\",\"item\":\"https:\/\/miumjau.ee\/lv\/\"},{\"@type\":\"ListItem\",\"position\":2,\"name\":\"Veikals\",\"item\":\"https:\/\/miumjau.ee\/lv\/veikals\/\"},{\"@type\":\"ListItem\",\"position\":3,\"name\":\"Ontario maisi\u0146\u0161 su\u0146iem \u2013 vista un d\u0101rze\u0146i buljon\u0101 300 g\"}]},{\"@type\":\"WebSite\",\"@id\":\"https:\/\/miumjau.ee\/#website\",\"url\":\"https:\/\/miumjau.ee\/\",\"name\":\"MiuMjau\",\"description\":\"Kraapimispuud kassidele\",\"publisher\":{\"@id\":\"https:\/\/miumjau.ee\/#organization\"},\"potentialAction\":[{\"@type\":\"SearchAction\",\"target\":{\"@type\":\"EntryPoint\",\"urlTemplate\":\"https:\/\/miumjau.ee\/?s={search_term_string}\"},\"query-input\":{\"@type\":\"PropertyValueSpecification\",\"valueRequired\":true,\"valueName\":\"search_term_string\"}}],\"inLanguage\":\"lv-LV\"},{\"@type\":\"Organization\",\"@id\":\"https:\/\/miumjau.ee\/#organization\",\"name\":\"MiuMjau O\u00dc\",\"url\":\"https:\/\/miumjau.ee\/\",\"logo\":{\"@type\":\"ImageObject\",\"inLanguage\":\"lv-LV\",\"@id\":\"https:\/\/miumjau.ee\/#\/schema\/logo\/image\/\",\"url\":\"https:\/\/miumjau.ee\/wp-content\/uploads\/2022\/04\/MiuMjau-logo-kollane.png\",\"contentUrl\":\"https:\/\/miumjau.ee\/wp-content\/uploads\/2022\/04\/MiuMjau-logo-kollane.png\",\"width\":219,\"height\":100,\"caption\":\"MiuMjau O\u00dc\"},\"image\":{\"@id\":\"https:\/\/miumjau.ee\/#\/schema\/logo\/image\/\"},\"sameAs\":[\"https:\/\/www.facebook.com\/miumjaupood\/\"]}]}<\/script>\n<!-- \/ Yoast SEO plugin. -->","yoast_head_json":{"title":"Ontario maisi\u0146\u0161 su\u0146iem \u2013 vista un d\u0101rze\u0146i buljon\u0101 300 g - MiuMjau","robots":{"index":"index","follow":"follow","max-snippet":"max-snippet:-1","max-image-preview":"max-image-preview:large","max-video-preview":"max-video-preview:-1"},"canonical":"https:\/\/miumjau.ee\/lv\/produkts\/ontario-maisins-suniem-vista-un-darzeni-buljona-300-g\/","og_locale":"lv_LV","og_type":"article","og_title":"Ontario maisi\u0146\u0161 su\u0146iem \u2013 vista un d\u0101rze\u0146i buljon\u0101 300 g - MiuMjau","og_description":"Vista ar d\u0101rze\u0146iem buljon\u0101. BARF iedvesmots monoprote\u012bna pilnv\u0113rt\u012bgs \u0113diens visiem su\u0146iem (no 2 m\u0113ne\u0161u vecuma). Smalki sakap\u0101ta vista arom\u0101tisk\u0101 buljon\u0101 ar liel\u0101kiem t\u012bra ga\u013cas gabali\u0146iem, kartupe\u013ciem, zir\u0146iem un burk\u0101niem.Recepte satur m\u012bkstin\u0101tas vistas kaulus, kas ir svar\u012bgi fosfora un kalcija avoti.Ga\u013ca ir piem\u0113rota cilv\u0113ku uzturam.Maisi\u0146i ir karsti steriliz\u0113ti, nesatur konservantus.Dabisks izskats un arom\u0101ts bez m\u0101ksl\u012bg\u0101m gar\u0161\u0101m vai kr\u0101sviel\u0101m. Sast\u0101vs: vista 62 %, buljons 18 %, m\u012bkstin\u0101ti vistas kauli 10 %, kartupe\u013ci 4 %, zir\u0146i 3 %, burk\u0101ni 3 % Anal\u012btisk\u0101s sast\u0101vda\u013cas: kopprote\u012bns 10 %, koptauki 11 %, \u0161\u0137iedrvielas 2 %, pelni 2 %, mitrums 83 % Baro\u0161anas instrukcija: Barojiet 1\u20132 reizes dien\u0101, ne vair\u0101k k\u0101 200 g uz 5 kg \u0137erme\u0146a svara. Uzglab\u0101jiet neva\u013c\u0101tus maisi\u0146us saus\u0101 viet\u0101 temperat\u016br\u0101 5\u201320 \u00b0C, prom no tie\u0161iem saules stariem. Pasniedziet istabas temperat\u016br\u0101. Izlietojiet uzreiz p\u0113c atv\u0113r\u0161anas. Nav paredz\u0113ts cilv\u0113ku uzturam. Vienm\u0113r nodro\u0161iniet su\u0146iem pieeju svaigam dzeramajam \u016bdenim.","og_url":"https:\/\/miumjau.ee\/lv\/produkts\/ontario-maisins-suniem-vista-un-darzeni-buljona-300-g\/","og_site_name":"MiuMjau","article_publisher":"https:\/\/www.facebook.com\/miumjaupood\/","article_modified_time":"2026-01-07T19:23:10+00:00","og_image":[{"width":1200,"height":1600,"url":"https:\/\/miumjau.ee\/wp-content\/uploads\/2025\/04\/ontario-einekotike-koerale-300g7.webp","type":"image\/webp"}],"twitter_card":"summary_large_image","schema":{"@context":"https:\/\/schema.org","@graph":[{"@type":"WebPage","@id":"https:\/\/miumjau.ee\/lv\/produkts\/ontario-maisins-suniem-vista-un-darzeni-buljona-300-g\/","url":"https:\/\/miumjau.ee\/lv\/produkts\/ontario-maisins-suniem-vista-un-darzeni-buljona-300-g\/","name":"Ontario maisi\u0146\u0161 su\u0146iem \u2013 vista un d\u0101rze\u0146i buljon\u0101 300 g - MiuMjau","isPartOf":{"@id":"https:\/\/miumjau.ee\/#website"},"primaryImageOfPage":{"@id":"https:\/\/miumjau.ee\/lv\/produkts\/ontario-maisins-suniem-vista-un-darzeni-buljona-300-g\/#primaryimage"},"image":{"@id":"https:\/\/miumjau.ee\/lv\/produkts\/ontario-maisins-suniem-vista-un-darzeni-buljona-300-g\/#primaryimage"},"thumbnailUrl":"https:\/\/miumjau.ee\/wp-content\/uploads\/2025\/04\/ontario-einekotike-koerale-300g7.webp","datePublished":"2025-04-30T12:40:35+00:00","dateModified":"2026-01-07T19:23:10+00:00","breadcrumb":{"@id":"https:\/\/miumjau.ee\/lv\/produkts\/ontario-maisins-suniem-vista-un-darzeni-buljona-300-g\/#breadcrumb"},"inLanguage":"lv-LV","potentialAction":[{"@type":"ReadAction","target":["https:\/\/miumjau.ee\/lv\/produkts\/ontario-maisins-suniem-vista-un-darzeni-buljona-300-g\/"]}]},{"@type":"ImageObject","inLanguage":"lv-LV","@id":"https:\/\/miumjau.ee\/lv\/produkts\/ontario-maisins-suniem-vista-un-darzeni-buljona-300-g\/#primaryimage","url":"https:\/\/miumjau.ee\/wp-content\/uploads\/2025\/04\/ontario-einekotike-koerale-300g7.webp","contentUrl":"https:\/\/miumjau.ee\/wp-content\/uploads\/2025\/04\/ontario-einekotike-koerale-300g7.webp","width":1200,"height":1600},{"@type":"BreadcrumbList","@id":"https:\/\/miumjau.ee\/lv\/produkts\/ontario-maisins-suniem-vista-un-darzeni-buljona-300-g\/#breadcrumb","itemListElement":[{"@type":"ListItem","position":1,"name":"Home","item":"https:\/\/miumjau.ee\/lv\/"},{"@type":"ListItem","position":2,"name":"Veikals","item":"https:\/\/miumjau.ee\/lv\/veikals\/"},{"@type":"ListItem","position":3,"name":"Ontario maisi\u0146\u0161 su\u0146iem \u2013 vista un d\u0101rze\u0146i buljon\u0101 300 g"}]},{"@type":"WebSite","@id":"https:\/\/miumjau.ee\/#website","url":"https:\/\/miumjau.ee\/","name":"MiuMjau","description":"Kraapimispuud kassidele","publisher":{"@id":"https:\/\/miumjau.ee\/#organization"},"potentialAction":[{"@type":"SearchAction","target":{"@type":"EntryPoint","urlTemplate":"https:\/\/miumjau.ee\/?s={search_term_string}"},"query-input":{"@type":"PropertyValueSpecification","valueRequired":true,"valueName":"search_term_string"}}],"inLanguage":"lv-LV"},{"@type":"Organization","@id":"https:\/\/miumjau.ee\/#organization","name":"MiuMjau O\u00dc","url":"https:\/\/miumjau.ee\/","logo":{"@type":"ImageObject","inLanguage":"lv-LV","@id":"https:\/\/miumjau.ee\/#\/schema\/logo\/image\/","url":"https:\/\/miumjau.ee\/wp-content\/uploads\/2022\/04\/MiuMjau-logo-kollane.png","contentUrl":"https:\/\/miumjau.ee\/wp-content\/uploads\/2022\/04\/MiuMjau-logo-kollane.png","width":219,"height":100,"caption":"MiuMjau O\u00dc"},"image":{"@id":"https:\/\/miumjau.ee\/#\/schema\/logo\/image\/"},"sameAs":["https:\/\/www.facebook.com\/miumjaupood\/"]}]}},"_links":{"self":[{"href":"https:\/\/miumjau.ee\/lv\/wp-json\/wp\/v2\/product\/45901","targetHints":{"allow":["GET"]}}],"collection":[{"href":"https:\/\/miumjau.ee\/lv\/wp-json\/wp\/v2\/product"}],"about":[{"href":"https:\/\/miumjau.ee\/lv\/wp-json\/wp\/v2\/types\/product"}],"wp:featuredmedia":[{"embeddable":true,"href":"https:\/\/miumjau.ee\/lv\/wp-json\/wp\/v2\/media\/45902"}],"wp:attachment":[{"href":"https:\/\/miumjau.ee\/lv\/wp-json\/wp\/v2\/media?parent=45901"}],"wp:term":[{"taxonomy":"product_brand","embeddable":true,"href":"https:\/\/miumjau.ee\/lv\/wp-json\/wp\/v2\/product_brand?post=45901"},{"taxonomy":"product_cat","embeddable":true,"href":"https:\/\/miumjau.ee\/lv\/wp-json\/wp\/v2\/product_cat?post=45901"},{"taxonomy":"product_tag","embeddable":true,"href":"https:\/\/miumjau.ee\/lv\/wp-json\/wp\/v2\/product_tag?post=45901"}],"curies":[{"name":"wp","href":"https:\/\/api.w.org\/{rel}","templated":true}]}}