{"id":45893,"date":"2025-03-31T13:57:07","date_gmt":"2025-03-31T10:57:07","guid":{"rendered":"https:\/\/miumjau.ee\/toode\/brit-premium-sunu-desa-vistas-un-trusis-800-g\/"},"modified":"2026-01-07T21:23:10","modified_gmt":"2026-01-07T19:23:10","slug":"brit-premium-sunu-desa-vistas-un-trusis-800-g","status":"publish","type":"product","link":"https:\/\/miumjau.ee\/lv\/produkts\/brit-premium-sunu-desa-vistas-un-trusis-800-g\/","title":{"rendered":"Brit Premium su\u0146u desa \u2013 vistas un trusis 800 g"},"content":{"rendered":"","protected":false},"excerpt":{"rendered":"<p data-start=\"1712\" data-end=\"1951\">Brit Premium su\u0146u desa \u2013 pilnv\u0113rt\u012bgs su\u0146u bar\u012bbas produkts. Gar\u0161\u012bga un ga\u013cas bag\u0101ta bar\u012bba ar trusi nodro\u0161ina uzturvielas un gar\u0161u katra su\u0146a uztur\u0101. Bag\u0101ts ar dz\u012bvnieku olbaltumviel\u0101m, tas atbalsta un uzlabo j\u016bsu m\u0101jdz\u012bvnieka gremo\u0161anu.<\/p>\n<p data-start=\"1953\" data-end=\"2077\"><strong data-start=\"1953\" data-end=\"1965\">Sast\u0101vs:<\/strong> 85 % vista (vistu ga\u013ca, aknas, sirdis, kakli, v\u0113deri), 10 % trusis, 3,6 % r\u012bsi, 0,9 % buljons, 0,5 % kolag\u0113ns<\/p>\n<p data-start=\"2079\" data-end=\"2193\"><strong data-start=\"2079\" data-end=\"2107\">Anal\u012btisk\u0101s sast\u0101vda\u013cas:<\/strong> mitrums 68,0 %, kopprote\u012bns 12,0 %, koptauki 9,5 %, pelni 5,0 %, \u0161\u0137iedrvielas 0,5 %<\/p>\n<p data-start=\"2195\" data-end=\"2384\"><strong data-start=\"2195\" data-end=\"2215\">Uztura piedevas:<\/strong> D3 vitam\u012bns (E671) 250 SV, E vitam\u012bns (3a700) 100 mg, cinks (3b606) 12 mg, dzelzs (E1) 10 mg, mang\u0101ns (E5) 2 mg, jods (3b201) 0,7 mg, vara (E4) 0,5 mg, biot\u012bns 0,3 mg<\/p>\n<p data-start=\"2386\" data-end=\"2430\"><strong data-start=\"2386\" data-end=\"2414\">Metaboliz\u0113jam\u0101 ener\u0123ija:<\/strong> 1 505 kcal\/kg<\/p>\n","protected":false},"featured_media":45888,"template":"","meta":[],"product_brand":[],"product_cat":[577],"product_tag":[],"class_list":{"0":"post-45893","1":"product","2":"type-product","3":"status-publish","4":"has-post-thumbnail","6":"product_cat-mitra-bariba-suniem","8":"first","9":"instock","10":"taxable","11":"shipping-taxable","12":"purchasable","13":"product-type-simple"},"yoast_head":"<!-- This site is optimized with the Yoast SEO plugin v27.4 - https:\/\/yoast.com\/product\/yoast-seo-wordpress\/ -->\n<title>Brit Premium su\u0146u desa \u2013 vistas un trusis 800 g - MiuMjau<\/title>\n<meta name=\"robots\" content=\"index, follow, max-snippet:-1, max-image-preview:large, max-video-preview:-1\" \/>\n<link rel=\"canonical\" href=\"https:\/\/miumjau.ee\/lv\/produkts\/brit-premium-sunu-desa-vistas-un-trusis-800-g\/\" \/>\n<meta property=\"og:locale\" content=\"lv_LV\" \/>\n<meta property=\"og:type\" content=\"article\" \/>\n<meta property=\"og:title\" content=\"Brit Premium su\u0146u desa \u2013 vistas un trusis 800 g - MiuMjau\" \/>\n<meta property=\"og:description\" content=\"Brit Premium su\u0146u desa \u2013 pilnv\u0113rt\u012bgs su\u0146u bar\u012bbas produkts. Gar\u0161\u012bga un ga\u013cas bag\u0101ta bar\u012bba ar trusi nodro\u0161ina uzturvielas un gar\u0161u katra su\u0146a uztur\u0101. Bag\u0101ts ar dz\u012bvnieku olbaltumviel\u0101m, tas atbalsta un uzlabo j\u016bsu m\u0101jdz\u012bvnieka gremo\u0161anu. Sast\u0101vs: 85 % vista (vistu ga\u013ca, aknas, sirdis, kakli, v\u0113deri), 10 % trusis, 3,6 % r\u012bsi, 0,9 % buljons, 0,5 % kolag\u0113ns Anal\u012btisk\u0101s sast\u0101vda\u013cas: mitrums 68,0 %, kopprote\u012bns 12,0 %, koptauki 9,5 %, pelni 5,0 %, \u0161\u0137iedrvielas 0,5 % Uztura piedevas: D3 vitam\u012bns (E671) 250 SV, E vitam\u012bns (3a700) 100 mg, cinks (3b606) 12 mg, dzelzs (E1) 10 mg, mang\u0101ns (E5) 2 mg, jods (3b201) 0,7 mg, vara (E4) 0,5 mg, biot\u012bns 0,3 mg Metaboliz\u0113jam\u0101 ener\u0123ija: 1 505 kcal\/kg\" \/>\n<meta property=\"og:url\" content=\"https:\/\/miumjau.ee\/lv\/produkts\/brit-premium-sunu-desa-vistas-un-trusis-800-g\/\" \/>\n<meta property=\"og:site_name\" content=\"MiuMjau\" \/>\n<meta property=\"article:publisher\" content=\"https:\/\/www.facebook.com\/miumjaupood\/\" \/>\n<meta property=\"article:modified_time\" content=\"2026-01-07T19:23:10+00:00\" \/>\n<meta property=\"og:image\" content=\"https:\/\/miumjau.ee\/wp-content\/uploads\/2025\/03\/koeravorst-brit-premium-800g1.jpg\" \/>\n\t<meta property=\"og:image:width\" content=\"600\" \/>\n\t<meta property=\"og:image:height\" content=\"800\" \/>\n\t<meta property=\"og:image:type\" content=\"image\/jpeg\" \/>\n<meta name=\"twitter:card\" content=\"summary_large_image\" \/>\n<script type=\"application\/ld+json\" class=\"yoast-schema-graph\">{\"@context\":\"https:\\\/\\\/schema.org\",\"@graph\":[{\"@type\":\"WebPage\",\"@id\":\"https:\\\/\\\/miumjau.ee\\\/lv\\\/produkts\\\/brit-premium-sunu-desa-vistas-un-trusis-800-g\\\/\",\"url\":\"https:\\\/\\\/miumjau.ee\\\/lv\\\/produkts\\\/brit-premium-sunu-desa-vistas-un-trusis-800-g\\\/\",\"name\":\"Brit Premium su\u0146u desa \u2013 vistas un trusis 800 g - MiuMjau\",\"isPartOf\":{\"@id\":\"https:\\\/\\\/miumjau.ee\\\/#website\"},\"primaryImageOfPage\":{\"@id\":\"https:\\\/\\\/miumjau.ee\\\/lv\\\/produkts\\\/brit-premium-sunu-desa-vistas-un-trusis-800-g\\\/#primaryimage\"},\"image\":{\"@id\":\"https:\\\/\\\/miumjau.ee\\\/lv\\\/produkts\\\/brit-premium-sunu-desa-vistas-un-trusis-800-g\\\/#primaryimage\"},\"thumbnailUrl\":\"https:\\\/\\\/miumjau.ee\\\/wp-content\\\/uploads\\\/2025\\\/03\\\/koeravorst-brit-premium-800g1.jpg\",\"datePublished\":\"2025-03-31T10:57:07+00:00\",\"dateModified\":\"2026-01-07T19:23:10+00:00\",\"breadcrumb\":{\"@id\":\"https:\\\/\\\/miumjau.ee\\\/lv\\\/produkts\\\/brit-premium-sunu-desa-vistas-un-trusis-800-g\\\/#breadcrumb\"},\"inLanguage\":\"lv-LV\",\"potentialAction\":[{\"@type\":\"ReadAction\",\"target\":[\"https:\\\/\\\/miumjau.ee\\\/lv\\\/produkts\\\/brit-premium-sunu-desa-vistas-un-trusis-800-g\\\/\"]}]},{\"@type\":\"ImageObject\",\"inLanguage\":\"lv-LV\",\"@id\":\"https:\\\/\\\/miumjau.ee\\\/lv\\\/produkts\\\/brit-premium-sunu-desa-vistas-un-trusis-800-g\\\/#primaryimage\",\"url\":\"https:\\\/\\\/miumjau.ee\\\/wp-content\\\/uploads\\\/2025\\\/03\\\/koeravorst-brit-premium-800g1.jpg\",\"contentUrl\":\"https:\\\/\\\/miumjau.ee\\\/wp-content\\\/uploads\\\/2025\\\/03\\\/koeravorst-brit-premium-800g1.jpg\",\"width\":600,\"height\":800},{\"@type\":\"BreadcrumbList\",\"@id\":\"https:\\\/\\\/miumjau.ee\\\/lv\\\/produkts\\\/brit-premium-sunu-desa-vistas-un-trusis-800-g\\\/#breadcrumb\",\"itemListElement\":[{\"@type\":\"ListItem\",\"position\":1,\"name\":\"Home\",\"item\":\"https:\\\/\\\/miumjau.ee\\\/lv\\\/\"},{\"@type\":\"ListItem\",\"position\":2,\"name\":\"Veikals\",\"item\":\"https:\\\/\\\/miumjau.ee\\\/lv\\\/veikals\\\/\"},{\"@type\":\"ListItem\",\"position\":3,\"name\":\"Brit Premium su\u0146u desa \u2013 vistas un trusis 800 g\"}]},{\"@type\":\"WebSite\",\"@id\":\"https:\\\/\\\/miumjau.ee\\\/#website\",\"url\":\"https:\\\/\\\/miumjau.ee\\\/\",\"name\":\"MiuMjau\",\"description\":\"Kraapimispuud kassidele\",\"publisher\":{\"@id\":\"https:\\\/\\\/miumjau.ee\\\/#organization\"},\"potentialAction\":[{\"@type\":\"SearchAction\",\"target\":{\"@type\":\"EntryPoint\",\"urlTemplate\":\"https:\\\/\\\/miumjau.ee\\\/?s={search_term_string}\"},\"query-input\":{\"@type\":\"PropertyValueSpecification\",\"valueRequired\":true,\"valueName\":\"search_term_string\"}}],\"inLanguage\":\"lv-LV\"},{\"@type\":\"Organization\",\"@id\":\"https:\\\/\\\/miumjau.ee\\\/#organization\",\"name\":\"MiuMjau O\u00dc\",\"url\":\"https:\\\/\\\/miumjau.ee\\\/\",\"logo\":{\"@type\":\"ImageObject\",\"inLanguage\":\"lv-LV\",\"@id\":\"https:\\\/\\\/miumjau.ee\\\/#\\\/schema\\\/logo\\\/image\\\/\",\"url\":\"https:\\\/\\\/miumjau.ee\\\/wp-content\\\/uploads\\\/2022\\\/04\\\/MiuMjau-logo-kollane.png\",\"contentUrl\":\"https:\\\/\\\/miumjau.ee\\\/wp-content\\\/uploads\\\/2022\\\/04\\\/MiuMjau-logo-kollane.png\",\"width\":219,\"height\":100,\"caption\":\"MiuMjau O\u00dc\"},\"image\":{\"@id\":\"https:\\\/\\\/miumjau.ee\\\/#\\\/schema\\\/logo\\\/image\\\/\"},\"sameAs\":[\"https:\\\/\\\/www.facebook.com\\\/miumjaupood\\\/\"]}]}<\/script>\n<!-- \/ Yoast SEO plugin. -->","yoast_head_json":{"title":"Brit Premium su\u0146u desa \u2013 vistas un trusis 800 g - MiuMjau","robots":{"index":"index","follow":"follow","max-snippet":"max-snippet:-1","max-image-preview":"max-image-preview:large","max-video-preview":"max-video-preview:-1"},"canonical":"https:\/\/miumjau.ee\/lv\/produkts\/brit-premium-sunu-desa-vistas-un-trusis-800-g\/","og_locale":"lv_LV","og_type":"article","og_title":"Brit Premium su\u0146u desa \u2013 vistas un trusis 800 g - MiuMjau","og_description":"Brit Premium su\u0146u desa \u2013 pilnv\u0113rt\u012bgs su\u0146u bar\u012bbas produkts. Gar\u0161\u012bga un ga\u013cas bag\u0101ta bar\u012bba ar trusi nodro\u0161ina uzturvielas un gar\u0161u katra su\u0146a uztur\u0101. Bag\u0101ts ar dz\u012bvnieku olbaltumviel\u0101m, tas atbalsta un uzlabo j\u016bsu m\u0101jdz\u012bvnieka gremo\u0161anu. Sast\u0101vs: 85 % vista (vistu ga\u013ca, aknas, sirdis, kakli, v\u0113deri), 10 % trusis, 3,6 % r\u012bsi, 0,9 % buljons, 0,5 % kolag\u0113ns Anal\u012btisk\u0101s sast\u0101vda\u013cas: mitrums 68,0 %, kopprote\u012bns 12,0 %, koptauki 9,5 %, pelni 5,0 %, \u0161\u0137iedrvielas 0,5 % Uztura piedevas: D3 vitam\u012bns (E671) 250 SV, E vitam\u012bns (3a700) 100 mg, cinks (3b606) 12 mg, dzelzs (E1) 10 mg, mang\u0101ns (E5) 2 mg, jods (3b201) 0,7 mg, vara (E4) 0,5 mg, biot\u012bns 0,3 mg Metaboliz\u0113jam\u0101 ener\u0123ija: 1 505 kcal\/kg","og_url":"https:\/\/miumjau.ee\/lv\/produkts\/brit-premium-sunu-desa-vistas-un-trusis-800-g\/","og_site_name":"MiuMjau","article_publisher":"https:\/\/www.facebook.com\/miumjaupood\/","article_modified_time":"2026-01-07T19:23:10+00:00","og_image":[{"width":600,"height":800,"url":"https:\/\/miumjau.ee\/wp-content\/uploads\/2025\/03\/koeravorst-brit-premium-800g1.jpg","type":"image\/jpeg"}],"twitter_card":"summary_large_image","schema":{"@context":"https:\/\/schema.org","@graph":[{"@type":"WebPage","@id":"https:\/\/miumjau.ee\/lv\/produkts\/brit-premium-sunu-desa-vistas-un-trusis-800-g\/","url":"https:\/\/miumjau.ee\/lv\/produkts\/brit-premium-sunu-desa-vistas-un-trusis-800-g\/","name":"Brit Premium su\u0146u desa \u2013 vistas un trusis 800 g - MiuMjau","isPartOf":{"@id":"https:\/\/miumjau.ee\/#website"},"primaryImageOfPage":{"@id":"https:\/\/miumjau.ee\/lv\/produkts\/brit-premium-sunu-desa-vistas-un-trusis-800-g\/#primaryimage"},"image":{"@id":"https:\/\/miumjau.ee\/lv\/produkts\/brit-premium-sunu-desa-vistas-un-trusis-800-g\/#primaryimage"},"thumbnailUrl":"https:\/\/miumjau.ee\/wp-content\/uploads\/2025\/03\/koeravorst-brit-premium-800g1.jpg","datePublished":"2025-03-31T10:57:07+00:00","dateModified":"2026-01-07T19:23:10+00:00","breadcrumb":{"@id":"https:\/\/miumjau.ee\/lv\/produkts\/brit-premium-sunu-desa-vistas-un-trusis-800-g\/#breadcrumb"},"inLanguage":"lv-LV","potentialAction":[{"@type":"ReadAction","target":["https:\/\/miumjau.ee\/lv\/produkts\/brit-premium-sunu-desa-vistas-un-trusis-800-g\/"]}]},{"@type":"ImageObject","inLanguage":"lv-LV","@id":"https:\/\/miumjau.ee\/lv\/produkts\/brit-premium-sunu-desa-vistas-un-trusis-800-g\/#primaryimage","url":"https:\/\/miumjau.ee\/wp-content\/uploads\/2025\/03\/koeravorst-brit-premium-800g1.jpg","contentUrl":"https:\/\/miumjau.ee\/wp-content\/uploads\/2025\/03\/koeravorst-brit-premium-800g1.jpg","width":600,"height":800},{"@type":"BreadcrumbList","@id":"https:\/\/miumjau.ee\/lv\/produkts\/brit-premium-sunu-desa-vistas-un-trusis-800-g\/#breadcrumb","itemListElement":[{"@type":"ListItem","position":1,"name":"Home","item":"https:\/\/miumjau.ee\/lv\/"},{"@type":"ListItem","position":2,"name":"Veikals","item":"https:\/\/miumjau.ee\/lv\/veikals\/"},{"@type":"ListItem","position":3,"name":"Brit Premium su\u0146u desa \u2013 vistas un trusis 800 g"}]},{"@type":"WebSite","@id":"https:\/\/miumjau.ee\/#website","url":"https:\/\/miumjau.ee\/","name":"MiuMjau","description":"Kraapimispuud kassidele","publisher":{"@id":"https:\/\/miumjau.ee\/#organization"},"potentialAction":[{"@type":"SearchAction","target":{"@type":"EntryPoint","urlTemplate":"https:\/\/miumjau.ee\/?s={search_term_string}"},"query-input":{"@type":"PropertyValueSpecification","valueRequired":true,"valueName":"search_term_string"}}],"inLanguage":"lv-LV"},{"@type":"Organization","@id":"https:\/\/miumjau.ee\/#organization","name":"MiuMjau O\u00dc","url":"https:\/\/miumjau.ee\/","logo":{"@type":"ImageObject","inLanguage":"lv-LV","@id":"https:\/\/miumjau.ee\/#\/schema\/logo\/image\/","url":"https:\/\/miumjau.ee\/wp-content\/uploads\/2022\/04\/MiuMjau-logo-kollane.png","contentUrl":"https:\/\/miumjau.ee\/wp-content\/uploads\/2022\/04\/MiuMjau-logo-kollane.png","width":219,"height":100,"caption":"MiuMjau O\u00dc"},"image":{"@id":"https:\/\/miumjau.ee\/#\/schema\/logo\/image\/"},"sameAs":["https:\/\/www.facebook.com\/miumjaupood\/"]}]}},"_links":{"self":[{"href":"https:\/\/miumjau.ee\/lv\/wp-json\/wp\/v2\/product\/45893","targetHints":{"allow":["GET"]}}],"collection":[{"href":"https:\/\/miumjau.ee\/lv\/wp-json\/wp\/v2\/product"}],"about":[{"href":"https:\/\/miumjau.ee\/lv\/wp-json\/wp\/v2\/types\/product"}],"wp:featuredmedia":[{"embeddable":true,"href":"https:\/\/miumjau.ee\/lv\/wp-json\/wp\/v2\/media\/45888"}],"wp:attachment":[{"href":"https:\/\/miumjau.ee\/lv\/wp-json\/wp\/v2\/media?parent=45893"}],"wp:term":[{"taxonomy":"product_brand","embeddable":true,"href":"https:\/\/miumjau.ee\/lv\/wp-json\/wp\/v2\/product_brand?post=45893"},{"taxonomy":"product_cat","embeddable":true,"href":"https:\/\/miumjau.ee\/lv\/wp-json\/wp\/v2\/product_cat?post=45893"},{"taxonomy":"product_tag","embeddable":true,"href":"https:\/\/miumjau.ee\/lv\/wp-json\/wp\/v2\/product_tag?post=45893"}],"curies":[{"name":"wp","href":"https:\/\/api.w.org\/{rel}","templated":true}]}}