{"id":45837,"date":"2025-03-31T15:10:34","date_gmt":"2025-03-31T12:10:34","guid":{"rendered":"https:\/\/miumjau.ee\/toode\/brit-premium-by-nature-sunu-konservi-vista-un-sirdis-800-g\/"},"modified":"2026-01-07T21:23:17","modified_gmt":"2026-01-07T19:23:17","slug":"brit-premium-by-nature-sunu-konservi-vista-un-sirdis-800-g","status":"publish","type":"product","link":"https:\/\/miumjau.ee\/lv\/produkts\/brit-premium-by-nature-sunu-konservi-vista-un-sirdis-800-g\/","title":{"rendered":"Brit Premium by Nature su\u0146u konservi \u2013 vista un sirdis 800 g"},"content":{"rendered":"","protected":false},"excerpt":{"rendered":"<p data-start=\"2422\" data-end=\"2678\">Ide\u0101ls papildin\u0101jums sausajai bar\u012bbai. Var lietot k\u0101 pilnv\u0113rt\u012bgu bar\u012bbu, na\u0161\u0137i vai gar\u0161as uzlabo\u0161anai pie sausi\u0146iem pieaugu\u0161iem su\u0146iem jebkurai \u0161\u0137irnei. Uzlabo \u0113stgribu un hidrat\u0101ciju. Satur mellenes, la\u0161a e\u013c\u013cu, aug\u013cus un gar\u0161augus, kas atbalsta imunit\u0101ti.<\/p>\n<p data-start=\"2680\" data-end=\"2752\">Pilnv\u0113rt\u012bga bar\u012bba pieaugu\u0161iem su\u0146iem. Ga\u013cains past\u0113te ar vistas sird\u012bm.<\/p>\n<p data-start=\"2754\" data-end=\"2900\"><strong data-start=\"2754\" data-end=\"2796\">Lieliska sagremojam\u012bba un izcila gar\u0161a<\/strong><br data-start=\"2796\" data-end=\"2799\" \/><strong data-start=\"2799\" data-end=\"2860\">Sabalan\u00ads\u0113ts uzturvielu, vitam\u012bnu un miner\u0101lvielu sast\u0101vs<\/strong><br data-start=\"2860\" data-end=\"2863\" \/><strong data-start=\"2863\" data-end=\"2900\">Bez graudiem \u2013 bez s\u0101ls \u2013 bez \u0122MO<\/strong><\/p>\n<p data-start=\"2902\" data-end=\"3017\"><strong data-start=\"2902\" data-end=\"2914\">Sast\u0101vs:<\/strong> vista (58%), vistas sirdis (4%), kalt\u0113tas mellenes (1%), zir\u0146u milti, lignoceluloze, la\u0161a e\u013c\u013ca (0,5%).<\/p>\n<p data-start=\"3019\" data-end=\"3176\"><strong data-start=\"3019\" data-end=\"3047\">Anal\u012btisk\u0101s sast\u0101vda\u013cas:<\/strong> kopprote\u012bns 8,0 %, koptauki 6,0 %, \u0161\u0137iedrvielas 0,4 %, pelni 2,9 %, mitrums 78,0 %, kalcijs 0,3 %, fosfors 0,3 %, n\u0101trijs 0,5 %.<\/p>\n<p data-start=\"3178\" data-end=\"3406\"><strong data-start=\"3178\" data-end=\"3198\">Uztura piedevas:<\/strong> A vitam\u012bns (3a672a) 800 SV, D3 vitam\u012bns (E671) 200 SV, E vitam\u012bns (3a700) 100 mg, B1 vitam\u012bns (3a821) 1,3 mg, biot\u012bns (3a880) 0,5 mg, cinks (3b606) 10 mg, dzelzs 6 mg, var\u0161 (3b502) 2 mg, jods (3b201) 0,5 mg.<\/p>\n<p data-start=\"3408\" data-end=\"3450\"><strong data-start=\"3408\" data-end=\"3436\">Metaboliz\u0113jam\u0101 ener\u0123ija:<\/strong> 1030 kcal\/kg.<\/p>\n","protected":false},"featured_media":45838,"template":"","meta":[],"product_brand":[],"product_cat":[577],"product_tag":[],"class_list":{"0":"post-45837","1":"product","2":"type-product","3":"status-publish","4":"has-post-thumbnail","6":"product_cat-mitra-bariba-suniem","8":"first","9":"instock","10":"taxable","11":"shipping-taxable","12":"purchasable","13":"product-type-simple"},"yoast_head":"<!-- This site is optimized with the Yoast SEO plugin v27.4 - https:\/\/yoast.com\/product\/yoast-seo-wordpress\/ -->\n<title>Brit Premium by Nature su\u0146u konservi \u2013 vista un sirdis 800 g - MiuMjau<\/title>\n<meta name=\"robots\" content=\"index, follow, max-snippet:-1, max-image-preview:large, max-video-preview:-1\" \/>\n<link rel=\"canonical\" href=\"https:\/\/miumjau.ee\/lv\/produkts\/brit-premium-by-nature-sunu-konservi-vista-un-sirdis-800-g\/\" \/>\n<meta property=\"og:locale\" content=\"lv_LV\" \/>\n<meta property=\"og:type\" content=\"article\" \/>\n<meta property=\"og:title\" content=\"Brit Premium by Nature su\u0146u konservi \u2013 vista un sirdis 800 g - MiuMjau\" \/>\n<meta property=\"og:description\" content=\"Ide\u0101ls papildin\u0101jums sausajai bar\u012bbai. Var lietot k\u0101 pilnv\u0113rt\u012bgu bar\u012bbu, na\u0161\u0137i vai gar\u0161as uzlabo\u0161anai pie sausi\u0146iem pieaugu\u0161iem su\u0146iem jebkurai \u0161\u0137irnei. Uzlabo \u0113stgribu un hidrat\u0101ciju. Satur mellenes, la\u0161a e\u013c\u013cu, aug\u013cus un gar\u0161augus, kas atbalsta imunit\u0101ti. Pilnv\u0113rt\u012bga bar\u012bba pieaugu\u0161iem su\u0146iem. Ga\u013cains past\u0113te ar vistas sird\u012bm. Lieliska sagremojam\u012bba un izcila gar\u0161aSabalan\u00ads\u0113ts uzturvielu, vitam\u012bnu un miner\u0101lvielu sast\u0101vsBez graudiem \u2013 bez s\u0101ls \u2013 bez \u0122MO Sast\u0101vs: vista (58%), vistas sirdis (4%), kalt\u0113tas mellenes (1%), zir\u0146u milti, lignoceluloze, la\u0161a e\u013c\u013ca (0,5%). Anal\u012btisk\u0101s sast\u0101vda\u013cas: kopprote\u012bns 8,0 %, koptauki 6,0 %, \u0161\u0137iedrvielas 0,4 %, pelni 2,9 %, mitrums 78,0 %, kalcijs 0,3 %, fosfors 0,3 %, n\u0101trijs 0,5 %. Uztura piedevas: A vitam\u012bns (3a672a) 800 SV, D3 vitam\u012bns (E671) 200 SV, E vitam\u012bns (3a700) 100 mg, B1 vitam\u012bns (3a821) 1,3 mg, biot\u012bns (3a880) 0,5 mg, cinks (3b606) 10 mg, dzelzs 6 mg, var\u0161 (3b502) 2 mg, jods (3b201) 0,5 mg. Metaboliz\u0113jam\u0101 ener\u0123ija: 1030 kcal\/kg.\" \/>\n<meta property=\"og:url\" content=\"https:\/\/miumjau.ee\/lv\/produkts\/brit-premium-by-nature-sunu-konservi-vista-un-sirdis-800-g\/\" \/>\n<meta property=\"og:site_name\" content=\"MiuMjau\" \/>\n<meta property=\"article:publisher\" content=\"https:\/\/www.facebook.com\/miumjaupood\/\" \/>\n<meta property=\"article:modified_time\" content=\"2026-01-07T19:23:17+00:00\" \/>\n<meta property=\"og:image\" content=\"https:\/\/miumjau.ee\/wp-content\/uploads\/2025\/03\/brit-premium-koeratoit-kana-suda2-Photoroom.webp\" \/>\n\t<meta property=\"og:image:width\" content=\"600\" \/>\n\t<meta property=\"og:image:height\" content=\"800\" \/>\n\t<meta property=\"og:image:type\" content=\"image\/webp\" \/>\n<meta name=\"twitter:card\" content=\"summary_large_image\" \/>\n<script type=\"application\/ld+json\" class=\"yoast-schema-graph\">{\"@context\":\"https:\\\/\\\/schema.org\",\"@graph\":[{\"@type\":\"WebPage\",\"@id\":\"https:\\\/\\\/miumjau.ee\\\/lv\\\/produkts\\\/brit-premium-by-nature-sunu-konservi-vista-un-sirdis-800-g\\\/\",\"url\":\"https:\\\/\\\/miumjau.ee\\\/lv\\\/produkts\\\/brit-premium-by-nature-sunu-konservi-vista-un-sirdis-800-g\\\/\",\"name\":\"Brit Premium by Nature su\u0146u konservi \u2013 vista un sirdis 800 g - MiuMjau\",\"isPartOf\":{\"@id\":\"https:\\\/\\\/miumjau.ee\\\/#website\"},\"primaryImageOfPage\":{\"@id\":\"https:\\\/\\\/miumjau.ee\\\/lv\\\/produkts\\\/brit-premium-by-nature-sunu-konservi-vista-un-sirdis-800-g\\\/#primaryimage\"},\"image\":{\"@id\":\"https:\\\/\\\/miumjau.ee\\\/lv\\\/produkts\\\/brit-premium-by-nature-sunu-konservi-vista-un-sirdis-800-g\\\/#primaryimage\"},\"thumbnailUrl\":\"https:\\\/\\\/miumjau.ee\\\/wp-content\\\/uploads\\\/2025\\\/03\\\/brit-premium-koeratoit-kana-suda2-Photoroom.webp\",\"datePublished\":\"2025-03-31T12:10:34+00:00\",\"dateModified\":\"2026-01-07T19:23:17+00:00\",\"breadcrumb\":{\"@id\":\"https:\\\/\\\/miumjau.ee\\\/lv\\\/produkts\\\/brit-premium-by-nature-sunu-konservi-vista-un-sirdis-800-g\\\/#breadcrumb\"},\"inLanguage\":\"lv-LV\",\"potentialAction\":[{\"@type\":\"ReadAction\",\"target\":[\"https:\\\/\\\/miumjau.ee\\\/lv\\\/produkts\\\/brit-premium-by-nature-sunu-konservi-vista-un-sirdis-800-g\\\/\"]}]},{\"@type\":\"ImageObject\",\"inLanguage\":\"lv-LV\",\"@id\":\"https:\\\/\\\/miumjau.ee\\\/lv\\\/produkts\\\/brit-premium-by-nature-sunu-konservi-vista-un-sirdis-800-g\\\/#primaryimage\",\"url\":\"https:\\\/\\\/miumjau.ee\\\/wp-content\\\/uploads\\\/2025\\\/03\\\/brit-premium-koeratoit-kana-suda2-Photoroom.webp\",\"contentUrl\":\"https:\\\/\\\/miumjau.ee\\\/wp-content\\\/uploads\\\/2025\\\/03\\\/brit-premium-koeratoit-kana-suda2-Photoroom.webp\",\"width\":600,\"height\":800},{\"@type\":\"BreadcrumbList\",\"@id\":\"https:\\\/\\\/miumjau.ee\\\/lv\\\/produkts\\\/brit-premium-by-nature-sunu-konservi-vista-un-sirdis-800-g\\\/#breadcrumb\",\"itemListElement\":[{\"@type\":\"ListItem\",\"position\":1,\"name\":\"Home\",\"item\":\"https:\\\/\\\/miumjau.ee\\\/lv\\\/\"},{\"@type\":\"ListItem\",\"position\":2,\"name\":\"Veikals\",\"item\":\"https:\\\/\\\/miumjau.ee\\\/lv\\\/veikals\\\/\"},{\"@type\":\"ListItem\",\"position\":3,\"name\":\"Brit Premium by Nature su\u0146u konservi \u2013 vista un sirdis 800 g\"}]},{\"@type\":\"WebSite\",\"@id\":\"https:\\\/\\\/miumjau.ee\\\/#website\",\"url\":\"https:\\\/\\\/miumjau.ee\\\/\",\"name\":\"MiuMjau\",\"description\":\"Kraapimispuud kassidele\",\"publisher\":{\"@id\":\"https:\\\/\\\/miumjau.ee\\\/#organization\"},\"potentialAction\":[{\"@type\":\"SearchAction\",\"target\":{\"@type\":\"EntryPoint\",\"urlTemplate\":\"https:\\\/\\\/miumjau.ee\\\/?s={search_term_string}\"},\"query-input\":{\"@type\":\"PropertyValueSpecification\",\"valueRequired\":true,\"valueName\":\"search_term_string\"}}],\"inLanguage\":\"lv-LV\"},{\"@type\":\"Organization\",\"@id\":\"https:\\\/\\\/miumjau.ee\\\/#organization\",\"name\":\"MiuMjau O\u00dc\",\"url\":\"https:\\\/\\\/miumjau.ee\\\/\",\"logo\":{\"@type\":\"ImageObject\",\"inLanguage\":\"lv-LV\",\"@id\":\"https:\\\/\\\/miumjau.ee\\\/#\\\/schema\\\/logo\\\/image\\\/\",\"url\":\"https:\\\/\\\/miumjau.ee\\\/wp-content\\\/uploads\\\/2022\\\/04\\\/MiuMjau-logo-kollane.png\",\"contentUrl\":\"https:\\\/\\\/miumjau.ee\\\/wp-content\\\/uploads\\\/2022\\\/04\\\/MiuMjau-logo-kollane.png\",\"width\":219,\"height\":100,\"caption\":\"MiuMjau O\u00dc\"},\"image\":{\"@id\":\"https:\\\/\\\/miumjau.ee\\\/#\\\/schema\\\/logo\\\/image\\\/\"},\"sameAs\":[\"https:\\\/\\\/www.facebook.com\\\/miumjaupood\\\/\"]}]}<\/script>\n<!-- \/ Yoast SEO plugin. -->","yoast_head_json":{"title":"Brit Premium by Nature su\u0146u konservi \u2013 vista un sirdis 800 g - MiuMjau","robots":{"index":"index","follow":"follow","max-snippet":"max-snippet:-1","max-image-preview":"max-image-preview:large","max-video-preview":"max-video-preview:-1"},"canonical":"https:\/\/miumjau.ee\/lv\/produkts\/brit-premium-by-nature-sunu-konservi-vista-un-sirdis-800-g\/","og_locale":"lv_LV","og_type":"article","og_title":"Brit Premium by Nature su\u0146u konservi \u2013 vista un sirdis 800 g - MiuMjau","og_description":"Ide\u0101ls papildin\u0101jums sausajai bar\u012bbai. Var lietot k\u0101 pilnv\u0113rt\u012bgu bar\u012bbu, na\u0161\u0137i vai gar\u0161as uzlabo\u0161anai pie sausi\u0146iem pieaugu\u0161iem su\u0146iem jebkurai \u0161\u0137irnei. Uzlabo \u0113stgribu un hidrat\u0101ciju. Satur mellenes, la\u0161a e\u013c\u013cu, aug\u013cus un gar\u0161augus, kas atbalsta imunit\u0101ti. Pilnv\u0113rt\u012bga bar\u012bba pieaugu\u0161iem su\u0146iem. Ga\u013cains past\u0113te ar vistas sird\u012bm. Lieliska sagremojam\u012bba un izcila gar\u0161aSabalan\u00ads\u0113ts uzturvielu, vitam\u012bnu un miner\u0101lvielu sast\u0101vsBez graudiem \u2013 bez s\u0101ls \u2013 bez \u0122MO Sast\u0101vs: vista (58%), vistas sirdis (4%), kalt\u0113tas mellenes (1%), zir\u0146u milti, lignoceluloze, la\u0161a e\u013c\u013ca (0,5%). Anal\u012btisk\u0101s sast\u0101vda\u013cas: kopprote\u012bns 8,0 %, koptauki 6,0 %, \u0161\u0137iedrvielas 0,4 %, pelni 2,9 %, mitrums 78,0 %, kalcijs 0,3 %, fosfors 0,3 %, n\u0101trijs 0,5 %. Uztura piedevas: A vitam\u012bns (3a672a) 800 SV, D3 vitam\u012bns (E671) 200 SV, E vitam\u012bns (3a700) 100 mg, B1 vitam\u012bns (3a821) 1,3 mg, biot\u012bns (3a880) 0,5 mg, cinks (3b606) 10 mg, dzelzs 6 mg, var\u0161 (3b502) 2 mg, jods (3b201) 0,5 mg. Metaboliz\u0113jam\u0101 ener\u0123ija: 1030 kcal\/kg.","og_url":"https:\/\/miumjau.ee\/lv\/produkts\/brit-premium-by-nature-sunu-konservi-vista-un-sirdis-800-g\/","og_site_name":"MiuMjau","article_publisher":"https:\/\/www.facebook.com\/miumjaupood\/","article_modified_time":"2026-01-07T19:23:17+00:00","og_image":[{"width":600,"height":800,"url":"https:\/\/miumjau.ee\/wp-content\/uploads\/2025\/03\/brit-premium-koeratoit-kana-suda2-Photoroom.webp","type":"image\/webp"}],"twitter_card":"summary_large_image","schema":{"@context":"https:\/\/schema.org","@graph":[{"@type":"WebPage","@id":"https:\/\/miumjau.ee\/lv\/produkts\/brit-premium-by-nature-sunu-konservi-vista-un-sirdis-800-g\/","url":"https:\/\/miumjau.ee\/lv\/produkts\/brit-premium-by-nature-sunu-konservi-vista-un-sirdis-800-g\/","name":"Brit Premium by Nature su\u0146u konservi \u2013 vista un sirdis 800 g - MiuMjau","isPartOf":{"@id":"https:\/\/miumjau.ee\/#website"},"primaryImageOfPage":{"@id":"https:\/\/miumjau.ee\/lv\/produkts\/brit-premium-by-nature-sunu-konservi-vista-un-sirdis-800-g\/#primaryimage"},"image":{"@id":"https:\/\/miumjau.ee\/lv\/produkts\/brit-premium-by-nature-sunu-konservi-vista-un-sirdis-800-g\/#primaryimage"},"thumbnailUrl":"https:\/\/miumjau.ee\/wp-content\/uploads\/2025\/03\/brit-premium-koeratoit-kana-suda2-Photoroom.webp","datePublished":"2025-03-31T12:10:34+00:00","dateModified":"2026-01-07T19:23:17+00:00","breadcrumb":{"@id":"https:\/\/miumjau.ee\/lv\/produkts\/brit-premium-by-nature-sunu-konservi-vista-un-sirdis-800-g\/#breadcrumb"},"inLanguage":"lv-LV","potentialAction":[{"@type":"ReadAction","target":["https:\/\/miumjau.ee\/lv\/produkts\/brit-premium-by-nature-sunu-konservi-vista-un-sirdis-800-g\/"]}]},{"@type":"ImageObject","inLanguage":"lv-LV","@id":"https:\/\/miumjau.ee\/lv\/produkts\/brit-premium-by-nature-sunu-konservi-vista-un-sirdis-800-g\/#primaryimage","url":"https:\/\/miumjau.ee\/wp-content\/uploads\/2025\/03\/brit-premium-koeratoit-kana-suda2-Photoroom.webp","contentUrl":"https:\/\/miumjau.ee\/wp-content\/uploads\/2025\/03\/brit-premium-koeratoit-kana-suda2-Photoroom.webp","width":600,"height":800},{"@type":"BreadcrumbList","@id":"https:\/\/miumjau.ee\/lv\/produkts\/brit-premium-by-nature-sunu-konservi-vista-un-sirdis-800-g\/#breadcrumb","itemListElement":[{"@type":"ListItem","position":1,"name":"Home","item":"https:\/\/miumjau.ee\/lv\/"},{"@type":"ListItem","position":2,"name":"Veikals","item":"https:\/\/miumjau.ee\/lv\/veikals\/"},{"@type":"ListItem","position":3,"name":"Brit Premium by Nature su\u0146u konservi \u2013 vista un sirdis 800 g"}]},{"@type":"WebSite","@id":"https:\/\/miumjau.ee\/#website","url":"https:\/\/miumjau.ee\/","name":"MiuMjau","description":"Kraapimispuud kassidele","publisher":{"@id":"https:\/\/miumjau.ee\/#organization"},"potentialAction":[{"@type":"SearchAction","target":{"@type":"EntryPoint","urlTemplate":"https:\/\/miumjau.ee\/?s={search_term_string}"},"query-input":{"@type":"PropertyValueSpecification","valueRequired":true,"valueName":"search_term_string"}}],"inLanguage":"lv-LV"},{"@type":"Organization","@id":"https:\/\/miumjau.ee\/#organization","name":"MiuMjau O\u00dc","url":"https:\/\/miumjau.ee\/","logo":{"@type":"ImageObject","inLanguage":"lv-LV","@id":"https:\/\/miumjau.ee\/#\/schema\/logo\/image\/","url":"https:\/\/miumjau.ee\/wp-content\/uploads\/2022\/04\/MiuMjau-logo-kollane.png","contentUrl":"https:\/\/miumjau.ee\/wp-content\/uploads\/2022\/04\/MiuMjau-logo-kollane.png","width":219,"height":100,"caption":"MiuMjau O\u00dc"},"image":{"@id":"https:\/\/miumjau.ee\/#\/schema\/logo\/image\/"},"sameAs":["https:\/\/www.facebook.com\/miumjaupood\/"]}]}},"_links":{"self":[{"href":"https:\/\/miumjau.ee\/lv\/wp-json\/wp\/v2\/product\/45837","targetHints":{"allow":["GET"]}}],"collection":[{"href":"https:\/\/miumjau.ee\/lv\/wp-json\/wp\/v2\/product"}],"about":[{"href":"https:\/\/miumjau.ee\/lv\/wp-json\/wp\/v2\/types\/product"}],"wp:featuredmedia":[{"embeddable":true,"href":"https:\/\/miumjau.ee\/lv\/wp-json\/wp\/v2\/media\/45838"}],"wp:attachment":[{"href":"https:\/\/miumjau.ee\/lv\/wp-json\/wp\/v2\/media?parent=45837"}],"wp:term":[{"taxonomy":"product_brand","embeddable":true,"href":"https:\/\/miumjau.ee\/lv\/wp-json\/wp\/v2\/product_brand?post=45837"},{"taxonomy":"product_cat","embeddable":true,"href":"https:\/\/miumjau.ee\/lv\/wp-json\/wp\/v2\/product_cat?post=45837"},{"taxonomy":"product_tag","embeddable":true,"href":"https:\/\/miumjau.ee\/lv\/wp-json\/wp\/v2\/product_tag?post=45837"}],"curies":[{"name":"wp","href":"https:\/\/api.w.org\/{rel}","templated":true}]}}