{"id":45819,"date":"2025-04-28T12:20:35","date_gmt":"2025-04-28T09:20:35","guid":{"rendered":"https:\/\/miumjau.ee\/toode\/kennels-favourite-sunu-konservi-ar-piles-galu-1240g\/"},"modified":"2026-01-07T21:23:17","modified_gmt":"2026-01-07T19:23:17","slug":"kennels-favourite-sunu-konservi-ar-piles-galu-1240g","status":"publish","type":"product","link":"https:\/\/miumjau.ee\/lv\/produkts\/kennels-favourite-sunu-konservi-ar-piles-galu-1240g\/","title":{"rendered":"Kennels Favourite su\u0146u konservi ar p\u012bles ga\u013cu 1240g"},"content":{"rendered":"","protected":false},"excerpt":{"rendered":"<p data-start=\"3213\" data-end=\"3533\">Kennels Favourite konservi ir bag\u0101tin\u0101ti ar vitam\u012bniem un nesatur graudus. \u0160\u012bs pilnv\u0113rt\u012bg\u0101s, sul\u012bg\u0101s konservu malt\u012btes lieliski papildina j\u016bsu su\u0146a uzturu. Ide\u0101li piem\u0113rots k\u0101 alternat\u012bva vai papildin\u0101jums sausajai bar\u012bbai. Bar\u012bba satur 93 kcal uz 100 g. Nav pievienoti konservanti, kr\u0101svielas vai gar\u0161as pastiprin\u0101t\u0101ji.<\/p>\n<p data-start=\"3535\" data-end=\"3666\"><strong data-start=\"3535\" data-end=\"3547\">Sast\u0101vs:<\/strong> ga\u013ca un dz\u012bvnieku izcelsmes produkti (t.sk. vismaz 4% p\u012ble), augu izcelsmes blakusprodukti, vitam\u012bni un miner\u0101lvielas.<\/p>\n<p data-start=\"3668\" data-end=\"3991\"><strong data-start=\"3668\" data-end=\"3699\">Piedevas (uztura piedevas):<\/strong> A vitam\u012bns 2 250 SV\/kg, D3 vitam\u012bns 328 SV\/kg, E vitam\u012bns 26 mg\/kg, cinka sulf\u0101ta monohidr\u0101ts 24,0 mg\/kg, dzelzs(II) sulf\u0101ta monohidr\u0101ts 12,5 mg\/kg, vara sulf\u0101ta pentahidr\u0101ts 2,50 mg\/kg, mang\u0101na sulf\u0101ta monohidr\u0101ts 2,00 mg\/kg, n\u0101trija selen\u012bts 0,04 mg\/kg, kalcija jod\u0101ts bez\u016bdens 0,45 mg\/kg.<\/p>\n<p data-start=\"3993\" data-end=\"4113\"><strong data-start=\"3993\" data-end=\"4021\">Anal\u012btisk\u0101s sast\u0101vda\u013cas:<\/strong> kopprote\u012bns 10,0%, koptauki 6,0%, neorganisk\u0101s vielas 3,0%, \u0161\u0137iedrvielas 0,4%, mitrums 80%.<\/p>\n<p data-start=\"4115\" data-end=\"4397\"><strong data-start=\"4115\" data-end=\"4139\">Baro\u0161anas ieteikumi:<\/strong> Vid\u0113ja izm\u0113ra kuc\u0113nam nepiecie\u0161ams \u00be\u2013\u00bd konserva dien\u0101, sadalot vismaz div\u0101s \u0113dienreiz\u0113s. Liela \u0161\u0137irnes kuc\u0113nam nepiecie\u0161ams 1\u20131\u2153 konserva dien\u0101. \u013boti liela \u0161\u0137irnes kuc\u0113nam nepiecie\u0161ams 1\u00bd\u20132\u00bc konserva dien\u0101. Svaigam dzeramajam \u016bdenim vienm\u0113r j\u0101b\u016bt pieejamam.<\/p>\n<p data-start=\"4399\" data-end=\"4627\"><strong data-start=\"4399\" data-end=\"4415\">Uzglab\u0101\u0161ana:<\/strong> Uzglab\u0101t v\u0113s\u0101, saus\u0101 viet\u0101. P\u0113c atv\u0113r\u0161anas saturu glab\u0101t ledusskap\u012b sl\u0113gt\u0101 trauk\u0101 un izlietot 48 stundu laik\u0101. Vislab\u0101k pasniegt istabas temperat\u016br\u0101, jo tas ir gar\u0161\u012bg\u0101ks un pat\u012bkam\u0101ks sunim. Pasniegt t\u012br\u0101 b\u013cod\u0101.<\/p>\n","protected":false},"featured_media":45818,"template":"","meta":[],"product_brand":[],"product_cat":[577],"product_tag":[],"class_list":{"0":"post-45819","1":"product","2":"type-product","3":"status-publish","4":"has-post-thumbnail","6":"product_cat-mitra-bariba-suniem","8":"first","9":"instock","10":"sale","11":"taxable","12":"shipping-taxable","13":"purchasable","14":"product-type-simple"},"yoast_head":"<!-- This site is optimized with the Yoast SEO plugin v27.4 - https:\/\/yoast.com\/product\/yoast-seo-wordpress\/ -->\n<title>Kennels Favourite su\u0146u konservi ar p\u012bles ga\u013cu 1240g - MiuMjau<\/title>\n<meta name=\"robots\" content=\"index, follow, max-snippet:-1, max-image-preview:large, max-video-preview:-1\" \/>\n<link rel=\"canonical\" href=\"https:\/\/miumjau.ee\/lv\/produkts\/kennels-favourite-sunu-konservi-ar-piles-galu-1240g\/\" \/>\n<meta property=\"og:locale\" content=\"lv_LV\" \/>\n<meta property=\"og:type\" content=\"article\" \/>\n<meta property=\"og:title\" content=\"Kennels Favourite su\u0146u konservi ar p\u012bles ga\u013cu 1240g - MiuMjau\" \/>\n<meta property=\"og:description\" content=\"Kennels Favourite konservi ir bag\u0101tin\u0101ti ar vitam\u012bniem un nesatur graudus. \u0160\u012bs pilnv\u0113rt\u012bg\u0101s, sul\u012bg\u0101s konservu malt\u012btes lieliski papildina j\u016bsu su\u0146a uzturu. Ide\u0101li piem\u0113rots k\u0101 alternat\u012bva vai papildin\u0101jums sausajai bar\u012bbai. Bar\u012bba satur 93 kcal uz 100 g. Nav pievienoti konservanti, kr\u0101svielas vai gar\u0161as pastiprin\u0101t\u0101ji. Sast\u0101vs: ga\u013ca un dz\u012bvnieku izcelsmes produkti (t.sk. vismaz 4% p\u012ble), augu izcelsmes blakusprodukti, vitam\u012bni un miner\u0101lvielas. Piedevas (uztura piedevas): A vitam\u012bns 2 250 SV\/kg, D3 vitam\u012bns 328 SV\/kg, E vitam\u012bns 26 mg\/kg, cinka sulf\u0101ta monohidr\u0101ts 24,0 mg\/kg, dzelzs(II) sulf\u0101ta monohidr\u0101ts 12,5 mg\/kg, vara sulf\u0101ta pentahidr\u0101ts 2,50 mg\/kg, mang\u0101na sulf\u0101ta monohidr\u0101ts 2,00 mg\/kg, n\u0101trija selen\u012bts 0,04 mg\/kg, kalcija jod\u0101ts bez\u016bdens 0,45 mg\/kg. Anal\u012btisk\u0101s sast\u0101vda\u013cas: kopprote\u012bns 10,0%, koptauki 6,0%, neorganisk\u0101s vielas 3,0%, \u0161\u0137iedrvielas 0,4%, mitrums 80%. Baro\u0161anas ieteikumi: Vid\u0113ja izm\u0113ra kuc\u0113nam nepiecie\u0161ams \u00be\u2013\u00bd konserva dien\u0101, sadalot vismaz div\u0101s \u0113dienreiz\u0113s. Liela \u0161\u0137irnes kuc\u0113nam nepiecie\u0161ams 1\u20131\u2153 konserva dien\u0101. \u013boti liela \u0161\u0137irnes kuc\u0113nam nepiecie\u0161ams 1\u00bd\u20132\u00bc konserva dien\u0101. Svaigam dzeramajam \u016bdenim vienm\u0113r j\u0101b\u016bt pieejamam. Uzglab\u0101\u0161ana: Uzglab\u0101t v\u0113s\u0101, saus\u0101 viet\u0101. P\u0113c atv\u0113r\u0161anas saturu glab\u0101t ledusskap\u012b sl\u0113gt\u0101 trauk\u0101 un izlietot 48 stundu laik\u0101. Vislab\u0101k pasniegt istabas temperat\u016br\u0101, jo tas ir gar\u0161\u012bg\u0101ks un pat\u012bkam\u0101ks sunim. Pasniegt t\u012br\u0101 b\u013cod\u0101.\" \/>\n<meta property=\"og:url\" content=\"https:\/\/miumjau.ee\/lv\/produkts\/kennels-favourite-sunu-konservi-ar-piles-galu-1240g\/\" \/>\n<meta property=\"og:site_name\" content=\"MiuMjau\" \/>\n<meta property=\"article:publisher\" content=\"https:\/\/www.facebook.com\/miumjaupood\/\" \/>\n<meta property=\"article:modified_time\" content=\"2026-01-07T19:23:17+00:00\" \/>\n<meta property=\"og:image\" content=\"https:\/\/miumjau.ee\/wp-content\/uploads\/2025\/04\/kennels-favourite-konserv-koerale9-Photoroom.webp\" \/>\n\t<meta property=\"og:image:width\" content=\"600\" \/>\n\t<meta property=\"og:image:height\" content=\"800\" \/>\n\t<meta property=\"og:image:type\" content=\"image\/webp\" \/>\n<meta name=\"twitter:card\" content=\"summary_large_image\" \/>\n<script type=\"application\/ld+json\" class=\"yoast-schema-graph\">{\"@context\":\"https:\\\/\\\/schema.org\",\"@graph\":[{\"@type\":\"WebPage\",\"@id\":\"https:\\\/\\\/miumjau.ee\\\/lv\\\/produkts\\\/kennels-favourite-sunu-konservi-ar-piles-galu-1240g\\\/\",\"url\":\"https:\\\/\\\/miumjau.ee\\\/lv\\\/produkts\\\/kennels-favourite-sunu-konservi-ar-piles-galu-1240g\\\/\",\"name\":\"Kennels Favourite su\u0146u konservi ar p\u012bles ga\u013cu 1240g - MiuMjau\",\"isPartOf\":{\"@id\":\"https:\\\/\\\/miumjau.ee\\\/#website\"},\"primaryImageOfPage\":{\"@id\":\"https:\\\/\\\/miumjau.ee\\\/lv\\\/produkts\\\/kennels-favourite-sunu-konservi-ar-piles-galu-1240g\\\/#primaryimage\"},\"image\":{\"@id\":\"https:\\\/\\\/miumjau.ee\\\/lv\\\/produkts\\\/kennels-favourite-sunu-konservi-ar-piles-galu-1240g\\\/#primaryimage\"},\"thumbnailUrl\":\"https:\\\/\\\/miumjau.ee\\\/wp-content\\\/uploads\\\/2025\\\/04\\\/kennels-favourite-konserv-koerale9-Photoroom.webp\",\"datePublished\":\"2025-04-28T09:20:35+00:00\",\"dateModified\":\"2026-01-07T19:23:17+00:00\",\"breadcrumb\":{\"@id\":\"https:\\\/\\\/miumjau.ee\\\/lv\\\/produkts\\\/kennels-favourite-sunu-konservi-ar-piles-galu-1240g\\\/#breadcrumb\"},\"inLanguage\":\"lv-LV\",\"potentialAction\":[{\"@type\":\"ReadAction\",\"target\":[\"https:\\\/\\\/miumjau.ee\\\/lv\\\/produkts\\\/kennels-favourite-sunu-konservi-ar-piles-galu-1240g\\\/\"]}]},{\"@type\":\"ImageObject\",\"inLanguage\":\"lv-LV\",\"@id\":\"https:\\\/\\\/miumjau.ee\\\/lv\\\/produkts\\\/kennels-favourite-sunu-konservi-ar-piles-galu-1240g\\\/#primaryimage\",\"url\":\"https:\\\/\\\/miumjau.ee\\\/wp-content\\\/uploads\\\/2025\\\/04\\\/kennels-favourite-konserv-koerale9-Photoroom.webp\",\"contentUrl\":\"https:\\\/\\\/miumjau.ee\\\/wp-content\\\/uploads\\\/2025\\\/04\\\/kennels-favourite-konserv-koerale9-Photoroom.webp\",\"width\":600,\"height\":800},{\"@type\":\"BreadcrumbList\",\"@id\":\"https:\\\/\\\/miumjau.ee\\\/lv\\\/produkts\\\/kennels-favourite-sunu-konservi-ar-piles-galu-1240g\\\/#breadcrumb\",\"itemListElement\":[{\"@type\":\"ListItem\",\"position\":1,\"name\":\"Home\",\"item\":\"https:\\\/\\\/miumjau.ee\\\/lv\\\/\"},{\"@type\":\"ListItem\",\"position\":2,\"name\":\"Veikals\",\"item\":\"https:\\\/\\\/miumjau.ee\\\/lv\\\/veikals\\\/\"},{\"@type\":\"ListItem\",\"position\":3,\"name\":\"Kennels Favourite su\u0146u konservi ar p\u012bles ga\u013cu 1240g\"}]},{\"@type\":\"WebSite\",\"@id\":\"https:\\\/\\\/miumjau.ee\\\/#website\",\"url\":\"https:\\\/\\\/miumjau.ee\\\/\",\"name\":\"MiuMjau\",\"description\":\"Kraapimispuud kassidele\",\"publisher\":{\"@id\":\"https:\\\/\\\/miumjau.ee\\\/#organization\"},\"potentialAction\":[{\"@type\":\"SearchAction\",\"target\":{\"@type\":\"EntryPoint\",\"urlTemplate\":\"https:\\\/\\\/miumjau.ee\\\/?s={search_term_string}\"},\"query-input\":{\"@type\":\"PropertyValueSpecification\",\"valueRequired\":true,\"valueName\":\"search_term_string\"}}],\"inLanguage\":\"lv-LV\"},{\"@type\":\"Organization\",\"@id\":\"https:\\\/\\\/miumjau.ee\\\/#organization\",\"name\":\"MiuMjau O\u00dc\",\"url\":\"https:\\\/\\\/miumjau.ee\\\/\",\"logo\":{\"@type\":\"ImageObject\",\"inLanguage\":\"lv-LV\",\"@id\":\"https:\\\/\\\/miumjau.ee\\\/#\\\/schema\\\/logo\\\/image\\\/\",\"url\":\"https:\\\/\\\/miumjau.ee\\\/wp-content\\\/uploads\\\/2022\\\/04\\\/MiuMjau-logo-kollane.png\",\"contentUrl\":\"https:\\\/\\\/miumjau.ee\\\/wp-content\\\/uploads\\\/2022\\\/04\\\/MiuMjau-logo-kollane.png\",\"width\":219,\"height\":100,\"caption\":\"MiuMjau O\u00dc\"},\"image\":{\"@id\":\"https:\\\/\\\/miumjau.ee\\\/#\\\/schema\\\/logo\\\/image\\\/\"},\"sameAs\":[\"https:\\\/\\\/www.facebook.com\\\/miumjaupood\\\/\"]}]}<\/script>\n<!-- \/ Yoast SEO plugin. -->","yoast_head_json":{"title":"Kennels Favourite su\u0146u konservi ar p\u012bles ga\u013cu 1240g - MiuMjau","robots":{"index":"index","follow":"follow","max-snippet":"max-snippet:-1","max-image-preview":"max-image-preview:large","max-video-preview":"max-video-preview:-1"},"canonical":"https:\/\/miumjau.ee\/lv\/produkts\/kennels-favourite-sunu-konservi-ar-piles-galu-1240g\/","og_locale":"lv_LV","og_type":"article","og_title":"Kennels Favourite su\u0146u konservi ar p\u012bles ga\u013cu 1240g - MiuMjau","og_description":"Kennels Favourite konservi ir bag\u0101tin\u0101ti ar vitam\u012bniem un nesatur graudus. \u0160\u012bs pilnv\u0113rt\u012bg\u0101s, sul\u012bg\u0101s konservu malt\u012btes lieliski papildina j\u016bsu su\u0146a uzturu. Ide\u0101li piem\u0113rots k\u0101 alternat\u012bva vai papildin\u0101jums sausajai bar\u012bbai. Bar\u012bba satur 93 kcal uz 100 g. Nav pievienoti konservanti, kr\u0101svielas vai gar\u0161as pastiprin\u0101t\u0101ji. Sast\u0101vs: ga\u013ca un dz\u012bvnieku izcelsmes produkti (t.sk. vismaz 4% p\u012ble), augu izcelsmes blakusprodukti, vitam\u012bni un miner\u0101lvielas. Piedevas (uztura piedevas): A vitam\u012bns 2 250 SV\/kg, D3 vitam\u012bns 328 SV\/kg, E vitam\u012bns 26 mg\/kg, cinka sulf\u0101ta monohidr\u0101ts 24,0 mg\/kg, dzelzs(II) sulf\u0101ta monohidr\u0101ts 12,5 mg\/kg, vara sulf\u0101ta pentahidr\u0101ts 2,50 mg\/kg, mang\u0101na sulf\u0101ta monohidr\u0101ts 2,00 mg\/kg, n\u0101trija selen\u012bts 0,04 mg\/kg, kalcija jod\u0101ts bez\u016bdens 0,45 mg\/kg. Anal\u012btisk\u0101s sast\u0101vda\u013cas: kopprote\u012bns 10,0%, koptauki 6,0%, neorganisk\u0101s vielas 3,0%, \u0161\u0137iedrvielas 0,4%, mitrums 80%. Baro\u0161anas ieteikumi: Vid\u0113ja izm\u0113ra kuc\u0113nam nepiecie\u0161ams \u00be\u2013\u00bd konserva dien\u0101, sadalot vismaz div\u0101s \u0113dienreiz\u0113s. Liela \u0161\u0137irnes kuc\u0113nam nepiecie\u0161ams 1\u20131\u2153 konserva dien\u0101. \u013boti liela \u0161\u0137irnes kuc\u0113nam nepiecie\u0161ams 1\u00bd\u20132\u00bc konserva dien\u0101. Svaigam dzeramajam \u016bdenim vienm\u0113r j\u0101b\u016bt pieejamam. Uzglab\u0101\u0161ana: Uzglab\u0101t v\u0113s\u0101, saus\u0101 viet\u0101. P\u0113c atv\u0113r\u0161anas saturu glab\u0101t ledusskap\u012b sl\u0113gt\u0101 trauk\u0101 un izlietot 48 stundu laik\u0101. Vislab\u0101k pasniegt istabas temperat\u016br\u0101, jo tas ir gar\u0161\u012bg\u0101ks un pat\u012bkam\u0101ks sunim. Pasniegt t\u012br\u0101 b\u013cod\u0101.","og_url":"https:\/\/miumjau.ee\/lv\/produkts\/kennels-favourite-sunu-konservi-ar-piles-galu-1240g\/","og_site_name":"MiuMjau","article_publisher":"https:\/\/www.facebook.com\/miumjaupood\/","article_modified_time":"2026-01-07T19:23:17+00:00","og_image":[{"width":600,"height":800,"url":"https:\/\/miumjau.ee\/wp-content\/uploads\/2025\/04\/kennels-favourite-konserv-koerale9-Photoroom.webp","type":"image\/webp"}],"twitter_card":"summary_large_image","schema":{"@context":"https:\/\/schema.org","@graph":[{"@type":"WebPage","@id":"https:\/\/miumjau.ee\/lv\/produkts\/kennels-favourite-sunu-konservi-ar-piles-galu-1240g\/","url":"https:\/\/miumjau.ee\/lv\/produkts\/kennels-favourite-sunu-konservi-ar-piles-galu-1240g\/","name":"Kennels Favourite su\u0146u konservi ar p\u012bles ga\u013cu 1240g - MiuMjau","isPartOf":{"@id":"https:\/\/miumjau.ee\/#website"},"primaryImageOfPage":{"@id":"https:\/\/miumjau.ee\/lv\/produkts\/kennels-favourite-sunu-konservi-ar-piles-galu-1240g\/#primaryimage"},"image":{"@id":"https:\/\/miumjau.ee\/lv\/produkts\/kennels-favourite-sunu-konservi-ar-piles-galu-1240g\/#primaryimage"},"thumbnailUrl":"https:\/\/miumjau.ee\/wp-content\/uploads\/2025\/04\/kennels-favourite-konserv-koerale9-Photoroom.webp","datePublished":"2025-04-28T09:20:35+00:00","dateModified":"2026-01-07T19:23:17+00:00","breadcrumb":{"@id":"https:\/\/miumjau.ee\/lv\/produkts\/kennels-favourite-sunu-konservi-ar-piles-galu-1240g\/#breadcrumb"},"inLanguage":"lv-LV","potentialAction":[{"@type":"ReadAction","target":["https:\/\/miumjau.ee\/lv\/produkts\/kennels-favourite-sunu-konservi-ar-piles-galu-1240g\/"]}]},{"@type":"ImageObject","inLanguage":"lv-LV","@id":"https:\/\/miumjau.ee\/lv\/produkts\/kennels-favourite-sunu-konservi-ar-piles-galu-1240g\/#primaryimage","url":"https:\/\/miumjau.ee\/wp-content\/uploads\/2025\/04\/kennels-favourite-konserv-koerale9-Photoroom.webp","contentUrl":"https:\/\/miumjau.ee\/wp-content\/uploads\/2025\/04\/kennels-favourite-konserv-koerale9-Photoroom.webp","width":600,"height":800},{"@type":"BreadcrumbList","@id":"https:\/\/miumjau.ee\/lv\/produkts\/kennels-favourite-sunu-konservi-ar-piles-galu-1240g\/#breadcrumb","itemListElement":[{"@type":"ListItem","position":1,"name":"Home","item":"https:\/\/miumjau.ee\/lv\/"},{"@type":"ListItem","position":2,"name":"Veikals","item":"https:\/\/miumjau.ee\/lv\/veikals\/"},{"@type":"ListItem","position":3,"name":"Kennels Favourite su\u0146u konservi ar p\u012bles ga\u013cu 1240g"}]},{"@type":"WebSite","@id":"https:\/\/miumjau.ee\/#website","url":"https:\/\/miumjau.ee\/","name":"MiuMjau","description":"Kraapimispuud kassidele","publisher":{"@id":"https:\/\/miumjau.ee\/#organization"},"potentialAction":[{"@type":"SearchAction","target":{"@type":"EntryPoint","urlTemplate":"https:\/\/miumjau.ee\/?s={search_term_string}"},"query-input":{"@type":"PropertyValueSpecification","valueRequired":true,"valueName":"search_term_string"}}],"inLanguage":"lv-LV"},{"@type":"Organization","@id":"https:\/\/miumjau.ee\/#organization","name":"MiuMjau O\u00dc","url":"https:\/\/miumjau.ee\/","logo":{"@type":"ImageObject","inLanguage":"lv-LV","@id":"https:\/\/miumjau.ee\/#\/schema\/logo\/image\/","url":"https:\/\/miumjau.ee\/wp-content\/uploads\/2022\/04\/MiuMjau-logo-kollane.png","contentUrl":"https:\/\/miumjau.ee\/wp-content\/uploads\/2022\/04\/MiuMjau-logo-kollane.png","width":219,"height":100,"caption":"MiuMjau O\u00dc"},"image":{"@id":"https:\/\/miumjau.ee\/#\/schema\/logo\/image\/"},"sameAs":["https:\/\/www.facebook.com\/miumjaupood\/"]}]}},"_links":{"self":[{"href":"https:\/\/miumjau.ee\/lv\/wp-json\/wp\/v2\/product\/45819","targetHints":{"allow":["GET"]}}],"collection":[{"href":"https:\/\/miumjau.ee\/lv\/wp-json\/wp\/v2\/product"}],"about":[{"href":"https:\/\/miumjau.ee\/lv\/wp-json\/wp\/v2\/types\/product"}],"wp:featuredmedia":[{"embeddable":true,"href":"https:\/\/miumjau.ee\/lv\/wp-json\/wp\/v2\/media\/45818"}],"wp:attachment":[{"href":"https:\/\/miumjau.ee\/lv\/wp-json\/wp\/v2\/media?parent=45819"}],"wp:term":[{"taxonomy":"product_brand","embeddable":true,"href":"https:\/\/miumjau.ee\/lv\/wp-json\/wp\/v2\/product_brand?post=45819"},{"taxonomy":"product_cat","embeddable":true,"href":"https:\/\/miumjau.ee\/lv\/wp-json\/wp\/v2\/product_cat?post=45819"},{"taxonomy":"product_tag","embeddable":true,"href":"https:\/\/miumjau.ee\/lv\/wp-json\/wp\/v2\/product_tag?post=45819"}],"curies":[{"name":"wp","href":"https:\/\/api.w.org\/{rel}","templated":true}]}}