{"id":45812,"date":"2025-07-15T14:02:33","date_gmt":"2025-07-15T11:02:33","guid":{"rendered":"https:\/\/miumjau.ee\/toode\/tvaiceta-mitra-bariba-kennels-favourite-liellops-10x395-g\/"},"modified":"2026-01-07T21:23:24","modified_gmt":"2026-01-07T19:23:24","slug":"tvaiceta-mitra-bariba-kennels-favourite-liellops-10x395-g","status":"publish","type":"product","link":"https:\/\/miumjau.ee\/lv\/produkts\/tvaiceta-mitra-bariba-kennels-favourite-liellops-10x395-g\/","title":{"rendered":"Tvaic\u0113ta mitr\u0101 bar\u012bba Kennel&#8217;s Favourite, liellops 10&#215;395 g"},"content":{"rendered":"","protected":false},"excerpt":{"rendered":"<p data-start=\"4779\" data-end=\"5117\">Kennels&#8217; Favourite\u00ae tvaic\u0113t\u0101 mitr\u0101 bar\u012bba ir piln\u012bgi dab\u012bga, bez graudiem un sabalans\u0113ta su\u0146u bar\u012bba, kas satur 70% \u012bstas, viet\u0113ji ieg\u016btas ga\u013cas. T\u0101 ir saudz\u012bgi tvaic\u0113ta malt\u012bte, piem\u0113rota visu \u0161\u0137ir\u0146u un vecumu su\u0146iem. Bag\u0101tin\u0101ta ar svar\u012bgiem vitam\u012bniem, miner\u0101lviel\u0101m un e\u013c\u013c\u0101m, nesatur kr\u0101svielas, konservantus un gar\u0161as pastiprin\u0101t\u0101jus.<\/p>\n<p data-start=\"5119\" data-end=\"5242\">\u2705 100% Dab\u012bgas Sast\u0101vda\u013cas<br data-start=\"5145\" data-end=\"5148\" \/>\u2713 Monoprote\u012bns<br data-start=\"5162\" data-end=\"5165\" \/>\u2713 BEZ GRAUDIEM<br data-start=\"5179\" data-end=\"5182\" \/>\u2713 NESATUR m\u0101ksl\u012bg\u0101s kr\u0101svielas, gar\u0161as, soju, olas vai pienu<\/p>\n<p data-start=\"5244\" data-end=\"5473\"><strong data-start=\"5244\" data-end=\"5256\">Sast\u0101vs:<\/strong> Liellopu ga\u013ca 70%, kalt\u0113ti burk\u0101nu gabali\u0146i, svaigi kartupe\u013cu gabali\u0146i, dehidr\u0113ti za\u013cie zirn\u012b\u0161i, kalt\u0113ts tom\u0101tu koncentr\u0101ts, saulespu\u0137u e\u013c\u013ca (Omega-6), la\u0161a e\u013c\u013ca (Omega-3), vitam\u012bni un miner\u0101lvielas. (114 Kcal\/100 g)<\/p>\n<p data-start=\"5475\" data-end=\"5750\"><strong data-start=\"5475\" data-end=\"5508\">Bar\u012bbas vielas (piedevas\/kg):<\/strong><br data-start=\"5508\" data-end=\"5511\" \/>Vitam\u012bni: A vitam\u012bns 2250 IU, D3 vitam\u012bns 328 IU, E vitam\u012bns 26 mg, Biot\u012bns 60 mcg.<br data-start=\"5594\" data-end=\"5597\" \/>Miner\u0101li: Cinka sulf\u0101ts 24,0 mg, Dzelzs sulf\u0101ts 12,5 mg, Vara sulf\u0101ts 2,50 mg, Mang\u0101na sulf\u0101ts 2,00 mg, Kalcija jod\u0101ts 0,45 mg, N\u0101trija selen\u012bts 0,04 mg.<\/p>\n<p data-start=\"5752\" data-end=\"5901\"><strong data-start=\"5752\" data-end=\"5780\">Anal\u012btisk\u0101s sast\u0101vda\u013cas:<\/strong> Neapstr\u0101d\u0101t\u0101s olbaltumvielas 10%, Tauki un e\u013c\u013cas 6,5%, Neorganisk\u0101s vielas 2,5%, Neapstr\u0101d\u0101t\u0101 \u0161\u0137iedra 0,5%, Mitrums 76%.<\/p>\n<h3 data-start=\"5903\" data-end=\"5936\">Ikdienas baro\u0161anas ieteikumi:<\/h3>\n<p data-start=\"5937\" data-end=\"5949\">(sama tabel)<\/p>\n<h3 data-start=\"5951\" data-end=\"5963\">Svar\u012bgi:<\/h3>\n<p data-start=\"5964\" data-end=\"6176\">\u2714 Vienm\u0113r nodro\u0161iniet svaigu \u016bdeni.<br data-start=\"5999\" data-end=\"6002\" \/>\u2714 Uzglab\u0101t v\u0113s\u0101, saus\u0101 viet\u0101, prom no saules stariem.<br data-start=\"6055\" data-end=\"6058\" \/>\u2714 Atv\u0113rtu iepakojumu glab\u0101t ledusskap\u012b un izlietot 48 h laik\u0101.<br data-start=\"6120\" data-end=\"6123\" \/>\u2714 Pasniegt istabas temperat\u016br\u0101. Izmantot t\u012bru trauku.<\/p>\n<p data-start=\"6178\" data-end=\"6204\"><strong data-start=\"6178\" data-end=\"6204\">Neto svars: 10 x 395 g<\/strong><\/p>\n<p data-start=\"6206\" data-end=\"6514\">Kennels&#8217; Favourite\u00ae izmanto viet\u0113jas sast\u0101vda\u013cas un nodro\u0161ina piln\u012bgu izsekojam\u012bbu. Iepakojums ir 100% p\u0101rstr\u0101d\u0101jams. Ra\u017eo\u0161an\u0101 izmantotas dab\u012bgas sast\u0101vda\u013cas un uztura speci\u0101listu veidotas receptes. Bar\u012bba apvieno \u010detras pamatgrupas: olbaltumvielas, \u0161\u0137iedrvielas, vitam\u012bnus &amp; miner\u0101lvielas un taukus &amp; e\u013c\u013cas.<\/p>\n<p data-start=\"6516\" data-end=\"6555\">Vesels m\u012blulis ir laim\u012bgs m\u012blulis! \ud83d\udc36\ud83d\udc9a<\/p>\n","protected":false},"featured_media":45789,"template":"","meta":[],"product_brand":[],"product_cat":[573,577],"product_tag":[],"class_list":{"0":"post-45812","1":"product","2":"type-product","3":"status-publish","4":"has-post-thumbnail","6":"product_cat-kaup24-lv","7":"product_cat-mitra-bariba-suniem","9":"first","10":"outofstock","11":"sale","12":"featured","13":"taxable","14":"shipping-taxable","15":"purchasable","16":"product-type-simple"},"yoast_head":"<!-- This site is optimized with the Yoast SEO plugin v27.4 - https:\/\/yoast.com\/product\/yoast-seo-wordpress\/ -->\n<title>Tvaic\u0113ta mitr\u0101 bar\u012bba Kennel&#039;s Favourite, liellops 10x395 g - MiuMjau<\/title>\n<meta name=\"robots\" content=\"index, follow, max-snippet:-1, max-image-preview:large, max-video-preview:-1\" \/>\n<link rel=\"canonical\" href=\"https:\/\/miumjau.ee\/lv\/produkts\/tvaiceta-mitra-bariba-kennels-favourite-liellops-10x395-g\/\" \/>\n<meta property=\"og:locale\" content=\"lv_LV\" \/>\n<meta property=\"og:type\" content=\"article\" \/>\n<meta property=\"og:title\" content=\"Tvaic\u0113ta mitr\u0101 bar\u012bba Kennel&#039;s Favourite, liellops 10x395 g - MiuMjau\" \/>\n<meta property=\"og:description\" content=\"Kennels&#039; Favourite\u00ae tvaic\u0113t\u0101 mitr\u0101 bar\u012bba ir piln\u012bgi dab\u012bga, bez graudiem un sabalans\u0113ta su\u0146u bar\u012bba, kas satur 70% \u012bstas, viet\u0113ji ieg\u016btas ga\u013cas. T\u0101 ir saudz\u012bgi tvaic\u0113ta malt\u012bte, piem\u0113rota visu \u0161\u0137ir\u0146u un vecumu su\u0146iem. Bag\u0101tin\u0101ta ar svar\u012bgiem vitam\u012bniem, miner\u0101lviel\u0101m un e\u013c\u013c\u0101m, nesatur kr\u0101svielas, konservantus un gar\u0161as pastiprin\u0101t\u0101jus. \u2705 100% Dab\u012bgas Sast\u0101vda\u013cas\u2713 Monoprote\u012bns\u2713 BEZ GRAUDIEM\u2713 NESATUR m\u0101ksl\u012bg\u0101s kr\u0101svielas, gar\u0161as, soju, olas vai pienu Sast\u0101vs: Liellopu ga\u013ca 70%, kalt\u0113ti burk\u0101nu gabali\u0146i, svaigi kartupe\u013cu gabali\u0146i, dehidr\u0113ti za\u013cie zirn\u012b\u0161i, kalt\u0113ts tom\u0101tu koncentr\u0101ts, saulespu\u0137u e\u013c\u013ca (Omega-6), la\u0161a e\u013c\u013ca (Omega-3), vitam\u012bni un miner\u0101lvielas. (114 Kcal\/100 g) Bar\u012bbas vielas (piedevas\/kg):Vitam\u012bni: A vitam\u012bns 2250 IU, D3 vitam\u012bns 328 IU, E vitam\u012bns 26 mg, Biot\u012bns 60 mcg.Miner\u0101li: Cinka sulf\u0101ts 24,0 mg, Dzelzs sulf\u0101ts 12,5 mg, Vara sulf\u0101ts 2,50 mg, Mang\u0101na sulf\u0101ts 2,00 mg, Kalcija jod\u0101ts 0,45 mg, N\u0101trija selen\u012bts 0,04 mg. Anal\u012btisk\u0101s sast\u0101vda\u013cas: Neapstr\u0101d\u0101t\u0101s olbaltumvielas 10%, Tauki un e\u013c\u013cas 6,5%, Neorganisk\u0101s vielas 2,5%, Neapstr\u0101d\u0101t\u0101 \u0161\u0137iedra 0,5%, Mitrums 76%.  Ikdienas baro\u0161anas ieteikumi: (sama tabel)  Svar\u012bgi: \u2714 Vienm\u0113r nodro\u0161iniet svaigu \u016bdeni.\u2714 Uzglab\u0101t v\u0113s\u0101, saus\u0101 viet\u0101, prom no saules stariem.\u2714 Atv\u0113rtu iepakojumu glab\u0101t ledusskap\u012b un izlietot 48 h laik\u0101.\u2714 Pasniegt istabas temperat\u016br\u0101. Izmantot t\u012bru trauku. Neto svars: 10 x 395 g Kennels&#039; Favourite\u00ae izmanto viet\u0113jas sast\u0101vda\u013cas un nodro\u0161ina piln\u012bgu izsekojam\u012bbu. Iepakojums ir 100% p\u0101rstr\u0101d\u0101jams. Ra\u017eo\u0161an\u0101 izmantotas dab\u012bgas sast\u0101vda\u013cas un uztura speci\u0101listu veidotas receptes. Bar\u012bba apvieno \u010detras pamatgrupas: olbaltumvielas, \u0161\u0137iedrvielas, vitam\u012bnus &amp; miner\u0101lvielas un taukus &amp; e\u013c\u013cas. Vesels m\u012blulis ir laim\u012bgs m\u012blulis! \ud83d\udc36\ud83d\udc9a\" \/>\n<meta property=\"og:url\" content=\"https:\/\/miumjau.ee\/lv\/produkts\/tvaiceta-mitra-bariba-kennels-favourite-liellops-10x395-g\/\" \/>\n<meta property=\"og:site_name\" content=\"MiuMjau\" \/>\n<meta property=\"article:publisher\" content=\"https:\/\/www.facebook.com\/miumjaupood\/\" \/>\n<meta property=\"article:modified_time\" content=\"2026-01-07T19:23:24+00:00\" \/>\n<meta property=\"og:image\" content=\"https:\/\/miumjau.ee\/wp-content\/uploads\/2025\/07\/kennels-favourite-10pakk6.jpg\" \/>\n\t<meta property=\"og:image:width\" content=\"1200\" \/>\n\t<meta property=\"og:image:height\" content=\"1600\" \/>\n\t<meta property=\"og:image:type\" content=\"image\/jpeg\" \/>\n<meta name=\"twitter:card\" content=\"summary_large_image\" \/>\n<script type=\"application\/ld+json\" class=\"yoast-schema-graph\">{\"@context\":\"https:\\\/\\\/schema.org\",\"@graph\":[{\"@type\":\"WebPage\",\"@id\":\"https:\\\/\\\/miumjau.ee\\\/lv\\\/produkts\\\/tvaiceta-mitra-bariba-kennels-favourite-liellops-10x395-g\\\/\",\"url\":\"https:\\\/\\\/miumjau.ee\\\/lv\\\/produkts\\\/tvaiceta-mitra-bariba-kennels-favourite-liellops-10x395-g\\\/\",\"name\":\"Tvaic\u0113ta mitr\u0101 bar\u012bba Kennel's Favourite, liellops 10x395 g - MiuMjau\",\"isPartOf\":{\"@id\":\"https:\\\/\\\/miumjau.ee\\\/#website\"},\"primaryImageOfPage\":{\"@id\":\"https:\\\/\\\/miumjau.ee\\\/lv\\\/produkts\\\/tvaiceta-mitra-bariba-kennels-favourite-liellops-10x395-g\\\/#primaryimage\"},\"image\":{\"@id\":\"https:\\\/\\\/miumjau.ee\\\/lv\\\/produkts\\\/tvaiceta-mitra-bariba-kennels-favourite-liellops-10x395-g\\\/#primaryimage\"},\"thumbnailUrl\":\"https:\\\/\\\/miumjau.ee\\\/wp-content\\\/uploads\\\/2025\\\/07\\\/kennels-favourite-10pakk6.jpg\",\"datePublished\":\"2025-07-15T11:02:33+00:00\",\"dateModified\":\"2026-01-07T19:23:24+00:00\",\"breadcrumb\":{\"@id\":\"https:\\\/\\\/miumjau.ee\\\/lv\\\/produkts\\\/tvaiceta-mitra-bariba-kennels-favourite-liellops-10x395-g\\\/#breadcrumb\"},\"inLanguage\":\"lv-LV\",\"potentialAction\":[{\"@type\":\"ReadAction\",\"target\":[\"https:\\\/\\\/miumjau.ee\\\/lv\\\/produkts\\\/tvaiceta-mitra-bariba-kennels-favourite-liellops-10x395-g\\\/\"]}]},{\"@type\":\"ImageObject\",\"inLanguage\":\"lv-LV\",\"@id\":\"https:\\\/\\\/miumjau.ee\\\/lv\\\/produkts\\\/tvaiceta-mitra-bariba-kennels-favourite-liellops-10x395-g\\\/#primaryimage\",\"url\":\"https:\\\/\\\/miumjau.ee\\\/wp-content\\\/uploads\\\/2025\\\/07\\\/kennels-favourite-10pakk6.jpg\",\"contentUrl\":\"https:\\\/\\\/miumjau.ee\\\/wp-content\\\/uploads\\\/2025\\\/07\\\/kennels-favourite-10pakk6.jpg\",\"width\":1200,\"height\":1600,\"caption\":\"Aurutatud m\u00e4rgtoit Kennel's Favourite, monoproteiin, veis 10x 395g\"},{\"@type\":\"BreadcrumbList\",\"@id\":\"https:\\\/\\\/miumjau.ee\\\/lv\\\/produkts\\\/tvaiceta-mitra-bariba-kennels-favourite-liellops-10x395-g\\\/#breadcrumb\",\"itemListElement\":[{\"@type\":\"ListItem\",\"position\":1,\"name\":\"Home\",\"item\":\"https:\\\/\\\/miumjau.ee\\\/lv\\\/\"},{\"@type\":\"ListItem\",\"position\":2,\"name\":\"Veikals\",\"item\":\"https:\\\/\\\/miumjau.ee\\\/lv\\\/veikals\\\/\"},{\"@type\":\"ListItem\",\"position\":3,\"name\":\"Tvaic\u0113ta mitr\u0101 bar\u012bba Kennel&#8217;s Favourite, liellops 10&#215;395 g\"}]},{\"@type\":\"WebSite\",\"@id\":\"https:\\\/\\\/miumjau.ee\\\/#website\",\"url\":\"https:\\\/\\\/miumjau.ee\\\/\",\"name\":\"MiuMjau\",\"description\":\"Kraapimispuud kassidele\",\"publisher\":{\"@id\":\"https:\\\/\\\/miumjau.ee\\\/#organization\"},\"potentialAction\":[{\"@type\":\"SearchAction\",\"target\":{\"@type\":\"EntryPoint\",\"urlTemplate\":\"https:\\\/\\\/miumjau.ee\\\/?s={search_term_string}\"},\"query-input\":{\"@type\":\"PropertyValueSpecification\",\"valueRequired\":true,\"valueName\":\"search_term_string\"}}],\"inLanguage\":\"lv-LV\"},{\"@type\":\"Organization\",\"@id\":\"https:\\\/\\\/miumjau.ee\\\/#organization\",\"name\":\"MiuMjau O\u00dc\",\"url\":\"https:\\\/\\\/miumjau.ee\\\/\",\"logo\":{\"@type\":\"ImageObject\",\"inLanguage\":\"lv-LV\",\"@id\":\"https:\\\/\\\/miumjau.ee\\\/#\\\/schema\\\/logo\\\/image\\\/\",\"url\":\"https:\\\/\\\/miumjau.ee\\\/wp-content\\\/uploads\\\/2022\\\/04\\\/MiuMjau-logo-kollane.png\",\"contentUrl\":\"https:\\\/\\\/miumjau.ee\\\/wp-content\\\/uploads\\\/2022\\\/04\\\/MiuMjau-logo-kollane.png\",\"width\":219,\"height\":100,\"caption\":\"MiuMjau O\u00dc\"},\"image\":{\"@id\":\"https:\\\/\\\/miumjau.ee\\\/#\\\/schema\\\/logo\\\/image\\\/\"},\"sameAs\":[\"https:\\\/\\\/www.facebook.com\\\/miumjaupood\\\/\"]}]}<\/script>\n<!-- \/ Yoast SEO plugin. -->","yoast_head_json":{"title":"Tvaic\u0113ta mitr\u0101 bar\u012bba Kennel's Favourite, liellops 10x395 g - MiuMjau","robots":{"index":"index","follow":"follow","max-snippet":"max-snippet:-1","max-image-preview":"max-image-preview:large","max-video-preview":"max-video-preview:-1"},"canonical":"https:\/\/miumjau.ee\/lv\/produkts\/tvaiceta-mitra-bariba-kennels-favourite-liellops-10x395-g\/","og_locale":"lv_LV","og_type":"article","og_title":"Tvaic\u0113ta mitr\u0101 bar\u012bba Kennel's Favourite, liellops 10x395 g - MiuMjau","og_description":"Kennels' Favourite\u00ae tvaic\u0113t\u0101 mitr\u0101 bar\u012bba ir piln\u012bgi dab\u012bga, bez graudiem un sabalans\u0113ta su\u0146u bar\u012bba, kas satur 70% \u012bstas, viet\u0113ji ieg\u016btas ga\u013cas. T\u0101 ir saudz\u012bgi tvaic\u0113ta malt\u012bte, piem\u0113rota visu \u0161\u0137ir\u0146u un vecumu su\u0146iem. Bag\u0101tin\u0101ta ar svar\u012bgiem vitam\u012bniem, miner\u0101lviel\u0101m un e\u013c\u013c\u0101m, nesatur kr\u0101svielas, konservantus un gar\u0161as pastiprin\u0101t\u0101jus. \u2705 100% Dab\u012bgas Sast\u0101vda\u013cas\u2713 Monoprote\u012bns\u2713 BEZ GRAUDIEM\u2713 NESATUR m\u0101ksl\u012bg\u0101s kr\u0101svielas, gar\u0161as, soju, olas vai pienu Sast\u0101vs: Liellopu ga\u013ca 70%, kalt\u0113ti burk\u0101nu gabali\u0146i, svaigi kartupe\u013cu gabali\u0146i, dehidr\u0113ti za\u013cie zirn\u012b\u0161i, kalt\u0113ts tom\u0101tu koncentr\u0101ts, saulespu\u0137u e\u013c\u013ca (Omega-6), la\u0161a e\u013c\u013ca (Omega-3), vitam\u012bni un miner\u0101lvielas. (114 Kcal\/100 g) Bar\u012bbas vielas (piedevas\/kg):Vitam\u012bni: A vitam\u012bns 2250 IU, D3 vitam\u012bns 328 IU, E vitam\u012bns 26 mg, Biot\u012bns 60 mcg.Miner\u0101li: Cinka sulf\u0101ts 24,0 mg, Dzelzs sulf\u0101ts 12,5 mg, Vara sulf\u0101ts 2,50 mg, Mang\u0101na sulf\u0101ts 2,00 mg, Kalcija jod\u0101ts 0,45 mg, N\u0101trija selen\u012bts 0,04 mg. Anal\u012btisk\u0101s sast\u0101vda\u013cas: Neapstr\u0101d\u0101t\u0101s olbaltumvielas 10%, Tauki un e\u013c\u013cas 6,5%, Neorganisk\u0101s vielas 2,5%, Neapstr\u0101d\u0101t\u0101 \u0161\u0137iedra 0,5%, Mitrums 76%.  Ikdienas baro\u0161anas ieteikumi: (sama tabel)  Svar\u012bgi: \u2714 Vienm\u0113r nodro\u0161iniet svaigu \u016bdeni.\u2714 Uzglab\u0101t v\u0113s\u0101, saus\u0101 viet\u0101, prom no saules stariem.\u2714 Atv\u0113rtu iepakojumu glab\u0101t ledusskap\u012b un izlietot 48 h laik\u0101.\u2714 Pasniegt istabas temperat\u016br\u0101. Izmantot t\u012bru trauku. Neto svars: 10 x 395 g Kennels' Favourite\u00ae izmanto viet\u0113jas sast\u0101vda\u013cas un nodro\u0161ina piln\u012bgu izsekojam\u012bbu. Iepakojums ir 100% p\u0101rstr\u0101d\u0101jams. Ra\u017eo\u0161an\u0101 izmantotas dab\u012bgas sast\u0101vda\u013cas un uztura speci\u0101listu veidotas receptes. Bar\u012bba apvieno \u010detras pamatgrupas: olbaltumvielas, \u0161\u0137iedrvielas, vitam\u012bnus &amp; miner\u0101lvielas un taukus &amp; e\u013c\u013cas. Vesels m\u012blulis ir laim\u012bgs m\u012blulis! \ud83d\udc36\ud83d\udc9a","og_url":"https:\/\/miumjau.ee\/lv\/produkts\/tvaiceta-mitra-bariba-kennels-favourite-liellops-10x395-g\/","og_site_name":"MiuMjau","article_publisher":"https:\/\/www.facebook.com\/miumjaupood\/","article_modified_time":"2026-01-07T19:23:24+00:00","og_image":[{"width":1200,"height":1600,"url":"https:\/\/miumjau.ee\/wp-content\/uploads\/2025\/07\/kennels-favourite-10pakk6.jpg","type":"image\/jpeg"}],"twitter_card":"summary_large_image","schema":{"@context":"https:\/\/schema.org","@graph":[{"@type":"WebPage","@id":"https:\/\/miumjau.ee\/lv\/produkts\/tvaiceta-mitra-bariba-kennels-favourite-liellops-10x395-g\/","url":"https:\/\/miumjau.ee\/lv\/produkts\/tvaiceta-mitra-bariba-kennels-favourite-liellops-10x395-g\/","name":"Tvaic\u0113ta mitr\u0101 bar\u012bba Kennel's Favourite, liellops 10x395 g - MiuMjau","isPartOf":{"@id":"https:\/\/miumjau.ee\/#website"},"primaryImageOfPage":{"@id":"https:\/\/miumjau.ee\/lv\/produkts\/tvaiceta-mitra-bariba-kennels-favourite-liellops-10x395-g\/#primaryimage"},"image":{"@id":"https:\/\/miumjau.ee\/lv\/produkts\/tvaiceta-mitra-bariba-kennels-favourite-liellops-10x395-g\/#primaryimage"},"thumbnailUrl":"https:\/\/miumjau.ee\/wp-content\/uploads\/2025\/07\/kennels-favourite-10pakk6.jpg","datePublished":"2025-07-15T11:02:33+00:00","dateModified":"2026-01-07T19:23:24+00:00","breadcrumb":{"@id":"https:\/\/miumjau.ee\/lv\/produkts\/tvaiceta-mitra-bariba-kennels-favourite-liellops-10x395-g\/#breadcrumb"},"inLanguage":"lv-LV","potentialAction":[{"@type":"ReadAction","target":["https:\/\/miumjau.ee\/lv\/produkts\/tvaiceta-mitra-bariba-kennels-favourite-liellops-10x395-g\/"]}]},{"@type":"ImageObject","inLanguage":"lv-LV","@id":"https:\/\/miumjau.ee\/lv\/produkts\/tvaiceta-mitra-bariba-kennels-favourite-liellops-10x395-g\/#primaryimage","url":"https:\/\/miumjau.ee\/wp-content\/uploads\/2025\/07\/kennels-favourite-10pakk6.jpg","contentUrl":"https:\/\/miumjau.ee\/wp-content\/uploads\/2025\/07\/kennels-favourite-10pakk6.jpg","width":1200,"height":1600,"caption":"Aurutatud m\u00e4rgtoit Kennel's Favourite, monoproteiin, veis 10x 395g"},{"@type":"BreadcrumbList","@id":"https:\/\/miumjau.ee\/lv\/produkts\/tvaiceta-mitra-bariba-kennels-favourite-liellops-10x395-g\/#breadcrumb","itemListElement":[{"@type":"ListItem","position":1,"name":"Home","item":"https:\/\/miumjau.ee\/lv\/"},{"@type":"ListItem","position":2,"name":"Veikals","item":"https:\/\/miumjau.ee\/lv\/veikals\/"},{"@type":"ListItem","position":3,"name":"Tvaic\u0113ta mitr\u0101 bar\u012bba Kennel&#8217;s Favourite, liellops 10&#215;395 g"}]},{"@type":"WebSite","@id":"https:\/\/miumjau.ee\/#website","url":"https:\/\/miumjau.ee\/","name":"MiuMjau","description":"Kraapimispuud kassidele","publisher":{"@id":"https:\/\/miumjau.ee\/#organization"},"potentialAction":[{"@type":"SearchAction","target":{"@type":"EntryPoint","urlTemplate":"https:\/\/miumjau.ee\/?s={search_term_string}"},"query-input":{"@type":"PropertyValueSpecification","valueRequired":true,"valueName":"search_term_string"}}],"inLanguage":"lv-LV"},{"@type":"Organization","@id":"https:\/\/miumjau.ee\/#organization","name":"MiuMjau O\u00dc","url":"https:\/\/miumjau.ee\/","logo":{"@type":"ImageObject","inLanguage":"lv-LV","@id":"https:\/\/miumjau.ee\/#\/schema\/logo\/image\/","url":"https:\/\/miumjau.ee\/wp-content\/uploads\/2022\/04\/MiuMjau-logo-kollane.png","contentUrl":"https:\/\/miumjau.ee\/wp-content\/uploads\/2022\/04\/MiuMjau-logo-kollane.png","width":219,"height":100,"caption":"MiuMjau O\u00dc"},"image":{"@id":"https:\/\/miumjau.ee\/#\/schema\/logo\/image\/"},"sameAs":["https:\/\/www.facebook.com\/miumjaupood\/"]}]}},"_links":{"self":[{"href":"https:\/\/miumjau.ee\/lv\/wp-json\/wp\/v2\/product\/45812","targetHints":{"allow":["GET"]}}],"collection":[{"href":"https:\/\/miumjau.ee\/lv\/wp-json\/wp\/v2\/product"}],"about":[{"href":"https:\/\/miumjau.ee\/lv\/wp-json\/wp\/v2\/types\/product"}],"wp:featuredmedia":[{"embeddable":true,"href":"https:\/\/miumjau.ee\/lv\/wp-json\/wp\/v2\/media\/45789"}],"wp:attachment":[{"href":"https:\/\/miumjau.ee\/lv\/wp-json\/wp\/v2\/media?parent=45812"}],"wp:term":[{"taxonomy":"product_brand","embeddable":true,"href":"https:\/\/miumjau.ee\/lv\/wp-json\/wp\/v2\/product_brand?post=45812"},{"taxonomy":"product_cat","embeddable":true,"href":"https:\/\/miumjau.ee\/lv\/wp-json\/wp\/v2\/product_cat?post=45812"},{"taxonomy":"product_tag","embeddable":true,"href":"https:\/\/miumjau.ee\/lv\/wp-json\/wp\/v2\/product_tag?post=45812"}],"curies":[{"name":"wp","href":"https:\/\/api.w.org\/{rel}","templated":true}]}}