{"id":45794,"date":"2025-07-15T14:02:45","date_gmt":"2025-07-15T11:02:45","guid":{"rendered":"https:\/\/miumjau.ee\/toode\/tvaiceta-mitra-bariba-kennels-favourite-titars-10x395g\/"},"modified":"2026-01-07T21:23:24","modified_gmt":"2026-01-07T19:23:24","slug":"tvaiceta-mitra-bariba-kennels-favourite-titars-10x395g","status":"publish","type":"product","link":"https:\/\/miumjau.ee\/lv\/produkts\/tvaiceta-mitra-bariba-kennels-favourite-titars-10x395g\/","title":{"rendered":"Tvaic\u0113ta mitr\u0101 bar\u012bba Kennel&#8217;s Favourite, t\u012btars 10x395g"},"content":{"rendered":"","protected":false},"excerpt":{"rendered":"<p data-start=\"5378\" data-end=\"5737\">Tvaic\u0113t\u0101 mitr\u0101 bar\u012bba Kennels&#8217; Favourite\u00ae ir piln\u012bb\u0101 dab\u012bga, bezgraudu un sabalans\u0113ta su\u0146u bar\u012bba, kas satur 70% \u012bstas, viet\u0113ji ieg\u016btas ga\u013cas. Kennels&#8217; Favourite\u00ae ir maigi tvaic\u0113ts \u0113diens, kas piem\u0113rots vis\u0101m su\u0146u \u0161\u0137irn\u0113m un visiem vecumiem. T\u0101 ir bag\u0101tin\u0101ta ar svar\u012bgiem vitam\u012bniem, miner\u0101liem un e\u013c\u013c\u0101m un nesatur kr\u0101svielas, konservantus vai aromatiz\u0113t\u0101jus.<\/p>\n<p data-start=\"5739\" data-end=\"5892\">\u2705 100% Dab\u012bgas Sast\u0101vda\u013cas<br data-start=\"5765\" data-end=\"5768\" \/>\u2705 Vien\u012bgais Olbaltumvielu Avots<br data-start=\"5799\" data-end=\"5802\" \/>\u2705 BEZGRAUDU<br data-start=\"5813\" data-end=\"5816\" \/>\u2705 NESATUR m\u0101ksl\u012bgas kr\u0101svielas, gar\u0161as pastiprin\u0101t\u0101jus, soju, olas vai pienu<\/p>\n<p data-start=\"5894\" data-end=\"6132\"><strong data-start=\"5894\" data-end=\"5910\">Sast\u0101vda\u013cas:<\/strong> T\u012btara ga\u013ca 70%, \u017e\u0101v\u0113tas burk\u0101nu skaidi\u0146as, svaigi kartupe\u013cu gabali\u0146i, dehidr\u0113ti za\u013cie zirn\u012b\u0161i, \u017e\u0101v\u0113ts tom\u0101tu koncentr\u0101ts, saulespu\u0137u e\u013c\u013ca (Omega-6 avots), lasu e\u013c\u013ca (Omega-3 avots), vitam\u012bni un miner\u0101li. (114 Kcal\/100 g)<\/p>\n<p data-start=\"6134\" data-end=\"6460\"><strong data-start=\"6134\" data-end=\"6163\">Uzturvielu piedevas (kg):<\/strong> Vitam\u012bni: A vitam\u012bns 2 250 SV, D3 vitam\u012bns 328 SV, E vitam\u012bns 26 mg, Biot\u012bns 60 mcg. Miner\u0101li: Cinka sulf\u0101ts monohidr\u0101ts 24,0 mg, Dzelzs sulf\u0101ts monohidr\u0101ts 12,5 mg, Vara sulf\u0101ts pentahidr\u0101ts 2,50 mg, Mang\u0101na sulf\u0101ts monohidr\u0101ts 2,00 mg, Kalcija jod\u0101ts bez\u016bdens 0,45 mg, N\u0101trija selen\u012bts 0,04 mg.<\/p>\n<p data-start=\"6462\" data-end=\"6590\"><strong data-start=\"6462\" data-end=\"6490\">Anal\u012btisk\u0101s sast\u0101vda\u013cas:<\/strong> Neapstr\u0101d\u0101ts prote\u012bns 8%, Tauki un e\u013c\u013cas 13%, Neorganisk\u0101s vielas 2,5%, \u0160\u0137iedras 0,5%, Mitrums 74%.<\/p>\n<p data-start=\"6592\" data-end=\"6901\"><strong data-start=\"6592\" data-end=\"6620\">Ieteicam\u0101s dienas devas:<\/strong><br data-start=\"6620\" data-end=\"6623\" \/>Suns | Svars | Tikai mitr\u0101 bar\u012bba | Mitr\u0101 + saus\u0101 bar\u012bba<br data-start=\"6679\" data-end=\"6682\" \/>Mazs | l\u012bdz 5 kg | \u00bc \u2013 \u00bd paka | \u00bc paka<br data-start=\"6720\" data-end=\"6723\" \/>Mazs | 5 \u2013 10 kg | \u00bd \u2013 \u00be paka | \u2153 paka<br data-start=\"6761\" data-end=\"6764\" \/>Vid\u0113js | 10 \u2013 15 kg | \u00be \u2013 1 paka | \u00bd paka<br data-start=\"6805\" data-end=\"6808\" \/>Liels | 15 \u2013 25 kg | 1 \u2013 1\u00bd pakas | \u00be paka<br data-start=\"6850\" data-end=\"6853\" \/>\u013boti liels | 25 \u2013 45 kg | 1\u00bd \u2013 2\u2153 pakas | 1 paka<\/p>\n<p data-start=\"6903\" data-end=\"7144\"><strong data-start=\"6903\" data-end=\"6915\">Svar\u012bgi:<\/strong><br data-start=\"6915\" data-end=\"6918\" \/>\u2714 Vienm\u0113r nodro\u0161iniet svaigu dzeramo \u016bdeni.<br data-start=\"6961\" data-end=\"6964\" \/>\u2714 Uzglab\u0101t v\u0113s\u0101, saus\u0101 viet\u0101, prom no saules gaismas.<br data-start=\"7017\" data-end=\"7020\" \/>\u2714 Atv\u0113rtu iepakojumu uzglab\u0101t ledusskap\u012b un izlietot 48 stundu laik\u0101.<br data-start=\"7089\" data-end=\"7092\" \/>\u2714 Pasniegt istabas temperat\u016br\u0101. Izmantot t\u012bru b\u013codu.<\/p>\n<p data-start=\"7146\" data-end=\"7172\"><strong data-start=\"7146\" data-end=\"7161\">Neto svars:<\/strong> 10 x 395 g<\/p>\n<p data-start=\"7174\" data-end=\"7708\">Kennels&#8217; Favourite\u00ae izmanto viet\u0113j\u0101s sast\u0101vda\u013cas un nodro\u0161ina piln\u012bgu izsekojam\u012bbu l\u012bdz uzticamiem pieg\u0101d\u0101t\u0101jiem. M\u0113s r\u016bp\u0113jamies gan par j\u016bsu m\u012bluli, gan vidi \u2013 visa iepakojuma materi\u0101li ir 100% p\u0101rstr\u0101d\u0101jami. M\u016bsu ra\u017eotne ir izveidota, lai pied\u0101v\u0101tu augstas kvalit\u0101tes bar\u012bbu, kas gatavota tikai no dab\u012bg\u0101m sast\u0101vda\u013c\u0101m. M\u0113s sadarbojamies ar vado\u0161ajiem uztura speci\u0101listiem, lai nodro\u0161in\u0101tu uzturvielu l\u012bdzsvaru. M\u016bsu bar\u012bba apvieno \u010detras galven\u0101s grupas: olbaltumvielas, \u0161\u0137iedrvielas, vitam\u012bnus un miner\u0101lus, k\u0101 ar\u012b taukus un e\u013c\u013cas.<\/p>\n<p data-start=\"7710\" data-end=\"7749\">Vesels m\u012blulis ir laim\u012bgs m\u012blulis! \ud83d\udc36\ud83d\udc9a<\/p>\n","protected":false},"featured_media":45790,"template":"","meta":[],"product_brand":[],"product_cat":[573,577],"product_tag":[],"class_list":{"0":"post-45794","1":"product","2":"type-product","3":"status-publish","4":"has-post-thumbnail","6":"product_cat-kaup24-lv","7":"product_cat-mitra-bariba-suniem","9":"first","10":"instock","11":"sale","12":"featured","13":"taxable","14":"shipping-taxable","15":"purchasable","16":"product-type-simple"},"yoast_head":"<!-- This site is optimized with the Yoast SEO plugin v27.4 - https:\/\/yoast.com\/product\/yoast-seo-wordpress\/ -->\n<title>Tvaic\u0113ta mitr\u0101 bar\u012bba Kennel&#039;s Favourite, t\u012btars 10x395g - MiuMjau<\/title>\n<meta name=\"robots\" content=\"index, follow, max-snippet:-1, max-image-preview:large, max-video-preview:-1\" \/>\n<link rel=\"canonical\" href=\"https:\/\/miumjau.ee\/lv\/produkts\/tvaiceta-mitra-bariba-kennels-favourite-titars-10x395g\/\" \/>\n<meta property=\"og:locale\" content=\"lv_LV\" \/>\n<meta property=\"og:type\" content=\"article\" \/>\n<meta property=\"og:title\" content=\"Tvaic\u0113ta mitr\u0101 bar\u012bba Kennel&#039;s Favourite, t\u012btars 10x395g - MiuMjau\" \/>\n<meta property=\"og:description\" content=\"Tvaic\u0113t\u0101 mitr\u0101 bar\u012bba Kennels&#039; Favourite\u00ae ir piln\u012bb\u0101 dab\u012bga, bezgraudu un sabalans\u0113ta su\u0146u bar\u012bba, kas satur 70% \u012bstas, viet\u0113ji ieg\u016btas ga\u013cas. Kennels&#039; Favourite\u00ae ir maigi tvaic\u0113ts \u0113diens, kas piem\u0113rots vis\u0101m su\u0146u \u0161\u0137irn\u0113m un visiem vecumiem. T\u0101 ir bag\u0101tin\u0101ta ar svar\u012bgiem vitam\u012bniem, miner\u0101liem un e\u013c\u013c\u0101m un nesatur kr\u0101svielas, konservantus vai aromatiz\u0113t\u0101jus. \u2705 100% Dab\u012bgas Sast\u0101vda\u013cas\u2705 Vien\u012bgais Olbaltumvielu Avots\u2705 BEZGRAUDU\u2705 NESATUR m\u0101ksl\u012bgas kr\u0101svielas, gar\u0161as pastiprin\u0101t\u0101jus, soju, olas vai pienu Sast\u0101vda\u013cas: T\u012btara ga\u013ca 70%, \u017e\u0101v\u0113tas burk\u0101nu skaidi\u0146as, svaigi kartupe\u013cu gabali\u0146i, dehidr\u0113ti za\u013cie zirn\u012b\u0161i, \u017e\u0101v\u0113ts tom\u0101tu koncentr\u0101ts, saulespu\u0137u e\u013c\u013ca (Omega-6 avots), lasu e\u013c\u013ca (Omega-3 avots), vitam\u012bni un miner\u0101li. (114 Kcal\/100 g) Uzturvielu piedevas (kg): Vitam\u012bni: A vitam\u012bns 2 250 SV, D3 vitam\u012bns 328 SV, E vitam\u012bns 26 mg, Biot\u012bns 60 mcg. Miner\u0101li: Cinka sulf\u0101ts monohidr\u0101ts 24,0 mg, Dzelzs sulf\u0101ts monohidr\u0101ts 12,5 mg, Vara sulf\u0101ts pentahidr\u0101ts 2,50 mg, Mang\u0101na sulf\u0101ts monohidr\u0101ts 2,00 mg, Kalcija jod\u0101ts bez\u016bdens 0,45 mg, N\u0101trija selen\u012bts 0,04 mg. Anal\u012btisk\u0101s sast\u0101vda\u013cas: Neapstr\u0101d\u0101ts prote\u012bns 8%, Tauki un e\u013c\u013cas 13%, Neorganisk\u0101s vielas 2,5%, \u0160\u0137iedras 0,5%, Mitrums 74%. Ieteicam\u0101s dienas devas:Suns | Svars | Tikai mitr\u0101 bar\u012bba | Mitr\u0101 + saus\u0101 bar\u012bbaMazs | l\u012bdz 5 kg | \u00bc \u2013 \u00bd paka | \u00bc pakaMazs | 5 \u2013 10 kg | \u00bd \u2013 \u00be paka | \u2153 pakaVid\u0113js | 10 \u2013 15 kg | \u00be \u2013 1 paka | \u00bd pakaLiels | 15 \u2013 25 kg | 1 \u2013 1\u00bd pakas | \u00be paka\u013boti liels | 25 \u2013 45 kg | 1\u00bd \u2013 2\u2153 pakas | 1 paka Svar\u012bgi:\u2714 Vienm\u0113r nodro\u0161iniet svaigu dzeramo \u016bdeni.\u2714 Uzglab\u0101t v\u0113s\u0101, saus\u0101 viet\u0101, prom no saules gaismas.\u2714 Atv\u0113rtu iepakojumu uzglab\u0101t ledusskap\u012b un izlietot 48 stundu laik\u0101.\u2714 Pasniegt istabas temperat\u016br\u0101. Izmantot t\u012bru b\u013codu. Neto svars: 10 x 395 g Kennels&#039; Favourite\u00ae izmanto viet\u0113j\u0101s sast\u0101vda\u013cas un nodro\u0161ina piln\u012bgu izsekojam\u012bbu l\u012bdz uzticamiem pieg\u0101d\u0101t\u0101jiem. M\u0113s r\u016bp\u0113jamies gan par j\u016bsu m\u012bluli, gan vidi \u2013 visa iepakojuma materi\u0101li ir 100% p\u0101rstr\u0101d\u0101jami. M\u016bsu ra\u017eotne ir izveidota, lai pied\u0101v\u0101tu augstas kvalit\u0101tes bar\u012bbu, kas gatavota tikai no dab\u012bg\u0101m sast\u0101vda\u013c\u0101m. M\u0113s sadarbojamies ar vado\u0161ajiem uztura speci\u0101listiem, lai nodro\u0161in\u0101tu uzturvielu l\u012bdzsvaru. M\u016bsu bar\u012bba apvieno \u010detras galven\u0101s grupas: olbaltumvielas, \u0161\u0137iedrvielas, vitam\u012bnus un miner\u0101lus, k\u0101 ar\u012b taukus un e\u013c\u013cas. Vesels m\u012blulis ir laim\u012bgs m\u012blulis! \ud83d\udc36\ud83d\udc9a\" \/>\n<meta property=\"og:url\" content=\"https:\/\/miumjau.ee\/lv\/produkts\/tvaiceta-mitra-bariba-kennels-favourite-titars-10x395g\/\" \/>\n<meta property=\"og:site_name\" content=\"MiuMjau\" \/>\n<meta property=\"article:publisher\" content=\"https:\/\/www.facebook.com\/miumjaupood\/\" \/>\n<meta property=\"article:modified_time\" content=\"2026-01-07T19:23:24+00:00\" \/>\n<meta property=\"og:image\" content=\"https:\/\/miumjau.ee\/wp-content\/uploads\/2025\/07\/kennels-favourite-10pakk3-1.jpg\" \/>\n\t<meta property=\"og:image:width\" content=\"1200\" \/>\n\t<meta property=\"og:image:height\" content=\"1600\" \/>\n\t<meta property=\"og:image:type\" content=\"image\/jpeg\" \/>\n<meta name=\"twitter:card\" content=\"summary_large_image\" \/>\n<script type=\"application\/ld+json\" class=\"yoast-schema-graph\">{\"@context\":\"https:\\\/\\\/schema.org\",\"@graph\":[{\"@type\":\"WebPage\",\"@id\":\"https:\\\/\\\/miumjau.ee\\\/lv\\\/produkts\\\/tvaiceta-mitra-bariba-kennels-favourite-titars-10x395g\\\/\",\"url\":\"https:\\\/\\\/miumjau.ee\\\/lv\\\/produkts\\\/tvaiceta-mitra-bariba-kennels-favourite-titars-10x395g\\\/\",\"name\":\"Tvaic\u0113ta mitr\u0101 bar\u012bba Kennel's Favourite, t\u012btars 10x395g - MiuMjau\",\"isPartOf\":{\"@id\":\"https:\\\/\\\/miumjau.ee\\\/#website\"},\"primaryImageOfPage\":{\"@id\":\"https:\\\/\\\/miumjau.ee\\\/lv\\\/produkts\\\/tvaiceta-mitra-bariba-kennels-favourite-titars-10x395g\\\/#primaryimage\"},\"image\":{\"@id\":\"https:\\\/\\\/miumjau.ee\\\/lv\\\/produkts\\\/tvaiceta-mitra-bariba-kennels-favourite-titars-10x395g\\\/#primaryimage\"},\"thumbnailUrl\":\"https:\\\/\\\/miumjau.ee\\\/wp-content\\\/uploads\\\/2025\\\/07\\\/kennels-favourite-10pakk3-1.jpg\",\"datePublished\":\"2025-07-15T11:02:45+00:00\",\"dateModified\":\"2026-01-07T19:23:24+00:00\",\"breadcrumb\":{\"@id\":\"https:\\\/\\\/miumjau.ee\\\/lv\\\/produkts\\\/tvaiceta-mitra-bariba-kennels-favourite-titars-10x395g\\\/#breadcrumb\"},\"inLanguage\":\"lv-LV\",\"potentialAction\":[{\"@type\":\"ReadAction\",\"target\":[\"https:\\\/\\\/miumjau.ee\\\/lv\\\/produkts\\\/tvaiceta-mitra-bariba-kennels-favourite-titars-10x395g\\\/\"]}]},{\"@type\":\"ImageObject\",\"inLanguage\":\"lv-LV\",\"@id\":\"https:\\\/\\\/miumjau.ee\\\/lv\\\/produkts\\\/tvaiceta-mitra-bariba-kennels-favourite-titars-10x395g\\\/#primaryimage\",\"url\":\"https:\\\/\\\/miumjau.ee\\\/wp-content\\\/uploads\\\/2025\\\/07\\\/kennels-favourite-10pakk3-1.jpg\",\"contentUrl\":\"https:\\\/\\\/miumjau.ee\\\/wp-content\\\/uploads\\\/2025\\\/07\\\/kennels-favourite-10pakk3-1.jpg\",\"width\":1200,\"height\":1600},{\"@type\":\"BreadcrumbList\",\"@id\":\"https:\\\/\\\/miumjau.ee\\\/lv\\\/produkts\\\/tvaiceta-mitra-bariba-kennels-favourite-titars-10x395g\\\/#breadcrumb\",\"itemListElement\":[{\"@type\":\"ListItem\",\"position\":1,\"name\":\"Home\",\"item\":\"https:\\\/\\\/miumjau.ee\\\/lv\\\/\"},{\"@type\":\"ListItem\",\"position\":2,\"name\":\"Veikals\",\"item\":\"https:\\\/\\\/miumjau.ee\\\/lv\\\/veikals\\\/\"},{\"@type\":\"ListItem\",\"position\":3,\"name\":\"Tvaic\u0113ta mitr\u0101 bar\u012bba Kennel&#8217;s Favourite, t\u012btars 10x395g\"}]},{\"@type\":\"WebSite\",\"@id\":\"https:\\\/\\\/miumjau.ee\\\/#website\",\"url\":\"https:\\\/\\\/miumjau.ee\\\/\",\"name\":\"MiuMjau\",\"description\":\"Kraapimispuud kassidele\",\"publisher\":{\"@id\":\"https:\\\/\\\/miumjau.ee\\\/#organization\"},\"potentialAction\":[{\"@type\":\"SearchAction\",\"target\":{\"@type\":\"EntryPoint\",\"urlTemplate\":\"https:\\\/\\\/miumjau.ee\\\/?s={search_term_string}\"},\"query-input\":{\"@type\":\"PropertyValueSpecification\",\"valueRequired\":true,\"valueName\":\"search_term_string\"}}],\"inLanguage\":\"lv-LV\"},{\"@type\":\"Organization\",\"@id\":\"https:\\\/\\\/miumjau.ee\\\/#organization\",\"name\":\"MiuMjau O\u00dc\",\"url\":\"https:\\\/\\\/miumjau.ee\\\/\",\"logo\":{\"@type\":\"ImageObject\",\"inLanguage\":\"lv-LV\",\"@id\":\"https:\\\/\\\/miumjau.ee\\\/#\\\/schema\\\/logo\\\/image\\\/\",\"url\":\"https:\\\/\\\/miumjau.ee\\\/wp-content\\\/uploads\\\/2022\\\/04\\\/MiuMjau-logo-kollane.png\",\"contentUrl\":\"https:\\\/\\\/miumjau.ee\\\/wp-content\\\/uploads\\\/2022\\\/04\\\/MiuMjau-logo-kollane.png\",\"width\":219,\"height\":100,\"caption\":\"MiuMjau O\u00dc\"},\"image\":{\"@id\":\"https:\\\/\\\/miumjau.ee\\\/#\\\/schema\\\/logo\\\/image\\\/\"},\"sameAs\":[\"https:\\\/\\\/www.facebook.com\\\/miumjaupood\\\/\"]}]}<\/script>\n<!-- \/ Yoast SEO plugin. -->","yoast_head_json":{"title":"Tvaic\u0113ta mitr\u0101 bar\u012bba Kennel's Favourite, t\u012btars 10x395g - MiuMjau","robots":{"index":"index","follow":"follow","max-snippet":"max-snippet:-1","max-image-preview":"max-image-preview:large","max-video-preview":"max-video-preview:-1"},"canonical":"https:\/\/miumjau.ee\/lv\/produkts\/tvaiceta-mitra-bariba-kennels-favourite-titars-10x395g\/","og_locale":"lv_LV","og_type":"article","og_title":"Tvaic\u0113ta mitr\u0101 bar\u012bba Kennel's Favourite, t\u012btars 10x395g - MiuMjau","og_description":"Tvaic\u0113t\u0101 mitr\u0101 bar\u012bba Kennels' Favourite\u00ae ir piln\u012bb\u0101 dab\u012bga, bezgraudu un sabalans\u0113ta su\u0146u bar\u012bba, kas satur 70% \u012bstas, viet\u0113ji ieg\u016btas ga\u013cas. Kennels' Favourite\u00ae ir maigi tvaic\u0113ts \u0113diens, kas piem\u0113rots vis\u0101m su\u0146u \u0161\u0137irn\u0113m un visiem vecumiem. T\u0101 ir bag\u0101tin\u0101ta ar svar\u012bgiem vitam\u012bniem, miner\u0101liem un e\u013c\u013c\u0101m un nesatur kr\u0101svielas, konservantus vai aromatiz\u0113t\u0101jus. \u2705 100% Dab\u012bgas Sast\u0101vda\u013cas\u2705 Vien\u012bgais Olbaltumvielu Avots\u2705 BEZGRAUDU\u2705 NESATUR m\u0101ksl\u012bgas kr\u0101svielas, gar\u0161as pastiprin\u0101t\u0101jus, soju, olas vai pienu Sast\u0101vda\u013cas: T\u012btara ga\u013ca 70%, \u017e\u0101v\u0113tas burk\u0101nu skaidi\u0146as, svaigi kartupe\u013cu gabali\u0146i, dehidr\u0113ti za\u013cie zirn\u012b\u0161i, \u017e\u0101v\u0113ts tom\u0101tu koncentr\u0101ts, saulespu\u0137u e\u013c\u013ca (Omega-6 avots), lasu e\u013c\u013ca (Omega-3 avots), vitam\u012bni un miner\u0101li. (114 Kcal\/100 g) Uzturvielu piedevas (kg): Vitam\u012bni: A vitam\u012bns 2 250 SV, D3 vitam\u012bns 328 SV, E vitam\u012bns 26 mg, Biot\u012bns 60 mcg. Miner\u0101li: Cinka sulf\u0101ts monohidr\u0101ts 24,0 mg, Dzelzs sulf\u0101ts monohidr\u0101ts 12,5 mg, Vara sulf\u0101ts pentahidr\u0101ts 2,50 mg, Mang\u0101na sulf\u0101ts monohidr\u0101ts 2,00 mg, Kalcija jod\u0101ts bez\u016bdens 0,45 mg, N\u0101trija selen\u012bts 0,04 mg. Anal\u012btisk\u0101s sast\u0101vda\u013cas: Neapstr\u0101d\u0101ts prote\u012bns 8%, Tauki un e\u013c\u013cas 13%, Neorganisk\u0101s vielas 2,5%, \u0160\u0137iedras 0,5%, Mitrums 74%. Ieteicam\u0101s dienas devas:Suns | Svars | Tikai mitr\u0101 bar\u012bba | Mitr\u0101 + saus\u0101 bar\u012bbaMazs | l\u012bdz 5 kg | \u00bc \u2013 \u00bd paka | \u00bc pakaMazs | 5 \u2013 10 kg | \u00bd \u2013 \u00be paka | \u2153 pakaVid\u0113js | 10 \u2013 15 kg | \u00be \u2013 1 paka | \u00bd pakaLiels | 15 \u2013 25 kg | 1 \u2013 1\u00bd pakas | \u00be paka\u013boti liels | 25 \u2013 45 kg | 1\u00bd \u2013 2\u2153 pakas | 1 paka Svar\u012bgi:\u2714 Vienm\u0113r nodro\u0161iniet svaigu dzeramo \u016bdeni.\u2714 Uzglab\u0101t v\u0113s\u0101, saus\u0101 viet\u0101, prom no saules gaismas.\u2714 Atv\u0113rtu iepakojumu uzglab\u0101t ledusskap\u012b un izlietot 48 stundu laik\u0101.\u2714 Pasniegt istabas temperat\u016br\u0101. Izmantot t\u012bru b\u013codu. Neto svars: 10 x 395 g Kennels' Favourite\u00ae izmanto viet\u0113j\u0101s sast\u0101vda\u013cas un nodro\u0161ina piln\u012bgu izsekojam\u012bbu l\u012bdz uzticamiem pieg\u0101d\u0101t\u0101jiem. M\u0113s r\u016bp\u0113jamies gan par j\u016bsu m\u012bluli, gan vidi \u2013 visa iepakojuma materi\u0101li ir 100% p\u0101rstr\u0101d\u0101jami. M\u016bsu ra\u017eotne ir izveidota, lai pied\u0101v\u0101tu augstas kvalit\u0101tes bar\u012bbu, kas gatavota tikai no dab\u012bg\u0101m sast\u0101vda\u013c\u0101m. M\u0113s sadarbojamies ar vado\u0161ajiem uztura speci\u0101listiem, lai nodro\u0161in\u0101tu uzturvielu l\u012bdzsvaru. M\u016bsu bar\u012bba apvieno \u010detras galven\u0101s grupas: olbaltumvielas, \u0161\u0137iedrvielas, vitam\u012bnus un miner\u0101lus, k\u0101 ar\u012b taukus un e\u013c\u013cas. Vesels m\u012blulis ir laim\u012bgs m\u012blulis! \ud83d\udc36\ud83d\udc9a","og_url":"https:\/\/miumjau.ee\/lv\/produkts\/tvaiceta-mitra-bariba-kennels-favourite-titars-10x395g\/","og_site_name":"MiuMjau","article_publisher":"https:\/\/www.facebook.com\/miumjaupood\/","article_modified_time":"2026-01-07T19:23:24+00:00","og_image":[{"width":1200,"height":1600,"url":"https:\/\/miumjau.ee\/wp-content\/uploads\/2025\/07\/kennels-favourite-10pakk3-1.jpg","type":"image\/jpeg"}],"twitter_card":"summary_large_image","schema":{"@context":"https:\/\/schema.org","@graph":[{"@type":"WebPage","@id":"https:\/\/miumjau.ee\/lv\/produkts\/tvaiceta-mitra-bariba-kennels-favourite-titars-10x395g\/","url":"https:\/\/miumjau.ee\/lv\/produkts\/tvaiceta-mitra-bariba-kennels-favourite-titars-10x395g\/","name":"Tvaic\u0113ta mitr\u0101 bar\u012bba Kennel's Favourite, t\u012btars 10x395g - MiuMjau","isPartOf":{"@id":"https:\/\/miumjau.ee\/#website"},"primaryImageOfPage":{"@id":"https:\/\/miumjau.ee\/lv\/produkts\/tvaiceta-mitra-bariba-kennels-favourite-titars-10x395g\/#primaryimage"},"image":{"@id":"https:\/\/miumjau.ee\/lv\/produkts\/tvaiceta-mitra-bariba-kennels-favourite-titars-10x395g\/#primaryimage"},"thumbnailUrl":"https:\/\/miumjau.ee\/wp-content\/uploads\/2025\/07\/kennels-favourite-10pakk3-1.jpg","datePublished":"2025-07-15T11:02:45+00:00","dateModified":"2026-01-07T19:23:24+00:00","breadcrumb":{"@id":"https:\/\/miumjau.ee\/lv\/produkts\/tvaiceta-mitra-bariba-kennels-favourite-titars-10x395g\/#breadcrumb"},"inLanguage":"lv-LV","potentialAction":[{"@type":"ReadAction","target":["https:\/\/miumjau.ee\/lv\/produkts\/tvaiceta-mitra-bariba-kennels-favourite-titars-10x395g\/"]}]},{"@type":"ImageObject","inLanguage":"lv-LV","@id":"https:\/\/miumjau.ee\/lv\/produkts\/tvaiceta-mitra-bariba-kennels-favourite-titars-10x395g\/#primaryimage","url":"https:\/\/miumjau.ee\/wp-content\/uploads\/2025\/07\/kennels-favourite-10pakk3-1.jpg","contentUrl":"https:\/\/miumjau.ee\/wp-content\/uploads\/2025\/07\/kennels-favourite-10pakk3-1.jpg","width":1200,"height":1600},{"@type":"BreadcrumbList","@id":"https:\/\/miumjau.ee\/lv\/produkts\/tvaiceta-mitra-bariba-kennels-favourite-titars-10x395g\/#breadcrumb","itemListElement":[{"@type":"ListItem","position":1,"name":"Home","item":"https:\/\/miumjau.ee\/lv\/"},{"@type":"ListItem","position":2,"name":"Veikals","item":"https:\/\/miumjau.ee\/lv\/veikals\/"},{"@type":"ListItem","position":3,"name":"Tvaic\u0113ta mitr\u0101 bar\u012bba Kennel&#8217;s Favourite, t\u012btars 10x395g"}]},{"@type":"WebSite","@id":"https:\/\/miumjau.ee\/#website","url":"https:\/\/miumjau.ee\/","name":"MiuMjau","description":"Kraapimispuud kassidele","publisher":{"@id":"https:\/\/miumjau.ee\/#organization"},"potentialAction":[{"@type":"SearchAction","target":{"@type":"EntryPoint","urlTemplate":"https:\/\/miumjau.ee\/?s={search_term_string}"},"query-input":{"@type":"PropertyValueSpecification","valueRequired":true,"valueName":"search_term_string"}}],"inLanguage":"lv-LV"},{"@type":"Organization","@id":"https:\/\/miumjau.ee\/#organization","name":"MiuMjau O\u00dc","url":"https:\/\/miumjau.ee\/","logo":{"@type":"ImageObject","inLanguage":"lv-LV","@id":"https:\/\/miumjau.ee\/#\/schema\/logo\/image\/","url":"https:\/\/miumjau.ee\/wp-content\/uploads\/2022\/04\/MiuMjau-logo-kollane.png","contentUrl":"https:\/\/miumjau.ee\/wp-content\/uploads\/2022\/04\/MiuMjau-logo-kollane.png","width":219,"height":100,"caption":"MiuMjau O\u00dc"},"image":{"@id":"https:\/\/miumjau.ee\/#\/schema\/logo\/image\/"},"sameAs":["https:\/\/www.facebook.com\/miumjaupood\/"]}]}},"_links":{"self":[{"href":"https:\/\/miumjau.ee\/lv\/wp-json\/wp\/v2\/product\/45794","targetHints":{"allow":["GET"]}}],"collection":[{"href":"https:\/\/miumjau.ee\/lv\/wp-json\/wp\/v2\/product"}],"about":[{"href":"https:\/\/miumjau.ee\/lv\/wp-json\/wp\/v2\/types\/product"}],"wp:featuredmedia":[{"embeddable":true,"href":"https:\/\/miumjau.ee\/lv\/wp-json\/wp\/v2\/media\/45790"}],"wp:attachment":[{"href":"https:\/\/miumjau.ee\/lv\/wp-json\/wp\/v2\/media?parent=45794"}],"wp:term":[{"taxonomy":"product_brand","embeddable":true,"href":"https:\/\/miumjau.ee\/lv\/wp-json\/wp\/v2\/product_brand?post=45794"},{"taxonomy":"product_cat","embeddable":true,"href":"https:\/\/miumjau.ee\/lv\/wp-json\/wp\/v2\/product_cat?post=45794"},{"taxonomy":"product_tag","embeddable":true,"href":"https:\/\/miumjau.ee\/lv\/wp-json\/wp\/v2\/product_tag?post=45794"}],"curies":[{"name":"wp","href":"https:\/\/api.w.org\/{rel}","templated":true}]}}