{"id":45738,"date":"2025-07-15T14:02:38","date_gmt":"2025-07-15T11:02:38","guid":{"rendered":"https:\/\/miumjau.ee\/toode\/kennels-favourite-tvaiceta-mitra-bariba-pile-10x-395g\/"},"modified":"2026-01-07T21:23:40","modified_gmt":"2026-01-07T19:23:40","slug":"kennels-favourite-tvaiceta-mitra-bariba-pile-10x-395g","status":"publish","type":"product","link":"https:\/\/miumjau.ee\/lv\/produkts\/kennels-favourite-tvaiceta-mitra-bariba-pile-10x-395g\/","title":{"rendered":"Kennel&#8217;s Favourite Tvaic\u0113ta Mitr\u0101 Bar\u012bba, P\u012ble 10x 395g"},"content":{"rendered":"","protected":false},"excerpt":{"rendered":"<p data-start=\"4560\" data-end=\"4895\">Kennels&#8217; Favourite\u00ae tvaic\u0113ta mitr\u0101 bar\u012bba ir piln\u012bgi dab\u012bga, bez graudiem un sabalans\u0113ta mitr\u0101 su\u0146u bar\u012bba, kas satur 70 % \u012bstas, viet\u0113ji ieg\u016btas ga\u013cas. Maigi tvaic\u0113ta, piem\u0113rota vis\u0101m \u0161\u0137irn\u0113m un vecuma grup\u0101m. Bag\u0101tin\u0101ta ar svar\u012bgiem vitam\u012bniem, miner\u0101lviel\u0101m un e\u013c\u013c\u0101m. Nesatur m\u0101ksl\u012bgas kr\u0101svielas, konservantus vai aromatiz\u0113t\u0101jus.<\/p>\n<p data-start=\"4897\" data-end=\"5044\">\u2705 100 % dab\u012bgas sast\u0101vda\u013cas<br data-start=\"4924\" data-end=\"4927\" \/>\u2705 Viena olbaltumvielu avots<br data-start=\"4954\" data-end=\"4957\" \/>\u2705 BEZ GRAUDIEM<br data-start=\"4971\" data-end=\"4974\" \/>\u2705 Nesatur m\u0101ksl\u012bgas kr\u0101svielas, aromatiz\u0113t\u0101jus, soju, olas vai pienu<\/p>\n<p data-start=\"5046\" data-end=\"5281\"><strong data-start=\"5046\" data-end=\"5062\">Sast\u0101vda\u013cas:<\/strong> P\u012ble 70 %, kalt\u0113ti burk\u0101nu p\u0101rslas, svaigi kartupe\u013cu gabali\u0146i, dehidr\u0113ti za\u013cie zirn\u012b\u0161i, \u017e\u0101v\u0113ts tom\u0101tu koncentr\u0101ts, saulespu\u0137u e\u013c\u013ca (Omega-6 avots), lasis e\u013c\u013ca (Omega-3 avots), vitam\u012bni un miner\u0101lvielas. 114 Kcal\/100g<\/p>\n<p data-start=\"5283\" data-end=\"5582\"><strong data-start=\"5283\" data-end=\"5303\">Papildvielas\/kg:<\/strong> A vitam\u012bns 2 250 IU, D3 vitam\u012bns 328 IU, E vitam\u012bns 26 mg, biot\u012bns 60 \u00b5g. Miner\u0101li: cinka sulf\u0101ta monohidr\u0101ts 24,0 mg, dzelzs sulf\u0101ta monohidr\u0101ts 12,5 mg, vara sulf\u0101ta pentahidr\u0101ts 2,50 mg, mang\u0101na sulf\u0101ta monohidr\u0101ts 2,00 mg, kalcija jod\u0101ts 0,45 mg, n\u0101trija selen\u012bts 0,04 mg.<\/p>\n<p data-start=\"5584\" data-end=\"5707\"><strong data-start=\"5584\" data-end=\"5612\">Anal\u012btiskie sast\u0101vda\u013cas:<\/strong> Olbaltumvielas 9 %, tauki 12 %, neorganiskas vielas 2,5 %, \u0161\u0137iedrvielas 0,5 %, mitrums 70 %.<\/p>\n<p data-start=\"5709\" data-end=\"5744\"><strong data-start=\"5709\" data-end=\"5742\">Ikdienas baro\u0161anas ieteikumi:<\/strong><\/p>\n<div class=\"_tableContainer_1rjym_1\">\n<div class=\"group _tableWrapper_1rjym_13 flex w-fit flex-col-reverse\" tabindex=\"-1\">\n<table class=\"w-fit min-w-(--thread-content-width)\" data-start=\"5745\" data-end=\"6084\">\n<thead data-start=\"5745\" data-end=\"5804\">\n<tr data-start=\"5745\" data-end=\"5804\">\n<th data-start=\"5745\" data-end=\"5759\" data-col-size=\"sm\">Su\u0146a izm\u0113rs<\/th>\n<th data-start=\"5759\" data-end=\"5767\" data-col-size=\"sm\">Svars<\/th>\n<th data-start=\"5767\" data-end=\"5788\" data-col-size=\"sm\">Tikai mitr\u0101 bar\u012bba<\/th>\n<th data-start=\"5788\" data-end=\"5804\" data-col-size=\"sm\">M+K bar\u012bba<\/th>\n<\/tr>\n<\/thead>\n<tbody data-start=\"5825\" data-end=\"6084\">\n<tr data-start=\"5825\" data-end=\"5875\">\n<td data-start=\"5825\" data-end=\"5832\" data-col-size=\"sm\">Mazs<\/td>\n<td data-start=\"5832\" data-end=\"5844\" data-col-size=\"sm\">l\u012bdz 5 kg<\/td>\n<td data-start=\"5844\" data-end=\"5860\" data-col-size=\"sm\">\u00bc \u2013 \u00bd paci\u0146as<\/td>\n<td data-start=\"5860\" data-end=\"5875\" data-col-size=\"sm\">\u00bc paci\u0146as<\/td>\n<\/tr>\n<tr data-start=\"5876\" data-end=\"5924\">\n<td data-start=\"5876\" data-end=\"5883\" data-col-size=\"sm\">Mazs<\/td>\n<td data-start=\"5883\" data-end=\"5893\" data-col-size=\"sm\">5\u201310 kg<\/td>\n<td data-start=\"5893\" data-end=\"5909\" data-col-size=\"sm\">\u00bd \u2013 \u00be paci\u0146as<\/td>\n<td data-start=\"5909\" data-end=\"5924\" data-col-size=\"sm\">\u2153 paci\u0146as<\/td>\n<\/tr>\n<tr data-start=\"5925\" data-end=\"5975\">\n<td data-start=\"5925\" data-end=\"5934\" data-col-size=\"sm\">Vid\u0113js<\/td>\n<td data-start=\"5934\" data-end=\"5945\" data-col-size=\"sm\">10\u201315 kg<\/td>\n<td data-start=\"5945\" data-end=\"5960\" data-col-size=\"sm\">\u00be \u2013 1 paci\u0146a<\/td>\n<td data-start=\"5960\" data-end=\"5975\" data-col-size=\"sm\">\u00bd paci\u0146as<\/td>\n<\/tr>\n<tr data-start=\"5976\" data-end=\"6027\">\n<td data-start=\"5976\" data-end=\"5984\" data-col-size=\"sm\">Liels<\/td>\n<td data-start=\"5984\" data-end=\"5995\" data-col-size=\"sm\">15\u201325 kg<\/td>\n<td data-start=\"5995\" data-end=\"6012\" data-col-size=\"sm\">1 \u2013 1\u00bd paci\u0146as<\/td>\n<td data-start=\"6012\" data-end=\"6027\" data-col-size=\"sm\">\u00be paci\u0146as<\/td>\n<\/tr>\n<tr data-start=\"6028\" data-end=\"6084\">\n<td data-start=\"6028\" data-end=\"6041\" data-col-size=\"sm\">\u013boti liels<\/td>\n<td data-start=\"6041\" data-end=\"6052\" data-col-size=\"sm\">25\u201345 kg<\/td>\n<td data-start=\"6052\" data-end=\"6070\" data-col-size=\"sm\">1\u00bd \u2013 2\u2153 paci\u0146as<\/td>\n<td data-start=\"6070\" data-end=\"6084\" data-col-size=\"sm\">1 paci\u0146a<\/td>\n<\/tr>\n<\/tbody>\n<\/table>\n<\/div>\n<\/div>\n<p data-start=\"6086\" data-end=\"6317\"><strong data-start=\"6086\" data-end=\"6098\">Svar\u012bgi:<\/strong><br data-start=\"6098\" data-end=\"6101\" \/>\u2714 Vienm\u0113r nodro\u0161iniet svaigu dzeramo \u016bdeni.<br data-start=\"6144\" data-end=\"6147\" \/>\u2714 Glab\u0101jiet v\u0113s\u0101, saus\u0101 viet\u0101, prom no tie\u0161iem saules stariem.<br data-start=\"6209\" data-end=\"6212\" \/>\u2714 Atv\u0113rtu iepakojumu uzglab\u0101t ledusskap\u012b un izlietot 48 stundu laik\u0101.<br data-start=\"6281\" data-end=\"6284\" \/>\u2714 Pasniegt istabas temperat\u016br\u0101.<\/p>\n<p data-start=\"6319\" data-end=\"6347\"><strong data-start=\"6319\" data-end=\"6334\">Neto svars:<\/strong> 10 x 395 g<\/p>\n","protected":false},"featured_media":45739,"template":"","meta":[],"product_brand":[],"product_cat":[573,577],"product_tag":[],"class_list":{"0":"post-45738","1":"product","2":"type-product","3":"status-publish","4":"has-post-thumbnail","6":"product_cat-kaup24-lv","7":"product_cat-mitra-bariba-suniem","9":"first","10":"instock","11":"sale","12":"featured","13":"taxable","14":"shipping-taxable","15":"purchasable","16":"product-type-simple"},"yoast_head":"<!-- This site is optimized with the Yoast SEO plugin v27.4 - https:\/\/yoast.com\/product\/yoast-seo-wordpress\/ -->\n<title>Kennel&#039;s Favourite Tvaic\u0113ta Mitr\u0101 Bar\u012bba, P\u012ble 10x 395g - MiuMjau<\/title>\n<meta name=\"robots\" content=\"index, follow, max-snippet:-1, max-image-preview:large, max-video-preview:-1\" \/>\n<link rel=\"canonical\" href=\"https:\/\/miumjau.ee\/lv\/produkts\/kennels-favourite-tvaiceta-mitra-bariba-pile-10x-395g\/\" \/>\n<meta property=\"og:locale\" content=\"lv_LV\" \/>\n<meta property=\"og:type\" content=\"article\" \/>\n<meta property=\"og:title\" content=\"Kennel&#039;s Favourite Tvaic\u0113ta Mitr\u0101 Bar\u012bba, P\u012ble 10x 395g - MiuMjau\" \/>\n<meta property=\"og:description\" content=\"Kennels&#039; Favourite\u00ae tvaic\u0113ta mitr\u0101 bar\u012bba ir piln\u012bgi dab\u012bga, bez graudiem un sabalans\u0113ta mitr\u0101 su\u0146u bar\u012bba, kas satur 70 % \u012bstas, viet\u0113ji ieg\u016btas ga\u013cas. Maigi tvaic\u0113ta, piem\u0113rota vis\u0101m \u0161\u0137irn\u0113m un vecuma grup\u0101m. Bag\u0101tin\u0101ta ar svar\u012bgiem vitam\u012bniem, miner\u0101lviel\u0101m un e\u013c\u013c\u0101m. Nesatur m\u0101ksl\u012bgas kr\u0101svielas, konservantus vai aromatiz\u0113t\u0101jus. \u2705 100 % dab\u012bgas sast\u0101vda\u013cas\u2705 Viena olbaltumvielu avots\u2705 BEZ GRAUDIEM\u2705 Nesatur m\u0101ksl\u012bgas kr\u0101svielas, aromatiz\u0113t\u0101jus, soju, olas vai pienu Sast\u0101vda\u013cas: P\u012ble 70 %, kalt\u0113ti burk\u0101nu p\u0101rslas, svaigi kartupe\u013cu gabali\u0146i, dehidr\u0113ti za\u013cie zirn\u012b\u0161i, \u017e\u0101v\u0113ts tom\u0101tu koncentr\u0101ts, saulespu\u0137u e\u013c\u013ca (Omega-6 avots), lasis e\u013c\u013ca (Omega-3 avots), vitam\u012bni un miner\u0101lvielas. 114 Kcal\/100g Papildvielas\/kg: A vitam\u012bns 2 250 IU, D3 vitam\u012bns 328 IU, E vitam\u012bns 26 mg, biot\u012bns 60 \u00b5g. Miner\u0101li: cinka sulf\u0101ta monohidr\u0101ts 24,0 mg, dzelzs sulf\u0101ta monohidr\u0101ts 12,5 mg, vara sulf\u0101ta pentahidr\u0101ts 2,50 mg, mang\u0101na sulf\u0101ta monohidr\u0101ts 2,00 mg, kalcija jod\u0101ts 0,45 mg, n\u0101trija selen\u012bts 0,04 mg. Anal\u012btiskie sast\u0101vda\u013cas: Olbaltumvielas 9 %, tauki 12 %, neorganiskas vielas 2,5 %, \u0161\u0137iedrvielas 0,5 %, mitrums 70 %. Ikdienas baro\u0161anas ieteikumi:       Su\u0146a izm\u0113rs Svars Tikai mitr\u0101 bar\u012bba M+K bar\u012bba     Mazs l\u012bdz 5 kg \u00bc \u2013 \u00bd paci\u0146as \u00bc paci\u0146as   Mazs 5\u201310 kg \u00bd \u2013 \u00be paci\u0146as \u2153 paci\u0146as   Vid\u0113js 10\u201315 kg \u00be \u2013 1 paci\u0146a \u00bd paci\u0146as   Liels 15\u201325 kg 1 \u2013 1\u00bd paci\u0146as \u00be paci\u0146as   \u013boti liels 25\u201345 kg 1\u00bd \u2013 2\u2153 paci\u0146as 1 paci\u0146a      Svar\u012bgi:\u2714 Vienm\u0113r nodro\u0161iniet svaigu dzeramo \u016bdeni.\u2714 Glab\u0101jiet v\u0113s\u0101, saus\u0101 viet\u0101, prom no tie\u0161iem saules stariem.\u2714 Atv\u0113rtu iepakojumu uzglab\u0101t ledusskap\u012b un izlietot 48 stundu laik\u0101.\u2714 Pasniegt istabas temperat\u016br\u0101. Neto svars: 10 x 395 g\" \/>\n<meta property=\"og:url\" content=\"https:\/\/miumjau.ee\/lv\/produkts\/kennels-favourite-tvaiceta-mitra-bariba-pile-10x-395g\/\" \/>\n<meta property=\"og:site_name\" content=\"MiuMjau\" \/>\n<meta property=\"article:publisher\" content=\"https:\/\/www.facebook.com\/miumjaupood\/\" \/>\n<meta property=\"article:modified_time\" content=\"2026-01-07T19:23:40+00:00\" \/>\n<meta property=\"og:image\" content=\"https:\/\/miumjau.ee\/wp-content\/uploads\/2025\/07\/kennels-favourite-10pakk1.jpg\" \/>\n\t<meta property=\"og:image:width\" content=\"1200\" \/>\n\t<meta property=\"og:image:height\" content=\"1600\" \/>\n\t<meta property=\"og:image:type\" content=\"image\/jpeg\" \/>\n<meta name=\"twitter:card\" content=\"summary_large_image\" \/>\n<script type=\"application\/ld+json\" class=\"yoast-schema-graph\">{\"@context\":\"https:\\\/\\\/schema.org\",\"@graph\":[{\"@type\":\"WebPage\",\"@id\":\"https:\\\/\\\/miumjau.ee\\\/lv\\\/produkts\\\/kennels-favourite-tvaiceta-mitra-bariba-pile-10x-395g\\\/\",\"url\":\"https:\\\/\\\/miumjau.ee\\\/lv\\\/produkts\\\/kennels-favourite-tvaiceta-mitra-bariba-pile-10x-395g\\\/\",\"name\":\"Kennel's Favourite Tvaic\u0113ta Mitr\u0101 Bar\u012bba, P\u012ble 10x 395g - MiuMjau\",\"isPartOf\":{\"@id\":\"https:\\\/\\\/miumjau.ee\\\/#website\"},\"primaryImageOfPage\":{\"@id\":\"https:\\\/\\\/miumjau.ee\\\/lv\\\/produkts\\\/kennels-favourite-tvaiceta-mitra-bariba-pile-10x-395g\\\/#primaryimage\"},\"image\":{\"@id\":\"https:\\\/\\\/miumjau.ee\\\/lv\\\/produkts\\\/kennels-favourite-tvaiceta-mitra-bariba-pile-10x-395g\\\/#primaryimage\"},\"thumbnailUrl\":\"https:\\\/\\\/miumjau.ee\\\/wp-content\\\/uploads\\\/2025\\\/07\\\/kennels-favourite-10pakk1.jpg\",\"datePublished\":\"2025-07-15T11:02:38+00:00\",\"dateModified\":\"2026-01-07T19:23:40+00:00\",\"breadcrumb\":{\"@id\":\"https:\\\/\\\/miumjau.ee\\\/lv\\\/produkts\\\/kennels-favourite-tvaiceta-mitra-bariba-pile-10x-395g\\\/#breadcrumb\"},\"inLanguage\":\"lv-LV\",\"potentialAction\":[{\"@type\":\"ReadAction\",\"target\":[\"https:\\\/\\\/miumjau.ee\\\/lv\\\/produkts\\\/kennels-favourite-tvaiceta-mitra-bariba-pile-10x-395g\\\/\"]}]},{\"@type\":\"ImageObject\",\"inLanguage\":\"lv-LV\",\"@id\":\"https:\\\/\\\/miumjau.ee\\\/lv\\\/produkts\\\/kennels-favourite-tvaiceta-mitra-bariba-pile-10x-395g\\\/#primaryimage\",\"url\":\"https:\\\/\\\/miumjau.ee\\\/wp-content\\\/uploads\\\/2025\\\/07\\\/kennels-favourite-10pakk1.jpg\",\"contentUrl\":\"https:\\\/\\\/miumjau.ee\\\/wp-content\\\/uploads\\\/2025\\\/07\\\/kennels-favourite-10pakk1.jpg\",\"width\":1200,\"height\":1600},{\"@type\":\"BreadcrumbList\",\"@id\":\"https:\\\/\\\/miumjau.ee\\\/lv\\\/produkts\\\/kennels-favourite-tvaiceta-mitra-bariba-pile-10x-395g\\\/#breadcrumb\",\"itemListElement\":[{\"@type\":\"ListItem\",\"position\":1,\"name\":\"Home\",\"item\":\"https:\\\/\\\/miumjau.ee\\\/lv\\\/\"},{\"@type\":\"ListItem\",\"position\":2,\"name\":\"Veikals\",\"item\":\"https:\\\/\\\/miumjau.ee\\\/lv\\\/veikals\\\/\"},{\"@type\":\"ListItem\",\"position\":3,\"name\":\"Kennel&#8217;s Favourite Tvaic\u0113ta Mitr\u0101 Bar\u012bba, P\u012ble 10x 395g\"}]},{\"@type\":\"WebSite\",\"@id\":\"https:\\\/\\\/miumjau.ee\\\/#website\",\"url\":\"https:\\\/\\\/miumjau.ee\\\/\",\"name\":\"MiuMjau\",\"description\":\"Kraapimispuud kassidele\",\"publisher\":{\"@id\":\"https:\\\/\\\/miumjau.ee\\\/#organization\"},\"potentialAction\":[{\"@type\":\"SearchAction\",\"target\":{\"@type\":\"EntryPoint\",\"urlTemplate\":\"https:\\\/\\\/miumjau.ee\\\/?s={search_term_string}\"},\"query-input\":{\"@type\":\"PropertyValueSpecification\",\"valueRequired\":true,\"valueName\":\"search_term_string\"}}],\"inLanguage\":\"lv-LV\"},{\"@type\":\"Organization\",\"@id\":\"https:\\\/\\\/miumjau.ee\\\/#organization\",\"name\":\"MiuMjau O\u00dc\",\"url\":\"https:\\\/\\\/miumjau.ee\\\/\",\"logo\":{\"@type\":\"ImageObject\",\"inLanguage\":\"lv-LV\",\"@id\":\"https:\\\/\\\/miumjau.ee\\\/#\\\/schema\\\/logo\\\/image\\\/\",\"url\":\"https:\\\/\\\/miumjau.ee\\\/wp-content\\\/uploads\\\/2022\\\/04\\\/MiuMjau-logo-kollane.png\",\"contentUrl\":\"https:\\\/\\\/miumjau.ee\\\/wp-content\\\/uploads\\\/2022\\\/04\\\/MiuMjau-logo-kollane.png\",\"width\":219,\"height\":100,\"caption\":\"MiuMjau O\u00dc\"},\"image\":{\"@id\":\"https:\\\/\\\/miumjau.ee\\\/#\\\/schema\\\/logo\\\/image\\\/\"},\"sameAs\":[\"https:\\\/\\\/www.facebook.com\\\/miumjaupood\\\/\"]}]}<\/script>\n<!-- \/ Yoast SEO plugin. -->","yoast_head_json":{"title":"Kennel's Favourite Tvaic\u0113ta Mitr\u0101 Bar\u012bba, P\u012ble 10x 395g - MiuMjau","robots":{"index":"index","follow":"follow","max-snippet":"max-snippet:-1","max-image-preview":"max-image-preview:large","max-video-preview":"max-video-preview:-1"},"canonical":"https:\/\/miumjau.ee\/lv\/produkts\/kennels-favourite-tvaiceta-mitra-bariba-pile-10x-395g\/","og_locale":"lv_LV","og_type":"article","og_title":"Kennel's Favourite Tvaic\u0113ta Mitr\u0101 Bar\u012bba, P\u012ble 10x 395g - MiuMjau","og_description":"Kennels' Favourite\u00ae tvaic\u0113ta mitr\u0101 bar\u012bba ir piln\u012bgi dab\u012bga, bez graudiem un sabalans\u0113ta mitr\u0101 su\u0146u bar\u012bba, kas satur 70 % \u012bstas, viet\u0113ji ieg\u016btas ga\u013cas. Maigi tvaic\u0113ta, piem\u0113rota vis\u0101m \u0161\u0137irn\u0113m un vecuma grup\u0101m. Bag\u0101tin\u0101ta ar svar\u012bgiem vitam\u012bniem, miner\u0101lviel\u0101m un e\u013c\u013c\u0101m. Nesatur m\u0101ksl\u012bgas kr\u0101svielas, konservantus vai aromatiz\u0113t\u0101jus. \u2705 100 % dab\u012bgas sast\u0101vda\u013cas\u2705 Viena olbaltumvielu avots\u2705 BEZ GRAUDIEM\u2705 Nesatur m\u0101ksl\u012bgas kr\u0101svielas, aromatiz\u0113t\u0101jus, soju, olas vai pienu Sast\u0101vda\u013cas: P\u012ble 70 %, kalt\u0113ti burk\u0101nu p\u0101rslas, svaigi kartupe\u013cu gabali\u0146i, dehidr\u0113ti za\u013cie zirn\u012b\u0161i, \u017e\u0101v\u0113ts tom\u0101tu koncentr\u0101ts, saulespu\u0137u e\u013c\u013ca (Omega-6 avots), lasis e\u013c\u013ca (Omega-3 avots), vitam\u012bni un miner\u0101lvielas. 114 Kcal\/100g Papildvielas\/kg: A vitam\u012bns 2 250 IU, D3 vitam\u012bns 328 IU, E vitam\u012bns 26 mg, biot\u012bns 60 \u00b5g. Miner\u0101li: cinka sulf\u0101ta monohidr\u0101ts 24,0 mg, dzelzs sulf\u0101ta monohidr\u0101ts 12,5 mg, vara sulf\u0101ta pentahidr\u0101ts 2,50 mg, mang\u0101na sulf\u0101ta monohidr\u0101ts 2,00 mg, kalcija jod\u0101ts 0,45 mg, n\u0101trija selen\u012bts 0,04 mg. Anal\u012btiskie sast\u0101vda\u013cas: Olbaltumvielas 9 %, tauki 12 %, neorganiskas vielas 2,5 %, \u0161\u0137iedrvielas 0,5 %, mitrums 70 %. Ikdienas baro\u0161anas ieteikumi:       Su\u0146a izm\u0113rs Svars Tikai mitr\u0101 bar\u012bba M+K bar\u012bba     Mazs l\u012bdz 5 kg \u00bc \u2013 \u00bd paci\u0146as \u00bc paci\u0146as   Mazs 5\u201310 kg \u00bd \u2013 \u00be paci\u0146as \u2153 paci\u0146as   Vid\u0113js 10\u201315 kg \u00be \u2013 1 paci\u0146a \u00bd paci\u0146as   Liels 15\u201325 kg 1 \u2013 1\u00bd paci\u0146as \u00be paci\u0146as   \u013boti liels 25\u201345 kg 1\u00bd \u2013 2\u2153 paci\u0146as 1 paci\u0146a      Svar\u012bgi:\u2714 Vienm\u0113r nodro\u0161iniet svaigu dzeramo \u016bdeni.\u2714 Glab\u0101jiet v\u0113s\u0101, saus\u0101 viet\u0101, prom no tie\u0161iem saules stariem.\u2714 Atv\u0113rtu iepakojumu uzglab\u0101t ledusskap\u012b un izlietot 48 stundu laik\u0101.\u2714 Pasniegt istabas temperat\u016br\u0101. Neto svars: 10 x 395 g","og_url":"https:\/\/miumjau.ee\/lv\/produkts\/kennels-favourite-tvaiceta-mitra-bariba-pile-10x-395g\/","og_site_name":"MiuMjau","article_publisher":"https:\/\/www.facebook.com\/miumjaupood\/","article_modified_time":"2026-01-07T19:23:40+00:00","og_image":[{"width":1200,"height":1600,"url":"https:\/\/miumjau.ee\/wp-content\/uploads\/2025\/07\/kennels-favourite-10pakk1.jpg","type":"image\/jpeg"}],"twitter_card":"summary_large_image","schema":{"@context":"https:\/\/schema.org","@graph":[{"@type":"WebPage","@id":"https:\/\/miumjau.ee\/lv\/produkts\/kennels-favourite-tvaiceta-mitra-bariba-pile-10x-395g\/","url":"https:\/\/miumjau.ee\/lv\/produkts\/kennels-favourite-tvaiceta-mitra-bariba-pile-10x-395g\/","name":"Kennel's Favourite Tvaic\u0113ta Mitr\u0101 Bar\u012bba, P\u012ble 10x 395g - MiuMjau","isPartOf":{"@id":"https:\/\/miumjau.ee\/#website"},"primaryImageOfPage":{"@id":"https:\/\/miumjau.ee\/lv\/produkts\/kennels-favourite-tvaiceta-mitra-bariba-pile-10x-395g\/#primaryimage"},"image":{"@id":"https:\/\/miumjau.ee\/lv\/produkts\/kennels-favourite-tvaiceta-mitra-bariba-pile-10x-395g\/#primaryimage"},"thumbnailUrl":"https:\/\/miumjau.ee\/wp-content\/uploads\/2025\/07\/kennels-favourite-10pakk1.jpg","datePublished":"2025-07-15T11:02:38+00:00","dateModified":"2026-01-07T19:23:40+00:00","breadcrumb":{"@id":"https:\/\/miumjau.ee\/lv\/produkts\/kennels-favourite-tvaiceta-mitra-bariba-pile-10x-395g\/#breadcrumb"},"inLanguage":"lv-LV","potentialAction":[{"@type":"ReadAction","target":["https:\/\/miumjau.ee\/lv\/produkts\/kennels-favourite-tvaiceta-mitra-bariba-pile-10x-395g\/"]}]},{"@type":"ImageObject","inLanguage":"lv-LV","@id":"https:\/\/miumjau.ee\/lv\/produkts\/kennels-favourite-tvaiceta-mitra-bariba-pile-10x-395g\/#primaryimage","url":"https:\/\/miumjau.ee\/wp-content\/uploads\/2025\/07\/kennels-favourite-10pakk1.jpg","contentUrl":"https:\/\/miumjau.ee\/wp-content\/uploads\/2025\/07\/kennels-favourite-10pakk1.jpg","width":1200,"height":1600},{"@type":"BreadcrumbList","@id":"https:\/\/miumjau.ee\/lv\/produkts\/kennels-favourite-tvaiceta-mitra-bariba-pile-10x-395g\/#breadcrumb","itemListElement":[{"@type":"ListItem","position":1,"name":"Home","item":"https:\/\/miumjau.ee\/lv\/"},{"@type":"ListItem","position":2,"name":"Veikals","item":"https:\/\/miumjau.ee\/lv\/veikals\/"},{"@type":"ListItem","position":3,"name":"Kennel&#8217;s Favourite Tvaic\u0113ta Mitr\u0101 Bar\u012bba, P\u012ble 10x 395g"}]},{"@type":"WebSite","@id":"https:\/\/miumjau.ee\/#website","url":"https:\/\/miumjau.ee\/","name":"MiuMjau","description":"Kraapimispuud kassidele","publisher":{"@id":"https:\/\/miumjau.ee\/#organization"},"potentialAction":[{"@type":"SearchAction","target":{"@type":"EntryPoint","urlTemplate":"https:\/\/miumjau.ee\/?s={search_term_string}"},"query-input":{"@type":"PropertyValueSpecification","valueRequired":true,"valueName":"search_term_string"}}],"inLanguage":"lv-LV"},{"@type":"Organization","@id":"https:\/\/miumjau.ee\/#organization","name":"MiuMjau O\u00dc","url":"https:\/\/miumjau.ee\/","logo":{"@type":"ImageObject","inLanguage":"lv-LV","@id":"https:\/\/miumjau.ee\/#\/schema\/logo\/image\/","url":"https:\/\/miumjau.ee\/wp-content\/uploads\/2022\/04\/MiuMjau-logo-kollane.png","contentUrl":"https:\/\/miumjau.ee\/wp-content\/uploads\/2022\/04\/MiuMjau-logo-kollane.png","width":219,"height":100,"caption":"MiuMjau O\u00dc"},"image":{"@id":"https:\/\/miumjau.ee\/#\/schema\/logo\/image\/"},"sameAs":["https:\/\/www.facebook.com\/miumjaupood\/"]}]}},"_links":{"self":[{"href":"https:\/\/miumjau.ee\/lv\/wp-json\/wp\/v2\/product\/45738","targetHints":{"allow":["GET"]}}],"collection":[{"href":"https:\/\/miumjau.ee\/lv\/wp-json\/wp\/v2\/product"}],"about":[{"href":"https:\/\/miumjau.ee\/lv\/wp-json\/wp\/v2\/types\/product"}],"wp:featuredmedia":[{"embeddable":true,"href":"https:\/\/miumjau.ee\/lv\/wp-json\/wp\/v2\/media\/45739"}],"wp:attachment":[{"href":"https:\/\/miumjau.ee\/lv\/wp-json\/wp\/v2\/media?parent=45738"}],"wp:term":[{"taxonomy":"product_brand","embeddable":true,"href":"https:\/\/miumjau.ee\/lv\/wp-json\/wp\/v2\/product_brand?post=45738"},{"taxonomy":"product_cat","embeddable":true,"href":"https:\/\/miumjau.ee\/lv\/wp-json\/wp\/v2\/product_cat?post=45738"},{"taxonomy":"product_tag","embeddable":true,"href":"https:\/\/miumjau.ee\/lv\/wp-json\/wp\/v2\/product_tag?post=45738"}],"curies":[{"name":"wp","href":"https:\/\/api.w.org\/{rel}","templated":true}]}}