{"id":45676,"date":"2025-11-24T20:47:40","date_gmt":"2025-11-24T18:47:40","guid":{"rendered":"https:\/\/miumjau.ee\/toode\/ibero-natural-auksti-preseta-bariba-m-l-adult-ar-jeru-3-kg\/"},"modified":"2026-01-07T21:23:47","modified_gmt":"2026-01-07T19:23:47","slug":"ibero-natural-auksti-preseta-bariba-m-l-adult-ar-jeru-3-kg","status":"publish","type":"product","link":"https:\/\/miumjau.ee\/lv\/produkts\/ibero-natural-auksti-preseta-bariba-m-l-adult-ar-jeru-3-kg\/","title":{"rendered":"Ibero Natural auksti pres\u0113ta bar\u012bba M\/L Adult ar j\u0113ru 3 kg"},"content":{"rendered":"","protected":false},"excerpt":{"rendered":"<p data-start=\"5256\" data-end=\"5398\">Pilnv\u0113rt\u012bga auksti pres\u0113ta bar\u012bba, kas satur visas nepiecie\u0161am\u0101s uzturvielas vid\u0113ja un liela izm\u0113ra pieaugu\u0161iem su\u0146iem (ar liel\u0101k\u0101m granul\u0101m).<\/p>\n<p data-start=\"5400\" data-end=\"5442\">T\u0101 \u0146em v\u0113r\u0101 \u0161o \u0161\u0137ir\u0146u vajadz\u012bbas, tostarp:<\/p>\n<ul data-start=\"5444\" data-end=\"5900\">\n<li data-start=\"5444\" data-end=\"5578\">\n<p data-start=\"5446\" data-end=\"5578\">\u013coti koncentr\u0113ts sast\u0101vs \u2013 suns sa\u0146em viegli sagremojamas uzturvielas maz\u0101k\u0101 porcij\u0101, kas b\u016btiski samazina ku\u0146\u0123a sagrie\u0161an\u0101s risku<\/p>\n<\/li>\n<li data-start=\"5579\" data-end=\"5674\">\n<p data-start=\"5581\" data-end=\"5674\">bag\u0101t\u012bga gar\u0161a, pateicoties dab\u012bgo uzturvielu un arom\u0101tu saglab\u0101\u0161anai, kas veicina \u0113stgribu<\/p>\n<\/li>\n<li data-start=\"5675\" data-end=\"5724\">\n<p data-start=\"5677\" data-end=\"5724\">glikozam\u012bns un hondroit\u012bns loc\u012btavu vesel\u012bbai<\/p>\n<\/li>\n<li data-start=\"5725\" data-end=\"5765\">\n<p data-start=\"5727\" data-end=\"5765\">beta-glik\u0101ni im\u016bnsist\u0113mas l\u012bdzsvaram<\/p>\n<\/li>\n<li data-start=\"5766\" data-end=\"5849\">\n<p data-start=\"5768\" data-end=\"5849\">nepies\u0101tin\u0101t\u0101s tauksk\u0101bes iekaisumu mazin\u0101\u0161anai un organisma darb\u012bbas atbalstam<\/p>\n<\/li>\n<li data-start=\"5850\" data-end=\"5900\">\n<p data-start=\"5852\" data-end=\"5900\">biot\u012bns un cinks vesel\u012bgai \u0101dai un apmatojumam<\/p>\n<\/li>\n<\/ul>\n<p data-start=\"5902\" data-end=\"6011\">Pateicoties ra\u017eo\u0161anas tehnolo\u0123ijai, bar\u012bba \u012bpa\u0161i piem\u0113rota akt\u012bviem su\u0146iem, k\u0101 ar\u012b gr\u016bs\u00adn\u0101m un z\u012bdo\u0161\u0101m kuc\u0113m.<\/p>\n<p data-start=\"6013\" data-end=\"6377\"><strong data-start=\"6013\" data-end=\"6025\">Sast\u0101vs:<\/strong> \u017d\u0101v\u0113ta j\u0113ra ga\u013ca (30%), liellopu tauki (14%), \u017e\u0101v\u0113ti bat\u0101tes, \u017e\u0101v\u0113ti kartupe\u013ci, r\u012bsu milti (8%), auzu p\u0101rslas (4%), j\u0113ra aknas (5%), \u017e\u0101v\u0113ts \u0137irbis (2%), \u017e\u0101v\u0113tas j\u0113ra aknas (2%), kukur\u016bzas p\u0101rslas, \u017e\u0101v\u0113ti burk\u0101ni (1,2%), lins\u0113klas, cigori\u0146u ekstrakts, \u017e\u0101v\u0113ti gar\u0161augi, beta-glik\u0101ni, glikozam\u012bns, hondroit\u012bna sulf\u0101ts, vitam\u012bnu un miner\u0101lvielu mais\u012bjums.<\/p>\n<p data-start=\"6379\" data-end=\"6515\"><strong data-start=\"6379\" data-end=\"6404\">Anal\u012btiskais sast\u0101vs:<\/strong> Kopprote\u012bns 24%, koptauki 14%, \u0161\u0137iedra 3,2%, A vitam\u012bns 17 331 SV, kalcijs 1,10%, fosfors 0,85%, 3840 kcal\/kg.<\/p>\n<p data-start=\"6517\" data-end=\"7018\"><strong data-start=\"6517\" data-end=\"6533\">Piedevas\/kg:<\/strong> A vitam\u012bns 17 331 SV, D3 vitam\u012bns 1733 SV, E vitam\u012bns 173 mg, B1 vitam\u012bns 5,09 mg, B2 vitam\u012bns 9 mg, B6 vitam\u012bns 6,9 mg, B12 vitam\u012bns 0,07 mg, C vitam\u012bns 121 mg, niac\u012bns 43,1 mg, pantot\u0113nsk\u0101be 17,8 mg, folijsk\u0101be 0,69 mg, biot\u012bns 0,43 mg, jods 4,6 mg, sel\u0113ns 0,38 mg, dzelzs 101 mg, var\u0161 12,1 mg, cinks 129 mg, mang\u0101ns 12,1 mg, hol\u012bna hlor\u012bds 1872 mg, glikozam\u012bns 404 mg\/kg, hondroit\u012bna sulf\u0101ts 353 mg\/kg. Tehnolo\u0123isk\u0101s piedevas: antioksidanti (tokoferolu bag\u0101ti augu e\u013c\u013cu ekstrakti).<\/p>\n<p data-start=\"7020\" data-end=\"7059\"><strong data-start=\"7020\" data-end=\"7045\">Metabolisk\u0101 ener\u0123ija:<\/strong> 3840 kcal\/kg.<\/p>\n<p data-start=\"7061\" data-end=\"7377\"><strong data-start=\"7061\" data-end=\"7086\">Baro\u0161anas nor\u0101d\u012bjumi:<\/strong> Pak\u0101peniski pieradiniet suni pie \u0161\u012bs bar\u012bbas. Nodro\u0161iniet svaiga \u016bdens pieejam\u012bbu. P\u0101rejot no ekstrud\u0113t\u0101s bar\u012bbas uz auksti pres\u0113to, p\u0101reja j\u0101veic 7\u201310 dien\u0101s, jo bar\u012bbas sagremo\u0161ana at\u0161\u0137iras \u2013 auksti pres\u0113t\u0101 \u0161\u0137\u012bst, ekstrud\u0113t\u0101 piebriest, un p\u0113k\u0161\u0146a mai\u0146a var izrais\u012bt gremo\u0161anas trauc\u0113jumus.<\/p>\n<p data-start=\"7379\" data-end=\"7542\"><strong data-start=\"7379\" data-end=\"7405\">Ieteicam\u0101 dienas deva:<\/strong><br data-start=\"7405\" data-end=\"7408\" \/>10 kg \u2013 125 g; 12 kg \u2013 145 g; 15 kg \u2013 165 g; 20 kg \u2013 220 g; 25 kg \u2013 250 g; 30 kg \u2013 270 g; 35 kg \u2013 300 g; 40 kg \u2013 350 g; 50 kg \u2013 410 g.<\/p>\n","protected":false},"featured_media":44976,"template":"","meta":[],"product_brand":[],"product_cat":[575],"product_tag":[],"class_list":{"0":"post-45676","1":"product","2":"type-product","3":"status-publish","4":"has-post-thumbnail","6":"product_cat-sausa-bariba-suniem","8":"first","9":"instock","10":"sale","11":"taxable","12":"shipping-taxable","13":"purchasable","14":"product-type-simple"},"yoast_head":"<!-- This site is optimized with the Yoast SEO plugin v27.4 - https:\/\/yoast.com\/product\/yoast-seo-wordpress\/ -->\n<title>Ibero Natural auksti pres\u0113ta bar\u012bba M\/L Adult ar j\u0113ru 3 kg - MiuMjau<\/title>\n<meta name=\"robots\" content=\"index, follow, max-snippet:-1, max-image-preview:large, max-video-preview:-1\" \/>\n<link rel=\"canonical\" href=\"https:\/\/miumjau.ee\/lv\/produkts\/ibero-natural-auksti-preseta-bariba-m-l-adult-ar-jeru-3-kg\/\" \/>\n<meta property=\"og:locale\" content=\"lv_LV\" \/>\n<meta property=\"og:type\" content=\"article\" \/>\n<meta property=\"og:title\" content=\"Ibero Natural auksti pres\u0113ta bar\u012bba M\/L Adult ar j\u0113ru 3 kg - MiuMjau\" \/>\n<meta property=\"og:description\" content=\"Pilnv\u0113rt\u012bga auksti pres\u0113ta bar\u012bba, kas satur visas nepiecie\u0161am\u0101s uzturvielas vid\u0113ja un liela izm\u0113ra pieaugu\u0161iem su\u0146iem (ar liel\u0101k\u0101m granul\u0101m). T\u0101 \u0146em v\u0113r\u0101 \u0161o \u0161\u0137ir\u0146u vajadz\u012bbas, tostarp:     \u013coti koncentr\u0113ts sast\u0101vs \u2013 suns sa\u0146em viegli sagremojamas uzturvielas maz\u0101k\u0101 porcij\u0101, kas b\u016btiski samazina ku\u0146\u0123a sagrie\u0161an\u0101s risku    bag\u0101t\u012bga gar\u0161a, pateicoties dab\u012bgo uzturvielu un arom\u0101tu saglab\u0101\u0161anai, kas veicina \u0113stgribu    glikozam\u012bns un hondroit\u012bns loc\u012btavu vesel\u012bbai    beta-glik\u0101ni im\u016bnsist\u0113mas l\u012bdzsvaram    nepies\u0101tin\u0101t\u0101s tauksk\u0101bes iekaisumu mazin\u0101\u0161anai un organisma darb\u012bbas atbalstam    biot\u012bns un cinks vesel\u012bgai \u0101dai un apmatojumam   Pateicoties ra\u017eo\u0161anas tehnolo\u0123ijai, bar\u012bba \u012bpa\u0161i piem\u0113rota akt\u012bviem su\u0146iem, k\u0101 ar\u012b gr\u016bs\u00adn\u0101m un z\u012bdo\u0161\u0101m kuc\u0113m. Sast\u0101vs: \u017d\u0101v\u0113ta j\u0113ra ga\u013ca (30%), liellopu tauki (14%), \u017e\u0101v\u0113ti bat\u0101tes, \u017e\u0101v\u0113ti kartupe\u013ci, r\u012bsu milti (8%), auzu p\u0101rslas (4%), j\u0113ra aknas (5%), \u017e\u0101v\u0113ts \u0137irbis (2%), \u017e\u0101v\u0113tas j\u0113ra aknas (2%), kukur\u016bzas p\u0101rslas, \u017e\u0101v\u0113ti burk\u0101ni (1,2%), lins\u0113klas, cigori\u0146u ekstrakts, \u017e\u0101v\u0113ti gar\u0161augi, beta-glik\u0101ni, glikozam\u012bns, hondroit\u012bna sulf\u0101ts, vitam\u012bnu un miner\u0101lvielu mais\u012bjums. Anal\u012btiskais sast\u0101vs: Kopprote\u012bns 24%, koptauki 14%, \u0161\u0137iedra 3,2%, A vitam\u012bns 17 331 SV, kalcijs 1,10%, fosfors 0,85%, 3840 kcal\/kg. Piedevas\/kg: A vitam\u012bns 17 331 SV, D3 vitam\u012bns 1733 SV, E vitam\u012bns 173 mg, B1 vitam\u012bns 5,09 mg, B2 vitam\u012bns 9 mg, B6 vitam\u012bns 6,9 mg, B12 vitam\u012bns 0,07 mg, C vitam\u012bns 121 mg, niac\u012bns 43,1 mg, pantot\u0113nsk\u0101be 17,8 mg, folijsk\u0101be 0,69 mg, biot\u012bns 0,43 mg, jods 4,6 mg, sel\u0113ns 0,38 mg, dzelzs 101 mg, var\u0161 12,1 mg, cinks 129 mg, mang\u0101ns 12,1 mg, hol\u012bna hlor\u012bds 1872 mg, glikozam\u012bns 404 mg\/kg, hondroit\u012bna sulf\u0101ts 353 mg\/kg. Tehnolo\u0123isk\u0101s piedevas: antioksidanti (tokoferolu bag\u0101ti augu e\u013c\u013cu ekstrakti). Metabolisk\u0101 ener\u0123ija: 3840 kcal\/kg. Baro\u0161anas nor\u0101d\u012bjumi: Pak\u0101peniski pieradiniet suni pie \u0161\u012bs bar\u012bbas. Nodro\u0161iniet svaiga \u016bdens pieejam\u012bbu. P\u0101rejot no ekstrud\u0113t\u0101s bar\u012bbas uz auksti pres\u0113to, p\u0101reja j\u0101veic 7\u201310 dien\u0101s, jo bar\u012bbas sagremo\u0161ana at\u0161\u0137iras \u2013 auksti pres\u0113t\u0101 \u0161\u0137\u012bst, ekstrud\u0113t\u0101 piebriest, un p\u0113k\u0161\u0146a mai\u0146a var izrais\u012bt gremo\u0161anas trauc\u0113jumus. Ieteicam\u0101 dienas deva:10 kg \u2013 125 g; 12 kg \u2013 145 g; 15 kg \u2013 165 g; 20 kg \u2013 220 g; 25 kg \u2013 250 g; 30 kg \u2013 270 g; 35 kg \u2013 300 g; 40 kg \u2013 350 g; 50 kg \u2013 410 g.\" \/>\n<meta property=\"og:url\" content=\"https:\/\/miumjau.ee\/lv\/produkts\/ibero-natural-auksti-preseta-bariba-m-l-adult-ar-jeru-3-kg\/\" \/>\n<meta property=\"og:site_name\" content=\"MiuMjau\" \/>\n<meta property=\"article:publisher\" content=\"https:\/\/www.facebook.com\/miumjaupood\/\" \/>\n<meta property=\"article:modified_time\" content=\"2026-01-07T19:23:47+00:00\" \/>\n<meta property=\"og:image\" content=\"https:\/\/miumjau.ee\/wp-content\/uploads\/2025\/11\/ibero-adult-ml-lamb-3kg-.jpg\" \/>\n\t<meta property=\"og:image:width\" content=\"600\" \/>\n\t<meta property=\"og:image:height\" content=\"800\" \/>\n\t<meta property=\"og:image:type\" content=\"image\/jpeg\" \/>\n<meta name=\"twitter:card\" content=\"summary_large_image\" \/>\n<script type=\"application\/ld+json\" class=\"yoast-schema-graph\">{\"@context\":\"https:\\\/\\\/schema.org\",\"@graph\":[{\"@type\":\"WebPage\",\"@id\":\"https:\\\/\\\/miumjau.ee\\\/lv\\\/produkts\\\/ibero-natural-auksti-preseta-bariba-m-l-adult-ar-jeru-3-kg\\\/\",\"url\":\"https:\\\/\\\/miumjau.ee\\\/lv\\\/produkts\\\/ibero-natural-auksti-preseta-bariba-m-l-adult-ar-jeru-3-kg\\\/\",\"name\":\"Ibero Natural auksti pres\u0113ta bar\u012bba M\\\/L Adult ar j\u0113ru 3 kg - MiuMjau\",\"isPartOf\":{\"@id\":\"https:\\\/\\\/miumjau.ee\\\/#website\"},\"primaryImageOfPage\":{\"@id\":\"https:\\\/\\\/miumjau.ee\\\/lv\\\/produkts\\\/ibero-natural-auksti-preseta-bariba-m-l-adult-ar-jeru-3-kg\\\/#primaryimage\"},\"image\":{\"@id\":\"https:\\\/\\\/miumjau.ee\\\/lv\\\/produkts\\\/ibero-natural-auksti-preseta-bariba-m-l-adult-ar-jeru-3-kg\\\/#primaryimage\"},\"thumbnailUrl\":\"https:\\\/\\\/miumjau.ee\\\/wp-content\\\/uploads\\\/2025\\\/11\\\/ibero-adult-ml-lamb-3kg-.jpg\",\"datePublished\":\"2025-11-24T18:47:40+00:00\",\"dateModified\":\"2026-01-07T19:23:47+00:00\",\"breadcrumb\":{\"@id\":\"https:\\\/\\\/miumjau.ee\\\/lv\\\/produkts\\\/ibero-natural-auksti-preseta-bariba-m-l-adult-ar-jeru-3-kg\\\/#breadcrumb\"},\"inLanguage\":\"lv-LV\",\"potentialAction\":[{\"@type\":\"ReadAction\",\"target\":[\"https:\\\/\\\/miumjau.ee\\\/lv\\\/produkts\\\/ibero-natural-auksti-preseta-bariba-m-l-adult-ar-jeru-3-kg\\\/\"]}]},{\"@type\":\"ImageObject\",\"inLanguage\":\"lv-LV\",\"@id\":\"https:\\\/\\\/miumjau.ee\\\/lv\\\/produkts\\\/ibero-natural-auksti-preseta-bariba-m-l-adult-ar-jeru-3-kg\\\/#primaryimage\",\"url\":\"https:\\\/\\\/miumjau.ee\\\/wp-content\\\/uploads\\\/2025\\\/11\\\/ibero-adult-ml-lamb-3kg-.jpg\",\"contentUrl\":\"https:\\\/\\\/miumjau.ee\\\/wp-content\\\/uploads\\\/2025\\\/11\\\/ibero-adult-ml-lamb-3kg-.jpg\",\"width\":600,\"height\":800,\"caption\":\"Ibero Natural k\u00fclmpressitud toit M\\\/L Adult lambaga 3kg\"},{\"@type\":\"BreadcrumbList\",\"@id\":\"https:\\\/\\\/miumjau.ee\\\/lv\\\/produkts\\\/ibero-natural-auksti-preseta-bariba-m-l-adult-ar-jeru-3-kg\\\/#breadcrumb\",\"itemListElement\":[{\"@type\":\"ListItem\",\"position\":1,\"name\":\"Home\",\"item\":\"https:\\\/\\\/miumjau.ee\\\/lv\\\/\"},{\"@type\":\"ListItem\",\"position\":2,\"name\":\"Veikals\",\"item\":\"https:\\\/\\\/miumjau.ee\\\/lv\\\/veikals\\\/\"},{\"@type\":\"ListItem\",\"position\":3,\"name\":\"Ibero Natural auksti pres\u0113ta bar\u012bba M\\\/L Adult ar j\u0113ru 3 kg\"}]},{\"@type\":\"WebSite\",\"@id\":\"https:\\\/\\\/miumjau.ee\\\/#website\",\"url\":\"https:\\\/\\\/miumjau.ee\\\/\",\"name\":\"MiuMjau\",\"description\":\"Kraapimispuud kassidele\",\"publisher\":{\"@id\":\"https:\\\/\\\/miumjau.ee\\\/#organization\"},\"potentialAction\":[{\"@type\":\"SearchAction\",\"target\":{\"@type\":\"EntryPoint\",\"urlTemplate\":\"https:\\\/\\\/miumjau.ee\\\/?s={search_term_string}\"},\"query-input\":{\"@type\":\"PropertyValueSpecification\",\"valueRequired\":true,\"valueName\":\"search_term_string\"}}],\"inLanguage\":\"lv-LV\"},{\"@type\":\"Organization\",\"@id\":\"https:\\\/\\\/miumjau.ee\\\/#organization\",\"name\":\"MiuMjau O\u00dc\",\"url\":\"https:\\\/\\\/miumjau.ee\\\/\",\"logo\":{\"@type\":\"ImageObject\",\"inLanguage\":\"lv-LV\",\"@id\":\"https:\\\/\\\/miumjau.ee\\\/#\\\/schema\\\/logo\\\/image\\\/\",\"url\":\"https:\\\/\\\/miumjau.ee\\\/wp-content\\\/uploads\\\/2022\\\/04\\\/MiuMjau-logo-kollane.png\",\"contentUrl\":\"https:\\\/\\\/miumjau.ee\\\/wp-content\\\/uploads\\\/2022\\\/04\\\/MiuMjau-logo-kollane.png\",\"width\":219,\"height\":100,\"caption\":\"MiuMjau O\u00dc\"},\"image\":{\"@id\":\"https:\\\/\\\/miumjau.ee\\\/#\\\/schema\\\/logo\\\/image\\\/\"},\"sameAs\":[\"https:\\\/\\\/www.facebook.com\\\/miumjaupood\\\/\"]}]}<\/script>\n<!-- \/ Yoast SEO plugin. -->","yoast_head_json":{"title":"Ibero Natural auksti pres\u0113ta bar\u012bba M\/L Adult ar j\u0113ru 3 kg - MiuMjau","robots":{"index":"index","follow":"follow","max-snippet":"max-snippet:-1","max-image-preview":"max-image-preview:large","max-video-preview":"max-video-preview:-1"},"canonical":"https:\/\/miumjau.ee\/lv\/produkts\/ibero-natural-auksti-preseta-bariba-m-l-adult-ar-jeru-3-kg\/","og_locale":"lv_LV","og_type":"article","og_title":"Ibero Natural auksti pres\u0113ta bar\u012bba M\/L Adult ar j\u0113ru 3 kg - MiuMjau","og_description":"Pilnv\u0113rt\u012bga auksti pres\u0113ta bar\u012bba, kas satur visas nepiecie\u0161am\u0101s uzturvielas vid\u0113ja un liela izm\u0113ra pieaugu\u0161iem su\u0146iem (ar liel\u0101k\u0101m granul\u0101m). T\u0101 \u0146em v\u0113r\u0101 \u0161o \u0161\u0137ir\u0146u vajadz\u012bbas, tostarp:     \u013coti koncentr\u0113ts sast\u0101vs \u2013 suns sa\u0146em viegli sagremojamas uzturvielas maz\u0101k\u0101 porcij\u0101, kas b\u016btiski samazina ku\u0146\u0123a sagrie\u0161an\u0101s risku    bag\u0101t\u012bga gar\u0161a, pateicoties dab\u012bgo uzturvielu un arom\u0101tu saglab\u0101\u0161anai, kas veicina \u0113stgribu    glikozam\u012bns un hondroit\u012bns loc\u012btavu vesel\u012bbai    beta-glik\u0101ni im\u016bnsist\u0113mas l\u012bdzsvaram    nepies\u0101tin\u0101t\u0101s tauksk\u0101bes iekaisumu mazin\u0101\u0161anai un organisma darb\u012bbas atbalstam    biot\u012bns un cinks vesel\u012bgai \u0101dai un apmatojumam   Pateicoties ra\u017eo\u0161anas tehnolo\u0123ijai, bar\u012bba \u012bpa\u0161i piem\u0113rota akt\u012bviem su\u0146iem, k\u0101 ar\u012b gr\u016bs\u00adn\u0101m un z\u012bdo\u0161\u0101m kuc\u0113m. Sast\u0101vs: \u017d\u0101v\u0113ta j\u0113ra ga\u013ca (30%), liellopu tauki (14%), \u017e\u0101v\u0113ti bat\u0101tes, \u017e\u0101v\u0113ti kartupe\u013ci, r\u012bsu milti (8%), auzu p\u0101rslas (4%), j\u0113ra aknas (5%), \u017e\u0101v\u0113ts \u0137irbis (2%), \u017e\u0101v\u0113tas j\u0113ra aknas (2%), kukur\u016bzas p\u0101rslas, \u017e\u0101v\u0113ti burk\u0101ni (1,2%), lins\u0113klas, cigori\u0146u ekstrakts, \u017e\u0101v\u0113ti gar\u0161augi, beta-glik\u0101ni, glikozam\u012bns, hondroit\u012bna sulf\u0101ts, vitam\u012bnu un miner\u0101lvielu mais\u012bjums. Anal\u012btiskais sast\u0101vs: Kopprote\u012bns 24%, koptauki 14%, \u0161\u0137iedra 3,2%, A vitam\u012bns 17 331 SV, kalcijs 1,10%, fosfors 0,85%, 3840 kcal\/kg. Piedevas\/kg: A vitam\u012bns 17 331 SV, D3 vitam\u012bns 1733 SV, E vitam\u012bns 173 mg, B1 vitam\u012bns 5,09 mg, B2 vitam\u012bns 9 mg, B6 vitam\u012bns 6,9 mg, B12 vitam\u012bns 0,07 mg, C vitam\u012bns 121 mg, niac\u012bns 43,1 mg, pantot\u0113nsk\u0101be 17,8 mg, folijsk\u0101be 0,69 mg, biot\u012bns 0,43 mg, jods 4,6 mg, sel\u0113ns 0,38 mg, dzelzs 101 mg, var\u0161 12,1 mg, cinks 129 mg, mang\u0101ns 12,1 mg, hol\u012bna hlor\u012bds 1872 mg, glikozam\u012bns 404 mg\/kg, hondroit\u012bna sulf\u0101ts 353 mg\/kg. Tehnolo\u0123isk\u0101s piedevas: antioksidanti (tokoferolu bag\u0101ti augu e\u013c\u013cu ekstrakti). Metabolisk\u0101 ener\u0123ija: 3840 kcal\/kg. Baro\u0161anas nor\u0101d\u012bjumi: Pak\u0101peniski pieradiniet suni pie \u0161\u012bs bar\u012bbas. Nodro\u0161iniet svaiga \u016bdens pieejam\u012bbu. P\u0101rejot no ekstrud\u0113t\u0101s bar\u012bbas uz auksti pres\u0113to, p\u0101reja j\u0101veic 7\u201310 dien\u0101s, jo bar\u012bbas sagremo\u0161ana at\u0161\u0137iras \u2013 auksti pres\u0113t\u0101 \u0161\u0137\u012bst, ekstrud\u0113t\u0101 piebriest, un p\u0113k\u0161\u0146a mai\u0146a var izrais\u012bt gremo\u0161anas trauc\u0113jumus. Ieteicam\u0101 dienas deva:10 kg \u2013 125 g; 12 kg \u2013 145 g; 15 kg \u2013 165 g; 20 kg \u2013 220 g; 25 kg \u2013 250 g; 30 kg \u2013 270 g; 35 kg \u2013 300 g; 40 kg \u2013 350 g; 50 kg \u2013 410 g.","og_url":"https:\/\/miumjau.ee\/lv\/produkts\/ibero-natural-auksti-preseta-bariba-m-l-adult-ar-jeru-3-kg\/","og_site_name":"MiuMjau","article_publisher":"https:\/\/www.facebook.com\/miumjaupood\/","article_modified_time":"2026-01-07T19:23:47+00:00","og_image":[{"width":600,"height":800,"url":"https:\/\/miumjau.ee\/wp-content\/uploads\/2025\/11\/ibero-adult-ml-lamb-3kg-.jpg","type":"image\/jpeg"}],"twitter_card":"summary_large_image","schema":{"@context":"https:\/\/schema.org","@graph":[{"@type":"WebPage","@id":"https:\/\/miumjau.ee\/lv\/produkts\/ibero-natural-auksti-preseta-bariba-m-l-adult-ar-jeru-3-kg\/","url":"https:\/\/miumjau.ee\/lv\/produkts\/ibero-natural-auksti-preseta-bariba-m-l-adult-ar-jeru-3-kg\/","name":"Ibero Natural auksti pres\u0113ta bar\u012bba M\/L Adult ar j\u0113ru 3 kg - MiuMjau","isPartOf":{"@id":"https:\/\/miumjau.ee\/#website"},"primaryImageOfPage":{"@id":"https:\/\/miumjau.ee\/lv\/produkts\/ibero-natural-auksti-preseta-bariba-m-l-adult-ar-jeru-3-kg\/#primaryimage"},"image":{"@id":"https:\/\/miumjau.ee\/lv\/produkts\/ibero-natural-auksti-preseta-bariba-m-l-adult-ar-jeru-3-kg\/#primaryimage"},"thumbnailUrl":"https:\/\/miumjau.ee\/wp-content\/uploads\/2025\/11\/ibero-adult-ml-lamb-3kg-.jpg","datePublished":"2025-11-24T18:47:40+00:00","dateModified":"2026-01-07T19:23:47+00:00","breadcrumb":{"@id":"https:\/\/miumjau.ee\/lv\/produkts\/ibero-natural-auksti-preseta-bariba-m-l-adult-ar-jeru-3-kg\/#breadcrumb"},"inLanguage":"lv-LV","potentialAction":[{"@type":"ReadAction","target":["https:\/\/miumjau.ee\/lv\/produkts\/ibero-natural-auksti-preseta-bariba-m-l-adult-ar-jeru-3-kg\/"]}]},{"@type":"ImageObject","inLanguage":"lv-LV","@id":"https:\/\/miumjau.ee\/lv\/produkts\/ibero-natural-auksti-preseta-bariba-m-l-adult-ar-jeru-3-kg\/#primaryimage","url":"https:\/\/miumjau.ee\/wp-content\/uploads\/2025\/11\/ibero-adult-ml-lamb-3kg-.jpg","contentUrl":"https:\/\/miumjau.ee\/wp-content\/uploads\/2025\/11\/ibero-adult-ml-lamb-3kg-.jpg","width":600,"height":800,"caption":"Ibero Natural k\u00fclmpressitud toit M\/L Adult lambaga 3kg"},{"@type":"BreadcrumbList","@id":"https:\/\/miumjau.ee\/lv\/produkts\/ibero-natural-auksti-preseta-bariba-m-l-adult-ar-jeru-3-kg\/#breadcrumb","itemListElement":[{"@type":"ListItem","position":1,"name":"Home","item":"https:\/\/miumjau.ee\/lv\/"},{"@type":"ListItem","position":2,"name":"Veikals","item":"https:\/\/miumjau.ee\/lv\/veikals\/"},{"@type":"ListItem","position":3,"name":"Ibero Natural auksti pres\u0113ta bar\u012bba M\/L Adult ar j\u0113ru 3 kg"}]},{"@type":"WebSite","@id":"https:\/\/miumjau.ee\/#website","url":"https:\/\/miumjau.ee\/","name":"MiuMjau","description":"Kraapimispuud kassidele","publisher":{"@id":"https:\/\/miumjau.ee\/#organization"},"potentialAction":[{"@type":"SearchAction","target":{"@type":"EntryPoint","urlTemplate":"https:\/\/miumjau.ee\/?s={search_term_string}"},"query-input":{"@type":"PropertyValueSpecification","valueRequired":true,"valueName":"search_term_string"}}],"inLanguage":"lv-LV"},{"@type":"Organization","@id":"https:\/\/miumjau.ee\/#organization","name":"MiuMjau O\u00dc","url":"https:\/\/miumjau.ee\/","logo":{"@type":"ImageObject","inLanguage":"lv-LV","@id":"https:\/\/miumjau.ee\/#\/schema\/logo\/image\/","url":"https:\/\/miumjau.ee\/wp-content\/uploads\/2022\/04\/MiuMjau-logo-kollane.png","contentUrl":"https:\/\/miumjau.ee\/wp-content\/uploads\/2022\/04\/MiuMjau-logo-kollane.png","width":219,"height":100,"caption":"MiuMjau O\u00dc"},"image":{"@id":"https:\/\/miumjau.ee\/#\/schema\/logo\/image\/"},"sameAs":["https:\/\/www.facebook.com\/miumjaupood\/"]}]}},"_links":{"self":[{"href":"https:\/\/miumjau.ee\/lv\/wp-json\/wp\/v2\/product\/45676","targetHints":{"allow":["GET"]}}],"collection":[{"href":"https:\/\/miumjau.ee\/lv\/wp-json\/wp\/v2\/product"}],"about":[{"href":"https:\/\/miumjau.ee\/lv\/wp-json\/wp\/v2\/types\/product"}],"wp:featuredmedia":[{"embeddable":true,"href":"https:\/\/miumjau.ee\/lv\/wp-json\/wp\/v2\/media\/44976"}],"wp:attachment":[{"href":"https:\/\/miumjau.ee\/lv\/wp-json\/wp\/v2\/media?parent=45676"}],"wp:term":[{"taxonomy":"product_brand","embeddable":true,"href":"https:\/\/miumjau.ee\/lv\/wp-json\/wp\/v2\/product_brand?post=45676"},{"taxonomy":"product_cat","embeddable":true,"href":"https:\/\/miumjau.ee\/lv\/wp-json\/wp\/v2\/product_cat?post=45676"},{"taxonomy":"product_tag","embeddable":true,"href":"https:\/\/miumjau.ee\/lv\/wp-json\/wp\/v2\/product_tag?post=45676"}],"curies":[{"name":"wp","href":"https:\/\/api.w.org\/{rel}","templated":true}]}}