{"id":45671,"date":"2025-11-26T11:17:21","date_gmt":"2025-11-26T09:17:21","guid":{"rendered":"https:\/\/miumjau.ee\/toode\/ibero-natural-mini-adult-auksti-spiesta-bariba-ar-jeru-3-kg\/"},"modified":"2026-01-07T21:23:47","modified_gmt":"2026-01-07T19:23:47","slug":"ibero-natural-mini-adult-auksti-spiesta-bariba-ar-jeru-3-kg","status":"publish","type":"product","link":"https:\/\/miumjau.ee\/lv\/produkts\/ibero-natural-mini-adult-auksti-spiesta-bariba-ar-jeru-3-kg\/","title":{"rendered":"Ibero Natural Mini Adult auksti spiest\u0101 bar\u012bba ar j\u0113ru, 3 kg"},"content":{"rendered":"","protected":false},"excerpt":{"rendered":"<p data-start=\"4729\" data-end=\"4807\">Auksti spiest\u0101 pilnv\u0113rt\u012bga bar\u012bba pieaugu\u0161iem mazo \u0161\u0137ir\u0146u su\u0146iem ar j\u0113ra ga\u013cu.<\/p>\n<p data-start=\"4809\" data-end=\"4885\">Apvieno auksti spiest\u0101s bar\u012bbas priek\u0161roc\u012bbas un jaunas gar\u0161as Ibero kl\u0101st\u0101.<\/p>\n<p data-start=\"4887\" data-end=\"4971\">Saglab\u0101 Ibero galven\u0101s priek\u0161roc\u012bbas \u2013 daudz \u017e\u0101v\u0113tas ga\u013cas no viet\u0113j\u0101m saimniec\u012bb\u0101m.<\/p>\n<p data-start=\"4973\" data-end=\"5010\">100% DAB\u012aGA \u2013 bez \u0137imik\u0101lij\u0101m un \u0122MO.<\/p>\n<p data-start=\"5012\" data-end=\"5084\">Auksti spiesta bar\u012bba ir barojo\u0161\u0101ka, t\u0101d\u0113\u013c nepiecie\u0161ams maz\u0101ks daudzums.<\/p>\n<p data-start=\"5086\" data-end=\"5149\"><strong data-start=\"5086\" data-end=\"5100\">Piem\u0113rota:<\/strong> stresainiem su\u0146iem, gr\u016bs\u00adn\u0101m kuc\u0113m, audz\u0113t\u0101jiem.<\/p>\n<p data-start=\"5151\" data-end=\"5233\"><strong data-start=\"5151\" data-end=\"5166\">Nor\u0101d\u012bjumi:<\/strong><br data-start=\"5166\" data-end=\"5169\" \/>P\u0101rejai j\u0101notiek pak\u0101peniski.<br data-start=\"5198\" data-end=\"5201\" \/>Vienm\u0113r nodro\u0161in\u0101t svaigu \u016bdeni.<\/p>\n<p data-start=\"5235\" data-end=\"5333\"><strong data-start=\"5235\" data-end=\"5247\">SAST\u0100VS:<\/strong> \u017d\u0101v\u0113ta j\u0113ra ga\u013ca (32%), \u017e\u0101v\u0113ti saldie kartupe\u013ci, kartupe\u013ci, liellopa tauki (14%) u.c.<\/p>\n<p data-start=\"5335\" data-end=\"5415\"><strong data-start=\"5335\" data-end=\"5360\">ANAL\u012aTISKIE R\u0100D\u012aT\u0100JI:<\/strong> Prote\u012bns 25%, tauki 14%, \u0161\u0137iedra 3,4%, pelni 6,8% u.c.<\/p>\n<p data-start=\"5417\" data-end=\"5472\"><strong data-start=\"5417\" data-end=\"5433\">Piedevas\/kg:<\/strong> Vitam\u012bni un miner\u0101li k\u0101 ang\u013cu versij\u0101.<\/p>\n<p data-start=\"5474\" data-end=\"5513\"><strong data-start=\"5474\" data-end=\"5499\">Metabolisk\u0101 ener\u0123ija:<\/strong> 3830 kcal\/kg.<\/p>\n<p data-start=\"5515\" data-end=\"5568\"><strong data-start=\"5515\" data-end=\"5536\">Ikdienas porcija:<\/strong><br data-start=\"5536\" data-end=\"5539\" \/>1 kg \u2013 27 g \u2026 10 kg \u2013 115 g<\/p>\n","protected":false},"featured_media":45612,"template":"","meta":[],"product_brand":[],"product_cat":[575],"product_tag":[],"class_list":{"0":"post-45671","1":"product","2":"type-product","3":"status-publish","4":"has-post-thumbnail","6":"product_cat-sausa-bariba-suniem","8":"first","9":"instock","10":"sale","11":"taxable","12":"shipping-taxable","13":"purchasable","14":"product-type-simple"},"yoast_head":"<!-- This site is optimized with the Yoast SEO plugin v27.2 - https:\/\/yoast.com\/product\/yoast-seo-wordpress\/ -->\n<title>Ibero Natural Mini Adult auksti spiest\u0101 bar\u012bba ar j\u0113ru, 3 kg - MiuMjau<\/title>\n<meta name=\"robots\" content=\"index, follow, max-snippet:-1, max-image-preview:large, max-video-preview:-1\" \/>\n<link rel=\"canonical\" href=\"https:\/\/miumjau.ee\/lv\/produkts\/ibero-natural-mini-adult-auksti-spiesta-bariba-ar-jeru-3-kg\/\" \/>\n<meta property=\"og:locale\" content=\"lv_LV\" \/>\n<meta property=\"og:type\" content=\"article\" \/>\n<meta property=\"og:title\" content=\"Ibero Natural Mini Adult auksti spiest\u0101 bar\u012bba ar j\u0113ru, 3 kg - MiuMjau\" \/>\n<meta property=\"og:description\" content=\"Auksti spiest\u0101 pilnv\u0113rt\u012bga bar\u012bba pieaugu\u0161iem mazo \u0161\u0137ir\u0146u su\u0146iem ar j\u0113ra ga\u013cu. Apvieno auksti spiest\u0101s bar\u012bbas priek\u0161roc\u012bbas un jaunas gar\u0161as Ibero kl\u0101st\u0101. Saglab\u0101 Ibero galven\u0101s priek\u0161roc\u012bbas \u2013 daudz \u017e\u0101v\u0113tas ga\u013cas no viet\u0113j\u0101m saimniec\u012bb\u0101m. 100% DAB\u012aGA \u2013 bez \u0137imik\u0101lij\u0101m un \u0122MO. Auksti spiesta bar\u012bba ir barojo\u0161\u0101ka, t\u0101d\u0113\u013c nepiecie\u0161ams maz\u0101ks daudzums. Piem\u0113rota: stresainiem su\u0146iem, gr\u016bs\u00adn\u0101m kuc\u0113m, audz\u0113t\u0101jiem. Nor\u0101d\u012bjumi:P\u0101rejai j\u0101notiek pak\u0101peniski.Vienm\u0113r nodro\u0161in\u0101t svaigu \u016bdeni. SAST\u0100VS: \u017d\u0101v\u0113ta j\u0113ra ga\u013ca (32%), \u017e\u0101v\u0113ti saldie kartupe\u013ci, kartupe\u013ci, liellopa tauki (14%) u.c. ANAL\u012aTISKIE R\u0100D\u012aT\u0100JI: Prote\u012bns 25%, tauki 14%, \u0161\u0137iedra 3,4%, pelni 6,8% u.c. Piedevas\/kg: Vitam\u012bni un miner\u0101li k\u0101 ang\u013cu versij\u0101. Metabolisk\u0101 ener\u0123ija: 3830 kcal\/kg. Ikdienas porcija:1 kg \u2013 27 g \u2026 10 kg \u2013 115 g\" \/>\n<meta property=\"og:url\" content=\"https:\/\/miumjau.ee\/lv\/produkts\/ibero-natural-mini-adult-auksti-spiesta-bariba-ar-jeru-3-kg\/\" \/>\n<meta property=\"og:site_name\" content=\"MiuMjau\" \/>\n<meta property=\"article:publisher\" content=\"https:\/\/www.facebook.com\/miumjaupood\/\" \/>\n<meta property=\"article:modified_time\" content=\"2026-01-07T19:23:47+00:00\" \/>\n<meta property=\"og:image\" content=\"https:\/\/miumjau.ee\/wp-content\/uploads\/2025\/11\/ibero-natural-kulmpress-mini-adult-lamb3.jpg\" \/>\n\t<meta property=\"og:image:width\" content=\"600\" \/>\n\t<meta property=\"og:image:height\" content=\"800\" \/>\n\t<meta property=\"og:image:type\" content=\"image\/jpeg\" \/>\n<meta name=\"twitter:card\" content=\"summary_large_image\" \/>\n<script type=\"application\/ld+json\" class=\"yoast-schema-graph\">{\"@context\":\"https:\/\/schema.org\",\"@graph\":[{\"@type\":\"WebPage\",\"@id\":\"https:\/\/miumjau.ee\/lv\/produkts\/ibero-natural-mini-adult-auksti-spiesta-bariba-ar-jeru-3-kg\/\",\"url\":\"https:\/\/miumjau.ee\/lv\/produkts\/ibero-natural-mini-adult-auksti-spiesta-bariba-ar-jeru-3-kg\/\",\"name\":\"Ibero Natural Mini Adult auksti spiest\u0101 bar\u012bba ar j\u0113ru, 3 kg - MiuMjau\",\"isPartOf\":{\"@id\":\"https:\/\/miumjau.ee\/#website\"},\"primaryImageOfPage\":{\"@id\":\"https:\/\/miumjau.ee\/lv\/produkts\/ibero-natural-mini-adult-auksti-spiesta-bariba-ar-jeru-3-kg\/#primaryimage\"},\"image\":{\"@id\":\"https:\/\/miumjau.ee\/lv\/produkts\/ibero-natural-mini-adult-auksti-spiesta-bariba-ar-jeru-3-kg\/#primaryimage\"},\"thumbnailUrl\":\"https:\/\/miumjau.ee\/wp-content\/uploads\/2025\/11\/ibero-natural-kulmpress-mini-adult-lamb3.jpg\",\"datePublished\":\"2025-11-26T09:17:21+00:00\",\"dateModified\":\"2026-01-07T19:23:47+00:00\",\"breadcrumb\":{\"@id\":\"https:\/\/miumjau.ee\/lv\/produkts\/ibero-natural-mini-adult-auksti-spiesta-bariba-ar-jeru-3-kg\/#breadcrumb\"},\"inLanguage\":\"lv-LV\",\"potentialAction\":[{\"@type\":\"ReadAction\",\"target\":[\"https:\/\/miumjau.ee\/lv\/produkts\/ibero-natural-mini-adult-auksti-spiesta-bariba-ar-jeru-3-kg\/\"]}]},{\"@type\":\"ImageObject\",\"inLanguage\":\"lv-LV\",\"@id\":\"https:\/\/miumjau.ee\/lv\/produkts\/ibero-natural-mini-adult-auksti-spiesta-bariba-ar-jeru-3-kg\/#primaryimage\",\"url\":\"https:\/\/miumjau.ee\/wp-content\/uploads\/2025\/11\/ibero-natural-kulmpress-mini-adult-lamb3.jpg\",\"contentUrl\":\"https:\/\/miumjau.ee\/wp-content\/uploads\/2025\/11\/ibero-natural-kulmpress-mini-adult-lamb3.jpg\",\"width\":600,\"height\":800,\"caption\":\"Ibero Natural Mini Adult k\u00fclmpressitud toit lambaga, 3kg\"},{\"@type\":\"BreadcrumbList\",\"@id\":\"https:\/\/miumjau.ee\/lv\/produkts\/ibero-natural-mini-adult-auksti-spiesta-bariba-ar-jeru-3-kg\/#breadcrumb\",\"itemListElement\":[{\"@type\":\"ListItem\",\"position\":1,\"name\":\"Home\",\"item\":\"https:\/\/miumjau.ee\/lv\/\"},{\"@type\":\"ListItem\",\"position\":2,\"name\":\"Veikals\",\"item\":\"https:\/\/miumjau.ee\/lv\/veikals\/\"},{\"@type\":\"ListItem\",\"position\":3,\"name\":\"Ibero Natural Mini Adult auksti spiest\u0101 bar\u012bba ar j\u0113ru, 3 kg\"}]},{\"@type\":\"WebSite\",\"@id\":\"https:\/\/miumjau.ee\/#website\",\"url\":\"https:\/\/miumjau.ee\/\",\"name\":\"MiuMjau\",\"description\":\"Kraapimispuud kassidele\",\"publisher\":{\"@id\":\"https:\/\/miumjau.ee\/#organization\"},\"potentialAction\":[{\"@type\":\"SearchAction\",\"target\":{\"@type\":\"EntryPoint\",\"urlTemplate\":\"https:\/\/miumjau.ee\/?s={search_term_string}\"},\"query-input\":{\"@type\":\"PropertyValueSpecification\",\"valueRequired\":true,\"valueName\":\"search_term_string\"}}],\"inLanguage\":\"lv-LV\"},{\"@type\":\"Organization\",\"@id\":\"https:\/\/miumjau.ee\/#organization\",\"name\":\"MiuMjau O\u00dc\",\"url\":\"https:\/\/miumjau.ee\/\",\"logo\":{\"@type\":\"ImageObject\",\"inLanguage\":\"lv-LV\",\"@id\":\"https:\/\/miumjau.ee\/#\/schema\/logo\/image\/\",\"url\":\"https:\/\/miumjau.ee\/wp-content\/uploads\/2022\/04\/MiuMjau-logo-kollane.png\",\"contentUrl\":\"https:\/\/miumjau.ee\/wp-content\/uploads\/2022\/04\/MiuMjau-logo-kollane.png\",\"width\":219,\"height\":100,\"caption\":\"MiuMjau O\u00dc\"},\"image\":{\"@id\":\"https:\/\/miumjau.ee\/#\/schema\/logo\/image\/\"},\"sameAs\":[\"https:\/\/www.facebook.com\/miumjaupood\/\"]}]}<\/script>\n<!-- \/ Yoast SEO plugin. -->","yoast_head_json":{"title":"Ibero Natural Mini Adult auksti spiest\u0101 bar\u012bba ar j\u0113ru, 3 kg - MiuMjau","robots":{"index":"index","follow":"follow","max-snippet":"max-snippet:-1","max-image-preview":"max-image-preview:large","max-video-preview":"max-video-preview:-1"},"canonical":"https:\/\/miumjau.ee\/lv\/produkts\/ibero-natural-mini-adult-auksti-spiesta-bariba-ar-jeru-3-kg\/","og_locale":"lv_LV","og_type":"article","og_title":"Ibero Natural Mini Adult auksti spiest\u0101 bar\u012bba ar j\u0113ru, 3 kg - MiuMjau","og_description":"Auksti spiest\u0101 pilnv\u0113rt\u012bga bar\u012bba pieaugu\u0161iem mazo \u0161\u0137ir\u0146u su\u0146iem ar j\u0113ra ga\u013cu. Apvieno auksti spiest\u0101s bar\u012bbas priek\u0161roc\u012bbas un jaunas gar\u0161as Ibero kl\u0101st\u0101. Saglab\u0101 Ibero galven\u0101s priek\u0161roc\u012bbas \u2013 daudz \u017e\u0101v\u0113tas ga\u013cas no viet\u0113j\u0101m saimniec\u012bb\u0101m. 100% DAB\u012aGA \u2013 bez \u0137imik\u0101lij\u0101m un \u0122MO. Auksti spiesta bar\u012bba ir barojo\u0161\u0101ka, t\u0101d\u0113\u013c nepiecie\u0161ams maz\u0101ks daudzums. Piem\u0113rota: stresainiem su\u0146iem, gr\u016bs\u00adn\u0101m kuc\u0113m, audz\u0113t\u0101jiem. Nor\u0101d\u012bjumi:P\u0101rejai j\u0101notiek pak\u0101peniski.Vienm\u0113r nodro\u0161in\u0101t svaigu \u016bdeni. SAST\u0100VS: \u017d\u0101v\u0113ta j\u0113ra ga\u013ca (32%), \u017e\u0101v\u0113ti saldie kartupe\u013ci, kartupe\u013ci, liellopa tauki (14%) u.c. ANAL\u012aTISKIE R\u0100D\u012aT\u0100JI: Prote\u012bns 25%, tauki 14%, \u0161\u0137iedra 3,4%, pelni 6,8% u.c. Piedevas\/kg: Vitam\u012bni un miner\u0101li k\u0101 ang\u013cu versij\u0101. Metabolisk\u0101 ener\u0123ija: 3830 kcal\/kg. Ikdienas porcija:1 kg \u2013 27 g \u2026 10 kg \u2013 115 g","og_url":"https:\/\/miumjau.ee\/lv\/produkts\/ibero-natural-mini-adult-auksti-spiesta-bariba-ar-jeru-3-kg\/","og_site_name":"MiuMjau","article_publisher":"https:\/\/www.facebook.com\/miumjaupood\/","article_modified_time":"2026-01-07T19:23:47+00:00","og_image":[{"width":600,"height":800,"url":"https:\/\/miumjau.ee\/wp-content\/uploads\/2025\/11\/ibero-natural-kulmpress-mini-adult-lamb3.jpg","type":"image\/jpeg"}],"twitter_card":"summary_large_image","schema":{"@context":"https:\/\/schema.org","@graph":[{"@type":"WebPage","@id":"https:\/\/miumjau.ee\/lv\/produkts\/ibero-natural-mini-adult-auksti-spiesta-bariba-ar-jeru-3-kg\/","url":"https:\/\/miumjau.ee\/lv\/produkts\/ibero-natural-mini-adult-auksti-spiesta-bariba-ar-jeru-3-kg\/","name":"Ibero Natural Mini Adult auksti spiest\u0101 bar\u012bba ar j\u0113ru, 3 kg - MiuMjau","isPartOf":{"@id":"https:\/\/miumjau.ee\/#website"},"primaryImageOfPage":{"@id":"https:\/\/miumjau.ee\/lv\/produkts\/ibero-natural-mini-adult-auksti-spiesta-bariba-ar-jeru-3-kg\/#primaryimage"},"image":{"@id":"https:\/\/miumjau.ee\/lv\/produkts\/ibero-natural-mini-adult-auksti-spiesta-bariba-ar-jeru-3-kg\/#primaryimage"},"thumbnailUrl":"https:\/\/miumjau.ee\/wp-content\/uploads\/2025\/11\/ibero-natural-kulmpress-mini-adult-lamb3.jpg","datePublished":"2025-11-26T09:17:21+00:00","dateModified":"2026-01-07T19:23:47+00:00","breadcrumb":{"@id":"https:\/\/miumjau.ee\/lv\/produkts\/ibero-natural-mini-adult-auksti-spiesta-bariba-ar-jeru-3-kg\/#breadcrumb"},"inLanguage":"lv-LV","potentialAction":[{"@type":"ReadAction","target":["https:\/\/miumjau.ee\/lv\/produkts\/ibero-natural-mini-adult-auksti-spiesta-bariba-ar-jeru-3-kg\/"]}]},{"@type":"ImageObject","inLanguage":"lv-LV","@id":"https:\/\/miumjau.ee\/lv\/produkts\/ibero-natural-mini-adult-auksti-spiesta-bariba-ar-jeru-3-kg\/#primaryimage","url":"https:\/\/miumjau.ee\/wp-content\/uploads\/2025\/11\/ibero-natural-kulmpress-mini-adult-lamb3.jpg","contentUrl":"https:\/\/miumjau.ee\/wp-content\/uploads\/2025\/11\/ibero-natural-kulmpress-mini-adult-lamb3.jpg","width":600,"height":800,"caption":"Ibero Natural Mini Adult k\u00fclmpressitud toit lambaga, 3kg"},{"@type":"BreadcrumbList","@id":"https:\/\/miumjau.ee\/lv\/produkts\/ibero-natural-mini-adult-auksti-spiesta-bariba-ar-jeru-3-kg\/#breadcrumb","itemListElement":[{"@type":"ListItem","position":1,"name":"Home","item":"https:\/\/miumjau.ee\/lv\/"},{"@type":"ListItem","position":2,"name":"Veikals","item":"https:\/\/miumjau.ee\/lv\/veikals\/"},{"@type":"ListItem","position":3,"name":"Ibero Natural Mini Adult auksti spiest\u0101 bar\u012bba ar j\u0113ru, 3 kg"}]},{"@type":"WebSite","@id":"https:\/\/miumjau.ee\/#website","url":"https:\/\/miumjau.ee\/","name":"MiuMjau","description":"Kraapimispuud kassidele","publisher":{"@id":"https:\/\/miumjau.ee\/#organization"},"potentialAction":[{"@type":"SearchAction","target":{"@type":"EntryPoint","urlTemplate":"https:\/\/miumjau.ee\/?s={search_term_string}"},"query-input":{"@type":"PropertyValueSpecification","valueRequired":true,"valueName":"search_term_string"}}],"inLanguage":"lv-LV"},{"@type":"Organization","@id":"https:\/\/miumjau.ee\/#organization","name":"MiuMjau O\u00dc","url":"https:\/\/miumjau.ee\/","logo":{"@type":"ImageObject","inLanguage":"lv-LV","@id":"https:\/\/miumjau.ee\/#\/schema\/logo\/image\/","url":"https:\/\/miumjau.ee\/wp-content\/uploads\/2022\/04\/MiuMjau-logo-kollane.png","contentUrl":"https:\/\/miumjau.ee\/wp-content\/uploads\/2022\/04\/MiuMjau-logo-kollane.png","width":219,"height":100,"caption":"MiuMjau O\u00dc"},"image":{"@id":"https:\/\/miumjau.ee\/#\/schema\/logo\/image\/"},"sameAs":["https:\/\/www.facebook.com\/miumjaupood\/"]}]}},"_links":{"self":[{"href":"https:\/\/miumjau.ee\/lv\/wp-json\/wp\/v2\/product\/45671","targetHints":{"allow":["GET"]}}],"collection":[{"href":"https:\/\/miumjau.ee\/lv\/wp-json\/wp\/v2\/product"}],"about":[{"href":"https:\/\/miumjau.ee\/lv\/wp-json\/wp\/v2\/types\/product"}],"wp:featuredmedia":[{"embeddable":true,"href":"https:\/\/miumjau.ee\/lv\/wp-json\/wp\/v2\/media\/45612"}],"wp:attachment":[{"href":"https:\/\/miumjau.ee\/lv\/wp-json\/wp\/v2\/media?parent=45671"}],"wp:term":[{"taxonomy":"product_brand","embeddable":true,"href":"https:\/\/miumjau.ee\/lv\/wp-json\/wp\/v2\/product_brand?post=45671"},{"taxonomy":"product_cat","embeddable":true,"href":"https:\/\/miumjau.ee\/lv\/wp-json\/wp\/v2\/product_cat?post=45671"},{"taxonomy":"product_tag","embeddable":true,"href":"https:\/\/miumjau.ee\/lv\/wp-json\/wp\/v2\/product_tag?post=45671"}],"curies":[{"name":"wp","href":"https:\/\/api.w.org\/{rel}","templated":true}]}}