{"id":45666,"date":"2025-11-26T11:25:15","date_gmt":"2025-11-26T09:25:15","guid":{"rendered":"https:\/\/miumjau.ee\/toode\/ibero-natural-mini-junior-auksti-preseta-bariba-ar-jeru-3-kg\/"},"modified":"2026-01-07T21:23:47","modified_gmt":"2026-01-07T19:23:47","slug":"ibero-natural-mini-junior-auksti-preseta-bariba-ar-jeru-3-kg","status":"publish","type":"product","link":"https:\/\/miumjau.ee\/lv\/produkts\/ibero-natural-mini-junior-auksti-preseta-bariba-ar-jeru-3-kg\/","title":{"rendered":"Ibero Natural Mini Junior auksti pres\u0113ta bar\u012bba ar j\u0113ru, 3 kg"},"content":{"rendered":"","protected":false},"excerpt":{"rendered":"<p data-start=\"5339\" data-end=\"5447\">Pilnv\u0113rt\u012bga auksti pres\u0113ta su\u0146u bar\u012bba, kas satur visas nepiecie\u0161am\u0101s uzturvielas mazo \u0161\u0137ir\u0146u JUNIOR su\u0146iem.<\/p>\n<p data-start=\"5449\" data-end=\"5525\">Apvieno auksti pres\u0113tas bar\u012bbas priek\u0161roc\u012bbas un jaunas gar\u0161as Ibero s\u0113rij\u0101.<\/p>\n<p data-start=\"5527\" data-end=\"5619\">Saglab\u0101 Ibero s\u0113rijas galven\u0101s priek\u0161roc\u012bbas \u2013 daudz \u017e\u0101v\u0113tas ga\u013cas no viet\u0113j\u0101m saimniec\u012bb\u0101m.<\/p>\n<p data-start=\"5621\" data-end=\"5688\">100 % DAB\u012aGA \u2013 t\u0101pat k\u0101 visa Ibero l\u012bnija \u2013 bez \u0137imik\u0101lij\u0101m un \u0122MO.<\/p>\n<p data-start=\"5690\" data-end=\"5838\">Auksti pres\u0113t\u0101 bar\u012bb\u0101 nepiecie\u0161ams maz\u0101ks daudzums \u2013 t\u0101 ir barojo\u0161\u0101ka, t\u0101d\u0113\u013c pat, ja bar\u012bba ir d\u0101rg\u0101ka, t\u0101 var b\u016bt izdev\u012bg\u0101ka, jo maiss kalpo ilg\u0101k.<\/p>\n<p data-start=\"5840\" data-end=\"5875\">Auksti pres\u0113ta bar\u012bba ir piem\u0113rota:<\/p>\n<ul data-start=\"5877\" data-end=\"6099\">\n<li data-start=\"5877\" data-end=\"5935\">\n<p data-start=\"5879\" data-end=\"5935\">Su\u0146iem stresa apst\u0101k\u013cos \u2013 koncentr\u0113ta, barojo\u0161a bar\u012bba<\/p>\n<\/li>\n<li data-start=\"5936\" data-end=\"5987\">\n<p data-start=\"5938\" data-end=\"5987\">Gr\u016bsn\u0101m kuc\u0113m \u2013 barojo\u0161a di\u0113ta vi\u0146ai un kuc\u0113nam<\/p>\n<\/li>\n<li data-start=\"5988\" data-end=\"6099\">\n<p data-start=\"5990\" data-end=\"6099\">Audz\u0113t\u0101jiem, kuri izv\u0113las cit\u0101du apstr\u0101des tehnolo\u0123iju \u2013 dabisk\u0101ka pieeja uzturam veterin\u0101r\u0101rsta uzraudz\u012bb\u0101<\/p>\n<\/li>\n<\/ul>\n<p data-start=\"6101\" data-end=\"6128\"><strong data-start=\"6101\" data-end=\"6128\">Lieto\u0161anas instrukcija:<\/strong><\/p>\n<p data-start=\"6130\" data-end=\"6206\">Pak\u0101peniski p\u0101rejiet uz \u0161o sauso bar\u012bbu.<br data-start=\"6170\" data-end=\"6173\" \/>Vienm\u0113r nodro\u0161iniet svaigu \u016bdeni.<\/p>\n<p data-start=\"6208\" data-end=\"6548\"><strong data-start=\"6208\" data-end=\"6220\">SAST\u0100VS:<\/strong> \u017d\u0101v\u0113ta j\u0113ra ga\u013ca (34%), \u017e\u0101v\u0113ti saldie kartupe\u013ci, \u017e\u0101v\u0113ti kartupe\u013ci, liellopu tauki (15%), r\u012bsu milti (8%), j\u0113ra aknas (5%), auzu p\u0101rslas (4%), \u017e\u0101v\u0113ts \u0137irbis (2%), \u017e\u0101v\u0113tas j\u0113ra aknas (2%), kukur\u016bzas p\u0101rslas, \u017e\u0101v\u0113ti burk\u0101ni (1,2%), lins\u0113klas, cigori\u0146u ekstrakts, kalt\u0113ti gar\u0161augi, beta-glik\u0101ni, vitam\u012bnu un miner\u0101lvielu mais\u012bjums.<\/p>\n<p data-start=\"6550\" data-end=\"6716\"><strong data-start=\"6550\" data-end=\"6575\">ANAL\u012aTISKAIS SAST\u0100VS:<\/strong> Neapstr\u0101d\u0101tas olbaltumvielas 26 %, tauki 14 %, \u0161\u0137iedra 3,4 %, pelni 6,8 %, kalcijs 1,3 %, fosfors 0,95 %, n\u0101trijs 0,15 %, mitrums l\u012bdz 10 %.<\/p>\n<p data-start=\"6718\" data-end=\"7113\"><strong data-start=\"6718\" data-end=\"6738\">PIEDEVAS (1 kg):<\/strong><br data-start=\"6738\" data-end=\"6741\" \/>Vitam\u012bni: A 16988 IU, D3 1698 IU, E 170 mg, B1 4,98 mg, B2 8,83 mg, B6 6,78 mg, B12 0,07 mg, C 118 mg, Niac\u012bns 42,25 mg, Pantot\u0113nsk\u0101be 17,47 mg, Folijsk\u0101be 0,68 mg, Biot\u012bns 0,42 mg.<br data-start=\"6922\" data-end=\"6925\" \/>Miner\u0101li: Jods 4,07 mg, Sel\u0113ns 0,37 mg, Dzelzs 99 mg, Var\u0161 11,88 mg, Cinks 125,7 mg, Mang\u0101ns 11,88 mg, Hol\u012bna hlor\u012bds 1835 mg.<br data-start=\"7051\" data-end=\"7054\" \/>Antioksidanti: augu e\u013c\u013cu ekstrakti, bag\u0101ti ar tokoferoliem.<\/p>\n<p data-start=\"7115\" data-end=\"7149\">Metabolisk\u0101 ener\u0123ija: 3860 kcal\/kg<\/p>\n<p data-start=\"7151\" data-end=\"7236\"><strong data-start=\"7151\" data-end=\"7236\">Ieteicam\u0101 dienas deva JUNIOR kuc\u0113niem atkar\u012bb\u0101 no vecuma un pieaugu\u0161a su\u0146a svara:<\/strong><\/p>\n<div class=\"_tableContainer_1rjym_1\">\n<div class=\"group _tableWrapper_1rjym_13 flex w-fit flex-col-reverse\" tabindex=\"-1\">\n<table class=\"w-fit min-w-(--thread-content-width)\" data-start=\"7238\" data-end=\"7609\">\n<thead data-start=\"7238\" data-end=\"7309\">\n<tr data-start=\"7238\" data-end=\"7309\">\n<th data-start=\"7238\" data-end=\"7265\" data-col-size=\"sm\">Vecums \/ Pieaugu\u0161\u0101 svara<\/th>\n<th data-start=\"7265\" data-end=\"7272\" data-col-size=\"sm\">1 kg<\/th>\n<th data-start=\"7272\" data-end=\"7279\" data-col-size=\"sm\">2 kg<\/th>\n<th data-start=\"7279\" data-end=\"7286\" data-col-size=\"sm\">3 kg<\/th>\n<th data-start=\"7286\" data-end=\"7293\" data-col-size=\"sm\">5 kg<\/th>\n<th data-start=\"7293\" data-end=\"7300\" data-col-size=\"sm\">7 kg<\/th>\n<th data-start=\"7300\" data-end=\"7309\" data-col-size=\"sm\">10 kg<\/th>\n<\/tr>\n<\/thead>\n<tbody data-start=\"7382\" data-end=\"7609\">\n<tr data-start=\"7382\" data-end=\"7437\">\n<td data-start=\"7382\" data-end=\"7393\" data-col-size=\"sm\">2\u20133 m\u0113n.<\/td>\n<td data-col-size=\"sm\" data-start=\"7393\" data-end=\"7400\">30 g<\/td>\n<td data-col-size=\"sm\" data-start=\"7400\" data-end=\"7407\">35 g<\/td>\n<td data-col-size=\"sm\" data-start=\"7407\" data-end=\"7414\">50 g<\/td>\n<td data-col-size=\"sm\" data-start=\"7414\" data-end=\"7421\">60 g<\/td>\n<td data-col-size=\"sm\" data-start=\"7421\" data-end=\"7428\">75 g<\/td>\n<td data-col-size=\"sm\" data-start=\"7428\" data-end=\"7437\">100 g<\/td>\n<\/tr>\n<tr data-start=\"7438\" data-end=\"7493\">\n<td data-start=\"7438\" data-end=\"7449\" data-col-size=\"sm\">3\u20134 m\u0113n.<\/td>\n<td data-col-size=\"sm\" data-start=\"7449\" data-end=\"7456\">45 g<\/td>\n<td data-col-size=\"sm\" data-start=\"7456\" data-end=\"7463\">50 g<\/td>\n<td data-col-size=\"sm\" data-start=\"7463\" data-end=\"7470\">65 g<\/td>\n<td data-col-size=\"sm\" data-start=\"7470\" data-end=\"7477\">75 g<\/td>\n<td data-col-size=\"sm\" data-start=\"7477\" data-end=\"7484\">90 g<\/td>\n<td data-col-size=\"sm\" data-start=\"7484\" data-end=\"7493\">130 g<\/td>\n<\/tr>\n<tr data-start=\"7494\" data-end=\"7550\">\n<td data-start=\"7494\" data-end=\"7505\" data-col-size=\"sm\">4\u20136 m\u0113n.<\/td>\n<td data-col-size=\"sm\" data-start=\"7505\" data-end=\"7512\">55 g<\/td>\n<td data-col-size=\"sm\" data-start=\"7512\" data-end=\"7519\">60 g<\/td>\n<td data-col-size=\"sm\" data-start=\"7519\" data-end=\"7526\">75 g<\/td>\n<td data-col-size=\"sm\" data-start=\"7526\" data-end=\"7533\">90 g<\/td>\n<td data-col-size=\"sm\" data-start=\"7533\" data-end=\"7541\">120 g<\/td>\n<td data-col-size=\"sm\" data-start=\"7541\" data-end=\"7550\">150 g<\/td>\n<\/tr>\n<tr data-start=\"7551\" data-end=\"7609\">\n<td data-start=\"7551\" data-end=\"7563\" data-col-size=\"sm\">6\u201312 m\u0113n.<\/td>\n<td data-col-size=\"sm\" data-start=\"7563\" data-end=\"7570\">60 g<\/td>\n<td data-col-size=\"sm\" data-start=\"7570\" data-end=\"7577\">65 g<\/td>\n<td data-col-size=\"sm\" data-start=\"7577\" data-end=\"7584\">80 g<\/td>\n<td data-col-size=\"sm\" data-start=\"7584\" data-end=\"7592\">120 g<\/td>\n<td data-col-size=\"sm\" data-start=\"7592\" data-end=\"7600\">140 g<\/td>\n<td data-col-size=\"sm\" data-start=\"7600\" data-end=\"7609\">180 g<\/td>\n<\/tr>\n<\/tbody>\n<\/table>\n<\/div>\n<\/div>\n","protected":false},"featured_media":45624,"template":"","meta":[],"product_brand":[],"product_cat":[575],"product_tag":[],"class_list":{"0":"post-45666","1":"product","2":"type-product","3":"status-publish","4":"has-post-thumbnail","6":"product_cat-sausa-bariba-suniem","8":"first","9":"instock","10":"sale","11":"taxable","12":"shipping-taxable","13":"purchasable","14":"product-type-simple"},"yoast_head":"<!-- This site is optimized with the Yoast SEO plugin v27.2 - https:\/\/yoast.com\/product\/yoast-seo-wordpress\/ -->\n<title>Ibero Natural Mini Junior auksti pres\u0113ta bar\u012bba ar j\u0113ru, 3 kg - MiuMjau<\/title>\n<meta name=\"robots\" content=\"index, follow, max-snippet:-1, max-image-preview:large, max-video-preview:-1\" \/>\n<link rel=\"canonical\" href=\"https:\/\/miumjau.ee\/lv\/produkts\/ibero-natural-mini-junior-auksti-preseta-bariba-ar-jeru-3-kg\/\" \/>\n<meta property=\"og:locale\" content=\"lv_LV\" \/>\n<meta property=\"og:type\" content=\"article\" \/>\n<meta property=\"og:title\" content=\"Ibero Natural Mini Junior auksti pres\u0113ta bar\u012bba ar j\u0113ru, 3 kg - MiuMjau\" \/>\n<meta property=\"og:description\" content=\"Pilnv\u0113rt\u012bga auksti pres\u0113ta su\u0146u bar\u012bba, kas satur visas nepiecie\u0161am\u0101s uzturvielas mazo \u0161\u0137ir\u0146u JUNIOR su\u0146iem. Apvieno auksti pres\u0113tas bar\u012bbas priek\u0161roc\u012bbas un jaunas gar\u0161as Ibero s\u0113rij\u0101. Saglab\u0101 Ibero s\u0113rijas galven\u0101s priek\u0161roc\u012bbas \u2013 daudz \u017e\u0101v\u0113tas ga\u013cas no viet\u0113j\u0101m saimniec\u012bb\u0101m. 100 % DAB\u012aGA \u2013 t\u0101pat k\u0101 visa Ibero l\u012bnija \u2013 bez \u0137imik\u0101lij\u0101m un \u0122MO. Auksti pres\u0113t\u0101 bar\u012bb\u0101 nepiecie\u0161ams maz\u0101ks daudzums \u2013 t\u0101 ir barojo\u0161\u0101ka, t\u0101d\u0113\u013c pat, ja bar\u012bba ir d\u0101rg\u0101ka, t\u0101 var b\u016bt izdev\u012bg\u0101ka, jo maiss kalpo ilg\u0101k. Auksti pres\u0113ta bar\u012bba ir piem\u0113rota:     Su\u0146iem stresa apst\u0101k\u013cos \u2013 koncentr\u0113ta, barojo\u0161a bar\u012bba    Gr\u016bsn\u0101m kuc\u0113m \u2013 barojo\u0161a di\u0113ta vi\u0146ai un kuc\u0113nam    Audz\u0113t\u0101jiem, kuri izv\u0113las cit\u0101du apstr\u0101des tehnolo\u0123iju \u2013 dabisk\u0101ka pieeja uzturam veterin\u0101r\u0101rsta uzraudz\u012bb\u0101   Lieto\u0161anas instrukcija: Pak\u0101peniski p\u0101rejiet uz \u0161o sauso bar\u012bbu.Vienm\u0113r nodro\u0161iniet svaigu \u016bdeni. SAST\u0100VS: \u017d\u0101v\u0113ta j\u0113ra ga\u013ca (34%), \u017e\u0101v\u0113ti saldie kartupe\u013ci, \u017e\u0101v\u0113ti kartupe\u013ci, liellopu tauki (15%), r\u012bsu milti (8%), j\u0113ra aknas (5%), auzu p\u0101rslas (4%), \u017e\u0101v\u0113ts \u0137irbis (2%), \u017e\u0101v\u0113tas j\u0113ra aknas (2%), kukur\u016bzas p\u0101rslas, \u017e\u0101v\u0113ti burk\u0101ni (1,2%), lins\u0113klas, cigori\u0146u ekstrakts, kalt\u0113ti gar\u0161augi, beta-glik\u0101ni, vitam\u012bnu un miner\u0101lvielu mais\u012bjums. ANAL\u012aTISKAIS SAST\u0100VS: Neapstr\u0101d\u0101tas olbaltumvielas 26 %, tauki 14 %, \u0161\u0137iedra 3,4 %, pelni 6,8 %, kalcijs 1,3 %, fosfors 0,95 %, n\u0101trijs 0,15 %, mitrums l\u012bdz 10 %. PIEDEVAS (1 kg):Vitam\u012bni: A 16988 IU, D3 1698 IU, E 170 mg, B1 4,98 mg, B2 8,83 mg, B6 6,78 mg, B12 0,07 mg, C 118 mg, Niac\u012bns 42,25 mg, Pantot\u0113nsk\u0101be 17,47 mg, Folijsk\u0101be 0,68 mg, Biot\u012bns 0,42 mg.Miner\u0101li: Jods 4,07 mg, Sel\u0113ns 0,37 mg, Dzelzs 99 mg, Var\u0161 11,88 mg, Cinks 125,7 mg, Mang\u0101ns 11,88 mg, Hol\u012bna hlor\u012bds 1835 mg.Antioksidanti: augu e\u013c\u013cu ekstrakti, bag\u0101ti ar tokoferoliem. Metabolisk\u0101 ener\u0123ija: 3860 kcal\/kg Ieteicam\u0101 dienas deva JUNIOR kuc\u0113niem atkar\u012bb\u0101 no vecuma un pieaugu\u0161a su\u0146a svara:       Vecums \/ Pieaugu\u0161\u0101 svara 1 kg 2 kg 3 kg 5 kg 7 kg 10 kg     2\u20133 m\u0113n. 30 g 35 g 50 g 60 g 75 g 100 g   3\u20134 m\u0113n. 45 g 50 g 65 g 75 g 90 g 130 g   4\u20136 m\u0113n. 55 g 60 g 75 g 90 g 120 g 150 g   6\u201312 m\u0113n. 60 g 65 g 80 g 120 g 140 g 180 g\" \/>\n<meta property=\"og:url\" content=\"https:\/\/miumjau.ee\/lv\/produkts\/ibero-natural-mini-junior-auksti-preseta-bariba-ar-jeru-3-kg\/\" \/>\n<meta property=\"og:site_name\" content=\"MiuMjau\" \/>\n<meta property=\"article:publisher\" content=\"https:\/\/www.facebook.com\/miumjaupood\/\" \/>\n<meta property=\"article:modified_time\" content=\"2026-01-07T19:23:47+00:00\" \/>\n<meta property=\"og:image\" content=\"https:\/\/miumjau.ee\/wp-content\/uploads\/2025\/11\/ibero-natural-kulmpress-mini-lamb-junior.jpg\" \/>\n\t<meta property=\"og:image:width\" content=\"600\" \/>\n\t<meta property=\"og:image:height\" content=\"800\" \/>\n\t<meta property=\"og:image:type\" content=\"image\/jpeg\" \/>\n<meta name=\"twitter:card\" content=\"summary_large_image\" \/>\n<script type=\"application\/ld+json\" class=\"yoast-schema-graph\">{\"@context\":\"https:\/\/schema.org\",\"@graph\":[{\"@type\":\"WebPage\",\"@id\":\"https:\/\/miumjau.ee\/lv\/produkts\/ibero-natural-mini-junior-auksti-preseta-bariba-ar-jeru-3-kg\/\",\"url\":\"https:\/\/miumjau.ee\/lv\/produkts\/ibero-natural-mini-junior-auksti-preseta-bariba-ar-jeru-3-kg\/\",\"name\":\"Ibero Natural Mini Junior auksti pres\u0113ta bar\u012bba ar j\u0113ru, 3 kg - MiuMjau\",\"isPartOf\":{\"@id\":\"https:\/\/miumjau.ee\/#website\"},\"primaryImageOfPage\":{\"@id\":\"https:\/\/miumjau.ee\/lv\/produkts\/ibero-natural-mini-junior-auksti-preseta-bariba-ar-jeru-3-kg\/#primaryimage\"},\"image\":{\"@id\":\"https:\/\/miumjau.ee\/lv\/produkts\/ibero-natural-mini-junior-auksti-preseta-bariba-ar-jeru-3-kg\/#primaryimage\"},\"thumbnailUrl\":\"https:\/\/miumjau.ee\/wp-content\/uploads\/2025\/11\/ibero-natural-kulmpress-mini-lamb-junior.jpg\",\"datePublished\":\"2025-11-26T09:25:15+00:00\",\"dateModified\":\"2026-01-07T19:23:47+00:00\",\"breadcrumb\":{\"@id\":\"https:\/\/miumjau.ee\/lv\/produkts\/ibero-natural-mini-junior-auksti-preseta-bariba-ar-jeru-3-kg\/#breadcrumb\"},\"inLanguage\":\"lv-LV\",\"potentialAction\":[{\"@type\":\"ReadAction\",\"target\":[\"https:\/\/miumjau.ee\/lv\/produkts\/ibero-natural-mini-junior-auksti-preseta-bariba-ar-jeru-3-kg\/\"]}]},{\"@type\":\"ImageObject\",\"inLanguage\":\"lv-LV\",\"@id\":\"https:\/\/miumjau.ee\/lv\/produkts\/ibero-natural-mini-junior-auksti-preseta-bariba-ar-jeru-3-kg\/#primaryimage\",\"url\":\"https:\/\/miumjau.ee\/wp-content\/uploads\/2025\/11\/ibero-natural-kulmpress-mini-lamb-junior.jpg\",\"contentUrl\":\"https:\/\/miumjau.ee\/wp-content\/uploads\/2025\/11\/ibero-natural-kulmpress-mini-lamb-junior.jpg\",\"width\":600,\"height\":800,\"caption\":\"Ibero Natural Mini Adult Iberico k\u00fclmpressitud toit, 3kg\"},{\"@type\":\"BreadcrumbList\",\"@id\":\"https:\/\/miumjau.ee\/lv\/produkts\/ibero-natural-mini-junior-auksti-preseta-bariba-ar-jeru-3-kg\/#breadcrumb\",\"itemListElement\":[{\"@type\":\"ListItem\",\"position\":1,\"name\":\"Home\",\"item\":\"https:\/\/miumjau.ee\/lv\/\"},{\"@type\":\"ListItem\",\"position\":2,\"name\":\"Veikals\",\"item\":\"https:\/\/miumjau.ee\/lv\/veikals\/\"},{\"@type\":\"ListItem\",\"position\":3,\"name\":\"Ibero Natural Mini Junior auksti pres\u0113ta bar\u012bba ar j\u0113ru, 3 kg\"}]},{\"@type\":\"WebSite\",\"@id\":\"https:\/\/miumjau.ee\/#website\",\"url\":\"https:\/\/miumjau.ee\/\",\"name\":\"MiuMjau\",\"description\":\"Kraapimispuud kassidele\",\"publisher\":{\"@id\":\"https:\/\/miumjau.ee\/#organization\"},\"potentialAction\":[{\"@type\":\"SearchAction\",\"target\":{\"@type\":\"EntryPoint\",\"urlTemplate\":\"https:\/\/miumjau.ee\/?s={search_term_string}\"},\"query-input\":{\"@type\":\"PropertyValueSpecification\",\"valueRequired\":true,\"valueName\":\"search_term_string\"}}],\"inLanguage\":\"lv-LV\"},{\"@type\":\"Organization\",\"@id\":\"https:\/\/miumjau.ee\/#organization\",\"name\":\"MiuMjau O\u00dc\",\"url\":\"https:\/\/miumjau.ee\/\",\"logo\":{\"@type\":\"ImageObject\",\"inLanguage\":\"lv-LV\",\"@id\":\"https:\/\/miumjau.ee\/#\/schema\/logo\/image\/\",\"url\":\"https:\/\/miumjau.ee\/wp-content\/uploads\/2022\/04\/MiuMjau-logo-kollane.png\",\"contentUrl\":\"https:\/\/miumjau.ee\/wp-content\/uploads\/2022\/04\/MiuMjau-logo-kollane.png\",\"width\":219,\"height\":100,\"caption\":\"MiuMjau O\u00dc\"},\"image\":{\"@id\":\"https:\/\/miumjau.ee\/#\/schema\/logo\/image\/\"},\"sameAs\":[\"https:\/\/www.facebook.com\/miumjaupood\/\"]}]}<\/script>\n<!-- \/ Yoast SEO plugin. -->","yoast_head_json":{"title":"Ibero Natural Mini Junior auksti pres\u0113ta bar\u012bba ar j\u0113ru, 3 kg - MiuMjau","robots":{"index":"index","follow":"follow","max-snippet":"max-snippet:-1","max-image-preview":"max-image-preview:large","max-video-preview":"max-video-preview:-1"},"canonical":"https:\/\/miumjau.ee\/lv\/produkts\/ibero-natural-mini-junior-auksti-preseta-bariba-ar-jeru-3-kg\/","og_locale":"lv_LV","og_type":"article","og_title":"Ibero Natural Mini Junior auksti pres\u0113ta bar\u012bba ar j\u0113ru, 3 kg - MiuMjau","og_description":"Pilnv\u0113rt\u012bga auksti pres\u0113ta su\u0146u bar\u012bba, kas satur visas nepiecie\u0161am\u0101s uzturvielas mazo \u0161\u0137ir\u0146u JUNIOR su\u0146iem. Apvieno auksti pres\u0113tas bar\u012bbas priek\u0161roc\u012bbas un jaunas gar\u0161as Ibero s\u0113rij\u0101. Saglab\u0101 Ibero s\u0113rijas galven\u0101s priek\u0161roc\u012bbas \u2013 daudz \u017e\u0101v\u0113tas ga\u013cas no viet\u0113j\u0101m saimniec\u012bb\u0101m. 100 % DAB\u012aGA \u2013 t\u0101pat k\u0101 visa Ibero l\u012bnija \u2013 bez \u0137imik\u0101lij\u0101m un \u0122MO. Auksti pres\u0113t\u0101 bar\u012bb\u0101 nepiecie\u0161ams maz\u0101ks daudzums \u2013 t\u0101 ir barojo\u0161\u0101ka, t\u0101d\u0113\u013c pat, ja bar\u012bba ir d\u0101rg\u0101ka, t\u0101 var b\u016bt izdev\u012bg\u0101ka, jo maiss kalpo ilg\u0101k. Auksti pres\u0113ta bar\u012bba ir piem\u0113rota:     Su\u0146iem stresa apst\u0101k\u013cos \u2013 koncentr\u0113ta, barojo\u0161a bar\u012bba    Gr\u016bsn\u0101m kuc\u0113m \u2013 barojo\u0161a di\u0113ta vi\u0146ai un kuc\u0113nam    Audz\u0113t\u0101jiem, kuri izv\u0113las cit\u0101du apstr\u0101des tehnolo\u0123iju \u2013 dabisk\u0101ka pieeja uzturam veterin\u0101r\u0101rsta uzraudz\u012bb\u0101   Lieto\u0161anas instrukcija: Pak\u0101peniski p\u0101rejiet uz \u0161o sauso bar\u012bbu.Vienm\u0113r nodro\u0161iniet svaigu \u016bdeni. SAST\u0100VS: \u017d\u0101v\u0113ta j\u0113ra ga\u013ca (34%), \u017e\u0101v\u0113ti saldie kartupe\u013ci, \u017e\u0101v\u0113ti kartupe\u013ci, liellopu tauki (15%), r\u012bsu milti (8%), j\u0113ra aknas (5%), auzu p\u0101rslas (4%), \u017e\u0101v\u0113ts \u0137irbis (2%), \u017e\u0101v\u0113tas j\u0113ra aknas (2%), kukur\u016bzas p\u0101rslas, \u017e\u0101v\u0113ti burk\u0101ni (1,2%), lins\u0113klas, cigori\u0146u ekstrakts, kalt\u0113ti gar\u0161augi, beta-glik\u0101ni, vitam\u012bnu un miner\u0101lvielu mais\u012bjums. ANAL\u012aTISKAIS SAST\u0100VS: Neapstr\u0101d\u0101tas olbaltumvielas 26 %, tauki 14 %, \u0161\u0137iedra 3,4 %, pelni 6,8 %, kalcijs 1,3 %, fosfors 0,95 %, n\u0101trijs 0,15 %, mitrums l\u012bdz 10 %. PIEDEVAS (1 kg):Vitam\u012bni: A 16988 IU, D3 1698 IU, E 170 mg, B1 4,98 mg, B2 8,83 mg, B6 6,78 mg, B12 0,07 mg, C 118 mg, Niac\u012bns 42,25 mg, Pantot\u0113nsk\u0101be 17,47 mg, Folijsk\u0101be 0,68 mg, Biot\u012bns 0,42 mg.Miner\u0101li: Jods 4,07 mg, Sel\u0113ns 0,37 mg, Dzelzs 99 mg, Var\u0161 11,88 mg, Cinks 125,7 mg, Mang\u0101ns 11,88 mg, Hol\u012bna hlor\u012bds 1835 mg.Antioksidanti: augu e\u013c\u013cu ekstrakti, bag\u0101ti ar tokoferoliem. Metabolisk\u0101 ener\u0123ija: 3860 kcal\/kg Ieteicam\u0101 dienas deva JUNIOR kuc\u0113niem atkar\u012bb\u0101 no vecuma un pieaugu\u0161a su\u0146a svara:       Vecums \/ Pieaugu\u0161\u0101 svara 1 kg 2 kg 3 kg 5 kg 7 kg 10 kg     2\u20133 m\u0113n. 30 g 35 g 50 g 60 g 75 g 100 g   3\u20134 m\u0113n. 45 g 50 g 65 g 75 g 90 g 130 g   4\u20136 m\u0113n. 55 g 60 g 75 g 90 g 120 g 150 g   6\u201312 m\u0113n. 60 g 65 g 80 g 120 g 140 g 180 g","og_url":"https:\/\/miumjau.ee\/lv\/produkts\/ibero-natural-mini-junior-auksti-preseta-bariba-ar-jeru-3-kg\/","og_site_name":"MiuMjau","article_publisher":"https:\/\/www.facebook.com\/miumjaupood\/","article_modified_time":"2026-01-07T19:23:47+00:00","og_image":[{"width":600,"height":800,"url":"https:\/\/miumjau.ee\/wp-content\/uploads\/2025\/11\/ibero-natural-kulmpress-mini-lamb-junior.jpg","type":"image\/jpeg"}],"twitter_card":"summary_large_image","schema":{"@context":"https:\/\/schema.org","@graph":[{"@type":"WebPage","@id":"https:\/\/miumjau.ee\/lv\/produkts\/ibero-natural-mini-junior-auksti-preseta-bariba-ar-jeru-3-kg\/","url":"https:\/\/miumjau.ee\/lv\/produkts\/ibero-natural-mini-junior-auksti-preseta-bariba-ar-jeru-3-kg\/","name":"Ibero Natural Mini Junior auksti pres\u0113ta bar\u012bba ar j\u0113ru, 3 kg - MiuMjau","isPartOf":{"@id":"https:\/\/miumjau.ee\/#website"},"primaryImageOfPage":{"@id":"https:\/\/miumjau.ee\/lv\/produkts\/ibero-natural-mini-junior-auksti-preseta-bariba-ar-jeru-3-kg\/#primaryimage"},"image":{"@id":"https:\/\/miumjau.ee\/lv\/produkts\/ibero-natural-mini-junior-auksti-preseta-bariba-ar-jeru-3-kg\/#primaryimage"},"thumbnailUrl":"https:\/\/miumjau.ee\/wp-content\/uploads\/2025\/11\/ibero-natural-kulmpress-mini-lamb-junior.jpg","datePublished":"2025-11-26T09:25:15+00:00","dateModified":"2026-01-07T19:23:47+00:00","breadcrumb":{"@id":"https:\/\/miumjau.ee\/lv\/produkts\/ibero-natural-mini-junior-auksti-preseta-bariba-ar-jeru-3-kg\/#breadcrumb"},"inLanguage":"lv-LV","potentialAction":[{"@type":"ReadAction","target":["https:\/\/miumjau.ee\/lv\/produkts\/ibero-natural-mini-junior-auksti-preseta-bariba-ar-jeru-3-kg\/"]}]},{"@type":"ImageObject","inLanguage":"lv-LV","@id":"https:\/\/miumjau.ee\/lv\/produkts\/ibero-natural-mini-junior-auksti-preseta-bariba-ar-jeru-3-kg\/#primaryimage","url":"https:\/\/miumjau.ee\/wp-content\/uploads\/2025\/11\/ibero-natural-kulmpress-mini-lamb-junior.jpg","contentUrl":"https:\/\/miumjau.ee\/wp-content\/uploads\/2025\/11\/ibero-natural-kulmpress-mini-lamb-junior.jpg","width":600,"height":800,"caption":"Ibero Natural Mini Adult Iberico k\u00fclmpressitud toit, 3kg"},{"@type":"BreadcrumbList","@id":"https:\/\/miumjau.ee\/lv\/produkts\/ibero-natural-mini-junior-auksti-preseta-bariba-ar-jeru-3-kg\/#breadcrumb","itemListElement":[{"@type":"ListItem","position":1,"name":"Home","item":"https:\/\/miumjau.ee\/lv\/"},{"@type":"ListItem","position":2,"name":"Veikals","item":"https:\/\/miumjau.ee\/lv\/veikals\/"},{"@type":"ListItem","position":3,"name":"Ibero Natural Mini Junior auksti pres\u0113ta bar\u012bba ar j\u0113ru, 3 kg"}]},{"@type":"WebSite","@id":"https:\/\/miumjau.ee\/#website","url":"https:\/\/miumjau.ee\/","name":"MiuMjau","description":"Kraapimispuud kassidele","publisher":{"@id":"https:\/\/miumjau.ee\/#organization"},"potentialAction":[{"@type":"SearchAction","target":{"@type":"EntryPoint","urlTemplate":"https:\/\/miumjau.ee\/?s={search_term_string}"},"query-input":{"@type":"PropertyValueSpecification","valueRequired":true,"valueName":"search_term_string"}}],"inLanguage":"lv-LV"},{"@type":"Organization","@id":"https:\/\/miumjau.ee\/#organization","name":"MiuMjau O\u00dc","url":"https:\/\/miumjau.ee\/","logo":{"@type":"ImageObject","inLanguage":"lv-LV","@id":"https:\/\/miumjau.ee\/#\/schema\/logo\/image\/","url":"https:\/\/miumjau.ee\/wp-content\/uploads\/2022\/04\/MiuMjau-logo-kollane.png","contentUrl":"https:\/\/miumjau.ee\/wp-content\/uploads\/2022\/04\/MiuMjau-logo-kollane.png","width":219,"height":100,"caption":"MiuMjau O\u00dc"},"image":{"@id":"https:\/\/miumjau.ee\/#\/schema\/logo\/image\/"},"sameAs":["https:\/\/www.facebook.com\/miumjaupood\/"]}]}},"_links":{"self":[{"href":"https:\/\/miumjau.ee\/lv\/wp-json\/wp\/v2\/product\/45666","targetHints":{"allow":["GET"]}}],"collection":[{"href":"https:\/\/miumjau.ee\/lv\/wp-json\/wp\/v2\/product"}],"about":[{"href":"https:\/\/miumjau.ee\/lv\/wp-json\/wp\/v2\/types\/product"}],"wp:featuredmedia":[{"embeddable":true,"href":"https:\/\/miumjau.ee\/lv\/wp-json\/wp\/v2\/media\/45624"}],"wp:attachment":[{"href":"https:\/\/miumjau.ee\/lv\/wp-json\/wp\/v2\/media?parent=45666"}],"wp:term":[{"taxonomy":"product_brand","embeddable":true,"href":"https:\/\/miumjau.ee\/lv\/wp-json\/wp\/v2\/product_brand?post=45666"},{"taxonomy":"product_cat","embeddable":true,"href":"https:\/\/miumjau.ee\/lv\/wp-json\/wp\/v2\/product_cat?post=45666"},{"taxonomy":"product_tag","embeddable":true,"href":"https:\/\/miumjau.ee\/lv\/wp-json\/wp\/v2\/product_tag?post=45666"}],"curies":[{"name":"wp","href":"https:\/\/api.w.org\/{rel}","templated":true}]}}