{"id":45661,"date":"2025-11-26T11:26:24","date_gmt":"2025-11-26T09:26:24","guid":{"rendered":"https:\/\/miumjau.ee\/toode\/ibero-natural-mini-adult-iberico-auksti-preseta-bariba-3-kg\/"},"modified":"2026-01-07T21:23:47","modified_gmt":"2026-01-07T19:23:47","slug":"ibero-natural-mini-adult-iberico-auksti-preseta-bariba-3-kg","status":"publish","type":"product","link":"https:\/\/miumjau.ee\/lv\/produkts\/ibero-natural-mini-adult-iberico-auksti-preseta-bariba-3-kg\/","title":{"rendered":"Ibero Natural Mini Adult Iberico auksti pres\u0113ta bar\u012bba, 3 kg"},"content":{"rendered":"","protected":false},"excerpt":{"rendered":"<p data-start=\"5048\" data-end=\"5183\">Pilnv\u0113rt\u012bga auksti pres\u0113ta su\u0146u bar\u012bba, kas satur visas nepiecie\u0161am\u0101s uzturvielas pieaugu\u0161iem mazo \u0161\u0137ir\u0146u su\u0146iem \u2013 ar ib\u0113rijas c\u016bkga\u013cu.<\/p>\n<p data-start=\"5185\" data-end=\"5283\">Saglab\u0101 Ibero s\u0113rijas galven\u0101s priek\u0161roc\u012bbas \u2013 daudz \u017e\u0101v\u0113tas ga\u013cas, ga\u013ca no viet\u0113j\u0101m saimniec\u012bb\u0101m.<\/p>\n<p data-start=\"5285\" data-end=\"5351\">100% DAB\u012aGA \u2013 t\u0101pat k\u0101 visa Ibero l\u012bnija \u2013 bez \u0137imik\u0101lij\u0101m un \u0122MO.<\/p>\n<p data-start=\"5353\" data-end=\"5511\">Auksti pres\u0113t\u0101 bar\u012bb\u0101 nepiecie\u0161ams maz\u0101ks daudzums \u2013 t\u0101 ir barojo\u0161\u0101ka, t\u0101d\u0113\u013c, pat ja bar\u012bba ir d\u0101rg\u0101ka, galu gal\u0101 t\u0101 var b\u016bt izdev\u012bg\u0101ka, jo maiss kalpo ilg\u0101k.<\/p>\n<p data-start=\"5513\" data-end=\"5548\">Auksti pres\u0113ta bar\u012bba ir piem\u0113rota:<\/p>\n<ul data-start=\"5550\" data-end=\"5852\">\n<li data-start=\"5550\" data-end=\"5627\">\n<p data-start=\"5552\" data-end=\"5627\">Stresa situ\u0101cij\u0101s eso\u0161iem su\u0146iem \u2013 koncentr\u0113ta, uzturviel\u0101m bag\u0101ta bar\u012bba<\/p>\n<\/li>\n<li data-start=\"5628\" data-end=\"5718\">\n<p data-start=\"5630\" data-end=\"5718\">Gr\u016bsn\u0101m kuc\u0113m \u2013 barojo\u0161a di\u0113ta vi\u0146ai un kuc\u0113nam, v\u0113dera tilpuma samazin\u0101\u0161ana aug\u013ca d\u0113\u013c<\/p>\n<\/li>\n<li data-start=\"5719\" data-end=\"5852\">\n<p data-start=\"5721\" data-end=\"5852\">Audz\u0113t\u0101jiem, kuri izv\u0113las at\u0161\u0137ir\u012bgu apstr\u0101des tehnolo\u0123iju \u2013 tuv\u0101ka dab\u012bgai di\u0113tai, bet dro\u0161i apstr\u0101d\u0101ta veterin\u0101r\u0101rsta uzraudz\u012bb\u0101<\/p>\n<\/li>\n<\/ul>\n<p data-start=\"5854\" data-end=\"5881\"><strong data-start=\"5854\" data-end=\"5881\">Lieto\u0161anas instrukcija:<\/strong><\/p>\n<p data-start=\"5883\" data-end=\"5959\">Pak\u0101peniski p\u0101rejiet uz \u0161o sauso bar\u012bbu.<br data-start=\"5923\" data-end=\"5926\" \/>Vienm\u0113r nodro\u0161iniet svaigu \u016bdeni.<\/p>\n<p data-start=\"5961\" data-end=\"6331\"><strong data-start=\"5961\" data-end=\"5973\">SAST\u0100VS:<\/strong> \u017d\u0101v\u0113ta ib\u0113rijas c\u016bkga\u013ca (20%), \u017e\u0101v\u0113ta t\u012btara ga\u013ca (14%), \u017e\u0101v\u0113ti saldie kartupe\u013ci, kartupe\u013ci, liellopu tauki (13%), auzu p\u0101rslas (8%), c\u016bkas aknas (5%), \u017e\u0101v\u0113ts \u0137irbis (2%), \u017e\u0101v\u0113tas c\u016bkas aknas (2%), kukur\u016bzas p\u0101rslas, \u017e\u0101v\u0113ti burk\u0101ni (1,2%), lins\u0113klas, cigori\u0146u ekstrakts, \u017e\u0101v\u0113ti gar\u0161augi, beta-glik\u0101ni, skrim\u0161\u013cu ekstrakts, vitam\u012bnu un miner\u0101lvielu mais\u012bjums.<\/p>\n<p data-start=\"6333\" data-end=\"6529\"><strong data-start=\"6333\" data-end=\"6358\">ANAL\u012aTISKAIS SAST\u0100VS:<\/strong> Neapstr\u0101d\u0101tas olbaltumvielas 24%, neapstr\u0101d\u0101ti tauki 14%, neapstr\u0101d\u0101ta \u0161\u0137iedra 3,4%, neapstr\u0101d\u0101ti pelni 7,3%, kalcijs 1,1%, fosfors 0,85%, n\u0101trijs 0,15%, mitrums max 10%.<\/p>\n<p data-start=\"6531\" data-end=\"6983\"><strong data-start=\"6531\" data-end=\"6551\">PIEDEVAS (1 kg):<\/strong><br data-start=\"6551\" data-end=\"6554\" \/>Vitam\u012bni: A 17331 IU, D3 1733 IU, E 173 mg, B1 5,09 mg, B2 9 mg, B6 6,9 mg, B12 0,07 mg, C 121 mg, Niac\u012bns 43,1 mg, Pantot\u0113nsk\u0101be 17,8 mg, Folijsk\u0101be 0,69 mg, Biot\u012bns 0,43 mg.<br data-start=\"6729\" data-end=\"6732\" \/>Miner\u0101lvielas: Jods 4,6 mg, Sel\u0113ns 0,38 mg, Dzelzs 101 mg, Var\u0161 12,1 mg, Cinks 129 mg, Mang\u0101ns 12,1 mg, Hol\u012bna hlor\u012bds 1872 mg.<br data-start=\"6859\" data-end=\"6862\" \/>Loc\u012btavu vesel\u012bbai: Glikozam\u012bns 404 mg, Hondroit\u012bns 353 mg.<br data-start=\"6921\" data-end=\"6924\" \/>Antioksidanti: augu e\u013c\u013cu ekstrakti, bag\u0101ti ar tokoferoliem.<\/p>\n<p data-start=\"6985\" data-end=\"7019\">Metabolisk\u0101 ener\u0123ija: 3880 kcal\/kg<\/p>\n<p data-start=\"7021\" data-end=\"7070\"><strong data-start=\"7021\" data-end=\"7070\">Ieteicam\u0101 dienas deva atkar\u012bb\u0101 no su\u0146a svara:<\/strong><\/p>\n<div class=\"_tableContainer_1rjym_1\">\n<div class=\"group _tableWrapper_1rjym_13 flex w-fit flex-col-reverse\" tabindex=\"-1\">\n<table class=\"w-fit min-w-(--thread-content-width)\" data-start=\"7072\" data-end=\"7235\">\n<thead data-start=\"7072\" data-end=\"7124\">\n<tr data-start=\"7072\" data-end=\"7124\">\n<th data-start=\"7072\" data-end=\"7080\" data-col-size=\"sm\">Svars<\/th>\n<th data-start=\"7080\" data-end=\"7087\" data-col-size=\"sm\">1 kg<\/th>\n<th data-start=\"7087\" data-end=\"7094\" data-col-size=\"sm\">2 kg<\/th>\n<th data-start=\"7094\" data-end=\"7101\" data-col-size=\"sm\">3 kg<\/th>\n<th data-start=\"7101\" data-end=\"7108\" data-col-size=\"sm\">5 kg<\/th>\n<th data-start=\"7108\" data-end=\"7115\" data-col-size=\"sm\">7 kg<\/th>\n<th data-start=\"7115\" data-end=\"7124\" data-col-size=\"sm\">10 kg<\/th>\n<\/tr>\n<\/thead>\n<tbody data-start=\"7177\" data-end=\"7235\">\n<tr data-start=\"7177\" data-end=\"7235\">\n<td data-start=\"7177\" data-end=\"7191\" data-col-size=\"sm\">Dienas deva<\/td>\n<td data-col-size=\"sm\" data-start=\"7191\" data-end=\"7198\">27 g<\/td>\n<td data-col-size=\"sm\" data-start=\"7198\" data-end=\"7205\">35 g<\/td>\n<td data-col-size=\"sm\" data-start=\"7205\" data-end=\"7212\">45 g<\/td>\n<td data-col-size=\"sm\" data-start=\"7212\" data-end=\"7219\">65 g<\/td>\n<td data-col-size=\"sm\" data-start=\"7219\" data-end=\"7226\">85 g<\/td>\n<td data-col-size=\"sm\" data-start=\"7226\" data-end=\"7235\">115 g<\/td>\n<\/tr>\n<\/tbody>\n<\/table>\n<\/div>\n<\/div>\n","protected":false},"featured_media":45618,"template":"","meta":[],"product_brand":[],"product_cat":[575],"product_tag":[],"class_list":{"0":"post-45661","1":"product","2":"type-product","3":"status-publish","4":"has-post-thumbnail","6":"product_cat-sausa-bariba-suniem","8":"first","9":"instock","10":"sale","11":"taxable","12":"shipping-taxable","13":"purchasable","14":"product-type-simple"},"yoast_head":"<!-- This site is optimized with the Yoast SEO plugin v27.2 - https:\/\/yoast.com\/product\/yoast-seo-wordpress\/ -->\n<title>Ibero Natural Mini Adult Iberico auksti pres\u0113ta bar\u012bba, 3 kg - MiuMjau<\/title>\n<meta name=\"robots\" content=\"index, follow, max-snippet:-1, max-image-preview:large, max-video-preview:-1\" \/>\n<link rel=\"canonical\" href=\"https:\/\/miumjau.ee\/lv\/produkts\/ibero-natural-mini-adult-iberico-auksti-preseta-bariba-3-kg\/\" \/>\n<meta property=\"og:locale\" content=\"lv_LV\" \/>\n<meta property=\"og:type\" content=\"article\" \/>\n<meta property=\"og:title\" content=\"Ibero Natural Mini Adult Iberico auksti pres\u0113ta bar\u012bba, 3 kg - MiuMjau\" \/>\n<meta property=\"og:description\" content=\"Pilnv\u0113rt\u012bga auksti pres\u0113ta su\u0146u bar\u012bba, kas satur visas nepiecie\u0161am\u0101s uzturvielas pieaugu\u0161iem mazo \u0161\u0137ir\u0146u su\u0146iem \u2013 ar ib\u0113rijas c\u016bkga\u013cu. Saglab\u0101 Ibero s\u0113rijas galven\u0101s priek\u0161roc\u012bbas \u2013 daudz \u017e\u0101v\u0113tas ga\u013cas, ga\u013ca no viet\u0113j\u0101m saimniec\u012bb\u0101m. 100% DAB\u012aGA \u2013 t\u0101pat k\u0101 visa Ibero l\u012bnija \u2013 bez \u0137imik\u0101lij\u0101m un \u0122MO. Auksti pres\u0113t\u0101 bar\u012bb\u0101 nepiecie\u0161ams maz\u0101ks daudzums \u2013 t\u0101 ir barojo\u0161\u0101ka, t\u0101d\u0113\u013c, pat ja bar\u012bba ir d\u0101rg\u0101ka, galu gal\u0101 t\u0101 var b\u016bt izdev\u012bg\u0101ka, jo maiss kalpo ilg\u0101k. Auksti pres\u0113ta bar\u012bba ir piem\u0113rota:     Stresa situ\u0101cij\u0101s eso\u0161iem su\u0146iem \u2013 koncentr\u0113ta, uzturviel\u0101m bag\u0101ta bar\u012bba    Gr\u016bsn\u0101m kuc\u0113m \u2013 barojo\u0161a di\u0113ta vi\u0146ai un kuc\u0113nam, v\u0113dera tilpuma samazin\u0101\u0161ana aug\u013ca d\u0113\u013c    Audz\u0113t\u0101jiem, kuri izv\u0113las at\u0161\u0137ir\u012bgu apstr\u0101des tehnolo\u0123iju \u2013 tuv\u0101ka dab\u012bgai di\u0113tai, bet dro\u0161i apstr\u0101d\u0101ta veterin\u0101r\u0101rsta uzraudz\u012bb\u0101   Lieto\u0161anas instrukcija: Pak\u0101peniski p\u0101rejiet uz \u0161o sauso bar\u012bbu.Vienm\u0113r nodro\u0161iniet svaigu \u016bdeni. SAST\u0100VS: \u017d\u0101v\u0113ta ib\u0113rijas c\u016bkga\u013ca (20%), \u017e\u0101v\u0113ta t\u012btara ga\u013ca (14%), \u017e\u0101v\u0113ti saldie kartupe\u013ci, kartupe\u013ci, liellopu tauki (13%), auzu p\u0101rslas (8%), c\u016bkas aknas (5%), \u017e\u0101v\u0113ts \u0137irbis (2%), \u017e\u0101v\u0113tas c\u016bkas aknas (2%), kukur\u016bzas p\u0101rslas, \u017e\u0101v\u0113ti burk\u0101ni (1,2%), lins\u0113klas, cigori\u0146u ekstrakts, \u017e\u0101v\u0113ti gar\u0161augi, beta-glik\u0101ni, skrim\u0161\u013cu ekstrakts, vitam\u012bnu un miner\u0101lvielu mais\u012bjums. ANAL\u012aTISKAIS SAST\u0100VS: Neapstr\u0101d\u0101tas olbaltumvielas 24%, neapstr\u0101d\u0101ti tauki 14%, neapstr\u0101d\u0101ta \u0161\u0137iedra 3,4%, neapstr\u0101d\u0101ti pelni 7,3%, kalcijs 1,1%, fosfors 0,85%, n\u0101trijs 0,15%, mitrums max 10%. PIEDEVAS (1 kg):Vitam\u012bni: A 17331 IU, D3 1733 IU, E 173 mg, B1 5,09 mg, B2 9 mg, B6 6,9 mg, B12 0,07 mg, C 121 mg, Niac\u012bns 43,1 mg, Pantot\u0113nsk\u0101be 17,8 mg, Folijsk\u0101be 0,69 mg, Biot\u012bns 0,43 mg.Miner\u0101lvielas: Jods 4,6 mg, Sel\u0113ns 0,38 mg, Dzelzs 101 mg, Var\u0161 12,1 mg, Cinks 129 mg, Mang\u0101ns 12,1 mg, Hol\u012bna hlor\u012bds 1872 mg.Loc\u012btavu vesel\u012bbai: Glikozam\u012bns 404 mg, Hondroit\u012bns 353 mg.Antioksidanti: augu e\u013c\u013cu ekstrakti, bag\u0101ti ar tokoferoliem. Metabolisk\u0101 ener\u0123ija: 3880 kcal\/kg Ieteicam\u0101 dienas deva atkar\u012bb\u0101 no su\u0146a svara:       Svars 1 kg 2 kg 3 kg 5 kg 7 kg 10 kg     Dienas deva 27 g 35 g 45 g 65 g 85 g 115 g\" \/>\n<meta property=\"og:url\" content=\"https:\/\/miumjau.ee\/lv\/produkts\/ibero-natural-mini-adult-iberico-auksti-preseta-bariba-3-kg\/\" \/>\n<meta property=\"og:site_name\" content=\"MiuMjau\" \/>\n<meta property=\"article:publisher\" content=\"https:\/\/www.facebook.com\/miumjaupood\/\" \/>\n<meta property=\"article:modified_time\" content=\"2026-01-07T19:23:47+00:00\" \/>\n<meta property=\"og:image\" content=\"https:\/\/miumjau.ee\/wp-content\/uploads\/2025\/11\/ibero-natural-kulmpress-mini-iberico.jpg\" \/>\n\t<meta property=\"og:image:width\" content=\"600\" \/>\n\t<meta property=\"og:image:height\" content=\"800\" \/>\n\t<meta property=\"og:image:type\" content=\"image\/jpeg\" \/>\n<meta name=\"twitter:card\" content=\"summary_large_image\" \/>\n<script type=\"application\/ld+json\" class=\"yoast-schema-graph\">{\"@context\":\"https:\/\/schema.org\",\"@graph\":[{\"@type\":\"WebPage\",\"@id\":\"https:\/\/miumjau.ee\/lv\/produkts\/ibero-natural-mini-adult-iberico-auksti-preseta-bariba-3-kg\/\",\"url\":\"https:\/\/miumjau.ee\/lv\/produkts\/ibero-natural-mini-adult-iberico-auksti-preseta-bariba-3-kg\/\",\"name\":\"Ibero Natural Mini Adult Iberico auksti pres\u0113ta bar\u012bba, 3 kg - MiuMjau\",\"isPartOf\":{\"@id\":\"https:\/\/miumjau.ee\/#website\"},\"primaryImageOfPage\":{\"@id\":\"https:\/\/miumjau.ee\/lv\/produkts\/ibero-natural-mini-adult-iberico-auksti-preseta-bariba-3-kg\/#primaryimage\"},\"image\":{\"@id\":\"https:\/\/miumjau.ee\/lv\/produkts\/ibero-natural-mini-adult-iberico-auksti-preseta-bariba-3-kg\/#primaryimage\"},\"thumbnailUrl\":\"https:\/\/miumjau.ee\/wp-content\/uploads\/2025\/11\/ibero-natural-kulmpress-mini-iberico.jpg\",\"datePublished\":\"2025-11-26T09:26:24+00:00\",\"dateModified\":\"2026-01-07T19:23:47+00:00\",\"breadcrumb\":{\"@id\":\"https:\/\/miumjau.ee\/lv\/produkts\/ibero-natural-mini-adult-iberico-auksti-preseta-bariba-3-kg\/#breadcrumb\"},\"inLanguage\":\"lv-LV\",\"potentialAction\":[{\"@type\":\"ReadAction\",\"target\":[\"https:\/\/miumjau.ee\/lv\/produkts\/ibero-natural-mini-adult-iberico-auksti-preseta-bariba-3-kg\/\"]}]},{\"@type\":\"ImageObject\",\"inLanguage\":\"lv-LV\",\"@id\":\"https:\/\/miumjau.ee\/lv\/produkts\/ibero-natural-mini-adult-iberico-auksti-preseta-bariba-3-kg\/#primaryimage\",\"url\":\"https:\/\/miumjau.ee\/wp-content\/uploads\/2025\/11\/ibero-natural-kulmpress-mini-iberico.jpg\",\"contentUrl\":\"https:\/\/miumjau.ee\/wp-content\/uploads\/2025\/11\/ibero-natural-kulmpress-mini-iberico.jpg\",\"width\":600,\"height\":800,\"caption\":\"Ibero Natural Mini Adult Iberico k\u00fclmpressitud toit, 3kg\"},{\"@type\":\"BreadcrumbList\",\"@id\":\"https:\/\/miumjau.ee\/lv\/produkts\/ibero-natural-mini-adult-iberico-auksti-preseta-bariba-3-kg\/#breadcrumb\",\"itemListElement\":[{\"@type\":\"ListItem\",\"position\":1,\"name\":\"Home\",\"item\":\"https:\/\/miumjau.ee\/lv\/\"},{\"@type\":\"ListItem\",\"position\":2,\"name\":\"Veikals\",\"item\":\"https:\/\/miumjau.ee\/lv\/veikals\/\"},{\"@type\":\"ListItem\",\"position\":3,\"name\":\"Ibero Natural Mini Adult Iberico auksti pres\u0113ta bar\u012bba, 3 kg\"}]},{\"@type\":\"WebSite\",\"@id\":\"https:\/\/miumjau.ee\/#website\",\"url\":\"https:\/\/miumjau.ee\/\",\"name\":\"MiuMjau\",\"description\":\"Kraapimispuud kassidele\",\"publisher\":{\"@id\":\"https:\/\/miumjau.ee\/#organization\"},\"potentialAction\":[{\"@type\":\"SearchAction\",\"target\":{\"@type\":\"EntryPoint\",\"urlTemplate\":\"https:\/\/miumjau.ee\/?s={search_term_string}\"},\"query-input\":{\"@type\":\"PropertyValueSpecification\",\"valueRequired\":true,\"valueName\":\"search_term_string\"}}],\"inLanguage\":\"lv-LV\"},{\"@type\":\"Organization\",\"@id\":\"https:\/\/miumjau.ee\/#organization\",\"name\":\"MiuMjau O\u00dc\",\"url\":\"https:\/\/miumjau.ee\/\",\"logo\":{\"@type\":\"ImageObject\",\"inLanguage\":\"lv-LV\",\"@id\":\"https:\/\/miumjau.ee\/#\/schema\/logo\/image\/\",\"url\":\"https:\/\/miumjau.ee\/wp-content\/uploads\/2022\/04\/MiuMjau-logo-kollane.png\",\"contentUrl\":\"https:\/\/miumjau.ee\/wp-content\/uploads\/2022\/04\/MiuMjau-logo-kollane.png\",\"width\":219,\"height\":100,\"caption\":\"MiuMjau O\u00dc\"},\"image\":{\"@id\":\"https:\/\/miumjau.ee\/#\/schema\/logo\/image\/\"},\"sameAs\":[\"https:\/\/www.facebook.com\/miumjaupood\/\"]}]}<\/script>\n<!-- \/ Yoast SEO plugin. -->","yoast_head_json":{"title":"Ibero Natural Mini Adult Iberico auksti pres\u0113ta bar\u012bba, 3 kg - MiuMjau","robots":{"index":"index","follow":"follow","max-snippet":"max-snippet:-1","max-image-preview":"max-image-preview:large","max-video-preview":"max-video-preview:-1"},"canonical":"https:\/\/miumjau.ee\/lv\/produkts\/ibero-natural-mini-adult-iberico-auksti-preseta-bariba-3-kg\/","og_locale":"lv_LV","og_type":"article","og_title":"Ibero Natural Mini Adult Iberico auksti pres\u0113ta bar\u012bba, 3 kg - MiuMjau","og_description":"Pilnv\u0113rt\u012bga auksti pres\u0113ta su\u0146u bar\u012bba, kas satur visas nepiecie\u0161am\u0101s uzturvielas pieaugu\u0161iem mazo \u0161\u0137ir\u0146u su\u0146iem \u2013 ar ib\u0113rijas c\u016bkga\u013cu. Saglab\u0101 Ibero s\u0113rijas galven\u0101s priek\u0161roc\u012bbas \u2013 daudz \u017e\u0101v\u0113tas ga\u013cas, ga\u013ca no viet\u0113j\u0101m saimniec\u012bb\u0101m. 100% DAB\u012aGA \u2013 t\u0101pat k\u0101 visa Ibero l\u012bnija \u2013 bez \u0137imik\u0101lij\u0101m un \u0122MO. Auksti pres\u0113t\u0101 bar\u012bb\u0101 nepiecie\u0161ams maz\u0101ks daudzums \u2013 t\u0101 ir barojo\u0161\u0101ka, t\u0101d\u0113\u013c, pat ja bar\u012bba ir d\u0101rg\u0101ka, galu gal\u0101 t\u0101 var b\u016bt izdev\u012bg\u0101ka, jo maiss kalpo ilg\u0101k. Auksti pres\u0113ta bar\u012bba ir piem\u0113rota:     Stresa situ\u0101cij\u0101s eso\u0161iem su\u0146iem \u2013 koncentr\u0113ta, uzturviel\u0101m bag\u0101ta bar\u012bba    Gr\u016bsn\u0101m kuc\u0113m \u2013 barojo\u0161a di\u0113ta vi\u0146ai un kuc\u0113nam, v\u0113dera tilpuma samazin\u0101\u0161ana aug\u013ca d\u0113\u013c    Audz\u0113t\u0101jiem, kuri izv\u0113las at\u0161\u0137ir\u012bgu apstr\u0101des tehnolo\u0123iju \u2013 tuv\u0101ka dab\u012bgai di\u0113tai, bet dro\u0161i apstr\u0101d\u0101ta veterin\u0101r\u0101rsta uzraudz\u012bb\u0101   Lieto\u0161anas instrukcija: Pak\u0101peniski p\u0101rejiet uz \u0161o sauso bar\u012bbu.Vienm\u0113r nodro\u0161iniet svaigu \u016bdeni. SAST\u0100VS: \u017d\u0101v\u0113ta ib\u0113rijas c\u016bkga\u013ca (20%), \u017e\u0101v\u0113ta t\u012btara ga\u013ca (14%), \u017e\u0101v\u0113ti saldie kartupe\u013ci, kartupe\u013ci, liellopu tauki (13%), auzu p\u0101rslas (8%), c\u016bkas aknas (5%), \u017e\u0101v\u0113ts \u0137irbis (2%), \u017e\u0101v\u0113tas c\u016bkas aknas (2%), kukur\u016bzas p\u0101rslas, \u017e\u0101v\u0113ti burk\u0101ni (1,2%), lins\u0113klas, cigori\u0146u ekstrakts, \u017e\u0101v\u0113ti gar\u0161augi, beta-glik\u0101ni, skrim\u0161\u013cu ekstrakts, vitam\u012bnu un miner\u0101lvielu mais\u012bjums. ANAL\u012aTISKAIS SAST\u0100VS: Neapstr\u0101d\u0101tas olbaltumvielas 24%, neapstr\u0101d\u0101ti tauki 14%, neapstr\u0101d\u0101ta \u0161\u0137iedra 3,4%, neapstr\u0101d\u0101ti pelni 7,3%, kalcijs 1,1%, fosfors 0,85%, n\u0101trijs 0,15%, mitrums max 10%. PIEDEVAS (1 kg):Vitam\u012bni: A 17331 IU, D3 1733 IU, E 173 mg, B1 5,09 mg, B2 9 mg, B6 6,9 mg, B12 0,07 mg, C 121 mg, Niac\u012bns 43,1 mg, Pantot\u0113nsk\u0101be 17,8 mg, Folijsk\u0101be 0,69 mg, Biot\u012bns 0,43 mg.Miner\u0101lvielas: Jods 4,6 mg, Sel\u0113ns 0,38 mg, Dzelzs 101 mg, Var\u0161 12,1 mg, Cinks 129 mg, Mang\u0101ns 12,1 mg, Hol\u012bna hlor\u012bds 1872 mg.Loc\u012btavu vesel\u012bbai: Glikozam\u012bns 404 mg, Hondroit\u012bns 353 mg.Antioksidanti: augu e\u013c\u013cu ekstrakti, bag\u0101ti ar tokoferoliem. Metabolisk\u0101 ener\u0123ija: 3880 kcal\/kg Ieteicam\u0101 dienas deva atkar\u012bb\u0101 no su\u0146a svara:       Svars 1 kg 2 kg 3 kg 5 kg 7 kg 10 kg     Dienas deva 27 g 35 g 45 g 65 g 85 g 115 g","og_url":"https:\/\/miumjau.ee\/lv\/produkts\/ibero-natural-mini-adult-iberico-auksti-preseta-bariba-3-kg\/","og_site_name":"MiuMjau","article_publisher":"https:\/\/www.facebook.com\/miumjaupood\/","article_modified_time":"2026-01-07T19:23:47+00:00","og_image":[{"width":600,"height":800,"url":"https:\/\/miumjau.ee\/wp-content\/uploads\/2025\/11\/ibero-natural-kulmpress-mini-iberico.jpg","type":"image\/jpeg"}],"twitter_card":"summary_large_image","schema":{"@context":"https:\/\/schema.org","@graph":[{"@type":"WebPage","@id":"https:\/\/miumjau.ee\/lv\/produkts\/ibero-natural-mini-adult-iberico-auksti-preseta-bariba-3-kg\/","url":"https:\/\/miumjau.ee\/lv\/produkts\/ibero-natural-mini-adult-iberico-auksti-preseta-bariba-3-kg\/","name":"Ibero Natural Mini Adult Iberico auksti pres\u0113ta bar\u012bba, 3 kg - MiuMjau","isPartOf":{"@id":"https:\/\/miumjau.ee\/#website"},"primaryImageOfPage":{"@id":"https:\/\/miumjau.ee\/lv\/produkts\/ibero-natural-mini-adult-iberico-auksti-preseta-bariba-3-kg\/#primaryimage"},"image":{"@id":"https:\/\/miumjau.ee\/lv\/produkts\/ibero-natural-mini-adult-iberico-auksti-preseta-bariba-3-kg\/#primaryimage"},"thumbnailUrl":"https:\/\/miumjau.ee\/wp-content\/uploads\/2025\/11\/ibero-natural-kulmpress-mini-iberico.jpg","datePublished":"2025-11-26T09:26:24+00:00","dateModified":"2026-01-07T19:23:47+00:00","breadcrumb":{"@id":"https:\/\/miumjau.ee\/lv\/produkts\/ibero-natural-mini-adult-iberico-auksti-preseta-bariba-3-kg\/#breadcrumb"},"inLanguage":"lv-LV","potentialAction":[{"@type":"ReadAction","target":["https:\/\/miumjau.ee\/lv\/produkts\/ibero-natural-mini-adult-iberico-auksti-preseta-bariba-3-kg\/"]}]},{"@type":"ImageObject","inLanguage":"lv-LV","@id":"https:\/\/miumjau.ee\/lv\/produkts\/ibero-natural-mini-adult-iberico-auksti-preseta-bariba-3-kg\/#primaryimage","url":"https:\/\/miumjau.ee\/wp-content\/uploads\/2025\/11\/ibero-natural-kulmpress-mini-iberico.jpg","contentUrl":"https:\/\/miumjau.ee\/wp-content\/uploads\/2025\/11\/ibero-natural-kulmpress-mini-iberico.jpg","width":600,"height":800,"caption":"Ibero Natural Mini Adult Iberico k\u00fclmpressitud toit, 3kg"},{"@type":"BreadcrumbList","@id":"https:\/\/miumjau.ee\/lv\/produkts\/ibero-natural-mini-adult-iberico-auksti-preseta-bariba-3-kg\/#breadcrumb","itemListElement":[{"@type":"ListItem","position":1,"name":"Home","item":"https:\/\/miumjau.ee\/lv\/"},{"@type":"ListItem","position":2,"name":"Veikals","item":"https:\/\/miumjau.ee\/lv\/veikals\/"},{"@type":"ListItem","position":3,"name":"Ibero Natural Mini Adult Iberico auksti pres\u0113ta bar\u012bba, 3 kg"}]},{"@type":"WebSite","@id":"https:\/\/miumjau.ee\/#website","url":"https:\/\/miumjau.ee\/","name":"MiuMjau","description":"Kraapimispuud kassidele","publisher":{"@id":"https:\/\/miumjau.ee\/#organization"},"potentialAction":[{"@type":"SearchAction","target":{"@type":"EntryPoint","urlTemplate":"https:\/\/miumjau.ee\/?s={search_term_string}"},"query-input":{"@type":"PropertyValueSpecification","valueRequired":true,"valueName":"search_term_string"}}],"inLanguage":"lv-LV"},{"@type":"Organization","@id":"https:\/\/miumjau.ee\/#organization","name":"MiuMjau O\u00dc","url":"https:\/\/miumjau.ee\/","logo":{"@type":"ImageObject","inLanguage":"lv-LV","@id":"https:\/\/miumjau.ee\/#\/schema\/logo\/image\/","url":"https:\/\/miumjau.ee\/wp-content\/uploads\/2022\/04\/MiuMjau-logo-kollane.png","contentUrl":"https:\/\/miumjau.ee\/wp-content\/uploads\/2022\/04\/MiuMjau-logo-kollane.png","width":219,"height":100,"caption":"MiuMjau O\u00dc"},"image":{"@id":"https:\/\/miumjau.ee\/#\/schema\/logo\/image\/"},"sameAs":["https:\/\/www.facebook.com\/miumjaupood\/"]}]}},"_links":{"self":[{"href":"https:\/\/miumjau.ee\/lv\/wp-json\/wp\/v2\/product\/45661","targetHints":{"allow":["GET"]}}],"collection":[{"href":"https:\/\/miumjau.ee\/lv\/wp-json\/wp\/v2\/product"}],"about":[{"href":"https:\/\/miumjau.ee\/lv\/wp-json\/wp\/v2\/types\/product"}],"wp:featuredmedia":[{"embeddable":true,"href":"https:\/\/miumjau.ee\/lv\/wp-json\/wp\/v2\/media\/45618"}],"wp:attachment":[{"href":"https:\/\/miumjau.ee\/lv\/wp-json\/wp\/v2\/media?parent=45661"}],"wp:term":[{"taxonomy":"product_brand","embeddable":true,"href":"https:\/\/miumjau.ee\/lv\/wp-json\/wp\/v2\/product_brand?post=45661"},{"taxonomy":"product_cat","embeddable":true,"href":"https:\/\/miumjau.ee\/lv\/wp-json\/wp\/v2\/product_cat?post=45661"},{"taxonomy":"product_tag","embeddable":true,"href":"https:\/\/miumjau.ee\/lv\/wp-json\/wp\/v2\/product_tag?post=45661"}],"curies":[{"name":"wp","href":"https:\/\/api.w.org\/{rel}","templated":true}]}}