{"id":45646,"date":"2024-07-31T08:05:20","date_gmt":"2024-07-31T05:05:20","guid":{"rendered":"https:\/\/miumjau.ee\/toode\/kaku-gulvieta-afp-donut-besa\/"},"modified":"2026-01-07T21:23:47","modified_gmt":"2026-01-07T19:23:47","slug":"kaku-gulvieta-afp-donut-besa","status":"publish","type":"product","link":"https:\/\/miumjau.ee\/lv\/produkts\/kaku-gulvieta-afp-donut-besa\/","title":{"rendered":"Ka\u0137u gu\u013cvieta AFP Donut, b\u0113\u0161a"},"content":{"rendered":"","protected":false},"excerpt":{"rendered":"<p data-start=\"82\" data-end=\"142\">AFP ka\u0137u gu\u013cvieta piem\u0113rota gan ka\u0137iem, gan maziem su\u0146iem.<\/p>\n<p data-start=\"144\" data-end=\"309\">Iek\u0161pus\u0113 ir \u012bpa\u0161i m\u012bksts, garspalvainais pl\u012b\u0161a p\u0101rkl\u0101jums, \u0101rpus\u0113 \u2013 mikrozam\u0161s, kas nodro\u0161ina optim\u0101lu atbalstu, siltumu un komfortu. Pild\u012bjums ir videi draudz\u012bgs.<\/p>\n<p data-start=\"311\" data-end=\"386\">Izm\u0113ri: 45 \u00d7 45 \u00d7 25 cm<br data-start=\"334\" data-end=\"337\" \/>Svars: 0,77 kg<br data-start=\"351\" data-end=\"354\" \/>T\u012br\u012b\u0161ana: tikai roku mazg\u0101\u0161ana<\/p>\n<p data-start=\"388\" data-end=\"404\" data-is-last-node=\"\" data-is-only-node=\"\">Pieejams uzreiz!<\/p>\n","protected":false},"featured_media":47241,"template":"","meta":[],"product_brand":[],"product_cat":[567],"product_tag":[],"class_list":{"0":"post-45646","1":"product","2":"type-product","3":"status-publish","4":"has-post-thumbnail","6":"product_cat-kaku-gultinas","8":"first","9":"instock","10":"sale","11":"taxable","12":"shipping-taxable","13":"purchasable","14":"product-type-simple"},"yoast_head":"<!-- This site is optimized with the Yoast SEO plugin v27.4 - https:\/\/yoast.com\/product\/yoast-seo-wordpress\/ -->\n<title>Ka\u0137u gu\u013cvieta AFP Donut, b\u0113\u0161a - MiuMjau<\/title>\n<meta name=\"robots\" content=\"index, follow, max-snippet:-1, max-image-preview:large, max-video-preview:-1\" \/>\n<link rel=\"canonical\" href=\"https:\/\/miumjau.ee\/lv\/produkts\/kaku-gulvieta-afp-donut-besa\/\" \/>\n<meta property=\"og:locale\" content=\"lv_LV\" \/>\n<meta property=\"og:type\" content=\"article\" \/>\n<meta property=\"og:title\" content=\"Ka\u0137u gu\u013cvieta AFP Donut, b\u0113\u0161a - MiuMjau\" \/>\n<meta property=\"og:description\" content=\"AFP ka\u0137u gu\u013cvieta piem\u0113rota gan ka\u0137iem, gan maziem su\u0146iem. Iek\u0161pus\u0113 ir \u012bpa\u0161i m\u012bksts, garspalvainais pl\u012b\u0161a p\u0101rkl\u0101jums, \u0101rpus\u0113 \u2013 mikrozam\u0161s, kas nodro\u0161ina optim\u0101lu atbalstu, siltumu un komfortu. Pild\u012bjums ir videi draudz\u012bgs. Izm\u0113ri: 45 \u00d7 45 \u00d7 25 cmSvars: 0,77 kgT\u012br\u012b\u0161ana: tikai roku mazg\u0101\u0161ana Pieejams uzreiz!\" \/>\n<meta property=\"og:url\" content=\"https:\/\/miumjau.ee\/lv\/produkts\/kaku-gulvieta-afp-donut-besa\/\" \/>\n<meta property=\"og:site_name\" content=\"MiuMjau\" \/>\n<meta property=\"article:publisher\" content=\"https:\/\/www.facebook.com\/miumjaupood\/\" \/>\n<meta property=\"article:modified_time\" content=\"2026-01-07T19:23:47+00:00\" \/>\n<meta property=\"og:image\" content=\"https:\/\/miumjau.ee\/wp-content\/uploads\/2024\/07\/Kassi-pesa-lambavill-beez1-Photoroom.jpg\" \/>\n\t<meta property=\"og:image:width\" content=\"600\" \/>\n\t<meta property=\"og:image:height\" content=\"800\" \/>\n\t<meta property=\"og:image:type\" content=\"image\/jpeg\" \/>\n<meta name=\"twitter:card\" content=\"summary_large_image\" \/>\n<script type=\"application\/ld+json\" class=\"yoast-schema-graph\">{\"@context\":\"https:\\\/\\\/schema.org\",\"@graph\":[{\"@type\":\"WebPage\",\"@id\":\"https:\\\/\\\/miumjau.ee\\\/lv\\\/produkts\\\/kaku-gulvieta-afp-donut-besa\\\/\",\"url\":\"https:\\\/\\\/miumjau.ee\\\/lv\\\/produkts\\\/kaku-gulvieta-afp-donut-besa\\\/\",\"name\":\"Ka\u0137u gu\u013cvieta AFP Donut, b\u0113\u0161a - MiuMjau\",\"isPartOf\":{\"@id\":\"https:\\\/\\\/miumjau.ee\\\/#website\"},\"primaryImageOfPage\":{\"@id\":\"https:\\\/\\\/miumjau.ee\\\/lv\\\/produkts\\\/kaku-gulvieta-afp-donut-besa\\\/#primaryimage\"},\"image\":{\"@id\":\"https:\\\/\\\/miumjau.ee\\\/lv\\\/produkts\\\/kaku-gulvieta-afp-donut-besa\\\/#primaryimage\"},\"thumbnailUrl\":\"https:\\\/\\\/miumjau.ee\\\/wp-content\\\/uploads\\\/2024\\\/07\\\/pesa-kassile-afp-tan.jpg\",\"datePublished\":\"2024-07-31T05:05:20+00:00\",\"dateModified\":\"2026-01-07T19:23:47+00:00\",\"breadcrumb\":{\"@id\":\"https:\\\/\\\/miumjau.ee\\\/lv\\\/produkts\\\/kaku-gulvieta-afp-donut-besa\\\/#breadcrumb\"},\"inLanguage\":\"lv-LV\",\"potentialAction\":[{\"@type\":\"ReadAction\",\"target\":[\"https:\\\/\\\/miumjau.ee\\\/lv\\\/produkts\\\/kaku-gulvieta-afp-donut-besa\\\/\"]}]},{\"@type\":\"ImageObject\",\"inLanguage\":\"lv-LV\",\"@id\":\"https:\\\/\\\/miumjau.ee\\\/lv\\\/produkts\\\/kaku-gulvieta-afp-donut-besa\\\/#primaryimage\",\"url\":\"https:\\\/\\\/miumjau.ee\\\/wp-content\\\/uploads\\\/2024\\\/07\\\/pesa-kassile-afp-tan.jpg\",\"contentUrl\":\"https:\\\/\\\/miumjau.ee\\\/wp-content\\\/uploads\\\/2024\\\/07\\\/pesa-kassile-afp-tan.jpg\",\"width\":600,\"height\":800,\"caption\":\"Kassi pesa AFP Donut, bee\u017e\"},{\"@type\":\"BreadcrumbList\",\"@id\":\"https:\\\/\\\/miumjau.ee\\\/lv\\\/produkts\\\/kaku-gulvieta-afp-donut-besa\\\/#breadcrumb\",\"itemListElement\":[{\"@type\":\"ListItem\",\"position\":1,\"name\":\"Home\",\"item\":\"https:\\\/\\\/miumjau.ee\\\/lv\\\/\"},{\"@type\":\"ListItem\",\"position\":2,\"name\":\"Veikals\",\"item\":\"https:\\\/\\\/miumjau.ee\\\/lv\\\/veikals\\\/\"},{\"@type\":\"ListItem\",\"position\":3,\"name\":\"Ka\u0137u gu\u013cvieta AFP Donut, b\u0113\u0161a\"}]},{\"@type\":\"WebSite\",\"@id\":\"https:\\\/\\\/miumjau.ee\\\/#website\",\"url\":\"https:\\\/\\\/miumjau.ee\\\/\",\"name\":\"MiuMjau\",\"description\":\"Kraapimispuud kassidele\",\"publisher\":{\"@id\":\"https:\\\/\\\/miumjau.ee\\\/#organization\"},\"potentialAction\":[{\"@type\":\"SearchAction\",\"target\":{\"@type\":\"EntryPoint\",\"urlTemplate\":\"https:\\\/\\\/miumjau.ee\\\/?s={search_term_string}\"},\"query-input\":{\"@type\":\"PropertyValueSpecification\",\"valueRequired\":true,\"valueName\":\"search_term_string\"}}],\"inLanguage\":\"lv-LV\"},{\"@type\":\"Organization\",\"@id\":\"https:\\\/\\\/miumjau.ee\\\/#organization\",\"name\":\"MiuMjau O\u00dc\",\"url\":\"https:\\\/\\\/miumjau.ee\\\/\",\"logo\":{\"@type\":\"ImageObject\",\"inLanguage\":\"lv-LV\",\"@id\":\"https:\\\/\\\/miumjau.ee\\\/#\\\/schema\\\/logo\\\/image\\\/\",\"url\":\"https:\\\/\\\/miumjau.ee\\\/wp-content\\\/uploads\\\/2022\\\/04\\\/MiuMjau-logo-kollane.png\",\"contentUrl\":\"https:\\\/\\\/miumjau.ee\\\/wp-content\\\/uploads\\\/2022\\\/04\\\/MiuMjau-logo-kollane.png\",\"width\":219,\"height\":100,\"caption\":\"MiuMjau O\u00dc\"},\"image\":{\"@id\":\"https:\\\/\\\/miumjau.ee\\\/#\\\/schema\\\/logo\\\/image\\\/\"},\"sameAs\":[\"https:\\\/\\\/www.facebook.com\\\/miumjaupood\\\/\"]}]}<\/script>\n<!-- \/ Yoast SEO plugin. -->","yoast_head_json":{"title":"Ka\u0137u gu\u013cvieta AFP Donut, b\u0113\u0161a - MiuMjau","robots":{"index":"index","follow":"follow","max-snippet":"max-snippet:-1","max-image-preview":"max-image-preview:large","max-video-preview":"max-video-preview:-1"},"canonical":"https:\/\/miumjau.ee\/lv\/produkts\/kaku-gulvieta-afp-donut-besa\/","og_locale":"lv_LV","og_type":"article","og_title":"Ka\u0137u gu\u013cvieta AFP Donut, b\u0113\u0161a - MiuMjau","og_description":"AFP ka\u0137u gu\u013cvieta piem\u0113rota gan ka\u0137iem, gan maziem su\u0146iem. Iek\u0161pus\u0113 ir \u012bpa\u0161i m\u012bksts, garspalvainais pl\u012b\u0161a p\u0101rkl\u0101jums, \u0101rpus\u0113 \u2013 mikrozam\u0161s, kas nodro\u0161ina optim\u0101lu atbalstu, siltumu un komfortu. Pild\u012bjums ir videi draudz\u012bgs. Izm\u0113ri: 45 \u00d7 45 \u00d7 25 cmSvars: 0,77 kgT\u012br\u012b\u0161ana: tikai roku mazg\u0101\u0161ana Pieejams uzreiz!","og_url":"https:\/\/miumjau.ee\/lv\/produkts\/kaku-gulvieta-afp-donut-besa\/","og_site_name":"MiuMjau","article_publisher":"https:\/\/www.facebook.com\/miumjaupood\/","article_modified_time":"2026-01-07T19:23:47+00:00","og_image":[{"width":600,"height":800,"url":"https:\/\/miumjau.ee\/wp-content\/uploads\/2024\/07\/Kassi-pesa-lambavill-beez1-Photoroom.jpg","type":"image\/jpeg"}],"twitter_card":"summary_large_image","schema":{"@context":"https:\/\/schema.org","@graph":[{"@type":"WebPage","@id":"https:\/\/miumjau.ee\/lv\/produkts\/kaku-gulvieta-afp-donut-besa\/","url":"https:\/\/miumjau.ee\/lv\/produkts\/kaku-gulvieta-afp-donut-besa\/","name":"Ka\u0137u gu\u013cvieta AFP Donut, b\u0113\u0161a - MiuMjau","isPartOf":{"@id":"https:\/\/miumjau.ee\/#website"},"primaryImageOfPage":{"@id":"https:\/\/miumjau.ee\/lv\/produkts\/kaku-gulvieta-afp-donut-besa\/#primaryimage"},"image":{"@id":"https:\/\/miumjau.ee\/lv\/produkts\/kaku-gulvieta-afp-donut-besa\/#primaryimage"},"thumbnailUrl":"https:\/\/miumjau.ee\/wp-content\/uploads\/2024\/07\/pesa-kassile-afp-tan.jpg","datePublished":"2024-07-31T05:05:20+00:00","dateModified":"2026-01-07T19:23:47+00:00","breadcrumb":{"@id":"https:\/\/miumjau.ee\/lv\/produkts\/kaku-gulvieta-afp-donut-besa\/#breadcrumb"},"inLanguage":"lv-LV","potentialAction":[{"@type":"ReadAction","target":["https:\/\/miumjau.ee\/lv\/produkts\/kaku-gulvieta-afp-donut-besa\/"]}]},{"@type":"ImageObject","inLanguage":"lv-LV","@id":"https:\/\/miumjau.ee\/lv\/produkts\/kaku-gulvieta-afp-donut-besa\/#primaryimage","url":"https:\/\/miumjau.ee\/wp-content\/uploads\/2024\/07\/pesa-kassile-afp-tan.jpg","contentUrl":"https:\/\/miumjau.ee\/wp-content\/uploads\/2024\/07\/pesa-kassile-afp-tan.jpg","width":600,"height":800,"caption":"Kassi pesa AFP Donut, bee\u017e"},{"@type":"BreadcrumbList","@id":"https:\/\/miumjau.ee\/lv\/produkts\/kaku-gulvieta-afp-donut-besa\/#breadcrumb","itemListElement":[{"@type":"ListItem","position":1,"name":"Home","item":"https:\/\/miumjau.ee\/lv\/"},{"@type":"ListItem","position":2,"name":"Veikals","item":"https:\/\/miumjau.ee\/lv\/veikals\/"},{"@type":"ListItem","position":3,"name":"Ka\u0137u gu\u013cvieta AFP Donut, b\u0113\u0161a"}]},{"@type":"WebSite","@id":"https:\/\/miumjau.ee\/#website","url":"https:\/\/miumjau.ee\/","name":"MiuMjau","description":"Kraapimispuud kassidele","publisher":{"@id":"https:\/\/miumjau.ee\/#organization"},"potentialAction":[{"@type":"SearchAction","target":{"@type":"EntryPoint","urlTemplate":"https:\/\/miumjau.ee\/?s={search_term_string}"},"query-input":{"@type":"PropertyValueSpecification","valueRequired":true,"valueName":"search_term_string"}}],"inLanguage":"lv-LV"},{"@type":"Organization","@id":"https:\/\/miumjau.ee\/#organization","name":"MiuMjau O\u00dc","url":"https:\/\/miumjau.ee\/","logo":{"@type":"ImageObject","inLanguage":"lv-LV","@id":"https:\/\/miumjau.ee\/#\/schema\/logo\/image\/","url":"https:\/\/miumjau.ee\/wp-content\/uploads\/2022\/04\/MiuMjau-logo-kollane.png","contentUrl":"https:\/\/miumjau.ee\/wp-content\/uploads\/2022\/04\/MiuMjau-logo-kollane.png","width":219,"height":100,"caption":"MiuMjau O\u00dc"},"image":{"@id":"https:\/\/miumjau.ee\/#\/schema\/logo\/image\/"},"sameAs":["https:\/\/www.facebook.com\/miumjaupood\/"]}]}},"_links":{"self":[{"href":"https:\/\/miumjau.ee\/lv\/wp-json\/wp\/v2\/product\/45646","targetHints":{"allow":["GET"]}}],"collection":[{"href":"https:\/\/miumjau.ee\/lv\/wp-json\/wp\/v2\/product"}],"about":[{"href":"https:\/\/miumjau.ee\/lv\/wp-json\/wp\/v2\/types\/product"}],"wp:featuredmedia":[{"embeddable":true,"href":"https:\/\/miumjau.ee\/lv\/wp-json\/wp\/v2\/media\/47241"}],"wp:attachment":[{"href":"https:\/\/miumjau.ee\/lv\/wp-json\/wp\/v2\/media?parent=45646"}],"wp:term":[{"taxonomy":"product_brand","embeddable":true,"href":"https:\/\/miumjau.ee\/lv\/wp-json\/wp\/v2\/product_brand?post=45646"},{"taxonomy":"product_cat","embeddable":true,"href":"https:\/\/miumjau.ee\/lv\/wp-json\/wp\/v2\/product_cat?post=45646"},{"taxonomy":"product_tag","embeddable":true,"href":"https:\/\/miumjau.ee\/lv\/wp-json\/wp\/v2\/product_tag?post=45646"}],"curies":[{"name":"wp","href":"https:\/\/api.w.org\/{rel}","templated":true}]}}