{"id":45640,"date":"2024-10-18T14:55:14","date_gmt":"2024-10-18T11:55:14","guid":{"rendered":"https:\/\/miumjau.ee\/toode\/gulvieta-kakim-minus-one-s-peleka\/"},"modified":"2026-01-07T21:23:47","modified_gmt":"2026-01-07T19:23:47","slug":"gulvieta-kakim-minus-one-s-peleka","status":"publish","type":"product","link":"https:\/\/miumjau.ee\/lv\/produkts\/gulvieta-kakim-minus-one-s-peleka\/","title":{"rendered":"Gu\u013cvieta ka\u0137im Minus One S, pel\u0113ka"},"content":{"rendered":"","protected":false},"excerpt":{"rendered":"<p data-start=\"87\" data-end=\"285\">Ka\u0137u gu\u013cvieta, kas ir pat\u012bkama, m\u012bksta un vizu\u0101li skaista. Piem\u0113rota gan ka\u0137iem, gan su\u0146iem. Virsma ir no fl\u012bsa pel\u0113k\u0101 kr\u0101s\u0101, s\u0101ni gludi ar luksus\u012bgu izskatu, bet pamatne ar nesl\u012bdo\u0161iem pumpi\u0146iem.<\/p>\n<p data-start=\"287\" data-end=\"381\">Gu\u013cvieta da\u013c\u0113ji izgatavota no Repreve\u00ae materi\u0101la, kas satur p\u0101rstr\u0101d\u0101tas plastmasas pudeles.<\/p>\n<p data-start=\"383\" data-end=\"452\">Produkta svars: 0,48 kg<br data-start=\"406\" data-end=\"409\" \/>Izm\u0113ri: 19,8 \u00d7 39,8 \u00d7 39,1 cm (A \u00d7 P \u00d7 G)<\/p>\n<p data-start=\"454\" data-end=\"472\">Pieejams uzreiz!<\/p>\n","protected":false},"featured_media":45641,"template":"","meta":[],"product_brand":[],"product_cat":[567],"product_tag":[],"class_list":{"0":"post-45640","1":"product","2":"type-product","3":"status-publish","4":"has-post-thumbnail","6":"product_cat-kaku-gultinas","8":"first","9":"instock","10":"taxable","11":"shipping-taxable","12":"purchasable","13":"product-type-simple"},"yoast_head":"<!-- This site is optimized with the Yoast SEO plugin v27.4 - https:\/\/yoast.com\/product\/yoast-seo-wordpress\/ -->\n<title>Gu\u013cvieta ka\u0137im Minus One S, pel\u0113ka - MiuMjau<\/title>\n<meta name=\"robots\" content=\"index, follow, max-snippet:-1, max-image-preview:large, max-video-preview:-1\" \/>\n<link rel=\"canonical\" href=\"https:\/\/miumjau.ee\/lv\/produkts\/gulvieta-kakim-minus-one-s-peleka\/\" \/>\n<meta property=\"og:locale\" content=\"lv_LV\" \/>\n<meta property=\"og:type\" content=\"article\" \/>\n<meta property=\"og:title\" content=\"Gu\u013cvieta ka\u0137im Minus One S, pel\u0113ka - MiuMjau\" \/>\n<meta property=\"og:description\" content=\"Ka\u0137u gu\u013cvieta, kas ir pat\u012bkama, m\u012bksta un vizu\u0101li skaista. Piem\u0113rota gan ka\u0137iem, gan su\u0146iem. Virsma ir no fl\u012bsa pel\u0113k\u0101 kr\u0101s\u0101, s\u0101ni gludi ar luksus\u012bgu izskatu, bet pamatne ar nesl\u012bdo\u0161iem pumpi\u0146iem. Gu\u013cvieta da\u013c\u0113ji izgatavota no Repreve\u00ae materi\u0101la, kas satur p\u0101rstr\u0101d\u0101tas plastmasas pudeles. Produkta svars: 0,48 kgIzm\u0113ri: 19,8 \u00d7 39,8 \u00d7 39,1 cm (A \u00d7 P \u00d7 G) Pieejams uzreiz!\" \/>\n<meta property=\"og:url\" content=\"https:\/\/miumjau.ee\/lv\/produkts\/gulvieta-kakim-minus-one-s-peleka\/\" \/>\n<meta property=\"og:site_name\" content=\"MiuMjau\" \/>\n<meta property=\"article:publisher\" content=\"https:\/\/www.facebook.com\/miumjaupood\/\" \/>\n<meta property=\"article:modified_time\" content=\"2026-01-07T19:23:47+00:00\" \/>\n<meta property=\"og:image\" content=\"https:\/\/miumjau.ee\/wp-content\/uploads\/2024\/10\/kassi-pesa-minus-one.jpg\" \/>\n\t<meta property=\"og:image:width\" content=\"600\" \/>\n\t<meta property=\"og:image:height\" content=\"800\" \/>\n\t<meta property=\"og:image:type\" content=\"image\/jpeg\" \/>\n<meta name=\"twitter:card\" content=\"summary_large_image\" \/>\n<script type=\"application\/ld+json\" class=\"yoast-schema-graph\">{\"@context\":\"https:\\\/\\\/schema.org\",\"@graph\":[{\"@type\":\"WebPage\",\"@id\":\"https:\\\/\\\/miumjau.ee\\\/lv\\\/produkts\\\/gulvieta-kakim-minus-one-s-peleka\\\/\",\"url\":\"https:\\\/\\\/miumjau.ee\\\/lv\\\/produkts\\\/gulvieta-kakim-minus-one-s-peleka\\\/\",\"name\":\"Gu\u013cvieta ka\u0137im Minus One S, pel\u0113ka - MiuMjau\",\"isPartOf\":{\"@id\":\"https:\\\/\\\/miumjau.ee\\\/#website\"},\"primaryImageOfPage\":{\"@id\":\"https:\\\/\\\/miumjau.ee\\\/lv\\\/produkts\\\/gulvieta-kakim-minus-one-s-peleka\\\/#primaryimage\"},\"image\":{\"@id\":\"https:\\\/\\\/miumjau.ee\\\/lv\\\/produkts\\\/gulvieta-kakim-minus-one-s-peleka\\\/#primaryimage\"},\"thumbnailUrl\":\"https:\\\/\\\/miumjau.ee\\\/wp-content\\\/uploads\\\/2024\\\/10\\\/kassi-pesa-minus-one.jpg\",\"datePublished\":\"2024-10-18T11:55:14+00:00\",\"dateModified\":\"2026-01-07T19:23:47+00:00\",\"breadcrumb\":{\"@id\":\"https:\\\/\\\/miumjau.ee\\\/lv\\\/produkts\\\/gulvieta-kakim-minus-one-s-peleka\\\/#breadcrumb\"},\"inLanguage\":\"lv-LV\",\"potentialAction\":[{\"@type\":\"ReadAction\",\"target\":[\"https:\\\/\\\/miumjau.ee\\\/lv\\\/produkts\\\/gulvieta-kakim-minus-one-s-peleka\\\/\"]}]},{\"@type\":\"ImageObject\",\"inLanguage\":\"lv-LV\",\"@id\":\"https:\\\/\\\/miumjau.ee\\\/lv\\\/produkts\\\/gulvieta-kakim-minus-one-s-peleka\\\/#primaryimage\",\"url\":\"https:\\\/\\\/miumjau.ee\\\/wp-content\\\/uploads\\\/2024\\\/10\\\/kassi-pesa-minus-one.jpg\",\"contentUrl\":\"https:\\\/\\\/miumjau.ee\\\/wp-content\\\/uploads\\\/2024\\\/10\\\/kassi-pesa-minus-one.jpg\",\"width\":600,\"height\":800},{\"@type\":\"BreadcrumbList\",\"@id\":\"https:\\\/\\\/miumjau.ee\\\/lv\\\/produkts\\\/gulvieta-kakim-minus-one-s-peleka\\\/#breadcrumb\",\"itemListElement\":[{\"@type\":\"ListItem\",\"position\":1,\"name\":\"Home\",\"item\":\"https:\\\/\\\/miumjau.ee\\\/lv\\\/\"},{\"@type\":\"ListItem\",\"position\":2,\"name\":\"Veikals\",\"item\":\"https:\\\/\\\/miumjau.ee\\\/lv\\\/veikals\\\/\"},{\"@type\":\"ListItem\",\"position\":3,\"name\":\"Gu\u013cvieta ka\u0137im Minus One S, pel\u0113ka\"}]},{\"@type\":\"WebSite\",\"@id\":\"https:\\\/\\\/miumjau.ee\\\/#website\",\"url\":\"https:\\\/\\\/miumjau.ee\\\/\",\"name\":\"MiuMjau\",\"description\":\"Kraapimispuud kassidele\",\"publisher\":{\"@id\":\"https:\\\/\\\/miumjau.ee\\\/#organization\"},\"potentialAction\":[{\"@type\":\"SearchAction\",\"target\":{\"@type\":\"EntryPoint\",\"urlTemplate\":\"https:\\\/\\\/miumjau.ee\\\/?s={search_term_string}\"},\"query-input\":{\"@type\":\"PropertyValueSpecification\",\"valueRequired\":true,\"valueName\":\"search_term_string\"}}],\"inLanguage\":\"lv-LV\"},{\"@type\":\"Organization\",\"@id\":\"https:\\\/\\\/miumjau.ee\\\/#organization\",\"name\":\"MiuMjau O\u00dc\",\"url\":\"https:\\\/\\\/miumjau.ee\\\/\",\"logo\":{\"@type\":\"ImageObject\",\"inLanguage\":\"lv-LV\",\"@id\":\"https:\\\/\\\/miumjau.ee\\\/#\\\/schema\\\/logo\\\/image\\\/\",\"url\":\"https:\\\/\\\/miumjau.ee\\\/wp-content\\\/uploads\\\/2022\\\/04\\\/MiuMjau-logo-kollane.png\",\"contentUrl\":\"https:\\\/\\\/miumjau.ee\\\/wp-content\\\/uploads\\\/2022\\\/04\\\/MiuMjau-logo-kollane.png\",\"width\":219,\"height\":100,\"caption\":\"MiuMjau O\u00dc\"},\"image\":{\"@id\":\"https:\\\/\\\/miumjau.ee\\\/#\\\/schema\\\/logo\\\/image\\\/\"},\"sameAs\":[\"https:\\\/\\\/www.facebook.com\\\/miumjaupood\\\/\"]}]}<\/script>\n<!-- \/ Yoast SEO plugin. -->","yoast_head_json":{"title":"Gu\u013cvieta ka\u0137im Minus One S, pel\u0113ka - MiuMjau","robots":{"index":"index","follow":"follow","max-snippet":"max-snippet:-1","max-image-preview":"max-image-preview:large","max-video-preview":"max-video-preview:-1"},"canonical":"https:\/\/miumjau.ee\/lv\/produkts\/gulvieta-kakim-minus-one-s-peleka\/","og_locale":"lv_LV","og_type":"article","og_title":"Gu\u013cvieta ka\u0137im Minus One S, pel\u0113ka - MiuMjau","og_description":"Ka\u0137u gu\u013cvieta, kas ir pat\u012bkama, m\u012bksta un vizu\u0101li skaista. Piem\u0113rota gan ka\u0137iem, gan su\u0146iem. Virsma ir no fl\u012bsa pel\u0113k\u0101 kr\u0101s\u0101, s\u0101ni gludi ar luksus\u012bgu izskatu, bet pamatne ar nesl\u012bdo\u0161iem pumpi\u0146iem. Gu\u013cvieta da\u013c\u0113ji izgatavota no Repreve\u00ae materi\u0101la, kas satur p\u0101rstr\u0101d\u0101tas plastmasas pudeles. Produkta svars: 0,48 kgIzm\u0113ri: 19,8 \u00d7 39,8 \u00d7 39,1 cm (A \u00d7 P \u00d7 G) Pieejams uzreiz!","og_url":"https:\/\/miumjau.ee\/lv\/produkts\/gulvieta-kakim-minus-one-s-peleka\/","og_site_name":"MiuMjau","article_publisher":"https:\/\/www.facebook.com\/miumjaupood\/","article_modified_time":"2026-01-07T19:23:47+00:00","og_image":[{"width":600,"height":800,"url":"https:\/\/miumjau.ee\/wp-content\/uploads\/2024\/10\/kassi-pesa-minus-one.jpg","type":"image\/jpeg"}],"twitter_card":"summary_large_image","schema":{"@context":"https:\/\/schema.org","@graph":[{"@type":"WebPage","@id":"https:\/\/miumjau.ee\/lv\/produkts\/gulvieta-kakim-minus-one-s-peleka\/","url":"https:\/\/miumjau.ee\/lv\/produkts\/gulvieta-kakim-minus-one-s-peleka\/","name":"Gu\u013cvieta ka\u0137im Minus One S, pel\u0113ka - MiuMjau","isPartOf":{"@id":"https:\/\/miumjau.ee\/#website"},"primaryImageOfPage":{"@id":"https:\/\/miumjau.ee\/lv\/produkts\/gulvieta-kakim-minus-one-s-peleka\/#primaryimage"},"image":{"@id":"https:\/\/miumjau.ee\/lv\/produkts\/gulvieta-kakim-minus-one-s-peleka\/#primaryimage"},"thumbnailUrl":"https:\/\/miumjau.ee\/wp-content\/uploads\/2024\/10\/kassi-pesa-minus-one.jpg","datePublished":"2024-10-18T11:55:14+00:00","dateModified":"2026-01-07T19:23:47+00:00","breadcrumb":{"@id":"https:\/\/miumjau.ee\/lv\/produkts\/gulvieta-kakim-minus-one-s-peleka\/#breadcrumb"},"inLanguage":"lv-LV","potentialAction":[{"@type":"ReadAction","target":["https:\/\/miumjau.ee\/lv\/produkts\/gulvieta-kakim-minus-one-s-peleka\/"]}]},{"@type":"ImageObject","inLanguage":"lv-LV","@id":"https:\/\/miumjau.ee\/lv\/produkts\/gulvieta-kakim-minus-one-s-peleka\/#primaryimage","url":"https:\/\/miumjau.ee\/wp-content\/uploads\/2024\/10\/kassi-pesa-minus-one.jpg","contentUrl":"https:\/\/miumjau.ee\/wp-content\/uploads\/2024\/10\/kassi-pesa-minus-one.jpg","width":600,"height":800},{"@type":"BreadcrumbList","@id":"https:\/\/miumjau.ee\/lv\/produkts\/gulvieta-kakim-minus-one-s-peleka\/#breadcrumb","itemListElement":[{"@type":"ListItem","position":1,"name":"Home","item":"https:\/\/miumjau.ee\/lv\/"},{"@type":"ListItem","position":2,"name":"Veikals","item":"https:\/\/miumjau.ee\/lv\/veikals\/"},{"@type":"ListItem","position":3,"name":"Gu\u013cvieta ka\u0137im Minus One S, pel\u0113ka"}]},{"@type":"WebSite","@id":"https:\/\/miumjau.ee\/#website","url":"https:\/\/miumjau.ee\/","name":"MiuMjau","description":"Kraapimispuud kassidele","publisher":{"@id":"https:\/\/miumjau.ee\/#organization"},"potentialAction":[{"@type":"SearchAction","target":{"@type":"EntryPoint","urlTemplate":"https:\/\/miumjau.ee\/?s={search_term_string}"},"query-input":{"@type":"PropertyValueSpecification","valueRequired":true,"valueName":"search_term_string"}}],"inLanguage":"lv-LV"},{"@type":"Organization","@id":"https:\/\/miumjau.ee\/#organization","name":"MiuMjau O\u00dc","url":"https:\/\/miumjau.ee\/","logo":{"@type":"ImageObject","inLanguage":"lv-LV","@id":"https:\/\/miumjau.ee\/#\/schema\/logo\/image\/","url":"https:\/\/miumjau.ee\/wp-content\/uploads\/2022\/04\/MiuMjau-logo-kollane.png","contentUrl":"https:\/\/miumjau.ee\/wp-content\/uploads\/2022\/04\/MiuMjau-logo-kollane.png","width":219,"height":100,"caption":"MiuMjau O\u00dc"},"image":{"@id":"https:\/\/miumjau.ee\/#\/schema\/logo\/image\/"},"sameAs":["https:\/\/www.facebook.com\/miumjaupood\/"]}]}},"_links":{"self":[{"href":"https:\/\/miumjau.ee\/lv\/wp-json\/wp\/v2\/product\/45640","targetHints":{"allow":["GET"]}}],"collection":[{"href":"https:\/\/miumjau.ee\/lv\/wp-json\/wp\/v2\/product"}],"about":[{"href":"https:\/\/miumjau.ee\/lv\/wp-json\/wp\/v2\/types\/product"}],"wp:featuredmedia":[{"embeddable":true,"href":"https:\/\/miumjau.ee\/lv\/wp-json\/wp\/v2\/media\/45641"}],"wp:attachment":[{"href":"https:\/\/miumjau.ee\/lv\/wp-json\/wp\/v2\/media?parent=45640"}],"wp:term":[{"taxonomy":"product_brand","embeddable":true,"href":"https:\/\/miumjau.ee\/lv\/wp-json\/wp\/v2\/product_brand?post=45640"},{"taxonomy":"product_cat","embeddable":true,"href":"https:\/\/miumjau.ee\/lv\/wp-json\/wp\/v2\/product_cat?post=45640"},{"taxonomy":"product_tag","embeddable":true,"href":"https:\/\/miumjau.ee\/lv\/wp-json\/wp\/v2\/product_tag?post=45640"}],"curies":[{"name":"wp","href":"https:\/\/api.w.org\/{rel}","templated":true}]}}