{"id":45588,"date":"2023-09-29T11:51:04","date_gmt":"2023-09-29T08:51:04","guid":{"rendered":"https:\/\/miumjau.ee\/toode\/petrebels-skrapesanas-tornis-superdome-120-antracita-krasa\/"},"modified":"2026-01-07T21:23:54","modified_gmt":"2026-01-07T19:23:54","slug":"petrebels-skrapesanas-tornis-superdome-120-antracita-krasa","status":"publish","type":"product","link":"https:\/\/miumjau.ee\/lv\/produkts\/petrebels-skrapesanas-tornis-superdome-120-antracita-krasa\/","title":{"rendered":"Petrebels skr\u0101p\u0113\u0161anas tornis Superdome 120, antrac\u012bta kr\u0101s\u0101"},"content":{"rendered":"","protected":false},"excerpt":{"rendered":"<p data-start=\"162\" data-end=\"652\">Skr\u0101p\u0113\u0161anas tornis ir p\u0101rkl\u0101ts ar \u0101rk\u0101rt\u012bgi iztur\u012bgu sisala pakl\u0101ju un tam ir papildu plats diametrs. Ieejas ir pla\u0161\u0101kas, lai katrs ka\u0137is viegli var\u0113tu nok\u013c\u016bt sav\u0101 m\u012bkstaj\u0101 gu\u013cviet\u0101 \u2014 gan maz\u0101kie ka\u0137i, gan vec\u0101ki. Luksusa rota\u013cu virve pied\u0101v\u0101 v\u0113l vair\u0101k prieka j\u016bsu akt\u012bvajiem ka\u0137iem. K\u0101p\u0113c nosaukums Superdome? T\u0101p\u0113c, ka tas ir viens no stabil\u0101kajiem skr\u0101p\u0113\u0161anas tor\u0146iem, ko var atrast. Komplekt\u0101 eso\u0161ie divi spilventi\u0146i ir mazg\u0101jami ve\u013cas ma\u0161\u012bn\u0101. Produkta dizains ir moderns un stil\u012bgs.<\/p>\n<p data-start=\"654\" data-end=\"780\">Skr\u0101p\u0113\u0161anas tornis ir paredz\u0113ts ka\u0137iem vis\u0101s svara kategorij\u0101s un garumos. Piem\u0113rots ar\u012b t\u0113vi\u0146iem Maine Coon \u0161\u0137irnes ka\u0137iem.<\/p>\n<p data-start=\"782\" data-end=\"909\" data-is-last-node=\"\" data-is-only-node=\"\">Produkts iepakots 1 kast\u0113, svars 23,5 kg<br data-start=\"822\" data-end=\"825\" \/>Produkts bez iepakojuma, svars 22,3 kg<br data-start=\"863\" data-end=\"866\" \/><strong data-start=\"866\" data-end=\"877\">Izm\u0113ri:<\/strong> diametrs 49 cm, augstums 118 cm<\/p>\n","protected":false},"featured_media":45597,"template":"","meta":[],"product_brand":[],"product_cat":[573,586],"product_tag":[],"class_list":{"0":"post-45588","1":"product","2":"type-product","3":"status-publish","4":"has-post-thumbnail","6":"product_cat-kaup24-lv","7":"product_cat-skrapesanas-torni-petrebels","8":"product_shipping_class-pakiautomaati-sobimatu-lv","10":"first","11":"instock","12":"taxable","13":"shipping-taxable","14":"purchasable","15":"product-type-simple"},"yoast_head":"<!-- This site is optimized with the Yoast SEO plugin v27.4 - https:\/\/yoast.com\/product\/yoast-seo-wordpress\/ -->\n<title>Petrebels skr\u0101p\u0113\u0161anas tornis Superdome 120, antrac\u012bta kr\u0101s\u0101 - MiuMjau<\/title>\n<meta name=\"robots\" content=\"index, follow, max-snippet:-1, max-image-preview:large, max-video-preview:-1\" \/>\n<link rel=\"canonical\" href=\"https:\/\/miumjau.ee\/lv\/produkts\/petrebels-skrapesanas-tornis-superdome-120-antracita-krasa\/\" \/>\n<meta property=\"og:locale\" content=\"lv_LV\" \/>\n<meta property=\"og:type\" content=\"article\" \/>\n<meta property=\"og:title\" content=\"Petrebels skr\u0101p\u0113\u0161anas tornis Superdome 120, antrac\u012bta kr\u0101s\u0101 - MiuMjau\" \/>\n<meta property=\"og:description\" content=\"Skr\u0101p\u0113\u0161anas tornis ir p\u0101rkl\u0101ts ar \u0101rk\u0101rt\u012bgi iztur\u012bgu sisala pakl\u0101ju un tam ir papildu plats diametrs. Ieejas ir pla\u0161\u0101kas, lai katrs ka\u0137is viegli var\u0113tu nok\u013c\u016bt sav\u0101 m\u012bkstaj\u0101 gu\u013cviet\u0101 \u2014 gan maz\u0101kie ka\u0137i, gan vec\u0101ki. Luksusa rota\u013cu virve pied\u0101v\u0101 v\u0113l vair\u0101k prieka j\u016bsu akt\u012bvajiem ka\u0137iem. K\u0101p\u0113c nosaukums Superdome? T\u0101p\u0113c, ka tas ir viens no stabil\u0101kajiem skr\u0101p\u0113\u0161anas tor\u0146iem, ko var atrast. Komplekt\u0101 eso\u0161ie divi spilventi\u0146i ir mazg\u0101jami ve\u013cas ma\u0161\u012bn\u0101. Produkta dizains ir moderns un stil\u012bgs. Skr\u0101p\u0113\u0161anas tornis ir paredz\u0113ts ka\u0137iem vis\u0101s svara kategorij\u0101s un garumos. Piem\u0113rots ar\u012b t\u0113vi\u0146iem Maine Coon \u0161\u0137irnes ka\u0137iem. Produkts iepakots 1 kast\u0113, svars 23,5 kgProdukts bez iepakojuma, svars 22,3 kgIzm\u0113ri: diametrs 49 cm, augstums 118 cm\" \/>\n<meta property=\"og:url\" content=\"https:\/\/miumjau.ee\/lv\/produkts\/petrebels-skrapesanas-tornis-superdome-120-antracita-krasa\/\" \/>\n<meta property=\"og:site_name\" content=\"MiuMjau\" \/>\n<meta property=\"article:publisher\" content=\"https:\/\/www.facebook.com\/miumjaupood\/\" \/>\n<meta property=\"article:modified_time\" content=\"2026-01-07T19:23:54+00:00\" \/>\n<meta property=\"og:image\" content=\"https:\/\/miumjau.ee\/wp-content\/uploads\/2023\/09\/superdome-120-antratsiit-kassi-kraapimispuu-1-1.jpg\" \/>\n\t<meta property=\"og:image:width\" content=\"600\" \/>\n\t<meta property=\"og:image:height\" content=\"800\" \/>\n\t<meta property=\"og:image:type\" content=\"image\/jpeg\" \/>\n<meta name=\"twitter:card\" content=\"summary_large_image\" \/>\n<script type=\"application\/ld+json\" class=\"yoast-schema-graph\">{\"@context\":\"https:\\\/\\\/schema.org\",\"@graph\":[{\"@type\":\"WebPage\",\"@id\":\"https:\\\/\\\/miumjau.ee\\\/lv\\\/produkts\\\/petrebels-skrapesanas-tornis-superdome-120-antracita-krasa\\\/\",\"url\":\"https:\\\/\\\/miumjau.ee\\\/lv\\\/produkts\\\/petrebels-skrapesanas-tornis-superdome-120-antracita-krasa\\\/\",\"name\":\"Petrebels skr\u0101p\u0113\u0161anas tornis Superdome 120, antrac\u012bta kr\u0101s\u0101 - MiuMjau\",\"isPartOf\":{\"@id\":\"https:\\\/\\\/miumjau.ee\\\/#website\"},\"primaryImageOfPage\":{\"@id\":\"https:\\\/\\\/miumjau.ee\\\/lv\\\/produkts\\\/petrebels-skrapesanas-tornis-superdome-120-antracita-krasa\\\/#primaryimage\"},\"image\":{\"@id\":\"https:\\\/\\\/miumjau.ee\\\/lv\\\/produkts\\\/petrebels-skrapesanas-tornis-superdome-120-antracita-krasa\\\/#primaryimage\"},\"thumbnailUrl\":\"https:\\\/\\\/miumjau.ee\\\/wp-content\\\/uploads\\\/2023\\\/09\\\/superdome-120-antratsiit-kassi-kraapimispuu-1-1.jpg\",\"datePublished\":\"2023-09-29T08:51:04+00:00\",\"dateModified\":\"2026-01-07T19:23:54+00:00\",\"breadcrumb\":{\"@id\":\"https:\\\/\\\/miumjau.ee\\\/lv\\\/produkts\\\/petrebels-skrapesanas-tornis-superdome-120-antracita-krasa\\\/#breadcrumb\"},\"inLanguage\":\"lv-LV\",\"potentialAction\":[{\"@type\":\"ReadAction\",\"target\":[\"https:\\\/\\\/miumjau.ee\\\/lv\\\/produkts\\\/petrebels-skrapesanas-tornis-superdome-120-antracita-krasa\\\/\"]}]},{\"@type\":\"ImageObject\",\"inLanguage\":\"lv-LV\",\"@id\":\"https:\\\/\\\/miumjau.ee\\\/lv\\\/produkts\\\/petrebels-skrapesanas-tornis-superdome-120-antracita-krasa\\\/#primaryimage\",\"url\":\"https:\\\/\\\/miumjau.ee\\\/wp-content\\\/uploads\\\/2023\\\/09\\\/superdome-120-antratsiit-kassi-kraapimispuu-1-1.jpg\",\"contentUrl\":\"https:\\\/\\\/miumjau.ee\\\/wp-content\\\/uploads\\\/2023\\\/09\\\/superdome-120-antratsiit-kassi-kraapimispuu-1-1.jpg\",\"width\":600,\"height\":800},{\"@type\":\"BreadcrumbList\",\"@id\":\"https:\\\/\\\/miumjau.ee\\\/lv\\\/produkts\\\/petrebels-skrapesanas-tornis-superdome-120-antracita-krasa\\\/#breadcrumb\",\"itemListElement\":[{\"@type\":\"ListItem\",\"position\":1,\"name\":\"Home\",\"item\":\"https:\\\/\\\/miumjau.ee\\\/lv\\\/\"},{\"@type\":\"ListItem\",\"position\":2,\"name\":\"Veikals\",\"item\":\"https:\\\/\\\/miumjau.ee\\\/lv\\\/veikals\\\/\"},{\"@type\":\"ListItem\",\"position\":3,\"name\":\"Petrebels skr\u0101p\u0113\u0161anas tornis Superdome 120, antrac\u012bta kr\u0101s\u0101\"}]},{\"@type\":\"WebSite\",\"@id\":\"https:\\\/\\\/miumjau.ee\\\/#website\",\"url\":\"https:\\\/\\\/miumjau.ee\\\/\",\"name\":\"MiuMjau\",\"description\":\"Kraapimispuud kassidele\",\"publisher\":{\"@id\":\"https:\\\/\\\/miumjau.ee\\\/#organization\"},\"potentialAction\":[{\"@type\":\"SearchAction\",\"target\":{\"@type\":\"EntryPoint\",\"urlTemplate\":\"https:\\\/\\\/miumjau.ee\\\/?s={search_term_string}\"},\"query-input\":{\"@type\":\"PropertyValueSpecification\",\"valueRequired\":true,\"valueName\":\"search_term_string\"}}],\"inLanguage\":\"lv-LV\"},{\"@type\":\"Organization\",\"@id\":\"https:\\\/\\\/miumjau.ee\\\/#organization\",\"name\":\"MiuMjau O\u00dc\",\"url\":\"https:\\\/\\\/miumjau.ee\\\/\",\"logo\":{\"@type\":\"ImageObject\",\"inLanguage\":\"lv-LV\",\"@id\":\"https:\\\/\\\/miumjau.ee\\\/#\\\/schema\\\/logo\\\/image\\\/\",\"url\":\"https:\\\/\\\/miumjau.ee\\\/wp-content\\\/uploads\\\/2022\\\/04\\\/MiuMjau-logo-kollane.png\",\"contentUrl\":\"https:\\\/\\\/miumjau.ee\\\/wp-content\\\/uploads\\\/2022\\\/04\\\/MiuMjau-logo-kollane.png\",\"width\":219,\"height\":100,\"caption\":\"MiuMjau O\u00dc\"},\"image\":{\"@id\":\"https:\\\/\\\/miumjau.ee\\\/#\\\/schema\\\/logo\\\/image\\\/\"},\"sameAs\":[\"https:\\\/\\\/www.facebook.com\\\/miumjaupood\\\/\"]}]}<\/script>\n<!-- \/ Yoast SEO plugin. -->","yoast_head_json":{"title":"Petrebels skr\u0101p\u0113\u0161anas tornis Superdome 120, antrac\u012bta kr\u0101s\u0101 - MiuMjau","robots":{"index":"index","follow":"follow","max-snippet":"max-snippet:-1","max-image-preview":"max-image-preview:large","max-video-preview":"max-video-preview:-1"},"canonical":"https:\/\/miumjau.ee\/lv\/produkts\/petrebels-skrapesanas-tornis-superdome-120-antracita-krasa\/","og_locale":"lv_LV","og_type":"article","og_title":"Petrebels skr\u0101p\u0113\u0161anas tornis Superdome 120, antrac\u012bta kr\u0101s\u0101 - MiuMjau","og_description":"Skr\u0101p\u0113\u0161anas tornis ir p\u0101rkl\u0101ts ar \u0101rk\u0101rt\u012bgi iztur\u012bgu sisala pakl\u0101ju un tam ir papildu plats diametrs. Ieejas ir pla\u0161\u0101kas, lai katrs ka\u0137is viegli var\u0113tu nok\u013c\u016bt sav\u0101 m\u012bkstaj\u0101 gu\u013cviet\u0101 \u2014 gan maz\u0101kie ka\u0137i, gan vec\u0101ki. Luksusa rota\u013cu virve pied\u0101v\u0101 v\u0113l vair\u0101k prieka j\u016bsu akt\u012bvajiem ka\u0137iem. K\u0101p\u0113c nosaukums Superdome? T\u0101p\u0113c, ka tas ir viens no stabil\u0101kajiem skr\u0101p\u0113\u0161anas tor\u0146iem, ko var atrast. Komplekt\u0101 eso\u0161ie divi spilventi\u0146i ir mazg\u0101jami ve\u013cas ma\u0161\u012bn\u0101. Produkta dizains ir moderns un stil\u012bgs. Skr\u0101p\u0113\u0161anas tornis ir paredz\u0113ts ka\u0137iem vis\u0101s svara kategorij\u0101s un garumos. Piem\u0113rots ar\u012b t\u0113vi\u0146iem Maine Coon \u0161\u0137irnes ka\u0137iem. Produkts iepakots 1 kast\u0113, svars 23,5 kgProdukts bez iepakojuma, svars 22,3 kgIzm\u0113ri: diametrs 49 cm, augstums 118 cm","og_url":"https:\/\/miumjau.ee\/lv\/produkts\/petrebels-skrapesanas-tornis-superdome-120-antracita-krasa\/","og_site_name":"MiuMjau","article_publisher":"https:\/\/www.facebook.com\/miumjaupood\/","article_modified_time":"2026-01-07T19:23:54+00:00","og_image":[{"width":600,"height":800,"url":"https:\/\/miumjau.ee\/wp-content\/uploads\/2023\/09\/superdome-120-antratsiit-kassi-kraapimispuu-1-1.jpg","type":"image\/jpeg"}],"twitter_card":"summary_large_image","schema":{"@context":"https:\/\/schema.org","@graph":[{"@type":"WebPage","@id":"https:\/\/miumjau.ee\/lv\/produkts\/petrebels-skrapesanas-tornis-superdome-120-antracita-krasa\/","url":"https:\/\/miumjau.ee\/lv\/produkts\/petrebels-skrapesanas-tornis-superdome-120-antracita-krasa\/","name":"Petrebels skr\u0101p\u0113\u0161anas tornis Superdome 120, antrac\u012bta kr\u0101s\u0101 - MiuMjau","isPartOf":{"@id":"https:\/\/miumjau.ee\/#website"},"primaryImageOfPage":{"@id":"https:\/\/miumjau.ee\/lv\/produkts\/petrebels-skrapesanas-tornis-superdome-120-antracita-krasa\/#primaryimage"},"image":{"@id":"https:\/\/miumjau.ee\/lv\/produkts\/petrebels-skrapesanas-tornis-superdome-120-antracita-krasa\/#primaryimage"},"thumbnailUrl":"https:\/\/miumjau.ee\/wp-content\/uploads\/2023\/09\/superdome-120-antratsiit-kassi-kraapimispuu-1-1.jpg","datePublished":"2023-09-29T08:51:04+00:00","dateModified":"2026-01-07T19:23:54+00:00","breadcrumb":{"@id":"https:\/\/miumjau.ee\/lv\/produkts\/petrebels-skrapesanas-tornis-superdome-120-antracita-krasa\/#breadcrumb"},"inLanguage":"lv-LV","potentialAction":[{"@type":"ReadAction","target":["https:\/\/miumjau.ee\/lv\/produkts\/petrebels-skrapesanas-tornis-superdome-120-antracita-krasa\/"]}]},{"@type":"ImageObject","inLanguage":"lv-LV","@id":"https:\/\/miumjau.ee\/lv\/produkts\/petrebels-skrapesanas-tornis-superdome-120-antracita-krasa\/#primaryimage","url":"https:\/\/miumjau.ee\/wp-content\/uploads\/2023\/09\/superdome-120-antratsiit-kassi-kraapimispuu-1-1.jpg","contentUrl":"https:\/\/miumjau.ee\/wp-content\/uploads\/2023\/09\/superdome-120-antratsiit-kassi-kraapimispuu-1-1.jpg","width":600,"height":800},{"@type":"BreadcrumbList","@id":"https:\/\/miumjau.ee\/lv\/produkts\/petrebels-skrapesanas-tornis-superdome-120-antracita-krasa\/#breadcrumb","itemListElement":[{"@type":"ListItem","position":1,"name":"Home","item":"https:\/\/miumjau.ee\/lv\/"},{"@type":"ListItem","position":2,"name":"Veikals","item":"https:\/\/miumjau.ee\/lv\/veikals\/"},{"@type":"ListItem","position":3,"name":"Petrebels skr\u0101p\u0113\u0161anas tornis Superdome 120, antrac\u012bta kr\u0101s\u0101"}]},{"@type":"WebSite","@id":"https:\/\/miumjau.ee\/#website","url":"https:\/\/miumjau.ee\/","name":"MiuMjau","description":"Kraapimispuud kassidele","publisher":{"@id":"https:\/\/miumjau.ee\/#organization"},"potentialAction":[{"@type":"SearchAction","target":{"@type":"EntryPoint","urlTemplate":"https:\/\/miumjau.ee\/?s={search_term_string}"},"query-input":{"@type":"PropertyValueSpecification","valueRequired":true,"valueName":"search_term_string"}}],"inLanguage":"lv-LV"},{"@type":"Organization","@id":"https:\/\/miumjau.ee\/#organization","name":"MiuMjau O\u00dc","url":"https:\/\/miumjau.ee\/","logo":{"@type":"ImageObject","inLanguage":"lv-LV","@id":"https:\/\/miumjau.ee\/#\/schema\/logo\/image\/","url":"https:\/\/miumjau.ee\/wp-content\/uploads\/2022\/04\/MiuMjau-logo-kollane.png","contentUrl":"https:\/\/miumjau.ee\/wp-content\/uploads\/2022\/04\/MiuMjau-logo-kollane.png","width":219,"height":100,"caption":"MiuMjau O\u00dc"},"image":{"@id":"https:\/\/miumjau.ee\/#\/schema\/logo\/image\/"},"sameAs":["https:\/\/www.facebook.com\/miumjaupood\/"]}]}},"_links":{"self":[{"href":"https:\/\/miumjau.ee\/lv\/wp-json\/wp\/v2\/product\/45588","targetHints":{"allow":["GET"]}}],"collection":[{"href":"https:\/\/miumjau.ee\/lv\/wp-json\/wp\/v2\/product"}],"about":[{"href":"https:\/\/miumjau.ee\/lv\/wp-json\/wp\/v2\/types\/product"}],"wp:featuredmedia":[{"embeddable":true,"href":"https:\/\/miumjau.ee\/lv\/wp-json\/wp\/v2\/media\/45597"}],"wp:attachment":[{"href":"https:\/\/miumjau.ee\/lv\/wp-json\/wp\/v2\/media?parent=45588"}],"wp:term":[{"taxonomy":"product_brand","embeddable":true,"href":"https:\/\/miumjau.ee\/lv\/wp-json\/wp\/v2\/product_brand?post=45588"},{"taxonomy":"product_cat","embeddable":true,"href":"https:\/\/miumjau.ee\/lv\/wp-json\/wp\/v2\/product_cat?post=45588"},{"taxonomy":"product_tag","embeddable":true,"href":"https:\/\/miumjau.ee\/lv\/wp-json\/wp\/v2\/product_tag?post=45588"}],"curies":[{"name":"wp","href":"https:\/\/api.w.org\/{rel}","templated":true}]}}