{"id":45561,"date":"2023-09-29T10:40:57","date_gmt":"2023-09-29T07:40:57","guid":{"rendered":"https:\/\/miumjau.ee\/toode\/petrebels-skrapesanas-tornis-dome-110-antracita-krasa\/"},"modified":"2026-01-07T21:23:54","modified_gmt":"2026-01-07T19:23:54","slug":"petrebels-skrapesanas-tornis-dome-110-antracita-krasa","status":"publish","type":"product","link":"https:\/\/miumjau.ee\/lv\/produkts\/petrebels-skrapesanas-tornis-dome-110-antracita-krasa\/","title":{"rendered":"Petrebels skr\u0101p\u0113\u0161anas tornis Dome 110, antrac\u012bta kr\u0101s\u0101"},"content":{"rendered":"","protected":false},"excerpt":{"rendered":"<p data-start=\"157\" data-end=\"553\">Skr\u0101p\u0113\u0161anas tornis Dome 110 ir liel\u0101kais br\u0101lis Dome 80, proti, tr\u012bsst\u0101vu tornis. Tas ir augsts un stabils \u2013 piln\u012bb\u0101 p\u0101rkl\u0101ts ar skr\u0101p\u0113jam\u0101 materi\u0101la pakl\u0101ju un ar iek\u0161\u0113jiem st\u0101viem, pa kuriem ka\u0137i var p\u0101rvietoties. Sp\u0113\u013cu m\u012blo\u0161ie ka\u0137i dievina izklaid\u0113ties uz t\u0101! Daudzst\u0101vu tornis ir lielisks, ja m\u0101j\u0101s ir vair\u0101ki ka\u0137i vai ja v\u0113laties savu vien\u012bgo ka\u0137i \u012bpa\u0161i palutin\u0101t. Piem\u0113rots visiem ka\u0137iem.<\/p>\n<p data-start=\"555\" data-end=\"654\" data-is-last-node=\"\" data-is-only-node=\"\"><strong data-start=\"555\" data-end=\"575\">Produkta izm\u0113ri:<\/strong> 45x45x110 cm<br data-start=\"588\" data-end=\"591\" \/><strong data-start=\"591\" data-end=\"616\">Svars bez iepakojuma:<\/strong> 14,4 kg<br data-start=\"624\" data-end=\"627\" \/><strong data-start=\"627\" data-end=\"648\" data-is-only-node=\"\">Svars ar kast\u012bti:<\/strong> 16 kg<\/p>\n","protected":false},"featured_media":45562,"template":"","meta":[],"product_brand":[],"product_cat":[573,586],"product_tag":[],"class_list":{"0":"post-45561","1":"product","2":"type-product","3":"status-publish","4":"has-post-thumbnail","6":"product_cat-kaup24-lv","7":"product_cat-skrapesanas-torni-petrebels","8":"product_shipping_class-pakiautomaati-sobimatu-lv","10":"first","11":"instock","12":"taxable","13":"shipping-taxable","14":"purchasable","15":"product-type-simple"},"yoast_head":"<!-- This site is optimized with the Yoast SEO plugin v27.4 - https:\/\/yoast.com\/product\/yoast-seo-wordpress\/ -->\n<title>Petrebels skr\u0101p\u0113\u0161anas tornis Dome 110, antrac\u012bta kr\u0101s\u0101 - MiuMjau<\/title>\n<meta name=\"robots\" content=\"index, follow, max-snippet:-1, max-image-preview:large, max-video-preview:-1\" \/>\n<link rel=\"canonical\" href=\"https:\/\/miumjau.ee\/lv\/produkts\/petrebels-skrapesanas-tornis-dome-110-antracita-krasa\/\" \/>\n<meta property=\"og:locale\" content=\"lv_LV\" \/>\n<meta property=\"og:type\" content=\"article\" \/>\n<meta property=\"og:title\" content=\"Petrebels skr\u0101p\u0113\u0161anas tornis Dome 110, antrac\u012bta kr\u0101s\u0101 - MiuMjau\" \/>\n<meta property=\"og:description\" content=\"Skr\u0101p\u0113\u0161anas tornis Dome 110 ir liel\u0101kais br\u0101lis Dome 80, proti, tr\u012bsst\u0101vu tornis. Tas ir augsts un stabils \u2013 piln\u012bb\u0101 p\u0101rkl\u0101ts ar skr\u0101p\u0113jam\u0101 materi\u0101la pakl\u0101ju un ar iek\u0161\u0113jiem st\u0101viem, pa kuriem ka\u0137i var p\u0101rvietoties. Sp\u0113\u013cu m\u012blo\u0161ie ka\u0137i dievina izklaid\u0113ties uz t\u0101! Daudzst\u0101vu tornis ir lielisks, ja m\u0101j\u0101s ir vair\u0101ki ka\u0137i vai ja v\u0113laties savu vien\u012bgo ka\u0137i \u012bpa\u0161i palutin\u0101t. Piem\u0113rots visiem ka\u0137iem. Produkta izm\u0113ri: 45x45x110 cmSvars bez iepakojuma: 14,4 kgSvars ar kast\u012bti: 16 kg\" \/>\n<meta property=\"og:url\" content=\"https:\/\/miumjau.ee\/lv\/produkts\/petrebels-skrapesanas-tornis-dome-110-antracita-krasa\/\" \/>\n<meta property=\"og:site_name\" content=\"MiuMjau\" \/>\n<meta property=\"article:publisher\" content=\"https:\/\/www.facebook.com\/miumjaupood\/\" \/>\n<meta property=\"article:modified_time\" content=\"2026-01-07T19:23:54+00:00\" \/>\n<meta property=\"og:image\" content=\"https:\/\/miumjau.ee\/wp-content\/uploads\/2023\/09\/dome-110-antratsiit-kassi-kraapimispuu-1.jpg\" \/>\n\t<meta property=\"og:image:width\" content=\"600\" \/>\n\t<meta property=\"og:image:height\" content=\"800\" \/>\n\t<meta property=\"og:image:type\" content=\"image\/jpeg\" \/>\n<meta name=\"twitter:card\" content=\"summary_large_image\" \/>\n<script type=\"application\/ld+json\" class=\"yoast-schema-graph\">{\"@context\":\"https:\\\/\\\/schema.org\",\"@graph\":[{\"@type\":\"WebPage\",\"@id\":\"https:\\\/\\\/miumjau.ee\\\/lv\\\/produkts\\\/petrebels-skrapesanas-tornis-dome-110-antracita-krasa\\\/\",\"url\":\"https:\\\/\\\/miumjau.ee\\\/lv\\\/produkts\\\/petrebels-skrapesanas-tornis-dome-110-antracita-krasa\\\/\",\"name\":\"Petrebels skr\u0101p\u0113\u0161anas tornis Dome 110, antrac\u012bta kr\u0101s\u0101 - MiuMjau\",\"isPartOf\":{\"@id\":\"https:\\\/\\\/miumjau.ee\\\/#website\"},\"primaryImageOfPage\":{\"@id\":\"https:\\\/\\\/miumjau.ee\\\/lv\\\/produkts\\\/petrebels-skrapesanas-tornis-dome-110-antracita-krasa\\\/#primaryimage\"},\"image\":{\"@id\":\"https:\\\/\\\/miumjau.ee\\\/lv\\\/produkts\\\/petrebels-skrapesanas-tornis-dome-110-antracita-krasa\\\/#primaryimage\"},\"thumbnailUrl\":\"https:\\\/\\\/miumjau.ee\\\/wp-content\\\/uploads\\\/2023\\\/09\\\/dome-110-antratsiit-kassi-kraapimispuu-1.jpg\",\"datePublished\":\"2023-09-29T07:40:57+00:00\",\"dateModified\":\"2026-01-07T19:23:54+00:00\",\"breadcrumb\":{\"@id\":\"https:\\\/\\\/miumjau.ee\\\/lv\\\/produkts\\\/petrebels-skrapesanas-tornis-dome-110-antracita-krasa\\\/#breadcrumb\"},\"inLanguage\":\"lv-LV\",\"potentialAction\":[{\"@type\":\"ReadAction\",\"target\":[\"https:\\\/\\\/miumjau.ee\\\/lv\\\/produkts\\\/petrebels-skrapesanas-tornis-dome-110-antracita-krasa\\\/\"]}]},{\"@type\":\"ImageObject\",\"inLanguage\":\"lv-LV\",\"@id\":\"https:\\\/\\\/miumjau.ee\\\/lv\\\/produkts\\\/petrebels-skrapesanas-tornis-dome-110-antracita-krasa\\\/#primaryimage\",\"url\":\"https:\\\/\\\/miumjau.ee\\\/wp-content\\\/uploads\\\/2023\\\/09\\\/dome-110-antratsiit-kassi-kraapimispuu-1.jpg\",\"contentUrl\":\"https:\\\/\\\/miumjau.ee\\\/wp-content\\\/uploads\\\/2023\\\/09\\\/dome-110-antratsiit-kassi-kraapimispuu-1.jpg\",\"width\":600,\"height\":800},{\"@type\":\"BreadcrumbList\",\"@id\":\"https:\\\/\\\/miumjau.ee\\\/lv\\\/produkts\\\/petrebels-skrapesanas-tornis-dome-110-antracita-krasa\\\/#breadcrumb\",\"itemListElement\":[{\"@type\":\"ListItem\",\"position\":1,\"name\":\"Home\",\"item\":\"https:\\\/\\\/miumjau.ee\\\/lv\\\/\"},{\"@type\":\"ListItem\",\"position\":2,\"name\":\"Veikals\",\"item\":\"https:\\\/\\\/miumjau.ee\\\/lv\\\/veikals\\\/\"},{\"@type\":\"ListItem\",\"position\":3,\"name\":\"Petrebels skr\u0101p\u0113\u0161anas tornis Dome 110, antrac\u012bta kr\u0101s\u0101\"}]},{\"@type\":\"WebSite\",\"@id\":\"https:\\\/\\\/miumjau.ee\\\/#website\",\"url\":\"https:\\\/\\\/miumjau.ee\\\/\",\"name\":\"MiuMjau\",\"description\":\"Kraapimispuud kassidele\",\"publisher\":{\"@id\":\"https:\\\/\\\/miumjau.ee\\\/#organization\"},\"potentialAction\":[{\"@type\":\"SearchAction\",\"target\":{\"@type\":\"EntryPoint\",\"urlTemplate\":\"https:\\\/\\\/miumjau.ee\\\/?s={search_term_string}\"},\"query-input\":{\"@type\":\"PropertyValueSpecification\",\"valueRequired\":true,\"valueName\":\"search_term_string\"}}],\"inLanguage\":\"lv-LV\"},{\"@type\":\"Organization\",\"@id\":\"https:\\\/\\\/miumjau.ee\\\/#organization\",\"name\":\"MiuMjau O\u00dc\",\"url\":\"https:\\\/\\\/miumjau.ee\\\/\",\"logo\":{\"@type\":\"ImageObject\",\"inLanguage\":\"lv-LV\",\"@id\":\"https:\\\/\\\/miumjau.ee\\\/#\\\/schema\\\/logo\\\/image\\\/\",\"url\":\"https:\\\/\\\/miumjau.ee\\\/wp-content\\\/uploads\\\/2022\\\/04\\\/MiuMjau-logo-kollane.png\",\"contentUrl\":\"https:\\\/\\\/miumjau.ee\\\/wp-content\\\/uploads\\\/2022\\\/04\\\/MiuMjau-logo-kollane.png\",\"width\":219,\"height\":100,\"caption\":\"MiuMjau O\u00dc\"},\"image\":{\"@id\":\"https:\\\/\\\/miumjau.ee\\\/#\\\/schema\\\/logo\\\/image\\\/\"},\"sameAs\":[\"https:\\\/\\\/www.facebook.com\\\/miumjaupood\\\/\"]}]}<\/script>\n<!-- \/ Yoast SEO plugin. -->","yoast_head_json":{"title":"Petrebels skr\u0101p\u0113\u0161anas tornis Dome 110, antrac\u012bta kr\u0101s\u0101 - MiuMjau","robots":{"index":"index","follow":"follow","max-snippet":"max-snippet:-1","max-image-preview":"max-image-preview:large","max-video-preview":"max-video-preview:-1"},"canonical":"https:\/\/miumjau.ee\/lv\/produkts\/petrebels-skrapesanas-tornis-dome-110-antracita-krasa\/","og_locale":"lv_LV","og_type":"article","og_title":"Petrebels skr\u0101p\u0113\u0161anas tornis Dome 110, antrac\u012bta kr\u0101s\u0101 - MiuMjau","og_description":"Skr\u0101p\u0113\u0161anas tornis Dome 110 ir liel\u0101kais br\u0101lis Dome 80, proti, tr\u012bsst\u0101vu tornis. Tas ir augsts un stabils \u2013 piln\u012bb\u0101 p\u0101rkl\u0101ts ar skr\u0101p\u0113jam\u0101 materi\u0101la pakl\u0101ju un ar iek\u0161\u0113jiem st\u0101viem, pa kuriem ka\u0137i var p\u0101rvietoties. Sp\u0113\u013cu m\u012blo\u0161ie ka\u0137i dievina izklaid\u0113ties uz t\u0101! Daudzst\u0101vu tornis ir lielisks, ja m\u0101j\u0101s ir vair\u0101ki ka\u0137i vai ja v\u0113laties savu vien\u012bgo ka\u0137i \u012bpa\u0161i palutin\u0101t. Piem\u0113rots visiem ka\u0137iem. Produkta izm\u0113ri: 45x45x110 cmSvars bez iepakojuma: 14,4 kgSvars ar kast\u012bti: 16 kg","og_url":"https:\/\/miumjau.ee\/lv\/produkts\/petrebels-skrapesanas-tornis-dome-110-antracita-krasa\/","og_site_name":"MiuMjau","article_publisher":"https:\/\/www.facebook.com\/miumjaupood\/","article_modified_time":"2026-01-07T19:23:54+00:00","og_image":[{"width":600,"height":800,"url":"https:\/\/miumjau.ee\/wp-content\/uploads\/2023\/09\/dome-110-antratsiit-kassi-kraapimispuu-1.jpg","type":"image\/jpeg"}],"twitter_card":"summary_large_image","schema":{"@context":"https:\/\/schema.org","@graph":[{"@type":"WebPage","@id":"https:\/\/miumjau.ee\/lv\/produkts\/petrebels-skrapesanas-tornis-dome-110-antracita-krasa\/","url":"https:\/\/miumjau.ee\/lv\/produkts\/petrebels-skrapesanas-tornis-dome-110-antracita-krasa\/","name":"Petrebels skr\u0101p\u0113\u0161anas tornis Dome 110, antrac\u012bta kr\u0101s\u0101 - MiuMjau","isPartOf":{"@id":"https:\/\/miumjau.ee\/#website"},"primaryImageOfPage":{"@id":"https:\/\/miumjau.ee\/lv\/produkts\/petrebels-skrapesanas-tornis-dome-110-antracita-krasa\/#primaryimage"},"image":{"@id":"https:\/\/miumjau.ee\/lv\/produkts\/petrebels-skrapesanas-tornis-dome-110-antracita-krasa\/#primaryimage"},"thumbnailUrl":"https:\/\/miumjau.ee\/wp-content\/uploads\/2023\/09\/dome-110-antratsiit-kassi-kraapimispuu-1.jpg","datePublished":"2023-09-29T07:40:57+00:00","dateModified":"2026-01-07T19:23:54+00:00","breadcrumb":{"@id":"https:\/\/miumjau.ee\/lv\/produkts\/petrebels-skrapesanas-tornis-dome-110-antracita-krasa\/#breadcrumb"},"inLanguage":"lv-LV","potentialAction":[{"@type":"ReadAction","target":["https:\/\/miumjau.ee\/lv\/produkts\/petrebels-skrapesanas-tornis-dome-110-antracita-krasa\/"]}]},{"@type":"ImageObject","inLanguage":"lv-LV","@id":"https:\/\/miumjau.ee\/lv\/produkts\/petrebels-skrapesanas-tornis-dome-110-antracita-krasa\/#primaryimage","url":"https:\/\/miumjau.ee\/wp-content\/uploads\/2023\/09\/dome-110-antratsiit-kassi-kraapimispuu-1.jpg","contentUrl":"https:\/\/miumjau.ee\/wp-content\/uploads\/2023\/09\/dome-110-antratsiit-kassi-kraapimispuu-1.jpg","width":600,"height":800},{"@type":"BreadcrumbList","@id":"https:\/\/miumjau.ee\/lv\/produkts\/petrebels-skrapesanas-tornis-dome-110-antracita-krasa\/#breadcrumb","itemListElement":[{"@type":"ListItem","position":1,"name":"Home","item":"https:\/\/miumjau.ee\/lv\/"},{"@type":"ListItem","position":2,"name":"Veikals","item":"https:\/\/miumjau.ee\/lv\/veikals\/"},{"@type":"ListItem","position":3,"name":"Petrebels skr\u0101p\u0113\u0161anas tornis Dome 110, antrac\u012bta kr\u0101s\u0101"}]},{"@type":"WebSite","@id":"https:\/\/miumjau.ee\/#website","url":"https:\/\/miumjau.ee\/","name":"MiuMjau","description":"Kraapimispuud kassidele","publisher":{"@id":"https:\/\/miumjau.ee\/#organization"},"potentialAction":[{"@type":"SearchAction","target":{"@type":"EntryPoint","urlTemplate":"https:\/\/miumjau.ee\/?s={search_term_string}"},"query-input":{"@type":"PropertyValueSpecification","valueRequired":true,"valueName":"search_term_string"}}],"inLanguage":"lv-LV"},{"@type":"Organization","@id":"https:\/\/miumjau.ee\/#organization","name":"MiuMjau O\u00dc","url":"https:\/\/miumjau.ee\/","logo":{"@type":"ImageObject","inLanguage":"lv-LV","@id":"https:\/\/miumjau.ee\/#\/schema\/logo\/image\/","url":"https:\/\/miumjau.ee\/wp-content\/uploads\/2022\/04\/MiuMjau-logo-kollane.png","contentUrl":"https:\/\/miumjau.ee\/wp-content\/uploads\/2022\/04\/MiuMjau-logo-kollane.png","width":219,"height":100,"caption":"MiuMjau O\u00dc"},"image":{"@id":"https:\/\/miumjau.ee\/#\/schema\/logo\/image\/"},"sameAs":["https:\/\/www.facebook.com\/miumjaupood\/"]}]}},"_links":{"self":[{"href":"https:\/\/miumjau.ee\/lv\/wp-json\/wp\/v2\/product\/45561","targetHints":{"allow":["GET"]}}],"collection":[{"href":"https:\/\/miumjau.ee\/lv\/wp-json\/wp\/v2\/product"}],"about":[{"href":"https:\/\/miumjau.ee\/lv\/wp-json\/wp\/v2\/types\/product"}],"wp:featuredmedia":[{"embeddable":true,"href":"https:\/\/miumjau.ee\/lv\/wp-json\/wp\/v2\/media\/45562"}],"wp:attachment":[{"href":"https:\/\/miumjau.ee\/lv\/wp-json\/wp\/v2\/media?parent=45561"}],"wp:term":[{"taxonomy":"product_brand","embeddable":true,"href":"https:\/\/miumjau.ee\/lv\/wp-json\/wp\/v2\/product_brand?post=45561"},{"taxonomy":"product_cat","embeddable":true,"href":"https:\/\/miumjau.ee\/lv\/wp-json\/wp\/v2\/product_cat?post=45561"},{"taxonomy":"product_tag","embeddable":true,"href":"https:\/\/miumjau.ee\/lv\/wp-json\/wp\/v2\/product_tag?post=45561"}],"curies":[{"name":"wp","href":"https:\/\/api.w.org\/{rel}","templated":true}]}}