{"id":45551,"date":"2023-09-29T10:26:30","date_gmt":"2023-09-29T07:26:30","guid":{"rendered":"https:\/\/miumjau.ee\/toode\/petrebels-skrapesanas-tornis-dome-80-antracita-krasa\/"},"modified":"2026-04-16T18:12:55","modified_gmt":"2026-04-16T15:12:55","slug":"petrebels-skrapesanas-tornis-dome-80-antracita-krasa","status":"publish","type":"product","link":"https:\/\/miumjau.ee\/lv\/produkts\/petrebels-skrapesanas-tornis-dome-80-antracita-krasa\/","title":{"rendered":"Petrebels skr\u0101p\u0113\u0161anas tornis Dome 80, antrac\u012bta kr\u0101s\u0101"},"content":{"rendered":"","protected":false},"excerpt":{"rendered":"<p data-start=\"164\" data-end=\"797\">Skr\u0101p\u0113\u0161anas tornis Dome 80 ir divst\u0101vu \u012bsta k\u0101p\u0161anas konstrukcija ka\u0137\u0113niem, kuri m\u012bl skr\u0101p\u0113t. Augstums ir piem\u0113rots, lai ka\u0137\u0113ni nenokristu no lieluma un nesavainotos. Iek\u0161pus\u0113 var k\u0101pt no viena st\u0101va uz otru, un apak\u0161\u0113j\u0101 da\u013c\u0101 var mier\u012bgi atp\u016bsties p\u0113c nogurdino\u0161as sp\u0113les. Apak\u0161\u0101 eso\u0161ais spilvens ir mazg\u0101jams ve\u013cas ma\u0161\u012bn\u0101. Visa \u0101r\u0113j\u0101 da\u013ca ir piln\u012bb\u0101 p\u0101rkl\u0101ta ar skr\u0101p\u0113jam\u0101 materi\u0101la pakl\u0101ju, \u013caujot ka\u0137\u0113niem k\u0101 maziem p\u0113rti\u0137iem p\u0101rvietoties turp un atpaka\u013c, uz aug\u0161u un uz leju. Visaugst\u0101kaj\u0101 viet\u0101 ir \u0113rta m\u012bksta platforma, kur\u0101 ar\u012b var gul\u0113t un v\u0113rot apk\u0101rtni. Ir jautri skat\u012bties, k\u0101 ka\u0137\u0113nu kuc\u0113ni sp\u0113l\u0113 sl\u0113p\u0161an\u0101s sp\u0113les uz t\u0101.<\/p>\n<p data-start=\"799\" data-end=\"919\">Tornis piem\u0113rots visiem ka\u0137iem \u2014 viegliem, smagiem, maziem un lieliem, bet mazajiem ner\u0101t\u0146iem tas ir \u012bpa\u0161i aizraujo\u0161s!<\/p>\n<p data-start=\"921\" data-end=\"1021\" data-is-last-node=\"\" data-is-only-node=\"\"><strong data-start=\"921\" data-end=\"941\">Produkta izm\u0113ri:<\/strong> 45x45x80 cm<br data-start=\"953\" data-end=\"956\" \/><strong data-start=\"956\" data-end=\"981\">Svars bez iepakojuma:<\/strong> 11,4 kg<br data-start=\"989\" data-end=\"992\" \/><strong data-start=\"992\" data-end=\"1013\">Svars ar kast\u012bti:<\/strong> 12,5 kg<\/p>\n","protected":false},"featured_media":45560,"template":"","meta":[],"product_brand":[],"product_cat":[573,586],"product_tag":[],"class_list":{"0":"post-45551","1":"product","2":"type-product","3":"status-publish","4":"has-post-thumbnail","6":"product_cat-kaup24-lv","7":"product_cat-skrapesanas-torni-petrebels","8":"product_shipping_class-pakiautomaati-sobimatu-lv","10":"first","11":"instock","12":"sale","13":"taxable","14":"shipping-taxable","15":"purchasable","16":"product-type-simple"},"yoast_head":"<!-- This site is optimized with the Yoast SEO plugin v27.4 - https:\/\/yoast.com\/product\/yoast-seo-wordpress\/ -->\n<title>Petrebels skr\u0101p\u0113\u0161anas tornis Dome 80, antrac\u012bta kr\u0101s\u0101 - MiuMjau<\/title>\n<meta name=\"robots\" content=\"index, follow, max-snippet:-1, max-image-preview:large, max-video-preview:-1\" \/>\n<link rel=\"canonical\" href=\"https:\/\/miumjau.ee\/lv\/produkts\/petrebels-skrapesanas-tornis-dome-80-antracita-krasa\/\" \/>\n<meta property=\"og:locale\" content=\"lv_LV\" \/>\n<meta property=\"og:type\" content=\"article\" \/>\n<meta property=\"og:title\" content=\"Petrebels skr\u0101p\u0113\u0161anas tornis Dome 80, antrac\u012bta kr\u0101s\u0101 - MiuMjau\" \/>\n<meta property=\"og:description\" content=\"Skr\u0101p\u0113\u0161anas tornis Dome 80 ir divst\u0101vu \u012bsta k\u0101p\u0161anas konstrukcija ka\u0137\u0113niem, kuri m\u012bl skr\u0101p\u0113t. Augstums ir piem\u0113rots, lai ka\u0137\u0113ni nenokristu no lieluma un nesavainotos. Iek\u0161pus\u0113 var k\u0101pt no viena st\u0101va uz otru, un apak\u0161\u0113j\u0101 da\u013c\u0101 var mier\u012bgi atp\u016bsties p\u0113c nogurdino\u0161as sp\u0113les. Apak\u0161\u0101 eso\u0161ais spilvens ir mazg\u0101jams ve\u013cas ma\u0161\u012bn\u0101. Visa \u0101r\u0113j\u0101 da\u013ca ir piln\u012bb\u0101 p\u0101rkl\u0101ta ar skr\u0101p\u0113jam\u0101 materi\u0101la pakl\u0101ju, \u013caujot ka\u0137\u0113niem k\u0101 maziem p\u0113rti\u0137iem p\u0101rvietoties turp un atpaka\u013c, uz aug\u0161u un uz leju. Visaugst\u0101kaj\u0101 viet\u0101 ir \u0113rta m\u012bksta platforma, kur\u0101 ar\u012b var gul\u0113t un v\u0113rot apk\u0101rtni. Ir jautri skat\u012bties, k\u0101 ka\u0137\u0113nu kuc\u0113ni sp\u0113l\u0113 sl\u0113p\u0161an\u0101s sp\u0113les uz t\u0101. Tornis piem\u0113rots visiem ka\u0137iem \u2014 viegliem, smagiem, maziem un lieliem, bet mazajiem ner\u0101t\u0146iem tas ir \u012bpa\u0161i aizraujo\u0161s! Produkta izm\u0113ri: 45x45x80 cmSvars bez iepakojuma: 11,4 kgSvars ar kast\u012bti: 12,5 kg\" \/>\n<meta property=\"og:url\" content=\"https:\/\/miumjau.ee\/lv\/produkts\/petrebels-skrapesanas-tornis-dome-80-antracita-krasa\/\" \/>\n<meta property=\"og:site_name\" content=\"MiuMjau\" \/>\n<meta property=\"article:publisher\" content=\"https:\/\/www.facebook.com\/miumjaupood\/\" \/>\n<meta property=\"article:modified_time\" content=\"2026-04-16T15:12:55+00:00\" \/>\n<meta property=\"og:image\" content=\"https:\/\/miumjau.ee\/wp-content\/uploads\/2023\/09\/dome80-kassi-kraapimispuu11.jpg\" \/>\n\t<meta property=\"og:image:width\" content=\"600\" \/>\n\t<meta property=\"og:image:height\" content=\"800\" \/>\n\t<meta property=\"og:image:type\" content=\"image\/jpeg\" \/>\n<meta name=\"twitter:card\" content=\"summary_large_image\" \/>\n<script type=\"application\/ld+json\" class=\"yoast-schema-graph\">{\"@context\":\"https:\\\/\\\/schema.org\",\"@graph\":[{\"@type\":\"WebPage\",\"@id\":\"https:\\\/\\\/miumjau.ee\\\/lv\\\/produkts\\\/petrebels-skrapesanas-tornis-dome-80-antracita-krasa\\\/\",\"url\":\"https:\\\/\\\/miumjau.ee\\\/lv\\\/produkts\\\/petrebels-skrapesanas-tornis-dome-80-antracita-krasa\\\/\",\"name\":\"Petrebels skr\u0101p\u0113\u0161anas tornis Dome 80, antrac\u012bta kr\u0101s\u0101 - MiuMjau\",\"isPartOf\":{\"@id\":\"https:\\\/\\\/miumjau.ee\\\/#website\"},\"primaryImageOfPage\":{\"@id\":\"https:\\\/\\\/miumjau.ee\\\/lv\\\/produkts\\\/petrebels-skrapesanas-tornis-dome-80-antracita-krasa\\\/#primaryimage\"},\"image\":{\"@id\":\"https:\\\/\\\/miumjau.ee\\\/lv\\\/produkts\\\/petrebels-skrapesanas-tornis-dome-80-antracita-krasa\\\/#primaryimage\"},\"thumbnailUrl\":\"https:\\\/\\\/miumjau.ee\\\/wp-content\\\/uploads\\\/2023\\\/09\\\/dome80-kassi-kraapimispuu11.jpg\",\"datePublished\":\"2023-09-29T07:26:30+00:00\",\"dateModified\":\"2026-04-16T15:12:55+00:00\",\"breadcrumb\":{\"@id\":\"https:\\\/\\\/miumjau.ee\\\/lv\\\/produkts\\\/petrebels-skrapesanas-tornis-dome-80-antracita-krasa\\\/#breadcrumb\"},\"inLanguage\":\"lv-LV\",\"potentialAction\":[{\"@type\":\"ReadAction\",\"target\":[\"https:\\\/\\\/miumjau.ee\\\/lv\\\/produkts\\\/petrebels-skrapesanas-tornis-dome-80-antracita-krasa\\\/\"]}]},{\"@type\":\"ImageObject\",\"inLanguage\":\"lv-LV\",\"@id\":\"https:\\\/\\\/miumjau.ee\\\/lv\\\/produkts\\\/petrebels-skrapesanas-tornis-dome-80-antracita-krasa\\\/#primaryimage\",\"url\":\"https:\\\/\\\/miumjau.ee\\\/wp-content\\\/uploads\\\/2023\\\/09\\\/dome80-kassi-kraapimispuu11.jpg\",\"contentUrl\":\"https:\\\/\\\/miumjau.ee\\\/wp-content\\\/uploads\\\/2023\\\/09\\\/dome80-kassi-kraapimispuu11.jpg\",\"width\":600,\"height\":800},{\"@type\":\"BreadcrumbList\",\"@id\":\"https:\\\/\\\/miumjau.ee\\\/lv\\\/produkts\\\/petrebels-skrapesanas-tornis-dome-80-antracita-krasa\\\/#breadcrumb\",\"itemListElement\":[{\"@type\":\"ListItem\",\"position\":1,\"name\":\"Home\",\"item\":\"https:\\\/\\\/miumjau.ee\\\/lv\\\/\"},{\"@type\":\"ListItem\",\"position\":2,\"name\":\"Veikals\",\"item\":\"https:\\\/\\\/miumjau.ee\\\/lv\\\/veikals\\\/\"},{\"@type\":\"ListItem\",\"position\":3,\"name\":\"Petrebels skr\u0101p\u0113\u0161anas tornis Dome 80, antrac\u012bta kr\u0101s\u0101\"}]},{\"@type\":\"WebSite\",\"@id\":\"https:\\\/\\\/miumjau.ee\\\/#website\",\"url\":\"https:\\\/\\\/miumjau.ee\\\/\",\"name\":\"MiuMjau\",\"description\":\"Kraapimispuud kassidele\",\"publisher\":{\"@id\":\"https:\\\/\\\/miumjau.ee\\\/#organization\"},\"potentialAction\":[{\"@type\":\"SearchAction\",\"target\":{\"@type\":\"EntryPoint\",\"urlTemplate\":\"https:\\\/\\\/miumjau.ee\\\/?s={search_term_string}\"},\"query-input\":{\"@type\":\"PropertyValueSpecification\",\"valueRequired\":true,\"valueName\":\"search_term_string\"}}],\"inLanguage\":\"lv-LV\"},{\"@type\":\"Organization\",\"@id\":\"https:\\\/\\\/miumjau.ee\\\/#organization\",\"name\":\"MiuMjau O\u00dc\",\"url\":\"https:\\\/\\\/miumjau.ee\\\/\",\"logo\":{\"@type\":\"ImageObject\",\"inLanguage\":\"lv-LV\",\"@id\":\"https:\\\/\\\/miumjau.ee\\\/#\\\/schema\\\/logo\\\/image\\\/\",\"url\":\"https:\\\/\\\/miumjau.ee\\\/wp-content\\\/uploads\\\/2022\\\/04\\\/MiuMjau-logo-kollane.png\",\"contentUrl\":\"https:\\\/\\\/miumjau.ee\\\/wp-content\\\/uploads\\\/2022\\\/04\\\/MiuMjau-logo-kollane.png\",\"width\":219,\"height\":100,\"caption\":\"MiuMjau O\u00dc\"},\"image\":{\"@id\":\"https:\\\/\\\/miumjau.ee\\\/#\\\/schema\\\/logo\\\/image\\\/\"},\"sameAs\":[\"https:\\\/\\\/www.facebook.com\\\/miumjaupood\\\/\"]}]}<\/script>\n<!-- \/ Yoast SEO plugin. -->","yoast_head_json":{"title":"Petrebels skr\u0101p\u0113\u0161anas tornis Dome 80, antrac\u012bta kr\u0101s\u0101 - MiuMjau","robots":{"index":"index","follow":"follow","max-snippet":"max-snippet:-1","max-image-preview":"max-image-preview:large","max-video-preview":"max-video-preview:-1"},"canonical":"https:\/\/miumjau.ee\/lv\/produkts\/petrebels-skrapesanas-tornis-dome-80-antracita-krasa\/","og_locale":"lv_LV","og_type":"article","og_title":"Petrebels skr\u0101p\u0113\u0161anas tornis Dome 80, antrac\u012bta kr\u0101s\u0101 - MiuMjau","og_description":"Skr\u0101p\u0113\u0161anas tornis Dome 80 ir divst\u0101vu \u012bsta k\u0101p\u0161anas konstrukcija ka\u0137\u0113niem, kuri m\u012bl skr\u0101p\u0113t. Augstums ir piem\u0113rots, lai ka\u0137\u0113ni nenokristu no lieluma un nesavainotos. Iek\u0161pus\u0113 var k\u0101pt no viena st\u0101va uz otru, un apak\u0161\u0113j\u0101 da\u013c\u0101 var mier\u012bgi atp\u016bsties p\u0113c nogurdino\u0161as sp\u0113les. Apak\u0161\u0101 eso\u0161ais spilvens ir mazg\u0101jams ve\u013cas ma\u0161\u012bn\u0101. Visa \u0101r\u0113j\u0101 da\u013ca ir piln\u012bb\u0101 p\u0101rkl\u0101ta ar skr\u0101p\u0113jam\u0101 materi\u0101la pakl\u0101ju, \u013caujot ka\u0137\u0113niem k\u0101 maziem p\u0113rti\u0137iem p\u0101rvietoties turp un atpaka\u013c, uz aug\u0161u un uz leju. Visaugst\u0101kaj\u0101 viet\u0101 ir \u0113rta m\u012bksta platforma, kur\u0101 ar\u012b var gul\u0113t un v\u0113rot apk\u0101rtni. Ir jautri skat\u012bties, k\u0101 ka\u0137\u0113nu kuc\u0113ni sp\u0113l\u0113 sl\u0113p\u0161an\u0101s sp\u0113les uz t\u0101. Tornis piem\u0113rots visiem ka\u0137iem \u2014 viegliem, smagiem, maziem un lieliem, bet mazajiem ner\u0101t\u0146iem tas ir \u012bpa\u0161i aizraujo\u0161s! Produkta izm\u0113ri: 45x45x80 cmSvars bez iepakojuma: 11,4 kgSvars ar kast\u012bti: 12,5 kg","og_url":"https:\/\/miumjau.ee\/lv\/produkts\/petrebels-skrapesanas-tornis-dome-80-antracita-krasa\/","og_site_name":"MiuMjau","article_publisher":"https:\/\/www.facebook.com\/miumjaupood\/","article_modified_time":"2026-04-16T15:12:55+00:00","og_image":[{"width":600,"height":800,"url":"https:\/\/miumjau.ee\/wp-content\/uploads\/2023\/09\/dome80-kassi-kraapimispuu11.jpg","type":"image\/jpeg"}],"twitter_card":"summary_large_image","schema":{"@context":"https:\/\/schema.org","@graph":[{"@type":"WebPage","@id":"https:\/\/miumjau.ee\/lv\/produkts\/petrebels-skrapesanas-tornis-dome-80-antracita-krasa\/","url":"https:\/\/miumjau.ee\/lv\/produkts\/petrebels-skrapesanas-tornis-dome-80-antracita-krasa\/","name":"Petrebels skr\u0101p\u0113\u0161anas tornis Dome 80, antrac\u012bta kr\u0101s\u0101 - MiuMjau","isPartOf":{"@id":"https:\/\/miumjau.ee\/#website"},"primaryImageOfPage":{"@id":"https:\/\/miumjau.ee\/lv\/produkts\/petrebels-skrapesanas-tornis-dome-80-antracita-krasa\/#primaryimage"},"image":{"@id":"https:\/\/miumjau.ee\/lv\/produkts\/petrebels-skrapesanas-tornis-dome-80-antracita-krasa\/#primaryimage"},"thumbnailUrl":"https:\/\/miumjau.ee\/wp-content\/uploads\/2023\/09\/dome80-kassi-kraapimispuu11.jpg","datePublished":"2023-09-29T07:26:30+00:00","dateModified":"2026-04-16T15:12:55+00:00","breadcrumb":{"@id":"https:\/\/miumjau.ee\/lv\/produkts\/petrebels-skrapesanas-tornis-dome-80-antracita-krasa\/#breadcrumb"},"inLanguage":"lv-LV","potentialAction":[{"@type":"ReadAction","target":["https:\/\/miumjau.ee\/lv\/produkts\/petrebels-skrapesanas-tornis-dome-80-antracita-krasa\/"]}]},{"@type":"ImageObject","inLanguage":"lv-LV","@id":"https:\/\/miumjau.ee\/lv\/produkts\/petrebels-skrapesanas-tornis-dome-80-antracita-krasa\/#primaryimage","url":"https:\/\/miumjau.ee\/wp-content\/uploads\/2023\/09\/dome80-kassi-kraapimispuu11.jpg","contentUrl":"https:\/\/miumjau.ee\/wp-content\/uploads\/2023\/09\/dome80-kassi-kraapimispuu11.jpg","width":600,"height":800},{"@type":"BreadcrumbList","@id":"https:\/\/miumjau.ee\/lv\/produkts\/petrebels-skrapesanas-tornis-dome-80-antracita-krasa\/#breadcrumb","itemListElement":[{"@type":"ListItem","position":1,"name":"Home","item":"https:\/\/miumjau.ee\/lv\/"},{"@type":"ListItem","position":2,"name":"Veikals","item":"https:\/\/miumjau.ee\/lv\/veikals\/"},{"@type":"ListItem","position":3,"name":"Petrebels skr\u0101p\u0113\u0161anas tornis Dome 80, antrac\u012bta kr\u0101s\u0101"}]},{"@type":"WebSite","@id":"https:\/\/miumjau.ee\/#website","url":"https:\/\/miumjau.ee\/","name":"MiuMjau","description":"Kraapimispuud kassidele","publisher":{"@id":"https:\/\/miumjau.ee\/#organization"},"potentialAction":[{"@type":"SearchAction","target":{"@type":"EntryPoint","urlTemplate":"https:\/\/miumjau.ee\/?s={search_term_string}"},"query-input":{"@type":"PropertyValueSpecification","valueRequired":true,"valueName":"search_term_string"}}],"inLanguage":"lv-LV"},{"@type":"Organization","@id":"https:\/\/miumjau.ee\/#organization","name":"MiuMjau O\u00dc","url":"https:\/\/miumjau.ee\/","logo":{"@type":"ImageObject","inLanguage":"lv-LV","@id":"https:\/\/miumjau.ee\/#\/schema\/logo\/image\/","url":"https:\/\/miumjau.ee\/wp-content\/uploads\/2022\/04\/MiuMjau-logo-kollane.png","contentUrl":"https:\/\/miumjau.ee\/wp-content\/uploads\/2022\/04\/MiuMjau-logo-kollane.png","width":219,"height":100,"caption":"MiuMjau O\u00dc"},"image":{"@id":"https:\/\/miumjau.ee\/#\/schema\/logo\/image\/"},"sameAs":["https:\/\/www.facebook.com\/miumjaupood\/"]}]}},"_links":{"self":[{"href":"https:\/\/miumjau.ee\/lv\/wp-json\/wp\/v2\/product\/45551","targetHints":{"allow":["GET"]}}],"collection":[{"href":"https:\/\/miumjau.ee\/lv\/wp-json\/wp\/v2\/product"}],"about":[{"href":"https:\/\/miumjau.ee\/lv\/wp-json\/wp\/v2\/types\/product"}],"wp:featuredmedia":[{"embeddable":true,"href":"https:\/\/miumjau.ee\/lv\/wp-json\/wp\/v2\/media\/45560"}],"wp:attachment":[{"href":"https:\/\/miumjau.ee\/lv\/wp-json\/wp\/v2\/media?parent=45551"}],"wp:term":[{"taxonomy":"product_brand","embeddable":true,"href":"https:\/\/miumjau.ee\/lv\/wp-json\/wp\/v2\/product_brand?post=45551"},{"taxonomy":"product_cat","embeddable":true,"href":"https:\/\/miumjau.ee\/lv\/wp-json\/wp\/v2\/product_cat?post=45551"},{"taxonomy":"product_tag","embeddable":true,"href":"https:\/\/miumjau.ee\/lv\/wp-json\/wp\/v2\/product_tag?post=45551"}],"curies":[{"name":"wp","href":"https:\/\/api.w.org\/{rel}","templated":true}]}}