{"id":45530,"date":"2023-07-28T18:50:23","date_gmt":"2023-07-28T15:50:23","guid":{"rendered":"https:\/\/miumjau.ee\/toode\/skrapesanas-majina-kakiem-petrebels-superdome-100-piparu-krasa\/"},"modified":"2026-01-29T17:10:46","modified_gmt":"2026-01-29T15:10:46","slug":"skrapesanas-majina-kakiem-petrebels-superdome-100-piparu-krasa","status":"publish","type":"product","link":"https:\/\/miumjau.ee\/lv\/produkts\/skrapesanas-majina-kakiem-petrebels-superdome-100-piparu-krasa\/","title":{"rendered":"Skr\u0101p\u0113\u0161anas m\u0101ji\u0146a ka\u0137iem Petrebels, Superdome 100, piparu kr\u0101s\u0101"},"content":{"rendered":"","protected":false},"excerpt":{"rendered":"<p data-start=\"495\" data-end=\"523\">Luksusa skr\u0101p\u0113\u0161anas m\u0101ji\u0146a<\/p>\n<p data-start=\"525\" data-end=\"996\">Tas nav vienk\u0101r\u0161i v\u0113l viens ka\u0137u nami\u0146\u0161. N\u0113, tas ir m\u016bsu Superdome 100. \u0160\u012b skr\u0101p\u0113\u0161anas m\u0101ji\u0146a ir p\u0101rkl\u0101ta ar \u0101rk\u0101rt\u012bgi iztur\u012bgu sisala pakl\u0101ju un tai ir papildu plats diametrs. Ieejas ir ar\u012b pla\u0161\u0101kas, lai katrs ka\u0137is viegli var\u0113tu nok\u013c\u016bt sav\u0101 m\u012bkstaj\u0101 gu\u013cviet\u0101, gan maz\u0101kie ka\u0137i, gan vec\u0101ki. Un luksusa rota\u013cu virve pied\u0101v\u0101 v\u0113l vair\u0101k prieka j\u016bsu akt\u012bvajiem ka\u0137iem. K\u0101p\u0113c nosaukums Superdome? T\u0101p\u0113c, ka tas ir viens no stabil\u0101kajiem skr\u0101p\u0113\u0161anas nami\u0146iem, ko var atrast.<\/p>\n<p data-start=\"998\" data-end=\"1254\"><strong data-start=\"998\" data-end=\"1009\">Kr\u0101sas:<\/strong> antrac\u012bta pl\u012b\u0161a un melns sisala pakl\u0101js<br data-start=\"1049\" data-end=\"1052\" \/><strong data-start=\"1052\" data-end=\"1063\">Izm\u0113ri:<\/strong> diametrs 49 cm, augstums 98 cm<br data-start=\"1094\" data-end=\"1097\" \/>Piem\u0113rots vis\u0101m ka\u0137u \u0161\u0137irn\u0113m, tostarp liel\u0101m un smag\u0101m \u0161\u0137irn\u0113m<br data-start=\"1159\" data-end=\"1162\" \/>Iek\u013cauti divi mazg\u0101jami spilventi\u0146i<br data-start=\"1197\" data-end=\"1200\" \/>Stil\u012bgs dizains un skaista ton\u012b l\u012bdz\u012bga kr\u0101su izv\u0113le<\/p>\n<p data-start=\"1256\" data-end=\"1351\"><strong data-start=\"1256\" data-end=\"1279\">Skat\u012bt 3D foto \u0161eit<\/strong><br data-start=\"1279\" data-end=\"1282\" \/><strong data-start=\"1282\" data-end=\"1349\">Skat\u012bt \u012bsu un p\u0101rskat\u0101mu video par \u012bsto produktu ar ka\u0137iem \u0161eit<\/strong><\/p>\n<p data-start=\"1353\" data-end=\"1578\">Skr\u0101p\u0113\u0161anas m\u0101ji\u0146a ir paredz\u0113ta ka\u0137iem vis\u0101s svara kategorij\u0101s un garumos. Piem\u0113rots ar\u012b t\u0113vi\u0146iem Maine Coon \u0161\u0137irnes ka\u0137iem.<br data-start=\"1477\" data-end=\"1480\" \/>Produkts iepakots 1 kast\u0113, kop\u0113jais svars 20 kg<br data-start=\"1527\" data-end=\"1530\" \/>Produkta t\u012brais svars (bez iepakojuma) 18,7 kg<\/p>\n<p data-start=\"1580\" data-end=\"1766\"><strong data-start=\"1580\" data-end=\"1600\">Uzreiz pieejams!<\/strong><br data-start=\"1600\" data-end=\"1603\" \/>Ra\u017eot\u0101js PetRebels, N\u012bderlandes kvalit\u0101te. \u0100rk\u0101rt\u012bgi kvalitat\u012bvi un \u0113rti skr\u0101p\u0113\u0161anas nami\u0146i ka\u0137iem, kas kalpo gadiem un rot\u0101 j\u016bsu m\u0101ju. J\u016bsu ka\u0137is b\u016bs pateic\u012bgs!<\/p>\n","protected":false},"featured_media":45531,"template":"","meta":[],"product_brand":[],"product_cat":[573,586],"product_tag":[],"class_list":{"0":"post-45530","1":"product","2":"type-product","3":"status-publish","4":"has-post-thumbnail","6":"product_cat-kaup24-lv","7":"product_cat-skrapesanas-torni-petrebels","8":"product_shipping_class-pakiautomaati-sobimatu-lv","10":"first","11":"instock","12":"taxable","13":"shipping-taxable","14":"purchasable","15":"product-type-simple"},"yoast_head":"<!-- This site is optimized with the Yoast SEO plugin v27.4 - https:\/\/yoast.com\/product\/yoast-seo-wordpress\/ -->\n<title>Skr\u0101p\u0113\u0161anas m\u0101ji\u0146a ka\u0137iem Petrebels, Superdome 100, piparu kr\u0101s\u0101 - MiuMjau<\/title>\n<meta name=\"robots\" content=\"index, follow, max-snippet:-1, max-image-preview:large, max-video-preview:-1\" \/>\n<link rel=\"canonical\" href=\"https:\/\/miumjau.ee\/lv\/produkts\/skrapesanas-majina-kakiem-petrebels-superdome-100-piparu-krasa\/\" \/>\n<meta property=\"og:locale\" content=\"lv_LV\" \/>\n<meta property=\"og:type\" content=\"article\" \/>\n<meta property=\"og:title\" content=\"Skr\u0101p\u0113\u0161anas m\u0101ji\u0146a ka\u0137iem Petrebels, Superdome 100, piparu kr\u0101s\u0101 - MiuMjau\" \/>\n<meta property=\"og:description\" content=\"Luksusa skr\u0101p\u0113\u0161anas m\u0101ji\u0146a Tas nav vienk\u0101r\u0161i v\u0113l viens ka\u0137u nami\u0146\u0161. N\u0113, tas ir m\u016bsu Superdome 100. \u0160\u012b skr\u0101p\u0113\u0161anas m\u0101ji\u0146a ir p\u0101rkl\u0101ta ar \u0101rk\u0101rt\u012bgi iztur\u012bgu sisala pakl\u0101ju un tai ir papildu plats diametrs. Ieejas ir ar\u012b pla\u0161\u0101kas, lai katrs ka\u0137is viegli var\u0113tu nok\u013c\u016bt sav\u0101 m\u012bkstaj\u0101 gu\u013cviet\u0101, gan maz\u0101kie ka\u0137i, gan vec\u0101ki. Un luksusa rota\u013cu virve pied\u0101v\u0101 v\u0113l vair\u0101k prieka j\u016bsu akt\u012bvajiem ka\u0137iem. K\u0101p\u0113c nosaukums Superdome? T\u0101p\u0113c, ka tas ir viens no stabil\u0101kajiem skr\u0101p\u0113\u0161anas nami\u0146iem, ko var atrast. Kr\u0101sas: antrac\u012bta pl\u012b\u0161a un melns sisala pakl\u0101jsIzm\u0113ri: diametrs 49 cm, augstums 98 cmPiem\u0113rots vis\u0101m ka\u0137u \u0161\u0137irn\u0113m, tostarp liel\u0101m un smag\u0101m \u0161\u0137irn\u0113mIek\u013cauti divi mazg\u0101jami spilventi\u0146iStil\u012bgs dizains un skaista ton\u012b l\u012bdz\u012bga kr\u0101su izv\u0113le Skat\u012bt 3D foto \u0161eitSkat\u012bt \u012bsu un p\u0101rskat\u0101mu video par \u012bsto produktu ar ka\u0137iem \u0161eit Skr\u0101p\u0113\u0161anas m\u0101ji\u0146a ir paredz\u0113ta ka\u0137iem vis\u0101s svara kategorij\u0101s un garumos. Piem\u0113rots ar\u012b t\u0113vi\u0146iem Maine Coon \u0161\u0137irnes ka\u0137iem.Produkts iepakots 1 kast\u0113, kop\u0113jais svars 20 kgProdukta t\u012brais svars (bez iepakojuma) 18,7 kg Uzreiz pieejams!Ra\u017eot\u0101js PetRebels, N\u012bderlandes kvalit\u0101te. \u0100rk\u0101rt\u012bgi kvalitat\u012bvi un \u0113rti skr\u0101p\u0113\u0161anas nami\u0146i ka\u0137iem, kas kalpo gadiem un rot\u0101 j\u016bsu m\u0101ju. J\u016bsu ka\u0137is b\u016bs pateic\u012bgs!\" \/>\n<meta property=\"og:url\" content=\"https:\/\/miumjau.ee\/lv\/produkts\/skrapesanas-majina-kakiem-petrebels-superdome-100-piparu-krasa\/\" \/>\n<meta property=\"og:site_name\" content=\"MiuMjau\" \/>\n<meta property=\"article:publisher\" content=\"https:\/\/www.facebook.com\/miumjaupood\/\" \/>\n<meta property=\"article:modified_time\" content=\"2026-01-29T15:10:46+00:00\" \/>\n<meta property=\"og:image\" content=\"https:\/\/miumjau.ee\/wp-content\/uploads\/2023\/07\/Superdome-100-antratsiit-kassi-kraapimispuu-1.jpg\" \/>\n\t<meta property=\"og:image:width\" content=\"600\" \/>\n\t<meta property=\"og:image:height\" content=\"800\" \/>\n\t<meta property=\"og:image:type\" content=\"image\/jpeg\" \/>\n<meta name=\"twitter:card\" content=\"summary_large_image\" \/>\n<script type=\"application\/ld+json\" class=\"yoast-schema-graph\">{\"@context\":\"https:\\\/\\\/schema.org\",\"@graph\":[{\"@type\":\"WebPage\",\"@id\":\"https:\\\/\\\/miumjau.ee\\\/lv\\\/produkts\\\/skrapesanas-majina-kakiem-petrebels-superdome-100-piparu-krasa\\\/\",\"url\":\"https:\\\/\\\/miumjau.ee\\\/lv\\\/produkts\\\/skrapesanas-majina-kakiem-petrebels-superdome-100-piparu-krasa\\\/\",\"name\":\"Skr\u0101p\u0113\u0161anas m\u0101ji\u0146a ka\u0137iem Petrebels, Superdome 100, piparu kr\u0101s\u0101 - MiuMjau\",\"isPartOf\":{\"@id\":\"https:\\\/\\\/miumjau.ee\\\/#website\"},\"primaryImageOfPage\":{\"@id\":\"https:\\\/\\\/miumjau.ee\\\/lv\\\/produkts\\\/skrapesanas-majina-kakiem-petrebels-superdome-100-piparu-krasa\\\/#primaryimage\"},\"image\":{\"@id\":\"https:\\\/\\\/miumjau.ee\\\/lv\\\/produkts\\\/skrapesanas-majina-kakiem-petrebels-superdome-100-piparu-krasa\\\/#primaryimage\"},\"thumbnailUrl\":\"https:\\\/\\\/miumjau.ee\\\/wp-content\\\/uploads\\\/2023\\\/07\\\/Superdome-100-antratsiit-kassi-kraapimispuu-1.jpg\",\"datePublished\":\"2023-07-28T15:50:23+00:00\",\"dateModified\":\"2026-01-29T15:10:46+00:00\",\"breadcrumb\":{\"@id\":\"https:\\\/\\\/miumjau.ee\\\/lv\\\/produkts\\\/skrapesanas-majina-kakiem-petrebels-superdome-100-piparu-krasa\\\/#breadcrumb\"},\"inLanguage\":\"lv-LV\",\"potentialAction\":[{\"@type\":\"ReadAction\",\"target\":[\"https:\\\/\\\/miumjau.ee\\\/lv\\\/produkts\\\/skrapesanas-majina-kakiem-petrebels-superdome-100-piparu-krasa\\\/\"]}]},{\"@type\":\"ImageObject\",\"inLanguage\":\"lv-LV\",\"@id\":\"https:\\\/\\\/miumjau.ee\\\/lv\\\/produkts\\\/skrapesanas-majina-kakiem-petrebels-superdome-100-piparu-krasa\\\/#primaryimage\",\"url\":\"https:\\\/\\\/miumjau.ee\\\/wp-content\\\/uploads\\\/2023\\\/07\\\/Superdome-100-antratsiit-kassi-kraapimispuu-1.jpg\",\"contentUrl\":\"https:\\\/\\\/miumjau.ee\\\/wp-content\\\/uploads\\\/2023\\\/07\\\/Superdome-100-antratsiit-kassi-kraapimispuu-1.jpg\",\"width\":600,\"height\":800},{\"@type\":\"BreadcrumbList\",\"@id\":\"https:\\\/\\\/miumjau.ee\\\/lv\\\/produkts\\\/skrapesanas-majina-kakiem-petrebels-superdome-100-piparu-krasa\\\/#breadcrumb\",\"itemListElement\":[{\"@type\":\"ListItem\",\"position\":1,\"name\":\"Home\",\"item\":\"https:\\\/\\\/miumjau.ee\\\/lv\\\/\"},{\"@type\":\"ListItem\",\"position\":2,\"name\":\"Veikals\",\"item\":\"https:\\\/\\\/miumjau.ee\\\/lv\\\/veikals\\\/\"},{\"@type\":\"ListItem\",\"position\":3,\"name\":\"Skr\u0101p\u0113\u0161anas m\u0101ji\u0146a ka\u0137iem Petrebels, Superdome 100, piparu kr\u0101s\u0101\"}]},{\"@type\":\"WebSite\",\"@id\":\"https:\\\/\\\/miumjau.ee\\\/#website\",\"url\":\"https:\\\/\\\/miumjau.ee\\\/\",\"name\":\"MiuMjau\",\"description\":\"Kraapimispuud kassidele\",\"publisher\":{\"@id\":\"https:\\\/\\\/miumjau.ee\\\/#organization\"},\"potentialAction\":[{\"@type\":\"SearchAction\",\"target\":{\"@type\":\"EntryPoint\",\"urlTemplate\":\"https:\\\/\\\/miumjau.ee\\\/?s={search_term_string}\"},\"query-input\":{\"@type\":\"PropertyValueSpecification\",\"valueRequired\":true,\"valueName\":\"search_term_string\"}}],\"inLanguage\":\"lv-LV\"},{\"@type\":\"Organization\",\"@id\":\"https:\\\/\\\/miumjau.ee\\\/#organization\",\"name\":\"MiuMjau O\u00dc\",\"url\":\"https:\\\/\\\/miumjau.ee\\\/\",\"logo\":{\"@type\":\"ImageObject\",\"inLanguage\":\"lv-LV\",\"@id\":\"https:\\\/\\\/miumjau.ee\\\/#\\\/schema\\\/logo\\\/image\\\/\",\"url\":\"https:\\\/\\\/miumjau.ee\\\/wp-content\\\/uploads\\\/2022\\\/04\\\/MiuMjau-logo-kollane.png\",\"contentUrl\":\"https:\\\/\\\/miumjau.ee\\\/wp-content\\\/uploads\\\/2022\\\/04\\\/MiuMjau-logo-kollane.png\",\"width\":219,\"height\":100,\"caption\":\"MiuMjau O\u00dc\"},\"image\":{\"@id\":\"https:\\\/\\\/miumjau.ee\\\/#\\\/schema\\\/logo\\\/image\\\/\"},\"sameAs\":[\"https:\\\/\\\/www.facebook.com\\\/miumjaupood\\\/\"]}]}<\/script>\n<!-- \/ Yoast SEO plugin. -->","yoast_head_json":{"title":"Skr\u0101p\u0113\u0161anas m\u0101ji\u0146a ka\u0137iem Petrebels, Superdome 100, piparu kr\u0101s\u0101 - MiuMjau","robots":{"index":"index","follow":"follow","max-snippet":"max-snippet:-1","max-image-preview":"max-image-preview:large","max-video-preview":"max-video-preview:-1"},"canonical":"https:\/\/miumjau.ee\/lv\/produkts\/skrapesanas-majina-kakiem-petrebels-superdome-100-piparu-krasa\/","og_locale":"lv_LV","og_type":"article","og_title":"Skr\u0101p\u0113\u0161anas m\u0101ji\u0146a ka\u0137iem Petrebels, Superdome 100, piparu kr\u0101s\u0101 - MiuMjau","og_description":"Luksusa skr\u0101p\u0113\u0161anas m\u0101ji\u0146a Tas nav vienk\u0101r\u0161i v\u0113l viens ka\u0137u nami\u0146\u0161. N\u0113, tas ir m\u016bsu Superdome 100. \u0160\u012b skr\u0101p\u0113\u0161anas m\u0101ji\u0146a ir p\u0101rkl\u0101ta ar \u0101rk\u0101rt\u012bgi iztur\u012bgu sisala pakl\u0101ju un tai ir papildu plats diametrs. Ieejas ir ar\u012b pla\u0161\u0101kas, lai katrs ka\u0137is viegli var\u0113tu nok\u013c\u016bt sav\u0101 m\u012bkstaj\u0101 gu\u013cviet\u0101, gan maz\u0101kie ka\u0137i, gan vec\u0101ki. Un luksusa rota\u013cu virve pied\u0101v\u0101 v\u0113l vair\u0101k prieka j\u016bsu akt\u012bvajiem ka\u0137iem. K\u0101p\u0113c nosaukums Superdome? T\u0101p\u0113c, ka tas ir viens no stabil\u0101kajiem skr\u0101p\u0113\u0161anas nami\u0146iem, ko var atrast. Kr\u0101sas: antrac\u012bta pl\u012b\u0161a un melns sisala pakl\u0101jsIzm\u0113ri: diametrs 49 cm, augstums 98 cmPiem\u0113rots vis\u0101m ka\u0137u \u0161\u0137irn\u0113m, tostarp liel\u0101m un smag\u0101m \u0161\u0137irn\u0113mIek\u013cauti divi mazg\u0101jami spilventi\u0146iStil\u012bgs dizains un skaista ton\u012b l\u012bdz\u012bga kr\u0101su izv\u0113le Skat\u012bt 3D foto \u0161eitSkat\u012bt \u012bsu un p\u0101rskat\u0101mu video par \u012bsto produktu ar ka\u0137iem \u0161eit Skr\u0101p\u0113\u0161anas m\u0101ji\u0146a ir paredz\u0113ta ka\u0137iem vis\u0101s svara kategorij\u0101s un garumos. Piem\u0113rots ar\u012b t\u0113vi\u0146iem Maine Coon \u0161\u0137irnes ka\u0137iem.Produkts iepakots 1 kast\u0113, kop\u0113jais svars 20 kgProdukta t\u012brais svars (bez iepakojuma) 18,7 kg Uzreiz pieejams!Ra\u017eot\u0101js PetRebels, N\u012bderlandes kvalit\u0101te. \u0100rk\u0101rt\u012bgi kvalitat\u012bvi un \u0113rti skr\u0101p\u0113\u0161anas nami\u0146i ka\u0137iem, kas kalpo gadiem un rot\u0101 j\u016bsu m\u0101ju. J\u016bsu ka\u0137is b\u016bs pateic\u012bgs!","og_url":"https:\/\/miumjau.ee\/lv\/produkts\/skrapesanas-majina-kakiem-petrebels-superdome-100-piparu-krasa\/","og_site_name":"MiuMjau","article_publisher":"https:\/\/www.facebook.com\/miumjaupood\/","article_modified_time":"2026-01-29T15:10:46+00:00","og_image":[{"width":600,"height":800,"url":"https:\/\/miumjau.ee\/wp-content\/uploads\/2023\/07\/Superdome-100-antratsiit-kassi-kraapimispuu-1.jpg","type":"image\/jpeg"}],"twitter_card":"summary_large_image","schema":{"@context":"https:\/\/schema.org","@graph":[{"@type":"WebPage","@id":"https:\/\/miumjau.ee\/lv\/produkts\/skrapesanas-majina-kakiem-petrebels-superdome-100-piparu-krasa\/","url":"https:\/\/miumjau.ee\/lv\/produkts\/skrapesanas-majina-kakiem-petrebels-superdome-100-piparu-krasa\/","name":"Skr\u0101p\u0113\u0161anas m\u0101ji\u0146a ka\u0137iem Petrebels, Superdome 100, piparu kr\u0101s\u0101 - MiuMjau","isPartOf":{"@id":"https:\/\/miumjau.ee\/#website"},"primaryImageOfPage":{"@id":"https:\/\/miumjau.ee\/lv\/produkts\/skrapesanas-majina-kakiem-petrebels-superdome-100-piparu-krasa\/#primaryimage"},"image":{"@id":"https:\/\/miumjau.ee\/lv\/produkts\/skrapesanas-majina-kakiem-petrebels-superdome-100-piparu-krasa\/#primaryimage"},"thumbnailUrl":"https:\/\/miumjau.ee\/wp-content\/uploads\/2023\/07\/Superdome-100-antratsiit-kassi-kraapimispuu-1.jpg","datePublished":"2023-07-28T15:50:23+00:00","dateModified":"2026-01-29T15:10:46+00:00","breadcrumb":{"@id":"https:\/\/miumjau.ee\/lv\/produkts\/skrapesanas-majina-kakiem-petrebels-superdome-100-piparu-krasa\/#breadcrumb"},"inLanguage":"lv-LV","potentialAction":[{"@type":"ReadAction","target":["https:\/\/miumjau.ee\/lv\/produkts\/skrapesanas-majina-kakiem-petrebels-superdome-100-piparu-krasa\/"]}]},{"@type":"ImageObject","inLanguage":"lv-LV","@id":"https:\/\/miumjau.ee\/lv\/produkts\/skrapesanas-majina-kakiem-petrebels-superdome-100-piparu-krasa\/#primaryimage","url":"https:\/\/miumjau.ee\/wp-content\/uploads\/2023\/07\/Superdome-100-antratsiit-kassi-kraapimispuu-1.jpg","contentUrl":"https:\/\/miumjau.ee\/wp-content\/uploads\/2023\/07\/Superdome-100-antratsiit-kassi-kraapimispuu-1.jpg","width":600,"height":800},{"@type":"BreadcrumbList","@id":"https:\/\/miumjau.ee\/lv\/produkts\/skrapesanas-majina-kakiem-petrebels-superdome-100-piparu-krasa\/#breadcrumb","itemListElement":[{"@type":"ListItem","position":1,"name":"Home","item":"https:\/\/miumjau.ee\/lv\/"},{"@type":"ListItem","position":2,"name":"Veikals","item":"https:\/\/miumjau.ee\/lv\/veikals\/"},{"@type":"ListItem","position":3,"name":"Skr\u0101p\u0113\u0161anas m\u0101ji\u0146a ka\u0137iem Petrebels, Superdome 100, piparu kr\u0101s\u0101"}]},{"@type":"WebSite","@id":"https:\/\/miumjau.ee\/#website","url":"https:\/\/miumjau.ee\/","name":"MiuMjau","description":"Kraapimispuud kassidele","publisher":{"@id":"https:\/\/miumjau.ee\/#organization"},"potentialAction":[{"@type":"SearchAction","target":{"@type":"EntryPoint","urlTemplate":"https:\/\/miumjau.ee\/?s={search_term_string}"},"query-input":{"@type":"PropertyValueSpecification","valueRequired":true,"valueName":"search_term_string"}}],"inLanguage":"lv-LV"},{"@type":"Organization","@id":"https:\/\/miumjau.ee\/#organization","name":"MiuMjau O\u00dc","url":"https:\/\/miumjau.ee\/","logo":{"@type":"ImageObject","inLanguage":"lv-LV","@id":"https:\/\/miumjau.ee\/#\/schema\/logo\/image\/","url":"https:\/\/miumjau.ee\/wp-content\/uploads\/2022\/04\/MiuMjau-logo-kollane.png","contentUrl":"https:\/\/miumjau.ee\/wp-content\/uploads\/2022\/04\/MiuMjau-logo-kollane.png","width":219,"height":100,"caption":"MiuMjau O\u00dc"},"image":{"@id":"https:\/\/miumjau.ee\/#\/schema\/logo\/image\/"},"sameAs":["https:\/\/www.facebook.com\/miumjaupood\/"]}]}},"_links":{"self":[{"href":"https:\/\/miumjau.ee\/lv\/wp-json\/wp\/v2\/product\/45530","targetHints":{"allow":["GET"]}}],"collection":[{"href":"https:\/\/miumjau.ee\/lv\/wp-json\/wp\/v2\/product"}],"about":[{"href":"https:\/\/miumjau.ee\/lv\/wp-json\/wp\/v2\/types\/product"}],"wp:featuredmedia":[{"embeddable":true,"href":"https:\/\/miumjau.ee\/lv\/wp-json\/wp\/v2\/media\/45531"}],"wp:attachment":[{"href":"https:\/\/miumjau.ee\/lv\/wp-json\/wp\/v2\/media?parent=45530"}],"wp:term":[{"taxonomy":"product_brand","embeddable":true,"href":"https:\/\/miumjau.ee\/lv\/wp-json\/wp\/v2\/product_brand?post=45530"},{"taxonomy":"product_cat","embeddable":true,"href":"https:\/\/miumjau.ee\/lv\/wp-json\/wp\/v2\/product_cat?post=45530"},{"taxonomy":"product_tag","embeddable":true,"href":"https:\/\/miumjau.ee\/lv\/wp-json\/wp\/v2\/product_tag?post=45530"}],"curies":[{"name":"wp","href":"https:\/\/api.w.org\/{rel}","templated":true}]}}