{"id":45444,"date":"2025-09-02T15:41:28","date_gmt":"2025-09-02T12:41:28","guid":{"rendered":"https:\/\/miumjau.ee\/toode\/kaka-iemaukti-pavada-zala-krasa-izmers-s\/"},"modified":"2026-01-07T21:24:15","modified_gmt":"2026-01-07T19:24:15","slug":"kaka-iemaukti-pavada-zala-krasa-izmers-s","status":"publish","type":"product","link":"https:\/\/miumjau.ee\/lv\/produkts\/kaka-iemaukti-pavada-zala-krasa-izmers-s\/","title":{"rendered":"Ka\u0137a iemaukti + pavada, za\u013c\u0101 kr\u0101s\u0101, izm\u0113rs S"},"content":{"rendered":"","protected":false},"excerpt":{"rendered":"<p data-start=\"713\" data-end=\"1027\">Ja esat viens no tiem jaukajiem cilv\u0113kiem, kuri da\u017ereiz dro\u0161i ved savu istabas ka\u0137i pastaig\u0101 vai ce\u013cojum\u0101, m\u0113s iesak\u0101m ieg\u0101d\u0101ties \u0113rtus un elpojo\u0161us ka\u0137a iemauktus, kas nespiestu un ir patie\u0161\u0101m \u0113rtas. Viegli uzvilkt. Komplekt\u0101 ietilpst ar\u012b pavada. \u0145emiet v\u0113r\u0101, ka kakla siksna nav komplekt\u0101 (att\u0113ls ilustrat\u012bvs).<\/p>\n<p data-start=\"1029\" data-end=\"1090\">Iemaukti ir \u013coti m\u012bl\u012bgi un stil\u012bgi! \u012asts acu piesaist\u012bt\u0101js!<\/p>\n<p data-start=\"1092\" data-end=\"1140\">Izm\u0113rs S, l\u016bdzu, skatiet izm\u0113ru tabulu att\u0113l\u0101.<\/p>\n","protected":false},"featured_media":45445,"template":"","meta":[],"product_brand":[],"product_cat":[561],"product_tag":[],"class_list":{"0":"post-45444","1":"product","2":"type-product","3":"status-publish","4":"has-post-thumbnail","6":"product_cat-pavadas-un-kaklasiksnas","8":"first","9":"outofstock","10":"taxable","11":"shipping-taxable","12":"purchasable","13":"product-type-simple"},"yoast_head":"<!-- This site is optimized with the Yoast SEO plugin v27.2 - https:\/\/yoast.com\/product\/yoast-seo-wordpress\/ -->\n<title>Ka\u0137a iemaukti + pavada, za\u013c\u0101 kr\u0101s\u0101, izm\u0113rs S - MiuMjau<\/title>\n<meta name=\"robots\" content=\"index, follow, max-snippet:-1, max-image-preview:large, max-video-preview:-1\" \/>\n<link rel=\"canonical\" href=\"https:\/\/miumjau.ee\/lv\/produkts\/kaka-iemaukti-pavada-zala-krasa-izmers-s\/\" \/>\n<meta property=\"og:locale\" content=\"lv_LV\" \/>\n<meta property=\"og:type\" content=\"article\" \/>\n<meta property=\"og:title\" content=\"Ka\u0137a iemaukti + pavada, za\u013c\u0101 kr\u0101s\u0101, izm\u0113rs S - MiuMjau\" \/>\n<meta property=\"og:description\" content=\"Ja esat viens no tiem jaukajiem cilv\u0113kiem, kuri da\u017ereiz dro\u0161i ved savu istabas ka\u0137i pastaig\u0101 vai ce\u013cojum\u0101, m\u0113s iesak\u0101m ieg\u0101d\u0101ties \u0113rtus un elpojo\u0161us ka\u0137a iemauktus, kas nespiestu un ir patie\u0161\u0101m \u0113rtas. Viegli uzvilkt. Komplekt\u0101 ietilpst ar\u012b pavada. \u0145emiet v\u0113r\u0101, ka kakla siksna nav komplekt\u0101 (att\u0113ls ilustrat\u012bvs). Iemaukti ir \u013coti m\u012bl\u012bgi un stil\u012bgi! \u012asts acu piesaist\u012bt\u0101js! Izm\u0113rs S, l\u016bdzu, skatiet izm\u0113ru tabulu att\u0113l\u0101.\" \/>\n<meta property=\"og:url\" content=\"https:\/\/miumjau.ee\/lv\/produkts\/kaka-iemaukti-pavada-zala-krasa-izmers-s\/\" \/>\n<meta property=\"og:site_name\" content=\"MiuMjau\" \/>\n<meta property=\"article:publisher\" content=\"https:\/\/www.facebook.com\/miumjaupood\/\" \/>\n<meta property=\"article:modified_time\" content=\"2026-01-07T19:24:15+00:00\" \/>\n<meta property=\"og:image\" content=\"https:\/\/miumjau.ee\/wp-content\/uploads\/2025\/09\/kassi-traksid-ergonoomilised5.jpg\" \/>\n\t<meta property=\"og:image:width\" content=\"600\" \/>\n\t<meta property=\"og:image:height\" content=\"800\" \/>\n\t<meta property=\"og:image:type\" content=\"image\/jpeg\" \/>\n<meta name=\"twitter:card\" content=\"summary_large_image\" \/>\n<script type=\"application\/ld+json\" class=\"yoast-schema-graph\">{\"@context\":\"https:\/\/schema.org\",\"@graph\":[{\"@type\":\"WebPage\",\"@id\":\"https:\/\/miumjau.ee\/lv\/produkts\/kaka-iemaukti-pavada-zala-krasa-izmers-s\/\",\"url\":\"https:\/\/miumjau.ee\/lv\/produkts\/kaka-iemaukti-pavada-zala-krasa-izmers-s\/\",\"name\":\"Ka\u0137a iemaukti + pavada, za\u013c\u0101 kr\u0101s\u0101, izm\u0113rs S - MiuMjau\",\"isPartOf\":{\"@id\":\"https:\/\/miumjau.ee\/#website\"},\"primaryImageOfPage\":{\"@id\":\"https:\/\/miumjau.ee\/lv\/produkts\/kaka-iemaukti-pavada-zala-krasa-izmers-s\/#primaryimage\"},\"image\":{\"@id\":\"https:\/\/miumjau.ee\/lv\/produkts\/kaka-iemaukti-pavada-zala-krasa-izmers-s\/#primaryimage\"},\"thumbnailUrl\":\"https:\/\/miumjau.ee\/wp-content\/uploads\/2025\/09\/kassi-traksid-ergonoomilised5.jpg\",\"datePublished\":\"2025-09-02T12:41:28+00:00\",\"dateModified\":\"2026-01-07T19:24:15+00:00\",\"breadcrumb\":{\"@id\":\"https:\/\/miumjau.ee\/lv\/produkts\/kaka-iemaukti-pavada-zala-krasa-izmers-s\/#breadcrumb\"},\"inLanguage\":\"lv-LV\",\"potentialAction\":[{\"@type\":\"ReadAction\",\"target\":[\"https:\/\/miumjau.ee\/lv\/produkts\/kaka-iemaukti-pavada-zala-krasa-izmers-s\/\"]}]},{\"@type\":\"ImageObject\",\"inLanguage\":\"lv-LV\",\"@id\":\"https:\/\/miumjau.ee\/lv\/produkts\/kaka-iemaukti-pavada-zala-krasa-izmers-s\/#primaryimage\",\"url\":\"https:\/\/miumjau.ee\/wp-content\/uploads\/2025\/09\/kassi-traksid-ergonoomilised5.jpg\",\"contentUrl\":\"https:\/\/miumjau.ee\/wp-content\/uploads\/2025\/09\/kassi-traksid-ergonoomilised5.jpg\",\"width\":600,\"height\":800},{\"@type\":\"BreadcrumbList\",\"@id\":\"https:\/\/miumjau.ee\/lv\/produkts\/kaka-iemaukti-pavada-zala-krasa-izmers-s\/#breadcrumb\",\"itemListElement\":[{\"@type\":\"ListItem\",\"position\":1,\"name\":\"Home\",\"item\":\"https:\/\/miumjau.ee\/lv\/\"},{\"@type\":\"ListItem\",\"position\":2,\"name\":\"Veikals\",\"item\":\"https:\/\/miumjau.ee\/lv\/veikals\/\"},{\"@type\":\"ListItem\",\"position\":3,\"name\":\"Ka\u0137a iemaukti + pavada, za\u013c\u0101 kr\u0101s\u0101, izm\u0113rs S\"}]},{\"@type\":\"WebSite\",\"@id\":\"https:\/\/miumjau.ee\/#website\",\"url\":\"https:\/\/miumjau.ee\/\",\"name\":\"MiuMjau\",\"description\":\"Kraapimispuud kassidele\",\"publisher\":{\"@id\":\"https:\/\/miumjau.ee\/#organization\"},\"potentialAction\":[{\"@type\":\"SearchAction\",\"target\":{\"@type\":\"EntryPoint\",\"urlTemplate\":\"https:\/\/miumjau.ee\/?s={search_term_string}\"},\"query-input\":{\"@type\":\"PropertyValueSpecification\",\"valueRequired\":true,\"valueName\":\"search_term_string\"}}],\"inLanguage\":\"lv-LV\"},{\"@type\":\"Organization\",\"@id\":\"https:\/\/miumjau.ee\/#organization\",\"name\":\"MiuMjau O\u00dc\",\"url\":\"https:\/\/miumjau.ee\/\",\"logo\":{\"@type\":\"ImageObject\",\"inLanguage\":\"lv-LV\",\"@id\":\"https:\/\/miumjau.ee\/#\/schema\/logo\/image\/\",\"url\":\"https:\/\/miumjau.ee\/wp-content\/uploads\/2022\/04\/MiuMjau-logo-kollane.png\",\"contentUrl\":\"https:\/\/miumjau.ee\/wp-content\/uploads\/2022\/04\/MiuMjau-logo-kollane.png\",\"width\":219,\"height\":100,\"caption\":\"MiuMjau O\u00dc\"},\"image\":{\"@id\":\"https:\/\/miumjau.ee\/#\/schema\/logo\/image\/\"},\"sameAs\":[\"https:\/\/www.facebook.com\/miumjaupood\/\"]}]}<\/script>\n<!-- \/ Yoast SEO plugin. -->","yoast_head_json":{"title":"Ka\u0137a iemaukti + pavada, za\u013c\u0101 kr\u0101s\u0101, izm\u0113rs S - MiuMjau","robots":{"index":"index","follow":"follow","max-snippet":"max-snippet:-1","max-image-preview":"max-image-preview:large","max-video-preview":"max-video-preview:-1"},"canonical":"https:\/\/miumjau.ee\/lv\/produkts\/kaka-iemaukti-pavada-zala-krasa-izmers-s\/","og_locale":"lv_LV","og_type":"article","og_title":"Ka\u0137a iemaukti + pavada, za\u013c\u0101 kr\u0101s\u0101, izm\u0113rs S - MiuMjau","og_description":"Ja esat viens no tiem jaukajiem cilv\u0113kiem, kuri da\u017ereiz dro\u0161i ved savu istabas ka\u0137i pastaig\u0101 vai ce\u013cojum\u0101, m\u0113s iesak\u0101m ieg\u0101d\u0101ties \u0113rtus un elpojo\u0161us ka\u0137a iemauktus, kas nespiestu un ir patie\u0161\u0101m \u0113rtas. Viegli uzvilkt. Komplekt\u0101 ietilpst ar\u012b pavada. \u0145emiet v\u0113r\u0101, ka kakla siksna nav komplekt\u0101 (att\u0113ls ilustrat\u012bvs). Iemaukti ir \u013coti m\u012bl\u012bgi un stil\u012bgi! \u012asts acu piesaist\u012bt\u0101js! Izm\u0113rs S, l\u016bdzu, skatiet izm\u0113ru tabulu att\u0113l\u0101.","og_url":"https:\/\/miumjau.ee\/lv\/produkts\/kaka-iemaukti-pavada-zala-krasa-izmers-s\/","og_site_name":"MiuMjau","article_publisher":"https:\/\/www.facebook.com\/miumjaupood\/","article_modified_time":"2026-01-07T19:24:15+00:00","og_image":[{"width":600,"height":800,"url":"https:\/\/miumjau.ee\/wp-content\/uploads\/2025\/09\/kassi-traksid-ergonoomilised5.jpg","type":"image\/jpeg"}],"twitter_card":"summary_large_image","schema":{"@context":"https:\/\/schema.org","@graph":[{"@type":"WebPage","@id":"https:\/\/miumjau.ee\/lv\/produkts\/kaka-iemaukti-pavada-zala-krasa-izmers-s\/","url":"https:\/\/miumjau.ee\/lv\/produkts\/kaka-iemaukti-pavada-zala-krasa-izmers-s\/","name":"Ka\u0137a iemaukti + pavada, za\u013c\u0101 kr\u0101s\u0101, izm\u0113rs S - MiuMjau","isPartOf":{"@id":"https:\/\/miumjau.ee\/#website"},"primaryImageOfPage":{"@id":"https:\/\/miumjau.ee\/lv\/produkts\/kaka-iemaukti-pavada-zala-krasa-izmers-s\/#primaryimage"},"image":{"@id":"https:\/\/miumjau.ee\/lv\/produkts\/kaka-iemaukti-pavada-zala-krasa-izmers-s\/#primaryimage"},"thumbnailUrl":"https:\/\/miumjau.ee\/wp-content\/uploads\/2025\/09\/kassi-traksid-ergonoomilised5.jpg","datePublished":"2025-09-02T12:41:28+00:00","dateModified":"2026-01-07T19:24:15+00:00","breadcrumb":{"@id":"https:\/\/miumjau.ee\/lv\/produkts\/kaka-iemaukti-pavada-zala-krasa-izmers-s\/#breadcrumb"},"inLanguage":"lv-LV","potentialAction":[{"@type":"ReadAction","target":["https:\/\/miumjau.ee\/lv\/produkts\/kaka-iemaukti-pavada-zala-krasa-izmers-s\/"]}]},{"@type":"ImageObject","inLanguage":"lv-LV","@id":"https:\/\/miumjau.ee\/lv\/produkts\/kaka-iemaukti-pavada-zala-krasa-izmers-s\/#primaryimage","url":"https:\/\/miumjau.ee\/wp-content\/uploads\/2025\/09\/kassi-traksid-ergonoomilised5.jpg","contentUrl":"https:\/\/miumjau.ee\/wp-content\/uploads\/2025\/09\/kassi-traksid-ergonoomilised5.jpg","width":600,"height":800},{"@type":"BreadcrumbList","@id":"https:\/\/miumjau.ee\/lv\/produkts\/kaka-iemaukti-pavada-zala-krasa-izmers-s\/#breadcrumb","itemListElement":[{"@type":"ListItem","position":1,"name":"Home","item":"https:\/\/miumjau.ee\/lv\/"},{"@type":"ListItem","position":2,"name":"Veikals","item":"https:\/\/miumjau.ee\/lv\/veikals\/"},{"@type":"ListItem","position":3,"name":"Ka\u0137a iemaukti + pavada, za\u013c\u0101 kr\u0101s\u0101, izm\u0113rs S"}]},{"@type":"WebSite","@id":"https:\/\/miumjau.ee\/#website","url":"https:\/\/miumjau.ee\/","name":"MiuMjau","description":"Kraapimispuud kassidele","publisher":{"@id":"https:\/\/miumjau.ee\/#organization"},"potentialAction":[{"@type":"SearchAction","target":{"@type":"EntryPoint","urlTemplate":"https:\/\/miumjau.ee\/?s={search_term_string}"},"query-input":{"@type":"PropertyValueSpecification","valueRequired":true,"valueName":"search_term_string"}}],"inLanguage":"lv-LV"},{"@type":"Organization","@id":"https:\/\/miumjau.ee\/#organization","name":"MiuMjau O\u00dc","url":"https:\/\/miumjau.ee\/","logo":{"@type":"ImageObject","inLanguage":"lv-LV","@id":"https:\/\/miumjau.ee\/#\/schema\/logo\/image\/","url":"https:\/\/miumjau.ee\/wp-content\/uploads\/2022\/04\/MiuMjau-logo-kollane.png","contentUrl":"https:\/\/miumjau.ee\/wp-content\/uploads\/2022\/04\/MiuMjau-logo-kollane.png","width":219,"height":100,"caption":"MiuMjau O\u00dc"},"image":{"@id":"https:\/\/miumjau.ee\/#\/schema\/logo\/image\/"},"sameAs":["https:\/\/www.facebook.com\/miumjaupood\/"]}]}},"_links":{"self":[{"href":"https:\/\/miumjau.ee\/lv\/wp-json\/wp\/v2\/product\/45444","targetHints":{"allow":["GET"]}}],"collection":[{"href":"https:\/\/miumjau.ee\/lv\/wp-json\/wp\/v2\/product"}],"about":[{"href":"https:\/\/miumjau.ee\/lv\/wp-json\/wp\/v2\/types\/product"}],"wp:featuredmedia":[{"embeddable":true,"href":"https:\/\/miumjau.ee\/lv\/wp-json\/wp\/v2\/media\/45445"}],"wp:attachment":[{"href":"https:\/\/miumjau.ee\/lv\/wp-json\/wp\/v2\/media?parent=45444"}],"wp:term":[{"taxonomy":"product_brand","embeddable":true,"href":"https:\/\/miumjau.ee\/lv\/wp-json\/wp\/v2\/product_brand?post=45444"},{"taxonomy":"product_cat","embeddable":true,"href":"https:\/\/miumjau.ee\/lv\/wp-json\/wp\/v2\/product_cat?post=45444"},{"taxonomy":"product_tag","embeddable":true,"href":"https:\/\/miumjau.ee\/lv\/wp-json\/wp\/v2\/product_tag?post=45444"}],"curies":[{"name":"wp","href":"https:\/\/api.w.org\/{rel}","templated":true}]}}