{"id":45399,"date":"2024-12-20T09:57:06","date_gmt":"2024-12-20T07:57:06","guid":{"rendered":"https:\/\/miumjau.ee\/toode\/kaka-iemaukti-un-pavada-oranza-krasa-izmers-s\/"},"modified":"2026-01-07T21:24:22","modified_gmt":"2026-01-07T19:24:22","slug":"kaka-iemaukti-un-pavada-oranza-krasa-izmers-s","status":"publish","type":"product","link":"https:\/\/miumjau.ee\/lv\/produkts\/kaka-iemaukti-un-pavada-oranza-krasa-izmers-s\/","title":{"rendered":"Ka\u0137a iemaukti un pavada, oran\u017e\u0101 kr\u0101s\u0101, izm\u0113rs S"},"content":{"rendered":"","protected":false},"excerpt":{"rendered":"<p data-start=\"149\" data-end=\"545\">Ka\u0137u iemaukti ar pavadu, piem\u0113roti vid\u0113ja izm\u0113ra ka\u0137iem: Izm\u0113ri \u2014 kakla apk\u0101rtm\u0113rs: 27,9\u201334,8 cm, kr\u016b\u0161u apk\u0101rtm\u0113rs: 45,7\u201350,8 cm. L\u016bdzu r\u016bp\u012bgi nom\u0113riet savu ka\u0137i un apskatiet izm\u0113ru tabulu pirms pas\u016bt\u012b\u0161anas. (Padoms: J\u016bsu ka\u0137a galvas apk\u0101rtm\u0113ram j\u0101b\u016bt vismaz 25 cm, pret\u0113j\u0101 gad\u012bjum\u0101 ka\u0137is var izsl\u012bd\u0113t no iemauktiem.) Komplekt\u0101 iek\u013cauts: 1x maza ka\u0137a veste\u2013iemaukti un 1x neilona pavada (150 cm).<\/p>\n<p data-start=\"547\" data-end=\"930\"><strong data-start=\"547\" data-end=\"575\">\u0112rti iemaukti pastaig\u0101m:<\/strong> \u0160ie patie\u0161\u0101m \u0113rtie ka\u0137u iemaukti cie\u0161i piegu\u013c j\u016bsu m\u012blu\u013ca \u0137ermenim, vienlaikus \u013caujot tam saglab\u0101t v\u0113sumu, pateicoties elpojo\u0161am sieta materi\u0101lam. M\u012bksti un viegli (apm\u0113ram 100 g), piem\u0113roti ikdienas pastaig\u0101m, skrie\u0161anai, treni\u0146iem un cit\u0101m \u0101ra aktivit\u0101t\u0113m. Ide\u0101li ar\u012b tad, ja vedat ka\u0137i uz nepaz\u012bstamu vietu, piem\u0113ram, pie veterin\u0101r\u0101rsta vai uz apr\u016bpi.<\/p>\n<p data-start=\"932\" data-end=\"1320\"><strong data-start=\"932\" data-end=\"960\">Pretizlau\u0161an\u0101s iemaukti:<\/strong> \u0160iem regul\u0113jamajiem iemauktiem ir 4 regul\u0113\u0161anas siksnas, kas \u013cauj atrast perfektu izm\u0113ru pat \u013coti kust\u012bgam ka\u0137im. Ab\u0101s pus\u0113s ir iztur\u012bgas dro\u0161\u012bbas spr\u0101dzes, kas nodro\u0161ina stingru fiks\u0101ciju \u2014 jums neb\u016bs j\u0101uztraucas, ka ka\u0137is pastaigas laik\u0101 izb\u0113gs. (Padoms: iemauktiem j\u0101b\u016bt tik cie\u0161i piegu\u013co\u0161iem, lai starp tiem un ka\u0137a \u0137ermeni var\u0113tu ievietot vienu pirkstu.)<\/p>\n<p data-start=\"1322\" data-end=\"1722\"><strong data-start=\"1322\" data-end=\"1349\">Ka\u0137a dro\u0161\u012bbas iemaukti:<\/strong> J\u016bs varat pievienot garu un iztur\u012bgu neilona pavadu met\u0101la cilpai uz iemauktiem, lai \u013cautu ka\u0137im dro\u0161i un pat\u012bkami izp\u0113t\u012bt apk\u0101rtni. Vestes tipa dizains vienm\u0113r\u012bgi sadala spiedienu pa kr\u016bt\u012bm un pleciem, nov\u0113r\u0161ot nosmak\u0161anu un kakla sasprindzin\u0101jumu \u2014 daudz dro\u0161\u0101k un \u0113rt\u0101k nek\u0101 parastie iemaukti vai H-veida iemaukti. Atstarojo\u0161\u0101s str\u0113meles nodro\u0161ina ka\u0137a redzam\u012bbu tums\u0101.<\/p>\n<p data-start=\"1724\" data-end=\"2022\"><strong data-start=\"1724\" data-end=\"1754\">Viegli uzvelkami iemaukti:<\/strong> \u0160os viegli uzvelkamos iemauktus ir \u013coti vienk\u0101r\u0161i uzlikt un no\u0146emt, izmantojot divas s\u0101nu spr\u0101dzes un \u010detras piln\u012bb\u0101 regul\u0113jamas siksnas. (Padoms: lai pal\u012bdz\u0113tu j\u016bsu jut\u012bgajam draugam pierast pie jaunajiem iemauktiem, novietojiet tos ka\u0137a tuvum\u0101, kad tas gu\u013c vai \u0113d.)<\/p>\n","protected":false},"featured_media":45400,"template":"","meta":[],"product_brand":[],"product_cat":[561],"product_tag":[],"class_list":{"0":"post-45399","1":"product","2":"type-product","3":"status-publish","4":"has-post-thumbnail","6":"product_cat-pavadas-un-kaklasiksnas","8":"first","9":"instock","10":"taxable","11":"shipping-taxable","12":"purchasable","13":"product-type-simple"},"yoast_head":"<!-- This site is optimized with the Yoast SEO plugin v27.2 - https:\/\/yoast.com\/product\/yoast-seo-wordpress\/ -->\n<title>Ka\u0137a iemaukti un pavada, oran\u017e\u0101 kr\u0101s\u0101, izm\u0113rs S - MiuMjau<\/title>\n<meta name=\"robots\" content=\"index, follow, max-snippet:-1, max-image-preview:large, max-video-preview:-1\" \/>\n<link rel=\"canonical\" href=\"https:\/\/miumjau.ee\/lv\/produkts\/kaka-iemaukti-un-pavada-oranza-krasa-izmers-s\/\" \/>\n<meta property=\"og:locale\" content=\"lv_LV\" \/>\n<meta property=\"og:type\" content=\"article\" \/>\n<meta property=\"og:title\" content=\"Ka\u0137a iemaukti un pavada, oran\u017e\u0101 kr\u0101s\u0101, izm\u0113rs S - MiuMjau\" \/>\n<meta property=\"og:description\" content=\"Ka\u0137u iemaukti ar pavadu, piem\u0113roti vid\u0113ja izm\u0113ra ka\u0137iem: Izm\u0113ri \u2014 kakla apk\u0101rtm\u0113rs: 27,9\u201334,8 cm, kr\u016b\u0161u apk\u0101rtm\u0113rs: 45,7\u201350,8 cm. L\u016bdzu r\u016bp\u012bgi nom\u0113riet savu ka\u0137i un apskatiet izm\u0113ru tabulu pirms pas\u016bt\u012b\u0161anas. (Padoms: J\u016bsu ka\u0137a galvas apk\u0101rtm\u0113ram j\u0101b\u016bt vismaz 25 cm, pret\u0113j\u0101 gad\u012bjum\u0101 ka\u0137is var izsl\u012bd\u0113t no iemauktiem.) Komplekt\u0101 iek\u013cauts: 1x maza ka\u0137a veste\u2013iemaukti un 1x neilona pavada (150 cm). \u0112rti iemaukti pastaig\u0101m: \u0160ie patie\u0161\u0101m \u0113rtie ka\u0137u iemaukti cie\u0161i piegu\u013c j\u016bsu m\u012blu\u013ca \u0137ermenim, vienlaikus \u013caujot tam saglab\u0101t v\u0113sumu, pateicoties elpojo\u0161am sieta materi\u0101lam. M\u012bksti un viegli (apm\u0113ram 100 g), piem\u0113roti ikdienas pastaig\u0101m, skrie\u0161anai, treni\u0146iem un cit\u0101m \u0101ra aktivit\u0101t\u0113m. Ide\u0101li ar\u012b tad, ja vedat ka\u0137i uz nepaz\u012bstamu vietu, piem\u0113ram, pie veterin\u0101r\u0101rsta vai uz apr\u016bpi. Pretizlau\u0161an\u0101s iemaukti: \u0160iem regul\u0113jamajiem iemauktiem ir 4 regul\u0113\u0161anas siksnas, kas \u013cauj atrast perfektu izm\u0113ru pat \u013coti kust\u012bgam ka\u0137im. Ab\u0101s pus\u0113s ir iztur\u012bgas dro\u0161\u012bbas spr\u0101dzes, kas nodro\u0161ina stingru fiks\u0101ciju \u2014 jums neb\u016bs j\u0101uztraucas, ka ka\u0137is pastaigas laik\u0101 izb\u0113gs. (Padoms: iemauktiem j\u0101b\u016bt tik cie\u0161i piegu\u013co\u0161iem, lai starp tiem un ka\u0137a \u0137ermeni var\u0113tu ievietot vienu pirkstu.) Ka\u0137a dro\u0161\u012bbas iemaukti: J\u016bs varat pievienot garu un iztur\u012bgu neilona pavadu met\u0101la cilpai uz iemauktiem, lai \u013cautu ka\u0137im dro\u0161i un pat\u012bkami izp\u0113t\u012bt apk\u0101rtni. Vestes tipa dizains vienm\u0113r\u012bgi sadala spiedienu pa kr\u016bt\u012bm un pleciem, nov\u0113r\u0161ot nosmak\u0161anu un kakla sasprindzin\u0101jumu \u2014 daudz dro\u0161\u0101k un \u0113rt\u0101k nek\u0101 parastie iemaukti vai H-veida iemaukti. Atstarojo\u0161\u0101s str\u0113meles nodro\u0161ina ka\u0137a redzam\u012bbu tums\u0101. Viegli uzvelkami iemaukti: \u0160os viegli uzvelkamos iemauktus ir \u013coti vienk\u0101r\u0161i uzlikt un no\u0146emt, izmantojot divas s\u0101nu spr\u0101dzes un \u010detras piln\u012bb\u0101 regul\u0113jamas siksnas. (Padoms: lai pal\u012bdz\u0113tu j\u016bsu jut\u012bgajam draugam pierast pie jaunajiem iemauktiem, novietojiet tos ka\u0137a tuvum\u0101, kad tas gu\u013c vai \u0113d.)\" \/>\n<meta property=\"og:url\" content=\"https:\/\/miumjau.ee\/lv\/produkts\/kaka-iemaukti-un-pavada-oranza-krasa-izmers-s\/\" \/>\n<meta property=\"og:site_name\" content=\"MiuMjau\" \/>\n<meta property=\"article:publisher\" content=\"https:\/\/www.facebook.com\/miumjaupood\/\" \/>\n<meta property=\"article:modified_time\" content=\"2026-01-07T19:24:22+00:00\" \/>\n<meta property=\"og:image\" content=\"https:\/\/miumjau.ee\/wp-content\/uploads\/2024\/12\/traksid-oranz-S-Photoroom.jpg\" \/>\n\t<meta property=\"og:image:width\" content=\"600\" \/>\n\t<meta property=\"og:image:height\" content=\"800\" \/>\n\t<meta property=\"og:image:type\" content=\"image\/jpeg\" \/>\n<meta name=\"twitter:card\" content=\"summary_large_image\" \/>\n<script type=\"application\/ld+json\" class=\"yoast-schema-graph\">{\"@context\":\"https:\/\/schema.org\",\"@graph\":[{\"@type\":\"WebPage\",\"@id\":\"https:\/\/miumjau.ee\/lv\/produkts\/kaka-iemaukti-un-pavada-oranza-krasa-izmers-s\/\",\"url\":\"https:\/\/miumjau.ee\/lv\/produkts\/kaka-iemaukti-un-pavada-oranza-krasa-izmers-s\/\",\"name\":\"Ka\u0137a iemaukti un pavada, oran\u017e\u0101 kr\u0101s\u0101, izm\u0113rs S - MiuMjau\",\"isPartOf\":{\"@id\":\"https:\/\/miumjau.ee\/#website\"},\"primaryImageOfPage\":{\"@id\":\"https:\/\/miumjau.ee\/lv\/produkts\/kaka-iemaukti-un-pavada-oranza-krasa-izmers-s\/#primaryimage\"},\"image\":{\"@id\":\"https:\/\/miumjau.ee\/lv\/produkts\/kaka-iemaukti-un-pavada-oranza-krasa-izmers-s\/#primaryimage\"},\"thumbnailUrl\":\"https:\/\/miumjau.ee\/wp-content\/uploads\/2024\/12\/traksid-oranz-S-Photoroom.jpg\",\"datePublished\":\"2024-12-20T07:57:06+00:00\",\"dateModified\":\"2026-01-07T19:24:22+00:00\",\"breadcrumb\":{\"@id\":\"https:\/\/miumjau.ee\/lv\/produkts\/kaka-iemaukti-un-pavada-oranza-krasa-izmers-s\/#breadcrumb\"},\"inLanguage\":\"lv-LV\",\"potentialAction\":[{\"@type\":\"ReadAction\",\"target\":[\"https:\/\/miumjau.ee\/lv\/produkts\/kaka-iemaukti-un-pavada-oranza-krasa-izmers-s\/\"]}]},{\"@type\":\"ImageObject\",\"inLanguage\":\"lv-LV\",\"@id\":\"https:\/\/miumjau.ee\/lv\/produkts\/kaka-iemaukti-un-pavada-oranza-krasa-izmers-s\/#primaryimage\",\"url\":\"https:\/\/miumjau.ee\/wp-content\/uploads\/2024\/12\/traksid-oranz-S-Photoroom.jpg\",\"contentUrl\":\"https:\/\/miumjau.ee\/wp-content\/uploads\/2024\/12\/traksid-oranz-S-Photoroom.jpg\",\"width\":600,\"height\":800},{\"@type\":\"BreadcrumbList\",\"@id\":\"https:\/\/miumjau.ee\/lv\/produkts\/kaka-iemaukti-un-pavada-oranza-krasa-izmers-s\/#breadcrumb\",\"itemListElement\":[{\"@type\":\"ListItem\",\"position\":1,\"name\":\"Home\",\"item\":\"https:\/\/miumjau.ee\/lv\/\"},{\"@type\":\"ListItem\",\"position\":2,\"name\":\"Veikals\",\"item\":\"https:\/\/miumjau.ee\/lv\/veikals\/\"},{\"@type\":\"ListItem\",\"position\":3,\"name\":\"Ka\u0137a iemaukti un pavada, oran\u017e\u0101 kr\u0101s\u0101, izm\u0113rs S\"}]},{\"@type\":\"WebSite\",\"@id\":\"https:\/\/miumjau.ee\/#website\",\"url\":\"https:\/\/miumjau.ee\/\",\"name\":\"MiuMjau\",\"description\":\"Kraapimispuud kassidele\",\"publisher\":{\"@id\":\"https:\/\/miumjau.ee\/#organization\"},\"potentialAction\":[{\"@type\":\"SearchAction\",\"target\":{\"@type\":\"EntryPoint\",\"urlTemplate\":\"https:\/\/miumjau.ee\/?s={search_term_string}\"},\"query-input\":{\"@type\":\"PropertyValueSpecification\",\"valueRequired\":true,\"valueName\":\"search_term_string\"}}],\"inLanguage\":\"lv-LV\"},{\"@type\":\"Organization\",\"@id\":\"https:\/\/miumjau.ee\/#organization\",\"name\":\"MiuMjau O\u00dc\",\"url\":\"https:\/\/miumjau.ee\/\",\"logo\":{\"@type\":\"ImageObject\",\"inLanguage\":\"lv-LV\",\"@id\":\"https:\/\/miumjau.ee\/#\/schema\/logo\/image\/\",\"url\":\"https:\/\/miumjau.ee\/wp-content\/uploads\/2022\/04\/MiuMjau-logo-kollane.png\",\"contentUrl\":\"https:\/\/miumjau.ee\/wp-content\/uploads\/2022\/04\/MiuMjau-logo-kollane.png\",\"width\":219,\"height\":100,\"caption\":\"MiuMjau O\u00dc\"},\"image\":{\"@id\":\"https:\/\/miumjau.ee\/#\/schema\/logo\/image\/\"},\"sameAs\":[\"https:\/\/www.facebook.com\/miumjaupood\/\"]}]}<\/script>\n<!-- \/ Yoast SEO plugin. -->","yoast_head_json":{"title":"Ka\u0137a iemaukti un pavada, oran\u017e\u0101 kr\u0101s\u0101, izm\u0113rs S - MiuMjau","robots":{"index":"index","follow":"follow","max-snippet":"max-snippet:-1","max-image-preview":"max-image-preview:large","max-video-preview":"max-video-preview:-1"},"canonical":"https:\/\/miumjau.ee\/lv\/produkts\/kaka-iemaukti-un-pavada-oranza-krasa-izmers-s\/","og_locale":"lv_LV","og_type":"article","og_title":"Ka\u0137a iemaukti un pavada, oran\u017e\u0101 kr\u0101s\u0101, izm\u0113rs S - MiuMjau","og_description":"Ka\u0137u iemaukti ar pavadu, piem\u0113roti vid\u0113ja izm\u0113ra ka\u0137iem: Izm\u0113ri \u2014 kakla apk\u0101rtm\u0113rs: 27,9\u201334,8 cm, kr\u016b\u0161u apk\u0101rtm\u0113rs: 45,7\u201350,8 cm. L\u016bdzu r\u016bp\u012bgi nom\u0113riet savu ka\u0137i un apskatiet izm\u0113ru tabulu pirms pas\u016bt\u012b\u0161anas. (Padoms: J\u016bsu ka\u0137a galvas apk\u0101rtm\u0113ram j\u0101b\u016bt vismaz 25 cm, pret\u0113j\u0101 gad\u012bjum\u0101 ka\u0137is var izsl\u012bd\u0113t no iemauktiem.) Komplekt\u0101 iek\u013cauts: 1x maza ka\u0137a veste\u2013iemaukti un 1x neilona pavada (150 cm). \u0112rti iemaukti pastaig\u0101m: \u0160ie patie\u0161\u0101m \u0113rtie ka\u0137u iemaukti cie\u0161i piegu\u013c j\u016bsu m\u012blu\u013ca \u0137ermenim, vienlaikus \u013caujot tam saglab\u0101t v\u0113sumu, pateicoties elpojo\u0161am sieta materi\u0101lam. M\u012bksti un viegli (apm\u0113ram 100 g), piem\u0113roti ikdienas pastaig\u0101m, skrie\u0161anai, treni\u0146iem un cit\u0101m \u0101ra aktivit\u0101t\u0113m. Ide\u0101li ar\u012b tad, ja vedat ka\u0137i uz nepaz\u012bstamu vietu, piem\u0113ram, pie veterin\u0101r\u0101rsta vai uz apr\u016bpi. Pretizlau\u0161an\u0101s iemaukti: \u0160iem regul\u0113jamajiem iemauktiem ir 4 regul\u0113\u0161anas siksnas, kas \u013cauj atrast perfektu izm\u0113ru pat \u013coti kust\u012bgam ka\u0137im. Ab\u0101s pus\u0113s ir iztur\u012bgas dro\u0161\u012bbas spr\u0101dzes, kas nodro\u0161ina stingru fiks\u0101ciju \u2014 jums neb\u016bs j\u0101uztraucas, ka ka\u0137is pastaigas laik\u0101 izb\u0113gs. (Padoms: iemauktiem j\u0101b\u016bt tik cie\u0161i piegu\u013co\u0161iem, lai starp tiem un ka\u0137a \u0137ermeni var\u0113tu ievietot vienu pirkstu.) Ka\u0137a dro\u0161\u012bbas iemaukti: J\u016bs varat pievienot garu un iztur\u012bgu neilona pavadu met\u0101la cilpai uz iemauktiem, lai \u013cautu ka\u0137im dro\u0161i un pat\u012bkami izp\u0113t\u012bt apk\u0101rtni. Vestes tipa dizains vienm\u0113r\u012bgi sadala spiedienu pa kr\u016bt\u012bm un pleciem, nov\u0113r\u0161ot nosmak\u0161anu un kakla sasprindzin\u0101jumu \u2014 daudz dro\u0161\u0101k un \u0113rt\u0101k nek\u0101 parastie iemaukti vai H-veida iemaukti. Atstarojo\u0161\u0101s str\u0113meles nodro\u0161ina ka\u0137a redzam\u012bbu tums\u0101. Viegli uzvelkami iemaukti: \u0160os viegli uzvelkamos iemauktus ir \u013coti vienk\u0101r\u0161i uzlikt un no\u0146emt, izmantojot divas s\u0101nu spr\u0101dzes un \u010detras piln\u012bb\u0101 regul\u0113jamas siksnas. (Padoms: lai pal\u012bdz\u0113tu j\u016bsu jut\u012bgajam draugam pierast pie jaunajiem iemauktiem, novietojiet tos ka\u0137a tuvum\u0101, kad tas gu\u013c vai \u0113d.)","og_url":"https:\/\/miumjau.ee\/lv\/produkts\/kaka-iemaukti-un-pavada-oranza-krasa-izmers-s\/","og_site_name":"MiuMjau","article_publisher":"https:\/\/www.facebook.com\/miumjaupood\/","article_modified_time":"2026-01-07T19:24:22+00:00","og_image":[{"width":600,"height":800,"url":"https:\/\/miumjau.ee\/wp-content\/uploads\/2024\/12\/traksid-oranz-S-Photoroom.jpg","type":"image\/jpeg"}],"twitter_card":"summary_large_image","schema":{"@context":"https:\/\/schema.org","@graph":[{"@type":"WebPage","@id":"https:\/\/miumjau.ee\/lv\/produkts\/kaka-iemaukti-un-pavada-oranza-krasa-izmers-s\/","url":"https:\/\/miumjau.ee\/lv\/produkts\/kaka-iemaukti-un-pavada-oranza-krasa-izmers-s\/","name":"Ka\u0137a iemaukti un pavada, oran\u017e\u0101 kr\u0101s\u0101, izm\u0113rs S - MiuMjau","isPartOf":{"@id":"https:\/\/miumjau.ee\/#website"},"primaryImageOfPage":{"@id":"https:\/\/miumjau.ee\/lv\/produkts\/kaka-iemaukti-un-pavada-oranza-krasa-izmers-s\/#primaryimage"},"image":{"@id":"https:\/\/miumjau.ee\/lv\/produkts\/kaka-iemaukti-un-pavada-oranza-krasa-izmers-s\/#primaryimage"},"thumbnailUrl":"https:\/\/miumjau.ee\/wp-content\/uploads\/2024\/12\/traksid-oranz-S-Photoroom.jpg","datePublished":"2024-12-20T07:57:06+00:00","dateModified":"2026-01-07T19:24:22+00:00","breadcrumb":{"@id":"https:\/\/miumjau.ee\/lv\/produkts\/kaka-iemaukti-un-pavada-oranza-krasa-izmers-s\/#breadcrumb"},"inLanguage":"lv-LV","potentialAction":[{"@type":"ReadAction","target":["https:\/\/miumjau.ee\/lv\/produkts\/kaka-iemaukti-un-pavada-oranza-krasa-izmers-s\/"]}]},{"@type":"ImageObject","inLanguage":"lv-LV","@id":"https:\/\/miumjau.ee\/lv\/produkts\/kaka-iemaukti-un-pavada-oranza-krasa-izmers-s\/#primaryimage","url":"https:\/\/miumjau.ee\/wp-content\/uploads\/2024\/12\/traksid-oranz-S-Photoroom.jpg","contentUrl":"https:\/\/miumjau.ee\/wp-content\/uploads\/2024\/12\/traksid-oranz-S-Photoroom.jpg","width":600,"height":800},{"@type":"BreadcrumbList","@id":"https:\/\/miumjau.ee\/lv\/produkts\/kaka-iemaukti-un-pavada-oranza-krasa-izmers-s\/#breadcrumb","itemListElement":[{"@type":"ListItem","position":1,"name":"Home","item":"https:\/\/miumjau.ee\/lv\/"},{"@type":"ListItem","position":2,"name":"Veikals","item":"https:\/\/miumjau.ee\/lv\/veikals\/"},{"@type":"ListItem","position":3,"name":"Ka\u0137a iemaukti un pavada, oran\u017e\u0101 kr\u0101s\u0101, izm\u0113rs S"}]},{"@type":"WebSite","@id":"https:\/\/miumjau.ee\/#website","url":"https:\/\/miumjau.ee\/","name":"MiuMjau","description":"Kraapimispuud kassidele","publisher":{"@id":"https:\/\/miumjau.ee\/#organization"},"potentialAction":[{"@type":"SearchAction","target":{"@type":"EntryPoint","urlTemplate":"https:\/\/miumjau.ee\/?s={search_term_string}"},"query-input":{"@type":"PropertyValueSpecification","valueRequired":true,"valueName":"search_term_string"}}],"inLanguage":"lv-LV"},{"@type":"Organization","@id":"https:\/\/miumjau.ee\/#organization","name":"MiuMjau O\u00dc","url":"https:\/\/miumjau.ee\/","logo":{"@type":"ImageObject","inLanguage":"lv-LV","@id":"https:\/\/miumjau.ee\/#\/schema\/logo\/image\/","url":"https:\/\/miumjau.ee\/wp-content\/uploads\/2022\/04\/MiuMjau-logo-kollane.png","contentUrl":"https:\/\/miumjau.ee\/wp-content\/uploads\/2022\/04\/MiuMjau-logo-kollane.png","width":219,"height":100,"caption":"MiuMjau O\u00dc"},"image":{"@id":"https:\/\/miumjau.ee\/#\/schema\/logo\/image\/"},"sameAs":["https:\/\/www.facebook.com\/miumjaupood\/"]}]}},"_links":{"self":[{"href":"https:\/\/miumjau.ee\/lv\/wp-json\/wp\/v2\/product\/45399","targetHints":{"allow":["GET"]}}],"collection":[{"href":"https:\/\/miumjau.ee\/lv\/wp-json\/wp\/v2\/product"}],"about":[{"href":"https:\/\/miumjau.ee\/lv\/wp-json\/wp\/v2\/types\/product"}],"wp:featuredmedia":[{"embeddable":true,"href":"https:\/\/miumjau.ee\/lv\/wp-json\/wp\/v2\/media\/45400"}],"wp:attachment":[{"href":"https:\/\/miumjau.ee\/lv\/wp-json\/wp\/v2\/media?parent=45399"}],"wp:term":[{"taxonomy":"product_brand","embeddable":true,"href":"https:\/\/miumjau.ee\/lv\/wp-json\/wp\/v2\/product_brand?post=45399"},{"taxonomy":"product_cat","embeddable":true,"href":"https:\/\/miumjau.ee\/lv\/wp-json\/wp\/v2\/product_cat?post=45399"},{"taxonomy":"product_tag","embeddable":true,"href":"https:\/\/miumjau.ee\/lv\/wp-json\/wp\/v2\/product_tag?post=45399"}],"curies":[{"name":"wp","href":"https:\/\/api.w.org\/{rel}","templated":true}]}}