{"id":45395,"date":"2024-08-07T00:06:37","date_gmt":"2024-08-06T21:06:37","guid":{"rendered":"https:\/\/miumjau.ee\/toode\/kaka-iemaukti-happet-zila-krasa\/"},"modified":"2026-01-07T21:24:29","modified_gmt":"2026-01-07T19:24:29","slug":"kaka-iemaukti-happet-zila-krasa","status":"publish","type":"product","link":"https:\/\/miumjau.ee\/lv\/produkts\/kaka-iemaukti-happet-zila-krasa\/","title":{"rendered":"Ka\u0137a iemaukti Happet, zil\u0101 kr\u0101s\u0101"},"content":{"rendered":"","protected":false},"excerpt":{"rendered":"<p data-start=\"90\" data-end=\"562\">Regul\u0101ras pastaigas ar ka\u0137i samazina uzved\u012bbas probl\u0113mu un da\u017eu ur\u012bnce\u013cu slim\u012bbu risku. No otras puses, br\u012bvi klai\u0146ojo\u0161i ka\u0137i nodara b\u016btisku kait\u0113jumu videi, izn\u012bcinot putnu, mazo z\u012bd\u012bt\u0101ju, abinieku un r\u0101pu\u013cu popul\u0101cijas. V\u0113l slikt\u0101k \u2014 ka\u0137is bez uzraudz\u012bbas var tikt notriekts ar auto, k\u013c\u016bt par uzbrukuma vai cietsird\u012bbas upuri, vai ar\u012b iespr\u016bst slazd\u0101. T\u0101p\u0113c lab\u0101kais risin\u0101jums ir uztur\u0113t stingru kontroli p\u0101r ka\u0137a pastaig\u0101m. \u0160aj\u0101 gad\u012bjum\u0101 noder ka\u0137a iemaukti ar pavadu.<\/p>\n<p data-start=\"564\" data-end=\"971\">Pieejami vair\u0101k\u0101s kr\u0101s\u0101s \u2014 \u012bpa\u0161i izstr\u0101d\u0101tie ka\u0137u iemaukti ar pavadu \u013cauj dro\u0161i vad\u012bt ka\u0137i. Izve\u0161ana \u0101r\u0101, izmantojot pavadu, nodro\u0161ina gan j\u016bsu m\u012blu\u013ca, gan citu dz\u012bvnieku dro\u0161\u012bbu. Iemaukti no kvalitat\u012bva dab\u012bga materi\u0101la vienm\u0113r\u012bgi sadala slodzi pa ka\u0137a \u0137ermeni, nesaspie\u017eot kaklu vai mugurkaulu. Tie neber\u017e, neizraisa aler\u0123iju un tiem nav asas vai raupjas deta\u013cas, kas var\u0113tu boj\u0101t ka\u0137a \u0101du vai apmatojumu.<\/p>\n<p data-start=\"973\" data-end=\"1160\">Ka\u0137u iemauktu izmanto\u0161ana nav paredz\u0113ta tikai pastaig\u0101m. Kop\u0101 ar pavadu tie atvieglo nemier\u012bga vai nervoza m\u0101jdz\u012bvnieka kontroli automa\u0161\u012bnas brauciena laik\u0101 vai apmekl\u0113jot veterin\u0101r\u0101rstu.<\/p>\n<p data-start=\"1162\" data-end=\"1185\"><strong data-start=\"1162\" data-end=\"1185\">Pieejams noliktav\u0101!<\/strong><\/p>\n","protected":false},"featured_media":45396,"template":"","meta":[],"product_brand":[],"product_cat":[561],"product_tag":[],"class_list":{"0":"post-45395","1":"product","2":"type-product","3":"status-publish","4":"has-post-thumbnail","6":"product_cat-pavadas-un-kaklasiksnas","8":"first","9":"instock","10":"taxable","11":"shipping-taxable","12":"purchasable","13":"product-type-simple"},"yoast_head":"<!-- This site is optimized with the Yoast SEO plugin v27.2 - https:\/\/yoast.com\/product\/yoast-seo-wordpress\/ -->\n<title>Ka\u0137a iemaukti Happet, zil\u0101 kr\u0101s\u0101 - MiuMjau<\/title>\n<meta name=\"robots\" content=\"index, follow, max-snippet:-1, max-image-preview:large, max-video-preview:-1\" \/>\n<link rel=\"canonical\" href=\"https:\/\/miumjau.ee\/lv\/produkts\/kaka-iemaukti-happet-zila-krasa\/\" \/>\n<meta property=\"og:locale\" content=\"lv_LV\" \/>\n<meta property=\"og:type\" content=\"article\" \/>\n<meta property=\"og:title\" content=\"Ka\u0137a iemaukti Happet, zil\u0101 kr\u0101s\u0101 - MiuMjau\" \/>\n<meta property=\"og:description\" content=\"Regul\u0101ras pastaigas ar ka\u0137i samazina uzved\u012bbas probl\u0113mu un da\u017eu ur\u012bnce\u013cu slim\u012bbu risku. No otras puses, br\u012bvi klai\u0146ojo\u0161i ka\u0137i nodara b\u016btisku kait\u0113jumu videi, izn\u012bcinot putnu, mazo z\u012bd\u012bt\u0101ju, abinieku un r\u0101pu\u013cu popul\u0101cijas. V\u0113l slikt\u0101k \u2014 ka\u0137is bez uzraudz\u012bbas var tikt notriekts ar auto, k\u013c\u016bt par uzbrukuma vai cietsird\u012bbas upuri, vai ar\u012b iespr\u016bst slazd\u0101. T\u0101p\u0113c lab\u0101kais risin\u0101jums ir uztur\u0113t stingru kontroli p\u0101r ka\u0137a pastaig\u0101m. \u0160aj\u0101 gad\u012bjum\u0101 noder ka\u0137a iemaukti ar pavadu. Pieejami vair\u0101k\u0101s kr\u0101s\u0101s \u2014 \u012bpa\u0161i izstr\u0101d\u0101tie ka\u0137u iemaukti ar pavadu \u013cauj dro\u0161i vad\u012bt ka\u0137i. Izve\u0161ana \u0101r\u0101, izmantojot pavadu, nodro\u0161ina gan j\u016bsu m\u012blu\u013ca, gan citu dz\u012bvnieku dro\u0161\u012bbu. Iemaukti no kvalitat\u012bva dab\u012bga materi\u0101la vienm\u0113r\u012bgi sadala slodzi pa ka\u0137a \u0137ermeni, nesaspie\u017eot kaklu vai mugurkaulu. Tie neber\u017e, neizraisa aler\u0123iju un tiem nav asas vai raupjas deta\u013cas, kas var\u0113tu boj\u0101t ka\u0137a \u0101du vai apmatojumu. Ka\u0137u iemauktu izmanto\u0161ana nav paredz\u0113ta tikai pastaig\u0101m. Kop\u0101 ar pavadu tie atvieglo nemier\u012bga vai nervoza m\u0101jdz\u012bvnieka kontroli automa\u0161\u012bnas brauciena laik\u0101 vai apmekl\u0113jot veterin\u0101r\u0101rstu. Pieejams noliktav\u0101!\" \/>\n<meta property=\"og:url\" content=\"https:\/\/miumjau.ee\/lv\/produkts\/kaka-iemaukti-happet-zila-krasa\/\" \/>\n<meta property=\"og:site_name\" content=\"MiuMjau\" \/>\n<meta property=\"article:publisher\" content=\"https:\/\/www.facebook.com\/miumjaupood\/\" \/>\n<meta property=\"article:modified_time\" content=\"2026-01-07T19:24:29+00:00\" \/>\n<meta property=\"og:image\" content=\"https:\/\/miumjau.ee\/wp-content\/uploads\/2024\/08\/kassi-traksid-happet-sinine-1.jpg\" \/>\n\t<meta property=\"og:image:width\" content=\"600\" \/>\n\t<meta property=\"og:image:height\" content=\"800\" \/>\n\t<meta property=\"og:image:type\" content=\"image\/jpeg\" \/>\n<meta name=\"twitter:card\" content=\"summary_large_image\" \/>\n<script type=\"application\/ld+json\" class=\"yoast-schema-graph\">{\"@context\":\"https:\/\/schema.org\",\"@graph\":[{\"@type\":\"WebPage\",\"@id\":\"https:\/\/miumjau.ee\/lv\/produkts\/kaka-iemaukti-happet-zila-krasa\/\",\"url\":\"https:\/\/miumjau.ee\/lv\/produkts\/kaka-iemaukti-happet-zila-krasa\/\",\"name\":\"Ka\u0137a iemaukti Happet, zil\u0101 kr\u0101s\u0101 - MiuMjau\",\"isPartOf\":{\"@id\":\"https:\/\/miumjau.ee\/#website\"},\"primaryImageOfPage\":{\"@id\":\"https:\/\/miumjau.ee\/lv\/produkts\/kaka-iemaukti-happet-zila-krasa\/#primaryimage\"},\"image\":{\"@id\":\"https:\/\/miumjau.ee\/lv\/produkts\/kaka-iemaukti-happet-zila-krasa\/#primaryimage\"},\"thumbnailUrl\":\"https:\/\/miumjau.ee\/wp-content\/uploads\/2024\/08\/kassi-traksid-happet-sinine-1.jpg\",\"datePublished\":\"2024-08-06T21:06:37+00:00\",\"dateModified\":\"2026-01-07T19:24:29+00:00\",\"breadcrumb\":{\"@id\":\"https:\/\/miumjau.ee\/lv\/produkts\/kaka-iemaukti-happet-zila-krasa\/#breadcrumb\"},\"inLanguage\":\"lv-LV\",\"potentialAction\":[{\"@type\":\"ReadAction\",\"target\":[\"https:\/\/miumjau.ee\/lv\/produkts\/kaka-iemaukti-happet-zila-krasa\/\"]}]},{\"@type\":\"ImageObject\",\"inLanguage\":\"lv-LV\",\"@id\":\"https:\/\/miumjau.ee\/lv\/produkts\/kaka-iemaukti-happet-zila-krasa\/#primaryimage\",\"url\":\"https:\/\/miumjau.ee\/wp-content\/uploads\/2024\/08\/kassi-traksid-happet-sinine-1.jpg\",\"contentUrl\":\"https:\/\/miumjau.ee\/wp-content\/uploads\/2024\/08\/kassi-traksid-happet-sinine-1.jpg\",\"width\":600,\"height\":800},{\"@type\":\"BreadcrumbList\",\"@id\":\"https:\/\/miumjau.ee\/lv\/produkts\/kaka-iemaukti-happet-zila-krasa\/#breadcrumb\",\"itemListElement\":[{\"@type\":\"ListItem\",\"position\":1,\"name\":\"Home\",\"item\":\"https:\/\/miumjau.ee\/lv\/\"},{\"@type\":\"ListItem\",\"position\":2,\"name\":\"Veikals\",\"item\":\"https:\/\/miumjau.ee\/lv\/veikals\/\"},{\"@type\":\"ListItem\",\"position\":3,\"name\":\"Ka\u0137a iemaukti Happet, zil\u0101 kr\u0101s\u0101\"}]},{\"@type\":\"WebSite\",\"@id\":\"https:\/\/miumjau.ee\/#website\",\"url\":\"https:\/\/miumjau.ee\/\",\"name\":\"MiuMjau\",\"description\":\"Kraapimispuud kassidele\",\"publisher\":{\"@id\":\"https:\/\/miumjau.ee\/#organization\"},\"potentialAction\":[{\"@type\":\"SearchAction\",\"target\":{\"@type\":\"EntryPoint\",\"urlTemplate\":\"https:\/\/miumjau.ee\/?s={search_term_string}\"},\"query-input\":{\"@type\":\"PropertyValueSpecification\",\"valueRequired\":true,\"valueName\":\"search_term_string\"}}],\"inLanguage\":\"lv-LV\"},{\"@type\":\"Organization\",\"@id\":\"https:\/\/miumjau.ee\/#organization\",\"name\":\"MiuMjau O\u00dc\",\"url\":\"https:\/\/miumjau.ee\/\",\"logo\":{\"@type\":\"ImageObject\",\"inLanguage\":\"lv-LV\",\"@id\":\"https:\/\/miumjau.ee\/#\/schema\/logo\/image\/\",\"url\":\"https:\/\/miumjau.ee\/wp-content\/uploads\/2022\/04\/MiuMjau-logo-kollane.png\",\"contentUrl\":\"https:\/\/miumjau.ee\/wp-content\/uploads\/2022\/04\/MiuMjau-logo-kollane.png\",\"width\":219,\"height\":100,\"caption\":\"MiuMjau O\u00dc\"},\"image\":{\"@id\":\"https:\/\/miumjau.ee\/#\/schema\/logo\/image\/\"},\"sameAs\":[\"https:\/\/www.facebook.com\/miumjaupood\/\"]}]}<\/script>\n<!-- \/ Yoast SEO plugin. -->","yoast_head_json":{"title":"Ka\u0137a iemaukti Happet, zil\u0101 kr\u0101s\u0101 - MiuMjau","robots":{"index":"index","follow":"follow","max-snippet":"max-snippet:-1","max-image-preview":"max-image-preview:large","max-video-preview":"max-video-preview:-1"},"canonical":"https:\/\/miumjau.ee\/lv\/produkts\/kaka-iemaukti-happet-zila-krasa\/","og_locale":"lv_LV","og_type":"article","og_title":"Ka\u0137a iemaukti Happet, zil\u0101 kr\u0101s\u0101 - MiuMjau","og_description":"Regul\u0101ras pastaigas ar ka\u0137i samazina uzved\u012bbas probl\u0113mu un da\u017eu ur\u012bnce\u013cu slim\u012bbu risku. No otras puses, br\u012bvi klai\u0146ojo\u0161i ka\u0137i nodara b\u016btisku kait\u0113jumu videi, izn\u012bcinot putnu, mazo z\u012bd\u012bt\u0101ju, abinieku un r\u0101pu\u013cu popul\u0101cijas. V\u0113l slikt\u0101k \u2014 ka\u0137is bez uzraudz\u012bbas var tikt notriekts ar auto, k\u013c\u016bt par uzbrukuma vai cietsird\u012bbas upuri, vai ar\u012b iespr\u016bst slazd\u0101. T\u0101p\u0113c lab\u0101kais risin\u0101jums ir uztur\u0113t stingru kontroli p\u0101r ka\u0137a pastaig\u0101m. \u0160aj\u0101 gad\u012bjum\u0101 noder ka\u0137a iemaukti ar pavadu. Pieejami vair\u0101k\u0101s kr\u0101s\u0101s \u2014 \u012bpa\u0161i izstr\u0101d\u0101tie ka\u0137u iemaukti ar pavadu \u013cauj dro\u0161i vad\u012bt ka\u0137i. Izve\u0161ana \u0101r\u0101, izmantojot pavadu, nodro\u0161ina gan j\u016bsu m\u012blu\u013ca, gan citu dz\u012bvnieku dro\u0161\u012bbu. Iemaukti no kvalitat\u012bva dab\u012bga materi\u0101la vienm\u0113r\u012bgi sadala slodzi pa ka\u0137a \u0137ermeni, nesaspie\u017eot kaklu vai mugurkaulu. Tie neber\u017e, neizraisa aler\u0123iju un tiem nav asas vai raupjas deta\u013cas, kas var\u0113tu boj\u0101t ka\u0137a \u0101du vai apmatojumu. Ka\u0137u iemauktu izmanto\u0161ana nav paredz\u0113ta tikai pastaig\u0101m. Kop\u0101 ar pavadu tie atvieglo nemier\u012bga vai nervoza m\u0101jdz\u012bvnieka kontroli automa\u0161\u012bnas brauciena laik\u0101 vai apmekl\u0113jot veterin\u0101r\u0101rstu. Pieejams noliktav\u0101!","og_url":"https:\/\/miumjau.ee\/lv\/produkts\/kaka-iemaukti-happet-zila-krasa\/","og_site_name":"MiuMjau","article_publisher":"https:\/\/www.facebook.com\/miumjaupood\/","article_modified_time":"2026-01-07T19:24:29+00:00","og_image":[{"width":600,"height":800,"url":"https:\/\/miumjau.ee\/wp-content\/uploads\/2024\/08\/kassi-traksid-happet-sinine-1.jpg","type":"image\/jpeg"}],"twitter_card":"summary_large_image","schema":{"@context":"https:\/\/schema.org","@graph":[{"@type":"WebPage","@id":"https:\/\/miumjau.ee\/lv\/produkts\/kaka-iemaukti-happet-zila-krasa\/","url":"https:\/\/miumjau.ee\/lv\/produkts\/kaka-iemaukti-happet-zila-krasa\/","name":"Ka\u0137a iemaukti Happet, zil\u0101 kr\u0101s\u0101 - MiuMjau","isPartOf":{"@id":"https:\/\/miumjau.ee\/#website"},"primaryImageOfPage":{"@id":"https:\/\/miumjau.ee\/lv\/produkts\/kaka-iemaukti-happet-zila-krasa\/#primaryimage"},"image":{"@id":"https:\/\/miumjau.ee\/lv\/produkts\/kaka-iemaukti-happet-zila-krasa\/#primaryimage"},"thumbnailUrl":"https:\/\/miumjau.ee\/wp-content\/uploads\/2024\/08\/kassi-traksid-happet-sinine-1.jpg","datePublished":"2024-08-06T21:06:37+00:00","dateModified":"2026-01-07T19:24:29+00:00","breadcrumb":{"@id":"https:\/\/miumjau.ee\/lv\/produkts\/kaka-iemaukti-happet-zila-krasa\/#breadcrumb"},"inLanguage":"lv-LV","potentialAction":[{"@type":"ReadAction","target":["https:\/\/miumjau.ee\/lv\/produkts\/kaka-iemaukti-happet-zila-krasa\/"]}]},{"@type":"ImageObject","inLanguage":"lv-LV","@id":"https:\/\/miumjau.ee\/lv\/produkts\/kaka-iemaukti-happet-zila-krasa\/#primaryimage","url":"https:\/\/miumjau.ee\/wp-content\/uploads\/2024\/08\/kassi-traksid-happet-sinine-1.jpg","contentUrl":"https:\/\/miumjau.ee\/wp-content\/uploads\/2024\/08\/kassi-traksid-happet-sinine-1.jpg","width":600,"height":800},{"@type":"BreadcrumbList","@id":"https:\/\/miumjau.ee\/lv\/produkts\/kaka-iemaukti-happet-zila-krasa\/#breadcrumb","itemListElement":[{"@type":"ListItem","position":1,"name":"Home","item":"https:\/\/miumjau.ee\/lv\/"},{"@type":"ListItem","position":2,"name":"Veikals","item":"https:\/\/miumjau.ee\/lv\/veikals\/"},{"@type":"ListItem","position":3,"name":"Ka\u0137a iemaukti Happet, zil\u0101 kr\u0101s\u0101"}]},{"@type":"WebSite","@id":"https:\/\/miumjau.ee\/#website","url":"https:\/\/miumjau.ee\/","name":"MiuMjau","description":"Kraapimispuud kassidele","publisher":{"@id":"https:\/\/miumjau.ee\/#organization"},"potentialAction":[{"@type":"SearchAction","target":{"@type":"EntryPoint","urlTemplate":"https:\/\/miumjau.ee\/?s={search_term_string}"},"query-input":{"@type":"PropertyValueSpecification","valueRequired":true,"valueName":"search_term_string"}}],"inLanguage":"lv-LV"},{"@type":"Organization","@id":"https:\/\/miumjau.ee\/#organization","name":"MiuMjau O\u00dc","url":"https:\/\/miumjau.ee\/","logo":{"@type":"ImageObject","inLanguage":"lv-LV","@id":"https:\/\/miumjau.ee\/#\/schema\/logo\/image\/","url":"https:\/\/miumjau.ee\/wp-content\/uploads\/2022\/04\/MiuMjau-logo-kollane.png","contentUrl":"https:\/\/miumjau.ee\/wp-content\/uploads\/2022\/04\/MiuMjau-logo-kollane.png","width":219,"height":100,"caption":"MiuMjau O\u00dc"},"image":{"@id":"https:\/\/miumjau.ee\/#\/schema\/logo\/image\/"},"sameAs":["https:\/\/www.facebook.com\/miumjaupood\/"]}]}},"_links":{"self":[{"href":"https:\/\/miumjau.ee\/lv\/wp-json\/wp\/v2\/product\/45395","targetHints":{"allow":["GET"]}}],"collection":[{"href":"https:\/\/miumjau.ee\/lv\/wp-json\/wp\/v2\/product"}],"about":[{"href":"https:\/\/miumjau.ee\/lv\/wp-json\/wp\/v2\/types\/product"}],"wp:featuredmedia":[{"embeddable":true,"href":"https:\/\/miumjau.ee\/lv\/wp-json\/wp\/v2\/media\/45396"}],"wp:attachment":[{"href":"https:\/\/miumjau.ee\/lv\/wp-json\/wp\/v2\/media?parent=45395"}],"wp:term":[{"taxonomy":"product_brand","embeddable":true,"href":"https:\/\/miumjau.ee\/lv\/wp-json\/wp\/v2\/product_brand?post=45395"},{"taxonomy":"product_cat","embeddable":true,"href":"https:\/\/miumjau.ee\/lv\/wp-json\/wp\/v2\/product_cat?post=45395"},{"taxonomy":"product_tag","embeddable":true,"href":"https:\/\/miumjau.ee\/lv\/wp-json\/wp\/v2\/product_tag?post=45395"}],"curies":[{"name":"wp","href":"https:\/\/api.w.org\/{rel}","templated":true}]}}