{"id":45385,"date":"2024-07-31T09:56:40","date_gmt":"2024-07-31T06:56:40","guid":{"rendered":"https:\/\/miumjau.ee\/toode\/pawise-kaka-iemaukti-pavada-izmers-l-sarkana-krasa\/"},"modified":"2026-01-07T21:24:29","modified_gmt":"2026-01-07T19:24:29","slug":"pawise-kaka-iemaukti-pavada-izmers-l-sarkana-krasa","status":"publish","type":"product","link":"https:\/\/miumjau.ee\/lv\/produkts\/pawise-kaka-iemaukti-pavada-izmers-l-sarkana-krasa\/","title":{"rendered":"Pawise ka\u0137a iemaukti + pavada, izm\u0113rs L, sarkan\u0101 kr\u0101s\u0101"},"content":{"rendered":"","protected":false},"excerpt":{"rendered":"<p data-start=\"571\" data-end=\"625\">Dro\u0161i iemaukti un pavada tavam ka\u0137im no z\u012bmola Pawise.<\/p>\n<p data-start=\"627\" data-end=\"770\">Tagad tavs ka\u0137is var doties pastaig\u0101s kop\u0101 ar tevi. Pareiza izm\u0113ra iemaukti ir \u013coti svar\u012bgi dro\u0161\u012bbai. Atrodi savam ka\u0137im vispiem\u0113rot\u0101ko izm\u0113ru!<\/p>\n<p data-start=\"772\" data-end=\"885\">Regul\u0113jami<br data-start=\"782\" data-end=\"785\" \/>Aizdares spr\u0101dze<br data-start=\"801\" data-end=\"804\" \/>Ar karab\u012bni<br data-start=\"815\" data-end=\"818\" \/>Izm\u0113rs L<br data-start=\"826\" data-end=\"829\" \/>Kakla apk\u0101rtm\u0113rs 22\u201335 cm<br data-start=\"854\" data-end=\"857\" \/>V\u0113dera apk\u0101rtm\u0113rs 30\u201352 cm<\/p>\n<p data-start=\"887\" data-end=\"903\">Pieejams uzreiz!<\/p>\n","protected":false},"featured_media":45366,"template":"","meta":[],"product_brand":[],"product_cat":[561],"product_tag":[],"class_list":{"0":"post-45385","1":"product","2":"type-product","3":"status-publish","4":"has-post-thumbnail","6":"product_cat-pavadas-un-kaklasiksnas","8":"first","9":"instock","10":"taxable","11":"shipping-taxable","12":"purchasable","13":"product-type-simple"},"yoast_head":"<!-- This site is optimized with the Yoast SEO plugin v27.2 - https:\/\/yoast.com\/product\/yoast-seo-wordpress\/ -->\n<title>Pawise ka\u0137a iemaukti + pavada, izm\u0113rs L, sarkan\u0101 kr\u0101s\u0101 - MiuMjau<\/title>\n<meta name=\"robots\" content=\"index, follow, max-snippet:-1, max-image-preview:large, max-video-preview:-1\" \/>\n<link rel=\"canonical\" href=\"https:\/\/miumjau.ee\/lv\/produkts\/pawise-kaka-iemaukti-pavada-izmers-l-sarkana-krasa\/\" \/>\n<meta property=\"og:locale\" content=\"lv_LV\" \/>\n<meta property=\"og:type\" content=\"article\" \/>\n<meta property=\"og:title\" content=\"Pawise ka\u0137a iemaukti + pavada, izm\u0113rs L, sarkan\u0101 kr\u0101s\u0101 - MiuMjau\" \/>\n<meta property=\"og:description\" content=\"Dro\u0161i iemaukti un pavada tavam ka\u0137im no z\u012bmola Pawise. Tagad tavs ka\u0137is var doties pastaig\u0101s kop\u0101 ar tevi. Pareiza izm\u0113ra iemaukti ir \u013coti svar\u012bgi dro\u0161\u012bbai. Atrodi savam ka\u0137im vispiem\u0113rot\u0101ko izm\u0113ru! Regul\u0113jamiAizdares spr\u0101dzeAr karab\u012bniIzm\u0113rs LKakla apk\u0101rtm\u0113rs 22\u201335 cmV\u0113dera apk\u0101rtm\u0113rs 30\u201352 cm Pieejams uzreiz!\" \/>\n<meta property=\"og:url\" content=\"https:\/\/miumjau.ee\/lv\/produkts\/pawise-kaka-iemaukti-pavada-izmers-l-sarkana-krasa\/\" \/>\n<meta property=\"og:site_name\" content=\"MiuMjau\" \/>\n<meta property=\"article:publisher\" content=\"https:\/\/www.facebook.com\/miumjaupood\/\" \/>\n<meta property=\"article:modified_time\" content=\"2026-01-07T19:24:29+00:00\" \/>\n<meta property=\"og:image\" content=\"https:\/\/miumjau.ee\/wp-content\/uploads\/2024\/07\/kassi-traksid-L2-Photoroom.jpg\" \/>\n\t<meta property=\"og:image:width\" content=\"600\" \/>\n\t<meta property=\"og:image:height\" content=\"800\" \/>\n\t<meta property=\"og:image:type\" content=\"image\/jpeg\" \/>\n<meta name=\"twitter:card\" content=\"summary_large_image\" \/>\n<script type=\"application\/ld+json\" class=\"yoast-schema-graph\">{\"@context\":\"https:\/\/schema.org\",\"@graph\":[{\"@type\":\"WebPage\",\"@id\":\"https:\/\/miumjau.ee\/lv\/produkts\/pawise-kaka-iemaukti-pavada-izmers-l-sarkana-krasa\/\",\"url\":\"https:\/\/miumjau.ee\/lv\/produkts\/pawise-kaka-iemaukti-pavada-izmers-l-sarkana-krasa\/\",\"name\":\"Pawise ka\u0137a iemaukti + pavada, izm\u0113rs L, sarkan\u0101 kr\u0101s\u0101 - MiuMjau\",\"isPartOf\":{\"@id\":\"https:\/\/miumjau.ee\/#website\"},\"primaryImageOfPage\":{\"@id\":\"https:\/\/miumjau.ee\/lv\/produkts\/pawise-kaka-iemaukti-pavada-izmers-l-sarkana-krasa\/#primaryimage\"},\"image\":{\"@id\":\"https:\/\/miumjau.ee\/lv\/produkts\/pawise-kaka-iemaukti-pavada-izmers-l-sarkana-krasa\/#primaryimage\"},\"thumbnailUrl\":\"https:\/\/miumjau.ee\/wp-content\/uploads\/2024\/07\/kassi-traksid-L2-Photoroom.jpg\",\"datePublished\":\"2024-07-31T06:56:40+00:00\",\"dateModified\":\"2026-01-07T19:24:29+00:00\",\"breadcrumb\":{\"@id\":\"https:\/\/miumjau.ee\/lv\/produkts\/pawise-kaka-iemaukti-pavada-izmers-l-sarkana-krasa\/#breadcrumb\"},\"inLanguage\":\"lv-LV\",\"potentialAction\":[{\"@type\":\"ReadAction\",\"target\":[\"https:\/\/miumjau.ee\/lv\/produkts\/pawise-kaka-iemaukti-pavada-izmers-l-sarkana-krasa\/\"]}]},{\"@type\":\"ImageObject\",\"inLanguage\":\"lv-LV\",\"@id\":\"https:\/\/miumjau.ee\/lv\/produkts\/pawise-kaka-iemaukti-pavada-izmers-l-sarkana-krasa\/#primaryimage\",\"url\":\"https:\/\/miumjau.ee\/wp-content\/uploads\/2024\/07\/kassi-traksid-L2-Photoroom.jpg\",\"contentUrl\":\"https:\/\/miumjau.ee\/wp-content\/uploads\/2024\/07\/kassi-traksid-L2-Photoroom.jpg\",\"width\":600,\"height\":800},{\"@type\":\"BreadcrumbList\",\"@id\":\"https:\/\/miumjau.ee\/lv\/produkts\/pawise-kaka-iemaukti-pavada-izmers-l-sarkana-krasa\/#breadcrumb\",\"itemListElement\":[{\"@type\":\"ListItem\",\"position\":1,\"name\":\"Home\",\"item\":\"https:\/\/miumjau.ee\/lv\/\"},{\"@type\":\"ListItem\",\"position\":2,\"name\":\"Veikals\",\"item\":\"https:\/\/miumjau.ee\/lv\/veikals\/\"},{\"@type\":\"ListItem\",\"position\":3,\"name\":\"Pawise ka\u0137a iemaukti + pavada, izm\u0113rs L, sarkan\u0101 kr\u0101s\u0101\"}]},{\"@type\":\"WebSite\",\"@id\":\"https:\/\/miumjau.ee\/#website\",\"url\":\"https:\/\/miumjau.ee\/\",\"name\":\"MiuMjau\",\"description\":\"Kraapimispuud kassidele\",\"publisher\":{\"@id\":\"https:\/\/miumjau.ee\/#organization\"},\"potentialAction\":[{\"@type\":\"SearchAction\",\"target\":{\"@type\":\"EntryPoint\",\"urlTemplate\":\"https:\/\/miumjau.ee\/?s={search_term_string}\"},\"query-input\":{\"@type\":\"PropertyValueSpecification\",\"valueRequired\":true,\"valueName\":\"search_term_string\"}}],\"inLanguage\":\"lv-LV\"},{\"@type\":\"Organization\",\"@id\":\"https:\/\/miumjau.ee\/#organization\",\"name\":\"MiuMjau O\u00dc\",\"url\":\"https:\/\/miumjau.ee\/\",\"logo\":{\"@type\":\"ImageObject\",\"inLanguage\":\"lv-LV\",\"@id\":\"https:\/\/miumjau.ee\/#\/schema\/logo\/image\/\",\"url\":\"https:\/\/miumjau.ee\/wp-content\/uploads\/2022\/04\/MiuMjau-logo-kollane.png\",\"contentUrl\":\"https:\/\/miumjau.ee\/wp-content\/uploads\/2022\/04\/MiuMjau-logo-kollane.png\",\"width\":219,\"height\":100,\"caption\":\"MiuMjau O\u00dc\"},\"image\":{\"@id\":\"https:\/\/miumjau.ee\/#\/schema\/logo\/image\/\"},\"sameAs\":[\"https:\/\/www.facebook.com\/miumjaupood\/\"]}]}<\/script>\n<!-- \/ Yoast SEO plugin. -->","yoast_head_json":{"title":"Pawise ka\u0137a iemaukti + pavada, izm\u0113rs L, sarkan\u0101 kr\u0101s\u0101 - MiuMjau","robots":{"index":"index","follow":"follow","max-snippet":"max-snippet:-1","max-image-preview":"max-image-preview:large","max-video-preview":"max-video-preview:-1"},"canonical":"https:\/\/miumjau.ee\/lv\/produkts\/pawise-kaka-iemaukti-pavada-izmers-l-sarkana-krasa\/","og_locale":"lv_LV","og_type":"article","og_title":"Pawise ka\u0137a iemaukti + pavada, izm\u0113rs L, sarkan\u0101 kr\u0101s\u0101 - MiuMjau","og_description":"Dro\u0161i iemaukti un pavada tavam ka\u0137im no z\u012bmola Pawise. Tagad tavs ka\u0137is var doties pastaig\u0101s kop\u0101 ar tevi. Pareiza izm\u0113ra iemaukti ir \u013coti svar\u012bgi dro\u0161\u012bbai. Atrodi savam ka\u0137im vispiem\u0113rot\u0101ko izm\u0113ru! Regul\u0113jamiAizdares spr\u0101dzeAr karab\u012bniIzm\u0113rs LKakla apk\u0101rtm\u0113rs 22\u201335 cmV\u0113dera apk\u0101rtm\u0113rs 30\u201352 cm Pieejams uzreiz!","og_url":"https:\/\/miumjau.ee\/lv\/produkts\/pawise-kaka-iemaukti-pavada-izmers-l-sarkana-krasa\/","og_site_name":"MiuMjau","article_publisher":"https:\/\/www.facebook.com\/miumjaupood\/","article_modified_time":"2026-01-07T19:24:29+00:00","og_image":[{"width":600,"height":800,"url":"https:\/\/miumjau.ee\/wp-content\/uploads\/2024\/07\/kassi-traksid-L2-Photoroom.jpg","type":"image\/jpeg"}],"twitter_card":"summary_large_image","schema":{"@context":"https:\/\/schema.org","@graph":[{"@type":"WebPage","@id":"https:\/\/miumjau.ee\/lv\/produkts\/pawise-kaka-iemaukti-pavada-izmers-l-sarkana-krasa\/","url":"https:\/\/miumjau.ee\/lv\/produkts\/pawise-kaka-iemaukti-pavada-izmers-l-sarkana-krasa\/","name":"Pawise ka\u0137a iemaukti + pavada, izm\u0113rs L, sarkan\u0101 kr\u0101s\u0101 - MiuMjau","isPartOf":{"@id":"https:\/\/miumjau.ee\/#website"},"primaryImageOfPage":{"@id":"https:\/\/miumjau.ee\/lv\/produkts\/pawise-kaka-iemaukti-pavada-izmers-l-sarkana-krasa\/#primaryimage"},"image":{"@id":"https:\/\/miumjau.ee\/lv\/produkts\/pawise-kaka-iemaukti-pavada-izmers-l-sarkana-krasa\/#primaryimage"},"thumbnailUrl":"https:\/\/miumjau.ee\/wp-content\/uploads\/2024\/07\/kassi-traksid-L2-Photoroom.jpg","datePublished":"2024-07-31T06:56:40+00:00","dateModified":"2026-01-07T19:24:29+00:00","breadcrumb":{"@id":"https:\/\/miumjau.ee\/lv\/produkts\/pawise-kaka-iemaukti-pavada-izmers-l-sarkana-krasa\/#breadcrumb"},"inLanguage":"lv-LV","potentialAction":[{"@type":"ReadAction","target":["https:\/\/miumjau.ee\/lv\/produkts\/pawise-kaka-iemaukti-pavada-izmers-l-sarkana-krasa\/"]}]},{"@type":"ImageObject","inLanguage":"lv-LV","@id":"https:\/\/miumjau.ee\/lv\/produkts\/pawise-kaka-iemaukti-pavada-izmers-l-sarkana-krasa\/#primaryimage","url":"https:\/\/miumjau.ee\/wp-content\/uploads\/2024\/07\/kassi-traksid-L2-Photoroom.jpg","contentUrl":"https:\/\/miumjau.ee\/wp-content\/uploads\/2024\/07\/kassi-traksid-L2-Photoroom.jpg","width":600,"height":800},{"@type":"BreadcrumbList","@id":"https:\/\/miumjau.ee\/lv\/produkts\/pawise-kaka-iemaukti-pavada-izmers-l-sarkana-krasa\/#breadcrumb","itemListElement":[{"@type":"ListItem","position":1,"name":"Home","item":"https:\/\/miumjau.ee\/lv\/"},{"@type":"ListItem","position":2,"name":"Veikals","item":"https:\/\/miumjau.ee\/lv\/veikals\/"},{"@type":"ListItem","position":3,"name":"Pawise ka\u0137a iemaukti + pavada, izm\u0113rs L, sarkan\u0101 kr\u0101s\u0101"}]},{"@type":"WebSite","@id":"https:\/\/miumjau.ee\/#website","url":"https:\/\/miumjau.ee\/","name":"MiuMjau","description":"Kraapimispuud kassidele","publisher":{"@id":"https:\/\/miumjau.ee\/#organization"},"potentialAction":[{"@type":"SearchAction","target":{"@type":"EntryPoint","urlTemplate":"https:\/\/miumjau.ee\/?s={search_term_string}"},"query-input":{"@type":"PropertyValueSpecification","valueRequired":true,"valueName":"search_term_string"}}],"inLanguage":"lv-LV"},{"@type":"Organization","@id":"https:\/\/miumjau.ee\/#organization","name":"MiuMjau O\u00dc","url":"https:\/\/miumjau.ee\/","logo":{"@type":"ImageObject","inLanguage":"lv-LV","@id":"https:\/\/miumjau.ee\/#\/schema\/logo\/image\/","url":"https:\/\/miumjau.ee\/wp-content\/uploads\/2022\/04\/MiuMjau-logo-kollane.png","contentUrl":"https:\/\/miumjau.ee\/wp-content\/uploads\/2022\/04\/MiuMjau-logo-kollane.png","width":219,"height":100,"caption":"MiuMjau O\u00dc"},"image":{"@id":"https:\/\/miumjau.ee\/#\/schema\/logo\/image\/"},"sameAs":["https:\/\/www.facebook.com\/miumjaupood\/"]}]}},"_links":{"self":[{"href":"https:\/\/miumjau.ee\/lv\/wp-json\/wp\/v2\/product\/45385","targetHints":{"allow":["GET"]}}],"collection":[{"href":"https:\/\/miumjau.ee\/lv\/wp-json\/wp\/v2\/product"}],"about":[{"href":"https:\/\/miumjau.ee\/lv\/wp-json\/wp\/v2\/types\/product"}],"wp:featuredmedia":[{"embeddable":true,"href":"https:\/\/miumjau.ee\/lv\/wp-json\/wp\/v2\/media\/45366"}],"wp:attachment":[{"href":"https:\/\/miumjau.ee\/lv\/wp-json\/wp\/v2\/media?parent=45385"}],"wp:term":[{"taxonomy":"product_brand","embeddable":true,"href":"https:\/\/miumjau.ee\/lv\/wp-json\/wp\/v2\/product_brand?post=45385"},{"taxonomy":"product_cat","embeddable":true,"href":"https:\/\/miumjau.ee\/lv\/wp-json\/wp\/v2\/product_cat?post=45385"},{"taxonomy":"product_tag","embeddable":true,"href":"https:\/\/miumjau.ee\/lv\/wp-json\/wp\/v2\/product_tag?post=45385"}],"curies":[{"name":"wp","href":"https:\/\/api.w.org\/{rel}","templated":true}]}}