{"id":45315,"date":"2024-07-31T08:17:20","date_gmt":"2024-07-31T05:17:20","guid":{"rendered":"https:\/\/miumjau.ee\/toode\/pawise-kaku-tualetes-kaste-s-zila\/"},"modified":"2026-01-07T21:24:29","modified_gmt":"2026-01-07T19:24:29","slug":"pawise-kaku-tualetes-kaste-s-zila","status":"publish","type":"product","link":"https:\/\/miumjau.ee\/lv\/produkts\/pawise-kaku-tualetes-kaste-s-zila\/","title":{"rendered":"Pawise ka\u0137u tualetes kaste S, zila"},"content":{"rendered":"","protected":false},"excerpt":{"rendered":"<p data-start=\"1335\" data-end=\"1439\">Pawise ka\u0137u tualetes kast\u0113 ir augstas malas, lai ka\u0137is nevar\u0113tu izsviest p\u0101r\u0101k daudz pakai\u0161u ar \u0137ep\u0101m.<\/p>\n<ul data-start=\"1441\" data-end=\"1482\">\n<li data-start=\"1441\" data-end=\"1464\">\n<p data-start=\"1443\" data-end=\"1464\">S &#8211; 47 x 38 x 21 cm<\/p>\n<\/li>\n<li data-start=\"1465\" data-end=\"1482\">\n<p data-start=\"1467\" data-end=\"1482\">Svars: 0,9 kg<\/p>\n<\/li>\n<\/ul>\n<p data-start=\"1484\" data-end=\"1743\">Ide\u0101li piem\u0113rots ka\u0137iem, kuriem pat\u012bk st\u0101v\u0113t pie malas vai rak\u0101t pakai\u0161us p\u0101ri mal\u0101m. Maz\u0101k t\u012br\u012b\u0161anas \u012bpa\u0161niekam pal\u012bdz saglab\u0101t labas attiec\u012bbas. Izv\u0113lieties tualetes kasti atbilsto\u0161i ka\u0137a izm\u0113ram. Tualetes kastei j\u0101b\u016bt 1,5 reizes gar\u0101kai nek\u0101 ka\u0137a garums.<\/p>\n<ul data-start=\"1745\" data-end=\"1877\">\n<li data-start=\"1745\" data-end=\"1783\">\n<p data-start=\"1747\" data-end=\"1783\">Augstas malas uztur pakai\u0161us kast\u0113<\/p>\n<\/li>\n<li data-start=\"1784\" data-end=\"1817\">\n<p data-start=\"1786\" data-end=\"1817\">Nodro\u0161ina ka\u0137im vair\u0101k vietas<\/p>\n<\/li>\n<li data-start=\"1818\" data-end=\"1852\">\n<p data-start=\"1820\" data-end=\"1852\">Piem\u0113rota ar\u012b liel\u0101kiem ka\u0137iem<\/p>\n<\/li>\n<li data-start=\"1853\" data-end=\"1877\">\n<p data-start=\"1855\" data-end=\"1877\">Vienk\u0101r\u0161\u0101ka t\u012br\u012b\u0161ana<\/p>\n<\/li>\n<\/ul>\n<p data-start=\"1879\" data-end=\"1899\" data-is-last-node=\"\" data-is-only-node=\"\"><strong data-start=\"1879\" data-end=\"1899\" data-is-last-node=\"\">Pieejams uzreiz!<\/strong><\/p>\n","protected":false},"featured_media":45319,"template":"","meta":[],"product_brand":[],"product_cat":[564],"product_tag":[],"class_list":{"0":"post-45315","1":"product","2":"type-product","3":"status-publish","4":"has-post-thumbnail","6":"product_cat-tualetes-kastes","8":"first","9":"instock","10":"taxable","11":"shipping-taxable","12":"purchasable","13":"product-type-simple"},"yoast_head":"<!-- This site is optimized with the Yoast SEO plugin v27.2 - https:\/\/yoast.com\/product\/yoast-seo-wordpress\/ -->\n<title>Pawise ka\u0137u tualetes kaste S, zila - MiuMjau<\/title>\n<meta name=\"robots\" content=\"index, follow, max-snippet:-1, max-image-preview:large, max-video-preview:-1\" \/>\n<link rel=\"canonical\" href=\"https:\/\/miumjau.ee\/lv\/produkts\/pawise-kaku-tualetes-kaste-s-zila\/\" \/>\n<meta property=\"og:locale\" content=\"lv_LV\" \/>\n<meta property=\"og:type\" content=\"article\" \/>\n<meta property=\"og:title\" content=\"Pawise ka\u0137u tualetes kaste S, zila - MiuMjau\" \/>\n<meta property=\"og:description\" content=\"Pawise ka\u0137u tualetes kast\u0113 ir augstas malas, lai ka\u0137is nevar\u0113tu izsviest p\u0101r\u0101k daudz pakai\u0161u ar \u0137ep\u0101m.     S - 47 x 38 x 21 cm    Svars: 0,9 kg   Ide\u0101li piem\u0113rots ka\u0137iem, kuriem pat\u012bk st\u0101v\u0113t pie malas vai rak\u0101t pakai\u0161us p\u0101ri mal\u0101m. Maz\u0101k t\u012br\u012b\u0161anas \u012bpa\u0161niekam pal\u012bdz saglab\u0101t labas attiec\u012bbas. Izv\u0113lieties tualetes kasti atbilsto\u0161i ka\u0137a izm\u0113ram. Tualetes kastei j\u0101b\u016bt 1,5 reizes gar\u0101kai nek\u0101 ka\u0137a garums.     Augstas malas uztur pakai\u0161us kast\u0113    Nodro\u0161ina ka\u0137im vair\u0101k vietas    Piem\u0113rota ar\u012b liel\u0101kiem ka\u0137iem    Vienk\u0101r\u0161\u0101ka t\u012br\u012b\u0161ana   Pieejams uzreiz!\" \/>\n<meta property=\"og:url\" content=\"https:\/\/miumjau.ee\/lv\/produkts\/pawise-kaku-tualetes-kaste-s-zila\/\" \/>\n<meta property=\"og:site_name\" content=\"MiuMjau\" \/>\n<meta property=\"article:publisher\" content=\"https:\/\/www.facebook.com\/miumjaupood\/\" \/>\n<meta property=\"article:modified_time\" content=\"2026-01-07T19:24:29+00:00\" \/>\n<meta property=\"og:image\" content=\"https:\/\/miumjau.ee\/wp-content\/uploads\/2024\/07\/liivakast-pawise-S-Photoroom.jpg\" \/>\n\t<meta property=\"og:image:width\" content=\"600\" \/>\n\t<meta property=\"og:image:height\" content=\"800\" \/>\n\t<meta property=\"og:image:type\" content=\"image\/jpeg\" \/>\n<meta name=\"twitter:card\" content=\"summary_large_image\" \/>\n<script type=\"application\/ld+json\" class=\"yoast-schema-graph\">{\"@context\":\"https:\/\/schema.org\",\"@graph\":[{\"@type\":\"WebPage\",\"@id\":\"https:\/\/miumjau.ee\/lv\/produkts\/pawise-kaku-tualetes-kaste-s-zila\/\",\"url\":\"https:\/\/miumjau.ee\/lv\/produkts\/pawise-kaku-tualetes-kaste-s-zila\/\",\"name\":\"Pawise ka\u0137u tualetes kaste S, zila - MiuMjau\",\"isPartOf\":{\"@id\":\"https:\/\/miumjau.ee\/#website\"},\"primaryImageOfPage\":{\"@id\":\"https:\/\/miumjau.ee\/lv\/produkts\/pawise-kaku-tualetes-kaste-s-zila\/#primaryimage\"},\"image\":{\"@id\":\"https:\/\/miumjau.ee\/lv\/produkts\/pawise-kaku-tualetes-kaste-s-zila\/#primaryimage\"},\"thumbnailUrl\":\"https:\/\/miumjau.ee\/wp-content\/uploads\/2024\/07\/kassi-liivakast-pawise-s1.jpg\",\"datePublished\":\"2024-07-31T05:17:20+00:00\",\"dateModified\":\"2026-01-07T19:24:29+00:00\",\"breadcrumb\":{\"@id\":\"https:\/\/miumjau.ee\/lv\/produkts\/pawise-kaku-tualetes-kaste-s-zila\/#breadcrumb\"},\"inLanguage\":\"lv-LV\",\"potentialAction\":[{\"@type\":\"ReadAction\",\"target\":[\"https:\/\/miumjau.ee\/lv\/produkts\/pawise-kaku-tualetes-kaste-s-zila\/\"]}]},{\"@type\":\"ImageObject\",\"inLanguage\":\"lv-LV\",\"@id\":\"https:\/\/miumjau.ee\/lv\/produkts\/pawise-kaku-tualetes-kaste-s-zila\/#primaryimage\",\"url\":\"https:\/\/miumjau.ee\/wp-content\/uploads\/2024\/07\/kassi-liivakast-pawise-s1.jpg\",\"contentUrl\":\"https:\/\/miumjau.ee\/wp-content\/uploads\/2024\/07\/kassi-liivakast-pawise-s1.jpg\",\"width\":600,\"height\":800,\"caption\":\"Pawise kassi liivakast S, sinine\"},{\"@type\":\"BreadcrumbList\",\"@id\":\"https:\/\/miumjau.ee\/lv\/produkts\/pawise-kaku-tualetes-kaste-s-zila\/#breadcrumb\",\"itemListElement\":[{\"@type\":\"ListItem\",\"position\":1,\"name\":\"Home\",\"item\":\"https:\/\/miumjau.ee\/lv\/\"},{\"@type\":\"ListItem\",\"position\":2,\"name\":\"Veikals\",\"item\":\"https:\/\/miumjau.ee\/lv\/veikals\/\"},{\"@type\":\"ListItem\",\"position\":3,\"name\":\"Pawise ka\u0137u tualetes kaste S, zila\"}]},{\"@type\":\"WebSite\",\"@id\":\"https:\/\/miumjau.ee\/#website\",\"url\":\"https:\/\/miumjau.ee\/\",\"name\":\"MiuMjau\",\"description\":\"Kraapimispuud kassidele\",\"publisher\":{\"@id\":\"https:\/\/miumjau.ee\/#organization\"},\"potentialAction\":[{\"@type\":\"SearchAction\",\"target\":{\"@type\":\"EntryPoint\",\"urlTemplate\":\"https:\/\/miumjau.ee\/?s={search_term_string}\"},\"query-input\":{\"@type\":\"PropertyValueSpecification\",\"valueRequired\":true,\"valueName\":\"search_term_string\"}}],\"inLanguage\":\"lv-LV\"},{\"@type\":\"Organization\",\"@id\":\"https:\/\/miumjau.ee\/#organization\",\"name\":\"MiuMjau O\u00dc\",\"url\":\"https:\/\/miumjau.ee\/\",\"logo\":{\"@type\":\"ImageObject\",\"inLanguage\":\"lv-LV\",\"@id\":\"https:\/\/miumjau.ee\/#\/schema\/logo\/image\/\",\"url\":\"https:\/\/miumjau.ee\/wp-content\/uploads\/2022\/04\/MiuMjau-logo-kollane.png\",\"contentUrl\":\"https:\/\/miumjau.ee\/wp-content\/uploads\/2022\/04\/MiuMjau-logo-kollane.png\",\"width\":219,\"height\":100,\"caption\":\"MiuMjau O\u00dc\"},\"image\":{\"@id\":\"https:\/\/miumjau.ee\/#\/schema\/logo\/image\/\"},\"sameAs\":[\"https:\/\/www.facebook.com\/miumjaupood\/\"]}]}<\/script>\n<!-- \/ Yoast SEO plugin. -->","yoast_head_json":{"title":"Pawise ka\u0137u tualetes kaste S, zila - MiuMjau","robots":{"index":"index","follow":"follow","max-snippet":"max-snippet:-1","max-image-preview":"max-image-preview:large","max-video-preview":"max-video-preview:-1"},"canonical":"https:\/\/miumjau.ee\/lv\/produkts\/pawise-kaku-tualetes-kaste-s-zila\/","og_locale":"lv_LV","og_type":"article","og_title":"Pawise ka\u0137u tualetes kaste S, zila - MiuMjau","og_description":"Pawise ka\u0137u tualetes kast\u0113 ir augstas malas, lai ka\u0137is nevar\u0113tu izsviest p\u0101r\u0101k daudz pakai\u0161u ar \u0137ep\u0101m.     S - 47 x 38 x 21 cm    Svars: 0,9 kg   Ide\u0101li piem\u0113rots ka\u0137iem, kuriem pat\u012bk st\u0101v\u0113t pie malas vai rak\u0101t pakai\u0161us p\u0101ri mal\u0101m. Maz\u0101k t\u012br\u012b\u0161anas \u012bpa\u0161niekam pal\u012bdz saglab\u0101t labas attiec\u012bbas. Izv\u0113lieties tualetes kasti atbilsto\u0161i ka\u0137a izm\u0113ram. Tualetes kastei j\u0101b\u016bt 1,5 reizes gar\u0101kai nek\u0101 ka\u0137a garums.     Augstas malas uztur pakai\u0161us kast\u0113    Nodro\u0161ina ka\u0137im vair\u0101k vietas    Piem\u0113rota ar\u012b liel\u0101kiem ka\u0137iem    Vienk\u0101r\u0161\u0101ka t\u012br\u012b\u0161ana   Pieejams uzreiz!","og_url":"https:\/\/miumjau.ee\/lv\/produkts\/pawise-kaku-tualetes-kaste-s-zila\/","og_site_name":"MiuMjau","article_publisher":"https:\/\/www.facebook.com\/miumjaupood\/","article_modified_time":"2026-01-07T19:24:29+00:00","og_image":[{"width":600,"height":800,"url":"https:\/\/miumjau.ee\/wp-content\/uploads\/2024\/07\/liivakast-pawise-S-Photoroom.jpg","type":"image\/jpeg"}],"twitter_card":"summary_large_image","schema":{"@context":"https:\/\/schema.org","@graph":[{"@type":"WebPage","@id":"https:\/\/miumjau.ee\/lv\/produkts\/pawise-kaku-tualetes-kaste-s-zila\/","url":"https:\/\/miumjau.ee\/lv\/produkts\/pawise-kaku-tualetes-kaste-s-zila\/","name":"Pawise ka\u0137u tualetes kaste S, zila - MiuMjau","isPartOf":{"@id":"https:\/\/miumjau.ee\/#website"},"primaryImageOfPage":{"@id":"https:\/\/miumjau.ee\/lv\/produkts\/pawise-kaku-tualetes-kaste-s-zila\/#primaryimage"},"image":{"@id":"https:\/\/miumjau.ee\/lv\/produkts\/pawise-kaku-tualetes-kaste-s-zila\/#primaryimage"},"thumbnailUrl":"https:\/\/miumjau.ee\/wp-content\/uploads\/2024\/07\/kassi-liivakast-pawise-s1.jpg","datePublished":"2024-07-31T05:17:20+00:00","dateModified":"2026-01-07T19:24:29+00:00","breadcrumb":{"@id":"https:\/\/miumjau.ee\/lv\/produkts\/pawise-kaku-tualetes-kaste-s-zila\/#breadcrumb"},"inLanguage":"lv-LV","potentialAction":[{"@type":"ReadAction","target":["https:\/\/miumjau.ee\/lv\/produkts\/pawise-kaku-tualetes-kaste-s-zila\/"]}]},{"@type":"ImageObject","inLanguage":"lv-LV","@id":"https:\/\/miumjau.ee\/lv\/produkts\/pawise-kaku-tualetes-kaste-s-zila\/#primaryimage","url":"https:\/\/miumjau.ee\/wp-content\/uploads\/2024\/07\/kassi-liivakast-pawise-s1.jpg","contentUrl":"https:\/\/miumjau.ee\/wp-content\/uploads\/2024\/07\/kassi-liivakast-pawise-s1.jpg","width":600,"height":800,"caption":"Pawise kassi liivakast S, sinine"},{"@type":"BreadcrumbList","@id":"https:\/\/miumjau.ee\/lv\/produkts\/pawise-kaku-tualetes-kaste-s-zila\/#breadcrumb","itemListElement":[{"@type":"ListItem","position":1,"name":"Home","item":"https:\/\/miumjau.ee\/lv\/"},{"@type":"ListItem","position":2,"name":"Veikals","item":"https:\/\/miumjau.ee\/lv\/veikals\/"},{"@type":"ListItem","position":3,"name":"Pawise ka\u0137u tualetes kaste S, zila"}]},{"@type":"WebSite","@id":"https:\/\/miumjau.ee\/#website","url":"https:\/\/miumjau.ee\/","name":"MiuMjau","description":"Kraapimispuud kassidele","publisher":{"@id":"https:\/\/miumjau.ee\/#organization"},"potentialAction":[{"@type":"SearchAction","target":{"@type":"EntryPoint","urlTemplate":"https:\/\/miumjau.ee\/?s={search_term_string}"},"query-input":{"@type":"PropertyValueSpecification","valueRequired":true,"valueName":"search_term_string"}}],"inLanguage":"lv-LV"},{"@type":"Organization","@id":"https:\/\/miumjau.ee\/#organization","name":"MiuMjau O\u00dc","url":"https:\/\/miumjau.ee\/","logo":{"@type":"ImageObject","inLanguage":"lv-LV","@id":"https:\/\/miumjau.ee\/#\/schema\/logo\/image\/","url":"https:\/\/miumjau.ee\/wp-content\/uploads\/2022\/04\/MiuMjau-logo-kollane.png","contentUrl":"https:\/\/miumjau.ee\/wp-content\/uploads\/2022\/04\/MiuMjau-logo-kollane.png","width":219,"height":100,"caption":"MiuMjau O\u00dc"},"image":{"@id":"https:\/\/miumjau.ee\/#\/schema\/logo\/image\/"},"sameAs":["https:\/\/www.facebook.com\/miumjaupood\/"]}]}},"_links":{"self":[{"href":"https:\/\/miumjau.ee\/lv\/wp-json\/wp\/v2\/product\/45315","targetHints":{"allow":["GET"]}}],"collection":[{"href":"https:\/\/miumjau.ee\/lv\/wp-json\/wp\/v2\/product"}],"about":[{"href":"https:\/\/miumjau.ee\/lv\/wp-json\/wp\/v2\/types\/product"}],"wp:featuredmedia":[{"embeddable":true,"href":"https:\/\/miumjau.ee\/lv\/wp-json\/wp\/v2\/media\/45319"}],"wp:attachment":[{"href":"https:\/\/miumjau.ee\/lv\/wp-json\/wp\/v2\/media?parent=45315"}],"wp:term":[{"taxonomy":"product_brand","embeddable":true,"href":"https:\/\/miumjau.ee\/lv\/wp-json\/wp\/v2\/product_brand?post=45315"},{"taxonomy":"product_cat","embeddable":true,"href":"https:\/\/miumjau.ee\/lv\/wp-json\/wp\/v2\/product_cat?post=45315"},{"taxonomy":"product_tag","embeddable":true,"href":"https:\/\/miumjau.ee\/lv\/wp-json\/wp\/v2\/product_tag?post=45315"}],"curies":[{"name":"wp","href":"https:\/\/api.w.org\/{rel}","templated":true}]}}