{"id":45287,"date":"2024-08-10T10:01:58","date_gmt":"2024-08-10T07:01:58","guid":{"rendered":"https:\/\/miumjau.ee\/toode\/kaku-tualetes-kaste-select-zila\/"},"modified":"2026-01-07T21:24:36","modified_gmt":"2026-01-07T19:24:36","slug":"kaku-tualetes-kaste-select-zila","status":"publish","type":"product","link":"https:\/\/miumjau.ee\/lv\/produkts\/kaku-tualetes-kaste-select-zila\/","title":{"rendered":"Ka\u0137u tualetes kaste Select, zila"},"content":{"rendered":"","protected":false},"excerpt":{"rendered":"<p data-start=\"40\" data-end=\"562\">Ka\u0137i tika pieradin\u0101ti m\u0101j\u0101s aptuveni pirms 9500 gadiem. Kop\u0161 \u0161\u012bs sadarb\u012bbas s\u0101kuma ar m\u016bsu murgojo\u0161ajiem draugiem m\u0113s esam centu\u0161ies padar\u012bt kop\u012bgo dz\u012bvi \u0113rt\u0101ku. Viens no izgudrojumiem, kas b\u016btiski uzlaboja \u0113rt\u012bbas ab\u0101m pus\u0113m, bija ka\u0137u tualetes kaste. Vienk\u0101r\u0161a kaste, piepild\u012bta ar smilt\u012bm vai skaidas, atviegloja ka\u0137a ikdienas fiziolo\u0123isk\u0101s vajadz\u012bbas m\u0101j\u0101s bez cilv\u0113ka iejauk\u0161an\u0101s. Gadu gait\u0101 \u0161is produkts ir ieguvis da\u017e\u0101dus veidus un kr\u0101sas, k\u0101 ar\u012b papildin\u0101ts ar da\u017e\u0101d\u0101m \u0113rt\u012bb\u0101m, tom\u0113r funkcija palikusi nemain\u012bga.<\/p>\n<p data-start=\"564\" data-end=\"862\">Happet Select ir atkl\u0101ta ka\u0137u tualetes kaste ar l\u0101psti\u0146u un \u0137epu t\u012br\u012b\u0161anas re\u017e\u0123i. Zemas sienas atvieglo lieto\u0161anu maziem ka\u0137\u0113niem un vec\u0101kiem ka\u0137iem. Aug\u0161\u0113jais apmales malu nov\u0113r\u0161 pakai\u0161u izbir\u0161anu. Turkl\u0101t vien\u0101 pus\u0113 eso\u0161ais re\u017e\u0123is \u013cauj pakai\u0161iem, kas nokritu\u0161i no ka\u0137a \u0137ep\u0101m, atgriezties kast\u0113.<\/p>\n<p data-start=\"864\" data-end=\"879\"><strong data-start=\"864\" data-end=\"877\">\u012apa\u0161\u012bbas:<\/strong><\/p>\n<ul data-start=\"880\" data-end=\"1021\">\n<li data-start=\"880\" data-end=\"904\">\n<p data-start=\"882\" data-end=\"904\">Materi\u0101ls: plastmasa<\/p>\n<\/li>\n<li data-start=\"905\" data-end=\"922\">\n<p data-start=\"907\" data-end=\"922\">Garums: 50 cm<\/p>\n<\/li>\n<li data-start=\"923\" data-end=\"941\">\n<p data-start=\"925\" data-end=\"941\">Platums: 38 cm<\/p>\n<\/li>\n<li data-start=\"942\" data-end=\"963\">\n<p data-start=\"944\" data-end=\"963\">Augstums: 17,5 cm<\/p>\n<\/li>\n<li data-start=\"964\" data-end=\"982\">\n<p data-start=\"966\" data-end=\"982\">Svars: 0,69 kg<\/p>\n<\/li>\n<li data-start=\"983\" data-end=\"1021\">\n<p data-start=\"985\" data-end=\"1021\">Iepakojuma izm\u0113rs: 51 x 38 x 14 cm<\/p>\n<\/li>\n<\/ul>\n<p data-start=\"1023\" data-end=\"1043\" data-is-last-node=\"\" data-is-only-node=\"\"><strong data-start=\"1023\" data-end=\"1043\" data-is-last-node=\"\">Pieejams uzreiz!<\/strong><\/p>\n","protected":false},"featured_media":45288,"template":"","meta":[],"product_brand":[],"product_cat":[564],"product_tag":[],"class_list":{"0":"post-45287","1":"product","2":"type-product","3":"status-publish","4":"has-post-thumbnail","6":"product_cat-tualetes-kastes","8":"first","9":"instock","10":"sale","11":"taxable","12":"shipping-taxable","13":"purchasable","14":"product-type-simple"},"yoast_head":"<!-- This site is optimized with the Yoast SEO plugin v27.2 - https:\/\/yoast.com\/product\/yoast-seo-wordpress\/ -->\n<title>Ka\u0137u tualetes kaste Select, zila - MiuMjau<\/title>\n<meta name=\"robots\" content=\"index, follow, max-snippet:-1, max-image-preview:large, max-video-preview:-1\" \/>\n<link rel=\"canonical\" href=\"https:\/\/miumjau.ee\/lv\/produkts\/kaku-tualetes-kaste-select-zila\/\" \/>\n<meta property=\"og:locale\" content=\"lv_LV\" \/>\n<meta property=\"og:type\" content=\"article\" \/>\n<meta property=\"og:title\" content=\"Ka\u0137u tualetes kaste Select, zila - MiuMjau\" \/>\n<meta property=\"og:description\" content=\"Ka\u0137i tika pieradin\u0101ti m\u0101j\u0101s aptuveni pirms 9500 gadiem. Kop\u0161 \u0161\u012bs sadarb\u012bbas s\u0101kuma ar m\u016bsu murgojo\u0161ajiem draugiem m\u0113s esam centu\u0161ies padar\u012bt kop\u012bgo dz\u012bvi \u0113rt\u0101ku. Viens no izgudrojumiem, kas b\u016btiski uzlaboja \u0113rt\u012bbas ab\u0101m pus\u0113m, bija ka\u0137u tualetes kaste. Vienk\u0101r\u0161a kaste, piepild\u012bta ar smilt\u012bm vai skaidas, atviegloja ka\u0137a ikdienas fiziolo\u0123isk\u0101s vajadz\u012bbas m\u0101j\u0101s bez cilv\u0113ka iejauk\u0161an\u0101s. Gadu gait\u0101 \u0161is produkts ir ieguvis da\u017e\u0101dus veidus un kr\u0101sas, k\u0101 ar\u012b papildin\u0101ts ar da\u017e\u0101d\u0101m \u0113rt\u012bb\u0101m, tom\u0113r funkcija palikusi nemain\u012bga. Happet Select ir atkl\u0101ta ka\u0137u tualetes kaste ar l\u0101psti\u0146u un \u0137epu t\u012br\u012b\u0161anas re\u017e\u0123i. Zemas sienas atvieglo lieto\u0161anu maziem ka\u0137\u0113niem un vec\u0101kiem ka\u0137iem. Aug\u0161\u0113jais apmales malu nov\u0113r\u0161 pakai\u0161u izbir\u0161anu. Turkl\u0101t vien\u0101 pus\u0113 eso\u0161ais re\u017e\u0123is \u013cauj pakai\u0161iem, kas nokritu\u0161i no ka\u0137a \u0137ep\u0101m, atgriezties kast\u0113. \u012apa\u0161\u012bbas:     Materi\u0101ls: plastmasa    Garums: 50 cm    Platums: 38 cm    Augstums: 17,5 cm    Svars: 0,69 kg    Iepakojuma izm\u0113rs: 51 x 38 x 14 cm   Pieejams uzreiz!\" \/>\n<meta property=\"og:url\" content=\"https:\/\/miumjau.ee\/lv\/produkts\/kaku-tualetes-kaste-select-zila\/\" \/>\n<meta property=\"og:site_name\" content=\"MiuMjau\" \/>\n<meta property=\"article:publisher\" content=\"https:\/\/www.facebook.com\/miumjaupood\/\" \/>\n<meta property=\"article:modified_time\" content=\"2026-01-07T19:24:36+00:00\" \/>\n<meta property=\"og:image\" content=\"https:\/\/miumjau.ee\/wp-content\/uploads\/2024\/08\/kassi-liivakast-51x38-cm-select-sinine-1.jpg\" \/>\n\t<meta property=\"og:image:width\" content=\"600\" \/>\n\t<meta property=\"og:image:height\" content=\"800\" \/>\n\t<meta property=\"og:image:type\" content=\"image\/jpeg\" \/>\n<meta name=\"twitter:card\" content=\"summary_large_image\" \/>\n<script type=\"application\/ld+json\" class=\"yoast-schema-graph\">{\"@context\":\"https:\/\/schema.org\",\"@graph\":[{\"@type\":\"WebPage\",\"@id\":\"https:\/\/miumjau.ee\/lv\/produkts\/kaku-tualetes-kaste-select-zila\/\",\"url\":\"https:\/\/miumjau.ee\/lv\/produkts\/kaku-tualetes-kaste-select-zila\/\",\"name\":\"Ka\u0137u tualetes kaste Select, zila - MiuMjau\",\"isPartOf\":{\"@id\":\"https:\/\/miumjau.ee\/#website\"},\"primaryImageOfPage\":{\"@id\":\"https:\/\/miumjau.ee\/lv\/produkts\/kaku-tualetes-kaste-select-zila\/#primaryimage\"},\"image\":{\"@id\":\"https:\/\/miumjau.ee\/lv\/produkts\/kaku-tualetes-kaste-select-zila\/#primaryimage\"},\"thumbnailUrl\":\"https:\/\/miumjau.ee\/wp-content\/uploads\/2024\/08\/kassi-liivakast-51x38-cm-select-sinine-1.jpg\",\"datePublished\":\"2024-08-10T07:01:58+00:00\",\"dateModified\":\"2026-01-07T19:24:36+00:00\",\"breadcrumb\":{\"@id\":\"https:\/\/miumjau.ee\/lv\/produkts\/kaku-tualetes-kaste-select-zila\/#breadcrumb\"},\"inLanguage\":\"lv-LV\",\"potentialAction\":[{\"@type\":\"ReadAction\",\"target\":[\"https:\/\/miumjau.ee\/lv\/produkts\/kaku-tualetes-kaste-select-zila\/\"]}]},{\"@type\":\"ImageObject\",\"inLanguage\":\"lv-LV\",\"@id\":\"https:\/\/miumjau.ee\/lv\/produkts\/kaku-tualetes-kaste-select-zila\/#primaryimage\",\"url\":\"https:\/\/miumjau.ee\/wp-content\/uploads\/2024\/08\/kassi-liivakast-51x38-cm-select-sinine-1.jpg\",\"contentUrl\":\"https:\/\/miumjau.ee\/wp-content\/uploads\/2024\/08\/kassi-liivakast-51x38-cm-select-sinine-1.jpg\",\"width\":600,\"height\":800},{\"@type\":\"BreadcrumbList\",\"@id\":\"https:\/\/miumjau.ee\/lv\/produkts\/kaku-tualetes-kaste-select-zila\/#breadcrumb\",\"itemListElement\":[{\"@type\":\"ListItem\",\"position\":1,\"name\":\"Home\",\"item\":\"https:\/\/miumjau.ee\/lv\/\"},{\"@type\":\"ListItem\",\"position\":2,\"name\":\"Veikals\",\"item\":\"https:\/\/miumjau.ee\/lv\/veikals\/\"},{\"@type\":\"ListItem\",\"position\":3,\"name\":\"Ka\u0137u tualetes kaste Select, zila\"}]},{\"@type\":\"WebSite\",\"@id\":\"https:\/\/miumjau.ee\/#website\",\"url\":\"https:\/\/miumjau.ee\/\",\"name\":\"MiuMjau\",\"description\":\"Kraapimispuud kassidele\",\"publisher\":{\"@id\":\"https:\/\/miumjau.ee\/#organization\"},\"potentialAction\":[{\"@type\":\"SearchAction\",\"target\":{\"@type\":\"EntryPoint\",\"urlTemplate\":\"https:\/\/miumjau.ee\/?s={search_term_string}\"},\"query-input\":{\"@type\":\"PropertyValueSpecification\",\"valueRequired\":true,\"valueName\":\"search_term_string\"}}],\"inLanguage\":\"lv-LV\"},{\"@type\":\"Organization\",\"@id\":\"https:\/\/miumjau.ee\/#organization\",\"name\":\"MiuMjau O\u00dc\",\"url\":\"https:\/\/miumjau.ee\/\",\"logo\":{\"@type\":\"ImageObject\",\"inLanguage\":\"lv-LV\",\"@id\":\"https:\/\/miumjau.ee\/#\/schema\/logo\/image\/\",\"url\":\"https:\/\/miumjau.ee\/wp-content\/uploads\/2022\/04\/MiuMjau-logo-kollane.png\",\"contentUrl\":\"https:\/\/miumjau.ee\/wp-content\/uploads\/2022\/04\/MiuMjau-logo-kollane.png\",\"width\":219,\"height\":100,\"caption\":\"MiuMjau O\u00dc\"},\"image\":{\"@id\":\"https:\/\/miumjau.ee\/#\/schema\/logo\/image\/\"},\"sameAs\":[\"https:\/\/www.facebook.com\/miumjaupood\/\"]}]}<\/script>\n<!-- \/ Yoast SEO plugin. -->","yoast_head_json":{"title":"Ka\u0137u tualetes kaste Select, zila - MiuMjau","robots":{"index":"index","follow":"follow","max-snippet":"max-snippet:-1","max-image-preview":"max-image-preview:large","max-video-preview":"max-video-preview:-1"},"canonical":"https:\/\/miumjau.ee\/lv\/produkts\/kaku-tualetes-kaste-select-zila\/","og_locale":"lv_LV","og_type":"article","og_title":"Ka\u0137u tualetes kaste Select, zila - MiuMjau","og_description":"Ka\u0137i tika pieradin\u0101ti m\u0101j\u0101s aptuveni pirms 9500 gadiem. Kop\u0161 \u0161\u012bs sadarb\u012bbas s\u0101kuma ar m\u016bsu murgojo\u0161ajiem draugiem m\u0113s esam centu\u0161ies padar\u012bt kop\u012bgo dz\u012bvi \u0113rt\u0101ku. Viens no izgudrojumiem, kas b\u016btiski uzlaboja \u0113rt\u012bbas ab\u0101m pus\u0113m, bija ka\u0137u tualetes kaste. Vienk\u0101r\u0161a kaste, piepild\u012bta ar smilt\u012bm vai skaidas, atviegloja ka\u0137a ikdienas fiziolo\u0123isk\u0101s vajadz\u012bbas m\u0101j\u0101s bez cilv\u0113ka iejauk\u0161an\u0101s. Gadu gait\u0101 \u0161is produkts ir ieguvis da\u017e\u0101dus veidus un kr\u0101sas, k\u0101 ar\u012b papildin\u0101ts ar da\u017e\u0101d\u0101m \u0113rt\u012bb\u0101m, tom\u0113r funkcija palikusi nemain\u012bga. Happet Select ir atkl\u0101ta ka\u0137u tualetes kaste ar l\u0101psti\u0146u un \u0137epu t\u012br\u012b\u0161anas re\u017e\u0123i. Zemas sienas atvieglo lieto\u0161anu maziem ka\u0137\u0113niem un vec\u0101kiem ka\u0137iem. Aug\u0161\u0113jais apmales malu nov\u0113r\u0161 pakai\u0161u izbir\u0161anu. Turkl\u0101t vien\u0101 pus\u0113 eso\u0161ais re\u017e\u0123is \u013cauj pakai\u0161iem, kas nokritu\u0161i no ka\u0137a \u0137ep\u0101m, atgriezties kast\u0113. \u012apa\u0161\u012bbas:     Materi\u0101ls: plastmasa    Garums: 50 cm    Platums: 38 cm    Augstums: 17,5 cm    Svars: 0,69 kg    Iepakojuma izm\u0113rs: 51 x 38 x 14 cm   Pieejams uzreiz!","og_url":"https:\/\/miumjau.ee\/lv\/produkts\/kaku-tualetes-kaste-select-zila\/","og_site_name":"MiuMjau","article_publisher":"https:\/\/www.facebook.com\/miumjaupood\/","article_modified_time":"2026-01-07T19:24:36+00:00","og_image":[{"width":600,"height":800,"url":"https:\/\/miumjau.ee\/wp-content\/uploads\/2024\/08\/kassi-liivakast-51x38-cm-select-sinine-1.jpg","type":"image\/jpeg"}],"twitter_card":"summary_large_image","schema":{"@context":"https:\/\/schema.org","@graph":[{"@type":"WebPage","@id":"https:\/\/miumjau.ee\/lv\/produkts\/kaku-tualetes-kaste-select-zila\/","url":"https:\/\/miumjau.ee\/lv\/produkts\/kaku-tualetes-kaste-select-zila\/","name":"Ka\u0137u tualetes kaste Select, zila - MiuMjau","isPartOf":{"@id":"https:\/\/miumjau.ee\/#website"},"primaryImageOfPage":{"@id":"https:\/\/miumjau.ee\/lv\/produkts\/kaku-tualetes-kaste-select-zila\/#primaryimage"},"image":{"@id":"https:\/\/miumjau.ee\/lv\/produkts\/kaku-tualetes-kaste-select-zila\/#primaryimage"},"thumbnailUrl":"https:\/\/miumjau.ee\/wp-content\/uploads\/2024\/08\/kassi-liivakast-51x38-cm-select-sinine-1.jpg","datePublished":"2024-08-10T07:01:58+00:00","dateModified":"2026-01-07T19:24:36+00:00","breadcrumb":{"@id":"https:\/\/miumjau.ee\/lv\/produkts\/kaku-tualetes-kaste-select-zila\/#breadcrumb"},"inLanguage":"lv-LV","potentialAction":[{"@type":"ReadAction","target":["https:\/\/miumjau.ee\/lv\/produkts\/kaku-tualetes-kaste-select-zila\/"]}]},{"@type":"ImageObject","inLanguage":"lv-LV","@id":"https:\/\/miumjau.ee\/lv\/produkts\/kaku-tualetes-kaste-select-zila\/#primaryimage","url":"https:\/\/miumjau.ee\/wp-content\/uploads\/2024\/08\/kassi-liivakast-51x38-cm-select-sinine-1.jpg","contentUrl":"https:\/\/miumjau.ee\/wp-content\/uploads\/2024\/08\/kassi-liivakast-51x38-cm-select-sinine-1.jpg","width":600,"height":800},{"@type":"BreadcrumbList","@id":"https:\/\/miumjau.ee\/lv\/produkts\/kaku-tualetes-kaste-select-zila\/#breadcrumb","itemListElement":[{"@type":"ListItem","position":1,"name":"Home","item":"https:\/\/miumjau.ee\/lv\/"},{"@type":"ListItem","position":2,"name":"Veikals","item":"https:\/\/miumjau.ee\/lv\/veikals\/"},{"@type":"ListItem","position":3,"name":"Ka\u0137u tualetes kaste Select, zila"}]},{"@type":"WebSite","@id":"https:\/\/miumjau.ee\/#website","url":"https:\/\/miumjau.ee\/","name":"MiuMjau","description":"Kraapimispuud kassidele","publisher":{"@id":"https:\/\/miumjau.ee\/#organization"},"potentialAction":[{"@type":"SearchAction","target":{"@type":"EntryPoint","urlTemplate":"https:\/\/miumjau.ee\/?s={search_term_string}"},"query-input":{"@type":"PropertyValueSpecification","valueRequired":true,"valueName":"search_term_string"}}],"inLanguage":"lv-LV"},{"@type":"Organization","@id":"https:\/\/miumjau.ee\/#organization","name":"MiuMjau O\u00dc","url":"https:\/\/miumjau.ee\/","logo":{"@type":"ImageObject","inLanguage":"lv-LV","@id":"https:\/\/miumjau.ee\/#\/schema\/logo\/image\/","url":"https:\/\/miumjau.ee\/wp-content\/uploads\/2022\/04\/MiuMjau-logo-kollane.png","contentUrl":"https:\/\/miumjau.ee\/wp-content\/uploads\/2022\/04\/MiuMjau-logo-kollane.png","width":219,"height":100,"caption":"MiuMjau O\u00dc"},"image":{"@id":"https:\/\/miumjau.ee\/#\/schema\/logo\/image\/"},"sameAs":["https:\/\/www.facebook.com\/miumjaupood\/"]}]}},"_links":{"self":[{"href":"https:\/\/miumjau.ee\/lv\/wp-json\/wp\/v2\/product\/45287","targetHints":{"allow":["GET"]}}],"collection":[{"href":"https:\/\/miumjau.ee\/lv\/wp-json\/wp\/v2\/product"}],"about":[{"href":"https:\/\/miumjau.ee\/lv\/wp-json\/wp\/v2\/types\/product"}],"wp:featuredmedia":[{"embeddable":true,"href":"https:\/\/miumjau.ee\/lv\/wp-json\/wp\/v2\/media\/45288"}],"wp:attachment":[{"href":"https:\/\/miumjau.ee\/lv\/wp-json\/wp\/v2\/media?parent=45287"}],"wp:term":[{"taxonomy":"product_brand","embeddable":true,"href":"https:\/\/miumjau.ee\/lv\/wp-json\/wp\/v2\/product_brand?post=45287"},{"taxonomy":"product_cat","embeddable":true,"href":"https:\/\/miumjau.ee\/lv\/wp-json\/wp\/v2\/product_cat?post=45287"},{"taxonomy":"product_tag","embeddable":true,"href":"https:\/\/miumjau.ee\/lv\/wp-json\/wp\/v2\/product_tag?post=45287"}],"curies":[{"name":"wp","href":"https:\/\/api.w.org\/{rel}","templated":true}]}}