{"id":45265,"date":"2024-08-08T13:54:40","date_gmt":"2024-08-08T10:54:40","guid":{"rendered":"https:\/\/miumjau.ee\/toode\/kaku-tualetes-kaste-pussy-m-48x39-cm-sarkana\/"},"modified":"2026-01-07T21:24:43","modified_gmt":"2026-01-07T19:24:43","slug":"kaku-tualetes-kaste-pussy-m-48x39-cm-sarkana","status":"publish","type":"product","link":"https:\/\/miumjau.ee\/lv\/produkts\/kaku-tualetes-kaste-pussy-m-48x39-cm-sarkana\/","title":{"rendered":"Ka\u0137u tualetes kaste Pussy M 48&#215;39 cm, sarkana"},"content":{"rendered":"","protected":false},"excerpt":{"rendered":"<p data-start=\"52\" data-end=\"196\">Ka\u0137u tualetes kaste Pussy M ir apr\u012bkota ar augstu r\u0101mi, lai pal\u012bdz\u0113tu uztur\u0113t m\u0101ju t\u012bru \u2013 visi ka\u0137u \u012bpa\u0161nieki labi saprot, par ko m\u0113s run\u0101jam!<\/p>\n<ul data-start=\"198\" data-end=\"538\">\n<li data-start=\"198\" data-end=\"269\">\n<p data-start=\"200\" data-end=\"269\">Iztur\u012bgs materi\u0101ls \u2013 nov\u0113rt\u0113jiet ilgsto\u0161as lieto\u0161anas priek\u0161roc\u012bbas<\/p>\n<\/li>\n<li data-start=\"270\" data-end=\"322\">\n<p data-start=\"272\" data-end=\"322\">Viegls t\u012br\u012b\u0161ana \u2013 ietaupa j\u016bsu laiku un ener\u0123iju<\/p>\n<\/li>\n<li data-start=\"323\" data-end=\"538\">\n<p data-start=\"325\" data-end=\"538\">M\u0113s visi r\u016bp\u0113jamies par apk\u0101rt\u0113j\u0101s vides t\u012br\u012bbu, un j\u0101atceras, ka ka\u0137i ir \u013coti j\u016bt\u012bgi \u0161aj\u0101 jaut\u0101jum\u0101! Ja v\u0113laties uztur\u0113t savu dz\u012bvnieku vesel\u012bgu un t\u012bru, izv\u0113lieties p\u0101rbaud\u012btu produktu. J\u016bsu ka\u0137is to peln\u012bjis!<\/p>\n<\/li>\n<\/ul>\n<p data-start=\"540\" data-end=\"555\"><strong data-start=\"540\" data-end=\"553\">\u012apa\u0161\u012bbas:<\/strong><\/p>\n<ul data-start=\"556\" data-end=\"694\">\n<li data-start=\"556\" data-end=\"580\">\n<p data-start=\"558\" data-end=\"580\">Materi\u0101ls: plastmasa<\/p>\n<\/li>\n<li data-start=\"581\" data-end=\"598\">\n<p data-start=\"583\" data-end=\"598\">Garums: 48 cm<\/p>\n<\/li>\n<li data-start=\"599\" data-end=\"617\">\n<p data-start=\"601\" data-end=\"617\">Platums: 39 cm<\/p>\n<\/li>\n<li data-start=\"618\" data-end=\"637\">\n<p data-start=\"620\" data-end=\"637\">Augstums: 15 cm<\/p>\n<\/li>\n<li data-start=\"638\" data-end=\"675\">\n<p data-start=\"640\" data-end=\"675\">Iepakojuma izm\u0113rs: 48 x 39 x 9 cm<\/p>\n<\/li>\n<li data-start=\"676\" data-end=\"694\">\n<p data-start=\"678\" data-end=\"694\">Svars: 0,77 kg<\/p>\n<\/li>\n<\/ul>\n<p data-start=\"696\" data-end=\"716\" data-is-last-node=\"\" data-is-only-node=\"\"><strong data-start=\"696\" data-end=\"716\" data-is-last-node=\"\">Pieejams uzreiz!<\/strong><\/p>\n","protected":false},"featured_media":45266,"template":"","meta":[],"product_brand":[],"product_cat":[564],"product_tag":[],"class_list":{"0":"post-45265","1":"product","2":"type-product","3":"status-publish","4":"has-post-thumbnail","6":"product_cat-tualetes-kastes","8":"first","9":"instock","10":"sale","11":"taxable","12":"shipping-taxable","13":"purchasable","14":"product-type-simple"},"yoast_head":"<!-- This site is optimized with the Yoast SEO plugin v27.2 - https:\/\/yoast.com\/product\/yoast-seo-wordpress\/ -->\n<title>Ka\u0137u tualetes kaste Pussy M 48x39 cm, sarkana - MiuMjau<\/title>\n<meta name=\"robots\" content=\"index, follow, max-snippet:-1, max-image-preview:large, max-video-preview:-1\" \/>\n<link rel=\"canonical\" href=\"https:\/\/miumjau.ee\/lv\/produkts\/kaku-tualetes-kaste-pussy-m-48x39-cm-sarkana\/\" \/>\n<meta property=\"og:locale\" content=\"lv_LV\" \/>\n<meta property=\"og:type\" content=\"article\" \/>\n<meta property=\"og:title\" content=\"Ka\u0137u tualetes kaste Pussy M 48x39 cm, sarkana - MiuMjau\" \/>\n<meta property=\"og:description\" content=\"Ka\u0137u tualetes kaste Pussy M ir apr\u012bkota ar augstu r\u0101mi, lai pal\u012bdz\u0113tu uztur\u0113t m\u0101ju t\u012bru \u2013 visi ka\u0137u \u012bpa\u0161nieki labi saprot, par ko m\u0113s run\u0101jam!     Iztur\u012bgs materi\u0101ls \u2013 nov\u0113rt\u0113jiet ilgsto\u0161as lieto\u0161anas priek\u0161roc\u012bbas    Viegls t\u012br\u012b\u0161ana \u2013 ietaupa j\u016bsu laiku un ener\u0123iju    M\u0113s visi r\u016bp\u0113jamies par apk\u0101rt\u0113j\u0101s vides t\u012br\u012bbu, un j\u0101atceras, ka ka\u0137i ir \u013coti j\u016bt\u012bgi \u0161aj\u0101 jaut\u0101jum\u0101! Ja v\u0113laties uztur\u0113t savu dz\u012bvnieku vesel\u012bgu un t\u012bru, izv\u0113lieties p\u0101rbaud\u012btu produktu. J\u016bsu ka\u0137is to peln\u012bjis!   \u012apa\u0161\u012bbas:     Materi\u0101ls: plastmasa    Garums: 48 cm    Platums: 39 cm    Augstums: 15 cm    Iepakojuma izm\u0113rs: 48 x 39 x 9 cm    Svars: 0,77 kg   Pieejams uzreiz!\" \/>\n<meta property=\"og:url\" content=\"https:\/\/miumjau.ee\/lv\/produkts\/kaku-tualetes-kaste-pussy-m-48x39-cm-sarkana\/\" \/>\n<meta property=\"og:site_name\" content=\"MiuMjau\" \/>\n<meta property=\"article:publisher\" content=\"https:\/\/www.facebook.com\/miumjaupood\/\" \/>\n<meta property=\"article:modified_time\" content=\"2026-01-07T19:24:43+00:00\" \/>\n<meta property=\"og:image\" content=\"https:\/\/miumjau.ee\/wp-content\/uploads\/2024\/08\/kassi-liivakast-pussy-m-48x39-cm-punane-1.jpg\" \/>\n\t<meta property=\"og:image:width\" content=\"600\" \/>\n\t<meta property=\"og:image:height\" content=\"800\" \/>\n\t<meta property=\"og:image:type\" content=\"image\/jpeg\" \/>\n<meta name=\"twitter:card\" content=\"summary_large_image\" \/>\n<script type=\"application\/ld+json\" class=\"yoast-schema-graph\">{\"@context\":\"https:\/\/schema.org\",\"@graph\":[{\"@type\":\"WebPage\",\"@id\":\"https:\/\/miumjau.ee\/lv\/produkts\/kaku-tualetes-kaste-pussy-m-48x39-cm-sarkana\/\",\"url\":\"https:\/\/miumjau.ee\/lv\/produkts\/kaku-tualetes-kaste-pussy-m-48x39-cm-sarkana\/\",\"name\":\"Ka\u0137u tualetes kaste Pussy M 48x39 cm, sarkana - MiuMjau\",\"isPartOf\":{\"@id\":\"https:\/\/miumjau.ee\/#website\"},\"primaryImageOfPage\":{\"@id\":\"https:\/\/miumjau.ee\/lv\/produkts\/kaku-tualetes-kaste-pussy-m-48x39-cm-sarkana\/#primaryimage\"},\"image\":{\"@id\":\"https:\/\/miumjau.ee\/lv\/produkts\/kaku-tualetes-kaste-pussy-m-48x39-cm-sarkana\/#primaryimage\"},\"thumbnailUrl\":\"https:\/\/miumjau.ee\/wp-content\/uploads\/2024\/08\/kassi-liivakast-pussy-m-48x39-cm-punane-1.jpg\",\"datePublished\":\"2024-08-08T10:54:40+00:00\",\"dateModified\":\"2026-01-07T19:24:43+00:00\",\"breadcrumb\":{\"@id\":\"https:\/\/miumjau.ee\/lv\/produkts\/kaku-tualetes-kaste-pussy-m-48x39-cm-sarkana\/#breadcrumb\"},\"inLanguage\":\"lv-LV\",\"potentialAction\":[{\"@type\":\"ReadAction\",\"target\":[\"https:\/\/miumjau.ee\/lv\/produkts\/kaku-tualetes-kaste-pussy-m-48x39-cm-sarkana\/\"]}]},{\"@type\":\"ImageObject\",\"inLanguage\":\"lv-LV\",\"@id\":\"https:\/\/miumjau.ee\/lv\/produkts\/kaku-tualetes-kaste-pussy-m-48x39-cm-sarkana\/#primaryimage\",\"url\":\"https:\/\/miumjau.ee\/wp-content\/uploads\/2024\/08\/kassi-liivakast-pussy-m-48x39-cm-punane-1.jpg\",\"contentUrl\":\"https:\/\/miumjau.ee\/wp-content\/uploads\/2024\/08\/kassi-liivakast-pussy-m-48x39-cm-punane-1.jpg\",\"width\":600,\"height\":800},{\"@type\":\"BreadcrumbList\",\"@id\":\"https:\/\/miumjau.ee\/lv\/produkts\/kaku-tualetes-kaste-pussy-m-48x39-cm-sarkana\/#breadcrumb\",\"itemListElement\":[{\"@type\":\"ListItem\",\"position\":1,\"name\":\"Home\",\"item\":\"https:\/\/miumjau.ee\/lv\/\"},{\"@type\":\"ListItem\",\"position\":2,\"name\":\"Veikals\",\"item\":\"https:\/\/miumjau.ee\/lv\/veikals\/\"},{\"@type\":\"ListItem\",\"position\":3,\"name\":\"Ka\u0137u tualetes kaste Pussy M 48&#215;39 cm, sarkana\"}]},{\"@type\":\"WebSite\",\"@id\":\"https:\/\/miumjau.ee\/#website\",\"url\":\"https:\/\/miumjau.ee\/\",\"name\":\"MiuMjau\",\"description\":\"Kraapimispuud kassidele\",\"publisher\":{\"@id\":\"https:\/\/miumjau.ee\/#organization\"},\"potentialAction\":[{\"@type\":\"SearchAction\",\"target\":{\"@type\":\"EntryPoint\",\"urlTemplate\":\"https:\/\/miumjau.ee\/?s={search_term_string}\"},\"query-input\":{\"@type\":\"PropertyValueSpecification\",\"valueRequired\":true,\"valueName\":\"search_term_string\"}}],\"inLanguage\":\"lv-LV\"},{\"@type\":\"Organization\",\"@id\":\"https:\/\/miumjau.ee\/#organization\",\"name\":\"MiuMjau O\u00dc\",\"url\":\"https:\/\/miumjau.ee\/\",\"logo\":{\"@type\":\"ImageObject\",\"inLanguage\":\"lv-LV\",\"@id\":\"https:\/\/miumjau.ee\/#\/schema\/logo\/image\/\",\"url\":\"https:\/\/miumjau.ee\/wp-content\/uploads\/2022\/04\/MiuMjau-logo-kollane.png\",\"contentUrl\":\"https:\/\/miumjau.ee\/wp-content\/uploads\/2022\/04\/MiuMjau-logo-kollane.png\",\"width\":219,\"height\":100,\"caption\":\"MiuMjau O\u00dc\"},\"image\":{\"@id\":\"https:\/\/miumjau.ee\/#\/schema\/logo\/image\/\"},\"sameAs\":[\"https:\/\/www.facebook.com\/miumjaupood\/\"]}]}<\/script>\n<!-- \/ Yoast SEO plugin. -->","yoast_head_json":{"title":"Ka\u0137u tualetes kaste Pussy M 48x39 cm, sarkana - MiuMjau","robots":{"index":"index","follow":"follow","max-snippet":"max-snippet:-1","max-image-preview":"max-image-preview:large","max-video-preview":"max-video-preview:-1"},"canonical":"https:\/\/miumjau.ee\/lv\/produkts\/kaku-tualetes-kaste-pussy-m-48x39-cm-sarkana\/","og_locale":"lv_LV","og_type":"article","og_title":"Ka\u0137u tualetes kaste Pussy M 48x39 cm, sarkana - MiuMjau","og_description":"Ka\u0137u tualetes kaste Pussy M ir apr\u012bkota ar augstu r\u0101mi, lai pal\u012bdz\u0113tu uztur\u0113t m\u0101ju t\u012bru \u2013 visi ka\u0137u \u012bpa\u0161nieki labi saprot, par ko m\u0113s run\u0101jam!     Iztur\u012bgs materi\u0101ls \u2013 nov\u0113rt\u0113jiet ilgsto\u0161as lieto\u0161anas priek\u0161roc\u012bbas    Viegls t\u012br\u012b\u0161ana \u2013 ietaupa j\u016bsu laiku un ener\u0123iju    M\u0113s visi r\u016bp\u0113jamies par apk\u0101rt\u0113j\u0101s vides t\u012br\u012bbu, un j\u0101atceras, ka ka\u0137i ir \u013coti j\u016bt\u012bgi \u0161aj\u0101 jaut\u0101jum\u0101! Ja v\u0113laties uztur\u0113t savu dz\u012bvnieku vesel\u012bgu un t\u012bru, izv\u0113lieties p\u0101rbaud\u012btu produktu. J\u016bsu ka\u0137is to peln\u012bjis!   \u012apa\u0161\u012bbas:     Materi\u0101ls: plastmasa    Garums: 48 cm    Platums: 39 cm    Augstums: 15 cm    Iepakojuma izm\u0113rs: 48 x 39 x 9 cm    Svars: 0,77 kg   Pieejams uzreiz!","og_url":"https:\/\/miumjau.ee\/lv\/produkts\/kaku-tualetes-kaste-pussy-m-48x39-cm-sarkana\/","og_site_name":"MiuMjau","article_publisher":"https:\/\/www.facebook.com\/miumjaupood\/","article_modified_time":"2026-01-07T19:24:43+00:00","og_image":[{"width":600,"height":800,"url":"https:\/\/miumjau.ee\/wp-content\/uploads\/2024\/08\/kassi-liivakast-pussy-m-48x39-cm-punane-1.jpg","type":"image\/jpeg"}],"twitter_card":"summary_large_image","schema":{"@context":"https:\/\/schema.org","@graph":[{"@type":"WebPage","@id":"https:\/\/miumjau.ee\/lv\/produkts\/kaku-tualetes-kaste-pussy-m-48x39-cm-sarkana\/","url":"https:\/\/miumjau.ee\/lv\/produkts\/kaku-tualetes-kaste-pussy-m-48x39-cm-sarkana\/","name":"Ka\u0137u tualetes kaste Pussy M 48x39 cm, sarkana - MiuMjau","isPartOf":{"@id":"https:\/\/miumjau.ee\/#website"},"primaryImageOfPage":{"@id":"https:\/\/miumjau.ee\/lv\/produkts\/kaku-tualetes-kaste-pussy-m-48x39-cm-sarkana\/#primaryimage"},"image":{"@id":"https:\/\/miumjau.ee\/lv\/produkts\/kaku-tualetes-kaste-pussy-m-48x39-cm-sarkana\/#primaryimage"},"thumbnailUrl":"https:\/\/miumjau.ee\/wp-content\/uploads\/2024\/08\/kassi-liivakast-pussy-m-48x39-cm-punane-1.jpg","datePublished":"2024-08-08T10:54:40+00:00","dateModified":"2026-01-07T19:24:43+00:00","breadcrumb":{"@id":"https:\/\/miumjau.ee\/lv\/produkts\/kaku-tualetes-kaste-pussy-m-48x39-cm-sarkana\/#breadcrumb"},"inLanguage":"lv-LV","potentialAction":[{"@type":"ReadAction","target":["https:\/\/miumjau.ee\/lv\/produkts\/kaku-tualetes-kaste-pussy-m-48x39-cm-sarkana\/"]}]},{"@type":"ImageObject","inLanguage":"lv-LV","@id":"https:\/\/miumjau.ee\/lv\/produkts\/kaku-tualetes-kaste-pussy-m-48x39-cm-sarkana\/#primaryimage","url":"https:\/\/miumjau.ee\/wp-content\/uploads\/2024\/08\/kassi-liivakast-pussy-m-48x39-cm-punane-1.jpg","contentUrl":"https:\/\/miumjau.ee\/wp-content\/uploads\/2024\/08\/kassi-liivakast-pussy-m-48x39-cm-punane-1.jpg","width":600,"height":800},{"@type":"BreadcrumbList","@id":"https:\/\/miumjau.ee\/lv\/produkts\/kaku-tualetes-kaste-pussy-m-48x39-cm-sarkana\/#breadcrumb","itemListElement":[{"@type":"ListItem","position":1,"name":"Home","item":"https:\/\/miumjau.ee\/lv\/"},{"@type":"ListItem","position":2,"name":"Veikals","item":"https:\/\/miumjau.ee\/lv\/veikals\/"},{"@type":"ListItem","position":3,"name":"Ka\u0137u tualetes kaste Pussy M 48&#215;39 cm, sarkana"}]},{"@type":"WebSite","@id":"https:\/\/miumjau.ee\/#website","url":"https:\/\/miumjau.ee\/","name":"MiuMjau","description":"Kraapimispuud kassidele","publisher":{"@id":"https:\/\/miumjau.ee\/#organization"},"potentialAction":[{"@type":"SearchAction","target":{"@type":"EntryPoint","urlTemplate":"https:\/\/miumjau.ee\/?s={search_term_string}"},"query-input":{"@type":"PropertyValueSpecification","valueRequired":true,"valueName":"search_term_string"}}],"inLanguage":"lv-LV"},{"@type":"Organization","@id":"https:\/\/miumjau.ee\/#organization","name":"MiuMjau O\u00dc","url":"https:\/\/miumjau.ee\/","logo":{"@type":"ImageObject","inLanguage":"lv-LV","@id":"https:\/\/miumjau.ee\/#\/schema\/logo\/image\/","url":"https:\/\/miumjau.ee\/wp-content\/uploads\/2022\/04\/MiuMjau-logo-kollane.png","contentUrl":"https:\/\/miumjau.ee\/wp-content\/uploads\/2022\/04\/MiuMjau-logo-kollane.png","width":219,"height":100,"caption":"MiuMjau O\u00dc"},"image":{"@id":"https:\/\/miumjau.ee\/#\/schema\/logo\/image\/"},"sameAs":["https:\/\/www.facebook.com\/miumjaupood\/"]}]}},"_links":{"self":[{"href":"https:\/\/miumjau.ee\/lv\/wp-json\/wp\/v2\/product\/45265","targetHints":{"allow":["GET"]}}],"collection":[{"href":"https:\/\/miumjau.ee\/lv\/wp-json\/wp\/v2\/product"}],"about":[{"href":"https:\/\/miumjau.ee\/lv\/wp-json\/wp\/v2\/types\/product"}],"wp:featuredmedia":[{"embeddable":true,"href":"https:\/\/miumjau.ee\/lv\/wp-json\/wp\/v2\/media\/45266"}],"wp:attachment":[{"href":"https:\/\/miumjau.ee\/lv\/wp-json\/wp\/v2\/media?parent=45265"}],"wp:term":[{"taxonomy":"product_brand","embeddable":true,"href":"https:\/\/miumjau.ee\/lv\/wp-json\/wp\/v2\/product_brand?post=45265"},{"taxonomy":"product_cat","embeddable":true,"href":"https:\/\/miumjau.ee\/lv\/wp-json\/wp\/v2\/product_cat?post=45265"},{"taxonomy":"product_tag","embeddable":true,"href":"https:\/\/miumjau.ee\/lv\/wp-json\/wp\/v2\/product_tag?post=45265"}],"curies":[{"name":"wp","href":"https:\/\/api.w.org\/{rel}","templated":true}]}}