{"id":45245,"date":"2024-08-08T10:16:54","date_gmt":"2024-08-08T07:16:54","guid":{"rendered":"https:\/\/miumjau.ee\/toode\/kaku-tualetes-kaste-kitty-50x40-cm-peleka\/"},"modified":"2026-01-07T21:24:50","modified_gmt":"2026-01-07T19:24:50","slug":"kaku-tualetes-kaste-kitty-50x40-cm-peleka","status":"publish","type":"product","link":"https:\/\/miumjau.ee\/lv\/produkts\/kaku-tualetes-kaste-kitty-50x40-cm-peleka\/","title":{"rendered":"Ka\u0137u tualetes kaste Kitty 50&#215;40 cm, pel\u0113ka"},"content":{"rendered":"","protected":false},"excerpt":{"rendered":"<p data-start=\"51\" data-end=\"275\">Ka\u0137u tualetes kaste Kitty ar r\u0101mi un speci\u0101lu ieeju. M\u0113s apr\u012bkoj\u0101m ka\u0137u tualetes kasti ar augstu r\u0101mi, lai pal\u012bdz\u0113tu uztur\u0113t m\u0101ju t\u012bru, un ar speci\u0101lu ieeju, lai atvieglotu lieto\u0161anu ar\u012b vec\u0101kiem vai slim\u0101kiem dz\u012bvniekiem.<\/p>\n<ul data-start=\"277\" data-end=\"610\">\n<li data-start=\"277\" data-end=\"348\">\n<p data-start=\"279\" data-end=\"348\">Iztur\u012bgs materi\u0101ls \u2013 nov\u0113rt\u0113jiet ilgsto\u0161as lieto\u0161anas priek\u0161roc\u012bbas<\/p>\n<\/li>\n<li data-start=\"349\" data-end=\"401\">\n<p data-start=\"351\" data-end=\"401\">Viegls t\u012br\u012b\u0161ana \u2013 ietaupa j\u016bsu laiku un ener\u0123iju<\/p>\n<\/li>\n<li data-start=\"402\" data-end=\"610\">\n<p data-start=\"404\" data-end=\"610\">M\u0113s visi r\u016bp\u0113jamies par t\u012br\u012bbu apk\u0101rt\u0113j\u0101 vid\u0113, un j\u0101atceras, ka ka\u0137i uz \u0161o t\u0113mu ir \u012bpa\u0161i j\u016bt\u012bgi! Ja v\u0113laties uztur\u0113t savu dz\u012bvnieku vesel\u012bgu un t\u012bru, ieguldiet p\u0101rbaud\u012bt\u0101 produkt\u0101. J\u016bsu ka\u0137is to peln\u012bjis!<\/p>\n<\/li>\n<\/ul>\n<p data-start=\"612\" data-end=\"627\"><strong data-start=\"612\" data-end=\"625\">\u012apa\u0161\u012bbas:<\/strong><\/p>\n<ul data-start=\"628\" data-end=\"748\">\n<li data-start=\"628\" data-end=\"652\">\n<p data-start=\"630\" data-end=\"652\">Materi\u0101ls: plastmasa<\/p>\n<\/li>\n<li data-start=\"653\" data-end=\"670\">\n<p data-start=\"655\" data-end=\"670\">Garums: 50 cm<\/p>\n<\/li>\n<li data-start=\"671\" data-end=\"689\">\n<p data-start=\"673\" data-end=\"689\">Platums: 40 cm<\/p>\n<\/li>\n<li data-start=\"690\" data-end=\"709\">\n<p data-start=\"692\" data-end=\"709\">Augstums: 16 cm<\/p>\n<\/li>\n<li data-start=\"710\" data-end=\"748\">\n<p data-start=\"712\" data-end=\"748\">Iepakojuma izm\u0113rs: 55 x 45 x 17 cm<\/p>\n<\/li>\n<\/ul>\n<p data-start=\"750\" data-end=\"770\" data-is-last-node=\"\" data-is-only-node=\"\"><strong data-start=\"750\" data-end=\"770\" data-is-last-node=\"\">Pieejams uzreiz!<\/strong><\/p>\n","protected":false},"featured_media":45246,"template":"","meta":[],"product_brand":[],"product_cat":[564],"product_tag":[],"class_list":{"0":"post-45245","1":"product","2":"type-product","3":"status-publish","4":"has-post-thumbnail","6":"product_cat-tualetes-kastes","7":"product_shipping_class-pakiautomaati-sobimatu-lv","9":"first","10":"instock","11":"taxable","12":"shipping-taxable","13":"purchasable","14":"product-type-simple"},"yoast_head":"<!-- This site is optimized with the Yoast SEO plugin v27.2 - https:\/\/yoast.com\/product\/yoast-seo-wordpress\/ -->\n<title>Ka\u0137u tualetes kaste Kitty 50x40 cm, pel\u0113ka - MiuMjau<\/title>\n<meta name=\"robots\" content=\"index, follow, max-snippet:-1, max-image-preview:large, max-video-preview:-1\" \/>\n<link rel=\"canonical\" href=\"https:\/\/miumjau.ee\/lv\/produkts\/kaku-tualetes-kaste-kitty-50x40-cm-peleka\/\" \/>\n<meta property=\"og:locale\" content=\"lv_LV\" \/>\n<meta property=\"og:type\" content=\"article\" \/>\n<meta property=\"og:title\" content=\"Ka\u0137u tualetes kaste Kitty 50x40 cm, pel\u0113ka - MiuMjau\" \/>\n<meta property=\"og:description\" content=\"Ka\u0137u tualetes kaste Kitty ar r\u0101mi un speci\u0101lu ieeju. M\u0113s apr\u012bkoj\u0101m ka\u0137u tualetes kasti ar augstu r\u0101mi, lai pal\u012bdz\u0113tu uztur\u0113t m\u0101ju t\u012bru, un ar speci\u0101lu ieeju, lai atvieglotu lieto\u0161anu ar\u012b vec\u0101kiem vai slim\u0101kiem dz\u012bvniekiem.     Iztur\u012bgs materi\u0101ls \u2013 nov\u0113rt\u0113jiet ilgsto\u0161as lieto\u0161anas priek\u0161roc\u012bbas    Viegls t\u012br\u012b\u0161ana \u2013 ietaupa j\u016bsu laiku un ener\u0123iju    M\u0113s visi r\u016bp\u0113jamies par t\u012br\u012bbu apk\u0101rt\u0113j\u0101 vid\u0113, un j\u0101atceras, ka ka\u0137i uz \u0161o t\u0113mu ir \u012bpa\u0161i j\u016bt\u012bgi! Ja v\u0113laties uztur\u0113t savu dz\u012bvnieku vesel\u012bgu un t\u012bru, ieguldiet p\u0101rbaud\u012bt\u0101 produkt\u0101. J\u016bsu ka\u0137is to peln\u012bjis!   \u012apa\u0161\u012bbas:     Materi\u0101ls: plastmasa    Garums: 50 cm    Platums: 40 cm    Augstums: 16 cm    Iepakojuma izm\u0113rs: 55 x 45 x 17 cm   Pieejams uzreiz!\" \/>\n<meta property=\"og:url\" content=\"https:\/\/miumjau.ee\/lv\/produkts\/kaku-tualetes-kaste-kitty-50x40-cm-peleka\/\" \/>\n<meta property=\"og:site_name\" content=\"MiuMjau\" \/>\n<meta property=\"article:publisher\" content=\"https:\/\/www.facebook.com\/miumjaupood\/\" \/>\n<meta property=\"article:modified_time\" content=\"2026-01-07T19:24:50+00:00\" \/>\n<meta property=\"og:image\" content=\"https:\/\/miumjau.ee\/wp-content\/uploads\/2024\/08\/kassi-liivakast-kitty-55x45-cm-hall.jpg\" \/>\n\t<meta property=\"og:image:width\" content=\"600\" \/>\n\t<meta property=\"og:image:height\" content=\"800\" \/>\n\t<meta property=\"og:image:type\" content=\"image\/jpeg\" \/>\n<meta name=\"twitter:card\" content=\"summary_large_image\" \/>\n<script type=\"application\/ld+json\" class=\"yoast-schema-graph\">{\"@context\":\"https:\/\/schema.org\",\"@graph\":[{\"@type\":\"WebPage\",\"@id\":\"https:\/\/miumjau.ee\/lv\/produkts\/kaku-tualetes-kaste-kitty-50x40-cm-peleka\/\",\"url\":\"https:\/\/miumjau.ee\/lv\/produkts\/kaku-tualetes-kaste-kitty-50x40-cm-peleka\/\",\"name\":\"Ka\u0137u tualetes kaste Kitty 50x40 cm, pel\u0113ka - MiuMjau\",\"isPartOf\":{\"@id\":\"https:\/\/miumjau.ee\/#website\"},\"primaryImageOfPage\":{\"@id\":\"https:\/\/miumjau.ee\/lv\/produkts\/kaku-tualetes-kaste-kitty-50x40-cm-peleka\/#primaryimage\"},\"image\":{\"@id\":\"https:\/\/miumjau.ee\/lv\/produkts\/kaku-tualetes-kaste-kitty-50x40-cm-peleka\/#primaryimage\"},\"thumbnailUrl\":\"https:\/\/miumjau.ee\/wp-content\/uploads\/2024\/08\/kassi-liivakast-kitty-55x45-cm-hall.jpg\",\"datePublished\":\"2024-08-08T07:16:54+00:00\",\"dateModified\":\"2026-01-07T19:24:50+00:00\",\"breadcrumb\":{\"@id\":\"https:\/\/miumjau.ee\/lv\/produkts\/kaku-tualetes-kaste-kitty-50x40-cm-peleka\/#breadcrumb\"},\"inLanguage\":\"lv-LV\",\"potentialAction\":[{\"@type\":\"ReadAction\",\"target\":[\"https:\/\/miumjau.ee\/lv\/produkts\/kaku-tualetes-kaste-kitty-50x40-cm-peleka\/\"]}]},{\"@type\":\"ImageObject\",\"inLanguage\":\"lv-LV\",\"@id\":\"https:\/\/miumjau.ee\/lv\/produkts\/kaku-tualetes-kaste-kitty-50x40-cm-peleka\/#primaryimage\",\"url\":\"https:\/\/miumjau.ee\/wp-content\/uploads\/2024\/08\/kassi-liivakast-kitty-55x45-cm-hall.jpg\",\"contentUrl\":\"https:\/\/miumjau.ee\/wp-content\/uploads\/2024\/08\/kassi-liivakast-kitty-55x45-cm-hall.jpg\",\"width\":600,\"height\":800},{\"@type\":\"BreadcrumbList\",\"@id\":\"https:\/\/miumjau.ee\/lv\/produkts\/kaku-tualetes-kaste-kitty-50x40-cm-peleka\/#breadcrumb\",\"itemListElement\":[{\"@type\":\"ListItem\",\"position\":1,\"name\":\"Home\",\"item\":\"https:\/\/miumjau.ee\/lv\/\"},{\"@type\":\"ListItem\",\"position\":2,\"name\":\"Veikals\",\"item\":\"https:\/\/miumjau.ee\/lv\/veikals\/\"},{\"@type\":\"ListItem\",\"position\":3,\"name\":\"Ka\u0137u tualetes kaste Kitty 50&#215;40 cm, pel\u0113ka\"}]},{\"@type\":\"WebSite\",\"@id\":\"https:\/\/miumjau.ee\/#website\",\"url\":\"https:\/\/miumjau.ee\/\",\"name\":\"MiuMjau\",\"description\":\"Kraapimispuud kassidele\",\"publisher\":{\"@id\":\"https:\/\/miumjau.ee\/#organization\"},\"potentialAction\":[{\"@type\":\"SearchAction\",\"target\":{\"@type\":\"EntryPoint\",\"urlTemplate\":\"https:\/\/miumjau.ee\/?s={search_term_string}\"},\"query-input\":{\"@type\":\"PropertyValueSpecification\",\"valueRequired\":true,\"valueName\":\"search_term_string\"}}],\"inLanguage\":\"lv-LV\"},{\"@type\":\"Organization\",\"@id\":\"https:\/\/miumjau.ee\/#organization\",\"name\":\"MiuMjau O\u00dc\",\"url\":\"https:\/\/miumjau.ee\/\",\"logo\":{\"@type\":\"ImageObject\",\"inLanguage\":\"lv-LV\",\"@id\":\"https:\/\/miumjau.ee\/#\/schema\/logo\/image\/\",\"url\":\"https:\/\/miumjau.ee\/wp-content\/uploads\/2022\/04\/MiuMjau-logo-kollane.png\",\"contentUrl\":\"https:\/\/miumjau.ee\/wp-content\/uploads\/2022\/04\/MiuMjau-logo-kollane.png\",\"width\":219,\"height\":100,\"caption\":\"MiuMjau O\u00dc\"},\"image\":{\"@id\":\"https:\/\/miumjau.ee\/#\/schema\/logo\/image\/\"},\"sameAs\":[\"https:\/\/www.facebook.com\/miumjaupood\/\"]}]}<\/script>\n<!-- \/ Yoast SEO plugin. -->","yoast_head_json":{"title":"Ka\u0137u tualetes kaste Kitty 50x40 cm, pel\u0113ka - MiuMjau","robots":{"index":"index","follow":"follow","max-snippet":"max-snippet:-1","max-image-preview":"max-image-preview:large","max-video-preview":"max-video-preview:-1"},"canonical":"https:\/\/miumjau.ee\/lv\/produkts\/kaku-tualetes-kaste-kitty-50x40-cm-peleka\/","og_locale":"lv_LV","og_type":"article","og_title":"Ka\u0137u tualetes kaste Kitty 50x40 cm, pel\u0113ka - MiuMjau","og_description":"Ka\u0137u tualetes kaste Kitty ar r\u0101mi un speci\u0101lu ieeju. M\u0113s apr\u012bkoj\u0101m ka\u0137u tualetes kasti ar augstu r\u0101mi, lai pal\u012bdz\u0113tu uztur\u0113t m\u0101ju t\u012bru, un ar speci\u0101lu ieeju, lai atvieglotu lieto\u0161anu ar\u012b vec\u0101kiem vai slim\u0101kiem dz\u012bvniekiem.     Iztur\u012bgs materi\u0101ls \u2013 nov\u0113rt\u0113jiet ilgsto\u0161as lieto\u0161anas priek\u0161roc\u012bbas    Viegls t\u012br\u012b\u0161ana \u2013 ietaupa j\u016bsu laiku un ener\u0123iju    M\u0113s visi r\u016bp\u0113jamies par t\u012br\u012bbu apk\u0101rt\u0113j\u0101 vid\u0113, un j\u0101atceras, ka ka\u0137i uz \u0161o t\u0113mu ir \u012bpa\u0161i j\u016bt\u012bgi! Ja v\u0113laties uztur\u0113t savu dz\u012bvnieku vesel\u012bgu un t\u012bru, ieguldiet p\u0101rbaud\u012bt\u0101 produkt\u0101. J\u016bsu ka\u0137is to peln\u012bjis!   \u012apa\u0161\u012bbas:     Materi\u0101ls: plastmasa    Garums: 50 cm    Platums: 40 cm    Augstums: 16 cm    Iepakojuma izm\u0113rs: 55 x 45 x 17 cm   Pieejams uzreiz!","og_url":"https:\/\/miumjau.ee\/lv\/produkts\/kaku-tualetes-kaste-kitty-50x40-cm-peleka\/","og_site_name":"MiuMjau","article_publisher":"https:\/\/www.facebook.com\/miumjaupood\/","article_modified_time":"2026-01-07T19:24:50+00:00","og_image":[{"width":600,"height":800,"url":"https:\/\/miumjau.ee\/wp-content\/uploads\/2024\/08\/kassi-liivakast-kitty-55x45-cm-hall.jpg","type":"image\/jpeg"}],"twitter_card":"summary_large_image","schema":{"@context":"https:\/\/schema.org","@graph":[{"@type":"WebPage","@id":"https:\/\/miumjau.ee\/lv\/produkts\/kaku-tualetes-kaste-kitty-50x40-cm-peleka\/","url":"https:\/\/miumjau.ee\/lv\/produkts\/kaku-tualetes-kaste-kitty-50x40-cm-peleka\/","name":"Ka\u0137u tualetes kaste Kitty 50x40 cm, pel\u0113ka - MiuMjau","isPartOf":{"@id":"https:\/\/miumjau.ee\/#website"},"primaryImageOfPage":{"@id":"https:\/\/miumjau.ee\/lv\/produkts\/kaku-tualetes-kaste-kitty-50x40-cm-peleka\/#primaryimage"},"image":{"@id":"https:\/\/miumjau.ee\/lv\/produkts\/kaku-tualetes-kaste-kitty-50x40-cm-peleka\/#primaryimage"},"thumbnailUrl":"https:\/\/miumjau.ee\/wp-content\/uploads\/2024\/08\/kassi-liivakast-kitty-55x45-cm-hall.jpg","datePublished":"2024-08-08T07:16:54+00:00","dateModified":"2026-01-07T19:24:50+00:00","breadcrumb":{"@id":"https:\/\/miumjau.ee\/lv\/produkts\/kaku-tualetes-kaste-kitty-50x40-cm-peleka\/#breadcrumb"},"inLanguage":"lv-LV","potentialAction":[{"@type":"ReadAction","target":["https:\/\/miumjau.ee\/lv\/produkts\/kaku-tualetes-kaste-kitty-50x40-cm-peleka\/"]}]},{"@type":"ImageObject","inLanguage":"lv-LV","@id":"https:\/\/miumjau.ee\/lv\/produkts\/kaku-tualetes-kaste-kitty-50x40-cm-peleka\/#primaryimage","url":"https:\/\/miumjau.ee\/wp-content\/uploads\/2024\/08\/kassi-liivakast-kitty-55x45-cm-hall.jpg","contentUrl":"https:\/\/miumjau.ee\/wp-content\/uploads\/2024\/08\/kassi-liivakast-kitty-55x45-cm-hall.jpg","width":600,"height":800},{"@type":"BreadcrumbList","@id":"https:\/\/miumjau.ee\/lv\/produkts\/kaku-tualetes-kaste-kitty-50x40-cm-peleka\/#breadcrumb","itemListElement":[{"@type":"ListItem","position":1,"name":"Home","item":"https:\/\/miumjau.ee\/lv\/"},{"@type":"ListItem","position":2,"name":"Veikals","item":"https:\/\/miumjau.ee\/lv\/veikals\/"},{"@type":"ListItem","position":3,"name":"Ka\u0137u tualetes kaste Kitty 50&#215;40 cm, pel\u0113ka"}]},{"@type":"WebSite","@id":"https:\/\/miumjau.ee\/#website","url":"https:\/\/miumjau.ee\/","name":"MiuMjau","description":"Kraapimispuud kassidele","publisher":{"@id":"https:\/\/miumjau.ee\/#organization"},"potentialAction":[{"@type":"SearchAction","target":{"@type":"EntryPoint","urlTemplate":"https:\/\/miumjau.ee\/?s={search_term_string}"},"query-input":{"@type":"PropertyValueSpecification","valueRequired":true,"valueName":"search_term_string"}}],"inLanguage":"lv-LV"},{"@type":"Organization","@id":"https:\/\/miumjau.ee\/#organization","name":"MiuMjau O\u00dc","url":"https:\/\/miumjau.ee\/","logo":{"@type":"ImageObject","inLanguage":"lv-LV","@id":"https:\/\/miumjau.ee\/#\/schema\/logo\/image\/","url":"https:\/\/miumjau.ee\/wp-content\/uploads\/2022\/04\/MiuMjau-logo-kollane.png","contentUrl":"https:\/\/miumjau.ee\/wp-content\/uploads\/2022\/04\/MiuMjau-logo-kollane.png","width":219,"height":100,"caption":"MiuMjau O\u00dc"},"image":{"@id":"https:\/\/miumjau.ee\/#\/schema\/logo\/image\/"},"sameAs":["https:\/\/www.facebook.com\/miumjaupood\/"]}]}},"_links":{"self":[{"href":"https:\/\/miumjau.ee\/lv\/wp-json\/wp\/v2\/product\/45245","targetHints":{"allow":["GET"]}}],"collection":[{"href":"https:\/\/miumjau.ee\/lv\/wp-json\/wp\/v2\/product"}],"about":[{"href":"https:\/\/miumjau.ee\/lv\/wp-json\/wp\/v2\/types\/product"}],"wp:featuredmedia":[{"embeddable":true,"href":"https:\/\/miumjau.ee\/lv\/wp-json\/wp\/v2\/media\/45246"}],"wp:attachment":[{"href":"https:\/\/miumjau.ee\/lv\/wp-json\/wp\/v2\/media?parent=45245"}],"wp:term":[{"taxonomy":"product_brand","embeddable":true,"href":"https:\/\/miumjau.ee\/lv\/wp-json\/wp\/v2\/product_brand?post=45245"},{"taxonomy":"product_cat","embeddable":true,"href":"https:\/\/miumjau.ee\/lv\/wp-json\/wp\/v2\/product_cat?post=45245"},{"taxonomy":"product_tag","embeddable":true,"href":"https:\/\/miumjau.ee\/lv\/wp-json\/wp\/v2\/product_tag?post=45245"}],"curies":[{"name":"wp","href":"https:\/\/api.w.org\/{rel}","templated":true}]}}