{"id":45236,"date":"2024-08-06T16:07:47","date_gmt":"2024-08-06T13:07:47","guid":{"rendered":"https:\/\/miumjau.ee\/toode\/kaku-slegta-tualetes-kaste-noble-zila\/"},"modified":"2026-01-07T21:24:50","modified_gmt":"2026-01-07T19:24:50","slug":"kaku-slegta-tualetes-kaste-noble-zila","status":"publish","type":"product","link":"https:\/\/miumjau.ee\/lv\/produkts\/kaku-slegta-tualetes-kaste-noble-zila\/","title":{"rendered":"Ka\u0137u sl\u0113gt\u0101 tualetes kaste Noble, zila"},"content":{"rendered":"","protected":false},"excerpt":{"rendered":"<p data-start=\"49\" data-end=\"571\">Ka\u0137i tika pieradin\u0101ti m\u0101j\u0101s aptuveni pirms 9500 gadiem. Kop\u0161 \u0161\u012bs sadarb\u012bbas s\u0101kuma ar m\u016bsu murgojo\u0161ajiem draugiem m\u0113s esam centu\u0161ies padar\u012bt kop\u012bgo dz\u012bvi \u0113rt\u0101ku. Viens no izgudrojumiem, kas b\u016btiski uzlaboja \u0113rt\u012bbas ab\u0101m pus\u0113m, bija ka\u0137u tualetes kaste. Vienk\u0101r\u0161a kaste, piepild\u012bta ar smilt\u012bm vai skaidas, atviegloja ka\u0137a ikdienas fiziolo\u0123isk\u0101s vajadz\u012bbas m\u0101j\u0101s bez cilv\u0113ka iejauk\u0161an\u0101s. Gadu gait\u0101 \u0161is produkts ir ieguvis da\u017e\u0101dus veidus un kr\u0101sas, k\u0101 ar\u012b papildin\u0101ts ar da\u017e\u0101d\u0101m \u0113rt\u012bb\u0101m, tom\u0113r funkcija palikusi nemain\u012bga.<\/p>\n<p data-start=\"573\" data-end=\"1076\">Iepaz\u012bstin\u0101m ar v\u0101ku ka\u0137u tualetes kasti, kas apvieno vair\u0101kus praktiskus risin\u0101jumus. Pirmk\u0101rt, kastes konstrukcija nov\u0113r\u0161 pakai\u0161u izbir\u0161anu pat tad, ja ka\u0137im pat\u012bk intens\u012bvi rak\u0101t smiltis. Turkl\u0101t t\u0101 nodro\u0161ina ka\u0137im priv\u0101tumu, kas, atkar\u012bb\u0101 no dz\u012bvnieka rakstura, var b\u016bt \u013coti svar\u012bgi stresu neizraiso\u0161ai tualetes lieto\u0161anai. Ka\u0137u tualetes kast\u0113 ir e\u0146\u0123\u0113t\u0101s durvis un \u0113rts rokturis transport\u0113\u0161anai. Visa aug\u0161\u0113j\u0101 da\u013ca ir no\u0146emama un piestiprin\u0101ta ar vienk\u0101r\u0161i lietojam\u0101m skav\u0101m, kas atvieglo t\u012br\u012b\u0161anu.<\/p>\n<p data-start=\"1078\" data-end=\"1093\"><strong data-start=\"1078\" data-end=\"1091\">\u012apa\u0161\u012bbas:<\/strong><\/p>\n<ul data-start=\"1095\" data-end=\"1234\">\n<li data-start=\"1095\" data-end=\"1119\">\n<p data-start=\"1097\" data-end=\"1119\">Materi\u0101ls: plastmasa<\/p>\n<\/li>\n<li data-start=\"1120\" data-end=\"1137\">\n<p data-start=\"1122\" data-end=\"1137\">Garums: 50 cm<\/p>\n<\/li>\n<li data-start=\"1138\" data-end=\"1156\">\n<p data-start=\"1140\" data-end=\"1156\">Platums: 40 cm<\/p>\n<\/li>\n<li data-start=\"1157\" data-end=\"1176\">\n<p data-start=\"1159\" data-end=\"1176\">Augstums: 39 cm<\/p>\n<\/li>\n<li data-start=\"1177\" data-end=\"1195\">\n<p data-start=\"1179\" data-end=\"1195\">Svars: 1,37 kg<\/p>\n<\/li>\n<li data-start=\"1196\" data-end=\"1234\">\n<p data-start=\"1198\" data-end=\"1234\">Iepakojuma izm\u0113rs: 51 x 38 x 33 cm<\/p>\n<\/li>\n<\/ul>\n<p data-start=\"1236\" data-end=\"1256\" data-is-last-node=\"\" data-is-only-node=\"\"><strong data-start=\"1236\" data-end=\"1256\" data-is-last-node=\"\">Pieejams uzreiz!<\/strong><\/p>\n","protected":false},"featured_media":45237,"template":"","meta":[],"product_brand":[],"product_cat":[564],"product_tag":[],"class_list":{"0":"post-45236","1":"product","2":"type-product","3":"status-publish","4":"has-post-thumbnail","6":"product_cat-tualetes-kastes","7":"product_shipping_class-pakiautomaati-sobimatu-lv","9":"first","10":"instock","11":"taxable","12":"shipping-taxable","13":"purchasable","14":"product-type-simple"},"yoast_head":"<!-- This site is optimized with the Yoast SEO plugin v27.2 - https:\/\/yoast.com\/product\/yoast-seo-wordpress\/ -->\n<title>Ka\u0137u sl\u0113gt\u0101 tualetes kaste Noble, zila - MiuMjau<\/title>\n<meta name=\"robots\" content=\"index, follow, max-snippet:-1, max-image-preview:large, max-video-preview:-1\" \/>\n<link rel=\"canonical\" href=\"https:\/\/miumjau.ee\/lv\/produkts\/kaku-slegta-tualetes-kaste-noble-zila\/\" \/>\n<meta property=\"og:locale\" content=\"lv_LV\" \/>\n<meta property=\"og:type\" content=\"article\" \/>\n<meta property=\"og:title\" content=\"Ka\u0137u sl\u0113gt\u0101 tualetes kaste Noble, zila - MiuMjau\" \/>\n<meta property=\"og:description\" content=\"Ka\u0137i tika pieradin\u0101ti m\u0101j\u0101s aptuveni pirms 9500 gadiem. Kop\u0161 \u0161\u012bs sadarb\u012bbas s\u0101kuma ar m\u016bsu murgojo\u0161ajiem draugiem m\u0113s esam centu\u0161ies padar\u012bt kop\u012bgo dz\u012bvi \u0113rt\u0101ku. Viens no izgudrojumiem, kas b\u016btiski uzlaboja \u0113rt\u012bbas ab\u0101m pus\u0113m, bija ka\u0137u tualetes kaste. Vienk\u0101r\u0161a kaste, piepild\u012bta ar smilt\u012bm vai skaidas, atviegloja ka\u0137a ikdienas fiziolo\u0123isk\u0101s vajadz\u012bbas m\u0101j\u0101s bez cilv\u0113ka iejauk\u0161an\u0101s. Gadu gait\u0101 \u0161is produkts ir ieguvis da\u017e\u0101dus veidus un kr\u0101sas, k\u0101 ar\u012b papildin\u0101ts ar da\u017e\u0101d\u0101m \u0113rt\u012bb\u0101m, tom\u0113r funkcija palikusi nemain\u012bga. Iepaz\u012bstin\u0101m ar v\u0101ku ka\u0137u tualetes kasti, kas apvieno vair\u0101kus praktiskus risin\u0101jumus. Pirmk\u0101rt, kastes konstrukcija nov\u0113r\u0161 pakai\u0161u izbir\u0161anu pat tad, ja ka\u0137im pat\u012bk intens\u012bvi rak\u0101t smiltis. Turkl\u0101t t\u0101 nodro\u0161ina ka\u0137im priv\u0101tumu, kas, atkar\u012bb\u0101 no dz\u012bvnieka rakstura, var b\u016bt \u013coti svar\u012bgi stresu neizraiso\u0161ai tualetes lieto\u0161anai. Ka\u0137u tualetes kast\u0113 ir e\u0146\u0123\u0113t\u0101s durvis un \u0113rts rokturis transport\u0113\u0161anai. Visa aug\u0161\u0113j\u0101 da\u013ca ir no\u0146emama un piestiprin\u0101ta ar vienk\u0101r\u0161i lietojam\u0101m skav\u0101m, kas atvieglo t\u012br\u012b\u0161anu. \u012apa\u0161\u012bbas:     Materi\u0101ls: plastmasa    Garums: 50 cm    Platums: 40 cm    Augstums: 39 cm    Svars: 1,37 kg    Iepakojuma izm\u0113rs: 51 x 38 x 33 cm   Pieejams uzreiz!\" \/>\n<meta property=\"og:url\" content=\"https:\/\/miumjau.ee\/lv\/produkts\/kaku-slegta-tualetes-kaste-noble-zila\/\" \/>\n<meta property=\"og:site_name\" content=\"MiuMjau\" \/>\n<meta property=\"article:publisher\" content=\"https:\/\/www.facebook.com\/miumjaupood\/\" \/>\n<meta property=\"article:modified_time\" content=\"2026-01-07T19:24:50+00:00\" \/>\n<meta property=\"og:image\" content=\"https:\/\/miumjau.ee\/wp-content\/uploads\/2024\/08\/kassi-liivakast-noble-sinine-2.jpg\" \/>\n\t<meta property=\"og:image:width\" content=\"600\" \/>\n\t<meta property=\"og:image:height\" content=\"800\" \/>\n\t<meta property=\"og:image:type\" content=\"image\/jpeg\" \/>\n<meta name=\"twitter:card\" content=\"summary_large_image\" \/>\n<script type=\"application\/ld+json\" class=\"yoast-schema-graph\">{\"@context\":\"https:\/\/schema.org\",\"@graph\":[{\"@type\":\"WebPage\",\"@id\":\"https:\/\/miumjau.ee\/lv\/produkts\/kaku-slegta-tualetes-kaste-noble-zila\/\",\"url\":\"https:\/\/miumjau.ee\/lv\/produkts\/kaku-slegta-tualetes-kaste-noble-zila\/\",\"name\":\"Ka\u0137u sl\u0113gt\u0101 tualetes kaste Noble, zila - MiuMjau\",\"isPartOf\":{\"@id\":\"https:\/\/miumjau.ee\/#website\"},\"primaryImageOfPage\":{\"@id\":\"https:\/\/miumjau.ee\/lv\/produkts\/kaku-slegta-tualetes-kaste-noble-zila\/#primaryimage\"},\"image\":{\"@id\":\"https:\/\/miumjau.ee\/lv\/produkts\/kaku-slegta-tualetes-kaste-noble-zila\/#primaryimage\"},\"thumbnailUrl\":\"https:\/\/miumjau.ee\/wp-content\/uploads\/2024\/08\/kassi-liivakast-noble-sinine-2.jpg\",\"datePublished\":\"2024-08-06T13:07:47+00:00\",\"dateModified\":\"2026-01-07T19:24:50+00:00\",\"breadcrumb\":{\"@id\":\"https:\/\/miumjau.ee\/lv\/produkts\/kaku-slegta-tualetes-kaste-noble-zila\/#breadcrumb\"},\"inLanguage\":\"lv-LV\",\"potentialAction\":[{\"@type\":\"ReadAction\",\"target\":[\"https:\/\/miumjau.ee\/lv\/produkts\/kaku-slegta-tualetes-kaste-noble-zila\/\"]}]},{\"@type\":\"ImageObject\",\"inLanguage\":\"lv-LV\",\"@id\":\"https:\/\/miumjau.ee\/lv\/produkts\/kaku-slegta-tualetes-kaste-noble-zila\/#primaryimage\",\"url\":\"https:\/\/miumjau.ee\/wp-content\/uploads\/2024\/08\/kassi-liivakast-noble-sinine-2.jpg\",\"contentUrl\":\"https:\/\/miumjau.ee\/wp-content\/uploads\/2024\/08\/kassi-liivakast-noble-sinine-2.jpg\",\"width\":600,\"height\":800},{\"@type\":\"BreadcrumbList\",\"@id\":\"https:\/\/miumjau.ee\/lv\/produkts\/kaku-slegta-tualetes-kaste-noble-zila\/#breadcrumb\",\"itemListElement\":[{\"@type\":\"ListItem\",\"position\":1,\"name\":\"Home\",\"item\":\"https:\/\/miumjau.ee\/lv\/\"},{\"@type\":\"ListItem\",\"position\":2,\"name\":\"Veikals\",\"item\":\"https:\/\/miumjau.ee\/lv\/veikals\/\"},{\"@type\":\"ListItem\",\"position\":3,\"name\":\"Ka\u0137u sl\u0113gt\u0101 tualetes kaste Noble, zila\"}]},{\"@type\":\"WebSite\",\"@id\":\"https:\/\/miumjau.ee\/#website\",\"url\":\"https:\/\/miumjau.ee\/\",\"name\":\"MiuMjau\",\"description\":\"Kraapimispuud kassidele\",\"publisher\":{\"@id\":\"https:\/\/miumjau.ee\/#organization\"},\"potentialAction\":[{\"@type\":\"SearchAction\",\"target\":{\"@type\":\"EntryPoint\",\"urlTemplate\":\"https:\/\/miumjau.ee\/?s={search_term_string}\"},\"query-input\":{\"@type\":\"PropertyValueSpecification\",\"valueRequired\":true,\"valueName\":\"search_term_string\"}}],\"inLanguage\":\"lv-LV\"},{\"@type\":\"Organization\",\"@id\":\"https:\/\/miumjau.ee\/#organization\",\"name\":\"MiuMjau O\u00dc\",\"url\":\"https:\/\/miumjau.ee\/\",\"logo\":{\"@type\":\"ImageObject\",\"inLanguage\":\"lv-LV\",\"@id\":\"https:\/\/miumjau.ee\/#\/schema\/logo\/image\/\",\"url\":\"https:\/\/miumjau.ee\/wp-content\/uploads\/2022\/04\/MiuMjau-logo-kollane.png\",\"contentUrl\":\"https:\/\/miumjau.ee\/wp-content\/uploads\/2022\/04\/MiuMjau-logo-kollane.png\",\"width\":219,\"height\":100,\"caption\":\"MiuMjau O\u00dc\"},\"image\":{\"@id\":\"https:\/\/miumjau.ee\/#\/schema\/logo\/image\/\"},\"sameAs\":[\"https:\/\/www.facebook.com\/miumjaupood\/\"]}]}<\/script>\n<!-- \/ Yoast SEO plugin. -->","yoast_head_json":{"title":"Ka\u0137u sl\u0113gt\u0101 tualetes kaste Noble, zila - MiuMjau","robots":{"index":"index","follow":"follow","max-snippet":"max-snippet:-1","max-image-preview":"max-image-preview:large","max-video-preview":"max-video-preview:-1"},"canonical":"https:\/\/miumjau.ee\/lv\/produkts\/kaku-slegta-tualetes-kaste-noble-zila\/","og_locale":"lv_LV","og_type":"article","og_title":"Ka\u0137u sl\u0113gt\u0101 tualetes kaste Noble, zila - MiuMjau","og_description":"Ka\u0137i tika pieradin\u0101ti m\u0101j\u0101s aptuveni pirms 9500 gadiem. Kop\u0161 \u0161\u012bs sadarb\u012bbas s\u0101kuma ar m\u016bsu murgojo\u0161ajiem draugiem m\u0113s esam centu\u0161ies padar\u012bt kop\u012bgo dz\u012bvi \u0113rt\u0101ku. Viens no izgudrojumiem, kas b\u016btiski uzlaboja \u0113rt\u012bbas ab\u0101m pus\u0113m, bija ka\u0137u tualetes kaste. Vienk\u0101r\u0161a kaste, piepild\u012bta ar smilt\u012bm vai skaidas, atviegloja ka\u0137a ikdienas fiziolo\u0123isk\u0101s vajadz\u012bbas m\u0101j\u0101s bez cilv\u0113ka iejauk\u0161an\u0101s. Gadu gait\u0101 \u0161is produkts ir ieguvis da\u017e\u0101dus veidus un kr\u0101sas, k\u0101 ar\u012b papildin\u0101ts ar da\u017e\u0101d\u0101m \u0113rt\u012bb\u0101m, tom\u0113r funkcija palikusi nemain\u012bga. Iepaz\u012bstin\u0101m ar v\u0101ku ka\u0137u tualetes kasti, kas apvieno vair\u0101kus praktiskus risin\u0101jumus. Pirmk\u0101rt, kastes konstrukcija nov\u0113r\u0161 pakai\u0161u izbir\u0161anu pat tad, ja ka\u0137im pat\u012bk intens\u012bvi rak\u0101t smiltis. Turkl\u0101t t\u0101 nodro\u0161ina ka\u0137im priv\u0101tumu, kas, atkar\u012bb\u0101 no dz\u012bvnieka rakstura, var b\u016bt \u013coti svar\u012bgi stresu neizraiso\u0161ai tualetes lieto\u0161anai. Ka\u0137u tualetes kast\u0113 ir e\u0146\u0123\u0113t\u0101s durvis un \u0113rts rokturis transport\u0113\u0161anai. Visa aug\u0161\u0113j\u0101 da\u013ca ir no\u0146emama un piestiprin\u0101ta ar vienk\u0101r\u0161i lietojam\u0101m skav\u0101m, kas atvieglo t\u012br\u012b\u0161anu. \u012apa\u0161\u012bbas:     Materi\u0101ls: plastmasa    Garums: 50 cm    Platums: 40 cm    Augstums: 39 cm    Svars: 1,37 kg    Iepakojuma izm\u0113rs: 51 x 38 x 33 cm   Pieejams uzreiz!","og_url":"https:\/\/miumjau.ee\/lv\/produkts\/kaku-slegta-tualetes-kaste-noble-zila\/","og_site_name":"MiuMjau","article_publisher":"https:\/\/www.facebook.com\/miumjaupood\/","article_modified_time":"2026-01-07T19:24:50+00:00","og_image":[{"width":600,"height":800,"url":"https:\/\/miumjau.ee\/wp-content\/uploads\/2024\/08\/kassi-liivakast-noble-sinine-2.jpg","type":"image\/jpeg"}],"twitter_card":"summary_large_image","schema":{"@context":"https:\/\/schema.org","@graph":[{"@type":"WebPage","@id":"https:\/\/miumjau.ee\/lv\/produkts\/kaku-slegta-tualetes-kaste-noble-zila\/","url":"https:\/\/miumjau.ee\/lv\/produkts\/kaku-slegta-tualetes-kaste-noble-zila\/","name":"Ka\u0137u sl\u0113gt\u0101 tualetes kaste Noble, zila - MiuMjau","isPartOf":{"@id":"https:\/\/miumjau.ee\/#website"},"primaryImageOfPage":{"@id":"https:\/\/miumjau.ee\/lv\/produkts\/kaku-slegta-tualetes-kaste-noble-zila\/#primaryimage"},"image":{"@id":"https:\/\/miumjau.ee\/lv\/produkts\/kaku-slegta-tualetes-kaste-noble-zila\/#primaryimage"},"thumbnailUrl":"https:\/\/miumjau.ee\/wp-content\/uploads\/2024\/08\/kassi-liivakast-noble-sinine-2.jpg","datePublished":"2024-08-06T13:07:47+00:00","dateModified":"2026-01-07T19:24:50+00:00","breadcrumb":{"@id":"https:\/\/miumjau.ee\/lv\/produkts\/kaku-slegta-tualetes-kaste-noble-zila\/#breadcrumb"},"inLanguage":"lv-LV","potentialAction":[{"@type":"ReadAction","target":["https:\/\/miumjau.ee\/lv\/produkts\/kaku-slegta-tualetes-kaste-noble-zila\/"]}]},{"@type":"ImageObject","inLanguage":"lv-LV","@id":"https:\/\/miumjau.ee\/lv\/produkts\/kaku-slegta-tualetes-kaste-noble-zila\/#primaryimage","url":"https:\/\/miumjau.ee\/wp-content\/uploads\/2024\/08\/kassi-liivakast-noble-sinine-2.jpg","contentUrl":"https:\/\/miumjau.ee\/wp-content\/uploads\/2024\/08\/kassi-liivakast-noble-sinine-2.jpg","width":600,"height":800},{"@type":"BreadcrumbList","@id":"https:\/\/miumjau.ee\/lv\/produkts\/kaku-slegta-tualetes-kaste-noble-zila\/#breadcrumb","itemListElement":[{"@type":"ListItem","position":1,"name":"Home","item":"https:\/\/miumjau.ee\/lv\/"},{"@type":"ListItem","position":2,"name":"Veikals","item":"https:\/\/miumjau.ee\/lv\/veikals\/"},{"@type":"ListItem","position":3,"name":"Ka\u0137u sl\u0113gt\u0101 tualetes kaste Noble, zila"}]},{"@type":"WebSite","@id":"https:\/\/miumjau.ee\/#website","url":"https:\/\/miumjau.ee\/","name":"MiuMjau","description":"Kraapimispuud kassidele","publisher":{"@id":"https:\/\/miumjau.ee\/#organization"},"potentialAction":[{"@type":"SearchAction","target":{"@type":"EntryPoint","urlTemplate":"https:\/\/miumjau.ee\/?s={search_term_string}"},"query-input":{"@type":"PropertyValueSpecification","valueRequired":true,"valueName":"search_term_string"}}],"inLanguage":"lv-LV"},{"@type":"Organization","@id":"https:\/\/miumjau.ee\/#organization","name":"MiuMjau O\u00dc","url":"https:\/\/miumjau.ee\/","logo":{"@type":"ImageObject","inLanguage":"lv-LV","@id":"https:\/\/miumjau.ee\/#\/schema\/logo\/image\/","url":"https:\/\/miumjau.ee\/wp-content\/uploads\/2022\/04\/MiuMjau-logo-kollane.png","contentUrl":"https:\/\/miumjau.ee\/wp-content\/uploads\/2022\/04\/MiuMjau-logo-kollane.png","width":219,"height":100,"caption":"MiuMjau O\u00dc"},"image":{"@id":"https:\/\/miumjau.ee\/#\/schema\/logo\/image\/"},"sameAs":["https:\/\/www.facebook.com\/miumjaupood\/"]}]}},"_links":{"self":[{"href":"https:\/\/miumjau.ee\/lv\/wp-json\/wp\/v2\/product\/45236","targetHints":{"allow":["GET"]}}],"collection":[{"href":"https:\/\/miumjau.ee\/lv\/wp-json\/wp\/v2\/product"}],"about":[{"href":"https:\/\/miumjau.ee\/lv\/wp-json\/wp\/v2\/types\/product"}],"wp:featuredmedia":[{"embeddable":true,"href":"https:\/\/miumjau.ee\/lv\/wp-json\/wp\/v2\/media\/45237"}],"wp:attachment":[{"href":"https:\/\/miumjau.ee\/lv\/wp-json\/wp\/v2\/media?parent=45236"}],"wp:term":[{"taxonomy":"product_brand","embeddable":true,"href":"https:\/\/miumjau.ee\/lv\/wp-json\/wp\/v2\/product_brand?post=45236"},{"taxonomy":"product_cat","embeddable":true,"href":"https:\/\/miumjau.ee\/lv\/wp-json\/wp\/v2\/product_cat?post=45236"},{"taxonomy":"product_tag","embeddable":true,"href":"https:\/\/miumjau.ee\/lv\/wp-json\/wp\/v2\/product_tag?post=45236"}],"curies":[{"name":"wp","href":"https:\/\/api.w.org\/{rel}","templated":true}]}}