{"id":45231,"date":"2024-07-31T08:18:41","date_gmt":"2024-07-31T05:18:41","guid":{"rendered":"https:\/\/miumjau.ee\/toode\/pawise-kaku-tualetes-kaste-s-peleka\/"},"modified":"2026-01-07T21:24:57","modified_gmt":"2026-01-07T19:24:57","slug":"pawise-kaku-tualetes-kaste-s-peleka","status":"publish","type":"product","link":"https:\/\/miumjau.ee\/lv\/produkts\/pawise-kaku-tualetes-kaste-s-peleka\/","title":{"rendered":"Pawise ka\u0137u tualetes kaste S, pel\u0113ka"},"content":{"rendered":"","protected":false},"excerpt":{"rendered":"<p data-start=\"44\" data-end=\"148\">Pawise ka\u0137u tualetes kaste ir ar augst\u0101m mal\u0101m, lai ka\u0137is nevar\u0113tu ar \u0137ep\u0101m izstumt tik daudz pakai\u0161u.<\/p>\n<ul data-start=\"150\" data-end=\"190\">\n<li data-start=\"150\" data-end=\"172\">\n<p data-start=\"152\" data-end=\"172\">S: 47 x 38 x 21 cm<\/p>\n<\/li>\n<li data-start=\"173\" data-end=\"190\">\n<p data-start=\"175\" data-end=\"190\">Svars: 0,9 kg<\/p>\n<\/li>\n<\/ul>\n<p data-start=\"192\" data-end=\"459\">Ide\u0101li piem\u0113rota ka\u0137iem, kuri st\u0101v pie mal\u0101m un m\u0113dz \u201ckak\u0101t\/kas\u012bt\u201d p\u0101ri mal\u0101m. Maz\u0101k t\u012br\u012b\u0161anas saglab\u0101 lab\u0101kas attiec\u012bbas ar saimnieku. Ka\u0137u tualetes kaste j\u0101v\u0113r\u0161 izv\u0113l\u0113ties atbilsto\u0161i ka\u0137a izm\u0113ram. Kast\u0113m j\u0101b\u016bt aptuveni 1,5 reizes gar\u0101k\u0101m nek\u0101 ka\u0137a \u0137erme\u0146a garums.<\/p>\n<ul data-start=\"461\" data-end=\"604\">\n<li data-start=\"461\" data-end=\"499\">\n<p data-start=\"463\" data-end=\"499\">Augstas malas uztur pakai\u0161us kast\u0113<\/p>\n<\/li>\n<li data-start=\"500\" data-end=\"544\">\n<p data-start=\"502\" data-end=\"544\">Nodro\u0161ina ka\u0137im vair\u0101k vietas lieto\u0161anai<\/p>\n<\/li>\n<li data-start=\"545\" data-end=\"579\">\n<p data-start=\"547\" data-end=\"579\">Piem\u0113rota ar\u012b liel\u0101kiem ka\u0137iem<\/p>\n<\/li>\n<li data-start=\"580\" data-end=\"604\">\n<p data-start=\"582\" data-end=\"604\">Vienk\u0101r\u0161\u0101ka t\u012br\u012b\u0161ana<\/p>\n<\/li>\n<\/ul>\n<p data-start=\"606\" data-end=\"626\" data-is-last-node=\"\" data-is-only-node=\"\"><strong data-start=\"606\" data-end=\"626\" data-is-last-node=\"\">Pieejams uzreiz!<\/strong><\/p>\n","protected":false},"featured_media":45232,"template":"","meta":[],"product_brand":[],"product_cat":[564],"product_tag":[],"class_list":{"0":"post-45231","1":"product","2":"type-product","3":"status-publish","4":"has-post-thumbnail","6":"product_cat-tualetes-kastes","8":"first","9":"outofstock","10":"taxable","11":"shipping-taxable","12":"purchasable","13":"product-type-simple"},"yoast_head":"<!-- This site is optimized with the Yoast SEO plugin v27.2 - https:\/\/yoast.com\/product\/yoast-seo-wordpress\/ -->\n<title>Pawise ka\u0137u tualetes kaste S, pel\u0113ka - MiuMjau<\/title>\n<meta name=\"robots\" content=\"index, follow, max-snippet:-1, max-image-preview:large, max-video-preview:-1\" \/>\n<link rel=\"canonical\" href=\"https:\/\/miumjau.ee\/lv\/produkts\/pawise-kaku-tualetes-kaste-s-peleka\/\" \/>\n<meta property=\"og:locale\" content=\"lv_LV\" \/>\n<meta property=\"og:type\" content=\"article\" \/>\n<meta property=\"og:title\" content=\"Pawise ka\u0137u tualetes kaste S, pel\u0113ka - MiuMjau\" \/>\n<meta property=\"og:description\" content=\"Pawise ka\u0137u tualetes kaste ir ar augst\u0101m mal\u0101m, lai ka\u0137is nevar\u0113tu ar \u0137ep\u0101m izstumt tik daudz pakai\u0161u.     S: 47 x 38 x 21 cm    Svars: 0,9 kg   Ide\u0101li piem\u0113rota ka\u0137iem, kuri st\u0101v pie mal\u0101m un m\u0113dz \u201ckak\u0101t\/kas\u012bt\u201d p\u0101ri mal\u0101m. Maz\u0101k t\u012br\u012b\u0161anas saglab\u0101 lab\u0101kas attiec\u012bbas ar saimnieku. Ka\u0137u tualetes kaste j\u0101v\u0113r\u0161 izv\u0113l\u0113ties atbilsto\u0161i ka\u0137a izm\u0113ram. Kast\u0113m j\u0101b\u016bt aptuveni 1,5 reizes gar\u0101k\u0101m nek\u0101 ka\u0137a \u0137erme\u0146a garums.     Augstas malas uztur pakai\u0161us kast\u0113    Nodro\u0161ina ka\u0137im vair\u0101k vietas lieto\u0161anai    Piem\u0113rota ar\u012b liel\u0101kiem ka\u0137iem    Vienk\u0101r\u0161\u0101ka t\u012br\u012b\u0161ana   Pieejams uzreiz!\" \/>\n<meta property=\"og:url\" content=\"https:\/\/miumjau.ee\/lv\/produkts\/pawise-kaku-tualetes-kaste-s-peleka\/\" \/>\n<meta property=\"og:site_name\" content=\"MiuMjau\" \/>\n<meta property=\"article:publisher\" content=\"https:\/\/www.facebook.com\/miumjaupood\/\" \/>\n<meta property=\"article:modified_time\" content=\"2026-01-07T19:24:57+00:00\" \/>\n<meta property=\"og:image\" content=\"https:\/\/miumjau.ee\/wp-content\/uploads\/2024\/07\/kassi-liivakast.jpg\" \/>\n\t<meta property=\"og:image:width\" content=\"600\" \/>\n\t<meta property=\"og:image:height\" content=\"800\" \/>\n\t<meta property=\"og:image:type\" content=\"image\/jpeg\" \/>\n<meta name=\"twitter:card\" content=\"summary_large_image\" \/>\n<script type=\"application\/ld+json\" class=\"yoast-schema-graph\">{\"@context\":\"https:\/\/schema.org\",\"@graph\":[{\"@type\":\"WebPage\",\"@id\":\"https:\/\/miumjau.ee\/lv\/produkts\/pawise-kaku-tualetes-kaste-s-peleka\/\",\"url\":\"https:\/\/miumjau.ee\/lv\/produkts\/pawise-kaku-tualetes-kaste-s-peleka\/\",\"name\":\"Pawise ka\u0137u tualetes kaste S, pel\u0113ka - MiuMjau\",\"isPartOf\":{\"@id\":\"https:\/\/miumjau.ee\/#website\"},\"primaryImageOfPage\":{\"@id\":\"https:\/\/miumjau.ee\/lv\/produkts\/pawise-kaku-tualetes-kaste-s-peleka\/#primaryimage\"},\"image\":{\"@id\":\"https:\/\/miumjau.ee\/lv\/produkts\/pawise-kaku-tualetes-kaste-s-peleka\/#primaryimage\"},\"thumbnailUrl\":\"https:\/\/miumjau.ee\/wp-content\/uploads\/2024\/07\/kassi-liivakast.jpg\",\"datePublished\":\"2024-07-31T05:18:41+00:00\",\"dateModified\":\"2026-01-07T19:24:57+00:00\",\"breadcrumb\":{\"@id\":\"https:\/\/miumjau.ee\/lv\/produkts\/pawise-kaku-tualetes-kaste-s-peleka\/#breadcrumb\"},\"inLanguage\":\"lv-LV\",\"potentialAction\":[{\"@type\":\"ReadAction\",\"target\":[\"https:\/\/miumjau.ee\/lv\/produkts\/pawise-kaku-tualetes-kaste-s-peleka\/\"]}]},{\"@type\":\"ImageObject\",\"inLanguage\":\"lv-LV\",\"@id\":\"https:\/\/miumjau.ee\/lv\/produkts\/pawise-kaku-tualetes-kaste-s-peleka\/#primaryimage\",\"url\":\"https:\/\/miumjau.ee\/wp-content\/uploads\/2024\/07\/kassi-liivakast.jpg\",\"contentUrl\":\"https:\/\/miumjau.ee\/wp-content\/uploads\/2024\/07\/kassi-liivakast.jpg\",\"width\":600,\"height\":800},{\"@type\":\"BreadcrumbList\",\"@id\":\"https:\/\/miumjau.ee\/lv\/produkts\/pawise-kaku-tualetes-kaste-s-peleka\/#breadcrumb\",\"itemListElement\":[{\"@type\":\"ListItem\",\"position\":1,\"name\":\"Home\",\"item\":\"https:\/\/miumjau.ee\/lv\/\"},{\"@type\":\"ListItem\",\"position\":2,\"name\":\"Veikals\",\"item\":\"https:\/\/miumjau.ee\/lv\/veikals\/\"},{\"@type\":\"ListItem\",\"position\":3,\"name\":\"Pawise ka\u0137u tualetes kaste S, pel\u0113ka\"}]},{\"@type\":\"WebSite\",\"@id\":\"https:\/\/miumjau.ee\/#website\",\"url\":\"https:\/\/miumjau.ee\/\",\"name\":\"MiuMjau\",\"description\":\"Kraapimispuud kassidele\",\"publisher\":{\"@id\":\"https:\/\/miumjau.ee\/#organization\"},\"potentialAction\":[{\"@type\":\"SearchAction\",\"target\":{\"@type\":\"EntryPoint\",\"urlTemplate\":\"https:\/\/miumjau.ee\/?s={search_term_string}\"},\"query-input\":{\"@type\":\"PropertyValueSpecification\",\"valueRequired\":true,\"valueName\":\"search_term_string\"}}],\"inLanguage\":\"lv-LV\"},{\"@type\":\"Organization\",\"@id\":\"https:\/\/miumjau.ee\/#organization\",\"name\":\"MiuMjau O\u00dc\",\"url\":\"https:\/\/miumjau.ee\/\",\"logo\":{\"@type\":\"ImageObject\",\"inLanguage\":\"lv-LV\",\"@id\":\"https:\/\/miumjau.ee\/#\/schema\/logo\/image\/\",\"url\":\"https:\/\/miumjau.ee\/wp-content\/uploads\/2022\/04\/MiuMjau-logo-kollane.png\",\"contentUrl\":\"https:\/\/miumjau.ee\/wp-content\/uploads\/2022\/04\/MiuMjau-logo-kollane.png\",\"width\":219,\"height\":100,\"caption\":\"MiuMjau O\u00dc\"},\"image\":{\"@id\":\"https:\/\/miumjau.ee\/#\/schema\/logo\/image\/\"},\"sameAs\":[\"https:\/\/www.facebook.com\/miumjaupood\/\"]}]}<\/script>\n<!-- \/ Yoast SEO plugin. -->","yoast_head_json":{"title":"Pawise ka\u0137u tualetes kaste S, pel\u0113ka - MiuMjau","robots":{"index":"index","follow":"follow","max-snippet":"max-snippet:-1","max-image-preview":"max-image-preview:large","max-video-preview":"max-video-preview:-1"},"canonical":"https:\/\/miumjau.ee\/lv\/produkts\/pawise-kaku-tualetes-kaste-s-peleka\/","og_locale":"lv_LV","og_type":"article","og_title":"Pawise ka\u0137u tualetes kaste S, pel\u0113ka - MiuMjau","og_description":"Pawise ka\u0137u tualetes kaste ir ar augst\u0101m mal\u0101m, lai ka\u0137is nevar\u0113tu ar \u0137ep\u0101m izstumt tik daudz pakai\u0161u.     S: 47 x 38 x 21 cm    Svars: 0,9 kg   Ide\u0101li piem\u0113rota ka\u0137iem, kuri st\u0101v pie mal\u0101m un m\u0113dz \u201ckak\u0101t\/kas\u012bt\u201d p\u0101ri mal\u0101m. Maz\u0101k t\u012br\u012b\u0161anas saglab\u0101 lab\u0101kas attiec\u012bbas ar saimnieku. Ka\u0137u tualetes kaste j\u0101v\u0113r\u0161 izv\u0113l\u0113ties atbilsto\u0161i ka\u0137a izm\u0113ram. Kast\u0113m j\u0101b\u016bt aptuveni 1,5 reizes gar\u0101k\u0101m nek\u0101 ka\u0137a \u0137erme\u0146a garums.     Augstas malas uztur pakai\u0161us kast\u0113    Nodro\u0161ina ka\u0137im vair\u0101k vietas lieto\u0161anai    Piem\u0113rota ar\u012b liel\u0101kiem ka\u0137iem    Vienk\u0101r\u0161\u0101ka t\u012br\u012b\u0161ana   Pieejams uzreiz!","og_url":"https:\/\/miumjau.ee\/lv\/produkts\/pawise-kaku-tualetes-kaste-s-peleka\/","og_site_name":"MiuMjau","article_publisher":"https:\/\/www.facebook.com\/miumjaupood\/","article_modified_time":"2026-01-07T19:24:57+00:00","og_image":[{"width":600,"height":800,"url":"https:\/\/miumjau.ee\/wp-content\/uploads\/2024\/07\/kassi-liivakast.jpg","type":"image\/jpeg"}],"twitter_card":"summary_large_image","schema":{"@context":"https:\/\/schema.org","@graph":[{"@type":"WebPage","@id":"https:\/\/miumjau.ee\/lv\/produkts\/pawise-kaku-tualetes-kaste-s-peleka\/","url":"https:\/\/miumjau.ee\/lv\/produkts\/pawise-kaku-tualetes-kaste-s-peleka\/","name":"Pawise ka\u0137u tualetes kaste S, pel\u0113ka - MiuMjau","isPartOf":{"@id":"https:\/\/miumjau.ee\/#website"},"primaryImageOfPage":{"@id":"https:\/\/miumjau.ee\/lv\/produkts\/pawise-kaku-tualetes-kaste-s-peleka\/#primaryimage"},"image":{"@id":"https:\/\/miumjau.ee\/lv\/produkts\/pawise-kaku-tualetes-kaste-s-peleka\/#primaryimage"},"thumbnailUrl":"https:\/\/miumjau.ee\/wp-content\/uploads\/2024\/07\/kassi-liivakast.jpg","datePublished":"2024-07-31T05:18:41+00:00","dateModified":"2026-01-07T19:24:57+00:00","breadcrumb":{"@id":"https:\/\/miumjau.ee\/lv\/produkts\/pawise-kaku-tualetes-kaste-s-peleka\/#breadcrumb"},"inLanguage":"lv-LV","potentialAction":[{"@type":"ReadAction","target":["https:\/\/miumjau.ee\/lv\/produkts\/pawise-kaku-tualetes-kaste-s-peleka\/"]}]},{"@type":"ImageObject","inLanguage":"lv-LV","@id":"https:\/\/miumjau.ee\/lv\/produkts\/pawise-kaku-tualetes-kaste-s-peleka\/#primaryimage","url":"https:\/\/miumjau.ee\/wp-content\/uploads\/2024\/07\/kassi-liivakast.jpg","contentUrl":"https:\/\/miumjau.ee\/wp-content\/uploads\/2024\/07\/kassi-liivakast.jpg","width":600,"height":800},{"@type":"BreadcrumbList","@id":"https:\/\/miumjau.ee\/lv\/produkts\/pawise-kaku-tualetes-kaste-s-peleka\/#breadcrumb","itemListElement":[{"@type":"ListItem","position":1,"name":"Home","item":"https:\/\/miumjau.ee\/lv\/"},{"@type":"ListItem","position":2,"name":"Veikals","item":"https:\/\/miumjau.ee\/lv\/veikals\/"},{"@type":"ListItem","position":3,"name":"Pawise ka\u0137u tualetes kaste S, pel\u0113ka"}]},{"@type":"WebSite","@id":"https:\/\/miumjau.ee\/#website","url":"https:\/\/miumjau.ee\/","name":"MiuMjau","description":"Kraapimispuud kassidele","publisher":{"@id":"https:\/\/miumjau.ee\/#organization"},"potentialAction":[{"@type":"SearchAction","target":{"@type":"EntryPoint","urlTemplate":"https:\/\/miumjau.ee\/?s={search_term_string}"},"query-input":{"@type":"PropertyValueSpecification","valueRequired":true,"valueName":"search_term_string"}}],"inLanguage":"lv-LV"},{"@type":"Organization","@id":"https:\/\/miumjau.ee\/#organization","name":"MiuMjau O\u00dc","url":"https:\/\/miumjau.ee\/","logo":{"@type":"ImageObject","inLanguage":"lv-LV","@id":"https:\/\/miumjau.ee\/#\/schema\/logo\/image\/","url":"https:\/\/miumjau.ee\/wp-content\/uploads\/2022\/04\/MiuMjau-logo-kollane.png","contentUrl":"https:\/\/miumjau.ee\/wp-content\/uploads\/2022\/04\/MiuMjau-logo-kollane.png","width":219,"height":100,"caption":"MiuMjau O\u00dc"},"image":{"@id":"https:\/\/miumjau.ee\/#\/schema\/logo\/image\/"},"sameAs":["https:\/\/www.facebook.com\/miumjaupood\/"]}]}},"_links":{"self":[{"href":"https:\/\/miumjau.ee\/lv\/wp-json\/wp\/v2\/product\/45231","targetHints":{"allow":["GET"]}}],"collection":[{"href":"https:\/\/miumjau.ee\/lv\/wp-json\/wp\/v2\/product"}],"about":[{"href":"https:\/\/miumjau.ee\/lv\/wp-json\/wp\/v2\/types\/product"}],"wp:featuredmedia":[{"embeddable":true,"href":"https:\/\/miumjau.ee\/lv\/wp-json\/wp\/v2\/media\/45232"}],"wp:attachment":[{"href":"https:\/\/miumjau.ee\/lv\/wp-json\/wp\/v2\/media?parent=45231"}],"wp:term":[{"taxonomy":"product_brand","embeddable":true,"href":"https:\/\/miumjau.ee\/lv\/wp-json\/wp\/v2\/product_brand?post=45231"},{"taxonomy":"product_cat","embeddable":true,"href":"https:\/\/miumjau.ee\/lv\/wp-json\/wp\/v2\/product_cat?post=45231"},{"taxonomy":"product_tag","embeddable":true,"href":"https:\/\/miumjau.ee\/lv\/wp-json\/wp\/v2\/product_tag?post=45231"}],"curies":[{"name":"wp","href":"https:\/\/api.w.org\/{rel}","templated":true}]}}