{"id":45227,"date":"2024-10-18T14:44:24","date_gmt":"2024-10-18T11:44:24","guid":{"rendered":"https:\/\/miumjau.ee\/toode\/kaku-tualetes-kaste-minus-one-s-peleka\/"},"modified":"2026-01-07T21:24:57","modified_gmt":"2026-01-07T19:24:57","slug":"kaku-tualetes-kaste-minus-one-s-peleka","status":"publish","type":"product","link":"https:\/\/miumjau.ee\/lv\/produkts\/kaku-tualetes-kaste-minus-one-s-peleka\/","title":{"rendered":"Ka\u0137u tualetes kaste Minus One S, pel\u0113ka"},"content":{"rendered":"","protected":false},"excerpt":{"rendered":"<p data-start=\"67\" data-end=\"335\">Ka\u0137u tualetes kaste Minus One ir praktiska, \u0113rta lieto\u0161anai un ar\u012b vizu\u0101li pievilc\u012bga. Produkts izgatavots no p\u0101rstr\u0101d\u0101ta plastmasas. \u0160ai tualetes kastei ir \u013coti laba mala, kas no ka\u0137a \u0137ep\u0101m no\u0146em lieko pakai\u0161u daudzumu, t\u0101d\u0113j\u0101di ka\u0137is maz\u0101k pakai\u0161u iznes no kastes.<\/p>\n<ul data-start=\"337\" data-end=\"426\">\n<li data-start=\"337\" data-end=\"363\">\n<p data-start=\"339\" data-end=\"363\">Produkta svars: 0,6 kg<\/p>\n<\/li>\n<li data-start=\"364\" data-end=\"385\">\n<p data-start=\"366\" data-end=\"385\">Augstums: 16,7 cm<\/p>\n<\/li>\n<li data-start=\"386\" data-end=\"405\">\n<p data-start=\"388\" data-end=\"405\">Garums: 55,3 cm<\/p>\n<\/li>\n<li data-start=\"406\" data-end=\"426\">\n<p data-start=\"408\" data-end=\"426\">Platums: 25,6 cm<\/p>\n<\/li>\n<\/ul>\n<p data-start=\"428\" data-end=\"450\"><strong data-start=\"428\" data-end=\"448\">Pieejams uzreiz!<\/strong><\/p>\n","protected":false},"featured_media":45228,"template":"","meta":[],"product_brand":[],"product_cat":[564],"product_tag":[],"class_list":{"0":"post-45227","1":"product","2":"type-product","3":"status-publish","4":"has-post-thumbnail","6":"product_cat-tualetes-kastes","8":"first","9":"instock","10":"taxable","11":"shipping-taxable","12":"purchasable","13":"product-type-simple"},"yoast_head":"<!-- This site is optimized with the Yoast SEO plugin v27.2 - https:\/\/yoast.com\/product\/yoast-seo-wordpress\/ -->\n<title>Ka\u0137u tualetes kaste Minus One S, pel\u0113ka - MiuMjau<\/title>\n<meta name=\"robots\" content=\"index, follow, max-snippet:-1, max-image-preview:large, max-video-preview:-1\" \/>\n<link rel=\"canonical\" href=\"https:\/\/miumjau.ee\/lv\/produkts\/kaku-tualetes-kaste-minus-one-s-peleka\/\" \/>\n<meta property=\"og:locale\" content=\"lv_LV\" \/>\n<meta property=\"og:type\" content=\"article\" \/>\n<meta property=\"og:title\" content=\"Ka\u0137u tualetes kaste Minus One S, pel\u0113ka - MiuMjau\" \/>\n<meta property=\"og:description\" content=\"Ka\u0137u tualetes kaste Minus One ir praktiska, \u0113rta lieto\u0161anai un ar\u012b vizu\u0101li pievilc\u012bga. Produkts izgatavots no p\u0101rstr\u0101d\u0101ta plastmasas. \u0160ai tualetes kastei ir \u013coti laba mala, kas no ka\u0137a \u0137ep\u0101m no\u0146em lieko pakai\u0161u daudzumu, t\u0101d\u0113j\u0101di ka\u0137is maz\u0101k pakai\u0161u iznes no kastes.     Produkta svars: 0,6 kg    Augstums: 16,7 cm    Garums: 55,3 cm    Platums: 25,6 cm   Pieejams uzreiz!\" \/>\n<meta property=\"og:url\" content=\"https:\/\/miumjau.ee\/lv\/produkts\/kaku-tualetes-kaste-minus-one-s-peleka\/\" \/>\n<meta property=\"og:site_name\" content=\"MiuMjau\" \/>\n<meta property=\"article:publisher\" content=\"https:\/\/www.facebook.com\/miumjaupood\/\" \/>\n<meta property=\"article:modified_time\" content=\"2026-01-07T19:24:57+00:00\" \/>\n<meta property=\"og:image\" content=\"https:\/\/miumjau.ee\/wp-content\/uploads\/2024\/10\/liivakast-minus-one3.jpg\" \/>\n\t<meta property=\"og:image:width\" content=\"600\" \/>\n\t<meta property=\"og:image:height\" content=\"800\" \/>\n\t<meta property=\"og:image:type\" content=\"image\/jpeg\" \/>\n<meta name=\"twitter:card\" content=\"summary_large_image\" \/>\n<script type=\"application\/ld+json\" class=\"yoast-schema-graph\">{\"@context\":\"https:\/\/schema.org\",\"@graph\":[{\"@type\":\"WebPage\",\"@id\":\"https:\/\/miumjau.ee\/lv\/produkts\/kaku-tualetes-kaste-minus-one-s-peleka\/\",\"url\":\"https:\/\/miumjau.ee\/lv\/produkts\/kaku-tualetes-kaste-minus-one-s-peleka\/\",\"name\":\"Ka\u0137u tualetes kaste Minus One S, pel\u0113ka - MiuMjau\",\"isPartOf\":{\"@id\":\"https:\/\/miumjau.ee\/#website\"},\"primaryImageOfPage\":{\"@id\":\"https:\/\/miumjau.ee\/lv\/produkts\/kaku-tualetes-kaste-minus-one-s-peleka\/#primaryimage\"},\"image\":{\"@id\":\"https:\/\/miumjau.ee\/lv\/produkts\/kaku-tualetes-kaste-minus-one-s-peleka\/#primaryimage\"},\"thumbnailUrl\":\"https:\/\/miumjau.ee\/wp-content\/uploads\/2024\/10\/liivakast-minus-one3.jpg\",\"datePublished\":\"2024-10-18T11:44:24+00:00\",\"dateModified\":\"2026-01-07T19:24:57+00:00\",\"breadcrumb\":{\"@id\":\"https:\/\/miumjau.ee\/lv\/produkts\/kaku-tualetes-kaste-minus-one-s-peleka\/#breadcrumb\"},\"inLanguage\":\"lv-LV\",\"potentialAction\":[{\"@type\":\"ReadAction\",\"target\":[\"https:\/\/miumjau.ee\/lv\/produkts\/kaku-tualetes-kaste-minus-one-s-peleka\/\"]}]},{\"@type\":\"ImageObject\",\"inLanguage\":\"lv-LV\",\"@id\":\"https:\/\/miumjau.ee\/lv\/produkts\/kaku-tualetes-kaste-minus-one-s-peleka\/#primaryimage\",\"url\":\"https:\/\/miumjau.ee\/wp-content\/uploads\/2024\/10\/liivakast-minus-one3.jpg\",\"contentUrl\":\"https:\/\/miumjau.ee\/wp-content\/uploads\/2024\/10\/liivakast-minus-one3.jpg\",\"width\":600,\"height\":800},{\"@type\":\"BreadcrumbList\",\"@id\":\"https:\/\/miumjau.ee\/lv\/produkts\/kaku-tualetes-kaste-minus-one-s-peleka\/#breadcrumb\",\"itemListElement\":[{\"@type\":\"ListItem\",\"position\":1,\"name\":\"Home\",\"item\":\"https:\/\/miumjau.ee\/lv\/\"},{\"@type\":\"ListItem\",\"position\":2,\"name\":\"Veikals\",\"item\":\"https:\/\/miumjau.ee\/lv\/veikals\/\"},{\"@type\":\"ListItem\",\"position\":3,\"name\":\"Ka\u0137u tualetes kaste Minus One S, pel\u0113ka\"}]},{\"@type\":\"WebSite\",\"@id\":\"https:\/\/miumjau.ee\/#website\",\"url\":\"https:\/\/miumjau.ee\/\",\"name\":\"MiuMjau\",\"description\":\"Kraapimispuud kassidele\",\"publisher\":{\"@id\":\"https:\/\/miumjau.ee\/#organization\"},\"potentialAction\":[{\"@type\":\"SearchAction\",\"target\":{\"@type\":\"EntryPoint\",\"urlTemplate\":\"https:\/\/miumjau.ee\/?s={search_term_string}\"},\"query-input\":{\"@type\":\"PropertyValueSpecification\",\"valueRequired\":true,\"valueName\":\"search_term_string\"}}],\"inLanguage\":\"lv-LV\"},{\"@type\":\"Organization\",\"@id\":\"https:\/\/miumjau.ee\/#organization\",\"name\":\"MiuMjau O\u00dc\",\"url\":\"https:\/\/miumjau.ee\/\",\"logo\":{\"@type\":\"ImageObject\",\"inLanguage\":\"lv-LV\",\"@id\":\"https:\/\/miumjau.ee\/#\/schema\/logo\/image\/\",\"url\":\"https:\/\/miumjau.ee\/wp-content\/uploads\/2022\/04\/MiuMjau-logo-kollane.png\",\"contentUrl\":\"https:\/\/miumjau.ee\/wp-content\/uploads\/2022\/04\/MiuMjau-logo-kollane.png\",\"width\":219,\"height\":100,\"caption\":\"MiuMjau O\u00dc\"},\"image\":{\"@id\":\"https:\/\/miumjau.ee\/#\/schema\/logo\/image\/\"},\"sameAs\":[\"https:\/\/www.facebook.com\/miumjaupood\/\"]}]}<\/script>\n<!-- \/ Yoast SEO plugin. -->","yoast_head_json":{"title":"Ka\u0137u tualetes kaste Minus One S, pel\u0113ka - MiuMjau","robots":{"index":"index","follow":"follow","max-snippet":"max-snippet:-1","max-image-preview":"max-image-preview:large","max-video-preview":"max-video-preview:-1"},"canonical":"https:\/\/miumjau.ee\/lv\/produkts\/kaku-tualetes-kaste-minus-one-s-peleka\/","og_locale":"lv_LV","og_type":"article","og_title":"Ka\u0137u tualetes kaste Minus One S, pel\u0113ka - MiuMjau","og_description":"Ka\u0137u tualetes kaste Minus One ir praktiska, \u0113rta lieto\u0161anai un ar\u012b vizu\u0101li pievilc\u012bga. Produkts izgatavots no p\u0101rstr\u0101d\u0101ta plastmasas. \u0160ai tualetes kastei ir \u013coti laba mala, kas no ka\u0137a \u0137ep\u0101m no\u0146em lieko pakai\u0161u daudzumu, t\u0101d\u0113j\u0101di ka\u0137is maz\u0101k pakai\u0161u iznes no kastes.     Produkta svars: 0,6 kg    Augstums: 16,7 cm    Garums: 55,3 cm    Platums: 25,6 cm   Pieejams uzreiz!","og_url":"https:\/\/miumjau.ee\/lv\/produkts\/kaku-tualetes-kaste-minus-one-s-peleka\/","og_site_name":"MiuMjau","article_publisher":"https:\/\/www.facebook.com\/miumjaupood\/","article_modified_time":"2026-01-07T19:24:57+00:00","og_image":[{"width":600,"height":800,"url":"https:\/\/miumjau.ee\/wp-content\/uploads\/2024\/10\/liivakast-minus-one3.jpg","type":"image\/jpeg"}],"twitter_card":"summary_large_image","schema":{"@context":"https:\/\/schema.org","@graph":[{"@type":"WebPage","@id":"https:\/\/miumjau.ee\/lv\/produkts\/kaku-tualetes-kaste-minus-one-s-peleka\/","url":"https:\/\/miumjau.ee\/lv\/produkts\/kaku-tualetes-kaste-minus-one-s-peleka\/","name":"Ka\u0137u tualetes kaste Minus One S, pel\u0113ka - MiuMjau","isPartOf":{"@id":"https:\/\/miumjau.ee\/#website"},"primaryImageOfPage":{"@id":"https:\/\/miumjau.ee\/lv\/produkts\/kaku-tualetes-kaste-minus-one-s-peleka\/#primaryimage"},"image":{"@id":"https:\/\/miumjau.ee\/lv\/produkts\/kaku-tualetes-kaste-minus-one-s-peleka\/#primaryimage"},"thumbnailUrl":"https:\/\/miumjau.ee\/wp-content\/uploads\/2024\/10\/liivakast-minus-one3.jpg","datePublished":"2024-10-18T11:44:24+00:00","dateModified":"2026-01-07T19:24:57+00:00","breadcrumb":{"@id":"https:\/\/miumjau.ee\/lv\/produkts\/kaku-tualetes-kaste-minus-one-s-peleka\/#breadcrumb"},"inLanguage":"lv-LV","potentialAction":[{"@type":"ReadAction","target":["https:\/\/miumjau.ee\/lv\/produkts\/kaku-tualetes-kaste-minus-one-s-peleka\/"]}]},{"@type":"ImageObject","inLanguage":"lv-LV","@id":"https:\/\/miumjau.ee\/lv\/produkts\/kaku-tualetes-kaste-minus-one-s-peleka\/#primaryimage","url":"https:\/\/miumjau.ee\/wp-content\/uploads\/2024\/10\/liivakast-minus-one3.jpg","contentUrl":"https:\/\/miumjau.ee\/wp-content\/uploads\/2024\/10\/liivakast-minus-one3.jpg","width":600,"height":800},{"@type":"BreadcrumbList","@id":"https:\/\/miumjau.ee\/lv\/produkts\/kaku-tualetes-kaste-minus-one-s-peleka\/#breadcrumb","itemListElement":[{"@type":"ListItem","position":1,"name":"Home","item":"https:\/\/miumjau.ee\/lv\/"},{"@type":"ListItem","position":2,"name":"Veikals","item":"https:\/\/miumjau.ee\/lv\/veikals\/"},{"@type":"ListItem","position":3,"name":"Ka\u0137u tualetes kaste Minus One S, pel\u0113ka"}]},{"@type":"WebSite","@id":"https:\/\/miumjau.ee\/#website","url":"https:\/\/miumjau.ee\/","name":"MiuMjau","description":"Kraapimispuud kassidele","publisher":{"@id":"https:\/\/miumjau.ee\/#organization"},"potentialAction":[{"@type":"SearchAction","target":{"@type":"EntryPoint","urlTemplate":"https:\/\/miumjau.ee\/?s={search_term_string}"},"query-input":{"@type":"PropertyValueSpecification","valueRequired":true,"valueName":"search_term_string"}}],"inLanguage":"lv-LV"},{"@type":"Organization","@id":"https:\/\/miumjau.ee\/#organization","name":"MiuMjau O\u00dc","url":"https:\/\/miumjau.ee\/","logo":{"@type":"ImageObject","inLanguage":"lv-LV","@id":"https:\/\/miumjau.ee\/#\/schema\/logo\/image\/","url":"https:\/\/miumjau.ee\/wp-content\/uploads\/2022\/04\/MiuMjau-logo-kollane.png","contentUrl":"https:\/\/miumjau.ee\/wp-content\/uploads\/2022\/04\/MiuMjau-logo-kollane.png","width":219,"height":100,"caption":"MiuMjau O\u00dc"},"image":{"@id":"https:\/\/miumjau.ee\/#\/schema\/logo\/image\/"},"sameAs":["https:\/\/www.facebook.com\/miumjaupood\/"]}]}},"_links":{"self":[{"href":"https:\/\/miumjau.ee\/lv\/wp-json\/wp\/v2\/product\/45227","targetHints":{"allow":["GET"]}}],"collection":[{"href":"https:\/\/miumjau.ee\/lv\/wp-json\/wp\/v2\/product"}],"about":[{"href":"https:\/\/miumjau.ee\/lv\/wp-json\/wp\/v2\/types\/product"}],"wp:featuredmedia":[{"embeddable":true,"href":"https:\/\/miumjau.ee\/lv\/wp-json\/wp\/v2\/media\/45228"}],"wp:attachment":[{"href":"https:\/\/miumjau.ee\/lv\/wp-json\/wp\/v2\/media?parent=45227"}],"wp:term":[{"taxonomy":"product_brand","embeddable":true,"href":"https:\/\/miumjau.ee\/lv\/wp-json\/wp\/v2\/product_brand?post=45227"},{"taxonomy":"product_cat","embeddable":true,"href":"https:\/\/miumjau.ee\/lv\/wp-json\/wp\/v2\/product_cat?post=45227"},{"taxonomy":"product_tag","embeddable":true,"href":"https:\/\/miumjau.ee\/lv\/wp-json\/wp\/v2\/product_tag?post=45227"}],"curies":[{"name":"wp","href":"https:\/\/api.w.org\/{rel}","templated":true}]}}