{"id":45183,"date":"2025-01-13T10:24:42","date_gmt":"2025-01-13T08:24:42","guid":{"rendered":"https:\/\/miumjau.ee\/toode\/kaku-tualetes-kaste-advance-peleka-melna\/"},"modified":"2026-01-07T21:24:57","modified_gmt":"2026-01-07T19:24:57","slug":"kaku-tualetes-kaste-advance-peleka-melna","status":"publish","type":"product","link":"https:\/\/miumjau.ee\/lv\/produkts\/kaku-tualetes-kaste-advance-peleka-melna\/","title":{"rendered":"Ka\u0137u tualetes kaste Advance, pel\u0113ka\/melna"},"content":{"rendered":"","protected":false},"excerpt":{"rendered":"<p data-start=\"115\" data-end=\"571\">Iepaz\u012bstin\u0101m ar p\u0101rkl\u0101tu ka\u0137u tualetes kasti, kas apvieno vair\u0101kus praktiskus risin\u0101jumus. Svar\u012bg\u0101kais ir tas, ka pakai\u0161i neizkr\u012bt \u0101r\u0101, pat ja j\u016bsu ka\u0137is taj\u0101 akt\u012bvi skr\u0101p\u0113jas. Turkl\u0101t kaste nodro\u0161ina ka\u0137im daudz priv\u0101tuma, kas atkar\u012bb\u0101 no j\u016bsu m\u012blu\u013ca rakstura var b\u016bt \u013coti svar\u012bgi, lai lieto\u0161ana b\u016btu bez stresa. Kast\u0113 ir e\u0146\u0123\u0113t\u0101s durvis un \u0113rta roktura n\u0113s\u0101\u0161anai. Visa aug\u0161\u0113j\u0101 da\u013ca ir no\u0146emama un piestiprin\u0101ta ar vienk\u0101r\u0161\u0101m skav\u0101m, kas atvieglo t\u012br\u012b\u0161anu.<\/p>\n<p data-start=\"573\" data-end=\"649\">Produkts izgatavots no iztur\u012bgiem un m\u0101jdz\u012bvniekiem draudz\u012bgiem materi\u0101liem.<\/p>\n<ul data-start=\"651\" data-end=\"711\">\n<li data-start=\"651\" data-end=\"668\">\n<p data-start=\"653\" data-end=\"668\">Garums: 60 cm<\/p>\n<\/li>\n<li data-start=\"669\" data-end=\"689\">\n<p data-start=\"671\" data-end=\"689\">Platums: 38,5 cm<\/p>\n<\/li>\n<li data-start=\"690\" data-end=\"711\">\n<p data-start=\"692\" data-end=\"711\">Augstums: 40,5 cm<\/p>\n<\/li>\n<\/ul>\n","protected":false},"featured_media":45196,"template":"","meta":[],"product_brand":[],"product_cat":[564],"product_tag":[],"class_list":{"0":"post-45183","1":"product","2":"type-product","3":"status-publish","4":"has-post-thumbnail","6":"product_cat-tualetes-kastes","8":"first","9":"outofstock","10":"taxable","11":"shipping-taxable","12":"purchasable","13":"product-type-simple"},"yoast_head":"<!-- This site is optimized with the Yoast SEO plugin v27.2 - https:\/\/yoast.com\/product\/yoast-seo-wordpress\/ -->\n<title>Ka\u0137u tualetes kaste Advance, pel\u0113ka\/melna - MiuMjau<\/title>\n<meta name=\"robots\" content=\"index, follow, max-snippet:-1, max-image-preview:large, max-video-preview:-1\" \/>\n<link rel=\"canonical\" href=\"https:\/\/miumjau.ee\/lv\/produkts\/kaku-tualetes-kaste-advance-peleka-melna\/\" \/>\n<meta property=\"og:locale\" content=\"lv_LV\" \/>\n<meta property=\"og:type\" content=\"article\" \/>\n<meta property=\"og:title\" content=\"Ka\u0137u tualetes kaste Advance, pel\u0113ka\/melna - MiuMjau\" \/>\n<meta property=\"og:description\" content=\"Iepaz\u012bstin\u0101m ar p\u0101rkl\u0101tu ka\u0137u tualetes kasti, kas apvieno vair\u0101kus praktiskus risin\u0101jumus. Svar\u012bg\u0101kais ir tas, ka pakai\u0161i neizkr\u012bt \u0101r\u0101, pat ja j\u016bsu ka\u0137is taj\u0101 akt\u012bvi skr\u0101p\u0113jas. Turkl\u0101t kaste nodro\u0161ina ka\u0137im daudz priv\u0101tuma, kas atkar\u012bb\u0101 no j\u016bsu m\u012blu\u013ca rakstura var b\u016bt \u013coti svar\u012bgi, lai lieto\u0161ana b\u016btu bez stresa. Kast\u0113 ir e\u0146\u0123\u0113t\u0101s durvis un \u0113rta roktura n\u0113s\u0101\u0161anai. Visa aug\u0161\u0113j\u0101 da\u013ca ir no\u0146emama un piestiprin\u0101ta ar vienk\u0101r\u0161\u0101m skav\u0101m, kas atvieglo t\u012br\u012b\u0161anu. Produkts izgatavots no iztur\u012bgiem un m\u0101jdz\u012bvniekiem draudz\u012bgiem materi\u0101liem.     Garums: 60 cm    Platums: 38,5 cm    Augstums: 40,5 cm\" \/>\n<meta property=\"og:url\" content=\"https:\/\/miumjau.ee\/lv\/produkts\/kaku-tualetes-kaste-advance-peleka-melna\/\" \/>\n<meta property=\"og:site_name\" content=\"MiuMjau\" \/>\n<meta property=\"article:publisher\" content=\"https:\/\/www.facebook.com\/miumjaupood\/\" \/>\n<meta property=\"article:modified_time\" content=\"2026-01-07T19:24:57+00:00\" \/>\n<meta property=\"og:image\" content=\"https:\/\/miumjau.ee\/wp-content\/uploads\/2025\/01\/kassi-liivakast-advance-greyblack2-Photoroom.jpg\" \/>\n\t<meta property=\"og:image:width\" content=\"600\" \/>\n\t<meta property=\"og:image:height\" content=\"800\" \/>\n\t<meta property=\"og:image:type\" content=\"image\/jpeg\" \/>\n<meta name=\"twitter:card\" content=\"summary_large_image\" \/>\n<script type=\"application\/ld+json\" class=\"yoast-schema-graph\">{\"@context\":\"https:\/\/schema.org\",\"@graph\":[{\"@type\":\"WebPage\",\"@id\":\"https:\/\/miumjau.ee\/lv\/produkts\/kaku-tualetes-kaste-advance-peleka-melna\/\",\"url\":\"https:\/\/miumjau.ee\/lv\/produkts\/kaku-tualetes-kaste-advance-peleka-melna\/\",\"name\":\"Ka\u0137u tualetes kaste Advance, pel\u0113ka\/melna - MiuMjau\",\"isPartOf\":{\"@id\":\"https:\/\/miumjau.ee\/#website\"},\"primaryImageOfPage\":{\"@id\":\"https:\/\/miumjau.ee\/lv\/produkts\/kaku-tualetes-kaste-advance-peleka-melna\/#primaryimage\"},\"image\":{\"@id\":\"https:\/\/miumjau.ee\/lv\/produkts\/kaku-tualetes-kaste-advance-peleka-melna\/#primaryimage\"},\"thumbnailUrl\":\"https:\/\/miumjau.ee\/wp-content\/uploads\/2025\/01\/kassi-liivakast-advance-greyblack2-Photoroom.jpg\",\"datePublished\":\"2025-01-13T08:24:42+00:00\",\"dateModified\":\"2026-01-07T19:24:57+00:00\",\"breadcrumb\":{\"@id\":\"https:\/\/miumjau.ee\/lv\/produkts\/kaku-tualetes-kaste-advance-peleka-melna\/#breadcrumb\"},\"inLanguage\":\"lv-LV\",\"potentialAction\":[{\"@type\":\"ReadAction\",\"target\":[\"https:\/\/miumjau.ee\/lv\/produkts\/kaku-tualetes-kaste-advance-peleka-melna\/\"]}]},{\"@type\":\"ImageObject\",\"inLanguage\":\"lv-LV\",\"@id\":\"https:\/\/miumjau.ee\/lv\/produkts\/kaku-tualetes-kaste-advance-peleka-melna\/#primaryimage\",\"url\":\"https:\/\/miumjau.ee\/wp-content\/uploads\/2025\/01\/kassi-liivakast-advance-greyblack2-Photoroom.jpg\",\"contentUrl\":\"https:\/\/miumjau.ee\/wp-content\/uploads\/2025\/01\/kassi-liivakast-advance-greyblack2-Photoroom.jpg\",\"width\":600,\"height\":800},{\"@type\":\"BreadcrumbList\",\"@id\":\"https:\/\/miumjau.ee\/lv\/produkts\/kaku-tualetes-kaste-advance-peleka-melna\/#breadcrumb\",\"itemListElement\":[{\"@type\":\"ListItem\",\"position\":1,\"name\":\"Home\",\"item\":\"https:\/\/miumjau.ee\/lv\/\"},{\"@type\":\"ListItem\",\"position\":2,\"name\":\"Veikals\",\"item\":\"https:\/\/miumjau.ee\/lv\/veikals\/\"},{\"@type\":\"ListItem\",\"position\":3,\"name\":\"Ka\u0137u tualetes kaste Advance, pel\u0113ka\/melna\"}]},{\"@type\":\"WebSite\",\"@id\":\"https:\/\/miumjau.ee\/#website\",\"url\":\"https:\/\/miumjau.ee\/\",\"name\":\"MiuMjau\",\"description\":\"Kraapimispuud kassidele\",\"publisher\":{\"@id\":\"https:\/\/miumjau.ee\/#organization\"},\"potentialAction\":[{\"@type\":\"SearchAction\",\"target\":{\"@type\":\"EntryPoint\",\"urlTemplate\":\"https:\/\/miumjau.ee\/?s={search_term_string}\"},\"query-input\":{\"@type\":\"PropertyValueSpecification\",\"valueRequired\":true,\"valueName\":\"search_term_string\"}}],\"inLanguage\":\"lv-LV\"},{\"@type\":\"Organization\",\"@id\":\"https:\/\/miumjau.ee\/#organization\",\"name\":\"MiuMjau O\u00dc\",\"url\":\"https:\/\/miumjau.ee\/\",\"logo\":{\"@type\":\"ImageObject\",\"inLanguage\":\"lv-LV\",\"@id\":\"https:\/\/miumjau.ee\/#\/schema\/logo\/image\/\",\"url\":\"https:\/\/miumjau.ee\/wp-content\/uploads\/2022\/04\/MiuMjau-logo-kollane.png\",\"contentUrl\":\"https:\/\/miumjau.ee\/wp-content\/uploads\/2022\/04\/MiuMjau-logo-kollane.png\",\"width\":219,\"height\":100,\"caption\":\"MiuMjau O\u00dc\"},\"image\":{\"@id\":\"https:\/\/miumjau.ee\/#\/schema\/logo\/image\/\"},\"sameAs\":[\"https:\/\/www.facebook.com\/miumjaupood\/\"]}]}<\/script>\n<!-- \/ Yoast SEO plugin. -->","yoast_head_json":{"title":"Ka\u0137u tualetes kaste Advance, pel\u0113ka\/melna - MiuMjau","robots":{"index":"index","follow":"follow","max-snippet":"max-snippet:-1","max-image-preview":"max-image-preview:large","max-video-preview":"max-video-preview:-1"},"canonical":"https:\/\/miumjau.ee\/lv\/produkts\/kaku-tualetes-kaste-advance-peleka-melna\/","og_locale":"lv_LV","og_type":"article","og_title":"Ka\u0137u tualetes kaste Advance, pel\u0113ka\/melna - MiuMjau","og_description":"Iepaz\u012bstin\u0101m ar p\u0101rkl\u0101tu ka\u0137u tualetes kasti, kas apvieno vair\u0101kus praktiskus risin\u0101jumus. Svar\u012bg\u0101kais ir tas, ka pakai\u0161i neizkr\u012bt \u0101r\u0101, pat ja j\u016bsu ka\u0137is taj\u0101 akt\u012bvi skr\u0101p\u0113jas. Turkl\u0101t kaste nodro\u0161ina ka\u0137im daudz priv\u0101tuma, kas atkar\u012bb\u0101 no j\u016bsu m\u012blu\u013ca rakstura var b\u016bt \u013coti svar\u012bgi, lai lieto\u0161ana b\u016btu bez stresa. Kast\u0113 ir e\u0146\u0123\u0113t\u0101s durvis un \u0113rta roktura n\u0113s\u0101\u0161anai. Visa aug\u0161\u0113j\u0101 da\u013ca ir no\u0146emama un piestiprin\u0101ta ar vienk\u0101r\u0161\u0101m skav\u0101m, kas atvieglo t\u012br\u012b\u0161anu. Produkts izgatavots no iztur\u012bgiem un m\u0101jdz\u012bvniekiem draudz\u012bgiem materi\u0101liem.     Garums: 60 cm    Platums: 38,5 cm    Augstums: 40,5 cm","og_url":"https:\/\/miumjau.ee\/lv\/produkts\/kaku-tualetes-kaste-advance-peleka-melna\/","og_site_name":"MiuMjau","article_publisher":"https:\/\/www.facebook.com\/miumjaupood\/","article_modified_time":"2026-01-07T19:24:57+00:00","og_image":[{"width":600,"height":800,"url":"https:\/\/miumjau.ee\/wp-content\/uploads\/2025\/01\/kassi-liivakast-advance-greyblack2-Photoroom.jpg","type":"image\/jpeg"}],"twitter_card":"summary_large_image","schema":{"@context":"https:\/\/schema.org","@graph":[{"@type":"WebPage","@id":"https:\/\/miumjau.ee\/lv\/produkts\/kaku-tualetes-kaste-advance-peleka-melna\/","url":"https:\/\/miumjau.ee\/lv\/produkts\/kaku-tualetes-kaste-advance-peleka-melna\/","name":"Ka\u0137u tualetes kaste Advance, pel\u0113ka\/melna - MiuMjau","isPartOf":{"@id":"https:\/\/miumjau.ee\/#website"},"primaryImageOfPage":{"@id":"https:\/\/miumjau.ee\/lv\/produkts\/kaku-tualetes-kaste-advance-peleka-melna\/#primaryimage"},"image":{"@id":"https:\/\/miumjau.ee\/lv\/produkts\/kaku-tualetes-kaste-advance-peleka-melna\/#primaryimage"},"thumbnailUrl":"https:\/\/miumjau.ee\/wp-content\/uploads\/2025\/01\/kassi-liivakast-advance-greyblack2-Photoroom.jpg","datePublished":"2025-01-13T08:24:42+00:00","dateModified":"2026-01-07T19:24:57+00:00","breadcrumb":{"@id":"https:\/\/miumjau.ee\/lv\/produkts\/kaku-tualetes-kaste-advance-peleka-melna\/#breadcrumb"},"inLanguage":"lv-LV","potentialAction":[{"@type":"ReadAction","target":["https:\/\/miumjau.ee\/lv\/produkts\/kaku-tualetes-kaste-advance-peleka-melna\/"]}]},{"@type":"ImageObject","inLanguage":"lv-LV","@id":"https:\/\/miumjau.ee\/lv\/produkts\/kaku-tualetes-kaste-advance-peleka-melna\/#primaryimage","url":"https:\/\/miumjau.ee\/wp-content\/uploads\/2025\/01\/kassi-liivakast-advance-greyblack2-Photoroom.jpg","contentUrl":"https:\/\/miumjau.ee\/wp-content\/uploads\/2025\/01\/kassi-liivakast-advance-greyblack2-Photoroom.jpg","width":600,"height":800},{"@type":"BreadcrumbList","@id":"https:\/\/miumjau.ee\/lv\/produkts\/kaku-tualetes-kaste-advance-peleka-melna\/#breadcrumb","itemListElement":[{"@type":"ListItem","position":1,"name":"Home","item":"https:\/\/miumjau.ee\/lv\/"},{"@type":"ListItem","position":2,"name":"Veikals","item":"https:\/\/miumjau.ee\/lv\/veikals\/"},{"@type":"ListItem","position":3,"name":"Ka\u0137u tualetes kaste Advance, pel\u0113ka\/melna"}]},{"@type":"WebSite","@id":"https:\/\/miumjau.ee\/#website","url":"https:\/\/miumjau.ee\/","name":"MiuMjau","description":"Kraapimispuud kassidele","publisher":{"@id":"https:\/\/miumjau.ee\/#organization"},"potentialAction":[{"@type":"SearchAction","target":{"@type":"EntryPoint","urlTemplate":"https:\/\/miumjau.ee\/?s={search_term_string}"},"query-input":{"@type":"PropertyValueSpecification","valueRequired":true,"valueName":"search_term_string"}}],"inLanguage":"lv-LV"},{"@type":"Organization","@id":"https:\/\/miumjau.ee\/#organization","name":"MiuMjau O\u00dc","url":"https:\/\/miumjau.ee\/","logo":{"@type":"ImageObject","inLanguage":"lv-LV","@id":"https:\/\/miumjau.ee\/#\/schema\/logo\/image\/","url":"https:\/\/miumjau.ee\/wp-content\/uploads\/2022\/04\/MiuMjau-logo-kollane.png","contentUrl":"https:\/\/miumjau.ee\/wp-content\/uploads\/2022\/04\/MiuMjau-logo-kollane.png","width":219,"height":100,"caption":"MiuMjau O\u00dc"},"image":{"@id":"https:\/\/miumjau.ee\/#\/schema\/logo\/image\/"},"sameAs":["https:\/\/www.facebook.com\/miumjaupood\/"]}]}},"_links":{"self":[{"href":"https:\/\/miumjau.ee\/lv\/wp-json\/wp\/v2\/product\/45183","targetHints":{"allow":["GET"]}}],"collection":[{"href":"https:\/\/miumjau.ee\/lv\/wp-json\/wp\/v2\/product"}],"about":[{"href":"https:\/\/miumjau.ee\/lv\/wp-json\/wp\/v2\/types\/product"}],"wp:featuredmedia":[{"embeddable":true,"href":"https:\/\/miumjau.ee\/lv\/wp-json\/wp\/v2\/media\/45196"}],"wp:attachment":[{"href":"https:\/\/miumjau.ee\/lv\/wp-json\/wp\/v2\/media?parent=45183"}],"wp:term":[{"taxonomy":"product_brand","embeddable":true,"href":"https:\/\/miumjau.ee\/lv\/wp-json\/wp\/v2\/product_brand?post=45183"},{"taxonomy":"product_cat","embeddable":true,"href":"https:\/\/miumjau.ee\/lv\/wp-json\/wp\/v2\/product_cat?post=45183"},{"taxonomy":"product_tag","embeddable":true,"href":"https:\/\/miumjau.ee\/lv\/wp-json\/wp\/v2\/product_tag?post=45183"}],"curies":[{"name":"wp","href":"https:\/\/api.w.org\/{rel}","templated":true}]}}