{"id":45171,"date":"2024-08-06T17:04:25","date_gmt":"2024-08-06T14:04:25","guid":{"rendered":"https:\/\/miumjau.ee\/toode\/kaku-tualetes-paklajs-s-40x50-cm-bruns\/"},"modified":"2026-01-07T21:25:04","modified_gmt":"2026-01-07T19:25:04","slug":"kaku-tualetes-paklajs-s-40x50-cm-bruns","status":"publish","type":"product","link":"https:\/\/miumjau.ee\/lv\/produkts\/kaku-tualetes-paklajs-s-40x50-cm-bruns\/","title":{"rendered":"Ka\u0137u tualetes pakl\u0101js S 40&#215;50 cm, br\u016bns"},"content":{"rendered":"","protected":false},"excerpt":{"rendered":"<p data-start=\"0\" data-end=\"331\">Neatkar\u012bgi no t\u0101, k\u0101da veida ka\u0137u pakai\u0161us vai k\u0101du tualetes kasti j\u016bs izmantojat, neliela nek\u0101rt\u012bba ir neizb\u0113gama. Ka\u0137i izl\u0113k\u0101 no kastes, izmetot pakai\u0161us \u0101r\u0101 vai izkaisot tos, aprakdami savus izk\u0101rn\u012bjumus. Ar\u012b j\u016bsu m\u012blulis var nejau\u0161i uzk\u0101pt savos izk\u0101rn\u012bjumos un atst\u0101t net\u012brus traipus uz gr\u012bdas. Risin\u0101jums \u2013 pakai\u0161u pakl\u0101ji!<\/p>\n<p data-start=\"333\" data-end=\"654\">Ka\u0137u pakai\u0161u pakl\u0101js atvieglo j\u016bs no stresa un p\u016bl\u0113m, kas saist\u012btas ar ka\u0137a izbiro\u0161o pakai\u0161u uzkop\u0161anu. Vienk\u0101r\u0161i novietojiet pakl\u0101ju kastes priek\u0161\u0101 vai zem t\u0101s (ar pietiekamu rezervi apk\u0101rt), lai tas sav\u0101ktu pakai\u0161us no ka\u0137a \u0137ep\u0101m. Atliek tikai izs\u016bkt atliku\u0161os pakai\u0161us ar putek\u013cs\u016bc\u0113ju vai nokrat\u012bt atkritumu tvertn\u0113.<\/p>\n<p data-start=\"656\" data-end=\"671\"><strong data-start=\"656\" data-end=\"669\">\u012apa\u0161\u012bbas:<\/strong><\/p>\n<ul data-start=\"673\" data-end=\"867\">\n<li data-start=\"673\" data-end=\"713\">\n<p data-start=\"675\" data-end=\"713\">Uztver liel\u0101ko da\u013cu izbiro\u0161o pakai\u0161u<\/p>\n<\/li>\n<li data-start=\"714\" data-end=\"735\">\n<p data-start=\"716\" data-end=\"735\">M\u012bksts ka\u0137a \u0137ep\u0101m<\/p>\n<\/li>\n<li data-start=\"736\" data-end=\"757\">\n<p data-start=\"738\" data-end=\"757\">Nesl\u012bdo\u0161a pamatne<\/p>\n<\/li>\n<li data-start=\"758\" data-end=\"775\">\n<p data-start=\"760\" data-end=\"775\">Viegli t\u012br\u0101ms<\/p>\n<\/li>\n<li data-start=\"776\" data-end=\"794\">\n<p data-start=\"778\" data-end=\"794\">Aizsarg\u0101 gr\u012bdu<\/p>\n<\/li>\n<li data-start=\"795\" data-end=\"812\">\n<p data-start=\"797\" data-end=\"812\">\u016adensiztur\u012bgs<\/p>\n<\/li>\n<li data-start=\"813\" data-end=\"830\">\n<p data-start=\"815\" data-end=\"830\">Garums: 50 cm<\/p>\n<\/li>\n<li data-start=\"831\" data-end=\"849\">\n<p data-start=\"833\" data-end=\"849\">Platums: 40 cm<\/p>\n<\/li>\n<li data-start=\"850\" data-end=\"867\">\n<p data-start=\"852\" data-end=\"867\">Svars: 0,2 kg<\/p>\n<\/li>\n<\/ul>\n<p data-start=\"869\" data-end=\"889\" data-is-last-node=\"\" data-is-only-node=\"\"><strong data-start=\"869\" data-end=\"889\" data-is-last-node=\"\">Pieejams uzreiz!<\/strong><\/p>\n","protected":false},"featured_media":45172,"template":"","meta":[],"product_brand":[],"product_cat":[566],"product_tag":[],"class_list":{"0":"post-45171","1":"product","2":"type-product","3":"status-publish","4":"has-post-thumbnail","6":"product_cat-tualetes-piederumi","8":"first","9":"instock","10":"taxable","11":"shipping-taxable","12":"purchasable","13":"product-type-simple"},"yoast_head":"<!-- This site is optimized with the Yoast SEO plugin v27.2 - https:\/\/yoast.com\/product\/yoast-seo-wordpress\/ -->\n<title>Ka\u0137u tualetes pakl\u0101js S 40x50 cm, br\u016bns - MiuMjau<\/title>\n<meta name=\"robots\" content=\"index, follow, max-snippet:-1, max-image-preview:large, max-video-preview:-1\" \/>\n<link rel=\"canonical\" href=\"https:\/\/miumjau.ee\/lv\/produkts\/kaku-tualetes-paklajs-s-40x50-cm-bruns\/\" \/>\n<meta property=\"og:locale\" content=\"lv_LV\" \/>\n<meta property=\"og:type\" content=\"article\" \/>\n<meta property=\"og:title\" content=\"Ka\u0137u tualetes pakl\u0101js S 40x50 cm, br\u016bns - MiuMjau\" \/>\n<meta property=\"og:description\" content=\"Neatkar\u012bgi no t\u0101, k\u0101da veida ka\u0137u pakai\u0161us vai k\u0101du tualetes kasti j\u016bs izmantojat, neliela nek\u0101rt\u012bba ir neizb\u0113gama. Ka\u0137i izl\u0113k\u0101 no kastes, izmetot pakai\u0161us \u0101r\u0101 vai izkaisot tos, aprakdami savus izk\u0101rn\u012bjumus. Ar\u012b j\u016bsu m\u012blulis var nejau\u0161i uzk\u0101pt savos izk\u0101rn\u012bjumos un atst\u0101t net\u012brus traipus uz gr\u012bdas. Risin\u0101jums \u2013 pakai\u0161u pakl\u0101ji! Ka\u0137u pakai\u0161u pakl\u0101js atvieglo j\u016bs no stresa un p\u016bl\u0113m, kas saist\u012btas ar ka\u0137a izbiro\u0161o pakai\u0161u uzkop\u0161anu. Vienk\u0101r\u0161i novietojiet pakl\u0101ju kastes priek\u0161\u0101 vai zem t\u0101s (ar pietiekamu rezervi apk\u0101rt), lai tas sav\u0101ktu pakai\u0161us no ka\u0137a \u0137ep\u0101m. Atliek tikai izs\u016bkt atliku\u0161os pakai\u0161us ar putek\u013cs\u016bc\u0113ju vai nokrat\u012bt atkritumu tvertn\u0113. \u012apa\u0161\u012bbas:     Uztver liel\u0101ko da\u013cu izbiro\u0161o pakai\u0161u    M\u012bksts ka\u0137a \u0137ep\u0101m    Nesl\u012bdo\u0161a pamatne    Viegli t\u012br\u0101ms    Aizsarg\u0101 gr\u012bdu    \u016adensiztur\u012bgs    Garums: 50 cm    Platums: 40 cm    Svars: 0,2 kg   Pieejams uzreiz!\" \/>\n<meta property=\"og:url\" content=\"https:\/\/miumjau.ee\/lv\/produkts\/kaku-tualetes-paklajs-s-40x50-cm-bruns\/\" \/>\n<meta property=\"og:site_name\" content=\"MiuMjau\" \/>\n<meta property=\"article:publisher\" content=\"https:\/\/www.facebook.com\/miumjaupood\/\" \/>\n<meta property=\"article:modified_time\" content=\"2026-01-07T19:25:04+00:00\" \/>\n<meta property=\"og:image\" content=\"https:\/\/miumjau.ee\/wp-content\/uploads\/2024\/08\/kassi-liivakasti-matt-s-40x50-cm-pruun-1.jpg\" \/>\n\t<meta property=\"og:image:width\" content=\"600\" \/>\n\t<meta property=\"og:image:height\" content=\"800\" \/>\n\t<meta property=\"og:image:type\" content=\"image\/jpeg\" \/>\n<meta name=\"twitter:card\" content=\"summary_large_image\" \/>\n<script type=\"application\/ld+json\" class=\"yoast-schema-graph\">{\"@context\":\"https:\/\/schema.org\",\"@graph\":[{\"@type\":\"WebPage\",\"@id\":\"https:\/\/miumjau.ee\/lv\/produkts\/kaku-tualetes-paklajs-s-40x50-cm-bruns\/\",\"url\":\"https:\/\/miumjau.ee\/lv\/produkts\/kaku-tualetes-paklajs-s-40x50-cm-bruns\/\",\"name\":\"Ka\u0137u tualetes pakl\u0101js S 40x50 cm, br\u016bns - MiuMjau\",\"isPartOf\":{\"@id\":\"https:\/\/miumjau.ee\/#website\"},\"primaryImageOfPage\":{\"@id\":\"https:\/\/miumjau.ee\/lv\/produkts\/kaku-tualetes-paklajs-s-40x50-cm-bruns\/#primaryimage\"},\"image\":{\"@id\":\"https:\/\/miumjau.ee\/lv\/produkts\/kaku-tualetes-paklajs-s-40x50-cm-bruns\/#primaryimage\"},\"thumbnailUrl\":\"https:\/\/miumjau.ee\/wp-content\/uploads\/2024\/08\/kassi-liivakasti-matt-s-40x50-cm-pruun-1.jpg\",\"datePublished\":\"2024-08-06T14:04:25+00:00\",\"dateModified\":\"2026-01-07T19:25:04+00:00\",\"breadcrumb\":{\"@id\":\"https:\/\/miumjau.ee\/lv\/produkts\/kaku-tualetes-paklajs-s-40x50-cm-bruns\/#breadcrumb\"},\"inLanguage\":\"lv-LV\",\"potentialAction\":[{\"@type\":\"ReadAction\",\"target\":[\"https:\/\/miumjau.ee\/lv\/produkts\/kaku-tualetes-paklajs-s-40x50-cm-bruns\/\"]}]},{\"@type\":\"ImageObject\",\"inLanguage\":\"lv-LV\",\"@id\":\"https:\/\/miumjau.ee\/lv\/produkts\/kaku-tualetes-paklajs-s-40x50-cm-bruns\/#primaryimage\",\"url\":\"https:\/\/miumjau.ee\/wp-content\/uploads\/2024\/08\/kassi-liivakasti-matt-s-40x50-cm-pruun-1.jpg\",\"contentUrl\":\"https:\/\/miumjau.ee\/wp-content\/uploads\/2024\/08\/kassi-liivakasti-matt-s-40x50-cm-pruun-1.jpg\",\"width\":600,\"height\":800},{\"@type\":\"BreadcrumbList\",\"@id\":\"https:\/\/miumjau.ee\/lv\/produkts\/kaku-tualetes-paklajs-s-40x50-cm-bruns\/#breadcrumb\",\"itemListElement\":[{\"@type\":\"ListItem\",\"position\":1,\"name\":\"Home\",\"item\":\"https:\/\/miumjau.ee\/lv\/\"},{\"@type\":\"ListItem\",\"position\":2,\"name\":\"Veikals\",\"item\":\"https:\/\/miumjau.ee\/lv\/veikals\/\"},{\"@type\":\"ListItem\",\"position\":3,\"name\":\"Ka\u0137u tualetes pakl\u0101js S 40&#215;50 cm, br\u016bns\"}]},{\"@type\":\"WebSite\",\"@id\":\"https:\/\/miumjau.ee\/#website\",\"url\":\"https:\/\/miumjau.ee\/\",\"name\":\"MiuMjau\",\"description\":\"Kraapimispuud kassidele\",\"publisher\":{\"@id\":\"https:\/\/miumjau.ee\/#organization\"},\"potentialAction\":[{\"@type\":\"SearchAction\",\"target\":{\"@type\":\"EntryPoint\",\"urlTemplate\":\"https:\/\/miumjau.ee\/?s={search_term_string}\"},\"query-input\":{\"@type\":\"PropertyValueSpecification\",\"valueRequired\":true,\"valueName\":\"search_term_string\"}}],\"inLanguage\":\"lv-LV\"},{\"@type\":\"Organization\",\"@id\":\"https:\/\/miumjau.ee\/#organization\",\"name\":\"MiuMjau O\u00dc\",\"url\":\"https:\/\/miumjau.ee\/\",\"logo\":{\"@type\":\"ImageObject\",\"inLanguage\":\"lv-LV\",\"@id\":\"https:\/\/miumjau.ee\/#\/schema\/logo\/image\/\",\"url\":\"https:\/\/miumjau.ee\/wp-content\/uploads\/2022\/04\/MiuMjau-logo-kollane.png\",\"contentUrl\":\"https:\/\/miumjau.ee\/wp-content\/uploads\/2022\/04\/MiuMjau-logo-kollane.png\",\"width\":219,\"height\":100,\"caption\":\"MiuMjau O\u00dc\"},\"image\":{\"@id\":\"https:\/\/miumjau.ee\/#\/schema\/logo\/image\/\"},\"sameAs\":[\"https:\/\/www.facebook.com\/miumjaupood\/\"]}]}<\/script>\n<!-- \/ Yoast SEO plugin. -->","yoast_head_json":{"title":"Ka\u0137u tualetes pakl\u0101js S 40x50 cm, br\u016bns - MiuMjau","robots":{"index":"index","follow":"follow","max-snippet":"max-snippet:-1","max-image-preview":"max-image-preview:large","max-video-preview":"max-video-preview:-1"},"canonical":"https:\/\/miumjau.ee\/lv\/produkts\/kaku-tualetes-paklajs-s-40x50-cm-bruns\/","og_locale":"lv_LV","og_type":"article","og_title":"Ka\u0137u tualetes pakl\u0101js S 40x50 cm, br\u016bns - MiuMjau","og_description":"Neatkar\u012bgi no t\u0101, k\u0101da veida ka\u0137u pakai\u0161us vai k\u0101du tualetes kasti j\u016bs izmantojat, neliela nek\u0101rt\u012bba ir neizb\u0113gama. Ka\u0137i izl\u0113k\u0101 no kastes, izmetot pakai\u0161us \u0101r\u0101 vai izkaisot tos, aprakdami savus izk\u0101rn\u012bjumus. Ar\u012b j\u016bsu m\u012blulis var nejau\u0161i uzk\u0101pt savos izk\u0101rn\u012bjumos un atst\u0101t net\u012brus traipus uz gr\u012bdas. Risin\u0101jums \u2013 pakai\u0161u pakl\u0101ji! Ka\u0137u pakai\u0161u pakl\u0101js atvieglo j\u016bs no stresa un p\u016bl\u0113m, kas saist\u012btas ar ka\u0137a izbiro\u0161o pakai\u0161u uzkop\u0161anu. Vienk\u0101r\u0161i novietojiet pakl\u0101ju kastes priek\u0161\u0101 vai zem t\u0101s (ar pietiekamu rezervi apk\u0101rt), lai tas sav\u0101ktu pakai\u0161us no ka\u0137a \u0137ep\u0101m. Atliek tikai izs\u016bkt atliku\u0161os pakai\u0161us ar putek\u013cs\u016bc\u0113ju vai nokrat\u012bt atkritumu tvertn\u0113. \u012apa\u0161\u012bbas:     Uztver liel\u0101ko da\u013cu izbiro\u0161o pakai\u0161u    M\u012bksts ka\u0137a \u0137ep\u0101m    Nesl\u012bdo\u0161a pamatne    Viegli t\u012br\u0101ms    Aizsarg\u0101 gr\u012bdu    \u016adensiztur\u012bgs    Garums: 50 cm    Platums: 40 cm    Svars: 0,2 kg   Pieejams uzreiz!","og_url":"https:\/\/miumjau.ee\/lv\/produkts\/kaku-tualetes-paklajs-s-40x50-cm-bruns\/","og_site_name":"MiuMjau","article_publisher":"https:\/\/www.facebook.com\/miumjaupood\/","article_modified_time":"2026-01-07T19:25:04+00:00","og_image":[{"width":600,"height":800,"url":"https:\/\/miumjau.ee\/wp-content\/uploads\/2024\/08\/kassi-liivakasti-matt-s-40x50-cm-pruun-1.jpg","type":"image\/jpeg"}],"twitter_card":"summary_large_image","schema":{"@context":"https:\/\/schema.org","@graph":[{"@type":"WebPage","@id":"https:\/\/miumjau.ee\/lv\/produkts\/kaku-tualetes-paklajs-s-40x50-cm-bruns\/","url":"https:\/\/miumjau.ee\/lv\/produkts\/kaku-tualetes-paklajs-s-40x50-cm-bruns\/","name":"Ka\u0137u tualetes pakl\u0101js S 40x50 cm, br\u016bns - MiuMjau","isPartOf":{"@id":"https:\/\/miumjau.ee\/#website"},"primaryImageOfPage":{"@id":"https:\/\/miumjau.ee\/lv\/produkts\/kaku-tualetes-paklajs-s-40x50-cm-bruns\/#primaryimage"},"image":{"@id":"https:\/\/miumjau.ee\/lv\/produkts\/kaku-tualetes-paklajs-s-40x50-cm-bruns\/#primaryimage"},"thumbnailUrl":"https:\/\/miumjau.ee\/wp-content\/uploads\/2024\/08\/kassi-liivakasti-matt-s-40x50-cm-pruun-1.jpg","datePublished":"2024-08-06T14:04:25+00:00","dateModified":"2026-01-07T19:25:04+00:00","breadcrumb":{"@id":"https:\/\/miumjau.ee\/lv\/produkts\/kaku-tualetes-paklajs-s-40x50-cm-bruns\/#breadcrumb"},"inLanguage":"lv-LV","potentialAction":[{"@type":"ReadAction","target":["https:\/\/miumjau.ee\/lv\/produkts\/kaku-tualetes-paklajs-s-40x50-cm-bruns\/"]}]},{"@type":"ImageObject","inLanguage":"lv-LV","@id":"https:\/\/miumjau.ee\/lv\/produkts\/kaku-tualetes-paklajs-s-40x50-cm-bruns\/#primaryimage","url":"https:\/\/miumjau.ee\/wp-content\/uploads\/2024\/08\/kassi-liivakasti-matt-s-40x50-cm-pruun-1.jpg","contentUrl":"https:\/\/miumjau.ee\/wp-content\/uploads\/2024\/08\/kassi-liivakasti-matt-s-40x50-cm-pruun-1.jpg","width":600,"height":800},{"@type":"BreadcrumbList","@id":"https:\/\/miumjau.ee\/lv\/produkts\/kaku-tualetes-paklajs-s-40x50-cm-bruns\/#breadcrumb","itemListElement":[{"@type":"ListItem","position":1,"name":"Home","item":"https:\/\/miumjau.ee\/lv\/"},{"@type":"ListItem","position":2,"name":"Veikals","item":"https:\/\/miumjau.ee\/lv\/veikals\/"},{"@type":"ListItem","position":3,"name":"Ka\u0137u tualetes pakl\u0101js S 40&#215;50 cm, br\u016bns"}]},{"@type":"WebSite","@id":"https:\/\/miumjau.ee\/#website","url":"https:\/\/miumjau.ee\/","name":"MiuMjau","description":"Kraapimispuud kassidele","publisher":{"@id":"https:\/\/miumjau.ee\/#organization"},"potentialAction":[{"@type":"SearchAction","target":{"@type":"EntryPoint","urlTemplate":"https:\/\/miumjau.ee\/?s={search_term_string}"},"query-input":{"@type":"PropertyValueSpecification","valueRequired":true,"valueName":"search_term_string"}}],"inLanguage":"lv-LV"},{"@type":"Organization","@id":"https:\/\/miumjau.ee\/#organization","name":"MiuMjau O\u00dc","url":"https:\/\/miumjau.ee\/","logo":{"@type":"ImageObject","inLanguage":"lv-LV","@id":"https:\/\/miumjau.ee\/#\/schema\/logo\/image\/","url":"https:\/\/miumjau.ee\/wp-content\/uploads\/2022\/04\/MiuMjau-logo-kollane.png","contentUrl":"https:\/\/miumjau.ee\/wp-content\/uploads\/2022\/04\/MiuMjau-logo-kollane.png","width":219,"height":100,"caption":"MiuMjau O\u00dc"},"image":{"@id":"https:\/\/miumjau.ee\/#\/schema\/logo\/image\/"},"sameAs":["https:\/\/www.facebook.com\/miumjaupood\/"]}]}},"_links":{"self":[{"href":"https:\/\/miumjau.ee\/lv\/wp-json\/wp\/v2\/product\/45171","targetHints":{"allow":["GET"]}}],"collection":[{"href":"https:\/\/miumjau.ee\/lv\/wp-json\/wp\/v2\/product"}],"about":[{"href":"https:\/\/miumjau.ee\/lv\/wp-json\/wp\/v2\/types\/product"}],"wp:featuredmedia":[{"embeddable":true,"href":"https:\/\/miumjau.ee\/lv\/wp-json\/wp\/v2\/media\/45172"}],"wp:attachment":[{"href":"https:\/\/miumjau.ee\/lv\/wp-json\/wp\/v2\/media?parent=45171"}],"wp:term":[{"taxonomy":"product_brand","embeddable":true,"href":"https:\/\/miumjau.ee\/lv\/wp-json\/wp\/v2\/product_brand?post=45171"},{"taxonomy":"product_cat","embeddable":true,"href":"https:\/\/miumjau.ee\/lv\/wp-json\/wp\/v2\/product_cat?post=45171"},{"taxonomy":"product_tag","embeddable":true,"href":"https:\/\/miumjau.ee\/lv\/wp-json\/wp\/v2\/product_tag?post=45171"}],"curies":[{"name":"wp","href":"https:\/\/api.w.org\/{rel}","templated":true}]}}