{"id":45141,"date":"2023-11-25T16:06:04","date_gmt":"2023-11-25T14:06:04","guid":{"rendered":"https:\/\/miumjau.ee\/toode\/kaku-tualetes-lapstina-litter-lifter\/"},"modified":"2026-01-07T21:25:12","modified_gmt":"2026-01-07T19:25:12","slug":"kaku-tualetes-lapstina-litter-lifter","status":"publish","type":"product","link":"https:\/\/miumjau.ee\/lv\/produkts\/kaku-tualetes-lapstina-litter-lifter\/","title":{"rendered":"Ka\u0137u tualetes l\u0101psti\u0146a Litter-Lifter"},"content":{"rendered":"","protected":false},"excerpt":{"rendered":"<p data-start=\"1140\" data-end=\"1238\">Ka\u0137u tualetes l\u0101psti\u0146a <em data-start=\"1163\" data-end=\"1183\">Magic Litter Scoop<\/em> no z\u012bmola Litter-Lifter (Kr\u0101sa tiek pie\u0161\u0137irta nejau\u0161i)<\/p>\n<p data-start=\"1240\" data-end=\"1341\">Atkal viena parasta l\u0101psti\u0146a, vai ne? N\u0112! Litter-Lifter izstr\u0101d\u0101t\u0101 l\u0101psti\u0146a nav parasta nek\u0101d\u0101 veid\u0101!<\/p>\n<p data-start=\"1343\" data-end=\"1374\"><strong data-start=\"1343\" data-end=\"1374\">Ar ko \u0161\u012b l\u0101psti\u0146a ir \u012bpa\u0161a?<\/strong><\/p>\n<p data-start=\"1376\" data-end=\"1641\">Litter-Lifter\u00ae l\u0101psti\u0146ai ir paral\u0113li tr\u012bsst\u016brveida zari, kas neuz\u0146em t\u012bros pakai\u0161us. Parast\u0101s l\u0101psti\u0146as \u0101tri aizs\u0113r\u0113 ar t\u012brajiem pakai\u0161iem, kurus nepiecie\u0161ams izkrat\u012bt, lai atdal\u012btu izk\u0101rn\u012bjumus no t\u012bra materi\u0101la. Zaru forma \u013cauj viegl\u0101k izcelt veidoju\u0161os kunku\u013cus.<\/p>\n<p data-start=\"1643\" data-end=\"1701\"><strong data-start=\"1643\" data-end=\"1701\">Apbalvot\u0101 Litter-Lifter\u00ae pied\u0101v\u0101 jums (un j\u016bsu ka\u0137im):<\/strong><\/p>\n<ul data-start=\"1703\" data-end=\"1901\">\n<li data-start=\"1703\" data-end=\"1732\">\n<p data-start=\"1705\" data-end=\"1732\">\u0112rt\u0101ka un \u0101tr\u0101ka t\u012br\u012b\u0161ana<\/p>\n<\/li>\n<li data-start=\"1733\" data-end=\"1750\">\n<p data-start=\"1735\" data-end=\"1750\">Maz\u0101k putek\u013cu<\/p>\n<\/li>\n<li data-start=\"1751\" data-end=\"1798\">\n<p data-start=\"1753\" data-end=\"1798\">Nav j\u0101krata tik sp\u0113c\u012bgi k\u0101 parasto l\u0101psti\u0146u<\/p>\n<\/li>\n<li data-start=\"1799\" data-end=\"1812\">\n<p data-start=\"1801\" data-end=\"1812\">Neaizs\u0113r\u0113<\/p>\n<\/li>\n<li data-start=\"1813\" data-end=\"1843\">\n<p data-start=\"1815\" data-end=\"1843\">Izmetat maz\u0101k t\u012bro pakai\u0161u<\/p>\n<\/li>\n<li data-start=\"1844\" data-end=\"1871\">\n<p data-start=\"1846\" data-end=\"1871\">Rokai draudz\u012bgs dizains<\/p>\n<\/li>\n<li data-start=\"1872\" data-end=\"1901\">\n<p data-start=\"1874\" data-end=\"1901\">Iztur\u012bga un viegli t\u012br\u0101ma<\/p>\n<\/li>\n<\/ul>\n<p data-start=\"1903\" data-end=\"1948\">Produkta svars apm\u0113ram 115 g un garums 35 cm.<\/p>\n<p data-start=\"1950\" data-end=\"2028\">Vai izmantojat benton\u012bta ka\u0137u pakai\u0161us? Litter-Lifter ir tam vislab\u0101k\u0101 izv\u0113le!<\/p>\n","protected":false},"featured_media":45135,"template":"","meta":[],"product_brand":[],"product_cat":[566],"product_tag":[],"class_list":{"0":"post-45141","1":"product","2":"type-product","3":"status-publish","4":"has-post-thumbnail","6":"product_cat-tualetes-piederumi","8":"first","9":"outofstock","10":"taxable","11":"shipping-taxable","12":"purchasable","13":"product-type-simple"},"yoast_head":"<!-- This site is optimized with the Yoast SEO plugin v27.2 - https:\/\/yoast.com\/product\/yoast-seo-wordpress\/ -->\n<title>Ka\u0137u tualetes l\u0101psti\u0146a Litter-Lifter - MiuMjau<\/title>\n<meta name=\"robots\" content=\"index, follow, max-snippet:-1, max-image-preview:large, max-video-preview:-1\" \/>\n<link rel=\"canonical\" href=\"https:\/\/miumjau.ee\/lv\/produkts\/kaku-tualetes-lapstina-litter-lifter\/\" \/>\n<meta property=\"og:locale\" content=\"lv_LV\" \/>\n<meta property=\"og:type\" content=\"article\" \/>\n<meta property=\"og:title\" content=\"Ka\u0137u tualetes l\u0101psti\u0146a Litter-Lifter - MiuMjau\" \/>\n<meta property=\"og:description\" content=\"Ka\u0137u tualetes l\u0101psti\u0146a Magic Litter Scoop no z\u012bmola Litter-Lifter (Kr\u0101sa tiek pie\u0161\u0137irta nejau\u0161i) Atkal viena parasta l\u0101psti\u0146a, vai ne? N\u0112! Litter-Lifter izstr\u0101d\u0101t\u0101 l\u0101psti\u0146a nav parasta nek\u0101d\u0101 veid\u0101! Ar ko \u0161\u012b l\u0101psti\u0146a ir \u012bpa\u0161a? Litter-Lifter\u00ae l\u0101psti\u0146ai ir paral\u0113li tr\u012bsst\u016brveida zari, kas neuz\u0146em t\u012bros pakai\u0161us. Parast\u0101s l\u0101psti\u0146as \u0101tri aizs\u0113r\u0113 ar t\u012brajiem pakai\u0161iem, kurus nepiecie\u0161ams izkrat\u012bt, lai atdal\u012btu izk\u0101rn\u012bjumus no t\u012bra materi\u0101la. Zaru forma \u013cauj viegl\u0101k izcelt veidoju\u0161os kunku\u013cus. Apbalvot\u0101 Litter-Lifter\u00ae pied\u0101v\u0101 jums (un j\u016bsu ka\u0137im):     \u0112rt\u0101ka un \u0101tr\u0101ka t\u012br\u012b\u0161ana    Maz\u0101k putek\u013cu    Nav j\u0101krata tik sp\u0113c\u012bgi k\u0101 parasto l\u0101psti\u0146u    Neaizs\u0113r\u0113    Izmetat maz\u0101k t\u012bro pakai\u0161u    Rokai draudz\u012bgs dizains    Iztur\u012bga un viegli t\u012br\u0101ma   Produkta svars apm\u0113ram 115 g un garums 35 cm. Vai izmantojat benton\u012bta ka\u0137u pakai\u0161us? Litter-Lifter ir tam vislab\u0101k\u0101 izv\u0113le!\" \/>\n<meta property=\"og:url\" content=\"https:\/\/miumjau.ee\/lv\/produkts\/kaku-tualetes-lapstina-litter-lifter\/\" \/>\n<meta property=\"og:site_name\" content=\"MiuMjau\" \/>\n<meta property=\"article:publisher\" content=\"https:\/\/www.facebook.com\/miumjaupood\/\" \/>\n<meta property=\"article:modified_time\" content=\"2026-01-07T19:25:12+00:00\" \/>\n<meta property=\"og:image\" content=\"https:\/\/miumjau.ee\/wp-content\/uploads\/2023\/11\/kassi-liivakasti-kuhvel.png\" \/>\n\t<meta property=\"og:image:width\" content=\"600\" \/>\n\t<meta property=\"og:image:height\" content=\"800\" \/>\n\t<meta property=\"og:image:type\" content=\"image\/png\" \/>\n<meta name=\"twitter:card\" content=\"summary_large_image\" \/>\n<script type=\"application\/ld+json\" class=\"yoast-schema-graph\">{\"@context\":\"https:\/\/schema.org\",\"@graph\":[{\"@type\":\"WebPage\",\"@id\":\"https:\/\/miumjau.ee\/lv\/produkts\/kaku-tualetes-lapstina-litter-lifter\/\",\"url\":\"https:\/\/miumjau.ee\/lv\/produkts\/kaku-tualetes-lapstina-litter-lifter\/\",\"name\":\"Ka\u0137u tualetes l\u0101psti\u0146a Litter-Lifter - MiuMjau\",\"isPartOf\":{\"@id\":\"https:\/\/miumjau.ee\/#website\"},\"primaryImageOfPage\":{\"@id\":\"https:\/\/miumjau.ee\/lv\/produkts\/kaku-tualetes-lapstina-litter-lifter\/#primaryimage\"},\"image\":{\"@id\":\"https:\/\/miumjau.ee\/lv\/produkts\/kaku-tualetes-lapstina-litter-lifter\/#primaryimage\"},\"thumbnailUrl\":\"https:\/\/miumjau.ee\/wp-content\/uploads\/2023\/11\/kassi-liivakasti-kuhvel.png\",\"datePublished\":\"2023-11-25T14:06:04+00:00\",\"dateModified\":\"2026-01-07T19:25:12+00:00\",\"breadcrumb\":{\"@id\":\"https:\/\/miumjau.ee\/lv\/produkts\/kaku-tualetes-lapstina-litter-lifter\/#breadcrumb\"},\"inLanguage\":\"lv-LV\",\"potentialAction\":[{\"@type\":\"ReadAction\",\"target\":[\"https:\/\/miumjau.ee\/lv\/produkts\/kaku-tualetes-lapstina-litter-lifter\/\"]}]},{\"@type\":\"ImageObject\",\"inLanguage\":\"lv-LV\",\"@id\":\"https:\/\/miumjau.ee\/lv\/produkts\/kaku-tualetes-lapstina-litter-lifter\/#primaryimage\",\"url\":\"https:\/\/miumjau.ee\/wp-content\/uploads\/2023\/11\/kassi-liivakasti-kuhvel.png\",\"contentUrl\":\"https:\/\/miumjau.ee\/wp-content\/uploads\/2023\/11\/kassi-liivakasti-kuhvel.png\",\"width\":600,\"height\":800},{\"@type\":\"BreadcrumbList\",\"@id\":\"https:\/\/miumjau.ee\/lv\/produkts\/kaku-tualetes-lapstina-litter-lifter\/#breadcrumb\",\"itemListElement\":[{\"@type\":\"ListItem\",\"position\":1,\"name\":\"Home\",\"item\":\"https:\/\/miumjau.ee\/lv\/\"},{\"@type\":\"ListItem\",\"position\":2,\"name\":\"Veikals\",\"item\":\"https:\/\/miumjau.ee\/lv\/veikals\/\"},{\"@type\":\"ListItem\",\"position\":3,\"name\":\"Ka\u0137u tualetes l\u0101psti\u0146a Litter-Lifter\"}]},{\"@type\":\"WebSite\",\"@id\":\"https:\/\/miumjau.ee\/#website\",\"url\":\"https:\/\/miumjau.ee\/\",\"name\":\"MiuMjau\",\"description\":\"Kraapimispuud kassidele\",\"publisher\":{\"@id\":\"https:\/\/miumjau.ee\/#organization\"},\"potentialAction\":[{\"@type\":\"SearchAction\",\"target\":{\"@type\":\"EntryPoint\",\"urlTemplate\":\"https:\/\/miumjau.ee\/?s={search_term_string}\"},\"query-input\":{\"@type\":\"PropertyValueSpecification\",\"valueRequired\":true,\"valueName\":\"search_term_string\"}}],\"inLanguage\":\"lv-LV\"},{\"@type\":\"Organization\",\"@id\":\"https:\/\/miumjau.ee\/#organization\",\"name\":\"MiuMjau O\u00dc\",\"url\":\"https:\/\/miumjau.ee\/\",\"logo\":{\"@type\":\"ImageObject\",\"inLanguage\":\"lv-LV\",\"@id\":\"https:\/\/miumjau.ee\/#\/schema\/logo\/image\/\",\"url\":\"https:\/\/miumjau.ee\/wp-content\/uploads\/2022\/04\/MiuMjau-logo-kollane.png\",\"contentUrl\":\"https:\/\/miumjau.ee\/wp-content\/uploads\/2022\/04\/MiuMjau-logo-kollane.png\",\"width\":219,\"height\":100,\"caption\":\"MiuMjau O\u00dc\"},\"image\":{\"@id\":\"https:\/\/miumjau.ee\/#\/schema\/logo\/image\/\"},\"sameAs\":[\"https:\/\/www.facebook.com\/miumjaupood\/\"]}]}<\/script>\n<!-- \/ Yoast SEO plugin. -->","yoast_head_json":{"title":"Ka\u0137u tualetes l\u0101psti\u0146a Litter-Lifter - MiuMjau","robots":{"index":"index","follow":"follow","max-snippet":"max-snippet:-1","max-image-preview":"max-image-preview:large","max-video-preview":"max-video-preview:-1"},"canonical":"https:\/\/miumjau.ee\/lv\/produkts\/kaku-tualetes-lapstina-litter-lifter\/","og_locale":"lv_LV","og_type":"article","og_title":"Ka\u0137u tualetes l\u0101psti\u0146a Litter-Lifter - MiuMjau","og_description":"Ka\u0137u tualetes l\u0101psti\u0146a Magic Litter Scoop no z\u012bmola Litter-Lifter (Kr\u0101sa tiek pie\u0161\u0137irta nejau\u0161i) Atkal viena parasta l\u0101psti\u0146a, vai ne? N\u0112! Litter-Lifter izstr\u0101d\u0101t\u0101 l\u0101psti\u0146a nav parasta nek\u0101d\u0101 veid\u0101! Ar ko \u0161\u012b l\u0101psti\u0146a ir \u012bpa\u0161a? Litter-Lifter\u00ae l\u0101psti\u0146ai ir paral\u0113li tr\u012bsst\u016brveida zari, kas neuz\u0146em t\u012bros pakai\u0161us. Parast\u0101s l\u0101psti\u0146as \u0101tri aizs\u0113r\u0113 ar t\u012brajiem pakai\u0161iem, kurus nepiecie\u0161ams izkrat\u012bt, lai atdal\u012btu izk\u0101rn\u012bjumus no t\u012bra materi\u0101la. Zaru forma \u013cauj viegl\u0101k izcelt veidoju\u0161os kunku\u013cus. Apbalvot\u0101 Litter-Lifter\u00ae pied\u0101v\u0101 jums (un j\u016bsu ka\u0137im):     \u0112rt\u0101ka un \u0101tr\u0101ka t\u012br\u012b\u0161ana    Maz\u0101k putek\u013cu    Nav j\u0101krata tik sp\u0113c\u012bgi k\u0101 parasto l\u0101psti\u0146u    Neaizs\u0113r\u0113    Izmetat maz\u0101k t\u012bro pakai\u0161u    Rokai draudz\u012bgs dizains    Iztur\u012bga un viegli t\u012br\u0101ma   Produkta svars apm\u0113ram 115 g un garums 35 cm. Vai izmantojat benton\u012bta ka\u0137u pakai\u0161us? Litter-Lifter ir tam vislab\u0101k\u0101 izv\u0113le!","og_url":"https:\/\/miumjau.ee\/lv\/produkts\/kaku-tualetes-lapstina-litter-lifter\/","og_site_name":"MiuMjau","article_publisher":"https:\/\/www.facebook.com\/miumjaupood\/","article_modified_time":"2026-01-07T19:25:12+00:00","og_image":[{"width":600,"height":800,"url":"https:\/\/miumjau.ee\/wp-content\/uploads\/2023\/11\/kassi-liivakasti-kuhvel.png","type":"image\/png"}],"twitter_card":"summary_large_image","schema":{"@context":"https:\/\/schema.org","@graph":[{"@type":"WebPage","@id":"https:\/\/miumjau.ee\/lv\/produkts\/kaku-tualetes-lapstina-litter-lifter\/","url":"https:\/\/miumjau.ee\/lv\/produkts\/kaku-tualetes-lapstina-litter-lifter\/","name":"Ka\u0137u tualetes l\u0101psti\u0146a Litter-Lifter - MiuMjau","isPartOf":{"@id":"https:\/\/miumjau.ee\/#website"},"primaryImageOfPage":{"@id":"https:\/\/miumjau.ee\/lv\/produkts\/kaku-tualetes-lapstina-litter-lifter\/#primaryimage"},"image":{"@id":"https:\/\/miumjau.ee\/lv\/produkts\/kaku-tualetes-lapstina-litter-lifter\/#primaryimage"},"thumbnailUrl":"https:\/\/miumjau.ee\/wp-content\/uploads\/2023\/11\/kassi-liivakasti-kuhvel.png","datePublished":"2023-11-25T14:06:04+00:00","dateModified":"2026-01-07T19:25:12+00:00","breadcrumb":{"@id":"https:\/\/miumjau.ee\/lv\/produkts\/kaku-tualetes-lapstina-litter-lifter\/#breadcrumb"},"inLanguage":"lv-LV","potentialAction":[{"@type":"ReadAction","target":["https:\/\/miumjau.ee\/lv\/produkts\/kaku-tualetes-lapstina-litter-lifter\/"]}]},{"@type":"ImageObject","inLanguage":"lv-LV","@id":"https:\/\/miumjau.ee\/lv\/produkts\/kaku-tualetes-lapstina-litter-lifter\/#primaryimage","url":"https:\/\/miumjau.ee\/wp-content\/uploads\/2023\/11\/kassi-liivakasti-kuhvel.png","contentUrl":"https:\/\/miumjau.ee\/wp-content\/uploads\/2023\/11\/kassi-liivakasti-kuhvel.png","width":600,"height":800},{"@type":"BreadcrumbList","@id":"https:\/\/miumjau.ee\/lv\/produkts\/kaku-tualetes-lapstina-litter-lifter\/#breadcrumb","itemListElement":[{"@type":"ListItem","position":1,"name":"Home","item":"https:\/\/miumjau.ee\/lv\/"},{"@type":"ListItem","position":2,"name":"Veikals","item":"https:\/\/miumjau.ee\/lv\/veikals\/"},{"@type":"ListItem","position":3,"name":"Ka\u0137u tualetes l\u0101psti\u0146a Litter-Lifter"}]},{"@type":"WebSite","@id":"https:\/\/miumjau.ee\/#website","url":"https:\/\/miumjau.ee\/","name":"MiuMjau","description":"Kraapimispuud kassidele","publisher":{"@id":"https:\/\/miumjau.ee\/#organization"},"potentialAction":[{"@type":"SearchAction","target":{"@type":"EntryPoint","urlTemplate":"https:\/\/miumjau.ee\/?s={search_term_string}"},"query-input":{"@type":"PropertyValueSpecification","valueRequired":true,"valueName":"search_term_string"}}],"inLanguage":"lv-LV"},{"@type":"Organization","@id":"https:\/\/miumjau.ee\/#organization","name":"MiuMjau O\u00dc","url":"https:\/\/miumjau.ee\/","logo":{"@type":"ImageObject","inLanguage":"lv-LV","@id":"https:\/\/miumjau.ee\/#\/schema\/logo\/image\/","url":"https:\/\/miumjau.ee\/wp-content\/uploads\/2022\/04\/MiuMjau-logo-kollane.png","contentUrl":"https:\/\/miumjau.ee\/wp-content\/uploads\/2022\/04\/MiuMjau-logo-kollane.png","width":219,"height":100,"caption":"MiuMjau O\u00dc"},"image":{"@id":"https:\/\/miumjau.ee\/#\/schema\/logo\/image\/"},"sameAs":["https:\/\/www.facebook.com\/miumjaupood\/"]}]}},"_links":{"self":[{"href":"https:\/\/miumjau.ee\/lv\/wp-json\/wp\/v2\/product\/45141","targetHints":{"allow":["GET"]}}],"collection":[{"href":"https:\/\/miumjau.ee\/lv\/wp-json\/wp\/v2\/product"}],"about":[{"href":"https:\/\/miumjau.ee\/lv\/wp-json\/wp\/v2\/types\/product"}],"wp:featuredmedia":[{"embeddable":true,"href":"https:\/\/miumjau.ee\/lv\/wp-json\/wp\/v2\/media\/45135"}],"wp:attachment":[{"href":"https:\/\/miumjau.ee\/lv\/wp-json\/wp\/v2\/media?parent=45141"}],"wp:term":[{"taxonomy":"product_brand","embeddable":true,"href":"https:\/\/miumjau.ee\/lv\/wp-json\/wp\/v2\/product_brand?post=45141"},{"taxonomy":"product_cat","embeddable":true,"href":"https:\/\/miumjau.ee\/lv\/wp-json\/wp\/v2\/product_cat?post=45141"},{"taxonomy":"product_tag","embeddable":true,"href":"https:\/\/miumjau.ee\/lv\/wp-json\/wp\/v2\/product_tag?post=45141"}],"curies":[{"name":"wp","href":"https:\/\/api.w.org\/{rel}","templated":true}]}}