{"id":45131,"date":"2024-07-30T08:39:35","date_gmt":"2024-07-30T05:39:35","guid":{"rendered":"https:\/\/miumjau.ee\/toode\/urina-smakas-nonemsanas-lidzeklis-excellent-pets-250-ml\/"},"modified":"2026-01-07T21:25:12","modified_gmt":"2026-01-07T19:25:12","slug":"urina-smakas-nonemsanas-lidzeklis-excellent-pets-250-ml","status":"publish","type":"product","link":"https:\/\/miumjau.ee\/lv\/produkts\/urina-smakas-nonemsanas-lidzeklis-excellent-pets-250-ml\/","title":{"rendered":"Ur\u012bna smakas no\u0146em\u0161anas l\u012bdzeklis Excellent Pets 250 ml"},"content":{"rendered":"","protected":false},"excerpt":{"rendered":"<p data-start=\"98\" data-end=\"189\">Ur\u012bna smakas no\u0146em\u0161ana nav sare\u017e\u0123\u012bta! Tev pal\u012bdz\u0113s Excellent Pets izsmidzin\u0101mais l\u012bdzeklis.<\/p>\n<ul data-start=\"191\" data-end=\"491\">\n<li data-start=\"191\" data-end=\"238\">\n<p data-start=\"193\" data-end=\"238\">Sadal\u0430 ur\u012bnu un pal\u012bdz no\u0146emt ur\u012bna traipus<\/p>\n<\/li>\n<li data-start=\"239\" data-end=\"323\">\n<p data-start=\"241\" data-end=\"323\">M\u0101jdz\u012bvnieki neiet urin\u0113t taj\u0101 pa\u0161\u0101 viet\u0101, ja iepriek\u0161\u0113j\u0101 ur\u012bna smaka ir no\u0146emta<\/p>\n<\/li>\n<li data-start=\"324\" data-end=\"392\">\n<p data-start=\"326\" data-end=\"392\">Ide\u0101li piem\u0113rots ka\u0137u tualet\u0113m un m\u0101jdz\u012bvnieku volj\u0113ru t\u012br\u012b\u0161anai<\/p>\n<\/li>\n<li data-start=\"393\" data-end=\"418\">\n<p data-start=\"395\" data-end=\"418\">Atst\u0101j svaigu arom\u0101tu<\/p>\n<\/li>\n<li data-start=\"419\" data-end=\"491\">\n<p data-start=\"421\" data-end=\"491\">Piem\u0113rots ikdienas lieto\u0161anai. Risin\u0101jums tavam m\u012blu\u013ca \u201cnegad\u012bjumiem\u201d.<\/p>\n<\/li>\n<\/ul>\n<p data-start=\"493\" data-end=\"513\"><strong data-start=\"493\" data-end=\"513\">Pieejams uzreiz!<\/strong><\/p>\n","protected":false},"featured_media":47223,"template":"","meta":[],"product_brand":[],"product_cat":[565],"product_tag":[],"class_list":{"0":"post-45131","1":"product","2":"type-product","3":"status-publish","4":"has-post-thumbnail","6":"product_cat-odu-un-smaku-kontrole","8":"first","9":"instock","10":"taxable","11":"shipping-taxable","12":"purchasable","13":"product-type-simple"},"yoast_head":"<!-- This site is optimized with the Yoast SEO plugin v27.2 - https:\/\/yoast.com\/product\/yoast-seo-wordpress\/ -->\n<title>Ur\u012bna smakas no\u0146em\u0161anas l\u012bdzeklis Excellent Pets 250 ml - MiuMjau<\/title>\n<meta name=\"robots\" content=\"index, follow, max-snippet:-1, max-image-preview:large, max-video-preview:-1\" \/>\n<link rel=\"canonical\" href=\"https:\/\/miumjau.ee\/lv\/produkts\/urina-smakas-nonemsanas-lidzeklis-excellent-pets-250-ml\/\" \/>\n<meta property=\"og:locale\" content=\"lv_LV\" \/>\n<meta property=\"og:type\" content=\"article\" \/>\n<meta property=\"og:title\" content=\"Ur\u012bna smakas no\u0146em\u0161anas l\u012bdzeklis Excellent Pets 250 ml - MiuMjau\" \/>\n<meta property=\"og:description\" content=\"Ur\u012bna smakas no\u0146em\u0161ana nav sare\u017e\u0123\u012bta! Tev pal\u012bdz\u0113s Excellent Pets izsmidzin\u0101mais l\u012bdzeklis.     Sadal\u0430 ur\u012bnu un pal\u012bdz no\u0146emt ur\u012bna traipus    M\u0101jdz\u012bvnieki neiet urin\u0113t taj\u0101 pa\u0161\u0101 viet\u0101, ja iepriek\u0161\u0113j\u0101 ur\u012bna smaka ir no\u0146emta    Ide\u0101li piem\u0113rots ka\u0137u tualet\u0113m un m\u0101jdz\u012bvnieku volj\u0113ru t\u012br\u012b\u0161anai    Atst\u0101j svaigu arom\u0101tu    Piem\u0113rots ikdienas lieto\u0161anai. Risin\u0101jums tavam m\u012blu\u013ca \u201cnegad\u012bjumiem\u201d.   Pieejams uzreiz!\" \/>\n<meta property=\"og:url\" content=\"https:\/\/miumjau.ee\/lv\/produkts\/urina-smakas-nonemsanas-lidzeklis-excellent-pets-250-ml\/\" \/>\n<meta property=\"og:site_name\" content=\"MiuMjau\" \/>\n<meta property=\"article:publisher\" content=\"https:\/\/www.facebook.com\/miumjaupood\/\" \/>\n<meta property=\"article:modified_time\" content=\"2026-01-07T19:25:12+00:00\" \/>\n<meta property=\"og:image\" content=\"https:\/\/miumjau.ee\/wp-content\/uploads\/2024\/07\/urine-control-sprei-250ml-Photoroom.jpg\" \/>\n\t<meta property=\"og:image:width\" content=\"600\" \/>\n\t<meta property=\"og:image:height\" content=\"800\" \/>\n\t<meta property=\"og:image:type\" content=\"image\/jpeg\" \/>\n<meta name=\"twitter:card\" content=\"summary_large_image\" \/>\n<script type=\"application\/ld+json\" class=\"yoast-schema-graph\">{\"@context\":\"https:\/\/schema.org\",\"@graph\":[{\"@type\":\"WebPage\",\"@id\":\"https:\/\/miumjau.ee\/lv\/produkts\/urina-smakas-nonemsanas-lidzeklis-excellent-pets-250-ml\/\",\"url\":\"https:\/\/miumjau.ee\/lv\/produkts\/urina-smakas-nonemsanas-lidzeklis-excellent-pets-250-ml\/\",\"name\":\"Ur\u012bna smakas no\u0146em\u0161anas l\u012bdzeklis Excellent Pets 250 ml - MiuMjau\",\"isPartOf\":{\"@id\":\"https:\/\/miumjau.ee\/#website\"},\"primaryImageOfPage\":{\"@id\":\"https:\/\/miumjau.ee\/lv\/produkts\/urina-smakas-nonemsanas-lidzeklis-excellent-pets-250-ml\/#primaryimage\"},\"image\":{\"@id\":\"https:\/\/miumjau.ee\/lv\/produkts\/urina-smakas-nonemsanas-lidzeklis-excellent-pets-250-ml\/#primaryimage\"},\"thumbnailUrl\":\"https:\/\/miumjau.ee\/wp-content\/uploads\/2024\/07\/uriini-lohna-eemaldaja.jpg\",\"datePublished\":\"2024-07-30T05:39:35+00:00\",\"dateModified\":\"2026-01-07T19:25:12+00:00\",\"breadcrumb\":{\"@id\":\"https:\/\/miumjau.ee\/lv\/produkts\/urina-smakas-nonemsanas-lidzeklis-excellent-pets-250-ml\/#breadcrumb\"},\"inLanguage\":\"lv-LV\",\"potentialAction\":[{\"@type\":\"ReadAction\",\"target\":[\"https:\/\/miumjau.ee\/lv\/produkts\/urina-smakas-nonemsanas-lidzeklis-excellent-pets-250-ml\/\"]}]},{\"@type\":\"ImageObject\",\"inLanguage\":\"lv-LV\",\"@id\":\"https:\/\/miumjau.ee\/lv\/produkts\/urina-smakas-nonemsanas-lidzeklis-excellent-pets-250-ml\/#primaryimage\",\"url\":\"https:\/\/miumjau.ee\/wp-content\/uploads\/2024\/07\/uriini-lohna-eemaldaja.jpg\",\"contentUrl\":\"https:\/\/miumjau.ee\/wp-content\/uploads\/2024\/07\/uriini-lohna-eemaldaja.jpg\",\"width\":600,\"height\":800,\"caption\":\"Uriini l\u00f5hna eemaldaja Excellent Pets 250 ml\"},{\"@type\":\"BreadcrumbList\",\"@id\":\"https:\/\/miumjau.ee\/lv\/produkts\/urina-smakas-nonemsanas-lidzeklis-excellent-pets-250-ml\/#breadcrumb\",\"itemListElement\":[{\"@type\":\"ListItem\",\"position\":1,\"name\":\"Home\",\"item\":\"https:\/\/miumjau.ee\/lv\/\"},{\"@type\":\"ListItem\",\"position\":2,\"name\":\"Veikals\",\"item\":\"https:\/\/miumjau.ee\/lv\/veikals\/\"},{\"@type\":\"ListItem\",\"position\":3,\"name\":\"Ur\u012bna smakas no\u0146em\u0161anas l\u012bdzeklis Excellent Pets 250 ml\"}]},{\"@type\":\"WebSite\",\"@id\":\"https:\/\/miumjau.ee\/#website\",\"url\":\"https:\/\/miumjau.ee\/\",\"name\":\"MiuMjau\",\"description\":\"Kraapimispuud kassidele\",\"publisher\":{\"@id\":\"https:\/\/miumjau.ee\/#organization\"},\"potentialAction\":[{\"@type\":\"SearchAction\",\"target\":{\"@type\":\"EntryPoint\",\"urlTemplate\":\"https:\/\/miumjau.ee\/?s={search_term_string}\"},\"query-input\":{\"@type\":\"PropertyValueSpecification\",\"valueRequired\":true,\"valueName\":\"search_term_string\"}}],\"inLanguage\":\"lv-LV\"},{\"@type\":\"Organization\",\"@id\":\"https:\/\/miumjau.ee\/#organization\",\"name\":\"MiuMjau O\u00dc\",\"url\":\"https:\/\/miumjau.ee\/\",\"logo\":{\"@type\":\"ImageObject\",\"inLanguage\":\"lv-LV\",\"@id\":\"https:\/\/miumjau.ee\/#\/schema\/logo\/image\/\",\"url\":\"https:\/\/miumjau.ee\/wp-content\/uploads\/2022\/04\/MiuMjau-logo-kollane.png\",\"contentUrl\":\"https:\/\/miumjau.ee\/wp-content\/uploads\/2022\/04\/MiuMjau-logo-kollane.png\",\"width\":219,\"height\":100,\"caption\":\"MiuMjau O\u00dc\"},\"image\":{\"@id\":\"https:\/\/miumjau.ee\/#\/schema\/logo\/image\/\"},\"sameAs\":[\"https:\/\/www.facebook.com\/miumjaupood\/\"]}]}<\/script>\n<!-- \/ Yoast SEO plugin. -->","yoast_head_json":{"title":"Ur\u012bna smakas no\u0146em\u0161anas l\u012bdzeklis Excellent Pets 250 ml - MiuMjau","robots":{"index":"index","follow":"follow","max-snippet":"max-snippet:-1","max-image-preview":"max-image-preview:large","max-video-preview":"max-video-preview:-1"},"canonical":"https:\/\/miumjau.ee\/lv\/produkts\/urina-smakas-nonemsanas-lidzeklis-excellent-pets-250-ml\/","og_locale":"lv_LV","og_type":"article","og_title":"Ur\u012bna smakas no\u0146em\u0161anas l\u012bdzeklis Excellent Pets 250 ml - MiuMjau","og_description":"Ur\u012bna smakas no\u0146em\u0161ana nav sare\u017e\u0123\u012bta! Tev pal\u012bdz\u0113s Excellent Pets izsmidzin\u0101mais l\u012bdzeklis.     Sadal\u0430 ur\u012bnu un pal\u012bdz no\u0146emt ur\u012bna traipus    M\u0101jdz\u012bvnieki neiet urin\u0113t taj\u0101 pa\u0161\u0101 viet\u0101, ja iepriek\u0161\u0113j\u0101 ur\u012bna smaka ir no\u0146emta    Ide\u0101li piem\u0113rots ka\u0137u tualet\u0113m un m\u0101jdz\u012bvnieku volj\u0113ru t\u012br\u012b\u0161anai    Atst\u0101j svaigu arom\u0101tu    Piem\u0113rots ikdienas lieto\u0161anai. Risin\u0101jums tavam m\u012blu\u013ca \u201cnegad\u012bjumiem\u201d.   Pieejams uzreiz!","og_url":"https:\/\/miumjau.ee\/lv\/produkts\/urina-smakas-nonemsanas-lidzeklis-excellent-pets-250-ml\/","og_site_name":"MiuMjau","article_publisher":"https:\/\/www.facebook.com\/miumjaupood\/","article_modified_time":"2026-01-07T19:25:12+00:00","og_image":[{"width":600,"height":800,"url":"https:\/\/miumjau.ee\/wp-content\/uploads\/2024\/07\/urine-control-sprei-250ml-Photoroom.jpg","type":"image\/jpeg"}],"twitter_card":"summary_large_image","schema":{"@context":"https:\/\/schema.org","@graph":[{"@type":"WebPage","@id":"https:\/\/miumjau.ee\/lv\/produkts\/urina-smakas-nonemsanas-lidzeklis-excellent-pets-250-ml\/","url":"https:\/\/miumjau.ee\/lv\/produkts\/urina-smakas-nonemsanas-lidzeklis-excellent-pets-250-ml\/","name":"Ur\u012bna smakas no\u0146em\u0161anas l\u012bdzeklis Excellent Pets 250 ml - MiuMjau","isPartOf":{"@id":"https:\/\/miumjau.ee\/#website"},"primaryImageOfPage":{"@id":"https:\/\/miumjau.ee\/lv\/produkts\/urina-smakas-nonemsanas-lidzeklis-excellent-pets-250-ml\/#primaryimage"},"image":{"@id":"https:\/\/miumjau.ee\/lv\/produkts\/urina-smakas-nonemsanas-lidzeklis-excellent-pets-250-ml\/#primaryimage"},"thumbnailUrl":"https:\/\/miumjau.ee\/wp-content\/uploads\/2024\/07\/uriini-lohna-eemaldaja.jpg","datePublished":"2024-07-30T05:39:35+00:00","dateModified":"2026-01-07T19:25:12+00:00","breadcrumb":{"@id":"https:\/\/miumjau.ee\/lv\/produkts\/urina-smakas-nonemsanas-lidzeklis-excellent-pets-250-ml\/#breadcrumb"},"inLanguage":"lv-LV","potentialAction":[{"@type":"ReadAction","target":["https:\/\/miumjau.ee\/lv\/produkts\/urina-smakas-nonemsanas-lidzeklis-excellent-pets-250-ml\/"]}]},{"@type":"ImageObject","inLanguage":"lv-LV","@id":"https:\/\/miumjau.ee\/lv\/produkts\/urina-smakas-nonemsanas-lidzeklis-excellent-pets-250-ml\/#primaryimage","url":"https:\/\/miumjau.ee\/wp-content\/uploads\/2024\/07\/uriini-lohna-eemaldaja.jpg","contentUrl":"https:\/\/miumjau.ee\/wp-content\/uploads\/2024\/07\/uriini-lohna-eemaldaja.jpg","width":600,"height":800,"caption":"Uriini l\u00f5hna eemaldaja Excellent Pets 250 ml"},{"@type":"BreadcrumbList","@id":"https:\/\/miumjau.ee\/lv\/produkts\/urina-smakas-nonemsanas-lidzeklis-excellent-pets-250-ml\/#breadcrumb","itemListElement":[{"@type":"ListItem","position":1,"name":"Home","item":"https:\/\/miumjau.ee\/lv\/"},{"@type":"ListItem","position":2,"name":"Veikals","item":"https:\/\/miumjau.ee\/lv\/veikals\/"},{"@type":"ListItem","position":3,"name":"Ur\u012bna smakas no\u0146em\u0161anas l\u012bdzeklis Excellent Pets 250 ml"}]},{"@type":"WebSite","@id":"https:\/\/miumjau.ee\/#website","url":"https:\/\/miumjau.ee\/","name":"MiuMjau","description":"Kraapimispuud kassidele","publisher":{"@id":"https:\/\/miumjau.ee\/#organization"},"potentialAction":[{"@type":"SearchAction","target":{"@type":"EntryPoint","urlTemplate":"https:\/\/miumjau.ee\/?s={search_term_string}"},"query-input":{"@type":"PropertyValueSpecification","valueRequired":true,"valueName":"search_term_string"}}],"inLanguage":"lv-LV"},{"@type":"Organization","@id":"https:\/\/miumjau.ee\/#organization","name":"MiuMjau O\u00dc","url":"https:\/\/miumjau.ee\/","logo":{"@type":"ImageObject","inLanguage":"lv-LV","@id":"https:\/\/miumjau.ee\/#\/schema\/logo\/image\/","url":"https:\/\/miumjau.ee\/wp-content\/uploads\/2022\/04\/MiuMjau-logo-kollane.png","contentUrl":"https:\/\/miumjau.ee\/wp-content\/uploads\/2022\/04\/MiuMjau-logo-kollane.png","width":219,"height":100,"caption":"MiuMjau O\u00dc"},"image":{"@id":"https:\/\/miumjau.ee\/#\/schema\/logo\/image\/"},"sameAs":["https:\/\/www.facebook.com\/miumjaupood\/"]}]}},"_links":{"self":[{"href":"https:\/\/miumjau.ee\/lv\/wp-json\/wp\/v2\/product\/45131","targetHints":{"allow":["GET"]}}],"collection":[{"href":"https:\/\/miumjau.ee\/lv\/wp-json\/wp\/v2\/product"}],"about":[{"href":"https:\/\/miumjau.ee\/lv\/wp-json\/wp\/v2\/types\/product"}],"wp:featuredmedia":[{"embeddable":true,"href":"https:\/\/miumjau.ee\/lv\/wp-json\/wp\/v2\/media\/47223"}],"wp:attachment":[{"href":"https:\/\/miumjau.ee\/lv\/wp-json\/wp\/v2\/media?parent=45131"}],"wp:term":[{"taxonomy":"product_brand","embeddable":true,"href":"https:\/\/miumjau.ee\/lv\/wp-json\/wp\/v2\/product_brand?post=45131"},{"taxonomy":"product_cat","embeddable":true,"href":"https:\/\/miumjau.ee\/lv\/wp-json\/wp\/v2\/product_cat?post=45131"},{"taxonomy":"product_tag","embeddable":true,"href":"https:\/\/miumjau.ee\/lv\/wp-json\/wp\/v2\/product_tag?post=45131"}],"curies":[{"name":"wp","href":"https:\/\/api.w.org\/{rel}","templated":true}]}}