{"id":45128,"date":"2025-06-29T14:40:57","date_gmt":"2025-06-29T11:40:57","guid":{"rendered":"https:\/\/miumjau.ee\/toode\/kaku-pakaisi-bentonits-northland-baby-powder-10l\/"},"modified":"2026-01-07T21:25:12","modified_gmt":"2026-01-07T19:25:12","slug":"kaku-pakaisi-bentonits-northland-baby-powder-10l","status":"publish","type":"product","link":"https:\/\/miumjau.ee\/lv\/produkts\/kaku-pakaisi-bentonits-northland-baby-powder-10l\/","title":{"rendered":"Ka\u0137u pakai\u0161i benton\u012bts Northland Baby Powder 10L"},"content":{"rendered":"","protected":false},"excerpt":{"rendered":"<p data-start=\"2370\" data-end=\"2658\">Northland Baby Powder benton\u012bta ka\u0137u pakai\u0161i ar b\u0113rnu p\u016bdera arom\u0101tu ir augstas kvalit\u0101tes pakai\u0161i, kas izgatavoti no dab\u012bga benton\u012bta m\u0101la. Tie ir paredz\u0113ti ka\u0137iem, kas nov\u0113rt\u0113 t\u012br\u012bbu un komfortu, jo lieliski uzs\u016bc mitrumu un nepat\u012bkamas smakas, saglab\u0101jot pat\u012bkamu b\u0113rnu p\u016bdera arom\u0101tu.<\/p>\n<p data-start=\"2660\" data-end=\"2684\"><strong data-start=\"2660\" data-end=\"2682\">Galven\u0101s \u012bpa\u0161\u012bbas:<\/strong><\/p>\n<ul data-start=\"2685\" data-end=\"3149\">\n<li data-start=\"2685\" data-end=\"2806\">\n<p data-start=\"2687\" data-end=\"2806\"><strong data-start=\"2687\" data-end=\"2714\">Liela uzs\u016bk\u0161anas sp\u0113ja:<\/strong> Benton\u012bta m\u0101ls efekt\u012bvi uzs\u016bc mitrumu un \u0161\u0137idrumus, uzturot pakai\u0161u virsmu sausu un t\u012bru.<\/p>\n<\/li>\n<li data-start=\"2807\" data-end=\"2927\">\n<p data-start=\"2809\" data-end=\"2927\"><strong data-start=\"2809\" data-end=\"2834\">B\u0113rnu p\u016bdera arom\u0101ts:<\/strong> Pat\u012bkams arom\u0101ts, kas neitraliz\u0113 nepat\u012bkamas smakas un pie\u0161\u0137ir m\u0101j\u0101m svaigu, t\u012bru arom\u0101tu.<\/p>\n<\/li>\n<li data-start=\"2928\" data-end=\"2992\">\n<p data-start=\"2930\" data-end=\"2992\"><strong data-start=\"2930\" data-end=\"2947\">Dro\u0161i ka\u0137iem:<\/strong> Produkts nekairina ka\u0137u \u0137epas un elpce\u013cus.<\/p>\n<\/li>\n<li data-start=\"2993\" data-end=\"3073\">\n<p data-start=\"2995\" data-end=\"3073\"><strong data-start=\"2995\" data-end=\"3013\">Viegli t\u012br\u0101mi:<\/strong> Benton\u012bta pakai\u0161i veido kunku\u013cus, kurus ir viegli iz\u0146emt.<\/p>\n<\/li>\n<li data-start=\"3074\" data-end=\"3116\">\n<p data-start=\"3076\" data-end=\"3116\">Piem\u0113roti da\u017e\u0101da veida pakai\u0161u kast\u0113m.<\/p>\n<\/li>\n<li data-start=\"3117\" data-end=\"3149\">\n<p data-start=\"3119\" data-end=\"3149\"><strong data-start=\"3119\" data-end=\"3147\">Nedr\u012bkst izmest tualet\u0113.<\/strong><\/p>\n<\/li>\n<\/ul>\n<p data-start=\"3151\" data-end=\"3286\">\u0160ie ka\u0137u pakai\u0161i nodro\u0161ina t\u012br\u012bbu un komfortu gan ka\u0137iem, gan to saimniekiem, un pat\u012bkamais b\u0113rnu p\u016bdera arom\u0101ts saglab\u0101jas ilgu laiku.<\/p>\n","protected":false},"featured_media":45123,"template":"","meta":[],"product_brand":[],"product_cat":[563],"product_tag":[],"class_list":{"0":"post-45128","1":"product","2":"type-product","3":"status-publish","4":"has-post-thumbnail","6":"product_cat-kaku-tualetes-smiltis","8":"first","9":"instock","10":"taxable","11":"shipping-taxable","12":"purchasable","13":"product-type-simple"},"yoast_head":"<!-- This site is optimized with the Yoast SEO plugin v27.2 - https:\/\/yoast.com\/product\/yoast-seo-wordpress\/ -->\n<title>Ka\u0137u pakai\u0161i benton\u012bts Northland Baby Powder 10L - MiuMjau<\/title>\n<meta name=\"robots\" content=\"index, follow, max-snippet:-1, max-image-preview:large, max-video-preview:-1\" \/>\n<link rel=\"canonical\" href=\"https:\/\/miumjau.ee\/lv\/produkts\/kaku-pakaisi-bentonits-northland-baby-powder-10l\/\" \/>\n<meta property=\"og:locale\" content=\"lv_LV\" \/>\n<meta property=\"og:type\" content=\"article\" \/>\n<meta property=\"og:title\" content=\"Ka\u0137u pakai\u0161i benton\u012bts Northland Baby Powder 10L - MiuMjau\" \/>\n<meta property=\"og:description\" content=\"Northland Baby Powder benton\u012bta ka\u0137u pakai\u0161i ar b\u0113rnu p\u016bdera arom\u0101tu ir augstas kvalit\u0101tes pakai\u0161i, kas izgatavoti no dab\u012bga benton\u012bta m\u0101la. Tie ir paredz\u0113ti ka\u0137iem, kas nov\u0113rt\u0113 t\u012br\u012bbu un komfortu, jo lieliski uzs\u016bc mitrumu un nepat\u012bkamas smakas, saglab\u0101jot pat\u012bkamu b\u0113rnu p\u016bdera arom\u0101tu. Galven\u0101s \u012bpa\u0161\u012bbas:     Liela uzs\u016bk\u0161anas sp\u0113ja: Benton\u012bta m\u0101ls efekt\u012bvi uzs\u016bc mitrumu un \u0161\u0137idrumus, uzturot pakai\u0161u virsmu sausu un t\u012bru.    B\u0113rnu p\u016bdera arom\u0101ts: Pat\u012bkams arom\u0101ts, kas neitraliz\u0113 nepat\u012bkamas smakas un pie\u0161\u0137ir m\u0101j\u0101m svaigu, t\u012bru arom\u0101tu.    Dro\u0161i ka\u0137iem: Produkts nekairina ka\u0137u \u0137epas un elpce\u013cus.    Viegli t\u012br\u0101mi: Benton\u012bta pakai\u0161i veido kunku\u013cus, kurus ir viegli iz\u0146emt.    Piem\u0113roti da\u017e\u0101da veida pakai\u0161u kast\u0113m.    Nedr\u012bkst izmest tualet\u0113.   \u0160ie ka\u0137u pakai\u0161i nodro\u0161ina t\u012br\u012bbu un komfortu gan ka\u0137iem, gan to saimniekiem, un pat\u012bkamais b\u0113rnu p\u016bdera arom\u0101ts saglab\u0101jas ilgu laiku.\" \/>\n<meta property=\"og:url\" content=\"https:\/\/miumjau.ee\/lv\/produkts\/kaku-pakaisi-bentonits-northland-baby-powder-10l\/\" \/>\n<meta property=\"og:site_name\" content=\"MiuMjau\" \/>\n<meta property=\"article:publisher\" content=\"https:\/\/www.facebook.com\/miumjaupood\/\" \/>\n<meta property=\"article:modified_time\" content=\"2026-01-07T19:25:12+00:00\" \/>\n<meta property=\"og:image\" content=\"https:\/\/miumjau.ee\/wp-content\/uploads\/2025\/05\/Nothland-baby-powder-Photoroom.jpg\" \/>\n\t<meta property=\"og:image:width\" content=\"600\" \/>\n\t<meta property=\"og:image:height\" content=\"800\" \/>\n\t<meta property=\"og:image:type\" content=\"image\/jpeg\" \/>\n<meta name=\"twitter:card\" content=\"summary_large_image\" \/>\n<script type=\"application\/ld+json\" class=\"yoast-schema-graph\">{\"@context\":\"https:\/\/schema.org\",\"@graph\":[{\"@type\":\"WebPage\",\"@id\":\"https:\/\/miumjau.ee\/lv\/produkts\/kaku-pakaisi-bentonits-northland-baby-powder-10l\/\",\"url\":\"https:\/\/miumjau.ee\/lv\/produkts\/kaku-pakaisi-bentonits-northland-baby-powder-10l\/\",\"name\":\"Ka\u0137u pakai\u0161i benton\u012bts Northland Baby Powder 10L - MiuMjau\",\"isPartOf\":{\"@id\":\"https:\/\/miumjau.ee\/#website\"},\"primaryImageOfPage\":{\"@id\":\"https:\/\/miumjau.ee\/lv\/produkts\/kaku-pakaisi-bentonits-northland-baby-powder-10l\/#primaryimage\"},\"image\":{\"@id\":\"https:\/\/miumjau.ee\/lv\/produkts\/kaku-pakaisi-bentonits-northland-baby-powder-10l\/#primaryimage\"},\"thumbnailUrl\":\"https:\/\/miumjau.ee\/wp-content\/uploads\/2025\/05\/Nothland-baby-powder-Photoroom.jpg\",\"datePublished\":\"2025-06-29T11:40:57+00:00\",\"dateModified\":\"2026-01-07T19:25:12+00:00\",\"breadcrumb\":{\"@id\":\"https:\/\/miumjau.ee\/lv\/produkts\/kaku-pakaisi-bentonits-northland-baby-powder-10l\/#breadcrumb\"},\"inLanguage\":\"lv-LV\",\"potentialAction\":[{\"@type\":\"ReadAction\",\"target\":[\"https:\/\/miumjau.ee\/lv\/produkts\/kaku-pakaisi-bentonits-northland-baby-powder-10l\/\"]}]},{\"@type\":\"ImageObject\",\"inLanguage\":\"lv-LV\",\"@id\":\"https:\/\/miumjau.ee\/lv\/produkts\/kaku-pakaisi-bentonits-northland-baby-powder-10l\/#primaryimage\",\"url\":\"https:\/\/miumjau.ee\/wp-content\/uploads\/2025\/05\/Nothland-baby-powder-Photoroom.jpg\",\"contentUrl\":\"https:\/\/miumjau.ee\/wp-content\/uploads\/2025\/05\/Nothland-baby-powder-Photoroom.jpg\",\"width\":600,\"height\":800},{\"@type\":\"BreadcrumbList\",\"@id\":\"https:\/\/miumjau.ee\/lv\/produkts\/kaku-pakaisi-bentonits-northland-baby-powder-10l\/#breadcrumb\",\"itemListElement\":[{\"@type\":\"ListItem\",\"position\":1,\"name\":\"Home\",\"item\":\"https:\/\/miumjau.ee\/lv\/\"},{\"@type\":\"ListItem\",\"position\":2,\"name\":\"Veikals\",\"item\":\"https:\/\/miumjau.ee\/lv\/veikals\/\"},{\"@type\":\"ListItem\",\"position\":3,\"name\":\"Ka\u0137u pakai\u0161i benton\u012bts Northland Baby Powder 10L\"}]},{\"@type\":\"WebSite\",\"@id\":\"https:\/\/miumjau.ee\/#website\",\"url\":\"https:\/\/miumjau.ee\/\",\"name\":\"MiuMjau\",\"description\":\"Kraapimispuud kassidele\",\"publisher\":{\"@id\":\"https:\/\/miumjau.ee\/#organization\"},\"potentialAction\":[{\"@type\":\"SearchAction\",\"target\":{\"@type\":\"EntryPoint\",\"urlTemplate\":\"https:\/\/miumjau.ee\/?s={search_term_string}\"},\"query-input\":{\"@type\":\"PropertyValueSpecification\",\"valueRequired\":true,\"valueName\":\"search_term_string\"}}],\"inLanguage\":\"lv-LV\"},{\"@type\":\"Organization\",\"@id\":\"https:\/\/miumjau.ee\/#organization\",\"name\":\"MiuMjau O\u00dc\",\"url\":\"https:\/\/miumjau.ee\/\",\"logo\":{\"@type\":\"ImageObject\",\"inLanguage\":\"lv-LV\",\"@id\":\"https:\/\/miumjau.ee\/#\/schema\/logo\/image\/\",\"url\":\"https:\/\/miumjau.ee\/wp-content\/uploads\/2022\/04\/MiuMjau-logo-kollane.png\",\"contentUrl\":\"https:\/\/miumjau.ee\/wp-content\/uploads\/2022\/04\/MiuMjau-logo-kollane.png\",\"width\":219,\"height\":100,\"caption\":\"MiuMjau O\u00dc\"},\"image\":{\"@id\":\"https:\/\/miumjau.ee\/#\/schema\/logo\/image\/\"},\"sameAs\":[\"https:\/\/www.facebook.com\/miumjaupood\/\"]}]}<\/script>\n<!-- \/ Yoast SEO plugin. -->","yoast_head_json":{"title":"Ka\u0137u pakai\u0161i benton\u012bts Northland Baby Powder 10L - MiuMjau","robots":{"index":"index","follow":"follow","max-snippet":"max-snippet:-1","max-image-preview":"max-image-preview:large","max-video-preview":"max-video-preview:-1"},"canonical":"https:\/\/miumjau.ee\/lv\/produkts\/kaku-pakaisi-bentonits-northland-baby-powder-10l\/","og_locale":"lv_LV","og_type":"article","og_title":"Ka\u0137u pakai\u0161i benton\u012bts Northland Baby Powder 10L - MiuMjau","og_description":"Northland Baby Powder benton\u012bta ka\u0137u pakai\u0161i ar b\u0113rnu p\u016bdera arom\u0101tu ir augstas kvalit\u0101tes pakai\u0161i, kas izgatavoti no dab\u012bga benton\u012bta m\u0101la. Tie ir paredz\u0113ti ka\u0137iem, kas nov\u0113rt\u0113 t\u012br\u012bbu un komfortu, jo lieliski uzs\u016bc mitrumu un nepat\u012bkamas smakas, saglab\u0101jot pat\u012bkamu b\u0113rnu p\u016bdera arom\u0101tu. Galven\u0101s \u012bpa\u0161\u012bbas:     Liela uzs\u016bk\u0161anas sp\u0113ja: Benton\u012bta m\u0101ls efekt\u012bvi uzs\u016bc mitrumu un \u0161\u0137idrumus, uzturot pakai\u0161u virsmu sausu un t\u012bru.    B\u0113rnu p\u016bdera arom\u0101ts: Pat\u012bkams arom\u0101ts, kas neitraliz\u0113 nepat\u012bkamas smakas un pie\u0161\u0137ir m\u0101j\u0101m svaigu, t\u012bru arom\u0101tu.    Dro\u0161i ka\u0137iem: Produkts nekairina ka\u0137u \u0137epas un elpce\u013cus.    Viegli t\u012br\u0101mi: Benton\u012bta pakai\u0161i veido kunku\u013cus, kurus ir viegli iz\u0146emt.    Piem\u0113roti da\u017e\u0101da veida pakai\u0161u kast\u0113m.    Nedr\u012bkst izmest tualet\u0113.   \u0160ie ka\u0137u pakai\u0161i nodro\u0161ina t\u012br\u012bbu un komfortu gan ka\u0137iem, gan to saimniekiem, un pat\u012bkamais b\u0113rnu p\u016bdera arom\u0101ts saglab\u0101jas ilgu laiku.","og_url":"https:\/\/miumjau.ee\/lv\/produkts\/kaku-pakaisi-bentonits-northland-baby-powder-10l\/","og_site_name":"MiuMjau","article_publisher":"https:\/\/www.facebook.com\/miumjaupood\/","article_modified_time":"2026-01-07T19:25:12+00:00","og_image":[{"width":600,"height":800,"url":"https:\/\/miumjau.ee\/wp-content\/uploads\/2025\/05\/Nothland-baby-powder-Photoroom.jpg","type":"image\/jpeg"}],"twitter_card":"summary_large_image","schema":{"@context":"https:\/\/schema.org","@graph":[{"@type":"WebPage","@id":"https:\/\/miumjau.ee\/lv\/produkts\/kaku-pakaisi-bentonits-northland-baby-powder-10l\/","url":"https:\/\/miumjau.ee\/lv\/produkts\/kaku-pakaisi-bentonits-northland-baby-powder-10l\/","name":"Ka\u0137u pakai\u0161i benton\u012bts Northland Baby Powder 10L - MiuMjau","isPartOf":{"@id":"https:\/\/miumjau.ee\/#website"},"primaryImageOfPage":{"@id":"https:\/\/miumjau.ee\/lv\/produkts\/kaku-pakaisi-bentonits-northland-baby-powder-10l\/#primaryimage"},"image":{"@id":"https:\/\/miumjau.ee\/lv\/produkts\/kaku-pakaisi-bentonits-northland-baby-powder-10l\/#primaryimage"},"thumbnailUrl":"https:\/\/miumjau.ee\/wp-content\/uploads\/2025\/05\/Nothland-baby-powder-Photoroom.jpg","datePublished":"2025-06-29T11:40:57+00:00","dateModified":"2026-01-07T19:25:12+00:00","breadcrumb":{"@id":"https:\/\/miumjau.ee\/lv\/produkts\/kaku-pakaisi-bentonits-northland-baby-powder-10l\/#breadcrumb"},"inLanguage":"lv-LV","potentialAction":[{"@type":"ReadAction","target":["https:\/\/miumjau.ee\/lv\/produkts\/kaku-pakaisi-bentonits-northland-baby-powder-10l\/"]}]},{"@type":"ImageObject","inLanguage":"lv-LV","@id":"https:\/\/miumjau.ee\/lv\/produkts\/kaku-pakaisi-bentonits-northland-baby-powder-10l\/#primaryimage","url":"https:\/\/miumjau.ee\/wp-content\/uploads\/2025\/05\/Nothland-baby-powder-Photoroom.jpg","contentUrl":"https:\/\/miumjau.ee\/wp-content\/uploads\/2025\/05\/Nothland-baby-powder-Photoroom.jpg","width":600,"height":800},{"@type":"BreadcrumbList","@id":"https:\/\/miumjau.ee\/lv\/produkts\/kaku-pakaisi-bentonits-northland-baby-powder-10l\/#breadcrumb","itemListElement":[{"@type":"ListItem","position":1,"name":"Home","item":"https:\/\/miumjau.ee\/lv\/"},{"@type":"ListItem","position":2,"name":"Veikals","item":"https:\/\/miumjau.ee\/lv\/veikals\/"},{"@type":"ListItem","position":3,"name":"Ka\u0137u pakai\u0161i benton\u012bts Northland Baby Powder 10L"}]},{"@type":"WebSite","@id":"https:\/\/miumjau.ee\/#website","url":"https:\/\/miumjau.ee\/","name":"MiuMjau","description":"Kraapimispuud kassidele","publisher":{"@id":"https:\/\/miumjau.ee\/#organization"},"potentialAction":[{"@type":"SearchAction","target":{"@type":"EntryPoint","urlTemplate":"https:\/\/miumjau.ee\/?s={search_term_string}"},"query-input":{"@type":"PropertyValueSpecification","valueRequired":true,"valueName":"search_term_string"}}],"inLanguage":"lv-LV"},{"@type":"Organization","@id":"https:\/\/miumjau.ee\/#organization","name":"MiuMjau O\u00dc","url":"https:\/\/miumjau.ee\/","logo":{"@type":"ImageObject","inLanguage":"lv-LV","@id":"https:\/\/miumjau.ee\/#\/schema\/logo\/image\/","url":"https:\/\/miumjau.ee\/wp-content\/uploads\/2022\/04\/MiuMjau-logo-kollane.png","contentUrl":"https:\/\/miumjau.ee\/wp-content\/uploads\/2022\/04\/MiuMjau-logo-kollane.png","width":219,"height":100,"caption":"MiuMjau O\u00dc"},"image":{"@id":"https:\/\/miumjau.ee\/#\/schema\/logo\/image\/"},"sameAs":["https:\/\/www.facebook.com\/miumjaupood\/"]}]}},"_links":{"self":[{"href":"https:\/\/miumjau.ee\/lv\/wp-json\/wp\/v2\/product\/45128","targetHints":{"allow":["GET"]}}],"collection":[{"href":"https:\/\/miumjau.ee\/lv\/wp-json\/wp\/v2\/product"}],"about":[{"href":"https:\/\/miumjau.ee\/lv\/wp-json\/wp\/v2\/types\/product"}],"wp:featuredmedia":[{"embeddable":true,"href":"https:\/\/miumjau.ee\/lv\/wp-json\/wp\/v2\/media\/45123"}],"wp:attachment":[{"href":"https:\/\/miumjau.ee\/lv\/wp-json\/wp\/v2\/media?parent=45128"}],"wp:term":[{"taxonomy":"product_brand","embeddable":true,"href":"https:\/\/miumjau.ee\/lv\/wp-json\/wp\/v2\/product_brand?post=45128"},{"taxonomy":"product_cat","embeddable":true,"href":"https:\/\/miumjau.ee\/lv\/wp-json\/wp\/v2\/product_cat?post=45128"},{"taxonomy":"product_tag","embeddable":true,"href":"https:\/\/miumjau.ee\/lv\/wp-json\/wp\/v2\/product_tag?post=45128"}],"curies":[{"name":"wp","href":"https:\/\/api.w.org\/{rel}","templated":true}]}}