{"id":45115,"date":"2025-06-29T14:40:57","date_gmt":"2025-06-29T11:40:57","guid":{"rendered":"https:\/\/miumjau.ee\/toode\/kaku-pakaisi-bentonits-northland-marseille-soap-10l\/"},"modified":"2026-01-07T21:25:12","modified_gmt":"2026-01-07T19:25:12","slug":"kaku-pakaisi-bentonits-northland-marseille-soap-10l","status":"publish","type":"product","link":"https:\/\/miumjau.ee\/lv\/produkts\/kaku-pakaisi-bentonits-northland-marseille-soap-10l\/","title":{"rendered":"Ka\u0137u pakai\u0161i benton\u012bts Northland Marseille Soap 10L"},"content":{"rendered":"","protected":false},"excerpt":{"rendered":"<p data-start=\"2377\" data-end=\"2644\">Northland Marseille Soap ir augstas kvalit\u0101tes benton\u012bta ka\u0137u pakai\u0161i ar dabisku, augstu mitruma uzs\u016bk\u0161anas sp\u0113ju un pat\u012bkamu Marse\u013cas ziepju arom\u0101tu. \u0160ie pakai\u0161i ir rad\u012bti, lai nodro\u0161in\u0101tu j\u016bsu ka\u0137im t\u012br\u012bbu un komfortu, k\u0101 ar\u012b pie\u0161\u0137irtu j\u016bsu m\u0101j\u0101m ilgsto\u0161u svaigumu.<\/p>\n<p data-start=\"2646\" data-end=\"2670\"><strong data-start=\"2646\" data-end=\"2668\">Galven\u0101s \u012bpa\u0161\u012bbas:<\/strong><\/p>\n<ul data-start=\"2671\" data-end=\"3270\">\n<li data-start=\"2671\" data-end=\"2842\">\n<p data-start=\"2673\" data-end=\"2842\"><strong data-start=\"2673\" data-end=\"2686\">Benton\u012bts<\/strong> ir dabisks, organisks ka\u0137u pakai\u0161u materi\u0101ls, kas lieliski uzs\u016bc mitrumu un smakas. Tas pal\u012bdz uztur\u0113t pakai\u0161u kasti t\u012bru un samazina nepat\u012bkamu arom\u0101tu.<\/p>\n<\/li>\n<li data-start=\"2843\" data-end=\"2977\">\n<p data-start=\"2845\" data-end=\"2977\"><strong data-start=\"2845\" data-end=\"2872\">Marse\u013cas ziepju arom\u0101ts<\/strong> \u2013 maigs un atsvaidzino\u0161s arom\u0101ts nodro\u0161ina ilgsto\u0161u svaigumu un pal\u012bdz neitraliz\u0113t nepat\u012bkamas smakas.<\/p>\n<\/li>\n<li data-start=\"2978\" data-end=\"3070\">\n<p data-start=\"2980\" data-end=\"3070\"><strong data-start=\"2980\" data-end=\"3006\">\u0100tra mitruma uzs\u016bk\u0161ana<\/strong> \u2013 pakai\u0161i \u0101tri uzs\u016bc ur\u012bnu un uztur ka\u0137im sausu un \u0113rtu vidi.<\/p>\n<\/li>\n<li data-start=\"3071\" data-end=\"3167\">\n<p data-start=\"3073\" data-end=\"3167\"><strong data-start=\"3073\" data-end=\"3090\">Viegli t\u012br\u0101mi<\/strong> \u2013 veidojas kunku\u013ci, kurus ir viegli iz\u0146emt, saglab\u0101jot t\u012br\u012bbu un svaigumu.<\/p>\n<\/li>\n<li data-start=\"3168\" data-end=\"3270\">\n<p data-start=\"3170\" data-end=\"3270\"><strong data-start=\"3170\" data-end=\"3187\">Hipoaler\u0123iski<\/strong> \u2013 pakai\u0161i ir dro\u0161i gan ka\u0137iem, gan cilv\u0113kiem, jo nesatur kait\u012bgas \u0137\u012bmiskas vielas.<\/p>\n<\/li>\n<\/ul>\n","protected":false},"featured_media":45111,"template":"","meta":[],"product_brand":[],"product_cat":[563],"product_tag":[],"class_list":{"0":"post-45115","1":"product","2":"type-product","3":"status-publish","4":"has-post-thumbnail","6":"product_cat-kaku-tualetes-smiltis","8":"first","9":"instock","10":"taxable","11":"shipping-taxable","12":"purchasable","13":"product-type-simple"},"yoast_head":"<!-- This site is optimized with the Yoast SEO plugin v27.2 - https:\/\/yoast.com\/product\/yoast-seo-wordpress\/ -->\n<title>Ka\u0137u pakai\u0161i benton\u012bts Northland Marseille Soap 10L - MiuMjau<\/title>\n<meta name=\"robots\" content=\"index, follow, max-snippet:-1, max-image-preview:large, max-video-preview:-1\" \/>\n<link rel=\"canonical\" href=\"https:\/\/miumjau.ee\/lv\/produkts\/kaku-pakaisi-bentonits-northland-marseille-soap-10l\/\" \/>\n<meta property=\"og:locale\" content=\"lv_LV\" \/>\n<meta property=\"og:type\" content=\"article\" \/>\n<meta property=\"og:title\" content=\"Ka\u0137u pakai\u0161i benton\u012bts Northland Marseille Soap 10L - MiuMjau\" \/>\n<meta property=\"og:description\" content=\"Northland Marseille Soap ir augstas kvalit\u0101tes benton\u012bta ka\u0137u pakai\u0161i ar dabisku, augstu mitruma uzs\u016bk\u0161anas sp\u0113ju un pat\u012bkamu Marse\u013cas ziepju arom\u0101tu. \u0160ie pakai\u0161i ir rad\u012bti, lai nodro\u0161in\u0101tu j\u016bsu ka\u0137im t\u012br\u012bbu un komfortu, k\u0101 ar\u012b pie\u0161\u0137irtu j\u016bsu m\u0101j\u0101m ilgsto\u0161u svaigumu. Galven\u0101s \u012bpa\u0161\u012bbas:     Benton\u012bts ir dabisks, organisks ka\u0137u pakai\u0161u materi\u0101ls, kas lieliski uzs\u016bc mitrumu un smakas. Tas pal\u012bdz uztur\u0113t pakai\u0161u kasti t\u012bru un samazina nepat\u012bkamu arom\u0101tu.    Marse\u013cas ziepju arom\u0101ts \u2013 maigs un atsvaidzino\u0161s arom\u0101ts nodro\u0161ina ilgsto\u0161u svaigumu un pal\u012bdz neitraliz\u0113t nepat\u012bkamas smakas.    \u0100tra mitruma uzs\u016bk\u0161ana \u2013 pakai\u0161i \u0101tri uzs\u016bc ur\u012bnu un uztur ka\u0137im sausu un \u0113rtu vidi.    Viegli t\u012br\u0101mi \u2013 veidojas kunku\u013ci, kurus ir viegli iz\u0146emt, saglab\u0101jot t\u012br\u012bbu un svaigumu.    Hipoaler\u0123iski \u2013 pakai\u0161i ir dro\u0161i gan ka\u0137iem, gan cilv\u0113kiem, jo nesatur kait\u012bgas \u0137\u012bmiskas vielas.\" \/>\n<meta property=\"og:url\" content=\"https:\/\/miumjau.ee\/lv\/produkts\/kaku-pakaisi-bentonits-northland-marseille-soap-10l\/\" \/>\n<meta property=\"og:site_name\" content=\"MiuMjau\" \/>\n<meta property=\"article:publisher\" content=\"https:\/\/www.facebook.com\/miumjaupood\/\" \/>\n<meta property=\"article:modified_time\" content=\"2026-01-07T19:25:12+00:00\" \/>\n<meta property=\"og:image\" content=\"https:\/\/miumjau.ee\/wp-content\/uploads\/2025\/05\/Northland-Marselle-Soap-5l-Photoroom-1.jpg\" \/>\n\t<meta property=\"og:image:width\" content=\"600\" \/>\n\t<meta property=\"og:image:height\" content=\"800\" \/>\n\t<meta property=\"og:image:type\" content=\"image\/jpeg\" \/>\n<meta name=\"twitter:card\" content=\"summary_large_image\" \/>\n<script type=\"application\/ld+json\" class=\"yoast-schema-graph\">{\"@context\":\"https:\/\/schema.org\",\"@graph\":[{\"@type\":\"WebPage\",\"@id\":\"https:\/\/miumjau.ee\/lv\/produkts\/kaku-pakaisi-bentonits-northland-marseille-soap-10l\/\",\"url\":\"https:\/\/miumjau.ee\/lv\/produkts\/kaku-pakaisi-bentonits-northland-marseille-soap-10l\/\",\"name\":\"Ka\u0137u pakai\u0161i benton\u012bts Northland Marseille Soap 10L - MiuMjau\",\"isPartOf\":{\"@id\":\"https:\/\/miumjau.ee\/#website\"},\"primaryImageOfPage\":{\"@id\":\"https:\/\/miumjau.ee\/lv\/produkts\/kaku-pakaisi-bentonits-northland-marseille-soap-10l\/#primaryimage\"},\"image\":{\"@id\":\"https:\/\/miumjau.ee\/lv\/produkts\/kaku-pakaisi-bentonits-northland-marseille-soap-10l\/#primaryimage\"},\"thumbnailUrl\":\"https:\/\/miumjau.ee\/wp-content\/uploads\/2025\/05\/Northland-Marselle-Soap-5l-Photoroom-1.jpg\",\"datePublished\":\"2025-06-29T11:40:57+00:00\",\"dateModified\":\"2026-01-07T19:25:12+00:00\",\"breadcrumb\":{\"@id\":\"https:\/\/miumjau.ee\/lv\/produkts\/kaku-pakaisi-bentonits-northland-marseille-soap-10l\/#breadcrumb\"},\"inLanguage\":\"lv-LV\",\"potentialAction\":[{\"@type\":\"ReadAction\",\"target\":[\"https:\/\/miumjau.ee\/lv\/produkts\/kaku-pakaisi-bentonits-northland-marseille-soap-10l\/\"]}]},{\"@type\":\"ImageObject\",\"inLanguage\":\"lv-LV\",\"@id\":\"https:\/\/miumjau.ee\/lv\/produkts\/kaku-pakaisi-bentonits-northland-marseille-soap-10l\/#primaryimage\",\"url\":\"https:\/\/miumjau.ee\/wp-content\/uploads\/2025\/05\/Northland-Marselle-Soap-5l-Photoroom-1.jpg\",\"contentUrl\":\"https:\/\/miumjau.ee\/wp-content\/uploads\/2025\/05\/Northland-Marselle-Soap-5l-Photoroom-1.jpg\",\"width\":600,\"height\":800},{\"@type\":\"BreadcrumbList\",\"@id\":\"https:\/\/miumjau.ee\/lv\/produkts\/kaku-pakaisi-bentonits-northland-marseille-soap-10l\/#breadcrumb\",\"itemListElement\":[{\"@type\":\"ListItem\",\"position\":1,\"name\":\"Home\",\"item\":\"https:\/\/miumjau.ee\/lv\/\"},{\"@type\":\"ListItem\",\"position\":2,\"name\":\"Veikals\",\"item\":\"https:\/\/miumjau.ee\/lv\/veikals\/\"},{\"@type\":\"ListItem\",\"position\":3,\"name\":\"Ka\u0137u pakai\u0161i benton\u012bts Northland Marseille Soap 10L\"}]},{\"@type\":\"WebSite\",\"@id\":\"https:\/\/miumjau.ee\/#website\",\"url\":\"https:\/\/miumjau.ee\/\",\"name\":\"MiuMjau\",\"description\":\"Kraapimispuud kassidele\",\"publisher\":{\"@id\":\"https:\/\/miumjau.ee\/#organization\"},\"potentialAction\":[{\"@type\":\"SearchAction\",\"target\":{\"@type\":\"EntryPoint\",\"urlTemplate\":\"https:\/\/miumjau.ee\/?s={search_term_string}\"},\"query-input\":{\"@type\":\"PropertyValueSpecification\",\"valueRequired\":true,\"valueName\":\"search_term_string\"}}],\"inLanguage\":\"lv-LV\"},{\"@type\":\"Organization\",\"@id\":\"https:\/\/miumjau.ee\/#organization\",\"name\":\"MiuMjau O\u00dc\",\"url\":\"https:\/\/miumjau.ee\/\",\"logo\":{\"@type\":\"ImageObject\",\"inLanguage\":\"lv-LV\",\"@id\":\"https:\/\/miumjau.ee\/#\/schema\/logo\/image\/\",\"url\":\"https:\/\/miumjau.ee\/wp-content\/uploads\/2022\/04\/MiuMjau-logo-kollane.png\",\"contentUrl\":\"https:\/\/miumjau.ee\/wp-content\/uploads\/2022\/04\/MiuMjau-logo-kollane.png\",\"width\":219,\"height\":100,\"caption\":\"MiuMjau O\u00dc\"},\"image\":{\"@id\":\"https:\/\/miumjau.ee\/#\/schema\/logo\/image\/\"},\"sameAs\":[\"https:\/\/www.facebook.com\/miumjaupood\/\"]}]}<\/script>\n<!-- \/ Yoast SEO plugin. -->","yoast_head_json":{"title":"Ka\u0137u pakai\u0161i benton\u012bts Northland Marseille Soap 10L - MiuMjau","robots":{"index":"index","follow":"follow","max-snippet":"max-snippet:-1","max-image-preview":"max-image-preview:large","max-video-preview":"max-video-preview:-1"},"canonical":"https:\/\/miumjau.ee\/lv\/produkts\/kaku-pakaisi-bentonits-northland-marseille-soap-10l\/","og_locale":"lv_LV","og_type":"article","og_title":"Ka\u0137u pakai\u0161i benton\u012bts Northland Marseille Soap 10L - MiuMjau","og_description":"Northland Marseille Soap ir augstas kvalit\u0101tes benton\u012bta ka\u0137u pakai\u0161i ar dabisku, augstu mitruma uzs\u016bk\u0161anas sp\u0113ju un pat\u012bkamu Marse\u013cas ziepju arom\u0101tu. \u0160ie pakai\u0161i ir rad\u012bti, lai nodro\u0161in\u0101tu j\u016bsu ka\u0137im t\u012br\u012bbu un komfortu, k\u0101 ar\u012b pie\u0161\u0137irtu j\u016bsu m\u0101j\u0101m ilgsto\u0161u svaigumu. Galven\u0101s \u012bpa\u0161\u012bbas:     Benton\u012bts ir dabisks, organisks ka\u0137u pakai\u0161u materi\u0101ls, kas lieliski uzs\u016bc mitrumu un smakas. Tas pal\u012bdz uztur\u0113t pakai\u0161u kasti t\u012bru un samazina nepat\u012bkamu arom\u0101tu.    Marse\u013cas ziepju arom\u0101ts \u2013 maigs un atsvaidzino\u0161s arom\u0101ts nodro\u0161ina ilgsto\u0161u svaigumu un pal\u012bdz neitraliz\u0113t nepat\u012bkamas smakas.    \u0100tra mitruma uzs\u016bk\u0161ana \u2013 pakai\u0161i \u0101tri uzs\u016bc ur\u012bnu un uztur ka\u0137im sausu un \u0113rtu vidi.    Viegli t\u012br\u0101mi \u2013 veidojas kunku\u013ci, kurus ir viegli iz\u0146emt, saglab\u0101jot t\u012br\u012bbu un svaigumu.    Hipoaler\u0123iski \u2013 pakai\u0161i ir dro\u0161i gan ka\u0137iem, gan cilv\u0113kiem, jo nesatur kait\u012bgas \u0137\u012bmiskas vielas.","og_url":"https:\/\/miumjau.ee\/lv\/produkts\/kaku-pakaisi-bentonits-northland-marseille-soap-10l\/","og_site_name":"MiuMjau","article_publisher":"https:\/\/www.facebook.com\/miumjaupood\/","article_modified_time":"2026-01-07T19:25:12+00:00","og_image":[{"width":600,"height":800,"url":"https:\/\/miumjau.ee\/wp-content\/uploads\/2025\/05\/Northland-Marselle-Soap-5l-Photoroom-1.jpg","type":"image\/jpeg"}],"twitter_card":"summary_large_image","schema":{"@context":"https:\/\/schema.org","@graph":[{"@type":"WebPage","@id":"https:\/\/miumjau.ee\/lv\/produkts\/kaku-pakaisi-bentonits-northland-marseille-soap-10l\/","url":"https:\/\/miumjau.ee\/lv\/produkts\/kaku-pakaisi-bentonits-northland-marseille-soap-10l\/","name":"Ka\u0137u pakai\u0161i benton\u012bts Northland Marseille Soap 10L - MiuMjau","isPartOf":{"@id":"https:\/\/miumjau.ee\/#website"},"primaryImageOfPage":{"@id":"https:\/\/miumjau.ee\/lv\/produkts\/kaku-pakaisi-bentonits-northland-marseille-soap-10l\/#primaryimage"},"image":{"@id":"https:\/\/miumjau.ee\/lv\/produkts\/kaku-pakaisi-bentonits-northland-marseille-soap-10l\/#primaryimage"},"thumbnailUrl":"https:\/\/miumjau.ee\/wp-content\/uploads\/2025\/05\/Northland-Marselle-Soap-5l-Photoroom-1.jpg","datePublished":"2025-06-29T11:40:57+00:00","dateModified":"2026-01-07T19:25:12+00:00","breadcrumb":{"@id":"https:\/\/miumjau.ee\/lv\/produkts\/kaku-pakaisi-bentonits-northland-marseille-soap-10l\/#breadcrumb"},"inLanguage":"lv-LV","potentialAction":[{"@type":"ReadAction","target":["https:\/\/miumjau.ee\/lv\/produkts\/kaku-pakaisi-bentonits-northland-marseille-soap-10l\/"]}]},{"@type":"ImageObject","inLanguage":"lv-LV","@id":"https:\/\/miumjau.ee\/lv\/produkts\/kaku-pakaisi-bentonits-northland-marseille-soap-10l\/#primaryimage","url":"https:\/\/miumjau.ee\/wp-content\/uploads\/2025\/05\/Northland-Marselle-Soap-5l-Photoroom-1.jpg","contentUrl":"https:\/\/miumjau.ee\/wp-content\/uploads\/2025\/05\/Northland-Marselle-Soap-5l-Photoroom-1.jpg","width":600,"height":800},{"@type":"BreadcrumbList","@id":"https:\/\/miumjau.ee\/lv\/produkts\/kaku-pakaisi-bentonits-northland-marseille-soap-10l\/#breadcrumb","itemListElement":[{"@type":"ListItem","position":1,"name":"Home","item":"https:\/\/miumjau.ee\/lv\/"},{"@type":"ListItem","position":2,"name":"Veikals","item":"https:\/\/miumjau.ee\/lv\/veikals\/"},{"@type":"ListItem","position":3,"name":"Ka\u0137u pakai\u0161i benton\u012bts Northland Marseille Soap 10L"}]},{"@type":"WebSite","@id":"https:\/\/miumjau.ee\/#website","url":"https:\/\/miumjau.ee\/","name":"MiuMjau","description":"Kraapimispuud kassidele","publisher":{"@id":"https:\/\/miumjau.ee\/#organization"},"potentialAction":[{"@type":"SearchAction","target":{"@type":"EntryPoint","urlTemplate":"https:\/\/miumjau.ee\/?s={search_term_string}"},"query-input":{"@type":"PropertyValueSpecification","valueRequired":true,"valueName":"search_term_string"}}],"inLanguage":"lv-LV"},{"@type":"Organization","@id":"https:\/\/miumjau.ee\/#organization","name":"MiuMjau O\u00dc","url":"https:\/\/miumjau.ee\/","logo":{"@type":"ImageObject","inLanguage":"lv-LV","@id":"https:\/\/miumjau.ee\/#\/schema\/logo\/image\/","url":"https:\/\/miumjau.ee\/wp-content\/uploads\/2022\/04\/MiuMjau-logo-kollane.png","contentUrl":"https:\/\/miumjau.ee\/wp-content\/uploads\/2022\/04\/MiuMjau-logo-kollane.png","width":219,"height":100,"caption":"MiuMjau O\u00dc"},"image":{"@id":"https:\/\/miumjau.ee\/#\/schema\/logo\/image\/"},"sameAs":["https:\/\/www.facebook.com\/miumjaupood\/"]}]}},"_links":{"self":[{"href":"https:\/\/miumjau.ee\/lv\/wp-json\/wp\/v2\/product\/45115","targetHints":{"allow":["GET"]}}],"collection":[{"href":"https:\/\/miumjau.ee\/lv\/wp-json\/wp\/v2\/product"}],"about":[{"href":"https:\/\/miumjau.ee\/lv\/wp-json\/wp\/v2\/types\/product"}],"wp:featuredmedia":[{"embeddable":true,"href":"https:\/\/miumjau.ee\/lv\/wp-json\/wp\/v2\/media\/45111"}],"wp:attachment":[{"href":"https:\/\/miumjau.ee\/lv\/wp-json\/wp\/v2\/media?parent=45115"}],"wp:term":[{"taxonomy":"product_brand","embeddable":true,"href":"https:\/\/miumjau.ee\/lv\/wp-json\/wp\/v2\/product_brand?post=45115"},{"taxonomy":"product_cat","embeddable":true,"href":"https:\/\/miumjau.ee\/lv\/wp-json\/wp\/v2\/product_cat?post=45115"},{"taxonomy":"product_tag","embeddable":true,"href":"https:\/\/miumjau.ee\/lv\/wp-json\/wp\/v2\/product_tag?post=45115"}],"curies":[{"name":"wp","href":"https:\/\/api.w.org\/{rel}","templated":true}]}}