{"id":45099,"date":"2025-06-29T14:52:30","date_gmt":"2025-06-29T11:52:30","guid":{"rendered":"https:\/\/miumjau.ee\/toode\/kaku-pakaisi-bentonita-northland-extra-carbon-10l\/"},"modified":"2026-01-07T21:25:19","modified_gmt":"2026-01-07T19:25:19","slug":"kaku-pakaisi-bentonita-northland-extra-carbon-10l","status":"publish","type":"product","link":"https:\/\/miumjau.ee\/lv\/produkts\/kaku-pakaisi-bentonita-northland-extra-carbon-10l\/","title":{"rendered":"Ka\u0137u pakai\u0161i benton\u012bta Northland Extra Carbon 10L"},"content":{"rendered":"","protected":false},"excerpt":{"rendered":"<p data-start=\"2649\" data-end=\"2998\">Northland benton\u012bta ka\u0137u pakai\u0161i ir augstas kvalit\u0101tes pakai\u0161i, kas izgatavoti no dab\u012bga benton\u012bta m\u0101la. Tie ir paredz\u0113ti ka\u0137iem, kuri nov\u0113rt\u0113 t\u012br\u012bbu un komfortu, jo \u0161iem pakai\u0161iem ir lieliska sp\u0113ja uzs\u016bkt mitrumu un nepat\u012bkamas smakas, saglab\u0101jot dabisku arom\u0101tu. Ide\u0101li piem\u0113roti jut\u012bgiem ka\u0137iem un saimniekiem, kuri nepanes aromatiz\u0113tus pakai\u0161us.<\/p>\n<p data-start=\"3000\" data-end=\"3024\"><strong data-start=\"3000\" data-end=\"3022\">Galven\u0101s \u012bpa\u0161\u012bbas:<\/strong><\/p>\n<ul data-start=\"3025\" data-end=\"3562\">\n<li data-start=\"3025\" data-end=\"3146\">\n<p data-start=\"3027\" data-end=\"3146\"><strong data-start=\"3027\" data-end=\"3054\">Liela uzs\u016bk\u0161anas sp\u0113ja:<\/strong> Benton\u012bta m\u0101ls efekt\u012bvi uzs\u016bc mitrumu un \u0161\u0137idrumus, uzturot pakai\u0161u virsmu sausu un t\u012bru.<\/p>\n<\/li>\n<li data-start=\"3147\" data-end=\"3291\">\n<p data-start=\"3149\" data-end=\"3291\"><strong data-start=\"3149\" data-end=\"3165\">Akt\u012bv\u0101 ogle:<\/strong> Efekt\u012bvi uzs\u016bc nepat\u012bkamas smakas un mitrumu, nodro\u0161inot ilgsto\u0161u svaigumu. Ogle pal\u012bdz ar\u012b samazin\u0101t bakt\u0113riju vairo\u0161anos.<\/p>\n<\/li>\n<li data-start=\"3292\" data-end=\"3315\">\n<p data-start=\"3294\" data-end=\"3315\"><strong data-start=\"3294\" data-end=\"3313\">Dabisks arom\u0101ts<\/strong><\/p>\n<\/li>\n<li data-start=\"3316\" data-end=\"3393\">\n<p data-start=\"3318\" data-end=\"3393\"><strong data-start=\"3318\" data-end=\"3335\">Dro\u0161i ka\u0137iem:<\/strong> Produkts ir dro\u0161s un nekairina ka\u0137a \u0137epas vai elpce\u013cus.<\/p>\n<\/li>\n<li data-start=\"3394\" data-end=\"3486\">\n<p data-start=\"3396\" data-end=\"3486\"><strong data-start=\"3396\" data-end=\"3414\">Viegli t\u012br\u0101mi:<\/strong> Benton\u012bta pakai\u0161i veido kunku\u013cus, kas atvieglo t\u012br\u012b\u0161anu un iz\u0146em\u0161anu.<\/p>\n<\/li>\n<li data-start=\"3487\" data-end=\"3529\">\n<p data-start=\"3489\" data-end=\"3529\">Piem\u0113roti da\u017e\u0101da veida pakai\u0161u kast\u0113m.<\/p>\n<\/li>\n<li data-start=\"3530\" data-end=\"3562\">\n<p data-start=\"3532\" data-end=\"3562\"><strong data-start=\"3532\" data-end=\"3560\">Nedr\u012bkst izmest tualet\u0113.<\/strong><\/p>\n<\/li>\n<\/ul>\n<p data-start=\"3564\" data-end=\"3676\">\u0160ie ka\u0137u pakai\u0161i nodro\u0161ina komfortu un t\u012br\u012bbu gan ka\u0137iem, gan to saimniekiem. Uztur svaig\u0101ku gaisu ilg\u0101ku laiku.<\/p>\n","protected":false},"featured_media":45098,"template":"","meta":[],"product_brand":[],"product_cat":[563],"product_tag":[],"class_list":{"0":"post-45099","1":"product","2":"type-product","3":"status-publish","4":"has-post-thumbnail","6":"product_cat-kaku-tualetes-smiltis","8":"first","9":"instock","10":"sale","11":"taxable","12":"shipping-taxable","13":"purchasable","14":"product-type-simple"},"yoast_head":"<!-- This site is optimized with the Yoast SEO plugin v27.2 - https:\/\/yoast.com\/product\/yoast-seo-wordpress\/ -->\n<title>Ka\u0137u pakai\u0161i benton\u012bta Northland Extra Carbon 10L - MiuMjau<\/title>\n<meta name=\"robots\" content=\"index, follow, max-snippet:-1, max-image-preview:large, max-video-preview:-1\" \/>\n<link rel=\"canonical\" href=\"https:\/\/miumjau.ee\/lv\/produkts\/kaku-pakaisi-bentonita-northland-extra-carbon-10l\/\" \/>\n<meta property=\"og:locale\" content=\"lv_LV\" \/>\n<meta property=\"og:type\" content=\"article\" \/>\n<meta property=\"og:title\" content=\"Ka\u0137u pakai\u0161i benton\u012bta Northland Extra Carbon 10L - MiuMjau\" \/>\n<meta property=\"og:description\" content=\"Northland benton\u012bta ka\u0137u pakai\u0161i ir augstas kvalit\u0101tes pakai\u0161i, kas izgatavoti no dab\u012bga benton\u012bta m\u0101la. Tie ir paredz\u0113ti ka\u0137iem, kuri nov\u0113rt\u0113 t\u012br\u012bbu un komfortu, jo \u0161iem pakai\u0161iem ir lieliska sp\u0113ja uzs\u016bkt mitrumu un nepat\u012bkamas smakas, saglab\u0101jot dabisku arom\u0101tu. Ide\u0101li piem\u0113roti jut\u012bgiem ka\u0137iem un saimniekiem, kuri nepanes aromatiz\u0113tus pakai\u0161us. Galven\u0101s \u012bpa\u0161\u012bbas:     Liela uzs\u016bk\u0161anas sp\u0113ja: Benton\u012bta m\u0101ls efekt\u012bvi uzs\u016bc mitrumu un \u0161\u0137idrumus, uzturot pakai\u0161u virsmu sausu un t\u012bru.    Akt\u012bv\u0101 ogle: Efekt\u012bvi uzs\u016bc nepat\u012bkamas smakas un mitrumu, nodro\u0161inot ilgsto\u0161u svaigumu. Ogle pal\u012bdz ar\u012b samazin\u0101t bakt\u0113riju vairo\u0161anos.    Dabisks arom\u0101ts    Dro\u0161i ka\u0137iem: Produkts ir dro\u0161s un nekairina ka\u0137a \u0137epas vai elpce\u013cus.    Viegli t\u012br\u0101mi: Benton\u012bta pakai\u0161i veido kunku\u013cus, kas atvieglo t\u012br\u012b\u0161anu un iz\u0146em\u0161anu.    Piem\u0113roti da\u017e\u0101da veida pakai\u0161u kast\u0113m.    Nedr\u012bkst izmest tualet\u0113.   \u0160ie ka\u0137u pakai\u0161i nodro\u0161ina komfortu un t\u012br\u012bbu gan ka\u0137iem, gan to saimniekiem. Uztur svaig\u0101ku gaisu ilg\u0101ku laiku.\" \/>\n<meta property=\"og:url\" content=\"https:\/\/miumjau.ee\/lv\/produkts\/kaku-pakaisi-bentonita-northland-extra-carbon-10l\/\" \/>\n<meta property=\"og:site_name\" content=\"MiuMjau\" \/>\n<meta property=\"article:publisher\" content=\"https:\/\/www.facebook.com\/miumjaupood\/\" \/>\n<meta property=\"article:modified_time\" content=\"2026-01-07T19:25:19+00:00\" \/>\n<meta property=\"og:image\" content=\"https:\/\/miumjau.ee\/wp-content\/uploads\/2025\/06\/northland-bentoniit-kassiliiv2.jpg\" \/>\n\t<meta property=\"og:image:width\" content=\"600\" \/>\n\t<meta property=\"og:image:height\" content=\"800\" \/>\n\t<meta property=\"og:image:type\" content=\"image\/jpeg\" \/>\n<meta name=\"twitter:card\" content=\"summary_large_image\" \/>\n<script type=\"application\/ld+json\" class=\"yoast-schema-graph\">{\"@context\":\"https:\/\/schema.org\",\"@graph\":[{\"@type\":\"WebPage\",\"@id\":\"https:\/\/miumjau.ee\/lv\/produkts\/kaku-pakaisi-bentonita-northland-extra-carbon-10l\/\",\"url\":\"https:\/\/miumjau.ee\/lv\/produkts\/kaku-pakaisi-bentonita-northland-extra-carbon-10l\/\",\"name\":\"Ka\u0137u pakai\u0161i benton\u012bta Northland Extra Carbon 10L - MiuMjau\",\"isPartOf\":{\"@id\":\"https:\/\/miumjau.ee\/#website\"},\"primaryImageOfPage\":{\"@id\":\"https:\/\/miumjau.ee\/lv\/produkts\/kaku-pakaisi-bentonita-northland-extra-carbon-10l\/#primaryimage\"},\"image\":{\"@id\":\"https:\/\/miumjau.ee\/lv\/produkts\/kaku-pakaisi-bentonita-northland-extra-carbon-10l\/#primaryimage\"},\"thumbnailUrl\":\"https:\/\/miumjau.ee\/wp-content\/uploads\/2025\/06\/northland-bentoniit-kassiliiv2.jpg\",\"datePublished\":\"2025-06-29T11:52:30+00:00\",\"dateModified\":\"2026-01-07T19:25:19+00:00\",\"breadcrumb\":{\"@id\":\"https:\/\/miumjau.ee\/lv\/produkts\/kaku-pakaisi-bentonita-northland-extra-carbon-10l\/#breadcrumb\"},\"inLanguage\":\"lv-LV\",\"potentialAction\":[{\"@type\":\"ReadAction\",\"target\":[\"https:\/\/miumjau.ee\/lv\/produkts\/kaku-pakaisi-bentonita-northland-extra-carbon-10l\/\"]}]},{\"@type\":\"ImageObject\",\"inLanguage\":\"lv-LV\",\"@id\":\"https:\/\/miumjau.ee\/lv\/produkts\/kaku-pakaisi-bentonita-northland-extra-carbon-10l\/#primaryimage\",\"url\":\"https:\/\/miumjau.ee\/wp-content\/uploads\/2025\/06\/northland-bentoniit-kassiliiv2.jpg\",\"contentUrl\":\"https:\/\/miumjau.ee\/wp-content\/uploads\/2025\/06\/northland-bentoniit-kassiliiv2.jpg\",\"width\":600,\"height\":800},{\"@type\":\"BreadcrumbList\",\"@id\":\"https:\/\/miumjau.ee\/lv\/produkts\/kaku-pakaisi-bentonita-northland-extra-carbon-10l\/#breadcrumb\",\"itemListElement\":[{\"@type\":\"ListItem\",\"position\":1,\"name\":\"Home\",\"item\":\"https:\/\/miumjau.ee\/lv\/\"},{\"@type\":\"ListItem\",\"position\":2,\"name\":\"Veikals\",\"item\":\"https:\/\/miumjau.ee\/lv\/veikals\/\"},{\"@type\":\"ListItem\",\"position\":3,\"name\":\"Ka\u0137u pakai\u0161i benton\u012bta Northland Extra Carbon 10L\"}]},{\"@type\":\"WebSite\",\"@id\":\"https:\/\/miumjau.ee\/#website\",\"url\":\"https:\/\/miumjau.ee\/\",\"name\":\"MiuMjau\",\"description\":\"Kraapimispuud kassidele\",\"publisher\":{\"@id\":\"https:\/\/miumjau.ee\/#organization\"},\"potentialAction\":[{\"@type\":\"SearchAction\",\"target\":{\"@type\":\"EntryPoint\",\"urlTemplate\":\"https:\/\/miumjau.ee\/?s={search_term_string}\"},\"query-input\":{\"@type\":\"PropertyValueSpecification\",\"valueRequired\":true,\"valueName\":\"search_term_string\"}}],\"inLanguage\":\"lv-LV\"},{\"@type\":\"Organization\",\"@id\":\"https:\/\/miumjau.ee\/#organization\",\"name\":\"MiuMjau O\u00dc\",\"url\":\"https:\/\/miumjau.ee\/\",\"logo\":{\"@type\":\"ImageObject\",\"inLanguage\":\"lv-LV\",\"@id\":\"https:\/\/miumjau.ee\/#\/schema\/logo\/image\/\",\"url\":\"https:\/\/miumjau.ee\/wp-content\/uploads\/2022\/04\/MiuMjau-logo-kollane.png\",\"contentUrl\":\"https:\/\/miumjau.ee\/wp-content\/uploads\/2022\/04\/MiuMjau-logo-kollane.png\",\"width\":219,\"height\":100,\"caption\":\"MiuMjau O\u00dc\"},\"image\":{\"@id\":\"https:\/\/miumjau.ee\/#\/schema\/logo\/image\/\"},\"sameAs\":[\"https:\/\/www.facebook.com\/miumjaupood\/\"]}]}<\/script>\n<!-- \/ Yoast SEO plugin. -->","yoast_head_json":{"title":"Ka\u0137u pakai\u0161i benton\u012bta Northland Extra Carbon 10L - MiuMjau","robots":{"index":"index","follow":"follow","max-snippet":"max-snippet:-1","max-image-preview":"max-image-preview:large","max-video-preview":"max-video-preview:-1"},"canonical":"https:\/\/miumjau.ee\/lv\/produkts\/kaku-pakaisi-bentonita-northland-extra-carbon-10l\/","og_locale":"lv_LV","og_type":"article","og_title":"Ka\u0137u pakai\u0161i benton\u012bta Northland Extra Carbon 10L - MiuMjau","og_description":"Northland benton\u012bta ka\u0137u pakai\u0161i ir augstas kvalit\u0101tes pakai\u0161i, kas izgatavoti no dab\u012bga benton\u012bta m\u0101la. Tie ir paredz\u0113ti ka\u0137iem, kuri nov\u0113rt\u0113 t\u012br\u012bbu un komfortu, jo \u0161iem pakai\u0161iem ir lieliska sp\u0113ja uzs\u016bkt mitrumu un nepat\u012bkamas smakas, saglab\u0101jot dabisku arom\u0101tu. Ide\u0101li piem\u0113roti jut\u012bgiem ka\u0137iem un saimniekiem, kuri nepanes aromatiz\u0113tus pakai\u0161us. Galven\u0101s \u012bpa\u0161\u012bbas:     Liela uzs\u016bk\u0161anas sp\u0113ja: Benton\u012bta m\u0101ls efekt\u012bvi uzs\u016bc mitrumu un \u0161\u0137idrumus, uzturot pakai\u0161u virsmu sausu un t\u012bru.    Akt\u012bv\u0101 ogle: Efekt\u012bvi uzs\u016bc nepat\u012bkamas smakas un mitrumu, nodro\u0161inot ilgsto\u0161u svaigumu. Ogle pal\u012bdz ar\u012b samazin\u0101t bakt\u0113riju vairo\u0161anos.    Dabisks arom\u0101ts    Dro\u0161i ka\u0137iem: Produkts ir dro\u0161s un nekairina ka\u0137a \u0137epas vai elpce\u013cus.    Viegli t\u012br\u0101mi: Benton\u012bta pakai\u0161i veido kunku\u013cus, kas atvieglo t\u012br\u012b\u0161anu un iz\u0146em\u0161anu.    Piem\u0113roti da\u017e\u0101da veida pakai\u0161u kast\u0113m.    Nedr\u012bkst izmest tualet\u0113.   \u0160ie ka\u0137u pakai\u0161i nodro\u0161ina komfortu un t\u012br\u012bbu gan ka\u0137iem, gan to saimniekiem. Uztur svaig\u0101ku gaisu ilg\u0101ku laiku.","og_url":"https:\/\/miumjau.ee\/lv\/produkts\/kaku-pakaisi-bentonita-northland-extra-carbon-10l\/","og_site_name":"MiuMjau","article_publisher":"https:\/\/www.facebook.com\/miumjaupood\/","article_modified_time":"2026-01-07T19:25:19+00:00","og_image":[{"width":600,"height":800,"url":"https:\/\/miumjau.ee\/wp-content\/uploads\/2025\/06\/northland-bentoniit-kassiliiv2.jpg","type":"image\/jpeg"}],"twitter_card":"summary_large_image","schema":{"@context":"https:\/\/schema.org","@graph":[{"@type":"WebPage","@id":"https:\/\/miumjau.ee\/lv\/produkts\/kaku-pakaisi-bentonita-northland-extra-carbon-10l\/","url":"https:\/\/miumjau.ee\/lv\/produkts\/kaku-pakaisi-bentonita-northland-extra-carbon-10l\/","name":"Ka\u0137u pakai\u0161i benton\u012bta Northland Extra Carbon 10L - MiuMjau","isPartOf":{"@id":"https:\/\/miumjau.ee\/#website"},"primaryImageOfPage":{"@id":"https:\/\/miumjau.ee\/lv\/produkts\/kaku-pakaisi-bentonita-northland-extra-carbon-10l\/#primaryimage"},"image":{"@id":"https:\/\/miumjau.ee\/lv\/produkts\/kaku-pakaisi-bentonita-northland-extra-carbon-10l\/#primaryimage"},"thumbnailUrl":"https:\/\/miumjau.ee\/wp-content\/uploads\/2025\/06\/northland-bentoniit-kassiliiv2.jpg","datePublished":"2025-06-29T11:52:30+00:00","dateModified":"2026-01-07T19:25:19+00:00","breadcrumb":{"@id":"https:\/\/miumjau.ee\/lv\/produkts\/kaku-pakaisi-bentonita-northland-extra-carbon-10l\/#breadcrumb"},"inLanguage":"lv-LV","potentialAction":[{"@type":"ReadAction","target":["https:\/\/miumjau.ee\/lv\/produkts\/kaku-pakaisi-bentonita-northland-extra-carbon-10l\/"]}]},{"@type":"ImageObject","inLanguage":"lv-LV","@id":"https:\/\/miumjau.ee\/lv\/produkts\/kaku-pakaisi-bentonita-northland-extra-carbon-10l\/#primaryimage","url":"https:\/\/miumjau.ee\/wp-content\/uploads\/2025\/06\/northland-bentoniit-kassiliiv2.jpg","contentUrl":"https:\/\/miumjau.ee\/wp-content\/uploads\/2025\/06\/northland-bentoniit-kassiliiv2.jpg","width":600,"height":800},{"@type":"BreadcrumbList","@id":"https:\/\/miumjau.ee\/lv\/produkts\/kaku-pakaisi-bentonita-northland-extra-carbon-10l\/#breadcrumb","itemListElement":[{"@type":"ListItem","position":1,"name":"Home","item":"https:\/\/miumjau.ee\/lv\/"},{"@type":"ListItem","position":2,"name":"Veikals","item":"https:\/\/miumjau.ee\/lv\/veikals\/"},{"@type":"ListItem","position":3,"name":"Ka\u0137u pakai\u0161i benton\u012bta Northland Extra Carbon 10L"}]},{"@type":"WebSite","@id":"https:\/\/miumjau.ee\/#website","url":"https:\/\/miumjau.ee\/","name":"MiuMjau","description":"Kraapimispuud kassidele","publisher":{"@id":"https:\/\/miumjau.ee\/#organization"},"potentialAction":[{"@type":"SearchAction","target":{"@type":"EntryPoint","urlTemplate":"https:\/\/miumjau.ee\/?s={search_term_string}"},"query-input":{"@type":"PropertyValueSpecification","valueRequired":true,"valueName":"search_term_string"}}],"inLanguage":"lv-LV"},{"@type":"Organization","@id":"https:\/\/miumjau.ee\/#organization","name":"MiuMjau O\u00dc","url":"https:\/\/miumjau.ee\/","logo":{"@type":"ImageObject","inLanguage":"lv-LV","@id":"https:\/\/miumjau.ee\/#\/schema\/logo\/image\/","url":"https:\/\/miumjau.ee\/wp-content\/uploads\/2022\/04\/MiuMjau-logo-kollane.png","contentUrl":"https:\/\/miumjau.ee\/wp-content\/uploads\/2022\/04\/MiuMjau-logo-kollane.png","width":219,"height":100,"caption":"MiuMjau O\u00dc"},"image":{"@id":"https:\/\/miumjau.ee\/#\/schema\/logo\/image\/"},"sameAs":["https:\/\/www.facebook.com\/miumjaupood\/"]}]}},"_links":{"self":[{"href":"https:\/\/miumjau.ee\/lv\/wp-json\/wp\/v2\/product\/45099","targetHints":{"allow":["GET"]}}],"collection":[{"href":"https:\/\/miumjau.ee\/lv\/wp-json\/wp\/v2\/product"}],"about":[{"href":"https:\/\/miumjau.ee\/lv\/wp-json\/wp\/v2\/types\/product"}],"wp:featuredmedia":[{"embeddable":true,"href":"https:\/\/miumjau.ee\/lv\/wp-json\/wp\/v2\/media\/45098"}],"wp:attachment":[{"href":"https:\/\/miumjau.ee\/lv\/wp-json\/wp\/v2\/media?parent=45099"}],"wp:term":[{"taxonomy":"product_brand","embeddable":true,"href":"https:\/\/miumjau.ee\/lv\/wp-json\/wp\/v2\/product_brand?post=45099"},{"taxonomy":"product_cat","embeddable":true,"href":"https:\/\/miumjau.ee\/lv\/wp-json\/wp\/v2\/product_cat?post=45099"},{"taxonomy":"product_tag","embeddable":true,"href":"https:\/\/miumjau.ee\/lv\/wp-json\/wp\/v2\/product_tag?post=45099"}],"curies":[{"name":"wp","href":"https:\/\/api.w.org\/{rel}","templated":true}]}}