{"id":45077,"date":"2025-10-04T18:52:02","date_gmt":"2025-10-04T15:52:02","guid":{"rendered":"https:\/\/miumjau.ee\/toode\/tofu-kaku-pakaisi-uniq-pets-lavanda-6x-2-5-kg\/"},"modified":"2026-01-07T21:25:19","modified_gmt":"2026-01-07T19:25:19","slug":"tofu-kaku-pakaisi-uniq-pets-lavanda-6x-2-5-kg","status":"publish","type":"product","link":"https:\/\/miumjau.ee\/lv\/produkts\/tofu-kaku-pakaisi-uniq-pets-lavanda-6x-2-5-kg\/","title":{"rendered":"Tofu ka\u0137u pakai\u0161i Uniq Pets lavanda 6x 2.5 kg"},"content":{"rendered":"","protected":false},"excerpt":{"rendered":"<p data-start=\"85\" data-end=\"237\">Biolo\u0123iski no\u0101rd\u0101mi un videi draudz\u012bgi, viegli un ar augstu uzs\u016bk\u0161anas sp\u0113ju, ka\u0137iem dro\u0161i un \u0137ep\u0101m maigi, bag\u0101tin\u0101ti ar atsvaidzino\u0161u lavandas arom\u0101tu.<\/p>\n<p data-start=\"239\" data-end=\"296\"><strong data-start=\"239\" data-end=\"249\">Svars:<\/strong> 2,5 kg \/ 6 l (P\u0101rdodams vesels kasts \u2014 6 gab.)<\/p>\n<p data-start=\"298\" data-end=\"376\"><strong data-start=\"298\" data-end=\"310\">Sast\u0101vs:<\/strong> zir\u0146u \u0161\u0137iedras 55%, \u0113damais kukur\u016bzas cietes 44%, gu\u0101ra sve\u0137i 1%.<\/p>\n<p data-start=\"378\" data-end=\"504\"><strong data-start=\"378\" data-end=\"385\">PS!<\/strong> MiuMjau apstiprina, ka tie ir vieni no lab\u0101kajiem tofu pakai\u0161iem \u0161aj\u0101 cenu kategorij\u0101 \u2014 iztur\u012bgi un patie\u0161\u0101m uzticami!<\/p>\n","protected":false},"featured_media":45019,"template":"","meta":[],"product_brand":[],"product_cat":[563],"product_tag":[],"class_list":{"0":"post-45077","1":"product","2":"type-product","3":"status-publish","4":"has-post-thumbnail","6":"product_cat-kaku-tualetes-smiltis","8":"first","9":"instock","10":"taxable","11":"shipping-taxable","12":"purchasable","13":"product-type-simple"},"yoast_head":"<!-- This site is optimized with the Yoast SEO plugin v27.2 - https:\/\/yoast.com\/product\/yoast-seo-wordpress\/ -->\n<title>Tofu ka\u0137u pakai\u0161i Uniq Pets lavanda 6x 2.5 kg - MiuMjau<\/title>\n<meta name=\"robots\" content=\"index, follow, max-snippet:-1, max-image-preview:large, max-video-preview:-1\" \/>\n<link rel=\"canonical\" href=\"https:\/\/miumjau.ee\/lv\/produkts\/tofu-kaku-pakaisi-uniq-pets-lavanda-6x-2-5-kg\/\" \/>\n<meta property=\"og:locale\" content=\"lv_LV\" \/>\n<meta property=\"og:type\" content=\"article\" \/>\n<meta property=\"og:title\" content=\"Tofu ka\u0137u pakai\u0161i Uniq Pets lavanda 6x 2.5 kg - MiuMjau\" \/>\n<meta property=\"og:description\" content=\"Biolo\u0123iski no\u0101rd\u0101mi un videi draudz\u012bgi, viegli un ar augstu uzs\u016bk\u0161anas sp\u0113ju, ka\u0137iem dro\u0161i un \u0137ep\u0101m maigi, bag\u0101tin\u0101ti ar atsvaidzino\u0161u lavandas arom\u0101tu. Svars: 2,5 kg \/ 6 l (P\u0101rdodams vesels kasts \u2014 6 gab.) Sast\u0101vs: zir\u0146u \u0161\u0137iedras 55%, \u0113damais kukur\u016bzas cietes 44%, gu\u0101ra sve\u0137i 1%. PS! MiuMjau apstiprina, ka tie ir vieni no lab\u0101kajiem tofu pakai\u0161iem \u0161aj\u0101 cenu kategorij\u0101 \u2014 iztur\u012bgi un patie\u0161\u0101m uzticami!\" \/>\n<meta property=\"og:url\" content=\"https:\/\/miumjau.ee\/lv\/produkts\/tofu-kaku-pakaisi-uniq-pets-lavanda-6x-2-5-kg\/\" \/>\n<meta property=\"og:site_name\" content=\"MiuMjau\" \/>\n<meta property=\"article:publisher\" content=\"https:\/\/www.facebook.com\/miumjaupood\/\" \/>\n<meta property=\"article:modified_time\" content=\"2026-01-07T19:25:19+00:00\" \/>\n<meta property=\"og:image\" content=\"https:\/\/miumjau.ee\/wp-content\/uploads\/2025\/10\/tofu-kassiliiv-kast10.jpg\" \/>\n\t<meta property=\"og:image:width\" content=\"1200\" \/>\n\t<meta property=\"og:image:height\" content=\"1600\" \/>\n\t<meta property=\"og:image:type\" content=\"image\/jpeg\" \/>\n<meta name=\"twitter:card\" content=\"summary_large_image\" \/>\n<script type=\"application\/ld+json\" class=\"yoast-schema-graph\">{\"@context\":\"https:\/\/schema.org\",\"@graph\":[{\"@type\":\"WebPage\",\"@id\":\"https:\/\/miumjau.ee\/lv\/produkts\/tofu-kaku-pakaisi-uniq-pets-lavanda-6x-2-5-kg\/\",\"url\":\"https:\/\/miumjau.ee\/lv\/produkts\/tofu-kaku-pakaisi-uniq-pets-lavanda-6x-2-5-kg\/\",\"name\":\"Tofu ka\u0137u pakai\u0161i Uniq Pets lavanda 6x 2.5 kg - MiuMjau\",\"isPartOf\":{\"@id\":\"https:\/\/miumjau.ee\/#website\"},\"primaryImageOfPage\":{\"@id\":\"https:\/\/miumjau.ee\/lv\/produkts\/tofu-kaku-pakaisi-uniq-pets-lavanda-6x-2-5-kg\/#primaryimage\"},\"image\":{\"@id\":\"https:\/\/miumjau.ee\/lv\/produkts\/tofu-kaku-pakaisi-uniq-pets-lavanda-6x-2-5-kg\/#primaryimage\"},\"thumbnailUrl\":\"https:\/\/miumjau.ee\/wp-content\/uploads\/2025\/10\/tofu-kassiliiv-kast10.jpg\",\"datePublished\":\"2025-10-04T15:52:02+00:00\",\"dateModified\":\"2026-01-07T19:25:19+00:00\",\"breadcrumb\":{\"@id\":\"https:\/\/miumjau.ee\/lv\/produkts\/tofu-kaku-pakaisi-uniq-pets-lavanda-6x-2-5-kg\/#breadcrumb\"},\"inLanguage\":\"lv-LV\",\"potentialAction\":[{\"@type\":\"ReadAction\",\"target\":[\"https:\/\/miumjau.ee\/lv\/produkts\/tofu-kaku-pakaisi-uniq-pets-lavanda-6x-2-5-kg\/\"]}]},{\"@type\":\"ImageObject\",\"inLanguage\":\"lv-LV\",\"@id\":\"https:\/\/miumjau.ee\/lv\/produkts\/tofu-kaku-pakaisi-uniq-pets-lavanda-6x-2-5-kg\/#primaryimage\",\"url\":\"https:\/\/miumjau.ee\/wp-content\/uploads\/2025\/10\/tofu-kassiliiv-kast10.jpg\",\"contentUrl\":\"https:\/\/miumjau.ee\/wp-content\/uploads\/2025\/10\/tofu-kassiliiv-kast10.jpg\",\"width\":1200,\"height\":1600,\"caption\":\"Tofu kassiliiv Uniq Pets lavendel 6x 2.5kg\"},{\"@type\":\"BreadcrumbList\",\"@id\":\"https:\/\/miumjau.ee\/lv\/produkts\/tofu-kaku-pakaisi-uniq-pets-lavanda-6x-2-5-kg\/#breadcrumb\",\"itemListElement\":[{\"@type\":\"ListItem\",\"position\":1,\"name\":\"Home\",\"item\":\"https:\/\/miumjau.ee\/lv\/\"},{\"@type\":\"ListItem\",\"position\":2,\"name\":\"Veikals\",\"item\":\"https:\/\/miumjau.ee\/lv\/veikals\/\"},{\"@type\":\"ListItem\",\"position\":3,\"name\":\"Tofu ka\u0137u pakai\u0161i Uniq Pets lavanda 6x 2.5 kg\"}]},{\"@type\":\"WebSite\",\"@id\":\"https:\/\/miumjau.ee\/#website\",\"url\":\"https:\/\/miumjau.ee\/\",\"name\":\"MiuMjau\",\"description\":\"Kraapimispuud kassidele\",\"publisher\":{\"@id\":\"https:\/\/miumjau.ee\/#organization\"},\"potentialAction\":[{\"@type\":\"SearchAction\",\"target\":{\"@type\":\"EntryPoint\",\"urlTemplate\":\"https:\/\/miumjau.ee\/?s={search_term_string}\"},\"query-input\":{\"@type\":\"PropertyValueSpecification\",\"valueRequired\":true,\"valueName\":\"search_term_string\"}}],\"inLanguage\":\"lv-LV\"},{\"@type\":\"Organization\",\"@id\":\"https:\/\/miumjau.ee\/#organization\",\"name\":\"MiuMjau O\u00dc\",\"url\":\"https:\/\/miumjau.ee\/\",\"logo\":{\"@type\":\"ImageObject\",\"inLanguage\":\"lv-LV\",\"@id\":\"https:\/\/miumjau.ee\/#\/schema\/logo\/image\/\",\"url\":\"https:\/\/miumjau.ee\/wp-content\/uploads\/2022\/04\/MiuMjau-logo-kollane.png\",\"contentUrl\":\"https:\/\/miumjau.ee\/wp-content\/uploads\/2022\/04\/MiuMjau-logo-kollane.png\",\"width\":219,\"height\":100,\"caption\":\"MiuMjau O\u00dc\"},\"image\":{\"@id\":\"https:\/\/miumjau.ee\/#\/schema\/logo\/image\/\"},\"sameAs\":[\"https:\/\/www.facebook.com\/miumjaupood\/\"]}]}<\/script>\n<!-- \/ Yoast SEO plugin. -->","yoast_head_json":{"title":"Tofu ka\u0137u pakai\u0161i Uniq Pets lavanda 6x 2.5 kg - MiuMjau","robots":{"index":"index","follow":"follow","max-snippet":"max-snippet:-1","max-image-preview":"max-image-preview:large","max-video-preview":"max-video-preview:-1"},"canonical":"https:\/\/miumjau.ee\/lv\/produkts\/tofu-kaku-pakaisi-uniq-pets-lavanda-6x-2-5-kg\/","og_locale":"lv_LV","og_type":"article","og_title":"Tofu ka\u0137u pakai\u0161i Uniq Pets lavanda 6x 2.5 kg - MiuMjau","og_description":"Biolo\u0123iski no\u0101rd\u0101mi un videi draudz\u012bgi, viegli un ar augstu uzs\u016bk\u0161anas sp\u0113ju, ka\u0137iem dro\u0161i un \u0137ep\u0101m maigi, bag\u0101tin\u0101ti ar atsvaidzino\u0161u lavandas arom\u0101tu. Svars: 2,5 kg \/ 6 l (P\u0101rdodams vesels kasts \u2014 6 gab.) Sast\u0101vs: zir\u0146u \u0161\u0137iedras 55%, \u0113damais kukur\u016bzas cietes 44%, gu\u0101ra sve\u0137i 1%. PS! MiuMjau apstiprina, ka tie ir vieni no lab\u0101kajiem tofu pakai\u0161iem \u0161aj\u0101 cenu kategorij\u0101 \u2014 iztur\u012bgi un patie\u0161\u0101m uzticami!","og_url":"https:\/\/miumjau.ee\/lv\/produkts\/tofu-kaku-pakaisi-uniq-pets-lavanda-6x-2-5-kg\/","og_site_name":"MiuMjau","article_publisher":"https:\/\/www.facebook.com\/miumjaupood\/","article_modified_time":"2026-01-07T19:25:19+00:00","og_image":[{"width":1200,"height":1600,"url":"https:\/\/miumjau.ee\/wp-content\/uploads\/2025\/10\/tofu-kassiliiv-kast10.jpg","type":"image\/jpeg"}],"twitter_card":"summary_large_image","schema":{"@context":"https:\/\/schema.org","@graph":[{"@type":"WebPage","@id":"https:\/\/miumjau.ee\/lv\/produkts\/tofu-kaku-pakaisi-uniq-pets-lavanda-6x-2-5-kg\/","url":"https:\/\/miumjau.ee\/lv\/produkts\/tofu-kaku-pakaisi-uniq-pets-lavanda-6x-2-5-kg\/","name":"Tofu ka\u0137u pakai\u0161i Uniq Pets lavanda 6x 2.5 kg - MiuMjau","isPartOf":{"@id":"https:\/\/miumjau.ee\/#website"},"primaryImageOfPage":{"@id":"https:\/\/miumjau.ee\/lv\/produkts\/tofu-kaku-pakaisi-uniq-pets-lavanda-6x-2-5-kg\/#primaryimage"},"image":{"@id":"https:\/\/miumjau.ee\/lv\/produkts\/tofu-kaku-pakaisi-uniq-pets-lavanda-6x-2-5-kg\/#primaryimage"},"thumbnailUrl":"https:\/\/miumjau.ee\/wp-content\/uploads\/2025\/10\/tofu-kassiliiv-kast10.jpg","datePublished":"2025-10-04T15:52:02+00:00","dateModified":"2026-01-07T19:25:19+00:00","breadcrumb":{"@id":"https:\/\/miumjau.ee\/lv\/produkts\/tofu-kaku-pakaisi-uniq-pets-lavanda-6x-2-5-kg\/#breadcrumb"},"inLanguage":"lv-LV","potentialAction":[{"@type":"ReadAction","target":["https:\/\/miumjau.ee\/lv\/produkts\/tofu-kaku-pakaisi-uniq-pets-lavanda-6x-2-5-kg\/"]}]},{"@type":"ImageObject","inLanguage":"lv-LV","@id":"https:\/\/miumjau.ee\/lv\/produkts\/tofu-kaku-pakaisi-uniq-pets-lavanda-6x-2-5-kg\/#primaryimage","url":"https:\/\/miumjau.ee\/wp-content\/uploads\/2025\/10\/tofu-kassiliiv-kast10.jpg","contentUrl":"https:\/\/miumjau.ee\/wp-content\/uploads\/2025\/10\/tofu-kassiliiv-kast10.jpg","width":1200,"height":1600,"caption":"Tofu kassiliiv Uniq Pets lavendel 6x 2.5kg"},{"@type":"BreadcrumbList","@id":"https:\/\/miumjau.ee\/lv\/produkts\/tofu-kaku-pakaisi-uniq-pets-lavanda-6x-2-5-kg\/#breadcrumb","itemListElement":[{"@type":"ListItem","position":1,"name":"Home","item":"https:\/\/miumjau.ee\/lv\/"},{"@type":"ListItem","position":2,"name":"Veikals","item":"https:\/\/miumjau.ee\/lv\/veikals\/"},{"@type":"ListItem","position":3,"name":"Tofu ka\u0137u pakai\u0161i Uniq Pets lavanda 6x 2.5 kg"}]},{"@type":"WebSite","@id":"https:\/\/miumjau.ee\/#website","url":"https:\/\/miumjau.ee\/","name":"MiuMjau","description":"Kraapimispuud kassidele","publisher":{"@id":"https:\/\/miumjau.ee\/#organization"},"potentialAction":[{"@type":"SearchAction","target":{"@type":"EntryPoint","urlTemplate":"https:\/\/miumjau.ee\/?s={search_term_string}"},"query-input":{"@type":"PropertyValueSpecification","valueRequired":true,"valueName":"search_term_string"}}],"inLanguage":"lv-LV"},{"@type":"Organization","@id":"https:\/\/miumjau.ee\/#organization","name":"MiuMjau O\u00dc","url":"https:\/\/miumjau.ee\/","logo":{"@type":"ImageObject","inLanguage":"lv-LV","@id":"https:\/\/miumjau.ee\/#\/schema\/logo\/image\/","url":"https:\/\/miumjau.ee\/wp-content\/uploads\/2022\/04\/MiuMjau-logo-kollane.png","contentUrl":"https:\/\/miumjau.ee\/wp-content\/uploads\/2022\/04\/MiuMjau-logo-kollane.png","width":219,"height":100,"caption":"MiuMjau O\u00dc"},"image":{"@id":"https:\/\/miumjau.ee\/#\/schema\/logo\/image\/"},"sameAs":["https:\/\/www.facebook.com\/miumjaupood\/"]}]}},"_links":{"self":[{"href":"https:\/\/miumjau.ee\/lv\/wp-json\/wp\/v2\/product\/45077","targetHints":{"allow":["GET"]}}],"collection":[{"href":"https:\/\/miumjau.ee\/lv\/wp-json\/wp\/v2\/product"}],"about":[{"href":"https:\/\/miumjau.ee\/lv\/wp-json\/wp\/v2\/types\/product"}],"wp:featuredmedia":[{"embeddable":true,"href":"https:\/\/miumjau.ee\/lv\/wp-json\/wp\/v2\/media\/45019"}],"wp:attachment":[{"href":"https:\/\/miumjau.ee\/lv\/wp-json\/wp\/v2\/media?parent=45077"}],"wp:term":[{"taxonomy":"product_brand","embeddable":true,"href":"https:\/\/miumjau.ee\/lv\/wp-json\/wp\/v2\/product_brand?post=45077"},{"taxonomy":"product_cat","embeddable":true,"href":"https:\/\/miumjau.ee\/lv\/wp-json\/wp\/v2\/product_cat?post=45077"},{"taxonomy":"product_tag","embeddable":true,"href":"https:\/\/miumjau.ee\/lv\/wp-json\/wp\/v2\/product_tag?post=45077"}],"curies":[{"name":"wp","href":"https:\/\/api.w.org\/{rel}","templated":true}]}}