{"id":45074,"date":"2025-03-21T11:59:36","date_gmt":"2025-03-21T09:59:36","guid":{"rendered":"https:\/\/miumjau.ee\/toode\/tofu-kaku-pakaisi-papai-nano-technology-2-mm-5-kg\/"},"modified":"2026-01-07T21:25:19","modified_gmt":"2026-01-07T19:25:19","slug":"tofu-kaku-pakaisi-papai-nano-technology-2-mm-5-kg","status":"publish","type":"product","link":"https:\/\/miumjau.ee\/lv\/produkts\/tofu-kaku-pakaisi-papai-nano-technology-2-mm-5-kg\/","title":{"rendered":"Tofu ka\u0137u pakai\u0161i Papai Nano-technology 2 mm, 5 kg"},"content":{"rendered":"","protected":false},"excerpt":{"rendered":"<p data-start=\"95\" data-end=\"200\">Profesion\u0101la arom\u0101tu kontrole, dab\u012bgs dezodorants, ar autentisku antibakteri\u0101lo ka\u0137u pakai\u0161u sertifik\u0101tu.<\/p>\n<p data-start=\"202\" data-end=\"948\"><strong data-start=\"202\" data-end=\"254\">Tofu ka\u0137u pakai\u0161i, kuriem tie\u0161\u0101m var uztic\u0113ties!<\/strong><br data-start=\"254\" data-end=\"257\" \/>Papai Nano Antibakteri\u0101lie tofu pakai\u0161i pace\u013c ka\u0137u pakai\u0161u standartu jaun\u0101 l\u012bmen\u012b. Izmantojot nanotehnolo\u0123iju, pakai\u0161iem ir pievienoti antibakteri\u0101li miner\u0101li, kas padara tos patiesi antibakteri\u0101lus. To apstiprina Honkongas STC test\u0113\u0161anas centrs \u2013 antibakteri\u0101l\u0101 efektivit\u0101te p\u0101rsniedz 90%!<br data-start=\"547\" data-end=\"550\" \/>Tie ne tikai izn\u012bcina bakt\u0113rijas, bet ar\u012b efekt\u012bvi neitraliz\u0113 nepat\u012bkamas smakas. Tas b\u016btiski samazina ka\u0137u saskari ar bakt\u0113rij\u0101m un v\u012brusiem, pal\u012bdz nov\u0113rst ur\u012bnce\u013cu infekcijas un aizsarg\u0101 m\u0101jdz\u012bvnieka vesel\u012bbu un m\u0101jas higi\u0113nu. Profesion\u0101l\u0101 dezodor\u0113jo\u0161\u0101 iedarb\u012bba ir daudz sp\u0113c\u012bg\u0101ka nek\u0101 citiem tofu pakai\u0161iem tirg\u016b. M\u0113s patiesi iesak\u0101m visiem ka\u0137u \u012bpa\u0161niekiem izm\u0113\u0123in\u0101t m\u016bsu inovat\u012bvos pakai\u0161us!<\/p>\n<p data-start=\"950\" data-end=\"1091\"><strong data-start=\"950\" data-end=\"962\">Sast\u0101vs:<\/strong> 90% zir\u0146u \u0161\u0137iedru mais\u012bjums (zir\u0146u \u0161\u0137iedras, sojas masas, kukur\u016bzas milti, Nano antibakteri\u0101lie miner\u0101li), gu\u0101ra sve\u0137i un \u016bdens.<\/p>\n<hr data-start=\"1093\" data-end=\"1096\" \/>\n<h2 data-start=\"1098\" data-end=\"1189\"><strong data-start=\"1101\" data-end=\"1189\">K\u0101p\u0113c izv\u0113l\u0113ties Papai ka\u0137u pakai\u0161us? Ar ko tie at\u0161\u0137iras no l\u0113t\u0101kiem tofu pakai\u0161iem?<\/strong><\/h2>\n<ul data-start=\"1191\" data-end=\"1830\">\n<li data-start=\"1191\" data-end=\"1222\">\n<p data-start=\"1193\" data-end=\"1222\"><strong data-start=\"1193\" data-end=\"1220\">Ilg\u0101ks kalpo\u0161anas laiks<\/strong><\/p>\n<\/li>\n<li data-start=\"1223\" data-end=\"1307\">\n<p data-start=\"1225\" data-end=\"1307\"><strong data-start=\"1225\" data-end=\"1264\">Var izmantot l\u012bdz p\u0113d\u0113jam graudi\u0146am<\/strong>, nav j\u0101izmet viss saturs t\u012br\u012b\u0161anas laik\u0101<\/p>\n<\/li>\n<li data-start=\"1308\" data-end=\"1437\">\n<p data-start=\"1310\" data-end=\"1437\"><strong data-start=\"1310\" data-end=\"1338\">Daudz augst\u0101ka kvalit\u0101te<\/strong> (Tofu pakai\u0161u kvalit\u0101ti nosaka zir\u0146u miltu daudzums) \u2013 Papai tofu satur vismaz 80% zir\u0146u miltus!<\/p>\n<\/li>\n<li data-start=\"1438\" data-end=\"1469\">\n<p data-start=\"1440\" data-end=\"1469\"><strong data-start=\"1440\" data-end=\"1467\">Veido stingrus kunku\u013cus<\/strong><\/p>\n<\/li>\n<li data-start=\"1470\" data-end=\"1549\">\n<p data-start=\"1472\" data-end=\"1549\"><strong data-start=\"1472\" data-end=\"1511\">Lieliski uzs\u016bc un neitraliz\u0113 smakas<\/strong>, pateicoties augstv\u0113rt\u012bgam sast\u0101vam<\/p>\n<\/li>\n<li data-start=\"1550\" data-end=\"1719\">\n<p data-start=\"1552\" data-end=\"1719\"><strong data-start=\"1552\" data-end=\"1576\">\u0100tr\u0101s uzs\u016bk\u0161an\u0101s d\u0113\u013c<\/strong> ur\u012bna kunku\u013ci nepiel\u012bp kast\u012btes apak\u0161ai \u2014 tie sabl\u012bv\u0113jas jau pirms t\u0101s sasnieg\u0161anas. P\u0101rliecinieties, ka kast\u0113 ir pietiekams pakai\u0161u sl\u0101nis.<\/p>\n<\/li>\n<li data-start=\"1720\" data-end=\"1830\">\n<p data-start=\"1722\" data-end=\"1830\"><strong data-start=\"1722\" data-end=\"1744\">Dro\u0161i ar\u012b ka\u0137\u0113niem<\/strong> (neliel\u0101 daudzum\u0101 var nor\u012bt), jo nav pievienoti arom\u0101ti vai citi nev\u0113lami piedevas.<\/p>\n<\/li>\n<\/ul>\n<hr data-start=\"1832\" data-end=\"1835\" \/>\n<h2 data-start=\"1837\" data-end=\"1866\"><strong data-start=\"1840\" data-end=\"1866\">Lieto\u0161anas instrukcija<\/strong><\/h2>\n<p data-start=\"1867\" data-end=\"2170\">Izb\u0113rt vismaz 5 cm sl\u0101ni tofu ka\u0137u pakai\u0161u kast\u012btes apak\u0161\u0101. Regul\u0101ri no\u0146emt kunku\u013cus. Kad pakai\u0161u l\u012bmenis s\u0101k kristies, papildin\u0101t ar jaunu daudzumu. Nano tehnolo\u0123ij\u0101 balst\u012btus tofu pakai\u0161us <strong data-start=\"2058\" data-end=\"2078\">nedr\u012bkst sajaukt<\/strong> ar citiem tofu pakai\u0161iem. Izveidotos kunku\u013cus dr\u012bkst izmest tualet\u0113 <strong data-start=\"2147\" data-end=\"2169\">nelielos daudzumos<\/strong>.<\/p>\n<p data-start=\"2172\" data-end=\"2244\"><strong data-start=\"2172\" data-end=\"2187\">Iepakojums:<\/strong> 5 kg \u2014 \u0113rti piepilda ar\u012b liel\u0101ka izm\u0113ra pakai\u0161u kast\u012bti.<\/p>\n<p data-start=\"2246\" data-end=\"2400\"><strong data-start=\"2246\" data-end=\"2260\">MiuMjau O\u00dc<\/strong> ir ofici\u0101lais Papai tofu ka\u0137u pakai\u0161u import\u0113t\u0101js un l\u012bdz \u0161im <strong data-start=\"2323\" data-end=\"2336\">VIEN\u012aGAIS<\/strong> Eirop\u0101. Izmanto iesp\u0113ju un izm\u0113\u0123ini lab\u0101kos tofu ka\u0137u pakai\u0161us!<\/p>\n","protected":false},"featured_media":44979,"template":"","meta":[],"product_brand":[],"product_cat":[563,573],"product_tag":[],"class_list":{"0":"post-45074","1":"product","2":"type-product","3":"status-publish","4":"has-post-thumbnail","6":"product_cat-kaku-tualetes-smiltis","7":"product_cat-kaup24-lv","9":"first","10":"instock","11":"sale","12":"taxable","13":"shipping-taxable","14":"purchasable","15":"product-type-simple"},"yoast_head":"<!-- This site is optimized with the Yoast SEO plugin v27.4 - https:\/\/yoast.com\/product\/yoast-seo-wordpress\/ -->\n<title>Tofu ka\u0137u pakai\u0161i Papai Nano-technology 2 mm, 5 kg - MiuMjau<\/title>\n<meta name=\"robots\" content=\"index, follow, max-snippet:-1, max-image-preview:large, max-video-preview:-1\" \/>\n<link rel=\"canonical\" href=\"https:\/\/miumjau.ee\/lv\/produkts\/tofu-kaku-pakaisi-papai-nano-technology-2-mm-5-kg\/\" \/>\n<meta property=\"og:locale\" content=\"lv_LV\" \/>\n<meta property=\"og:type\" content=\"article\" \/>\n<meta property=\"og:title\" content=\"Tofu ka\u0137u pakai\u0161i Papai Nano-technology 2 mm, 5 kg - MiuMjau\" \/>\n<meta property=\"og:description\" content=\"Profesion\u0101la arom\u0101tu kontrole, dab\u012bgs dezodorants, ar autentisku antibakteri\u0101lo ka\u0137u pakai\u0161u sertifik\u0101tu. Tofu ka\u0137u pakai\u0161i, kuriem tie\u0161\u0101m var uztic\u0113ties!Papai Nano Antibakteri\u0101lie tofu pakai\u0161i pace\u013c ka\u0137u pakai\u0161u standartu jaun\u0101 l\u012bmen\u012b. Izmantojot nanotehnolo\u0123iju, pakai\u0161iem ir pievienoti antibakteri\u0101li miner\u0101li, kas padara tos patiesi antibakteri\u0101lus. To apstiprina Honkongas STC test\u0113\u0161anas centrs \u2013 antibakteri\u0101l\u0101 efektivit\u0101te p\u0101rsniedz 90%!Tie ne tikai izn\u012bcina bakt\u0113rijas, bet ar\u012b efekt\u012bvi neitraliz\u0113 nepat\u012bkamas smakas. Tas b\u016btiski samazina ka\u0137u saskari ar bakt\u0113rij\u0101m un v\u012brusiem, pal\u012bdz nov\u0113rst ur\u012bnce\u013cu infekcijas un aizsarg\u0101 m\u0101jdz\u012bvnieka vesel\u012bbu un m\u0101jas higi\u0113nu. Profesion\u0101l\u0101 dezodor\u0113jo\u0161\u0101 iedarb\u012bba ir daudz sp\u0113c\u012bg\u0101ka nek\u0101 citiem tofu pakai\u0161iem tirg\u016b. M\u0113s patiesi iesak\u0101m visiem ka\u0137u \u012bpa\u0161niekiem izm\u0113\u0123in\u0101t m\u016bsu inovat\u012bvos pakai\u0161us! Sast\u0101vs: 90% zir\u0146u \u0161\u0137iedru mais\u012bjums (zir\u0146u \u0161\u0137iedras, sojas masas, kukur\u016bzas milti, Nano antibakteri\u0101lie miner\u0101li), gu\u0101ra sve\u0137i un \u016bdens.     K\u0101p\u0113c izv\u0113l\u0113ties Papai ka\u0137u pakai\u0161us? Ar ko tie at\u0161\u0137iras no l\u0113t\u0101kiem tofu pakai\u0161iem?    Ilg\u0101ks kalpo\u0161anas laiks    Var izmantot l\u012bdz p\u0113d\u0113jam graudi\u0146am, nav j\u0101izmet viss saturs t\u012br\u012b\u0161anas laik\u0101    Daudz augst\u0101ka kvalit\u0101te (Tofu pakai\u0161u kvalit\u0101ti nosaka zir\u0146u miltu daudzums) \u2013 Papai tofu satur vismaz 80% zir\u0146u miltus!    Veido stingrus kunku\u013cus    Lieliski uzs\u016bc un neitraliz\u0113 smakas, pateicoties augstv\u0113rt\u012bgam sast\u0101vam    \u0100tr\u0101s uzs\u016bk\u0161an\u0101s d\u0113\u013c ur\u012bna kunku\u013ci nepiel\u012bp kast\u012btes apak\u0161ai \u2014 tie sabl\u012bv\u0113jas jau pirms t\u0101s sasnieg\u0161anas. P\u0101rliecinieties, ka kast\u0113 ir pietiekams pakai\u0161u sl\u0101nis.    Dro\u0161i ar\u012b ka\u0137\u0113niem (neliel\u0101 daudzum\u0101 var nor\u012bt), jo nav pievienoti arom\u0101ti vai citi nev\u0113lami piedevas.      Lieto\u0161anas instrukcija Izb\u0113rt vismaz 5 cm sl\u0101ni tofu ka\u0137u pakai\u0161u kast\u012btes apak\u0161\u0101. Regul\u0101ri no\u0146emt kunku\u013cus. Kad pakai\u0161u l\u012bmenis s\u0101k kristies, papildin\u0101t ar jaunu daudzumu. Nano tehnolo\u0123ij\u0101 balst\u012btus tofu pakai\u0161us nedr\u012bkst sajaukt ar citiem tofu pakai\u0161iem. Izveidotos kunku\u013cus dr\u012bkst izmest tualet\u0113 nelielos daudzumos. Iepakojums: 5 kg \u2014 \u0113rti piepilda ar\u012b liel\u0101ka izm\u0113ra pakai\u0161u kast\u012bti. MiuMjau O\u00dc ir ofici\u0101lais Papai tofu ka\u0137u pakai\u0161u import\u0113t\u0101js un l\u012bdz \u0161im VIEN\u012aGAIS Eirop\u0101. Izmanto iesp\u0113ju un izm\u0113\u0123ini lab\u0101kos tofu ka\u0137u pakai\u0161us!\" \/>\n<meta property=\"og:url\" content=\"https:\/\/miumjau.ee\/lv\/produkts\/tofu-kaku-pakaisi-papai-nano-technology-2-mm-5-kg\/\" \/>\n<meta property=\"og:site_name\" content=\"MiuMjau\" \/>\n<meta property=\"article:publisher\" content=\"https:\/\/www.facebook.com\/miumjaupood\/\" \/>\n<meta property=\"article:modified_time\" content=\"2026-01-07T19:25:19+00:00\" \/>\n<meta property=\"og:image\" content=\"https:\/\/miumjau.ee\/wp-content\/uploads\/2025\/10\/tofu-kassiliiv-papai1-1.jpg\" \/>\n\t<meta property=\"og:image:width\" content=\"600\" \/>\n\t<meta property=\"og:image:height\" content=\"800\" \/>\n\t<meta property=\"og:image:type\" content=\"image\/jpeg\" \/>\n<meta name=\"twitter:card\" content=\"summary_large_image\" \/>\n<script type=\"application\/ld+json\" class=\"yoast-schema-graph\">{\"@context\":\"https:\\\/\\\/schema.org\",\"@graph\":[{\"@type\":\"WebPage\",\"@id\":\"https:\\\/\\\/miumjau.ee\\\/lv\\\/produkts\\\/tofu-kaku-pakaisi-papai-nano-technology-2-mm-5-kg\\\/\",\"url\":\"https:\\\/\\\/miumjau.ee\\\/lv\\\/produkts\\\/tofu-kaku-pakaisi-papai-nano-technology-2-mm-5-kg\\\/\",\"name\":\"Tofu ka\u0137u pakai\u0161i Papai Nano-technology 2 mm, 5 kg - MiuMjau\",\"isPartOf\":{\"@id\":\"https:\\\/\\\/miumjau.ee\\\/#website\"},\"primaryImageOfPage\":{\"@id\":\"https:\\\/\\\/miumjau.ee\\\/lv\\\/produkts\\\/tofu-kaku-pakaisi-papai-nano-technology-2-mm-5-kg\\\/#primaryimage\"},\"image\":{\"@id\":\"https:\\\/\\\/miumjau.ee\\\/lv\\\/produkts\\\/tofu-kaku-pakaisi-papai-nano-technology-2-mm-5-kg\\\/#primaryimage\"},\"thumbnailUrl\":\"https:\\\/\\\/miumjau.ee\\\/wp-content\\\/uploads\\\/2025\\\/10\\\/tofu-kassiliiv-papai1-1.jpg\",\"datePublished\":\"2025-03-21T09:59:36+00:00\",\"dateModified\":\"2026-01-07T19:25:19+00:00\",\"breadcrumb\":{\"@id\":\"https:\\\/\\\/miumjau.ee\\\/lv\\\/produkts\\\/tofu-kaku-pakaisi-papai-nano-technology-2-mm-5-kg\\\/#breadcrumb\"},\"inLanguage\":\"lv-LV\",\"potentialAction\":[{\"@type\":\"ReadAction\",\"target\":[\"https:\\\/\\\/miumjau.ee\\\/lv\\\/produkts\\\/tofu-kaku-pakaisi-papai-nano-technology-2-mm-5-kg\\\/\"]}]},{\"@type\":\"ImageObject\",\"inLanguage\":\"lv-LV\",\"@id\":\"https:\\\/\\\/miumjau.ee\\\/lv\\\/produkts\\\/tofu-kaku-pakaisi-papai-nano-technology-2-mm-5-kg\\\/#primaryimage\",\"url\":\"https:\\\/\\\/miumjau.ee\\\/wp-content\\\/uploads\\\/2025\\\/10\\\/tofu-kassiliiv-papai1-1.jpg\",\"contentUrl\":\"https:\\\/\\\/miumjau.ee\\\/wp-content\\\/uploads\\\/2025\\\/10\\\/tofu-kassiliiv-papai1-1.jpg\",\"width\":600,\"height\":800,\"caption\":\"Papai tofu kassiliiv\"},{\"@type\":\"BreadcrumbList\",\"@id\":\"https:\\\/\\\/miumjau.ee\\\/lv\\\/produkts\\\/tofu-kaku-pakaisi-papai-nano-technology-2-mm-5-kg\\\/#breadcrumb\",\"itemListElement\":[{\"@type\":\"ListItem\",\"position\":1,\"name\":\"Home\",\"item\":\"https:\\\/\\\/miumjau.ee\\\/lv\\\/\"},{\"@type\":\"ListItem\",\"position\":2,\"name\":\"Veikals\",\"item\":\"https:\\\/\\\/miumjau.ee\\\/lv\\\/veikals\\\/\"},{\"@type\":\"ListItem\",\"position\":3,\"name\":\"Tofu ka\u0137u pakai\u0161i Papai Nano-technology 2 mm, 5 kg\"}]},{\"@type\":\"WebSite\",\"@id\":\"https:\\\/\\\/miumjau.ee\\\/#website\",\"url\":\"https:\\\/\\\/miumjau.ee\\\/\",\"name\":\"MiuMjau\",\"description\":\"Kraapimispuud kassidele\",\"publisher\":{\"@id\":\"https:\\\/\\\/miumjau.ee\\\/#organization\"},\"potentialAction\":[{\"@type\":\"SearchAction\",\"target\":{\"@type\":\"EntryPoint\",\"urlTemplate\":\"https:\\\/\\\/miumjau.ee\\\/?s={search_term_string}\"},\"query-input\":{\"@type\":\"PropertyValueSpecification\",\"valueRequired\":true,\"valueName\":\"search_term_string\"}}],\"inLanguage\":\"lv-LV\"},{\"@type\":\"Organization\",\"@id\":\"https:\\\/\\\/miumjau.ee\\\/#organization\",\"name\":\"MiuMjau O\u00dc\",\"url\":\"https:\\\/\\\/miumjau.ee\\\/\",\"logo\":{\"@type\":\"ImageObject\",\"inLanguage\":\"lv-LV\",\"@id\":\"https:\\\/\\\/miumjau.ee\\\/#\\\/schema\\\/logo\\\/image\\\/\",\"url\":\"https:\\\/\\\/miumjau.ee\\\/wp-content\\\/uploads\\\/2022\\\/04\\\/MiuMjau-logo-kollane.png\",\"contentUrl\":\"https:\\\/\\\/miumjau.ee\\\/wp-content\\\/uploads\\\/2022\\\/04\\\/MiuMjau-logo-kollane.png\",\"width\":219,\"height\":100,\"caption\":\"MiuMjau O\u00dc\"},\"image\":{\"@id\":\"https:\\\/\\\/miumjau.ee\\\/#\\\/schema\\\/logo\\\/image\\\/\"},\"sameAs\":[\"https:\\\/\\\/www.facebook.com\\\/miumjaupood\\\/\"]}]}<\/script>\n<!-- \/ Yoast SEO plugin. -->","yoast_head_json":{"title":"Tofu ka\u0137u pakai\u0161i Papai Nano-technology 2 mm, 5 kg - MiuMjau","robots":{"index":"index","follow":"follow","max-snippet":"max-snippet:-1","max-image-preview":"max-image-preview:large","max-video-preview":"max-video-preview:-1"},"canonical":"https:\/\/miumjau.ee\/lv\/produkts\/tofu-kaku-pakaisi-papai-nano-technology-2-mm-5-kg\/","og_locale":"lv_LV","og_type":"article","og_title":"Tofu ka\u0137u pakai\u0161i Papai Nano-technology 2 mm, 5 kg - MiuMjau","og_description":"Profesion\u0101la arom\u0101tu kontrole, dab\u012bgs dezodorants, ar autentisku antibakteri\u0101lo ka\u0137u pakai\u0161u sertifik\u0101tu. Tofu ka\u0137u pakai\u0161i, kuriem tie\u0161\u0101m var uztic\u0113ties!Papai Nano Antibakteri\u0101lie tofu pakai\u0161i pace\u013c ka\u0137u pakai\u0161u standartu jaun\u0101 l\u012bmen\u012b. Izmantojot nanotehnolo\u0123iju, pakai\u0161iem ir pievienoti antibakteri\u0101li miner\u0101li, kas padara tos patiesi antibakteri\u0101lus. To apstiprina Honkongas STC test\u0113\u0161anas centrs \u2013 antibakteri\u0101l\u0101 efektivit\u0101te p\u0101rsniedz 90%!Tie ne tikai izn\u012bcina bakt\u0113rijas, bet ar\u012b efekt\u012bvi neitraliz\u0113 nepat\u012bkamas smakas. Tas b\u016btiski samazina ka\u0137u saskari ar bakt\u0113rij\u0101m un v\u012brusiem, pal\u012bdz nov\u0113rst ur\u012bnce\u013cu infekcijas un aizsarg\u0101 m\u0101jdz\u012bvnieka vesel\u012bbu un m\u0101jas higi\u0113nu. Profesion\u0101l\u0101 dezodor\u0113jo\u0161\u0101 iedarb\u012bba ir daudz sp\u0113c\u012bg\u0101ka nek\u0101 citiem tofu pakai\u0161iem tirg\u016b. M\u0113s patiesi iesak\u0101m visiem ka\u0137u \u012bpa\u0161niekiem izm\u0113\u0123in\u0101t m\u016bsu inovat\u012bvos pakai\u0161us! Sast\u0101vs: 90% zir\u0146u \u0161\u0137iedru mais\u012bjums (zir\u0146u \u0161\u0137iedras, sojas masas, kukur\u016bzas milti, Nano antibakteri\u0101lie miner\u0101li), gu\u0101ra sve\u0137i un \u016bdens.     K\u0101p\u0113c izv\u0113l\u0113ties Papai ka\u0137u pakai\u0161us? Ar ko tie at\u0161\u0137iras no l\u0113t\u0101kiem tofu pakai\u0161iem?    Ilg\u0101ks kalpo\u0161anas laiks    Var izmantot l\u012bdz p\u0113d\u0113jam graudi\u0146am, nav j\u0101izmet viss saturs t\u012br\u012b\u0161anas laik\u0101    Daudz augst\u0101ka kvalit\u0101te (Tofu pakai\u0161u kvalit\u0101ti nosaka zir\u0146u miltu daudzums) \u2013 Papai tofu satur vismaz 80% zir\u0146u miltus!    Veido stingrus kunku\u013cus    Lieliski uzs\u016bc un neitraliz\u0113 smakas, pateicoties augstv\u0113rt\u012bgam sast\u0101vam    \u0100tr\u0101s uzs\u016bk\u0161an\u0101s d\u0113\u013c ur\u012bna kunku\u013ci nepiel\u012bp kast\u012btes apak\u0161ai \u2014 tie sabl\u012bv\u0113jas jau pirms t\u0101s sasnieg\u0161anas. P\u0101rliecinieties, ka kast\u0113 ir pietiekams pakai\u0161u sl\u0101nis.    Dro\u0161i ar\u012b ka\u0137\u0113niem (neliel\u0101 daudzum\u0101 var nor\u012bt), jo nav pievienoti arom\u0101ti vai citi nev\u0113lami piedevas.      Lieto\u0161anas instrukcija Izb\u0113rt vismaz 5 cm sl\u0101ni tofu ka\u0137u pakai\u0161u kast\u012btes apak\u0161\u0101. Regul\u0101ri no\u0146emt kunku\u013cus. Kad pakai\u0161u l\u012bmenis s\u0101k kristies, papildin\u0101t ar jaunu daudzumu. Nano tehnolo\u0123ij\u0101 balst\u012btus tofu pakai\u0161us nedr\u012bkst sajaukt ar citiem tofu pakai\u0161iem. Izveidotos kunku\u013cus dr\u012bkst izmest tualet\u0113 nelielos daudzumos. Iepakojums: 5 kg \u2014 \u0113rti piepilda ar\u012b liel\u0101ka izm\u0113ra pakai\u0161u kast\u012bti. MiuMjau O\u00dc ir ofici\u0101lais Papai tofu ka\u0137u pakai\u0161u import\u0113t\u0101js un l\u012bdz \u0161im VIEN\u012aGAIS Eirop\u0101. Izmanto iesp\u0113ju un izm\u0113\u0123ini lab\u0101kos tofu ka\u0137u pakai\u0161us!","og_url":"https:\/\/miumjau.ee\/lv\/produkts\/tofu-kaku-pakaisi-papai-nano-technology-2-mm-5-kg\/","og_site_name":"MiuMjau","article_publisher":"https:\/\/www.facebook.com\/miumjaupood\/","article_modified_time":"2026-01-07T19:25:19+00:00","og_image":[{"width":600,"height":800,"url":"https:\/\/miumjau.ee\/wp-content\/uploads\/2025\/10\/tofu-kassiliiv-papai1-1.jpg","type":"image\/jpeg"}],"twitter_card":"summary_large_image","schema":{"@context":"https:\/\/schema.org","@graph":[{"@type":"WebPage","@id":"https:\/\/miumjau.ee\/lv\/produkts\/tofu-kaku-pakaisi-papai-nano-technology-2-mm-5-kg\/","url":"https:\/\/miumjau.ee\/lv\/produkts\/tofu-kaku-pakaisi-papai-nano-technology-2-mm-5-kg\/","name":"Tofu ka\u0137u pakai\u0161i Papai Nano-technology 2 mm, 5 kg - MiuMjau","isPartOf":{"@id":"https:\/\/miumjau.ee\/#website"},"primaryImageOfPage":{"@id":"https:\/\/miumjau.ee\/lv\/produkts\/tofu-kaku-pakaisi-papai-nano-technology-2-mm-5-kg\/#primaryimage"},"image":{"@id":"https:\/\/miumjau.ee\/lv\/produkts\/tofu-kaku-pakaisi-papai-nano-technology-2-mm-5-kg\/#primaryimage"},"thumbnailUrl":"https:\/\/miumjau.ee\/wp-content\/uploads\/2025\/10\/tofu-kassiliiv-papai1-1.jpg","datePublished":"2025-03-21T09:59:36+00:00","dateModified":"2026-01-07T19:25:19+00:00","breadcrumb":{"@id":"https:\/\/miumjau.ee\/lv\/produkts\/tofu-kaku-pakaisi-papai-nano-technology-2-mm-5-kg\/#breadcrumb"},"inLanguage":"lv-LV","potentialAction":[{"@type":"ReadAction","target":["https:\/\/miumjau.ee\/lv\/produkts\/tofu-kaku-pakaisi-papai-nano-technology-2-mm-5-kg\/"]}]},{"@type":"ImageObject","inLanguage":"lv-LV","@id":"https:\/\/miumjau.ee\/lv\/produkts\/tofu-kaku-pakaisi-papai-nano-technology-2-mm-5-kg\/#primaryimage","url":"https:\/\/miumjau.ee\/wp-content\/uploads\/2025\/10\/tofu-kassiliiv-papai1-1.jpg","contentUrl":"https:\/\/miumjau.ee\/wp-content\/uploads\/2025\/10\/tofu-kassiliiv-papai1-1.jpg","width":600,"height":800,"caption":"Papai tofu kassiliiv"},{"@type":"BreadcrumbList","@id":"https:\/\/miumjau.ee\/lv\/produkts\/tofu-kaku-pakaisi-papai-nano-technology-2-mm-5-kg\/#breadcrumb","itemListElement":[{"@type":"ListItem","position":1,"name":"Home","item":"https:\/\/miumjau.ee\/lv\/"},{"@type":"ListItem","position":2,"name":"Veikals","item":"https:\/\/miumjau.ee\/lv\/veikals\/"},{"@type":"ListItem","position":3,"name":"Tofu ka\u0137u pakai\u0161i Papai Nano-technology 2 mm, 5 kg"}]},{"@type":"WebSite","@id":"https:\/\/miumjau.ee\/#website","url":"https:\/\/miumjau.ee\/","name":"MiuMjau","description":"Kraapimispuud kassidele","publisher":{"@id":"https:\/\/miumjau.ee\/#organization"},"potentialAction":[{"@type":"SearchAction","target":{"@type":"EntryPoint","urlTemplate":"https:\/\/miumjau.ee\/?s={search_term_string}"},"query-input":{"@type":"PropertyValueSpecification","valueRequired":true,"valueName":"search_term_string"}}],"inLanguage":"lv-LV"},{"@type":"Organization","@id":"https:\/\/miumjau.ee\/#organization","name":"MiuMjau O\u00dc","url":"https:\/\/miumjau.ee\/","logo":{"@type":"ImageObject","inLanguage":"lv-LV","@id":"https:\/\/miumjau.ee\/#\/schema\/logo\/image\/","url":"https:\/\/miumjau.ee\/wp-content\/uploads\/2022\/04\/MiuMjau-logo-kollane.png","contentUrl":"https:\/\/miumjau.ee\/wp-content\/uploads\/2022\/04\/MiuMjau-logo-kollane.png","width":219,"height":100,"caption":"MiuMjau O\u00dc"},"image":{"@id":"https:\/\/miumjau.ee\/#\/schema\/logo\/image\/"},"sameAs":["https:\/\/www.facebook.com\/miumjaupood\/"]}]}},"_links":{"self":[{"href":"https:\/\/miumjau.ee\/lv\/wp-json\/wp\/v2\/product\/45074","targetHints":{"allow":["GET"]}}],"collection":[{"href":"https:\/\/miumjau.ee\/lv\/wp-json\/wp\/v2\/product"}],"about":[{"href":"https:\/\/miumjau.ee\/lv\/wp-json\/wp\/v2\/types\/product"}],"wp:featuredmedia":[{"embeddable":true,"href":"https:\/\/miumjau.ee\/lv\/wp-json\/wp\/v2\/media\/44979"}],"wp:attachment":[{"href":"https:\/\/miumjau.ee\/lv\/wp-json\/wp\/v2\/media?parent=45074"}],"wp:term":[{"taxonomy":"product_brand","embeddable":true,"href":"https:\/\/miumjau.ee\/lv\/wp-json\/wp\/v2\/product_brand?post=45074"},{"taxonomy":"product_cat","embeddable":true,"href":"https:\/\/miumjau.ee\/lv\/wp-json\/wp\/v2\/product_cat?post=45074"},{"taxonomy":"product_tag","embeddable":true,"href":"https:\/\/miumjau.ee\/lv\/wp-json\/wp\/v2\/product_tag?post=45074"}],"curies":[{"name":"wp","href":"https:\/\/api.w.org\/{rel}","templated":true}]}}