{"id":45073,"date":"2024-07-15T18:25:37","date_gmt":"2024-07-15T15:25:37","guid":{"rendered":"https:\/\/miumjau.ee\/toode\/smaku-neitralizetajs-kaku-pakaisiem-beaphar-multi-fresh\/"},"modified":"2026-01-07T21:25:26","modified_gmt":"2026-01-07T19:25:26","slug":"smaku-neitralizetajs-kaku-pakaisiem-beaphar-multi-fresh","status":"publish","type":"product","link":"https:\/\/miumjau.ee\/lv\/produkts\/smaku-neitralizetajs-kaku-pakaisiem-beaphar-multi-fresh\/","title":{"rendered":"Smaku neitraliz\u0113t\u0101js ka\u0137u pakai\u0161iem Beaphar Multi Fresh"},"content":{"rendered":"","protected":false},"excerpt":{"rendered":"<p data-start=\"880\" data-end=\"1108\">Smaku neitraliz\u0113\u0161anas pulveris ir paredz\u0113ts lieto\u0161anai ka\u0137u pakai\u0161u iek\u0161pus\u0113. Tas likvid\u0113 nepat\u012bkamas smakas un pagarina pakai\u0161u lieto\u0161anas laiku. Pulveris kav\u0113 bakt\u0113riju izplat\u012b\u0161anos, t\u0101d\u0113j\u0101di pal\u0113ninot slikto smaku veido\u0161anos.<\/p>\n<p data-start=\"1110\" data-end=\"1501\"><strong data-start=\"1110\" data-end=\"1137\">Lieto\u0161anas instrukcija:<\/strong><br data-start=\"1137\" data-end=\"1140\" \/>Kad esat iztuk\u0161ojis pakai\u0161u kasti, r\u016bp\u012bgi to izt\u012briet un nosusiniet. Ieb\u0113rt pietiekamu daudzumu jaunu pakai\u0161u un sajaukt ar smaku neitraliz\u0113t\u0101ju. Var pievienot ar\u012b lieto\u0161anas laik\u0101 p\u0113c nepiecie\u0161am\u012bbas, atkar\u012bb\u0101 no pakai\u0161u st\u0101vok\u013ca. Vienas iepakojuma pietiek l\u012bdz pat 20 reiz\u0113m (apm\u0113ram 3 m\u0113ne\u0161iem). Der\u012bgs lieto\u0161anai ar jebkura veida ka\u0137u pakai\u0161iem un ir dro\u0161s.<\/p>\n<p data-start=\"1503\" data-end=\"1558\"><strong data-start=\"1503\" data-end=\"1516\">Daudzums:<\/strong> 400 g<br data-start=\"1522\" data-end=\"1525\" \/><strong data-start=\"1525\" data-end=\"1538\">Ra\u017eot\u0101js:<\/strong> Beaphar, N\u012bderlande<\/p>\n","protected":false},"featured_media":45072,"template":"","meta":[],"product_brand":[],"product_cat":[563,565],"product_tag":[],"class_list":{"0":"post-45073","1":"product","2":"type-product","3":"status-publish","4":"has-post-thumbnail","6":"product_cat-kaku-tualetes-smiltis","7":"product_cat-odu-un-smaku-kontrole","9":"first","10":"instock","11":"taxable","12":"shipping-taxable","13":"purchasable","14":"product-type-simple"},"yoast_head":"<!-- This site is optimized with the Yoast SEO plugin v27.2 - https:\/\/yoast.com\/product\/yoast-seo-wordpress\/ -->\n<title>Smaku neitraliz\u0113t\u0101js ka\u0137u pakai\u0161iem Beaphar Multi Fresh - MiuMjau<\/title>\n<meta name=\"robots\" content=\"index, follow, max-snippet:-1, max-image-preview:large, max-video-preview:-1\" \/>\n<link rel=\"canonical\" href=\"https:\/\/miumjau.ee\/lv\/produkts\/smaku-neitralizetajs-kaku-pakaisiem-beaphar-multi-fresh\/\" \/>\n<meta property=\"og:locale\" content=\"lv_LV\" \/>\n<meta property=\"og:type\" content=\"article\" \/>\n<meta property=\"og:title\" content=\"Smaku neitraliz\u0113t\u0101js ka\u0137u pakai\u0161iem Beaphar Multi Fresh - MiuMjau\" \/>\n<meta property=\"og:description\" content=\"Smaku neitraliz\u0113\u0161anas pulveris ir paredz\u0113ts lieto\u0161anai ka\u0137u pakai\u0161u iek\u0161pus\u0113. Tas likvid\u0113 nepat\u012bkamas smakas un pagarina pakai\u0161u lieto\u0161anas laiku. Pulveris kav\u0113 bakt\u0113riju izplat\u012b\u0161anos, t\u0101d\u0113j\u0101di pal\u0113ninot slikto smaku veido\u0161anos. Lieto\u0161anas instrukcija:Kad esat iztuk\u0161ojis pakai\u0161u kasti, r\u016bp\u012bgi to izt\u012briet un nosusiniet. Ieb\u0113rt pietiekamu daudzumu jaunu pakai\u0161u un sajaukt ar smaku neitraliz\u0113t\u0101ju. Var pievienot ar\u012b lieto\u0161anas laik\u0101 p\u0113c nepiecie\u0161am\u012bbas, atkar\u012bb\u0101 no pakai\u0161u st\u0101vok\u013ca. Vienas iepakojuma pietiek l\u012bdz pat 20 reiz\u0113m (apm\u0113ram 3 m\u0113ne\u0161iem). Der\u012bgs lieto\u0161anai ar jebkura veida ka\u0137u pakai\u0161iem un ir dro\u0161s. Daudzums: 400 gRa\u017eot\u0101js: Beaphar, N\u012bderlande\" \/>\n<meta property=\"og:url\" content=\"https:\/\/miumjau.ee\/lv\/produkts\/smaku-neitralizetajs-kaku-pakaisiem-beaphar-multi-fresh\/\" \/>\n<meta property=\"og:site_name\" content=\"MiuMjau\" \/>\n<meta property=\"article:publisher\" content=\"https:\/\/www.facebook.com\/miumjaupood\/\" \/>\n<meta property=\"article:modified_time\" content=\"2026-01-07T19:25:26+00:00\" \/>\n<meta property=\"og:image\" content=\"https:\/\/miumjau.ee\/wp-content\/uploads\/2024\/07\/lohnade-eemaldaja-beaphar-multifresh3.jpg\" \/>\n\t<meta property=\"og:image:width\" content=\"600\" \/>\n\t<meta property=\"og:image:height\" content=\"800\" \/>\n\t<meta property=\"og:image:type\" content=\"image\/jpeg\" \/>\n<meta name=\"twitter:card\" content=\"summary_large_image\" \/>\n<script type=\"application\/ld+json\" class=\"yoast-schema-graph\">{\"@context\":\"https:\/\/schema.org\",\"@graph\":[{\"@type\":\"WebPage\",\"@id\":\"https:\/\/miumjau.ee\/lv\/produkts\/smaku-neitralizetajs-kaku-pakaisiem-beaphar-multi-fresh\/\",\"url\":\"https:\/\/miumjau.ee\/lv\/produkts\/smaku-neitralizetajs-kaku-pakaisiem-beaphar-multi-fresh\/\",\"name\":\"Smaku neitraliz\u0113t\u0101js ka\u0137u pakai\u0161iem Beaphar Multi Fresh - MiuMjau\",\"isPartOf\":{\"@id\":\"https:\/\/miumjau.ee\/#website\"},\"primaryImageOfPage\":{\"@id\":\"https:\/\/miumjau.ee\/lv\/produkts\/smaku-neitralizetajs-kaku-pakaisiem-beaphar-multi-fresh\/#primaryimage\"},\"image\":{\"@id\":\"https:\/\/miumjau.ee\/lv\/produkts\/smaku-neitralizetajs-kaku-pakaisiem-beaphar-multi-fresh\/#primaryimage\"},\"thumbnailUrl\":\"https:\/\/miumjau.ee\/wp-content\/uploads\/2024\/07\/lohnade-eemaldaja-beaphar-multifresh3.jpg\",\"datePublished\":\"2024-07-15T15:25:37+00:00\",\"dateModified\":\"2026-01-07T19:25:26+00:00\",\"breadcrumb\":{\"@id\":\"https:\/\/miumjau.ee\/lv\/produkts\/smaku-neitralizetajs-kaku-pakaisiem-beaphar-multi-fresh\/#breadcrumb\"},\"inLanguage\":\"lv-LV\",\"potentialAction\":[{\"@type\":\"ReadAction\",\"target\":[\"https:\/\/miumjau.ee\/lv\/produkts\/smaku-neitralizetajs-kaku-pakaisiem-beaphar-multi-fresh\/\"]}]},{\"@type\":\"ImageObject\",\"inLanguage\":\"lv-LV\",\"@id\":\"https:\/\/miumjau.ee\/lv\/produkts\/smaku-neitralizetajs-kaku-pakaisiem-beaphar-multi-fresh\/#primaryimage\",\"url\":\"https:\/\/miumjau.ee\/wp-content\/uploads\/2024\/07\/lohnade-eemaldaja-beaphar-multifresh3.jpg\",\"contentUrl\":\"https:\/\/miumjau.ee\/wp-content\/uploads\/2024\/07\/lohnade-eemaldaja-beaphar-multifresh3.jpg\",\"width\":600,\"height\":800},{\"@type\":\"BreadcrumbList\",\"@id\":\"https:\/\/miumjau.ee\/lv\/produkts\/smaku-neitralizetajs-kaku-pakaisiem-beaphar-multi-fresh\/#breadcrumb\",\"itemListElement\":[{\"@type\":\"ListItem\",\"position\":1,\"name\":\"Home\",\"item\":\"https:\/\/miumjau.ee\/lv\/\"},{\"@type\":\"ListItem\",\"position\":2,\"name\":\"Veikals\",\"item\":\"https:\/\/miumjau.ee\/lv\/veikals\/\"},{\"@type\":\"ListItem\",\"position\":3,\"name\":\"Smaku neitraliz\u0113t\u0101js ka\u0137u pakai\u0161iem Beaphar Multi Fresh\"}]},{\"@type\":\"WebSite\",\"@id\":\"https:\/\/miumjau.ee\/#website\",\"url\":\"https:\/\/miumjau.ee\/\",\"name\":\"MiuMjau\",\"description\":\"Kraapimispuud kassidele\",\"publisher\":{\"@id\":\"https:\/\/miumjau.ee\/#organization\"},\"potentialAction\":[{\"@type\":\"SearchAction\",\"target\":{\"@type\":\"EntryPoint\",\"urlTemplate\":\"https:\/\/miumjau.ee\/?s={search_term_string}\"},\"query-input\":{\"@type\":\"PropertyValueSpecification\",\"valueRequired\":true,\"valueName\":\"search_term_string\"}}],\"inLanguage\":\"lv-LV\"},{\"@type\":\"Organization\",\"@id\":\"https:\/\/miumjau.ee\/#organization\",\"name\":\"MiuMjau O\u00dc\",\"url\":\"https:\/\/miumjau.ee\/\",\"logo\":{\"@type\":\"ImageObject\",\"inLanguage\":\"lv-LV\",\"@id\":\"https:\/\/miumjau.ee\/#\/schema\/logo\/image\/\",\"url\":\"https:\/\/miumjau.ee\/wp-content\/uploads\/2022\/04\/MiuMjau-logo-kollane.png\",\"contentUrl\":\"https:\/\/miumjau.ee\/wp-content\/uploads\/2022\/04\/MiuMjau-logo-kollane.png\",\"width\":219,\"height\":100,\"caption\":\"MiuMjau O\u00dc\"},\"image\":{\"@id\":\"https:\/\/miumjau.ee\/#\/schema\/logo\/image\/\"},\"sameAs\":[\"https:\/\/www.facebook.com\/miumjaupood\/\"]}]}<\/script>\n<!-- \/ Yoast SEO plugin. -->","yoast_head_json":{"title":"Smaku neitraliz\u0113t\u0101js ka\u0137u pakai\u0161iem Beaphar Multi Fresh - MiuMjau","robots":{"index":"index","follow":"follow","max-snippet":"max-snippet:-1","max-image-preview":"max-image-preview:large","max-video-preview":"max-video-preview:-1"},"canonical":"https:\/\/miumjau.ee\/lv\/produkts\/smaku-neitralizetajs-kaku-pakaisiem-beaphar-multi-fresh\/","og_locale":"lv_LV","og_type":"article","og_title":"Smaku neitraliz\u0113t\u0101js ka\u0137u pakai\u0161iem Beaphar Multi Fresh - MiuMjau","og_description":"Smaku neitraliz\u0113\u0161anas pulveris ir paredz\u0113ts lieto\u0161anai ka\u0137u pakai\u0161u iek\u0161pus\u0113. Tas likvid\u0113 nepat\u012bkamas smakas un pagarina pakai\u0161u lieto\u0161anas laiku. Pulveris kav\u0113 bakt\u0113riju izplat\u012b\u0161anos, t\u0101d\u0113j\u0101di pal\u0113ninot slikto smaku veido\u0161anos. Lieto\u0161anas instrukcija:Kad esat iztuk\u0161ojis pakai\u0161u kasti, r\u016bp\u012bgi to izt\u012briet un nosusiniet. Ieb\u0113rt pietiekamu daudzumu jaunu pakai\u0161u un sajaukt ar smaku neitraliz\u0113t\u0101ju. Var pievienot ar\u012b lieto\u0161anas laik\u0101 p\u0113c nepiecie\u0161am\u012bbas, atkar\u012bb\u0101 no pakai\u0161u st\u0101vok\u013ca. Vienas iepakojuma pietiek l\u012bdz pat 20 reiz\u0113m (apm\u0113ram 3 m\u0113ne\u0161iem). Der\u012bgs lieto\u0161anai ar jebkura veida ka\u0137u pakai\u0161iem un ir dro\u0161s. Daudzums: 400 gRa\u017eot\u0101js: Beaphar, N\u012bderlande","og_url":"https:\/\/miumjau.ee\/lv\/produkts\/smaku-neitralizetajs-kaku-pakaisiem-beaphar-multi-fresh\/","og_site_name":"MiuMjau","article_publisher":"https:\/\/www.facebook.com\/miumjaupood\/","article_modified_time":"2026-01-07T19:25:26+00:00","og_image":[{"width":600,"height":800,"url":"https:\/\/miumjau.ee\/wp-content\/uploads\/2024\/07\/lohnade-eemaldaja-beaphar-multifresh3.jpg","type":"image\/jpeg"}],"twitter_card":"summary_large_image","schema":{"@context":"https:\/\/schema.org","@graph":[{"@type":"WebPage","@id":"https:\/\/miumjau.ee\/lv\/produkts\/smaku-neitralizetajs-kaku-pakaisiem-beaphar-multi-fresh\/","url":"https:\/\/miumjau.ee\/lv\/produkts\/smaku-neitralizetajs-kaku-pakaisiem-beaphar-multi-fresh\/","name":"Smaku neitraliz\u0113t\u0101js ka\u0137u pakai\u0161iem Beaphar Multi Fresh - MiuMjau","isPartOf":{"@id":"https:\/\/miumjau.ee\/#website"},"primaryImageOfPage":{"@id":"https:\/\/miumjau.ee\/lv\/produkts\/smaku-neitralizetajs-kaku-pakaisiem-beaphar-multi-fresh\/#primaryimage"},"image":{"@id":"https:\/\/miumjau.ee\/lv\/produkts\/smaku-neitralizetajs-kaku-pakaisiem-beaphar-multi-fresh\/#primaryimage"},"thumbnailUrl":"https:\/\/miumjau.ee\/wp-content\/uploads\/2024\/07\/lohnade-eemaldaja-beaphar-multifresh3.jpg","datePublished":"2024-07-15T15:25:37+00:00","dateModified":"2026-01-07T19:25:26+00:00","breadcrumb":{"@id":"https:\/\/miumjau.ee\/lv\/produkts\/smaku-neitralizetajs-kaku-pakaisiem-beaphar-multi-fresh\/#breadcrumb"},"inLanguage":"lv-LV","potentialAction":[{"@type":"ReadAction","target":["https:\/\/miumjau.ee\/lv\/produkts\/smaku-neitralizetajs-kaku-pakaisiem-beaphar-multi-fresh\/"]}]},{"@type":"ImageObject","inLanguage":"lv-LV","@id":"https:\/\/miumjau.ee\/lv\/produkts\/smaku-neitralizetajs-kaku-pakaisiem-beaphar-multi-fresh\/#primaryimage","url":"https:\/\/miumjau.ee\/wp-content\/uploads\/2024\/07\/lohnade-eemaldaja-beaphar-multifresh3.jpg","contentUrl":"https:\/\/miumjau.ee\/wp-content\/uploads\/2024\/07\/lohnade-eemaldaja-beaphar-multifresh3.jpg","width":600,"height":800},{"@type":"BreadcrumbList","@id":"https:\/\/miumjau.ee\/lv\/produkts\/smaku-neitralizetajs-kaku-pakaisiem-beaphar-multi-fresh\/#breadcrumb","itemListElement":[{"@type":"ListItem","position":1,"name":"Home","item":"https:\/\/miumjau.ee\/lv\/"},{"@type":"ListItem","position":2,"name":"Veikals","item":"https:\/\/miumjau.ee\/lv\/veikals\/"},{"@type":"ListItem","position":3,"name":"Smaku neitraliz\u0113t\u0101js ka\u0137u pakai\u0161iem Beaphar Multi Fresh"}]},{"@type":"WebSite","@id":"https:\/\/miumjau.ee\/#website","url":"https:\/\/miumjau.ee\/","name":"MiuMjau","description":"Kraapimispuud kassidele","publisher":{"@id":"https:\/\/miumjau.ee\/#organization"},"potentialAction":[{"@type":"SearchAction","target":{"@type":"EntryPoint","urlTemplate":"https:\/\/miumjau.ee\/?s={search_term_string}"},"query-input":{"@type":"PropertyValueSpecification","valueRequired":true,"valueName":"search_term_string"}}],"inLanguage":"lv-LV"},{"@type":"Organization","@id":"https:\/\/miumjau.ee\/#organization","name":"MiuMjau O\u00dc","url":"https:\/\/miumjau.ee\/","logo":{"@type":"ImageObject","inLanguage":"lv-LV","@id":"https:\/\/miumjau.ee\/#\/schema\/logo\/image\/","url":"https:\/\/miumjau.ee\/wp-content\/uploads\/2022\/04\/MiuMjau-logo-kollane.png","contentUrl":"https:\/\/miumjau.ee\/wp-content\/uploads\/2022\/04\/MiuMjau-logo-kollane.png","width":219,"height":100,"caption":"MiuMjau O\u00dc"},"image":{"@id":"https:\/\/miumjau.ee\/#\/schema\/logo\/image\/"},"sameAs":["https:\/\/www.facebook.com\/miumjaupood\/"]}]}},"_links":{"self":[{"href":"https:\/\/miumjau.ee\/lv\/wp-json\/wp\/v2\/product\/45073","targetHints":{"allow":["GET"]}}],"collection":[{"href":"https:\/\/miumjau.ee\/lv\/wp-json\/wp\/v2\/product"}],"about":[{"href":"https:\/\/miumjau.ee\/lv\/wp-json\/wp\/v2\/types\/product"}],"wp:featuredmedia":[{"embeddable":true,"href":"https:\/\/miumjau.ee\/lv\/wp-json\/wp\/v2\/media\/45072"}],"wp:attachment":[{"href":"https:\/\/miumjau.ee\/lv\/wp-json\/wp\/v2\/media?parent=45073"}],"wp:term":[{"taxonomy":"product_brand","embeddable":true,"href":"https:\/\/miumjau.ee\/lv\/wp-json\/wp\/v2\/product_brand?post=45073"},{"taxonomy":"product_cat","embeddable":true,"href":"https:\/\/miumjau.ee\/lv\/wp-json\/wp\/v2\/product_cat?post=45073"},{"taxonomy":"product_tag","embeddable":true,"href":"https:\/\/miumjau.ee\/lv\/wp-json\/wp\/v2\/product_tag?post=45073"}],"curies":[{"name":"wp","href":"https:\/\/api.w.org\/{rel}","templated":true}]}}